{"id":57645,"date":"2025-07-30T11:38:41","date_gmt":"2025-07-30T08:38:41","guid":{"rendered":"https:\/\/reginett.ee\/?post_type=product&#038;p=57645"},"modified":"2025-08-01T11:01:36","modified_gmt":"2025-08-01T08:01:36","slug":"saasepeletaja-thermacell-halo-mini-valge","status":"publish","type":"product","link":"https:\/\/reginett.ee\/ru\/toode\/saasepeletaja-thermacell-halo-mini-valge\/","title":{"rendered":"S\u00e4\u00e4sepeletaja Thermacell Halo Mini valge"},"content":{"rendered":"<p class=\"p1\"><strong>S\u00e4\u00e4sepeletaja Thermacell Halo Mini <\/strong>t\u00f5rjub s\u00e4\u00e4ski t\u00f5husalt, tekitades enda \u00fcmber 21 m\u00b2 suuruse kaitsev\u00f6\u00f6ndi. See kompaktne, kergesti kasutatav ja kena seade n\u00e4eb hea v\u00e4lja mis tahes terrassil ja r\u00f5dul ning peletab t\u00fc\u00fctud s\u00e4\u00e4sed enne, kui need kohalviibijaid hammustama ja h\u00e4irima j\u00f5uavad tulla.<\/p>\n<p>S\u00e4\u00e4sepeleti Halo Mini on elegantselt valget v\u00e4rvi.<\/p>\n<ul>\n<li>Thermacelli gaasil p\u00f5hinev, end t\u00f5estanud tehnoloogia on saanud kompaktse ja stiilse vormi, mis sobib ideaalselt terrassidele, katusealustele jm<\/li>\n<li>Ideaalne kasutamiseks \u00f5htustel koosviibimistel.<\/li>\n<li>Ei mingit avatud leeki ega suitsevaid k\u00fc\u00fcnlaid<\/li>\n<li>Sees kohad varuplaatide hoiustamiseks<\/li>\n<\/ul>\n","protected":false},"excerpt":{"rendered":"<p><strong>S\u00e4\u00e4sepeletaja Thermacell Halo Mini <\/strong>t\u00f5rjub s\u00e4\u00e4ski t\u00f5husalt, tekitades enda \u00fcmber 21 m\u00b2 suuruse kaitsev\u00f6\u00f6ndi. See kompaktne, kergesti kasutatav ja kena seade n\u00e4eb hea v\u00e4lja mis tahes terrassil ja r\u00f5dul ning peletab t\u00fc\u00fctud s\u00e4\u00e4sed enne, kui need kohalviibijaid hammustama ja h\u00e4irima j\u00f5uavad tulla.<\/p>\n","protected":false},"featured_media":57650,"comment_status":"open","ping_status":"closed","template":"","meta":{"_acf_changed":false,"_et_pb_use_builder":"","_et_pb_old_content":"","_et_gb_content_width":"","inline_featured_image":false},"pwb-brand":[],"product_brand":[],"product_cat":[480,478,48,134,28,27],"product_tag":[286],"class_list":{"0":"post-57645","1":"product","2":"type-product","3":"status-publish","4":"has-post-thumbnail","6":"product_cat-aiatoo","7":"product_cat-vaba-aeg","8":"product_cat-akutooted","9":"product_cat-eripakkumised","10":"product_cat-puhastustehnika","11":"product_cat-tooriistad-ja-tarvikud","12":"product_tag-saasepeletaja","14":"first","15":"instock","16":"sale","17":"shipping-taxable","18":"purchasable","19":"product-type-simple"},"acf":[],"yoast_head":"<!-- This site is optimized with the Yoast SEO plugin v26.6 - https:\/\/yoast.com\/wordpress\/plugins\/seo\/ -->\n<title>S\u00e4\u00e4sepeletaja Thermacell Halo Mini valge. Efektiivsed s\u00e4\u00e4sepeletid<\/title>\n<meta name=\"description\" content=\"S\u00e4\u00e4sepeletaja Thermacell Halo Mini t\u00f5rjub s\u00e4\u00e4ski t\u00f5husalt, tekitades enda \u00fcmber 21 m\u00b2 suuruse kaitsev\u00f6\u00f6ndi. See kompaktne, kergesti\" \/>\n<meta name=\"robots\" content=\"index, follow, max-snippet:-1, max-image-preview:large, max-video-preview:-1\" \/>\n<link rel=\"canonical\" href=\"https:\/\/reginett.ee\/toode\/saasepeletaja-thermacell-halo-mini-valge\/\" \/>\n<meta property=\"og:locale\" content=\"ru_RU\" \/>\n<meta property=\"og:type\" content=\"article\" \/>\n<meta property=\"og:title\" content=\"S\u00e4\u00e4sepeletaja Thermacell Halo Mini valge. Efektiivsed s\u00e4\u00e4sepeletid\" \/>\n<meta property=\"og:description\" content=\"S\u00e4\u00e4sepeletaja Thermacell Halo Mini t\u00f5rjub s\u00e4\u00e4ski t\u00f5husalt, tekitades enda \u00fcmber 21 m\u00b2 suuruse kaitsev\u00f6\u00f6ndi. See kompaktne, kergesti\" \/>\n<meta property=\"og:url\" content=\"https:\/\/reginett.ee\/toode\/saasepeletaja-thermacell-halo-mini-valge\/\" \/>\n<meta property=\"og:site_name\" content=\"Reginett\" \/>\n<meta property=\"article:modified_time\" content=\"2025-08-01T08:01:36+00:00\" \/>\n<meta property=\"og:image\" content=\"https:\/\/reginett.ee\/wp-content\/uploads\/2022\/05\/Saasepeletaja-Thermacell-Halo-Mini-valge..jpg\" \/>\n\t<meta property=\"og:image:width\" content=\"680\" \/>\n\t<meta property=\"og:image:height\" content=\"372\" \/>\n\t<meta property=\"og:image:type\" content=\"image\/jpeg\" \/>\n<meta name=\"twitter:card\" content=\"summary_large_image\" \/>\n<script type=\"application\/ld+json\" class=\"yoast-schema-graph\">{\"@context\":\"https:\/\/schema.org\",\"@graph\":[{\"@type\":\"WebPage\",\"@id\":\"https:\/\/reginett.ee\/toode\/saasepeletaja-thermacell-halo-mini-valge\/\",\"url\":\"https:\/\/reginett.ee\/toode\/saasepeletaja-thermacell-halo-mini-valge\/\",\"name\":\"S\u00e4\u00e4sepeletaja Thermacell Halo Mini valge. Efektiivsed s\u00e4\u00e4sepeletid\",\"isPartOf\":{\"@id\":\"https:\/\/reginett.ee\/#website\"},\"primaryImageOfPage\":{\"@id\":\"https:\/\/reginett.ee\/toode\/saasepeletaja-thermacell-halo-mini-valge\/#primaryimage\"},\"image\":{\"@id\":\"https:\/\/reginett.ee\/toode\/saasepeletaja-thermacell-halo-mini-valge\/#primaryimage\"},\"thumbnailUrl\":\"https:\/\/reginett.ee\/wp-content\/uploads\/2022\/05\/Saasepeletaja-Thermacell-Halo-Mini-valge..jpg\",\"datePublished\":\"2025-07-30T08:38:41+00:00\",\"dateModified\":\"2025-08-01T08:01:36+00:00\",\"description\":\"S\u00e4\u00e4sepeletaja Thermacell Halo Mini t\u00f5rjub s\u00e4\u00e4ski t\u00f5husalt, tekitades enda \u00fcmber 21 m\u00b2 suuruse kaitsev\u00f6\u00f6ndi. See kompaktne, kergesti\",\"breadcrumb\":{\"@id\":\"https:\/\/reginett.ee\/toode\/saasepeletaja-thermacell-halo-mini-valge\/#breadcrumb\"},\"inLanguage\":\"ru-RU\",\"potentialAction\":[{\"@type\":\"ReadAction\",\"target\":[\"https:\/\/reginett.ee\/toode\/saasepeletaja-thermacell-halo-mini-valge\/\"]}]},{\"@type\":\"ImageObject\",\"inLanguage\":\"ru-RU\",\"@id\":\"https:\/\/reginett.ee\/toode\/saasepeletaja-thermacell-halo-mini-valge\/#primaryimage\",\"url\":\"https:\/\/reginett.ee\/wp-content\/uploads\/2022\/05\/Saasepeletaja-Thermacell-Halo-Mini-valge..jpg\",\"contentUrl\":\"https:\/\/reginett.ee\/wp-content\/uploads\/2022\/05\/Saasepeletaja-Thermacell-Halo-Mini-valge..jpg\",\"width\":680,\"height\":372,\"caption\":\"S\u00e4\u00e4sepeletaja Thermacell halo mini\"},{\"@type\":\"BreadcrumbList\",\"@id\":\"https:\/\/reginett.ee\/toode\/saasepeletaja-thermacell-halo-mini-valge\/#breadcrumb\",\"itemListElement\":[{\"@type\":\"ListItem\",\"position\":1,\"name\":\"Home\",\"item\":\"https:\/\/reginett.ee\/ru\/\"},{\"@type\":\"ListItem\",\"position\":2,\"name\":\"Tooted\",\"item\":\"https:\/\/reginett.ee\/tooted\/\"},{\"@type\":\"ListItem\",\"position\":3,\"name\":\"S\u00e4\u00e4sepeletaja Thermacell Halo Mini valge\"}]},{\"@type\":\"WebSite\",\"@id\":\"https:\/\/reginett.ee\/#website\",\"url\":\"https:\/\/reginett.ee\/\",\"name\":\"Reginett\",\"description\":\"Parimad robotniidukid\",\"potentialAction\":[{\"@type\":\"SearchAction\",\"target\":{\"@type\":\"EntryPoint\",\"urlTemplate\":\"https:\/\/reginett.ee\/?s={search_term_string}\"},\"query-input\":{\"@type\":\"PropertyValueSpecification\",\"valueRequired\":true,\"valueName\":\"search_term_string\"}}],\"inLanguage\":\"ru-RU\"}]}<\/script>\n<!-- \/ Yoast SEO plugin. -->","yoast_head_json":{"title":"S\u00e4\u00e4sepeletaja Thermacell Halo Mini valge. Efektiivsed s\u00e4\u00e4sepeletid","description":"S\u00e4\u00e4sepeletaja Thermacell Halo Mini t\u00f5rjub s\u00e4\u00e4ski t\u00f5husalt, tekitades enda \u00fcmber 21 m\u00b2 suuruse kaitsev\u00f6\u00f6ndi. See kompaktne, kergesti","robots":{"index":"index","follow":"follow","max-snippet":"max-snippet:-1","max-image-preview":"max-image-preview:large","max-video-preview":"max-video-preview:-1"},"canonical":"https:\/\/reginett.ee\/toode\/saasepeletaja-thermacell-halo-mini-valge\/","og_locale":"ru_RU","og_type":"article","og_title":"S\u00e4\u00e4sepeletaja Thermacell Halo Mini valge. Efektiivsed s\u00e4\u00e4sepeletid","og_description":"S\u00e4\u00e4sepeletaja Thermacell Halo Mini t\u00f5rjub s\u00e4\u00e4ski t\u00f5husalt, tekitades enda \u00fcmber 21 m\u00b2 suuruse kaitsev\u00f6\u00f6ndi. See kompaktne, kergesti","og_url":"https:\/\/reginett.ee\/toode\/saasepeletaja-thermacell-halo-mini-valge\/","og_site_name":"Reginett","article_modified_time":"2025-08-01T08:01:36+00:00","og_image":[{"width":680,"height":372,"url":"https:\/\/reginett.ee\/wp-content\/uploads\/2022\/05\/Saasepeletaja-Thermacell-Halo-Mini-valge..jpg","type":"image\/jpeg"}],"twitter_card":"summary_large_image","schema":{"@context":"https:\/\/schema.org","@graph":[{"@type":"WebPage","@id":"https:\/\/reginett.ee\/toode\/saasepeletaja-thermacell-halo-mini-valge\/","url":"https:\/\/reginett.ee\/toode\/saasepeletaja-thermacell-halo-mini-valge\/","name":"S\u00e4\u00e4sepeletaja Thermacell Halo Mini valge. Efektiivsed s\u00e4\u00e4sepeletid","isPartOf":{"@id":"https:\/\/reginett.ee\/#website"},"primaryImageOfPage":{"@id":"https:\/\/reginett.ee\/toode\/saasepeletaja-thermacell-halo-mini-valge\/#primaryimage"},"image":{"@id":"https:\/\/reginett.ee\/toode\/saasepeletaja-thermacell-halo-mini-valge\/#primaryimage"},"thumbnailUrl":"https:\/\/reginett.ee\/wp-content\/uploads\/2022\/05\/Saasepeletaja-Thermacell-Halo-Mini-valge..jpg","datePublished":"2025-07-30T08:38:41+00:00","dateModified":"2025-08-01T08:01:36+00:00","description":"S\u00e4\u00e4sepeletaja Thermacell Halo Mini t\u00f5rjub s\u00e4\u00e4ski t\u00f5husalt, tekitades enda \u00fcmber 21 m\u00b2 suuruse kaitsev\u00f6\u00f6ndi. See kompaktne, kergesti","breadcrumb":{"@id":"https:\/\/reginett.ee\/toode\/saasepeletaja-thermacell-halo-mini-valge\/#breadcrumb"},"inLanguage":"ru-RU","potentialAction":[{"@type":"ReadAction","target":["https:\/\/reginett.ee\/toode\/saasepeletaja-thermacell-halo-mini-valge\/"]}]},{"@type":"ImageObject","inLanguage":"ru-RU","@id":"https:\/\/reginett.ee\/toode\/saasepeletaja-thermacell-halo-mini-valge\/#primaryimage","url":"https:\/\/reginett.ee\/wp-content\/uploads\/2022\/05\/Saasepeletaja-Thermacell-Halo-Mini-valge..jpg","contentUrl":"https:\/\/reginett.ee\/wp-content\/uploads\/2022\/05\/Saasepeletaja-Thermacell-Halo-Mini-valge..jpg","width":680,"height":372,"caption":"S\u00e4\u00e4sepeletaja Thermacell halo mini"},{"@type":"BreadcrumbList","@id":"https:\/\/reginett.ee\/toode\/saasepeletaja-thermacell-halo-mini-valge\/#breadcrumb","itemListElement":[{"@type":"ListItem","position":1,"name":"Home","item":"https:\/\/reginett.ee\/ru\/"},{"@type":"ListItem","position":2,"name":"Tooted","item":"https:\/\/reginett.ee\/tooted\/"},{"@type":"ListItem","position":3,"name":"S\u00e4\u00e4sepeletaja Thermacell Halo Mini valge"}]},{"@type":"WebSite","@id":"https:\/\/reginett.ee\/#website","url":"https:\/\/reginett.ee\/","name":"Reginett","description":"Parimad robotniidukid","potentialAction":[{"@type":"SearchAction","target":{"@type":"EntryPoint","urlTemplate":"https:\/\/reginett.ee\/?s={search_term_string}"},"query-input":{"@type":"PropertyValueSpecification","valueRequired":true,"valueName":"search_term_string"}}],"inLanguage":"ru-RU"}]}},"brands":[],"_links":{"self":[{"href":"https:\/\/reginett.ee\/ru\/wp-json\/wp\/v2\/product\/57645","targetHints":{"allow":["GET"]}}],"collection":[{"href":"https:\/\/reginett.ee\/ru\/wp-json\/wp\/v2\/product"}],"about":[{"href":"https:\/\/reginett.ee\/ru\/wp-json\/wp\/v2\/types\/product"}],"replies":[{"embeddable":true,"href":"https:\/\/reginett.ee\/ru\/wp-json\/wp\/v2\/comments?post=57645"}],"wp:featuredmedia":[{"embeddable":true,"href":"https:\/\/reginett.ee\/ru\/wp-json\/wp\/v2\/media\/57650"}],"wp:attachment":[{"href":"https:\/\/reginett.ee\/ru\/wp-json\/wp\/v2\/media?parent=57645"}],"wp:term":[{"taxonomy":"pwb-brand","embeddable":true,"href":"https:\/\/reginett.ee\/ru\/wp-json\/wp\/v2\/pwb-brand?post=57645"},{"taxonomy":"product_brand","embeddable":true,"href":"https:\/\/reginett.ee\/ru\/wp-json\/wp\/v2\/product_brand?post=57645"},{"taxonomy":"product_cat","embeddable":true,"href":"https:\/\/reginett.ee\/ru\/wp-json\/wp\/v2\/product_cat?post=57645"},{"taxonomy":"product_tag","embeddable":true,"href":"https:\/\/reginett.ee\/ru\/wp-json\/wp\/v2\/product_tag?post=57645"}],"curies":[{"name":"wp","href":"https:\/\/api.w.org\/{rel}","templated":true}]}}