{"id":57452,"date":"2024-04-17T15:48:57","date_gmt":"2024-04-17T12:48:57","guid":{"rendered":"https:\/\/reginett.ee\/?post_type=product&#038;p=57452"},"modified":"2024-12-10T11:35:05","modified_gmt":"2024-12-10T08:35:05","slug":"robotniiduk-gardena-smart-sileno-city-500-m%c2%b2-lona","status":"publish","type":"product","link":"https:\/\/reginett.ee\/ru\/toode\/robotniiduk-gardena-smart-sileno-city-500-m%c2%b2-lona\/","title":{"rendered":"Robotniiduk GARDENA smart SILENO city 500 m\u00b2 LONA"},"content":{"rendered":"<div class=\"feature-description\">\n<p>Robotniiduk Gardena smart SILENO city 500m2 masin on nutikas lahendus sinu v\u00e4ikesesse koduaeda.<\/p>\n<h4 class=\"feature-item-headline image-hidden\">Intelligentne LONA tehnoloogia<\/h4>\n<p class=\"feature-item-text\">LONA on tehisintellektil p\u00f5hinev tehnoloogia, mis \u00f5pib tundma, kaardistab ja pakub rakendusi aiaalade haldamiseks. T\u00e4nu GARDENA smart s\u00fcsteemi rakenduses saadaolevale ZoneManagement tsoonihalduse funktsioonile on v\u00f5imalik lihtsalt m\u00e4\u00e4rata, milliseid alasid, millal, kui sageli ja millise intensiivsusega niita tuleks. Area Protect v\u00f5imaldab m\u00e4\u00e4rata niitmiskeelualad. Niiduki asukohta saab igal ajal reaalajas j\u00e4lgida. GARDENA smart rakenduse v\u00e4rskenduste osana areneb LONA pidevalt ja aja jooksul tehakse k\u00e4ttesaadavaks uued funktsioonid.<\/p>\n<h4 class=\"feature-item-headline \">Pro-silent<\/h4>\n<p class=\"feature-item-text\">L\u00f5dvestuge oma aias, kuni smart SILENO city hakkab vaikselt t\u00f6\u00f6le. Klassi parim madala m\u00fcratasemega, (57 db A), ei h\u00e4iri see teid \u00fcldse.<\/p>\n<div class=\"feature-description\">\n<h4 class=\"feature-item-headline \">Eriti t\u00e4pne<\/h4>\n<p class=\"feature-item-text\">See muruniiduk on asjatundlik navigaator, mis tegeleb usaldusv\u00e4\u00e4rse t\u00e4psusega kitsamate kohtade ja kitsamate nurkadega.<\/p>\n<div class=\"feature-description\">\n<h4 class=\"feature-item-headline \">Avastage GARDENA smart rakendus<\/h4>\n<p class=\"feature-item-text\">Nautige k\u00f5iki GARDENA smart s\u00fcsteemi eeliseid. Smart SILENO city robotniiduki paigaldamine ja kasutamine on t\u00e4nu EasyConfig, Auto Schedule ja Smart Home funktsioonidele vaevatu. K\u00f5ike juhitakse \u00fche nupuvajutusega GARDENA smart rakenduse kaudu.<\/p>\n<h4 class=\"feature-item-headline \">Auto Weather &amp; Terrain<\/h4>\n<p class=\"feature-item-text\">Robotniiduk Gardena Smart SILENO city on abivalmis aiaabiline, kes asub t\u00f6\u00f6le iga ilmaga, sadagu vihma v\u00f5i paisku p\u00e4ike. See muruniiduk l\u00f5ikab igasuguse muru alates lihtsast kuni keeruliseni ning tuleb toime kuni 35% kallakutega<\/p>\n<div class=\"feature-description\">\n<h4 class=\"feature-item-headline \">Ideaalne v\u00e4ikestele ja keerukatele murupindadele<\/h4>\n<p class=\"feature-item-text\">Mururobot GARDENA smart SILENO city niidab v\u00e4ikseid ja keerukaid muruplatse t\u00e4iesti automaatselt, t\u00f6\u00f6kindlalt ja \u00fchtlaselt, ilma et maha j\u00e4\u00e4ks triipe. See tuleb probleemideta toime ka kitsaste koridoride ja vahek\u00e4ikudega. Ka laadimisjaama asukoha valik on paindlik, erilisi piiranguid ei selleks ei ole.<\/p>\n<div class=\"feature-description\">\n<h4 class=\"feature-item-headline \">K\u00fclmaandur<\/h4>\n<p class=\"feature-item-text\">Nutikas k\u00fclmaandur tuvastab k\u00fclmumispunktile l\u00e4henevad temperatuurid ja peatab niitmisgraafiku, et teie muru kaitsta. Lisaks saate selle kohta teavet ka GARDENA smart rakendusest.<\/p>\n<div class=\"feature-description\">\n<h4 class=\"feature-item-headline \">Lihtne puhastada<\/h4>\n<p class=\"feature-item-text\">Robotniiduk GARDENA smart SILENO city on konstrueeritud viisil, mis v\u00f5imaldab eemaldada korpuselt, l\u00f5iketeradelt ja ratastelt t\u00e4ielikult mulla, mustuse ja muruj\u00e4\u00e4gid, aiavoolikuga pestes.<\/p>\n<div class=\"col-sm-6\">\n<div class=\"feature-item\">\n<div class=\"feature-description\">\n<p class=\"feature-item-text\">\n<\/div>\n<\/div>\n<\/div>\n<\/div>\n<\/div>\n<\/div>\n<\/div>\n<\/div>\n<\/div>\n","protected":false},"excerpt":{"rendered":"<p>Robotniiduk Gardena smart SILENO city 500m2 masin on nutikas lahendus sinu v\u00e4ikesesse koduaeda.<\/p>\n","protected":false},"featured_media":57461,"comment_status":"open","ping_status":"closed","template":"","meta":{"_acf_changed":false,"_et_pb_use_builder":"","_et_pb_old_content":"","_et_gb_content_width":"","inline_featured_image":false},"pwb-brand":[],"product_brand":[],"product_cat":[134,19],"product_tag":[271,44,402],"class_list":{"0":"post-57452","1":"product","2":"type-product","3":"status-publish","4":"has-post-thumbnail","6":"product_cat-eripakkumised","7":"product_cat-robotniidukid","8":"product_tag-mururobot","9":"product_tag-robotniiduk","10":"product_tag-robotniiduk-gardena","11":"product_shipping_class-rasked-asjad","13":"first","14":"instock","15":"sale","16":"shipping-taxable","17":"purchasable","18":"product-type-simple"},"acf":[],"yoast_head":"<!-- This site is optimized with the Yoast SEO plugin v26.6 - https:\/\/yoast.com\/wordpress\/plugins\/seo\/ -->\n<title>Robotniiduk GARDENA smart SILENO city 500 m\u00b2 LONA Reginetist<\/title>\n<meta name=\"description\" content=\"Robotniiduk Gardena smart SILENO city 500m2 masin on nutikas lahendus sinu v\u00e4ikesesse koduaeda. LONA on tehisintellektil p\u00f5hinev\" \/>\n<meta name=\"robots\" content=\"index, follow, max-snippet:-1, max-image-preview:large, max-video-preview:-1\" \/>\n<link rel=\"canonical\" href=\"https:\/\/reginett.ee\/toode\/robotniiduk-gardena-smart-sileno-city-500-m\u00b2-lona\/\" \/>\n<meta property=\"og:locale\" content=\"ru_RU\" \/>\n<meta property=\"og:type\" content=\"article\" \/>\n<meta property=\"og:title\" content=\"Robotniiduk GARDENA smart SILENO city 500 m\u00b2 LONA Reginetist\" \/>\n<meta property=\"og:description\" content=\"Robotniiduk Gardena smart SILENO city 500m2 masin on nutikas lahendus sinu v\u00e4ikesesse koduaeda. LONA on tehisintellektil p\u00f5hinev\" \/>\n<meta property=\"og:url\" content=\"https:\/\/reginett.ee\/toode\/robotniiduk-gardena-smart-sileno-city-500-m\u00b2-lona\/\" \/>\n<meta property=\"og:site_name\" content=\"Reginett\" \/>\n<meta property=\"article:modified_time\" content=\"2024-12-10T08:35:05+00:00\" \/>\n<meta property=\"og:image\" content=\"https:\/\/reginett.ee\/wp-content\/uploads\/2022\/04\/Robotniiduk-Gardena.jpg\" \/>\n\t<meta property=\"og:image:width\" content=\"680\" \/>\n\t<meta property=\"og:image:height\" content=\"372\" \/>\n\t<meta property=\"og:image:type\" content=\"image\/jpeg\" \/>\n<meta name=\"twitter:card\" content=\"summary_large_image\" \/>\n<meta name=\"twitter:label1\" content=\"\u041f\u0440\u0438\u043c\u0435\u0440\u043d\u043e\u0435 \u0432\u0440\u0435\u043c\u044f \u0434\u043b\u044f \u0447\u0442\u0435\u043d\u0438\u044f\" \/>\n\t<meta name=\"twitter:data1\" content=\"2 \u043c\u0438\u043d\u0443\u0442\u044b\" \/>\n<script type=\"application\/ld+json\" class=\"yoast-schema-graph\">{\"@context\":\"https:\/\/schema.org\",\"@graph\":[{\"@type\":\"WebPage\",\"@id\":\"https:\/\/reginett.ee\/toode\/robotniiduk-gardena-smart-sileno-city-500-m%c2%b2-lona\/\",\"url\":\"https:\/\/reginett.ee\/toode\/robotniiduk-gardena-smart-sileno-city-500-m%c2%b2-lona\/\",\"name\":\"Robotniiduk GARDENA smart SILENO city 500 m\u00b2 LONA Reginetist\",\"isPartOf\":{\"@id\":\"https:\/\/reginett.ee\/#website\"},\"primaryImageOfPage\":{\"@id\":\"https:\/\/reginett.ee\/toode\/robotniiduk-gardena-smart-sileno-city-500-m%c2%b2-lona\/#primaryimage\"},\"image\":{\"@id\":\"https:\/\/reginett.ee\/toode\/robotniiduk-gardena-smart-sileno-city-500-m%c2%b2-lona\/#primaryimage\"},\"thumbnailUrl\":\"https:\/\/reginett.ee\/wp-content\/uploads\/2022\/04\/Robotniiduk-Gardena.jpg\",\"datePublished\":\"2024-04-17T12:48:57+00:00\",\"dateModified\":\"2024-12-10T08:35:05+00:00\",\"description\":\"Robotniiduk Gardena smart SILENO city 500m2 masin on nutikas lahendus sinu v\u00e4ikesesse koduaeda. LONA on tehisintellektil p\u00f5hinev\",\"breadcrumb\":{\"@id\":\"https:\/\/reginett.ee\/toode\/robotniiduk-gardena-smart-sileno-city-500-m%c2%b2-lona\/#breadcrumb\"},\"inLanguage\":\"ru-RU\",\"potentialAction\":[{\"@type\":\"ReadAction\",\"target\":[\"https:\/\/reginett.ee\/toode\/robotniiduk-gardena-smart-sileno-city-500-m%c2%b2-lona\/\"]}]},{\"@type\":\"ImageObject\",\"inLanguage\":\"ru-RU\",\"@id\":\"https:\/\/reginett.ee\/toode\/robotniiduk-gardena-smart-sileno-city-500-m%c2%b2-lona\/#primaryimage\",\"url\":\"https:\/\/reginett.ee\/wp-content\/uploads\/2022\/04\/Robotniiduk-Gardena.jpg\",\"contentUrl\":\"https:\/\/reginett.ee\/wp-content\/uploads\/2022\/04\/Robotniiduk-Gardena.jpg\",\"width\":680,\"height\":372,\"caption\":\"Robotniiduk Gardena\"},{\"@type\":\"BreadcrumbList\",\"@id\":\"https:\/\/reginett.ee\/toode\/robotniiduk-gardena-smart-sileno-city-500-m%c2%b2-lona\/#breadcrumb\",\"itemListElement\":[{\"@type\":\"ListItem\",\"position\":1,\"name\":\"Home\",\"item\":\"https:\/\/reginett.ee\/ru\/\"},{\"@type\":\"ListItem\",\"position\":2,\"name\":\"Tooted\",\"item\":\"https:\/\/reginett.ee\/tooted\/\"},{\"@type\":\"ListItem\",\"position\":3,\"name\":\"Robotniiduk GARDENA smart SILENO city 500 m\u00b2 LONA\"}]},{\"@type\":\"WebSite\",\"@id\":\"https:\/\/reginett.ee\/#website\",\"url\":\"https:\/\/reginett.ee\/\",\"name\":\"Reginett\",\"description\":\"Parimad robotniidukid\",\"potentialAction\":[{\"@type\":\"SearchAction\",\"target\":{\"@type\":\"EntryPoint\",\"urlTemplate\":\"https:\/\/reginett.ee\/?s={search_term_string}\"},\"query-input\":{\"@type\":\"PropertyValueSpecification\",\"valueRequired\":true,\"valueName\":\"search_term_string\"}}],\"inLanguage\":\"ru-RU\"}]}<\/script>\n<!-- \/ Yoast SEO plugin. -->","yoast_head_json":{"title":"Robotniiduk GARDENA smart SILENO city 500 m\u00b2 LONA Reginetist","description":"Robotniiduk Gardena smart SILENO city 500m2 masin on nutikas lahendus sinu v\u00e4ikesesse koduaeda. LONA on tehisintellektil p\u00f5hinev","robots":{"index":"index","follow":"follow","max-snippet":"max-snippet:-1","max-image-preview":"max-image-preview:large","max-video-preview":"max-video-preview:-1"},"canonical":"https:\/\/reginett.ee\/toode\/robotniiduk-gardena-smart-sileno-city-500-m\u00b2-lona\/","og_locale":"ru_RU","og_type":"article","og_title":"Robotniiduk GARDENA smart SILENO city 500 m\u00b2 LONA Reginetist","og_description":"Robotniiduk Gardena smart SILENO city 500m2 masin on nutikas lahendus sinu v\u00e4ikesesse koduaeda. LONA on tehisintellektil p\u00f5hinev","og_url":"https:\/\/reginett.ee\/toode\/robotniiduk-gardena-smart-sileno-city-500-m\u00b2-lona\/","og_site_name":"Reginett","article_modified_time":"2024-12-10T08:35:05+00:00","og_image":[{"width":680,"height":372,"url":"https:\/\/reginett.ee\/wp-content\/uploads\/2022\/04\/Robotniiduk-Gardena.jpg","type":"image\/jpeg"}],"twitter_card":"summary_large_image","twitter_misc":{"\u041f\u0440\u0438\u043c\u0435\u0440\u043d\u043e\u0435 \u0432\u0440\u0435\u043c\u044f \u0434\u043b\u044f \u0447\u0442\u0435\u043d\u0438\u044f":"2 \u043c\u0438\u043d\u0443\u0442\u044b"},"schema":{"@context":"https:\/\/schema.org","@graph":[{"@type":"WebPage","@id":"https:\/\/reginett.ee\/toode\/robotniiduk-gardena-smart-sileno-city-500-m%c2%b2-lona\/","url":"https:\/\/reginett.ee\/toode\/robotniiduk-gardena-smart-sileno-city-500-m%c2%b2-lona\/","name":"Robotniiduk GARDENA smart SILENO city 500 m\u00b2 LONA Reginetist","isPartOf":{"@id":"https:\/\/reginett.ee\/#website"},"primaryImageOfPage":{"@id":"https:\/\/reginett.ee\/toode\/robotniiduk-gardena-smart-sileno-city-500-m%c2%b2-lona\/#primaryimage"},"image":{"@id":"https:\/\/reginett.ee\/toode\/robotniiduk-gardena-smart-sileno-city-500-m%c2%b2-lona\/#primaryimage"},"thumbnailUrl":"https:\/\/reginett.ee\/wp-content\/uploads\/2022\/04\/Robotniiduk-Gardena.jpg","datePublished":"2024-04-17T12:48:57+00:00","dateModified":"2024-12-10T08:35:05+00:00","description":"Robotniiduk Gardena smart SILENO city 500m2 masin on nutikas lahendus sinu v\u00e4ikesesse koduaeda. LONA on tehisintellektil p\u00f5hinev","breadcrumb":{"@id":"https:\/\/reginett.ee\/toode\/robotniiduk-gardena-smart-sileno-city-500-m%c2%b2-lona\/#breadcrumb"},"inLanguage":"ru-RU","potentialAction":[{"@type":"ReadAction","target":["https:\/\/reginett.ee\/toode\/robotniiduk-gardena-smart-sileno-city-500-m%c2%b2-lona\/"]}]},{"@type":"ImageObject","inLanguage":"ru-RU","@id":"https:\/\/reginett.ee\/toode\/robotniiduk-gardena-smart-sileno-city-500-m%c2%b2-lona\/#primaryimage","url":"https:\/\/reginett.ee\/wp-content\/uploads\/2022\/04\/Robotniiduk-Gardena.jpg","contentUrl":"https:\/\/reginett.ee\/wp-content\/uploads\/2022\/04\/Robotniiduk-Gardena.jpg","width":680,"height":372,"caption":"Robotniiduk Gardena"},{"@type":"BreadcrumbList","@id":"https:\/\/reginett.ee\/toode\/robotniiduk-gardena-smart-sileno-city-500-m%c2%b2-lona\/#breadcrumb","itemListElement":[{"@type":"ListItem","position":1,"name":"Home","item":"https:\/\/reginett.ee\/ru\/"},{"@type":"ListItem","position":2,"name":"Tooted","item":"https:\/\/reginett.ee\/tooted\/"},{"@type":"ListItem","position":3,"name":"Robotniiduk GARDENA smart SILENO city 500 m\u00b2 LONA"}]},{"@type":"WebSite","@id":"https:\/\/reginett.ee\/#website","url":"https:\/\/reginett.ee\/","name":"Reginett","description":"Parimad robotniidukid","potentialAction":[{"@type":"SearchAction","target":{"@type":"EntryPoint","urlTemplate":"https:\/\/reginett.ee\/?s={search_term_string}"},"query-input":{"@type":"PropertyValueSpecification","valueRequired":true,"valueName":"search_term_string"}}],"inLanguage":"ru-RU"}]}},"brands":[],"_links":{"self":[{"href":"https:\/\/reginett.ee\/ru\/wp-json\/wp\/v2\/product\/57452","targetHints":{"allow":["GET"]}}],"collection":[{"href":"https:\/\/reginett.ee\/ru\/wp-json\/wp\/v2\/product"}],"about":[{"href":"https:\/\/reginett.ee\/ru\/wp-json\/wp\/v2\/types\/product"}],"replies":[{"embeddable":true,"href":"https:\/\/reginett.ee\/ru\/wp-json\/wp\/v2\/comments?post=57452"}],"wp:featuredmedia":[{"embeddable":true,"href":"https:\/\/reginett.ee\/ru\/wp-json\/wp\/v2\/media\/57461"}],"wp:attachment":[{"href":"https:\/\/reginett.ee\/ru\/wp-json\/wp\/v2\/media?parent=57452"}],"wp:term":[{"taxonomy":"pwb-brand","embeddable":true,"href":"https:\/\/reginett.ee\/ru\/wp-json\/wp\/v2\/pwb-brand?post=57452"},{"taxonomy":"product_brand","embeddable":true,"href":"https:\/\/reginett.ee\/ru\/wp-json\/wp\/v2\/product_brand?post=57452"},{"taxonomy":"product_cat","embeddable":true,"href":"https:\/\/reginett.ee\/ru\/wp-json\/wp\/v2\/product_cat?post=57452"},{"taxonomy":"product_tag","embeddable":true,"href":"https:\/\/reginett.ee\/ru\/wp-json\/wp\/v2\/product_tag?post=57452"}],"curies":[{"name":"wp","href":"https:\/\/api.w.org\/{rel}","templated":true}]}}