{"id":57430,"date":"2022-06-23T13:09:37","date_gmt":"2022-06-23T10:09:37","guid":{"rendered":"https:\/\/reginett.ee\/?post_type=product&#038;p=57430"},"modified":"2025-03-04T20:21:06","modified_gmt":"2025-03-04T17:21:06","slug":"nullpoorderaadiusega-akumurutraktor-ego-zt4201e","status":"publish","type":"product","link":"https:\/\/reginett.ee\/ru\/toode\/nullpoorderaadiusega-akumurutraktor-ego-zt4201e\/","title":{"rendered":"Nullp\u00f6\u00f6rderaadiusega akumurutraktor EGO ZT4201E"},"content":{"rendered":"<p><strong>EGO ZT4201E<\/strong> EGO Power+ 107cm Z6 nullp\u00f6\u00f6rderaadiusega akumurutraktor on midagi ennen\u00e4gematut. Nimelt on tegemist esimese akutoitel murutraktoriga, millele sobivad samad akud, mis k\u00f5igile teistele EGO Power+ seeria toodetele. Kokku mahub Z6 pesadesse 6 Peak Power+TM s\u00fcsteemiga EGO 56V kaare-kujulist liitiumakut, mida m\u00fc\u00fcakse<br \/>\neraldi. Z6 on v\u00f5rreldav 22 hobuj\u00f5uga bensiinimootoriga murutraktoriga \u2013 ta on v\u00f5imeline liikuma kuni 12,8 km\/h ja niitma kuue 10Ah akuga kuni 12000 m2<\/p>\n<p>&nbsp;<\/p>\n","protected":false},"excerpt":{"rendered":"<p><span style=\"color: #ff0000;\"><strong>2025 KAMPAANIA \u2013 TASUTA KAASA 4 X 10 Ah AKUD!<\/strong><\/span><\/p>\n<p><strong>EGO ZT4201E<\/strong> EGO Power+ 107cm Z6 nullp\u00f6\u00f6rderaadiusega akumurutraktor on midagi ennen\u00e4gematut. Nimelt on tegemist esimese akutoitel murutraktoriga, millele sobivad samad akud, mis k\u00f5igile teistele EGO Power+ seeria toodetele. Kokku mahub Z6 pesadesse 6 Peak Power+TM s\u00fcsteemiga EGO 56V kaare-kujulist liitiumakut, mida m\u00fc\u00fcakse<br \/>\neraldi. Z6 on v\u00f5rreldav 22 hobuj\u00f5uga bensiinimootoriga murutraktoriga \u2013 ta on v\u00f5imeline liikuma kuni 12,8 km\/h ja niitma kuue 10Ah akuga kuni 12000 m2.<\/p>\n","protected":false},"featured_media":59690,"comment_status":"open","ping_status":"closed","template":"","meta":{"_acf_changed":false,"_et_pb_use_builder":"","_et_pb_old_content":"","_et_gb_content_width":"","inline_featured_image":false},"pwb-brand":[486],"product_brand":[],"product_cat":[153,134,26,57],"product_tag":[527],"class_list":{"0":"post-57430","1":"product","2":"type-product","3":"status-publish","4":"has-post-thumbnail","6":"pwb-brand-ego","7":"product_cat-ego","8":"product_cat-eripakkumised","9":"product_cat-murutraktorid","10":"product_cat-zeroturnid","11":"product_tag-ego","12":"product_shipping_class-rasked-asjad","14":"first","15":"instock","16":"sale","17":"shipping-taxable","18":"purchasable","19":"product-type-simple"},"acf":[],"yoast_head":"<!-- This site is optimized with the Yoast SEO plugin v26.6 - https:\/\/yoast.com\/wordpress\/plugins\/seo\/ -->\n<title>Nullp\u00f6\u00f6rderaadiusega akumurutraktor EGO ZT4201 Reginett<\/title>\n<meta name=\"description\" content=\"EGO ZT4201E EGO Power+ 107cm Z6 nullp\u00f6\u00f6rderaadiusega akumurutraktor on midagi ennen\u00e4gematut. Nimelt on tegemist esimese akutoitel\" \/>\n<meta name=\"robots\" content=\"index, follow, max-snippet:-1, max-image-preview:large, max-video-preview:-1\" \/>\n<link rel=\"canonical\" href=\"https:\/\/reginett.ee\/toode\/nullpoorderaadiusega-akumurutraktor-ego-zt4201e\/\" \/>\n<meta property=\"og:locale\" content=\"ru_RU\" \/>\n<meta property=\"og:type\" content=\"article\" \/>\n<meta property=\"og:title\" content=\"Nullp\u00f6\u00f6rderaadiusega akumurutraktor EGO ZT4201 Reginett\" \/>\n<meta property=\"og:description\" content=\"EGO ZT4201E EGO Power+ 107cm Z6 nullp\u00f6\u00f6rderaadiusega akumurutraktor on midagi ennen\u00e4gematut. Nimelt on tegemist esimese akutoitel\" \/>\n<meta property=\"og:url\" content=\"https:\/\/reginett.ee\/toode\/nullpoorderaadiusega-akumurutraktor-ego-zt4201e\/\" \/>\n<meta property=\"og:site_name\" content=\"Reginett\" \/>\n<meta property=\"article:modified_time\" content=\"2025-03-04T17:21:06+00:00\" \/>\n<meta property=\"og:image\" content=\"https:\/\/reginett.ee\/wp-content\/uploads\/2022\/06\/Zeroturn-EGO-ZT4201-Reginett-2.webp\" \/>\n\t<meta property=\"og:image:width\" content=\"400\" \/>\n\t<meta property=\"og:image:height\" content=\"400\" \/>\n\t<meta property=\"og:image:type\" content=\"image\/webp\" \/>\n<meta name=\"twitter:card\" content=\"summary_large_image\" \/>\n<meta name=\"twitter:label1\" content=\"\u041f\u0440\u0438\u043c\u0435\u0440\u043d\u043e\u0435 \u0432\u0440\u0435\u043c\u044f \u0434\u043b\u044f \u0447\u0442\u0435\u043d\u0438\u044f\" \/>\n\t<meta name=\"twitter:data1\" content=\"1 \u043c\u0438\u043d\u0443\u0442\u0430\" \/>\n<script type=\"application\/ld+json\" class=\"yoast-schema-graph\">{\"@context\":\"https:\/\/schema.org\",\"@graph\":[{\"@type\":\"WebPage\",\"@id\":\"https:\/\/reginett.ee\/toode\/nullpoorderaadiusega-akumurutraktor-ego-zt4201e\/\",\"url\":\"https:\/\/reginett.ee\/toode\/nullpoorderaadiusega-akumurutraktor-ego-zt4201e\/\",\"name\":\"Nullp\u00f6\u00f6rderaadiusega akumurutraktor EGO ZT4201 Reginett\",\"isPartOf\":{\"@id\":\"https:\/\/reginett.ee\/#website\"},\"primaryImageOfPage\":{\"@id\":\"https:\/\/reginett.ee\/toode\/nullpoorderaadiusega-akumurutraktor-ego-zt4201e\/#primaryimage\"},\"image\":{\"@id\":\"https:\/\/reginett.ee\/toode\/nullpoorderaadiusega-akumurutraktor-ego-zt4201e\/#primaryimage\"},\"thumbnailUrl\":\"https:\/\/reginett.ee\/wp-content\/uploads\/2022\/06\/Zeroturn-EGO-ZT4201-Reginett-2.webp\",\"datePublished\":\"2022-06-23T10:09:37+00:00\",\"dateModified\":\"2025-03-04T17:21:06+00:00\",\"description\":\"EGO ZT4201E EGO Power+ 107cm Z6 nullp\u00f6\u00f6rderaadiusega akumurutraktor on midagi ennen\u00e4gematut. Nimelt on tegemist esimese akutoitel\",\"breadcrumb\":{\"@id\":\"https:\/\/reginett.ee\/toode\/nullpoorderaadiusega-akumurutraktor-ego-zt4201e\/#breadcrumb\"},\"inLanguage\":\"ru-RU\",\"potentialAction\":[{\"@type\":\"ReadAction\",\"target\":[\"https:\/\/reginett.ee\/toode\/nullpoorderaadiusega-akumurutraktor-ego-zt4201e\/\"]}]},{\"@type\":\"ImageObject\",\"inLanguage\":\"ru-RU\",\"@id\":\"https:\/\/reginett.ee\/toode\/nullpoorderaadiusega-akumurutraktor-ego-zt4201e\/#primaryimage\",\"url\":\"https:\/\/reginett.ee\/wp-content\/uploads\/2022\/06\/Zeroturn-EGO-ZT4201-Reginett-2.webp\",\"contentUrl\":\"https:\/\/reginett.ee\/wp-content\/uploads\/2022\/06\/Zeroturn-EGO-ZT4201-Reginett-2.webp\",\"width\":400,\"height\":400},{\"@type\":\"BreadcrumbList\",\"@id\":\"https:\/\/reginett.ee\/toode\/nullpoorderaadiusega-akumurutraktor-ego-zt4201e\/#breadcrumb\",\"itemListElement\":[{\"@type\":\"ListItem\",\"position\":1,\"name\":\"Home\",\"item\":\"https:\/\/reginett.ee\/ru\/\"},{\"@type\":\"ListItem\",\"position\":2,\"name\":\"Tooted\",\"item\":\"https:\/\/reginett.ee\/tooted\/\"},{\"@type\":\"ListItem\",\"position\":3,\"name\":\"Nullp\u00f6\u00f6rderaadiusega akumurutraktor EGO ZT4201E\"}]},{\"@type\":\"WebSite\",\"@id\":\"https:\/\/reginett.ee\/#website\",\"url\":\"https:\/\/reginett.ee\/\",\"name\":\"Reginett\",\"description\":\"Parimad robotniidukid\",\"potentialAction\":[{\"@type\":\"SearchAction\",\"target\":{\"@type\":\"EntryPoint\",\"urlTemplate\":\"https:\/\/reginett.ee\/?s={search_term_string}\"},\"query-input\":{\"@type\":\"PropertyValueSpecification\",\"valueRequired\":true,\"valueName\":\"search_term_string\"}}],\"inLanguage\":\"ru-RU\"}]}<\/script>\n<!-- \/ Yoast SEO plugin. -->","yoast_head_json":{"title":"Nullp\u00f6\u00f6rderaadiusega akumurutraktor EGO ZT4201 Reginett","description":"EGO ZT4201E EGO Power+ 107cm Z6 nullp\u00f6\u00f6rderaadiusega akumurutraktor on midagi ennen\u00e4gematut. Nimelt on tegemist esimese akutoitel","robots":{"index":"index","follow":"follow","max-snippet":"max-snippet:-1","max-image-preview":"max-image-preview:large","max-video-preview":"max-video-preview:-1"},"canonical":"https:\/\/reginett.ee\/toode\/nullpoorderaadiusega-akumurutraktor-ego-zt4201e\/","og_locale":"ru_RU","og_type":"article","og_title":"Nullp\u00f6\u00f6rderaadiusega akumurutraktor EGO ZT4201 Reginett","og_description":"EGO ZT4201E EGO Power+ 107cm Z6 nullp\u00f6\u00f6rderaadiusega akumurutraktor on midagi ennen\u00e4gematut. Nimelt on tegemist esimese akutoitel","og_url":"https:\/\/reginett.ee\/toode\/nullpoorderaadiusega-akumurutraktor-ego-zt4201e\/","og_site_name":"Reginett","article_modified_time":"2025-03-04T17:21:06+00:00","og_image":[{"width":400,"height":400,"url":"https:\/\/reginett.ee\/wp-content\/uploads\/2022\/06\/Zeroturn-EGO-ZT4201-Reginett-2.webp","type":"image\/webp"}],"twitter_card":"summary_large_image","twitter_misc":{"\u041f\u0440\u0438\u043c\u0435\u0440\u043d\u043e\u0435 \u0432\u0440\u0435\u043c\u044f \u0434\u043b\u044f \u0447\u0442\u0435\u043d\u0438\u044f":"1 \u043c\u0438\u043d\u0443\u0442\u0430"},"schema":{"@context":"https:\/\/schema.org","@graph":[{"@type":"WebPage","@id":"https:\/\/reginett.ee\/toode\/nullpoorderaadiusega-akumurutraktor-ego-zt4201e\/","url":"https:\/\/reginett.ee\/toode\/nullpoorderaadiusega-akumurutraktor-ego-zt4201e\/","name":"Nullp\u00f6\u00f6rderaadiusega akumurutraktor EGO ZT4201 Reginett","isPartOf":{"@id":"https:\/\/reginett.ee\/#website"},"primaryImageOfPage":{"@id":"https:\/\/reginett.ee\/toode\/nullpoorderaadiusega-akumurutraktor-ego-zt4201e\/#primaryimage"},"image":{"@id":"https:\/\/reginett.ee\/toode\/nullpoorderaadiusega-akumurutraktor-ego-zt4201e\/#primaryimage"},"thumbnailUrl":"https:\/\/reginett.ee\/wp-content\/uploads\/2022\/06\/Zeroturn-EGO-ZT4201-Reginett-2.webp","datePublished":"2022-06-23T10:09:37+00:00","dateModified":"2025-03-04T17:21:06+00:00","description":"EGO ZT4201E EGO Power+ 107cm Z6 nullp\u00f6\u00f6rderaadiusega akumurutraktor on midagi ennen\u00e4gematut. Nimelt on tegemist esimese akutoitel","breadcrumb":{"@id":"https:\/\/reginett.ee\/toode\/nullpoorderaadiusega-akumurutraktor-ego-zt4201e\/#breadcrumb"},"inLanguage":"ru-RU","potentialAction":[{"@type":"ReadAction","target":["https:\/\/reginett.ee\/toode\/nullpoorderaadiusega-akumurutraktor-ego-zt4201e\/"]}]},{"@type":"ImageObject","inLanguage":"ru-RU","@id":"https:\/\/reginett.ee\/toode\/nullpoorderaadiusega-akumurutraktor-ego-zt4201e\/#primaryimage","url":"https:\/\/reginett.ee\/wp-content\/uploads\/2022\/06\/Zeroturn-EGO-ZT4201-Reginett-2.webp","contentUrl":"https:\/\/reginett.ee\/wp-content\/uploads\/2022\/06\/Zeroturn-EGO-ZT4201-Reginett-2.webp","width":400,"height":400},{"@type":"BreadcrumbList","@id":"https:\/\/reginett.ee\/toode\/nullpoorderaadiusega-akumurutraktor-ego-zt4201e\/#breadcrumb","itemListElement":[{"@type":"ListItem","position":1,"name":"Home","item":"https:\/\/reginett.ee\/ru\/"},{"@type":"ListItem","position":2,"name":"Tooted","item":"https:\/\/reginett.ee\/tooted\/"},{"@type":"ListItem","position":3,"name":"Nullp\u00f6\u00f6rderaadiusega akumurutraktor EGO ZT4201E"}]},{"@type":"WebSite","@id":"https:\/\/reginett.ee\/#website","url":"https:\/\/reginett.ee\/","name":"Reginett","description":"Parimad robotniidukid","potentialAction":[{"@type":"SearchAction","target":{"@type":"EntryPoint","urlTemplate":"https:\/\/reginett.ee\/?s={search_term_string}"},"query-input":{"@type":"PropertyValueSpecification","valueRequired":true,"valueName":"search_term_string"}}],"inLanguage":"ru-RU"}]}},"brands":[{"id":486,"name":"EGO","slug":"ego"}],"_links":{"self":[{"href":"https:\/\/reginett.ee\/ru\/wp-json\/wp\/v2\/product\/57430","targetHints":{"allow":["GET"]}}],"collection":[{"href":"https:\/\/reginett.ee\/ru\/wp-json\/wp\/v2\/product"}],"about":[{"href":"https:\/\/reginett.ee\/ru\/wp-json\/wp\/v2\/types\/product"}],"replies":[{"embeddable":true,"href":"https:\/\/reginett.ee\/ru\/wp-json\/wp\/v2\/comments?post=57430"}],"wp:featuredmedia":[{"embeddable":true,"href":"https:\/\/reginett.ee\/ru\/wp-json\/wp\/v2\/media\/59690"}],"wp:attachment":[{"href":"https:\/\/reginett.ee\/ru\/wp-json\/wp\/v2\/media?parent=57430"}],"wp:term":[{"taxonomy":"pwb-brand","embeddable":true,"href":"https:\/\/reginett.ee\/ru\/wp-json\/wp\/v2\/pwb-brand?post=57430"},{"taxonomy":"product_brand","embeddable":true,"href":"https:\/\/reginett.ee\/ru\/wp-json\/wp\/v2\/product_brand?post=57430"},{"taxonomy":"product_cat","embeddable":true,"href":"https:\/\/reginett.ee\/ru\/wp-json\/wp\/v2\/product_cat?post=57430"},{"taxonomy":"product_tag","embeddable":true,"href":"https:\/\/reginett.ee\/ru\/wp-json\/wp\/v2\/product_tag?post=57430"}],"curies":[{"name":"wp","href":"https:\/\/api.w.org\/{rel}","templated":true}]}}