{"id":57421,"date":"2022-03-27T13:43:31","date_gmt":"2022-03-27T10:43:31","guid":{"rendered":"https:\/\/reginett.ee\/?post_type=product&#038;p=57421"},"modified":"2022-04-01T13:49:06","modified_gmt":"2022-04-01T10:49:06","slug":"muruohutaja-al-ko-combi-care-38-p-comfort","status":"publish","type":"product","link":"https:\/\/reginett.ee\/ru\/toode\/muruohutaja-al-ko-combi-care-38-p-comfort\/","title":{"rendered":"Muru\u00f5hutaja AL-KO Combi Care 38 P Comfort"},"content":{"rendered":"<div>Muru\u00f5hutaja AL-KO Combi Care 38P Comfort on kolm \u00fches funktsiooniga muru\u00f5hutaja, mis kindlustab terveks aastaks rohelise ja hooldatud muru.<\/div>\n<div>Vertikuteerimisterad eemaldavad p\u00f5hjalikult muru- v\u00f5i mullapinnalt samblikud, l\u00f5igatud rohu, umbrohu ja taimej\u00e4\u00e4tmed. \u00d5hutamise k\u00e4igus kobestatakse rohukamar terasvedrust pii abil, et juured saaksid rohkem vett, \u00f5hku ja toitaineid.\u00a0Rohukogur s\u00e4\u00e4stab aega\u00a0ning vaeva hilisemast\u00a0prahi ja\u00a0muruvildi riisumisest.<\/div>\n<div>Muru\u00f5hutaja bensiinimootor v\u00f5imaldab elektriv\u00f5rgust s\u00f5ltumatut t\u00f6\u00f6tamist.<\/div>\n<div><\/div>\n<div>Selle AL-KO aeraatori l\u00f5iketerasid saab vahetada vaid \u00fche kruviga, ilma lisat\u00f6\u00f6riistu kasutamata.<\/div>\n<div>Reguleeritav viieastmeline t\u00f6\u00f6k\u00f5rgus ja ergonoomilise kujuga k\u00e4epide v\u00f5imaldavad muru\u00f5hutajat kasutada mugavalt ja mittev\u00e4sitavalt. Lisaks saab seadet ruumis\u00e4\u00e4stlikult hoiule panna.<\/div>\n<div>Seade on varustatud ohutus-l\u00fclitusk\u00e4epidemega, millest lahti laskmisel seade seiskub.<\/div>\n<div><\/div>\n<div><\/div>\n","protected":false},"excerpt":{"rendered":"<p>Muru\u00f5hutaja AL-KO Combi Care 38P Comfort on kolm \u00fches funktsiooniga muru\u00f5hutaja, mis kindlustab terveks aastaks rohelise ja hooldatud muru.<\/p>\n","protected":false},"featured_media":57422,"comment_status":"open","ping_status":"closed","template":"","meta":{"_acf_changed":false,"_et_pb_use_builder":"","_et_pb_old_content":"","_et_gb_content_width":"","inline_featured_image":false},"pwb-brand":[254],"product_brand":[],"product_cat":[53],"product_tag":[255,84,83],"class_list":{"0":"post-57421","1":"product","2":"type-product","3":"status-publish","4":"has-post-thumbnail","6":"pwb-brand-al-ko","7":"product_cat-muruohutajad","8":"product_tag-aeraator","9":"product_tag-muruohutaja","10":"product_tag-ohutaja","11":"product_shipping_class-rasked-asjad","13":"first","14":"instock","15":"sale","16":"shipping-taxable","17":"purchasable","18":"product-type-simple"},"acf":[],"yoast_head":"<!-- This site is optimized with the Yoast SEO plugin v26.6 - https:\/\/yoast.com\/wordpress\/plugins\/seo\/ -->\n<title>Muru\u00f5hutaja AL-KO Combi Care 38 P Comfort. Parimad muru\u00f5hutajad<\/title>\n<meta name=\"description\" content=\"Muru\u00f5hutaja AL-KO Combi Care 38P Comfort on kolm \u00fches funktsiooniga muru\u00f5hutaja, mis kindlustab terveks aastaks rohelise ja hooldatud muru.\u00a0\" \/>\n<meta name=\"robots\" content=\"index, follow, max-snippet:-1, max-image-preview:large, max-video-preview:-1\" \/>\n<link rel=\"canonical\" href=\"https:\/\/reginett.ee\/toode\/muruohutaja-al-ko-combi-care-38-p-comfort\/\" \/>\n<meta property=\"og:locale\" content=\"ru_RU\" \/>\n<meta property=\"og:type\" content=\"article\" \/>\n<meta property=\"og:title\" content=\"Muru\u00f5hutaja AL-KO Combi Care 38 P Comfort. Parimad muru\u00f5hutajad\" \/>\n<meta property=\"og:description\" content=\"Muru\u00f5hutaja AL-KO Combi Care 38P Comfort on kolm \u00fches funktsiooniga muru\u00f5hutaja, mis kindlustab terveks aastaks rohelise ja hooldatud muru.\u00a0\" \/>\n<meta property=\"og:url\" content=\"https:\/\/reginett.ee\/toode\/muruohutaja-al-ko-combi-care-38-p-comfort\/\" \/>\n<meta property=\"og:site_name\" content=\"Reginett\" \/>\n<meta property=\"article:modified_time\" content=\"2022-04-01T10:49:06+00:00\" \/>\n<meta property=\"og:image\" content=\"https:\/\/reginett.ee\/wp-content\/uploads\/2022\/03\/bensiinimootoriga-aeraator-al-ko-combi-care-38-p-comfort.jpg\" \/>\n\t<meta property=\"og:image:width\" content=\"700\" \/>\n\t<meta property=\"og:image:height\" content=\"800\" \/>\n\t<meta property=\"og:image:type\" content=\"image\/jpeg\" \/>\n<meta name=\"twitter:card\" content=\"summary_large_image\" \/>\n<meta name=\"twitter:label1\" content=\"\u041f\u0440\u0438\u043c\u0435\u0440\u043d\u043e\u0435 \u0432\u0440\u0435\u043c\u044f \u0434\u043b\u044f \u0447\u0442\u0435\u043d\u0438\u044f\" \/>\n\t<meta name=\"twitter:data1\" content=\"1 \u043c\u0438\u043d\u0443\u0442\u0430\" \/>\n<script type=\"application\/ld+json\" class=\"yoast-schema-graph\">{\"@context\":\"https:\/\/schema.org\",\"@graph\":[{\"@type\":\"WebPage\",\"@id\":\"https:\/\/reginett.ee\/toode\/muruohutaja-al-ko-combi-care-38-p-comfort\/\",\"url\":\"https:\/\/reginett.ee\/toode\/muruohutaja-al-ko-combi-care-38-p-comfort\/\",\"name\":\"Muru\u00f5hutaja AL-KO Combi Care 38 P Comfort. Parimad muru\u00f5hutajad\",\"isPartOf\":{\"@id\":\"https:\/\/reginett.ee\/#website\"},\"primaryImageOfPage\":{\"@id\":\"https:\/\/reginett.ee\/toode\/muruohutaja-al-ko-combi-care-38-p-comfort\/#primaryimage\"},\"image\":{\"@id\":\"https:\/\/reginett.ee\/toode\/muruohutaja-al-ko-combi-care-38-p-comfort\/#primaryimage\"},\"thumbnailUrl\":\"https:\/\/reginett.ee\/wp-content\/uploads\/2022\/03\/bensiinimootoriga-aeraator-al-ko-combi-care-38-p-comfort.jpg\",\"datePublished\":\"2022-03-27T10:43:31+00:00\",\"dateModified\":\"2022-04-01T10:49:06+00:00\",\"description\":\"Muru\u00f5hutaja AL-KO Combi Care 38P Comfort on kolm \u00fches funktsiooniga muru\u00f5hutaja, mis kindlustab terveks aastaks rohelise ja hooldatud muru.\u00a0\",\"breadcrumb\":{\"@id\":\"https:\/\/reginett.ee\/toode\/muruohutaja-al-ko-combi-care-38-p-comfort\/#breadcrumb\"},\"inLanguage\":\"ru-RU\",\"potentialAction\":[{\"@type\":\"ReadAction\",\"target\":[\"https:\/\/reginett.ee\/toode\/muruohutaja-al-ko-combi-care-38-p-comfort\/\"]}]},{\"@type\":\"ImageObject\",\"inLanguage\":\"ru-RU\",\"@id\":\"https:\/\/reginett.ee\/toode\/muruohutaja-al-ko-combi-care-38-p-comfort\/#primaryimage\",\"url\":\"https:\/\/reginett.ee\/wp-content\/uploads\/2022\/03\/bensiinimootoriga-aeraator-al-ko-combi-care-38-p-comfort.jpg\",\"contentUrl\":\"https:\/\/reginett.ee\/wp-content\/uploads\/2022\/03\/bensiinimootoriga-aeraator-al-ko-combi-care-38-p-comfort.jpg\",\"width\":700,\"height\":800},{\"@type\":\"BreadcrumbList\",\"@id\":\"https:\/\/reginett.ee\/toode\/muruohutaja-al-ko-combi-care-38-p-comfort\/#breadcrumb\",\"itemListElement\":[{\"@type\":\"ListItem\",\"position\":1,\"name\":\"Home\",\"item\":\"https:\/\/reginett.ee\/ru\/\"},{\"@type\":\"ListItem\",\"position\":2,\"name\":\"Tooted\",\"item\":\"https:\/\/reginett.ee\/tooted\/\"},{\"@type\":\"ListItem\",\"position\":3,\"name\":\"Muru\u00f5hutaja AL-KO Combi Care 38 P Comfort\"}]},{\"@type\":\"WebSite\",\"@id\":\"https:\/\/reginett.ee\/#website\",\"url\":\"https:\/\/reginett.ee\/\",\"name\":\"Reginett\",\"description\":\"Parimad robotniidukid\",\"potentialAction\":[{\"@type\":\"SearchAction\",\"target\":{\"@type\":\"EntryPoint\",\"urlTemplate\":\"https:\/\/reginett.ee\/?s={search_term_string}\"},\"query-input\":{\"@type\":\"PropertyValueSpecification\",\"valueRequired\":true,\"valueName\":\"search_term_string\"}}],\"inLanguage\":\"ru-RU\"}]}<\/script>\n<!-- \/ Yoast SEO plugin. -->","yoast_head_json":{"title":"Muru\u00f5hutaja AL-KO Combi Care 38 P Comfort. Parimad muru\u00f5hutajad","description":"Muru\u00f5hutaja AL-KO Combi Care 38P Comfort on kolm \u00fches funktsiooniga muru\u00f5hutaja, mis kindlustab terveks aastaks rohelise ja hooldatud muru.\u00a0","robots":{"index":"index","follow":"follow","max-snippet":"max-snippet:-1","max-image-preview":"max-image-preview:large","max-video-preview":"max-video-preview:-1"},"canonical":"https:\/\/reginett.ee\/toode\/muruohutaja-al-ko-combi-care-38-p-comfort\/","og_locale":"ru_RU","og_type":"article","og_title":"Muru\u00f5hutaja AL-KO Combi Care 38 P Comfort. Parimad muru\u00f5hutajad","og_description":"Muru\u00f5hutaja AL-KO Combi Care 38P Comfort on kolm \u00fches funktsiooniga muru\u00f5hutaja, mis kindlustab terveks aastaks rohelise ja hooldatud muru.\u00a0","og_url":"https:\/\/reginett.ee\/toode\/muruohutaja-al-ko-combi-care-38-p-comfort\/","og_site_name":"Reginett","article_modified_time":"2022-04-01T10:49:06+00:00","og_image":[{"width":700,"height":800,"url":"https:\/\/reginett.ee\/wp-content\/uploads\/2022\/03\/bensiinimootoriga-aeraator-al-ko-combi-care-38-p-comfort.jpg","type":"image\/jpeg"}],"twitter_card":"summary_large_image","twitter_misc":{"\u041f\u0440\u0438\u043c\u0435\u0440\u043d\u043e\u0435 \u0432\u0440\u0435\u043c\u044f \u0434\u043b\u044f \u0447\u0442\u0435\u043d\u0438\u044f":"1 \u043c\u0438\u043d\u0443\u0442\u0430"},"schema":{"@context":"https:\/\/schema.org","@graph":[{"@type":"WebPage","@id":"https:\/\/reginett.ee\/toode\/muruohutaja-al-ko-combi-care-38-p-comfort\/","url":"https:\/\/reginett.ee\/toode\/muruohutaja-al-ko-combi-care-38-p-comfort\/","name":"Muru\u00f5hutaja AL-KO Combi Care 38 P Comfort. Parimad muru\u00f5hutajad","isPartOf":{"@id":"https:\/\/reginett.ee\/#website"},"primaryImageOfPage":{"@id":"https:\/\/reginett.ee\/toode\/muruohutaja-al-ko-combi-care-38-p-comfort\/#primaryimage"},"image":{"@id":"https:\/\/reginett.ee\/toode\/muruohutaja-al-ko-combi-care-38-p-comfort\/#primaryimage"},"thumbnailUrl":"https:\/\/reginett.ee\/wp-content\/uploads\/2022\/03\/bensiinimootoriga-aeraator-al-ko-combi-care-38-p-comfort.jpg","datePublished":"2022-03-27T10:43:31+00:00","dateModified":"2022-04-01T10:49:06+00:00","description":"Muru\u00f5hutaja AL-KO Combi Care 38P Comfort on kolm \u00fches funktsiooniga muru\u00f5hutaja, mis kindlustab terveks aastaks rohelise ja hooldatud muru.\u00a0","breadcrumb":{"@id":"https:\/\/reginett.ee\/toode\/muruohutaja-al-ko-combi-care-38-p-comfort\/#breadcrumb"},"inLanguage":"ru-RU","potentialAction":[{"@type":"ReadAction","target":["https:\/\/reginett.ee\/toode\/muruohutaja-al-ko-combi-care-38-p-comfort\/"]}]},{"@type":"ImageObject","inLanguage":"ru-RU","@id":"https:\/\/reginett.ee\/toode\/muruohutaja-al-ko-combi-care-38-p-comfort\/#primaryimage","url":"https:\/\/reginett.ee\/wp-content\/uploads\/2022\/03\/bensiinimootoriga-aeraator-al-ko-combi-care-38-p-comfort.jpg","contentUrl":"https:\/\/reginett.ee\/wp-content\/uploads\/2022\/03\/bensiinimootoriga-aeraator-al-ko-combi-care-38-p-comfort.jpg","width":700,"height":800},{"@type":"BreadcrumbList","@id":"https:\/\/reginett.ee\/toode\/muruohutaja-al-ko-combi-care-38-p-comfort\/#breadcrumb","itemListElement":[{"@type":"ListItem","position":1,"name":"Home","item":"https:\/\/reginett.ee\/ru\/"},{"@type":"ListItem","position":2,"name":"Tooted","item":"https:\/\/reginett.ee\/tooted\/"},{"@type":"ListItem","position":3,"name":"Muru\u00f5hutaja AL-KO Combi Care 38 P Comfort"}]},{"@type":"WebSite","@id":"https:\/\/reginett.ee\/#website","url":"https:\/\/reginett.ee\/","name":"Reginett","description":"Parimad robotniidukid","potentialAction":[{"@type":"SearchAction","target":{"@type":"EntryPoint","urlTemplate":"https:\/\/reginett.ee\/?s={search_term_string}"},"query-input":{"@type":"PropertyValueSpecification","valueRequired":true,"valueName":"search_term_string"}}],"inLanguage":"ru-RU"}]}},"brands":[{"id":254,"name":"AL-KO","slug":"al-ko"}],"_links":{"self":[{"href":"https:\/\/reginett.ee\/ru\/wp-json\/wp\/v2\/product\/57421","targetHints":{"allow":["GET"]}}],"collection":[{"href":"https:\/\/reginett.ee\/ru\/wp-json\/wp\/v2\/product"}],"about":[{"href":"https:\/\/reginett.ee\/ru\/wp-json\/wp\/v2\/types\/product"}],"replies":[{"embeddable":true,"href":"https:\/\/reginett.ee\/ru\/wp-json\/wp\/v2\/comments?post=57421"}],"wp:featuredmedia":[{"embeddable":true,"href":"https:\/\/reginett.ee\/ru\/wp-json\/wp\/v2\/media\/57422"}],"wp:attachment":[{"href":"https:\/\/reginett.ee\/ru\/wp-json\/wp\/v2\/media?parent=57421"}],"wp:term":[{"taxonomy":"pwb-brand","embeddable":true,"href":"https:\/\/reginett.ee\/ru\/wp-json\/wp\/v2\/pwb-brand?post=57421"},{"taxonomy":"product_brand","embeddable":true,"href":"https:\/\/reginett.ee\/ru\/wp-json\/wp\/v2\/product_brand?post=57421"},{"taxonomy":"product_cat","embeddable":true,"href":"https:\/\/reginett.ee\/ru\/wp-json\/wp\/v2\/product_cat?post=57421"},{"taxonomy":"product_tag","embeddable":true,"href":"https:\/\/reginett.ee\/ru\/wp-json\/wp\/v2\/product_tag?post=57421"}],"curies":[{"name":"wp","href":"https:\/\/api.w.org\/{rel}","templated":true}]}}