{"id":57403,"date":"2025-10-05T19:29:43","date_gmt":"2025-10-05T16:29:43","guid":{"rendered":"https:\/\/reginett.ee\/?post_type=product&#038;p=57403"},"modified":"2025-10-13T17:37:42","modified_gmt":"2025-10-13T14:37:42","slug":"murutraktor-stiga-tornado-398-uus","status":"publish","type":"product","link":"https:\/\/reginett.ee\/ru\/toode\/murutraktor-stiga-tornado-398-uus\/","title":{"rendered":"Murutraktor Stiga Tornado 398"},"content":{"rendered":"<p>Murutraktor<b> Stiga Tornado 398<\/b> on k\u00fclgv\u00e4ljavise ja kahe l\u00f5iketeraga vastupidav niidukorpus laiusega 98 cm,<\/p>\n<p>mugav jalgpedaaliga juhitav h\u00fcdrostaatiline \u00fclekanne ja vastupidav Stiga ST 450 mootor v\u00f5imsusega 7.5 kW.<\/p>\n<p>Soodne <b>Stiga murutraktor Tornado 398<\/b> sobib v\u00e4iksema v\u00f5i keskmise suurusega murualade hooldamiseks.<\/p>\n<p>Soovitusliku niiduala suurus on ca 5000 m\u00b2.<\/p>\n<p>Niiduk\u00f5rguse reguleerimiseks on 7 positsiooni vahemikus 2,5 \u2013 8 cm.\u00a0 18\u201d tagumised rattad annavad\u00a0 hea haarduvuse keerulisematel maastikel (k\u00fcnkad, n\u00f5lvad) t\u00f6\u00f6tades. T\u00f6\u00f6mugavust suurendavad Classic iste ja\u00a0 pehmendusega rool. Esituled tagavad n\u00e4htavuse h\u00e4maras t\u00f6\u00f6tamisel v\u00f5i halbades ilmastikuoludes (udu, vihm v\u00f5i lumesadu).<\/p>\n","protected":false},"excerpt":{"rendered":"<p>Murutraktor<b> Stiga Tornado 398<\/b> on k\u00fclgv\u00e4ljavise ja kahe l\u00f5iketeraga vastupidav niidukorpus laiusega 98 cm,<\/p>\n<p>mugav jalgpedaaliga juhitav h\u00fcdrostaatiline \u00fclekanne ja vastupidav Stiga ST 450 mootor v\u00f5imsusega 7.5 kW.<\/p>\n<p>Soodne <b>Stiga murutraktor Tornado 398<\/b> sobib v\u00e4iksema v\u00f5i keskmise suurusega murualade hooldamiseks.<\/p>\n<p>Soovitusliku niiduala suurus on ca 5000 m\u00b2.<\/p>\n","protected":false},"featured_media":57414,"comment_status":"open","ping_status":"closed","template":"","meta":{"_acf_changed":false,"_et_pb_use_builder":"","_et_pb_old_content":"","_et_gb_content_width":"","inline_featured_image":false},"pwb-brand":[146],"product_brand":[],"product_cat":[26,154],"product_tag":[47,277,275,401,77],"class_list":{"0":"post-57403","1":"product","2":"type-product","3":"status-publish","4":"has-post-thumbnail","6":"pwb-brand-stiga","7":"product_cat-murutraktorid","8":"product_cat-stiga","9":"product_tag-murutraktor","10":"product_tag-niiduk","11":"product_tag-stiga","12":"product_tag-tornado","13":"product_tag-traktor","14":"product_shipping_class-rasked-asjad","16":"first","17":"instock","18":"shipping-taxable","19":"purchasable","20":"product-type-simple"},"acf":[],"yoast_head":"<!-- This site is optimized with the Yoast SEO plugin v26.6 - https:\/\/yoast.com\/wordpress\/plugins\/seo\/ -->\n<title>Murutraktor Stiga Tornado 398<\/title>\n<meta name=\"description\" content=\"Murutraktor Stiga Tornado 398 on k\u00fclgv\u00e4ljavise ja kahe l\u00f5iketeraga vastupidav niidukorpus laiusega 98 cm,mugav jalgpedaaliga\" \/>\n<meta name=\"robots\" content=\"index, follow, max-snippet:-1, max-image-preview:large, max-video-preview:-1\" \/>\n<link rel=\"canonical\" href=\"https:\/\/reginett.ee\/toode\/murutraktor-stiga-tornado-398-uus\/\" \/>\n<meta property=\"og:locale\" content=\"ru_RU\" \/>\n<meta property=\"og:type\" content=\"article\" \/>\n<meta property=\"og:title\" content=\"Murutraktor Stiga Tornado 398\" \/>\n<meta property=\"og:description\" content=\"Murutraktor Stiga Tornado 398 on k\u00fclgv\u00e4ljavise ja kahe l\u00f5iketeraga vastupidav niidukorpus laiusega 98 cm,mugav jalgpedaaliga\" \/>\n<meta property=\"og:url\" content=\"https:\/\/reginett.ee\/toode\/murutraktor-stiga-tornado-398-uus\/\" \/>\n<meta property=\"og:site_name\" content=\"Reginett\" \/>\n<meta property=\"article:modified_time\" content=\"2025-10-13T14:37:42+00:00\" \/>\n<meta property=\"og:image\" content=\"https:\/\/reginett.ee\/wp-content\/uploads\/2022\/03\/Stiga-Tornado.jpg\" \/>\n\t<meta property=\"og:image:width\" content=\"680\" \/>\n\t<meta property=\"og:image:height\" content=\"372\" \/>\n\t<meta property=\"og:image:type\" content=\"image\/jpeg\" \/>\n<meta name=\"twitter:card\" content=\"summary_large_image\" \/>\n<meta name=\"twitter:label1\" content=\"\u041f\u0440\u0438\u043c\u0435\u0440\u043d\u043e\u0435 \u0432\u0440\u0435\u043c\u044f \u0434\u043b\u044f \u0447\u0442\u0435\u043d\u0438\u044f\" \/>\n\t<meta name=\"twitter:data1\" content=\"1 \u043c\u0438\u043d\u0443\u0442\u0430\" \/>\n<script type=\"application\/ld+json\" class=\"yoast-schema-graph\">{\"@context\":\"https:\/\/schema.org\",\"@graph\":[{\"@type\":\"WebPage\",\"@id\":\"https:\/\/reginett.ee\/toode\/murutraktor-stiga-tornado-398-uus\/\",\"url\":\"https:\/\/reginett.ee\/toode\/murutraktor-stiga-tornado-398-uus\/\",\"name\":\"Murutraktor Stiga Tornado 398\",\"isPartOf\":{\"@id\":\"https:\/\/reginett.ee\/#website\"},\"primaryImageOfPage\":{\"@id\":\"https:\/\/reginett.ee\/toode\/murutraktor-stiga-tornado-398-uus\/#primaryimage\"},\"image\":{\"@id\":\"https:\/\/reginett.ee\/toode\/murutraktor-stiga-tornado-398-uus\/#primaryimage\"},\"thumbnailUrl\":\"https:\/\/reginett.ee\/wp-content\/uploads\/2022\/03\/Stiga-Tornado.jpg\",\"datePublished\":\"2025-10-05T16:29:43+00:00\",\"dateModified\":\"2025-10-13T14:37:42+00:00\",\"description\":\"Murutraktor Stiga Tornado 398 on k\u00fclgv\u00e4ljavise ja kahe l\u00f5iketeraga vastupidav niidukorpus laiusega 98 cm,mugav jalgpedaaliga\",\"breadcrumb\":{\"@id\":\"https:\/\/reginett.ee\/toode\/murutraktor-stiga-tornado-398-uus\/#breadcrumb\"},\"inLanguage\":\"ru-RU\",\"potentialAction\":[{\"@type\":\"ReadAction\",\"target\":[\"https:\/\/reginett.ee\/toode\/murutraktor-stiga-tornado-398-uus\/\"]}]},{\"@type\":\"ImageObject\",\"inLanguage\":\"ru-RU\",\"@id\":\"https:\/\/reginett.ee\/toode\/murutraktor-stiga-tornado-398-uus\/#primaryimage\",\"url\":\"https:\/\/reginett.ee\/wp-content\/uploads\/2022\/03\/Stiga-Tornado.jpg\",\"contentUrl\":\"https:\/\/reginett.ee\/wp-content\/uploads\/2022\/03\/Stiga-Tornado.jpg\",\"width\":680,\"height\":372,\"caption\":\"Stiga Tornado 398\"},{\"@type\":\"BreadcrumbList\",\"@id\":\"https:\/\/reginett.ee\/toode\/murutraktor-stiga-tornado-398-uus\/#breadcrumb\",\"itemListElement\":[{\"@type\":\"ListItem\",\"position\":1,\"name\":\"Home\",\"item\":\"https:\/\/reginett.ee\/ru\/\"},{\"@type\":\"ListItem\",\"position\":2,\"name\":\"Tooted\",\"item\":\"https:\/\/reginett.ee\/tooted\/\"},{\"@type\":\"ListItem\",\"position\":3,\"name\":\"Murutraktor Stiga Tornado 398\"}]},{\"@type\":\"WebSite\",\"@id\":\"https:\/\/reginett.ee\/#website\",\"url\":\"https:\/\/reginett.ee\/\",\"name\":\"Reginett\",\"description\":\"Parimad robotniidukid\",\"potentialAction\":[{\"@type\":\"SearchAction\",\"target\":{\"@type\":\"EntryPoint\",\"urlTemplate\":\"https:\/\/reginett.ee\/?s={search_term_string}\"},\"query-input\":{\"@type\":\"PropertyValueSpecification\",\"valueRequired\":true,\"valueName\":\"search_term_string\"}}],\"inLanguage\":\"ru-RU\"}]}<\/script>\n<!-- \/ Yoast SEO plugin. -->","yoast_head_json":{"title":"Murutraktor Stiga Tornado 398","description":"Murutraktor Stiga Tornado 398 on k\u00fclgv\u00e4ljavise ja kahe l\u00f5iketeraga vastupidav niidukorpus laiusega 98 cm,mugav jalgpedaaliga","robots":{"index":"index","follow":"follow","max-snippet":"max-snippet:-1","max-image-preview":"max-image-preview:large","max-video-preview":"max-video-preview:-1"},"canonical":"https:\/\/reginett.ee\/toode\/murutraktor-stiga-tornado-398-uus\/","og_locale":"ru_RU","og_type":"article","og_title":"Murutraktor Stiga Tornado 398","og_description":"Murutraktor Stiga Tornado 398 on k\u00fclgv\u00e4ljavise ja kahe l\u00f5iketeraga vastupidav niidukorpus laiusega 98 cm,mugav jalgpedaaliga","og_url":"https:\/\/reginett.ee\/toode\/murutraktor-stiga-tornado-398-uus\/","og_site_name":"Reginett","article_modified_time":"2025-10-13T14:37:42+00:00","og_image":[{"width":680,"height":372,"url":"https:\/\/reginett.ee\/wp-content\/uploads\/2022\/03\/Stiga-Tornado.jpg","type":"image\/jpeg"}],"twitter_card":"summary_large_image","twitter_misc":{"\u041f\u0440\u0438\u043c\u0435\u0440\u043d\u043e\u0435 \u0432\u0440\u0435\u043c\u044f \u0434\u043b\u044f \u0447\u0442\u0435\u043d\u0438\u044f":"1 \u043c\u0438\u043d\u0443\u0442\u0430"},"schema":{"@context":"https:\/\/schema.org","@graph":[{"@type":"WebPage","@id":"https:\/\/reginett.ee\/toode\/murutraktor-stiga-tornado-398-uus\/","url":"https:\/\/reginett.ee\/toode\/murutraktor-stiga-tornado-398-uus\/","name":"Murutraktor Stiga Tornado 398","isPartOf":{"@id":"https:\/\/reginett.ee\/#website"},"primaryImageOfPage":{"@id":"https:\/\/reginett.ee\/toode\/murutraktor-stiga-tornado-398-uus\/#primaryimage"},"image":{"@id":"https:\/\/reginett.ee\/toode\/murutraktor-stiga-tornado-398-uus\/#primaryimage"},"thumbnailUrl":"https:\/\/reginett.ee\/wp-content\/uploads\/2022\/03\/Stiga-Tornado.jpg","datePublished":"2025-10-05T16:29:43+00:00","dateModified":"2025-10-13T14:37:42+00:00","description":"Murutraktor Stiga Tornado 398 on k\u00fclgv\u00e4ljavise ja kahe l\u00f5iketeraga vastupidav niidukorpus laiusega 98 cm,mugav jalgpedaaliga","breadcrumb":{"@id":"https:\/\/reginett.ee\/toode\/murutraktor-stiga-tornado-398-uus\/#breadcrumb"},"inLanguage":"ru-RU","potentialAction":[{"@type":"ReadAction","target":["https:\/\/reginett.ee\/toode\/murutraktor-stiga-tornado-398-uus\/"]}]},{"@type":"ImageObject","inLanguage":"ru-RU","@id":"https:\/\/reginett.ee\/toode\/murutraktor-stiga-tornado-398-uus\/#primaryimage","url":"https:\/\/reginett.ee\/wp-content\/uploads\/2022\/03\/Stiga-Tornado.jpg","contentUrl":"https:\/\/reginett.ee\/wp-content\/uploads\/2022\/03\/Stiga-Tornado.jpg","width":680,"height":372,"caption":"Stiga Tornado 398"},{"@type":"BreadcrumbList","@id":"https:\/\/reginett.ee\/toode\/murutraktor-stiga-tornado-398-uus\/#breadcrumb","itemListElement":[{"@type":"ListItem","position":1,"name":"Home","item":"https:\/\/reginett.ee\/ru\/"},{"@type":"ListItem","position":2,"name":"Tooted","item":"https:\/\/reginett.ee\/tooted\/"},{"@type":"ListItem","position":3,"name":"Murutraktor Stiga Tornado 398"}]},{"@type":"WebSite","@id":"https:\/\/reginett.ee\/#website","url":"https:\/\/reginett.ee\/","name":"Reginett","description":"Parimad robotniidukid","potentialAction":[{"@type":"SearchAction","target":{"@type":"EntryPoint","urlTemplate":"https:\/\/reginett.ee\/?s={search_term_string}"},"query-input":{"@type":"PropertyValueSpecification","valueRequired":true,"valueName":"search_term_string"}}],"inLanguage":"ru-RU"}]}},"brands":[{"id":146,"name":"Stiga","slug":"stiga"}],"_links":{"self":[{"href":"https:\/\/reginett.ee\/ru\/wp-json\/wp\/v2\/product\/57403","targetHints":{"allow":["GET"]}}],"collection":[{"href":"https:\/\/reginett.ee\/ru\/wp-json\/wp\/v2\/product"}],"about":[{"href":"https:\/\/reginett.ee\/ru\/wp-json\/wp\/v2\/types\/product"}],"replies":[{"embeddable":true,"href":"https:\/\/reginett.ee\/ru\/wp-json\/wp\/v2\/comments?post=57403"}],"wp:featuredmedia":[{"embeddable":true,"href":"https:\/\/reginett.ee\/ru\/wp-json\/wp\/v2\/media\/57414"}],"wp:attachment":[{"href":"https:\/\/reginett.ee\/ru\/wp-json\/wp\/v2\/media?parent=57403"}],"wp:term":[{"taxonomy":"pwb-brand","embeddable":true,"href":"https:\/\/reginett.ee\/ru\/wp-json\/wp\/v2\/pwb-brand?post=57403"},{"taxonomy":"product_brand","embeddable":true,"href":"https:\/\/reginett.ee\/ru\/wp-json\/wp\/v2\/product_brand?post=57403"},{"taxonomy":"product_cat","embeddable":true,"href":"https:\/\/reginett.ee\/ru\/wp-json\/wp\/v2\/product_cat?post=57403"},{"taxonomy":"product_tag","embeddable":true,"href":"https:\/\/reginett.ee\/ru\/wp-json\/wp\/v2\/product_tag?post=57403"}],"curies":[{"name":"wp","href":"https:\/\/api.w.org\/{rel}","templated":true}]}}