{"id":57355,"date":"2022-03-09T17:43:28","date_gmt":"2022-03-09T14:43:28","guid":{"rendered":"https:\/\/reginett.ee\/?post_type=product&#038;p=57355"},"modified":"2022-03-09T17:49:21","modified_gmt":"2022-03-09T14:49:21","slug":"muruniiduk-al-ko-520sp-h-premium-honda","status":"publish","type":"product","link":"https:\/\/reginett.ee\/ru\/toode\/muruniiduk-al-ko-520sp-h-premium-honda\/","title":{"rendered":"Muruniiduk Al-KO 520SP-H Premium Honda"},"content":{"rendered":"<div class=\"et_pb_tab et_pb_tab_0_tb_body clearfix et_pb_active_content et-pb-active-slide\">\n<div class=\"et_pb_tab_content\">\n<div class=\"woocommerce et-dynamic-content-woo et-dynamic-content-woo--product_description\">\n<p><strong>Muruniiduk AL-KO 520 SP-H Premium<\/strong> on v\u00f5imas, kvaliteetne ja multifunktsionaalne niiduk. See muruniiduk on varustatud v\u00f5imsa ja vastupidava <strong>Honda GCVX 170<\/strong> 167m3 mootoriga.<\/p>\n<p>Muruniiduk AL-KO 520 SP-H Premium t\u00f6\u00f6laius on 51 cm, niiduk\u00f5rgus on reguleeritav 30-80 mm.<\/p>\n<p>Sel mugaval muruniidukil on neli \u00fches funktsioon: kogumine, mult\u0161imine, k\u00fclg- ja tahav\u00e4ljavise.<\/p>\n<p>Tagarattavedu, tsentraalne niiduk\u00f5rguse reguleerimine, koguri maht 70 liitrit.<\/p>\n<\/div>\n<\/div>\n<\/div>\n","protected":false},"excerpt":{"rendered":"<p><strong>Muruniiduk AL-KO 520 SP-H Premium<\/strong> on v\u00f5imas, kvaliteetne ja multifunktsionaalne niiduk. See muruniiduk on varustatud v\u00f5imsa ja vastupidava <strong>Honda GCVX 170<\/strong> 167m3 mootoriga.<\/p>\n","protected":false},"featured_media":57356,"comment_status":"open","ping_status":"closed","template":"","meta":{"_acf_changed":false,"_et_pb_use_builder":"","_et_pb_old_content":"","_et_gb_content_width":"","inline_featured_image":false},"pwb-brand":[254],"product_brand":[],"product_cat":[150,25],"product_tag":[343,113,277],"class_list":{"0":"post-57355","1":"product","2":"type-product","3":"status-publish","4":"has-post-thumbnail","6":"pwb-brand-al-ko","7":"product_cat-alko","8":"product_cat-muruniidukid","9":"product_tag-al-ko-niiduk","10":"product_tag-muruniiduk","11":"product_tag-niiduk","12":"product_shipping_class-rasked-asjad","14":"first","15":"instock","16":"sale","17":"shipping-taxable","18":"purchasable","19":"product-type-simple"},"acf":[],"yoast_head":"<!-- This site is optimized with the Yoast SEO plugin v26.6 - https:\/\/yoast.com\/wordpress\/plugins\/seo\/ -->\n<title>Muruniiduk Al-KO 520SP-H. Vastupidav Honda mootoriga muruniiduk<\/title>\n<meta name=\"description\" content=\"AL-KO 520 SP-H Premium on v\u00f5imas, kvaliteetne ja multifunktsionaalne muruniiduk. See niiduk on varustatud v\u00f5imsa ja vastupidava Honda GCVX\" \/>\n<meta name=\"robots\" content=\"index, follow, max-snippet:-1, max-image-preview:large, max-video-preview:-1\" \/>\n<link rel=\"canonical\" href=\"https:\/\/reginett.ee\/toode\/muruniiduk-al-ko-520sp-h-premium-honda\/\" \/>\n<meta property=\"og:locale\" content=\"ru_RU\" \/>\n<meta property=\"og:type\" content=\"article\" \/>\n<meta property=\"og:title\" content=\"Muruniiduk Al-KO 520SP-H. Vastupidav Honda mootoriga muruniiduk\" \/>\n<meta property=\"og:description\" content=\"AL-KO 520 SP-H Premium on v\u00f5imas, kvaliteetne ja multifunktsionaalne muruniiduk. See niiduk on varustatud v\u00f5imsa ja vastupidava Honda GCVX\" \/>\n<meta property=\"og:url\" content=\"https:\/\/reginett.ee\/toode\/muruniiduk-al-ko-520sp-h-premium-honda\/\" \/>\n<meta property=\"og:site_name\" content=\"Reginett\" \/>\n<meta property=\"article:modified_time\" content=\"2022-03-09T14:49:21+00:00\" \/>\n<meta property=\"og:image\" content=\"https:\/\/reginett.ee\/wp-content\/uploads\/2022\/03\/Niiduk-Al-KO.jpg\" \/>\n\t<meta property=\"og:image:width\" content=\"680\" \/>\n\t<meta property=\"og:image:height\" content=\"372\" \/>\n\t<meta property=\"og:image:type\" content=\"image\/jpeg\" \/>\n<meta name=\"twitter:card\" content=\"summary_large_image\" \/>\n<meta name=\"twitter:label1\" content=\"\u041f\u0440\u0438\u043c\u0435\u0440\u043d\u043e\u0435 \u0432\u0440\u0435\u043c\u044f \u0434\u043b\u044f \u0447\u0442\u0435\u043d\u0438\u044f\" \/>\n\t<meta name=\"twitter:data1\" content=\"1 \u043c\u0438\u043d\u0443\u0442\u0430\" \/>\n<script type=\"application\/ld+json\" class=\"yoast-schema-graph\">{\"@context\":\"https:\/\/schema.org\",\"@graph\":[{\"@type\":\"WebPage\",\"@id\":\"https:\/\/reginett.ee\/toode\/muruniiduk-al-ko-520sp-h-premium-honda\/\",\"url\":\"https:\/\/reginett.ee\/toode\/muruniiduk-al-ko-520sp-h-premium-honda\/\",\"name\":\"Muruniiduk Al-KO 520SP-H. Vastupidav Honda mootoriga muruniiduk\",\"isPartOf\":{\"@id\":\"https:\/\/reginett.ee\/#website\"},\"primaryImageOfPage\":{\"@id\":\"https:\/\/reginett.ee\/toode\/muruniiduk-al-ko-520sp-h-premium-honda\/#primaryimage\"},\"image\":{\"@id\":\"https:\/\/reginett.ee\/toode\/muruniiduk-al-ko-520sp-h-premium-honda\/#primaryimage\"},\"thumbnailUrl\":\"https:\/\/reginett.ee\/wp-content\/uploads\/2022\/03\/Niiduk-Al-KO.jpg\",\"datePublished\":\"2022-03-09T14:43:28+00:00\",\"dateModified\":\"2022-03-09T14:49:21+00:00\",\"description\":\"AL-KO 520 SP-H Premium on v\u00f5imas, kvaliteetne ja multifunktsionaalne muruniiduk. See niiduk on varustatud v\u00f5imsa ja vastupidava Honda GCVX\",\"breadcrumb\":{\"@id\":\"https:\/\/reginett.ee\/toode\/muruniiduk-al-ko-520sp-h-premium-honda\/#breadcrumb\"},\"inLanguage\":\"ru-RU\",\"potentialAction\":[{\"@type\":\"ReadAction\",\"target\":[\"https:\/\/reginett.ee\/toode\/muruniiduk-al-ko-520sp-h-premium-honda\/\"]}]},{\"@type\":\"ImageObject\",\"inLanguage\":\"ru-RU\",\"@id\":\"https:\/\/reginett.ee\/toode\/muruniiduk-al-ko-520sp-h-premium-honda\/#primaryimage\",\"url\":\"https:\/\/reginett.ee\/wp-content\/uploads\/2022\/03\/Niiduk-Al-KO.jpg\",\"contentUrl\":\"https:\/\/reginett.ee\/wp-content\/uploads\/2022\/03\/Niiduk-Al-KO.jpg\",\"width\":680,\"height\":372,\"caption\":\"Niiduk AL-KO\"},{\"@type\":\"BreadcrumbList\",\"@id\":\"https:\/\/reginett.ee\/toode\/muruniiduk-al-ko-520sp-h-premium-honda\/#breadcrumb\",\"itemListElement\":[{\"@type\":\"ListItem\",\"position\":1,\"name\":\"Home\",\"item\":\"https:\/\/reginett.ee\/ru\/\"},{\"@type\":\"ListItem\",\"position\":2,\"name\":\"Tooted\",\"item\":\"https:\/\/reginett.ee\/tooted\/\"},{\"@type\":\"ListItem\",\"position\":3,\"name\":\"Muruniiduk Al-KO 520SP-H Premium Honda\"}]},{\"@type\":\"WebSite\",\"@id\":\"https:\/\/reginett.ee\/#website\",\"url\":\"https:\/\/reginett.ee\/\",\"name\":\"Reginett\",\"description\":\"Parimad robotniidukid\",\"potentialAction\":[{\"@type\":\"SearchAction\",\"target\":{\"@type\":\"EntryPoint\",\"urlTemplate\":\"https:\/\/reginett.ee\/?s={search_term_string}\"},\"query-input\":{\"@type\":\"PropertyValueSpecification\",\"valueRequired\":true,\"valueName\":\"search_term_string\"}}],\"inLanguage\":\"ru-RU\"}]}<\/script>\n<!-- \/ Yoast SEO plugin. -->","yoast_head_json":{"title":"Muruniiduk Al-KO 520SP-H. Vastupidav Honda mootoriga muruniiduk","description":"AL-KO 520 SP-H Premium on v\u00f5imas, kvaliteetne ja multifunktsionaalne muruniiduk. See niiduk on varustatud v\u00f5imsa ja vastupidava Honda GCVX","robots":{"index":"index","follow":"follow","max-snippet":"max-snippet:-1","max-image-preview":"max-image-preview:large","max-video-preview":"max-video-preview:-1"},"canonical":"https:\/\/reginett.ee\/toode\/muruniiduk-al-ko-520sp-h-premium-honda\/","og_locale":"ru_RU","og_type":"article","og_title":"Muruniiduk Al-KO 520SP-H. Vastupidav Honda mootoriga muruniiduk","og_description":"AL-KO 520 SP-H Premium on v\u00f5imas, kvaliteetne ja multifunktsionaalne muruniiduk. See niiduk on varustatud v\u00f5imsa ja vastupidava Honda GCVX","og_url":"https:\/\/reginett.ee\/toode\/muruniiduk-al-ko-520sp-h-premium-honda\/","og_site_name":"Reginett","article_modified_time":"2022-03-09T14:49:21+00:00","og_image":[{"width":680,"height":372,"url":"https:\/\/reginett.ee\/wp-content\/uploads\/2022\/03\/Niiduk-Al-KO.jpg","type":"image\/jpeg"}],"twitter_card":"summary_large_image","twitter_misc":{"\u041f\u0440\u0438\u043c\u0435\u0440\u043d\u043e\u0435 \u0432\u0440\u0435\u043c\u044f \u0434\u043b\u044f \u0447\u0442\u0435\u043d\u0438\u044f":"1 \u043c\u0438\u043d\u0443\u0442\u0430"},"schema":{"@context":"https:\/\/schema.org","@graph":[{"@type":"WebPage","@id":"https:\/\/reginett.ee\/toode\/muruniiduk-al-ko-520sp-h-premium-honda\/","url":"https:\/\/reginett.ee\/toode\/muruniiduk-al-ko-520sp-h-premium-honda\/","name":"Muruniiduk Al-KO 520SP-H. Vastupidav Honda mootoriga muruniiduk","isPartOf":{"@id":"https:\/\/reginett.ee\/#website"},"primaryImageOfPage":{"@id":"https:\/\/reginett.ee\/toode\/muruniiduk-al-ko-520sp-h-premium-honda\/#primaryimage"},"image":{"@id":"https:\/\/reginett.ee\/toode\/muruniiduk-al-ko-520sp-h-premium-honda\/#primaryimage"},"thumbnailUrl":"https:\/\/reginett.ee\/wp-content\/uploads\/2022\/03\/Niiduk-Al-KO.jpg","datePublished":"2022-03-09T14:43:28+00:00","dateModified":"2022-03-09T14:49:21+00:00","description":"AL-KO 520 SP-H Premium on v\u00f5imas, kvaliteetne ja multifunktsionaalne muruniiduk. See niiduk on varustatud v\u00f5imsa ja vastupidava Honda GCVX","breadcrumb":{"@id":"https:\/\/reginett.ee\/toode\/muruniiduk-al-ko-520sp-h-premium-honda\/#breadcrumb"},"inLanguage":"ru-RU","potentialAction":[{"@type":"ReadAction","target":["https:\/\/reginett.ee\/toode\/muruniiduk-al-ko-520sp-h-premium-honda\/"]}]},{"@type":"ImageObject","inLanguage":"ru-RU","@id":"https:\/\/reginett.ee\/toode\/muruniiduk-al-ko-520sp-h-premium-honda\/#primaryimage","url":"https:\/\/reginett.ee\/wp-content\/uploads\/2022\/03\/Niiduk-Al-KO.jpg","contentUrl":"https:\/\/reginett.ee\/wp-content\/uploads\/2022\/03\/Niiduk-Al-KO.jpg","width":680,"height":372,"caption":"Niiduk AL-KO"},{"@type":"BreadcrumbList","@id":"https:\/\/reginett.ee\/toode\/muruniiduk-al-ko-520sp-h-premium-honda\/#breadcrumb","itemListElement":[{"@type":"ListItem","position":1,"name":"Home","item":"https:\/\/reginett.ee\/ru\/"},{"@type":"ListItem","position":2,"name":"Tooted","item":"https:\/\/reginett.ee\/tooted\/"},{"@type":"ListItem","position":3,"name":"Muruniiduk Al-KO 520SP-H Premium Honda"}]},{"@type":"WebSite","@id":"https:\/\/reginett.ee\/#website","url":"https:\/\/reginett.ee\/","name":"Reginett","description":"Parimad robotniidukid","potentialAction":[{"@type":"SearchAction","target":{"@type":"EntryPoint","urlTemplate":"https:\/\/reginett.ee\/?s={search_term_string}"},"query-input":{"@type":"PropertyValueSpecification","valueRequired":true,"valueName":"search_term_string"}}],"inLanguage":"ru-RU"}]}},"brands":[{"id":254,"name":"AL-KO","slug":"al-ko"}],"_links":{"self":[{"href":"https:\/\/reginett.ee\/ru\/wp-json\/wp\/v2\/product\/57355","targetHints":{"allow":["GET"]}}],"collection":[{"href":"https:\/\/reginett.ee\/ru\/wp-json\/wp\/v2\/product"}],"about":[{"href":"https:\/\/reginett.ee\/ru\/wp-json\/wp\/v2\/types\/product"}],"replies":[{"embeddable":true,"href":"https:\/\/reginett.ee\/ru\/wp-json\/wp\/v2\/comments?post=57355"}],"wp:featuredmedia":[{"embeddable":true,"href":"https:\/\/reginett.ee\/ru\/wp-json\/wp\/v2\/media\/57356"}],"wp:attachment":[{"href":"https:\/\/reginett.ee\/ru\/wp-json\/wp\/v2\/media?parent=57355"}],"wp:term":[{"taxonomy":"pwb-brand","embeddable":true,"href":"https:\/\/reginett.ee\/ru\/wp-json\/wp\/v2\/pwb-brand?post=57355"},{"taxonomy":"product_brand","embeddable":true,"href":"https:\/\/reginett.ee\/ru\/wp-json\/wp\/v2\/product_brand?post=57355"},{"taxonomy":"product_cat","embeddable":true,"href":"https:\/\/reginett.ee\/ru\/wp-json\/wp\/v2\/product_cat?post=57355"},{"taxonomy":"product_tag","embeddable":true,"href":"https:\/\/reginett.ee\/ru\/wp-json\/wp\/v2\/product_tag?post=57355"}],"curies":[{"name":"wp","href":"https:\/\/api.w.org\/{rel}","templated":true}]}}