{"id":57326,"date":"2022-03-07T12:22:31","date_gmt":"2022-03-07T09:22:31","guid":{"rendered":"https:\/\/reginett.ee\/?post_type=product&#038;p=57326"},"modified":"2025-07-02T09:17:45","modified_gmt":"2025-07-02T06:17:45","slug":"muruniiduk-husqvarna-lc353ve","status":"publish","type":"product","link":"https:\/\/reginett.ee\/ru\/toode\/muruniiduk-husqvarna-lc353ve\/","title":{"rendered":"Muruniiduk Husqvarna LC353VE"},"content":{"rendered":"<p><strong>Muruniiduk Huqvarna LC535VE<\/strong> on smaklassiline suure v\u00f5imsusega bensiinimootoriga <strong>elektrik\u00e4ivitusega<\/strong> niiduk.<\/p>\n<p>See suure v\u00f5imsusega bensiinimootoriga muruniiduk on m\u00f5eldud suuremate aedade jaoks ja kasutajatele, kes esitavad k\u00f5rgeid n\u00f5udmisi j\u00f5udluse, kvaliteedi ja l\u00f5iketulemuste osas. Husqvarna LC 353VE on <strong>elektrik\u00e4ivitusega<\/strong> ja astmeteta muutuva kiirusega edasiveoga Husqvarna mootoriga muruniiduk.<\/p>\n<p>Husqvarna LC353VE niiduk on varustatud 53 cm laiuse komposiit materjalist l\u00f5ikekorpuse, tsentraalse l\u00f5ikek\u00f5rguse reguleerimise ja h\u00f5lpsasti ligip\u00e4\u00e4setavate juhtnuppudega.<\/p>\n<h3 class=\"hui-spacing--sm-mt-4-times-6 _3izyoFEfJMK52zndOsbrNo\">INSTART\u2122<\/h3>\n<p class=\"hui-spacing--sm-mt-4-times-4 _2y4EoQx9x1sGwUsKiKSScH\">K\u00e4ivitab muruniiduki hoovast t\u00f5mbamisega ja seiskab mootori hoovast lahtilaskmisega. K\u00f5ige mugavam viis muruniiduki k\u00e4ivitamiseks.<\/p>\n<h3 class=\"hui-spacing--sm-mt-4-times-6 _3izyoFEfJMK52zndOsbrNo\">Muudetav kiirus<\/h3>\n<p class=\"hui-spacing--sm-mt-4-times-4 _2y4EoQx9x1sGwUsKiKSScH\">Husqvarna LC353VE on iseliikuv niiduk, mille kiirust on v\u00f5imalik reguleerida.<\/p>\n<h3 class=\"hui-spacing--sm-mt-4-times-6 _3izyoFEfJMK52zndOsbrNo\">Ergonoomiline k\u00e4epide<\/h3>\n<p class=\"hui-spacing--sm-mt-4-times-4 _2y4EoQx9x1sGwUsKiKSScH\">Ergonoomiline nurga all olev k\u00e4epide koos veo-ja pidurihoovaga teeb kasutamise mugavaks.<\/p>\n<h3 class=\"hui-spacing--sm-mt-4-times-6 _3izyoFEfJMK52zndOsbrNo\">Lihtsalt seadistatava k\u00e4epideme k\u00f5rgus<\/h3>\n<p class=\"hui-spacing--sm-mt-4-times-4 _2y4EoQx9x1sGwUsKiKSScH\">Lihtsalt seadistatav k\u00e4epideme k\u00f5rgus kahe erineva astme vahel.<\/p>\n<h3 class=\"hui-spacing--sm-mt-4-times-6 _3izyoFEfJMK52zndOsbrNo\">Lihtne l\u00f5ikek\u00f5rguse reguleerimine<\/h3>\n<p class=\"hui-spacing--sm-mt-4-times-4 _2y4EoQx9x1sGwUsKiKSScH\">\u00dche k\u00e4ega l\u00f5ikek\u00f5rguse seadistamine tagab mugavuse.<\/p>\n<h3 class=\"hui-spacing--sm-mt-4-times-6 _3izyoFEfJMK52zndOsbrNo\">Lihtsalt kokkuk\u00e4iv k\u00e4epide<\/h3>\n<p class=\"hui-spacing--sm-mt-4-times-4 _2y4EoQx9x1sGwUsKiKSScH\">Kokkuk\u00e4iv k\u00e4epide lihtsustab transportimist ja v\u00f5tab v\u00e4hem ruumi hoiustamisel.<\/p>\n<p>&nbsp;<\/p>\n","protected":false},"excerpt":{"rendered":"<p><strong>Muruniiduk Huqvarna LC535VE<\/strong> on smaklassiline suure v\u00f5imsusega bensiinimootoriga <strong>elektrik\u00e4ivitusega<\/strong> niiduk.<\/p>\n<p>See suure v\u00f5imsusega bensiinimootoriga muruniiduk on m\u00f5eldud suuremate aedade jaoks ja kasutajatele, kes esitavad k\u00f5rgeid n\u00f5udmisi j\u00f5udluse, kvaliteedi ja l\u00f5iketulemuste osas. Husqvarna LC 353VE on <strong>elektrik\u00e4ivitusega<\/strong> ja astmeteta muutuva kiirusega edasiveoga Husqvarna mootoriga muruniiduk.<\/p>\n","protected":false},"featured_media":57329,"comment_status":"open","ping_status":"closed","template":"","meta":{"_acf_changed":false,"_et_pb_use_builder":"","_et_pb_old_content":"","_et_gb_content_width":"","inline_featured_image":false},"pwb-brand":[147],"product_brand":[],"product_cat":[37,25],"product_tag":[113,277],"class_list":{"0":"post-57326","1":"product","2":"type-product","3":"status-publish","4":"has-post-thumbnail","6":"pwb-brand-husqvarna","7":"product_cat-husqvarna","8":"product_cat-muruniidukid","9":"product_tag-muruniiduk","10":"product_tag-niiduk","11":"product_shipping_class-soodsam-kuller-15-eur","13":"first","14":"instock","15":"shipping-taxable","16":"purchasable","17":"product-type-simple"},"acf":[],"yoast_head":"<!-- This site is optimized with the Yoast SEO plugin v26.6 - https:\/\/yoast.com\/wordpress\/plugins\/seo\/ -->\n<title>Muruniiduk Husqvarna LC353VE. Mugavad Husqvarna muruniidukid<\/title>\n<meta name=\"description\" content=\"Muruniiduk Huqvarna LC535VE on smaklassiline suure v\u00f5imsusega bensiinimootoriga elektrik\u00e4ivitusega niiduk.See suure v\u00f5imsusega\" \/>\n<meta name=\"robots\" content=\"index, follow, max-snippet:-1, max-image-preview:large, max-video-preview:-1\" \/>\n<link rel=\"canonical\" href=\"https:\/\/reginett.ee\/toode\/muruniiduk-husqvarna-lc353ve\/\" \/>\n<meta property=\"og:locale\" content=\"ru_RU\" \/>\n<meta property=\"og:type\" content=\"article\" \/>\n<meta property=\"og:title\" content=\"Muruniiduk Husqvarna LC353VE. Mugavad Husqvarna muruniidukid\" \/>\n<meta property=\"og:description\" content=\"Muruniiduk Huqvarna LC535VE on smaklassiline suure v\u00f5imsusega bensiinimootoriga elektrik\u00e4ivitusega niiduk.See suure v\u00f5imsusega\" \/>\n<meta property=\"og:url\" content=\"https:\/\/reginett.ee\/toode\/muruniiduk-husqvarna-lc353ve\/\" \/>\n<meta property=\"og:site_name\" content=\"Reginett\" \/>\n<meta property=\"article:modified_time\" content=\"2025-07-02T06:17:45+00:00\" \/>\n<meta property=\"og:image\" content=\"https:\/\/reginett.ee\/wp-content\/uploads\/2022\/03\/Muruniiduk-Husqvarna-LC353VE.-e1646650276290.jpg\" \/>\n\t<meta property=\"og:image:width\" content=\"450\" \/>\n\t<meta property=\"og:image:height\" content=\"246\" \/>\n\t<meta property=\"og:image:type\" content=\"image\/jpeg\" \/>\n<meta name=\"twitter:card\" content=\"summary_large_image\" \/>\n<meta name=\"twitter:label1\" content=\"\u041f\u0440\u0438\u043c\u0435\u0440\u043d\u043e\u0435 \u0432\u0440\u0435\u043c\u044f \u0434\u043b\u044f \u0447\u0442\u0435\u043d\u0438\u044f\" \/>\n\t<meta name=\"twitter:data1\" content=\"1 \u043c\u0438\u043d\u0443\u0442\u0430\" \/>\n<script type=\"application\/ld+json\" class=\"yoast-schema-graph\">{\"@context\":\"https:\/\/schema.org\",\"@graph\":[{\"@type\":\"WebPage\",\"@id\":\"https:\/\/reginett.ee\/toode\/muruniiduk-husqvarna-lc353ve\/\",\"url\":\"https:\/\/reginett.ee\/toode\/muruniiduk-husqvarna-lc353ve\/\",\"name\":\"Muruniiduk Husqvarna LC353VE. Mugavad Husqvarna muruniidukid\",\"isPartOf\":{\"@id\":\"https:\/\/reginett.ee\/#website\"},\"primaryImageOfPage\":{\"@id\":\"https:\/\/reginett.ee\/toode\/muruniiduk-husqvarna-lc353ve\/#primaryimage\"},\"image\":{\"@id\":\"https:\/\/reginett.ee\/toode\/muruniiduk-husqvarna-lc353ve\/#primaryimage\"},\"thumbnailUrl\":\"https:\/\/reginett.ee\/wp-content\/uploads\/2022\/03\/Muruniiduk-Husqvarna-LC353VE.-e1646650276290.jpg\",\"datePublished\":\"2022-03-07T09:22:31+00:00\",\"dateModified\":\"2025-07-02T06:17:45+00:00\",\"description\":\"Muruniiduk Huqvarna LC535VE on smaklassiline suure v\u00f5imsusega bensiinimootoriga elektrik\u00e4ivitusega niiduk.See suure v\u00f5imsusega\",\"breadcrumb\":{\"@id\":\"https:\/\/reginett.ee\/toode\/muruniiduk-husqvarna-lc353ve\/#breadcrumb\"},\"inLanguage\":\"ru-RU\",\"potentialAction\":[{\"@type\":\"ReadAction\",\"target\":[\"https:\/\/reginett.ee\/toode\/muruniiduk-husqvarna-lc353ve\/\"]}]},{\"@type\":\"ImageObject\",\"inLanguage\":\"ru-RU\",\"@id\":\"https:\/\/reginett.ee\/toode\/muruniiduk-husqvarna-lc353ve\/#primaryimage\",\"url\":\"https:\/\/reginett.ee\/wp-content\/uploads\/2022\/03\/Muruniiduk-Husqvarna-LC353VE.-e1646650276290.jpg\",\"contentUrl\":\"https:\/\/reginett.ee\/wp-content\/uploads\/2022\/03\/Muruniiduk-Husqvarna-LC353VE.-e1646650276290.jpg\",\"width\":450,\"height\":246,\"caption\":\"Muruniiduk husqvarna LC353VE\"},{\"@type\":\"BreadcrumbList\",\"@id\":\"https:\/\/reginett.ee\/toode\/muruniiduk-husqvarna-lc353ve\/#breadcrumb\",\"itemListElement\":[{\"@type\":\"ListItem\",\"position\":1,\"name\":\"Home\",\"item\":\"https:\/\/reginett.ee\/ru\/\"},{\"@type\":\"ListItem\",\"position\":2,\"name\":\"Tooted\",\"item\":\"https:\/\/reginett.ee\/tooted\/\"},{\"@type\":\"ListItem\",\"position\":3,\"name\":\"Muruniiduk Husqvarna LC353VE\"}]},{\"@type\":\"WebSite\",\"@id\":\"https:\/\/reginett.ee\/#website\",\"url\":\"https:\/\/reginett.ee\/\",\"name\":\"Reginett\",\"description\":\"Parimad robotniidukid\",\"potentialAction\":[{\"@type\":\"SearchAction\",\"target\":{\"@type\":\"EntryPoint\",\"urlTemplate\":\"https:\/\/reginett.ee\/?s={search_term_string}\"},\"query-input\":{\"@type\":\"PropertyValueSpecification\",\"valueRequired\":true,\"valueName\":\"search_term_string\"}}],\"inLanguage\":\"ru-RU\"}]}<\/script>\n<!-- \/ Yoast SEO plugin. -->","yoast_head_json":{"title":"Muruniiduk Husqvarna LC353VE. Mugavad Husqvarna muruniidukid","description":"Muruniiduk Huqvarna LC535VE on smaklassiline suure v\u00f5imsusega bensiinimootoriga elektrik\u00e4ivitusega niiduk.See suure v\u00f5imsusega","robots":{"index":"index","follow":"follow","max-snippet":"max-snippet:-1","max-image-preview":"max-image-preview:large","max-video-preview":"max-video-preview:-1"},"canonical":"https:\/\/reginett.ee\/toode\/muruniiduk-husqvarna-lc353ve\/","og_locale":"ru_RU","og_type":"article","og_title":"Muruniiduk Husqvarna LC353VE. Mugavad Husqvarna muruniidukid","og_description":"Muruniiduk Huqvarna LC535VE on smaklassiline suure v\u00f5imsusega bensiinimootoriga elektrik\u00e4ivitusega niiduk.See suure v\u00f5imsusega","og_url":"https:\/\/reginett.ee\/toode\/muruniiduk-husqvarna-lc353ve\/","og_site_name":"Reginett","article_modified_time":"2025-07-02T06:17:45+00:00","og_image":[{"width":450,"height":246,"url":"https:\/\/reginett.ee\/wp-content\/uploads\/2022\/03\/Muruniiduk-Husqvarna-LC353VE.-e1646650276290.jpg","type":"image\/jpeg"}],"twitter_card":"summary_large_image","twitter_misc":{"\u041f\u0440\u0438\u043c\u0435\u0440\u043d\u043e\u0435 \u0432\u0440\u0435\u043c\u044f \u0434\u043b\u044f \u0447\u0442\u0435\u043d\u0438\u044f":"1 \u043c\u0438\u043d\u0443\u0442\u0430"},"schema":{"@context":"https:\/\/schema.org","@graph":[{"@type":"WebPage","@id":"https:\/\/reginett.ee\/toode\/muruniiduk-husqvarna-lc353ve\/","url":"https:\/\/reginett.ee\/toode\/muruniiduk-husqvarna-lc353ve\/","name":"Muruniiduk Husqvarna LC353VE. Mugavad Husqvarna muruniidukid","isPartOf":{"@id":"https:\/\/reginett.ee\/#website"},"primaryImageOfPage":{"@id":"https:\/\/reginett.ee\/toode\/muruniiduk-husqvarna-lc353ve\/#primaryimage"},"image":{"@id":"https:\/\/reginett.ee\/toode\/muruniiduk-husqvarna-lc353ve\/#primaryimage"},"thumbnailUrl":"https:\/\/reginett.ee\/wp-content\/uploads\/2022\/03\/Muruniiduk-Husqvarna-LC353VE.-e1646650276290.jpg","datePublished":"2022-03-07T09:22:31+00:00","dateModified":"2025-07-02T06:17:45+00:00","description":"Muruniiduk Huqvarna LC535VE on smaklassiline suure v\u00f5imsusega bensiinimootoriga elektrik\u00e4ivitusega niiduk.See suure v\u00f5imsusega","breadcrumb":{"@id":"https:\/\/reginett.ee\/toode\/muruniiduk-husqvarna-lc353ve\/#breadcrumb"},"inLanguage":"ru-RU","potentialAction":[{"@type":"ReadAction","target":["https:\/\/reginett.ee\/toode\/muruniiduk-husqvarna-lc353ve\/"]}]},{"@type":"ImageObject","inLanguage":"ru-RU","@id":"https:\/\/reginett.ee\/toode\/muruniiduk-husqvarna-lc353ve\/#primaryimage","url":"https:\/\/reginett.ee\/wp-content\/uploads\/2022\/03\/Muruniiduk-Husqvarna-LC353VE.-e1646650276290.jpg","contentUrl":"https:\/\/reginett.ee\/wp-content\/uploads\/2022\/03\/Muruniiduk-Husqvarna-LC353VE.-e1646650276290.jpg","width":450,"height":246,"caption":"Muruniiduk husqvarna LC353VE"},{"@type":"BreadcrumbList","@id":"https:\/\/reginett.ee\/toode\/muruniiduk-husqvarna-lc353ve\/#breadcrumb","itemListElement":[{"@type":"ListItem","position":1,"name":"Home","item":"https:\/\/reginett.ee\/ru\/"},{"@type":"ListItem","position":2,"name":"Tooted","item":"https:\/\/reginett.ee\/tooted\/"},{"@type":"ListItem","position":3,"name":"Muruniiduk Husqvarna LC353VE"}]},{"@type":"WebSite","@id":"https:\/\/reginett.ee\/#website","url":"https:\/\/reginett.ee\/","name":"Reginett","description":"Parimad robotniidukid","potentialAction":[{"@type":"SearchAction","target":{"@type":"EntryPoint","urlTemplate":"https:\/\/reginett.ee\/?s={search_term_string}"},"query-input":{"@type":"PropertyValueSpecification","valueRequired":true,"valueName":"search_term_string"}}],"inLanguage":"ru-RU"}]}},"brands":[{"id":147,"name":"Husqvarna","slug":"husqvarna"}],"_links":{"self":[{"href":"https:\/\/reginett.ee\/ru\/wp-json\/wp\/v2\/product\/57326","targetHints":{"allow":["GET"]}}],"collection":[{"href":"https:\/\/reginett.ee\/ru\/wp-json\/wp\/v2\/product"}],"about":[{"href":"https:\/\/reginett.ee\/ru\/wp-json\/wp\/v2\/types\/product"}],"replies":[{"embeddable":true,"href":"https:\/\/reginett.ee\/ru\/wp-json\/wp\/v2\/comments?post=57326"}],"wp:featuredmedia":[{"embeddable":true,"href":"https:\/\/reginett.ee\/ru\/wp-json\/wp\/v2\/media\/57329"}],"wp:attachment":[{"href":"https:\/\/reginett.ee\/ru\/wp-json\/wp\/v2\/media?parent=57326"}],"wp:term":[{"taxonomy":"pwb-brand","embeddable":true,"href":"https:\/\/reginett.ee\/ru\/wp-json\/wp\/v2\/pwb-brand?post=57326"},{"taxonomy":"product_brand","embeddable":true,"href":"https:\/\/reginett.ee\/ru\/wp-json\/wp\/v2\/product_brand?post=57326"},{"taxonomy":"product_cat","embeddable":true,"href":"https:\/\/reginett.ee\/ru\/wp-json\/wp\/v2\/product_cat?post=57326"},{"taxonomy":"product_tag","embeddable":true,"href":"https:\/\/reginett.ee\/ru\/wp-json\/wp\/v2\/product_tag?post=57326"}],"curies":[{"name":"wp","href":"https:\/\/api.w.org\/{rel}","templated":true}]}}