{"id":57207,"date":"2022-02-28T17:55:29","date_gmt":"2022-02-28T14:55:29","guid":{"rendered":"https:\/\/reginett.ee\/?post_type=product&#038;p=57207"},"modified":"2025-08-29T14:45:51","modified_gmt":"2025-08-29T11:45:51","slug":"muruniiduk-husqvarna-lc353-awd","status":"publish","type":"product","link":"https:\/\/reginett.ee\/ru\/toode\/muruniiduk-husqvarna-lc353-awd\/","title":{"rendered":"Muruniiduk Husqvarna LC353 AWD"},"content":{"rendered":"<p>Husqvarna LC353 AWD on suure niidulaiusega vastupidav neljarattaveoga muruniiduk, mis on varustatud v\u00f5imsa Honda mootoriga.<\/p>\n<p>Sobib kasutamiseks suurematel k\u00fcnklikutel aladel. Sel mudelil on kolm \u00fches niidus\u00fcsteem.<\/p>\n<h3>Neljarattavedu (AWD)<\/h3>\n<p>Neljarattavedu tagab hea haarduvuse m\u00e4rjal, libedal ja kallakutel.<\/p>\n<h3 class=\"hui-spacing--sm-mt-4-times-6 _3izyoFEfJMK52zndOsbrNo\">AutoWalk\u2122 2<\/h3>\n<p class=\"hui-spacing--sm-mt-4-times-4 _2y4EoQx9x1sGwUsKiKSScH\">M\u00f5lema k\u00e4e kiiruseregulaator v\u00f5imaldab kiiruse reguleerimiseks kasutada nii paremat kui ka vasakut k\u00e4tt. See kindustab ergonoomilise kasutamise ning h\u00f5lbustab ka hekiservades ja takistuste \u00fcmber niitmist, sest saate \u00fche k\u00e4e pideme lahti lasta, nii et niiduk samal ajal edasi liigub.<\/p>\n<h3 class=\"hui-spacing--sm-mt-4-times-6 _3izyoFEfJMK52zndOsbrNo\">Keevistugevdustega l\u00f5ikekorpus<\/h3>\n<p class=\"hui-spacing--sm-mt-4-times-4 _2y4EoQx9x1sGwUsKiKSScH\">Keevistugevdustega l\u00f5ikekorpus tagab vastupidavuse.<\/p>\n<h3 class=\"hui-spacing--sm-mt-4-times-6 _3izyoFEfJMK52zndOsbrNo\">Niiduk\u00f5rguse reguleerimine<\/h3>\n<p class=\"hui-spacing--sm-mt-4-times-4 _2y4EoQx9x1sGwUsKiKSScH\">9 erinevat niiduk\u00f5rguse astet<\/p>\n<h3 class=\"hui-spacing--sm-mt-4-times-6 _3izyoFEfJMK52zndOsbrNo\">Tahav\u00e4ljavise<\/h3>\n<p class=\"hui-spacing--sm-mt-4-times-4 _2y4EoQx9x1sGwUsKiKSScH\">V\u00f5imalus kasutada tahav\u00e4ljaviske suunajat<\/p>\n<h3 class=\"hui-spacing--sm-mt-4-times-6 _3izyoFEfJMK52zndOsbrNo\">Muudetav kiirus<\/h3>\n<p class=\"hui-spacing--sm-mt-4-times-4 _2y4EoQx9x1sGwUsKiKSScH\">Iseliikuv niiduk, mille kiirust on v\u00f5imalik reguleerida.<\/p>\n<p>&nbsp;<\/p>\n","protected":false},"excerpt":{"rendered":"<p><strong>Husqvarna LC353 AWD<\/strong> on suure niidulaiusega vastupidav neljarattaveoga muruniiduk, mis on varustatud v\u00f5imsa Honda mootoriga. Sobib kasutamiseks suurematel k\u00fcnklikutel aladel. Sel mudelil on kolm \u00fches niidus\u00fcsteem.<\/p>\n<p>&nbsp;<\/p>\n","protected":false},"featured_media":57208,"comment_status":"open","ping_status":"closed","template":"","meta":{"_acf_changed":false,"_et_pb_use_builder":"","_et_pb_old_content":"","_et_gb_content_width":"","inline_featured_image":false},"pwb-brand":[147],"product_brand":[],"product_cat":[37,25],"product_tag":[394,113,395],"class_list":{"0":"post-57207","1":"product","2":"type-product","3":"status-publish","4":"has-post-thumbnail","6":"pwb-brand-husqvarna","7":"product_cat-husqvarna","8":"product_cat-muruniidukid","9":"product_tag-lc353awd","10":"product_tag-muruniiduk","11":"product_tag-muruniidukid","12":"product_shipping_class-soodsam-kuller-15-eur","14":"first","15":"outofstock","16":"shipping-taxable","17":"purchasable","18":"product-type-simple"},"acf":[],"yoast_head":"<!-- This site is optimized with the Yoast SEO plugin v26.6 - https:\/\/yoast.com\/wordpress\/plugins\/seo\/ -->\n<title>runiiduk Husqvarna MLC353 AWD. Parimad muruniidukid Reginetist<\/title>\n<meta name=\"description\" content=\"Husqvarna LC353 AWD on suure niidulaiusega vastupidav neljarattaveoga muruniiduk, mis on varustatud v\u00f5imsa Honda mootoriga.\" \/>\n<meta name=\"robots\" content=\"index, follow, max-snippet:-1, max-image-preview:large, max-video-preview:-1\" \/>\n<link rel=\"canonical\" href=\"https:\/\/reginett.ee\/toode\/muruniiduk-husqvarna-lc353-awd\/\" \/>\n<meta property=\"og:locale\" content=\"ru_RU\" \/>\n<meta property=\"og:type\" content=\"article\" \/>\n<meta property=\"og:title\" content=\"runiiduk Husqvarna MLC353 AWD. Parimad muruniidukid Reginetist\" \/>\n<meta property=\"og:description\" content=\"Husqvarna LC353 AWD on suure niidulaiusega vastupidav neljarattaveoga muruniiduk, mis on varustatud v\u00f5imsa Honda mootoriga.\" \/>\n<meta property=\"og:url\" content=\"https:\/\/reginett.ee\/toode\/muruniiduk-husqvarna-lc353-awd\/\" \/>\n<meta property=\"og:site_name\" content=\"Reginett\" \/>\n<meta property=\"article:modified_time\" content=\"2025-08-29T11:45:51+00:00\" \/>\n<meta property=\"og:image\" content=\"https:\/\/reginett.ee\/wp-content\/uploads\/2022\/02\/Husqvarna-LC353AWD.jpg\" \/>\n\t<meta property=\"og:image:width\" content=\"680\" \/>\n\t<meta property=\"og:image:height\" content=\"556\" \/>\n\t<meta property=\"og:image:type\" content=\"image\/jpeg\" \/>\n<meta name=\"twitter:card\" content=\"summary_large_image\" \/>\n<meta name=\"twitter:label1\" content=\"\u041f\u0440\u0438\u043c\u0435\u0440\u043d\u043e\u0435 \u0432\u0440\u0435\u043c\u044f \u0434\u043b\u044f \u0447\u0442\u0435\u043d\u0438\u044f\" \/>\n\t<meta name=\"twitter:data1\" content=\"1 \u043c\u0438\u043d\u0443\u0442\u0430\" \/>\n<script type=\"application\/ld+json\" class=\"yoast-schema-graph\">{\"@context\":\"https:\/\/schema.org\",\"@graph\":[{\"@type\":\"WebPage\",\"@id\":\"https:\/\/reginett.ee\/toode\/muruniiduk-husqvarna-lc353-awd\/\",\"url\":\"https:\/\/reginett.ee\/toode\/muruniiduk-husqvarna-lc353-awd\/\",\"name\":\"runiiduk Husqvarna MLC353 AWD. Parimad muruniidukid Reginetist\",\"isPartOf\":{\"@id\":\"https:\/\/reginett.ee\/#website\"},\"primaryImageOfPage\":{\"@id\":\"https:\/\/reginett.ee\/toode\/muruniiduk-husqvarna-lc353-awd\/#primaryimage\"},\"image\":{\"@id\":\"https:\/\/reginett.ee\/toode\/muruniiduk-husqvarna-lc353-awd\/#primaryimage\"},\"thumbnailUrl\":\"https:\/\/reginett.ee\/wp-content\/uploads\/2022\/02\/Husqvarna-LC353AWD.jpg\",\"datePublished\":\"2022-02-28T14:55:29+00:00\",\"dateModified\":\"2025-08-29T11:45:51+00:00\",\"description\":\"Husqvarna LC353 AWD on suure niidulaiusega vastupidav neljarattaveoga muruniiduk, mis on varustatud v\u00f5imsa Honda mootoriga.\",\"breadcrumb\":{\"@id\":\"https:\/\/reginett.ee\/toode\/muruniiduk-husqvarna-lc353-awd\/#breadcrumb\"},\"inLanguage\":\"ru-RU\",\"potentialAction\":[{\"@type\":\"ReadAction\",\"target\":[\"https:\/\/reginett.ee\/toode\/muruniiduk-husqvarna-lc353-awd\/\"]}]},{\"@type\":\"ImageObject\",\"inLanguage\":\"ru-RU\",\"@id\":\"https:\/\/reginett.ee\/toode\/muruniiduk-husqvarna-lc353-awd\/#primaryimage\",\"url\":\"https:\/\/reginett.ee\/wp-content\/uploads\/2022\/02\/Husqvarna-LC353AWD.jpg\",\"contentUrl\":\"https:\/\/reginett.ee\/wp-content\/uploads\/2022\/02\/Husqvarna-LC353AWD.jpg\",\"width\":680,\"height\":556,\"caption\":\"Husqvarna LC535AWD\"},{\"@type\":\"BreadcrumbList\",\"@id\":\"https:\/\/reginett.ee\/toode\/muruniiduk-husqvarna-lc353-awd\/#breadcrumb\",\"itemListElement\":[{\"@type\":\"ListItem\",\"position\":1,\"name\":\"Home\",\"item\":\"https:\/\/reginett.ee\/ru\/\"},{\"@type\":\"ListItem\",\"position\":2,\"name\":\"Tooted\",\"item\":\"https:\/\/reginett.ee\/tooted\/\"},{\"@type\":\"ListItem\",\"position\":3,\"name\":\"Muruniiduk Husqvarna LC353 AWD\"}]},{\"@type\":\"WebSite\",\"@id\":\"https:\/\/reginett.ee\/#website\",\"url\":\"https:\/\/reginett.ee\/\",\"name\":\"Reginett\",\"description\":\"Parimad robotniidukid\",\"potentialAction\":[{\"@type\":\"SearchAction\",\"target\":{\"@type\":\"EntryPoint\",\"urlTemplate\":\"https:\/\/reginett.ee\/?s={search_term_string}\"},\"query-input\":{\"@type\":\"PropertyValueSpecification\",\"valueRequired\":true,\"valueName\":\"search_term_string\"}}],\"inLanguage\":\"ru-RU\"}]}<\/script>\n<!-- \/ Yoast SEO plugin. -->","yoast_head_json":{"title":"runiiduk Husqvarna MLC353 AWD. Parimad muruniidukid Reginetist","description":"Husqvarna LC353 AWD on suure niidulaiusega vastupidav neljarattaveoga muruniiduk, mis on varustatud v\u00f5imsa Honda mootoriga.","robots":{"index":"index","follow":"follow","max-snippet":"max-snippet:-1","max-image-preview":"max-image-preview:large","max-video-preview":"max-video-preview:-1"},"canonical":"https:\/\/reginett.ee\/toode\/muruniiduk-husqvarna-lc353-awd\/","og_locale":"ru_RU","og_type":"article","og_title":"runiiduk Husqvarna MLC353 AWD. Parimad muruniidukid Reginetist","og_description":"Husqvarna LC353 AWD on suure niidulaiusega vastupidav neljarattaveoga muruniiduk, mis on varustatud v\u00f5imsa Honda mootoriga.","og_url":"https:\/\/reginett.ee\/toode\/muruniiduk-husqvarna-lc353-awd\/","og_site_name":"Reginett","article_modified_time":"2025-08-29T11:45:51+00:00","og_image":[{"width":680,"height":556,"url":"https:\/\/reginett.ee\/wp-content\/uploads\/2022\/02\/Husqvarna-LC353AWD.jpg","type":"image\/jpeg"}],"twitter_card":"summary_large_image","twitter_misc":{"\u041f\u0440\u0438\u043c\u0435\u0440\u043d\u043e\u0435 \u0432\u0440\u0435\u043c\u044f \u0434\u043b\u044f \u0447\u0442\u0435\u043d\u0438\u044f":"1 \u043c\u0438\u043d\u0443\u0442\u0430"},"schema":{"@context":"https:\/\/schema.org","@graph":[{"@type":"WebPage","@id":"https:\/\/reginett.ee\/toode\/muruniiduk-husqvarna-lc353-awd\/","url":"https:\/\/reginett.ee\/toode\/muruniiduk-husqvarna-lc353-awd\/","name":"runiiduk Husqvarna MLC353 AWD. Parimad muruniidukid Reginetist","isPartOf":{"@id":"https:\/\/reginett.ee\/#website"},"primaryImageOfPage":{"@id":"https:\/\/reginett.ee\/toode\/muruniiduk-husqvarna-lc353-awd\/#primaryimage"},"image":{"@id":"https:\/\/reginett.ee\/toode\/muruniiduk-husqvarna-lc353-awd\/#primaryimage"},"thumbnailUrl":"https:\/\/reginett.ee\/wp-content\/uploads\/2022\/02\/Husqvarna-LC353AWD.jpg","datePublished":"2022-02-28T14:55:29+00:00","dateModified":"2025-08-29T11:45:51+00:00","description":"Husqvarna LC353 AWD on suure niidulaiusega vastupidav neljarattaveoga muruniiduk, mis on varustatud v\u00f5imsa Honda mootoriga.","breadcrumb":{"@id":"https:\/\/reginett.ee\/toode\/muruniiduk-husqvarna-lc353-awd\/#breadcrumb"},"inLanguage":"ru-RU","potentialAction":[{"@type":"ReadAction","target":["https:\/\/reginett.ee\/toode\/muruniiduk-husqvarna-lc353-awd\/"]}]},{"@type":"ImageObject","inLanguage":"ru-RU","@id":"https:\/\/reginett.ee\/toode\/muruniiduk-husqvarna-lc353-awd\/#primaryimage","url":"https:\/\/reginett.ee\/wp-content\/uploads\/2022\/02\/Husqvarna-LC353AWD.jpg","contentUrl":"https:\/\/reginett.ee\/wp-content\/uploads\/2022\/02\/Husqvarna-LC353AWD.jpg","width":680,"height":556,"caption":"Husqvarna LC535AWD"},{"@type":"BreadcrumbList","@id":"https:\/\/reginett.ee\/toode\/muruniiduk-husqvarna-lc353-awd\/#breadcrumb","itemListElement":[{"@type":"ListItem","position":1,"name":"Home","item":"https:\/\/reginett.ee\/ru\/"},{"@type":"ListItem","position":2,"name":"Tooted","item":"https:\/\/reginett.ee\/tooted\/"},{"@type":"ListItem","position":3,"name":"Muruniiduk Husqvarna LC353 AWD"}]},{"@type":"WebSite","@id":"https:\/\/reginett.ee\/#website","url":"https:\/\/reginett.ee\/","name":"Reginett","description":"Parimad robotniidukid","potentialAction":[{"@type":"SearchAction","target":{"@type":"EntryPoint","urlTemplate":"https:\/\/reginett.ee\/?s={search_term_string}"},"query-input":{"@type":"PropertyValueSpecification","valueRequired":true,"valueName":"search_term_string"}}],"inLanguage":"ru-RU"}]}},"brands":[{"id":147,"name":"Husqvarna","slug":"husqvarna"}],"_links":{"self":[{"href":"https:\/\/reginett.ee\/ru\/wp-json\/wp\/v2\/product\/57207","targetHints":{"allow":["GET"]}}],"collection":[{"href":"https:\/\/reginett.ee\/ru\/wp-json\/wp\/v2\/product"}],"about":[{"href":"https:\/\/reginett.ee\/ru\/wp-json\/wp\/v2\/types\/product"}],"replies":[{"embeddable":true,"href":"https:\/\/reginett.ee\/ru\/wp-json\/wp\/v2\/comments?post=57207"}],"wp:featuredmedia":[{"embeddable":true,"href":"https:\/\/reginett.ee\/ru\/wp-json\/wp\/v2\/media\/57208"}],"wp:attachment":[{"href":"https:\/\/reginett.ee\/ru\/wp-json\/wp\/v2\/media?parent=57207"}],"wp:term":[{"taxonomy":"pwb-brand","embeddable":true,"href":"https:\/\/reginett.ee\/ru\/wp-json\/wp\/v2\/pwb-brand?post=57207"},{"taxonomy":"product_brand","embeddable":true,"href":"https:\/\/reginett.ee\/ru\/wp-json\/wp\/v2\/product_brand?post=57207"},{"taxonomy":"product_cat","embeddable":true,"href":"https:\/\/reginett.ee\/ru\/wp-json\/wp\/v2\/product_cat?post=57207"},{"taxonomy":"product_tag","embeddable":true,"href":"https:\/\/reginett.ee\/ru\/wp-json\/wp\/v2\/product_tag?post=57207"}],"curies":[{"name":"wp","href":"https:\/\/api.w.org\/{rel}","templated":true}]}}