{"id":57105,"date":"2022-02-17T22:05:48","date_gmt":"2022-02-17T19:05:48","guid":{"rendered":"https:\/\/reginett.ee\/?post_type=product&#038;p=57105"},"modified":"2026-04-16T10:06:37","modified_gmt":"2026-04-16T07:06:37","slug":"raider-husqvarna-214tc-comfort-edition-uus","status":"publish","type":"product","link":"https:\/\/reginett.ee\/ru\/toode\/raider-husqvarna-214tc-comfort-edition-uus\/","title":{"rendered":"Raider Husqvarna 214TC Comfort Edition 94cm"},"content":{"rendered":"<p>[et_pb_section fb_built=&#187;1&#8243; _builder_version=&#187;3.22&#8243; custom_padding=&#187;0px||||false|false&#187; global_colors_info=&#187;{}&#187; da_is_popup=&#187;off&#187; da_exit_intent=&#187;off&#187; da_has_close=&#187;on&#187; da_alt_close=&#187;off&#187; da_dark_close=&#187;off&#187; da_not_modal=&#187;on&#187; da_is_singular=&#187;off&#187; da_with_loader=&#187;off&#187; da_has_shadow=&#187;on&#187; da_disable_devices=&#187;off|off|off&#187;][et_pb_row _builder_version=&#187;3.25&#8243; background_size=&#187;initial&#187; background_position=&#187;top_left&#187; background_repeat=&#187;repeat&#187; width=&#187;100%&#187; custom_padding=&#187;0px||0px||false|false&#187; global_colors_info=&#187;{}&#187;][et_pb_column type=&#187;4_4&#8243; _builder_version=&#187;3.25&#8243; custom_padding=&#187;|||&#187; global_colors_info=&#187;{}&#187; custom_padding__hover=&#187;|||&#187;][et_pb_wc_breadcrumb _builder_version=&#187;3.0.47&#8243; global_colors_info=&#187;{}&#187;][\/et_pb_wc_breadcrumb][et_pb_wc_cart_notice global_colors_info=&#187;{}&#187;][\/et_pb_wc_cart_notice][\/et_pb_column][\/et_pb_row][et_pb_row _builder_version=&#187;3.25&#8243; background_size=&#187;initial&#187; background_position=&#187;top_left&#187; background_repeat=&#187;repeat&#187; width=&#187;100%&#187; custom_padding=&#187;0px||||false|false&#187; global_colors_info=&#187;{}&#187; column_structure=&#187;1_2,1_2&#8243;][et_pb_column type=&#187;1_2&#8243; _builder_version=&#187;3.25&#8243; custom_padding=&#187;|||&#187; global_colors_info=&#187;{}&#187; custom_padding__hover=&#187;|||&#187;][et_pb_wc_images _builder_version=&#187;3.0.47&#8243; global_colors_info=&#187;{}&#187;][\/et_pb_wc_images][\/et_pb_column][et_pb_column type=&#187;1_2&#8243; _builder_version=&#187;3.25&#8243; custom_padding=&#187;|||&#187; global_colors_info=&#187;{}&#187; custom_padding__hover=&#187;|||&#187;][et_pb_wc_title _builder_version=&#187;3.0.47&#8243; global_colors_info=&#187;{}&#187;][\/et_pb_wc_title][et_pb_wc_rating _builder_version=&#187;3.0.47&#8243; global_colors_info=&#187;{}&#187;][\/et_pb_wc_rating][et_pb_wc_price _builder_version=&#187;3.0.47&#8243; global_colors_info=&#187;{}&#187;][\/et_pb_wc_price][et_pb_wc_description _builder_version=&#187;3.0.47&#8243; global_colors_info=&#187;{}&#187;][\/et_pb_wc_description][et_pb_wc_add_to_cart global_colors_info=&#187;{}&#187;][\/et_pb_wc_add_to_cart][et_pb_wc_meta _builder_version=&#187;3.0.47&#8243; global_colors_info=&#187;{}&#187;][\/et_pb_wc_meta][\/et_pb_column][\/et_pb_row][et_pb_row _builder_version=&#187;3.25&#8243; background_size=&#187;initial&#187; background_position=&#187;top_left&#187; background_repeat=&#187;repeat&#187; width=&#187;100%&#187; global_colors_info=&#187;{}&#187;][et_pb_column type=&#187;4_4&#8243; _builder_version=&#187;3.25&#8243; custom_padding=&#187;|||&#187; global_colors_info=&#187;{}&#187; custom_padding__hover=&#187;|||&#187;][et_pb_wc_tabs _builder_version=&#187;3.0.47&#8243; global_colors_info=&#187;{}&#187;]\t\t\t\t\t[\/et_pb_wc_tabs][et_pb_wc_upsells _builder_version=&#187;3.0.47&#8243; global_colors_info=&#187;{}&#187;][\/et_pb_wc_upsells][et_pb_wc_related_products _builder_version=&#187;3.0.47&#8243; global_colors_info=&#187;{}&#187;][\/et_pb_wc_related_products][\/et_pb_column][\/et_pb_row][\/et_pb_section]<\/p>\n","protected":false},"excerpt":{"rendered":"<p><strong>Husqvarna R\u202f214 TC Comfort Editionil<\/strong> on pehmendusega rool ja k\u00f5rgema seljatoega mugav iste.Sellel raideril on v\u00f5imas kahesilindriline mootor ja 94 cm kombineeritud l\u00f5ikekorpus, mis pakub kahte niitmisv\u00f5imalust \u2013 BioClip\u00ae mult\u0161imine muru v\u00e4etamiseks ja tagantv\u00e4ljavise k\u00f5rgema ja sitkema muru jaoks.<\/p>\n","protected":false},"featured_media":57106,"comment_status":"open","ping_status":"closed","template":"","meta":{"_acf_changed":false,"_et_pb_use_builder":"on","_et_pb_old_content":"<strong>Husqvarna R\u202f214 TC Comfort Editionil<\/strong> on pehmendusega rool ja k\u00f5rgema seljatoega mugav iste.\r\n\r\nSellel raideril on v\u00f5imas kahesilindriline mootor ja 94 cm kombineeritud l\u00f5ikekorpus, mis pakub kahte niitmisv\u00f5imalust \u2013 BioClip\u00ae mult\u0161imine muru v\u00e4etamiseks ja tagantv\u00e4ljavise k\u00f5rgema ja sitkema muru jaoks.\r\n\r\nSuurep\u00e4rase man\u00f6\u00f6verdusv\u00f5imega vastupidav <strong>Husqvarna 214TC Comfort Edition<\/strong> on raider, mida on t\u00e4nu l\u00f5ikekorpuse hooldusasendile lihtne puhastada ja hooldada.\r\n\r\nT\u00f5hus, mitmek\u00fclgne ja kergesti kasutatav Husqvarna raider hoolitseb suuremate murupindade eest h\u00f5lpsalt.\r\n\r\nT\u00e4nu lisatarvikutele nagu j\u00e4relk\u00e4ru, samblareha, puistur on raider suurep\u00e4rane abiline sinu aias aastaringselt.","_et_gb_content_width":"","inline_featured_image":false},"pwb-brand":[147],"product_brand":[],"product_cat":[37,56],"product_tag":[91,272],"class_list":{"0":"post-57105","1":"product","2":"type-product","3":"status-publish","4":"has-post-thumbnail","6":"pwb-brand-husqvarna","7":"product_cat-husqvarna","8":"product_cat-raiderid","9":"product_tag-raider","10":"product_tag-raiderid","11":"product_shipping_class-rasked-asjad","13":"first","14":"outofstock","15":"shipping-taxable","16":"purchasable","17":"product-type-simple"},"acf":[],"yoast_head":"<!-- This site is optimized with the Yoast SEO plugin v26.6 - https:\/\/yoast.com\/wordpress\/plugins\/seo\/ -->\n<title>Raider Husqvarna 214TC Comfort Edition. Parimad raiderid Reginetist<\/title>\n<meta name=\"description\" content=\"Husqvarna R\u202f214TC Comfort Editionil on pehmendusega rool ja k\u00f5rgema seljatoega mugav iste.Sellel on v\u00f5imas kahesilindriline mootor ja 94cm\" \/>\n<meta name=\"robots\" content=\"index, follow, max-snippet:-1, max-image-preview:large, max-video-preview:-1\" \/>\n<link rel=\"canonical\" href=\"https:\/\/reginett.ee\/toode\/raider-husqvarna-214tc-comfort-edition-uus\/\" \/>\n<meta property=\"og:locale\" content=\"ru_RU\" \/>\n<meta property=\"og:type\" content=\"article\" \/>\n<meta property=\"og:title\" content=\"Raider Husqvarna 214TC Comfort Edition. Parimad raiderid Reginetist\" \/>\n<meta property=\"og:description\" content=\"Husqvarna R\u202f214TC Comfort Editionil on pehmendusega rool ja k\u00f5rgema seljatoega mugav iste.Sellel on v\u00f5imas kahesilindriline mootor ja 94cm\" \/>\n<meta property=\"og:url\" content=\"https:\/\/reginett.ee\/toode\/raider-husqvarna-214tc-comfort-edition-uus\/\" \/>\n<meta property=\"og:site_name\" content=\"Reginett\" \/>\n<meta property=\"article:modified_time\" content=\"2026-04-16T07:06:37+00:00\" \/>\n<meta property=\"og:image\" content=\"https:\/\/reginett.ee\/wp-content\/uploads\/2022\/02\/Raider-Husqvarna-214TC-Comfort-Edition-scaled.jpg\" \/>\n\t<meta property=\"og:image:width\" content=\"2560\" \/>\n\t<meta property=\"og:image:height\" content=\"1795\" \/>\n\t<meta property=\"og:image:type\" content=\"image\/jpeg\" \/>\n<meta name=\"twitter:card\" content=\"summary_large_image\" \/>\n<meta name=\"twitter:label1\" content=\"\u041f\u0440\u0438\u043c\u0435\u0440\u043d\u043e\u0435 \u0432\u0440\u0435\u043c\u044f \u0434\u043b\u044f \u0447\u0442\u0435\u043d\u0438\u044f\" \/>\n\t<meta name=\"twitter:data1\" content=\"1 \u043c\u0438\u043d\u0443\u0442\u0430\" \/>\n<script type=\"application\/ld+json\" class=\"yoast-schema-graph\">{\"@context\":\"https:\/\/schema.org\",\"@graph\":[{\"@type\":\"WebPage\",\"@id\":\"https:\/\/reginett.ee\/toode\/raider-husqvarna-214tc-comfort-edition-uus\/\",\"url\":\"https:\/\/reginett.ee\/toode\/raider-husqvarna-214tc-comfort-edition-uus\/\",\"name\":\"Raider Husqvarna 214TC Comfort Edition. Parimad raiderid Reginetist\",\"isPartOf\":{\"@id\":\"https:\/\/reginett.ee\/#website\"},\"primaryImageOfPage\":{\"@id\":\"https:\/\/reginett.ee\/toode\/raider-husqvarna-214tc-comfort-edition-uus\/#primaryimage\"},\"image\":{\"@id\":\"https:\/\/reginett.ee\/toode\/raider-husqvarna-214tc-comfort-edition-uus\/#primaryimage\"},\"thumbnailUrl\":\"https:\/\/reginett.ee\/wp-content\/uploads\/2022\/02\/Raider-Husqvarna-214TC-Comfort-Edition-scaled.jpg\",\"datePublished\":\"2022-02-17T19:05:48+00:00\",\"dateModified\":\"2026-04-16T07:06:37+00:00\",\"description\":\"Husqvarna R\u202f214TC Comfort Editionil on pehmendusega rool ja k\u00f5rgema seljatoega mugav iste.Sellel on v\u00f5imas kahesilindriline mootor ja 94cm\",\"breadcrumb\":{\"@id\":\"https:\/\/reginett.ee\/toode\/raider-husqvarna-214tc-comfort-edition-uus\/#breadcrumb\"},\"inLanguage\":\"ru-RU\",\"potentialAction\":[{\"@type\":\"ReadAction\",\"target\":[\"https:\/\/reginett.ee\/toode\/raider-husqvarna-214tc-comfort-edition-uus\/\"]}]},{\"@type\":\"ImageObject\",\"inLanguage\":\"ru-RU\",\"@id\":\"https:\/\/reginett.ee\/toode\/raider-husqvarna-214tc-comfort-edition-uus\/#primaryimage\",\"url\":\"https:\/\/reginett.ee\/wp-content\/uploads\/2022\/02\/Raider-Husqvarna-214TC-Comfort-Edition-scaled.jpg\",\"contentUrl\":\"https:\/\/reginett.ee\/wp-content\/uploads\/2022\/02\/Raider-Husqvarna-214TC-Comfort-Edition-scaled.jpg\",\"width\":2560,\"height\":1795,\"caption\":\"Husqvarna 214TC Comfort Edition\"},{\"@type\":\"BreadcrumbList\",\"@id\":\"https:\/\/reginett.ee\/toode\/raider-husqvarna-214tc-comfort-edition-uus\/#breadcrumb\",\"itemListElement\":[{\"@type\":\"ListItem\",\"position\":1,\"name\":\"Home\",\"item\":\"https:\/\/reginett.ee\/ru\/\"},{\"@type\":\"ListItem\",\"position\":2,\"name\":\"Tooted\",\"item\":\"https:\/\/reginett.ee\/tooted\/\"},{\"@type\":\"ListItem\",\"position\":3,\"name\":\"Raider Husqvarna 214TC Comfort Edition 94cm\"}]},{\"@type\":\"WebSite\",\"@id\":\"https:\/\/reginett.ee\/#website\",\"url\":\"https:\/\/reginett.ee\/\",\"name\":\"Reginett\",\"description\":\"Parimad robotniidukid\",\"potentialAction\":[{\"@type\":\"SearchAction\",\"target\":{\"@type\":\"EntryPoint\",\"urlTemplate\":\"https:\/\/reginett.ee\/?s={search_term_string}\"},\"query-input\":{\"@type\":\"PropertyValueSpecification\",\"valueRequired\":true,\"valueName\":\"search_term_string\"}}],\"inLanguage\":\"ru-RU\"}]}<\/script>\n<!-- \/ Yoast SEO plugin. -->","yoast_head_json":{"title":"Raider Husqvarna 214TC Comfort Edition. Parimad raiderid Reginetist","description":"Husqvarna R\u202f214TC Comfort Editionil on pehmendusega rool ja k\u00f5rgema seljatoega mugav iste.Sellel on v\u00f5imas kahesilindriline mootor ja 94cm","robots":{"index":"index","follow":"follow","max-snippet":"max-snippet:-1","max-image-preview":"max-image-preview:large","max-video-preview":"max-video-preview:-1"},"canonical":"https:\/\/reginett.ee\/toode\/raider-husqvarna-214tc-comfort-edition-uus\/","og_locale":"ru_RU","og_type":"article","og_title":"Raider Husqvarna 214TC Comfort Edition. Parimad raiderid Reginetist","og_description":"Husqvarna R\u202f214TC Comfort Editionil on pehmendusega rool ja k\u00f5rgema seljatoega mugav iste.Sellel on v\u00f5imas kahesilindriline mootor ja 94cm","og_url":"https:\/\/reginett.ee\/toode\/raider-husqvarna-214tc-comfort-edition-uus\/","og_site_name":"Reginett","article_modified_time":"2026-04-16T07:06:37+00:00","og_image":[{"width":2560,"height":1795,"url":"https:\/\/reginett.ee\/wp-content\/uploads\/2022\/02\/Raider-Husqvarna-214TC-Comfort-Edition-scaled.jpg","type":"image\/jpeg"}],"twitter_card":"summary_large_image","twitter_misc":{"\u041f\u0440\u0438\u043c\u0435\u0440\u043d\u043e\u0435 \u0432\u0440\u0435\u043c\u044f \u0434\u043b\u044f \u0447\u0442\u0435\u043d\u0438\u044f":"1 \u043c\u0438\u043d\u0443\u0442\u0430"},"schema":{"@context":"https:\/\/schema.org","@graph":[{"@type":"WebPage","@id":"https:\/\/reginett.ee\/toode\/raider-husqvarna-214tc-comfort-edition-uus\/","url":"https:\/\/reginett.ee\/toode\/raider-husqvarna-214tc-comfort-edition-uus\/","name":"Raider Husqvarna 214TC Comfort Edition. Parimad raiderid Reginetist","isPartOf":{"@id":"https:\/\/reginett.ee\/#website"},"primaryImageOfPage":{"@id":"https:\/\/reginett.ee\/toode\/raider-husqvarna-214tc-comfort-edition-uus\/#primaryimage"},"image":{"@id":"https:\/\/reginett.ee\/toode\/raider-husqvarna-214tc-comfort-edition-uus\/#primaryimage"},"thumbnailUrl":"https:\/\/reginett.ee\/wp-content\/uploads\/2022\/02\/Raider-Husqvarna-214TC-Comfort-Edition-scaled.jpg","datePublished":"2022-02-17T19:05:48+00:00","dateModified":"2026-04-16T07:06:37+00:00","description":"Husqvarna R\u202f214TC Comfort Editionil on pehmendusega rool ja k\u00f5rgema seljatoega mugav iste.Sellel on v\u00f5imas kahesilindriline mootor ja 94cm","breadcrumb":{"@id":"https:\/\/reginett.ee\/toode\/raider-husqvarna-214tc-comfort-edition-uus\/#breadcrumb"},"inLanguage":"ru-RU","potentialAction":[{"@type":"ReadAction","target":["https:\/\/reginett.ee\/toode\/raider-husqvarna-214tc-comfort-edition-uus\/"]}]},{"@type":"ImageObject","inLanguage":"ru-RU","@id":"https:\/\/reginett.ee\/toode\/raider-husqvarna-214tc-comfort-edition-uus\/#primaryimage","url":"https:\/\/reginett.ee\/wp-content\/uploads\/2022\/02\/Raider-Husqvarna-214TC-Comfort-Edition-scaled.jpg","contentUrl":"https:\/\/reginett.ee\/wp-content\/uploads\/2022\/02\/Raider-Husqvarna-214TC-Comfort-Edition-scaled.jpg","width":2560,"height":1795,"caption":"Husqvarna 214TC Comfort Edition"},{"@type":"BreadcrumbList","@id":"https:\/\/reginett.ee\/toode\/raider-husqvarna-214tc-comfort-edition-uus\/#breadcrumb","itemListElement":[{"@type":"ListItem","position":1,"name":"Home","item":"https:\/\/reginett.ee\/ru\/"},{"@type":"ListItem","position":2,"name":"Tooted","item":"https:\/\/reginett.ee\/tooted\/"},{"@type":"ListItem","position":3,"name":"Raider Husqvarna 214TC Comfort Edition 94cm"}]},{"@type":"WebSite","@id":"https:\/\/reginett.ee\/#website","url":"https:\/\/reginett.ee\/","name":"Reginett","description":"Parimad robotniidukid","potentialAction":[{"@type":"SearchAction","target":{"@type":"EntryPoint","urlTemplate":"https:\/\/reginett.ee\/?s={search_term_string}"},"query-input":{"@type":"PropertyValueSpecification","valueRequired":true,"valueName":"search_term_string"}}],"inLanguage":"ru-RU"}]}},"brands":[{"id":147,"name":"Husqvarna","slug":"husqvarna"}],"_links":{"self":[{"href":"https:\/\/reginett.ee\/ru\/wp-json\/wp\/v2\/product\/57105","targetHints":{"allow":["GET"]}}],"collection":[{"href":"https:\/\/reginett.ee\/ru\/wp-json\/wp\/v2\/product"}],"about":[{"href":"https:\/\/reginett.ee\/ru\/wp-json\/wp\/v2\/types\/product"}],"replies":[{"embeddable":true,"href":"https:\/\/reginett.ee\/ru\/wp-json\/wp\/v2\/comments?post=57105"}],"wp:featuredmedia":[{"embeddable":true,"href":"https:\/\/reginett.ee\/ru\/wp-json\/wp\/v2\/media\/57106"}],"wp:attachment":[{"href":"https:\/\/reginett.ee\/ru\/wp-json\/wp\/v2\/media?parent=57105"}],"wp:term":[{"taxonomy":"pwb-brand","embeddable":true,"href":"https:\/\/reginett.ee\/ru\/wp-json\/wp\/v2\/pwb-brand?post=57105"},{"taxonomy":"product_brand","embeddable":true,"href":"https:\/\/reginett.ee\/ru\/wp-json\/wp\/v2\/product_brand?post=57105"},{"taxonomy":"product_cat","embeddable":true,"href":"https:\/\/reginett.ee\/ru\/wp-json\/wp\/v2\/product_cat?post=57105"},{"taxonomy":"product_tag","embeddable":true,"href":"https:\/\/reginett.ee\/ru\/wp-json\/wp\/v2\/product_tag?post=57105"}],"curies":[{"name":"wp","href":"https:\/\/api.w.org\/{rel}","templated":true}]}}