{"id":57069,"date":"2022-01-28T22:56:19","date_gmt":"2022-01-28T19:56:19","guid":{"rendered":"https:\/\/reginett.ee\/?post_type=product&#038;p=57069"},"modified":"2026-01-06T10:43:11","modified_gmt":"2026-01-06T07:43:11","slug":"husqvarna-care-pikendatud-garantii-robotniidukile","status":"publish","type":"product","link":"https:\/\/reginett.ee\/ru\/toode\/husqvarna-care-pikendatud-garantii-robotniidukile\/","title":{"rendered":"Pikendatud garantii robotniidukile"},"content":{"rendered":"<p><strong>Husqvarna Care pikendatud garantii Automower\u00ae robotniidukile<br \/>\n<\/strong><\/p>\n<ul>\n<li>2 + 3 aastat<\/li>\n<li>2-aastane tehasegarantii<\/li>\n<li>3 aastat pikendust \u2013 119 \u20ac<\/li>\n<\/ul>\n<p>Garantiipikendus kehtimiseks on vajalik toodet kord aastas hooldada Husqvarna volitatud edasim\u00fc\u00fcja juures!<\/p>\n<p>KKK<\/p>\n<div class=\"row\">\n<div class=\"col-md-6\"><\/div>\n<\/div>\n<div class=\"row\">\n<div>\n<div class=\"row\">\n<div class=\"col-md-6\">\n<h3>Kas ma v\u00f5in hooldamiseks ja remontimiseks p\u00f6\u00f6rduda mis tahes edasim\u00fc\u00fcja poole?<\/h3>\n<\/div>\n<\/div>\n<div class=\"row\">\n<div class=\"col-md-6\">Jah, nii aastase hoolduse kui ka remontimise puhul v\u00f5ib p\u00f6\u00f6rduda Husqvarna iga ametliku edasim\u00fc\u00fcja poole.<\/div>\n<div>\n<div class=\"row\">\n<div class=\"col-md-6\">\n<h3>Millised on minu kui kliendi kohustused?<\/h3>\n<\/div>\n<\/div>\n<div class=\"row\">\n<div class=\"col-md-6\">Toodet tuleb hooldada vastavalt Husqvarna soovitustele ja etten\u00e4htud hoolduskavale. K\u00f5igi lepingute puhul on sul kohustus teostada volitatud hooldust Husqvarna edasim\u00fc\u00fcja juures. Hooldus peab olema dokumenteeritud. Warranty Plus ei sisalda aastast hooldust.<\/div>\n<div>\n<div class=\"row\">\n<div class=\"col-md-6\">\n<h3>Kas ma v\u00f5in aastase hoolduse teha ise v\u00f5i remontida seadet iseseisvalt?<\/h3>\n<\/div>\n<\/div>\n<div class=\"row\">\n<div class=\"col-md-6\">Ei, k\u00f5igi hoolduste ja remontide eeltingimuseks on nende teostamine Husqvarna ametliku edasim\u00fc\u00fcja v\u00f5i hoolduspartneri poolt.<\/div>\n<div>\n<div class=\"row\">\n<div class=\"col-md-6\">\n<h3>Kuidas ma tean, et on k\u00e4tte j\u00f5udnud hooldusaeg?<\/h3>\n<\/div>\n<\/div>\n<div class=\"row\">\n<div class=\"col-md-6\">Aastase hoolduse saabumisel saadetakse Husqvarnalt vastav meeldetuletus. Hoolduseks on v\u00f5imalik broneerida iga Husqvarna ametliku edasim\u00fc\u00fcja juures.<\/div>\n<\/div>\n<\/div>\n<\/div>\n<\/div>\n<\/div>\n<\/div>\n<\/div>\n<\/div>\n<\/div>\n<p>&nbsp;<\/p>\n","protected":false},"excerpt":{"rendered":"<p><strong>Husqvarna Care pikendatud garantii Automower\u00ae robotniidukile<br \/>\n<\/strong><\/p>\n<ul>\n<li>2 + 3 aastat<\/li>\n<li>2-aastane tehasegarantii<\/li>\n<li>3 aastat pikendust \u2013 99 \u20ac<\/li>\n<\/ul>\n<p>Garantiipikendus kehtimiseks on vajalik toodet kord aastas hooldada Husqvarna volitatud edasim\u00fc\u00fcja juures!<\/p>\n","protected":false},"featured_media":51714,"comment_status":"open","ping_status":"closed","template":"","meta":{"_acf_changed":false,"_et_pb_use_builder":"","_et_pb_old_content":"","_et_gb_content_width":"","inline_featured_image":false},"pwb-brand":[],"product_brand":[],"product_cat":[37,19,120],"product_tag":[382,384,383],"class_list":{"0":"post-57069","1":"product","2":"type-product","3":"status-publish","4":"has-post-thumbnail","6":"product_cat-husqvarna","7":"product_cat-robotniidukid","8":"product_cat-robotniidukite-lisatarvikud","9":"product_tag-garantii","10":"product_tag-husqvarna-care","11":"product_tag-pikendatud-garantii","13":"first","14":"instock","15":"shipping-taxable","16":"purchasable","17":"product-type-simple"},"acf":[],"yoast_head":"<!-- This site is optimized with the Yoast SEO plugin v26.6 - https:\/\/yoast.com\/wordpress\/plugins\/seo\/ -->\n<title>Husqvarna Care pikendatud garantii Automower robotniidukile<\/title>\n<meta name=\"description\" content=\"Husqvarna Care pikendatud garantii Automower\u00ae robotniidukile2 + 3 aastat2-aastane tehasegarantii 3 aastat pikendust \u2013 99 \u20ac\" \/>\n<meta name=\"robots\" content=\"index, follow, max-snippet:-1, max-image-preview:large, max-video-preview:-1\" \/>\n<link rel=\"canonical\" href=\"https:\/\/reginett.ee\/toode\/husqvarna-care-pikendatud-garantii-robotniidukile\/\" \/>\n<meta property=\"og:locale\" content=\"ru_RU\" \/>\n<meta property=\"og:type\" content=\"article\" \/>\n<meta property=\"og:title\" content=\"Husqvarna Care pikendatud garantii Automower robotniidukile\" \/>\n<meta property=\"og:description\" content=\"Husqvarna Care pikendatud garantii Automower\u00ae robotniidukile2 + 3 aastat2-aastane tehasegarantii 3 aastat pikendust \u2013 99 \u20ac\" \/>\n<meta property=\"og:url\" content=\"https:\/\/reginett.ee\/toode\/husqvarna-care-pikendatud-garantii-robotniidukile\/\" \/>\n<meta property=\"og:site_name\" content=\"Reginett\" \/>\n<meta property=\"article:modified_time\" content=\"2026-01-06T07:43:11+00:00\" \/>\n<meta property=\"og:image\" content=\"https:\/\/reginett.ee\/wp-content\/uploads\/2020\/04\/Husqvarna-Care-scaled.jpg\" \/>\n\t<meta property=\"og:image:width\" content=\"2544\" \/>\n\t<meta property=\"og:image:height\" content=\"2560\" \/>\n\t<meta property=\"og:image:type\" content=\"image\/jpeg\" \/>\n<meta name=\"twitter:card\" content=\"summary_large_image\" \/>\n<meta name=\"twitter:label1\" content=\"\u041f\u0440\u0438\u043c\u0435\u0440\u043d\u043e\u0435 \u0432\u0440\u0435\u043c\u044f \u0434\u043b\u044f \u0447\u0442\u0435\u043d\u0438\u044f\" \/>\n\t<meta name=\"twitter:data1\" content=\"1 \u043c\u0438\u043d\u0443\u0442\u0430\" \/>\n<script type=\"application\/ld+json\" class=\"yoast-schema-graph\">{\"@context\":\"https:\/\/schema.org\",\"@graph\":[{\"@type\":\"WebPage\",\"@id\":\"https:\/\/reginett.ee\/toode\/husqvarna-care-pikendatud-garantii-robotniidukile\/\",\"url\":\"https:\/\/reginett.ee\/toode\/husqvarna-care-pikendatud-garantii-robotniidukile\/\",\"name\":\"Husqvarna Care pikendatud garantii Automower robotniidukile\",\"isPartOf\":{\"@id\":\"https:\/\/reginett.ee\/#website\"},\"primaryImageOfPage\":{\"@id\":\"https:\/\/reginett.ee\/toode\/husqvarna-care-pikendatud-garantii-robotniidukile\/#primaryimage\"},\"image\":{\"@id\":\"https:\/\/reginett.ee\/toode\/husqvarna-care-pikendatud-garantii-robotniidukile\/#primaryimage\"},\"thumbnailUrl\":\"https:\/\/reginett.ee\/wp-content\/uploads\/2020\/04\/Husqvarna-Care-scaled.jpg\",\"datePublished\":\"2022-01-28T19:56:19+00:00\",\"dateModified\":\"2026-01-06T07:43:11+00:00\",\"description\":\"Husqvarna Care pikendatud garantii Automower\u00ae robotniidukile2 + 3 aastat2-aastane tehasegarantii 3 aastat pikendust \u2013 99 \u20ac\",\"breadcrumb\":{\"@id\":\"https:\/\/reginett.ee\/toode\/husqvarna-care-pikendatud-garantii-robotniidukile\/#breadcrumb\"},\"inLanguage\":\"ru-RU\",\"potentialAction\":[{\"@type\":\"ReadAction\",\"target\":[\"https:\/\/reginett.ee\/toode\/husqvarna-care-pikendatud-garantii-robotniidukile\/\"]}]},{\"@type\":\"ImageObject\",\"inLanguage\":\"ru-RU\",\"@id\":\"https:\/\/reginett.ee\/toode\/husqvarna-care-pikendatud-garantii-robotniidukile\/#primaryimage\",\"url\":\"https:\/\/reginett.ee\/wp-content\/uploads\/2020\/04\/Husqvarna-Care-scaled.jpg\",\"contentUrl\":\"https:\/\/reginett.ee\/wp-content\/uploads\/2020\/04\/Husqvarna-Care-scaled.jpg\",\"width\":2544,\"height\":2560},{\"@type\":\"BreadcrumbList\",\"@id\":\"https:\/\/reginett.ee\/toode\/husqvarna-care-pikendatud-garantii-robotniidukile\/#breadcrumb\",\"itemListElement\":[{\"@type\":\"ListItem\",\"position\":1,\"name\":\"Home\",\"item\":\"https:\/\/reginett.ee\/ru\/\"},{\"@type\":\"ListItem\",\"position\":2,\"name\":\"Tooted\",\"item\":\"https:\/\/reginett.ee\/tooted\/\"},{\"@type\":\"ListItem\",\"position\":3,\"name\":\"Pikendatud garantii robotniidukile\"}]},{\"@type\":\"WebSite\",\"@id\":\"https:\/\/reginett.ee\/#website\",\"url\":\"https:\/\/reginett.ee\/\",\"name\":\"Reginett\",\"description\":\"Parimad robotniidukid\",\"potentialAction\":[{\"@type\":\"SearchAction\",\"target\":{\"@type\":\"EntryPoint\",\"urlTemplate\":\"https:\/\/reginett.ee\/?s={search_term_string}\"},\"query-input\":{\"@type\":\"PropertyValueSpecification\",\"valueRequired\":true,\"valueName\":\"search_term_string\"}}],\"inLanguage\":\"ru-RU\"}]}<\/script>\n<!-- \/ Yoast SEO plugin. -->","yoast_head_json":{"title":"Husqvarna Care pikendatud garantii Automower robotniidukile","description":"Husqvarna Care pikendatud garantii Automower\u00ae robotniidukile2 + 3 aastat2-aastane tehasegarantii 3 aastat pikendust \u2013 99 \u20ac","robots":{"index":"index","follow":"follow","max-snippet":"max-snippet:-1","max-image-preview":"max-image-preview:large","max-video-preview":"max-video-preview:-1"},"canonical":"https:\/\/reginett.ee\/toode\/husqvarna-care-pikendatud-garantii-robotniidukile\/","og_locale":"ru_RU","og_type":"article","og_title":"Husqvarna Care pikendatud garantii Automower robotniidukile","og_description":"Husqvarna Care pikendatud garantii Automower\u00ae robotniidukile2 + 3 aastat2-aastane tehasegarantii 3 aastat pikendust \u2013 99 \u20ac","og_url":"https:\/\/reginett.ee\/toode\/husqvarna-care-pikendatud-garantii-robotniidukile\/","og_site_name":"Reginett","article_modified_time":"2026-01-06T07:43:11+00:00","og_image":[{"width":2544,"height":2560,"url":"https:\/\/reginett.ee\/wp-content\/uploads\/2020\/04\/Husqvarna-Care-scaled.jpg","type":"image\/jpeg"}],"twitter_card":"summary_large_image","twitter_misc":{"\u041f\u0440\u0438\u043c\u0435\u0440\u043d\u043e\u0435 \u0432\u0440\u0435\u043c\u044f \u0434\u043b\u044f \u0447\u0442\u0435\u043d\u0438\u044f":"1 \u043c\u0438\u043d\u0443\u0442\u0430"},"schema":{"@context":"https:\/\/schema.org","@graph":[{"@type":"WebPage","@id":"https:\/\/reginett.ee\/toode\/husqvarna-care-pikendatud-garantii-robotniidukile\/","url":"https:\/\/reginett.ee\/toode\/husqvarna-care-pikendatud-garantii-robotniidukile\/","name":"Husqvarna Care pikendatud garantii Automower robotniidukile","isPartOf":{"@id":"https:\/\/reginett.ee\/#website"},"primaryImageOfPage":{"@id":"https:\/\/reginett.ee\/toode\/husqvarna-care-pikendatud-garantii-robotniidukile\/#primaryimage"},"image":{"@id":"https:\/\/reginett.ee\/toode\/husqvarna-care-pikendatud-garantii-robotniidukile\/#primaryimage"},"thumbnailUrl":"https:\/\/reginett.ee\/wp-content\/uploads\/2020\/04\/Husqvarna-Care-scaled.jpg","datePublished":"2022-01-28T19:56:19+00:00","dateModified":"2026-01-06T07:43:11+00:00","description":"Husqvarna Care pikendatud garantii Automower\u00ae robotniidukile2 + 3 aastat2-aastane tehasegarantii 3 aastat pikendust \u2013 99 \u20ac","breadcrumb":{"@id":"https:\/\/reginett.ee\/toode\/husqvarna-care-pikendatud-garantii-robotniidukile\/#breadcrumb"},"inLanguage":"ru-RU","potentialAction":[{"@type":"ReadAction","target":["https:\/\/reginett.ee\/toode\/husqvarna-care-pikendatud-garantii-robotniidukile\/"]}]},{"@type":"ImageObject","inLanguage":"ru-RU","@id":"https:\/\/reginett.ee\/toode\/husqvarna-care-pikendatud-garantii-robotniidukile\/#primaryimage","url":"https:\/\/reginett.ee\/wp-content\/uploads\/2020\/04\/Husqvarna-Care-scaled.jpg","contentUrl":"https:\/\/reginett.ee\/wp-content\/uploads\/2020\/04\/Husqvarna-Care-scaled.jpg","width":2544,"height":2560},{"@type":"BreadcrumbList","@id":"https:\/\/reginett.ee\/toode\/husqvarna-care-pikendatud-garantii-robotniidukile\/#breadcrumb","itemListElement":[{"@type":"ListItem","position":1,"name":"Home","item":"https:\/\/reginett.ee\/ru\/"},{"@type":"ListItem","position":2,"name":"Tooted","item":"https:\/\/reginett.ee\/tooted\/"},{"@type":"ListItem","position":3,"name":"Pikendatud garantii robotniidukile"}]},{"@type":"WebSite","@id":"https:\/\/reginett.ee\/#website","url":"https:\/\/reginett.ee\/","name":"Reginett","description":"Parimad robotniidukid","potentialAction":[{"@type":"SearchAction","target":{"@type":"EntryPoint","urlTemplate":"https:\/\/reginett.ee\/?s={search_term_string}"},"query-input":{"@type":"PropertyValueSpecification","valueRequired":true,"valueName":"search_term_string"}}],"inLanguage":"ru-RU"}]}},"brands":[],"_links":{"self":[{"href":"https:\/\/reginett.ee\/ru\/wp-json\/wp\/v2\/product\/57069","targetHints":{"allow":["GET"]}}],"collection":[{"href":"https:\/\/reginett.ee\/ru\/wp-json\/wp\/v2\/product"}],"about":[{"href":"https:\/\/reginett.ee\/ru\/wp-json\/wp\/v2\/types\/product"}],"replies":[{"embeddable":true,"href":"https:\/\/reginett.ee\/ru\/wp-json\/wp\/v2\/comments?post=57069"}],"wp:featuredmedia":[{"embeddable":true,"href":"https:\/\/reginett.ee\/ru\/wp-json\/wp\/v2\/media\/51714"}],"wp:attachment":[{"href":"https:\/\/reginett.ee\/ru\/wp-json\/wp\/v2\/media?parent=57069"}],"wp:term":[{"taxonomy":"pwb-brand","embeddable":true,"href":"https:\/\/reginett.ee\/ru\/wp-json\/wp\/v2\/pwb-brand?post=57069"},{"taxonomy":"product_brand","embeddable":true,"href":"https:\/\/reginett.ee\/ru\/wp-json\/wp\/v2\/product_brand?post=57069"},{"taxonomy":"product_cat","embeddable":true,"href":"https:\/\/reginett.ee\/ru\/wp-json\/wp\/v2\/product_cat?post=57069"},{"taxonomy":"product_tag","embeddable":true,"href":"https:\/\/reginett.ee\/ru\/wp-json\/wp\/v2\/product_tag?post=57069"}],"curies":[{"name":"wp","href":"https:\/\/api.w.org\/{rel}","templated":true}]}}