{"id":56980,"date":"2022-01-14T17:45:52","date_gmt":"2022-01-14T14:45:52","guid":{"rendered":"https:\/\/reginett.ee\/?post_type=product&#038;p=56980"},"modified":"2023-01-21T12:38:53","modified_gmt":"2023-01-21T09:38:53","slug":"veeautomaat-al-ko-hw-3000-inox-classic","status":"publish","type":"product","link":"https:\/\/reginett.ee\/ru\/toode\/veeautomaat-al-ko-hw-3000-inox-classic\/","title":{"rendered":"Veeautomaat AL-KO HW 3000 Inox Classic"},"content":{"rendered":"<p>AL-KO HW 3000 Inox Classic on t\u00f6\u00f6kindel ja vaikne veeautomaat, mida on eriti lihtne paigaldada.<\/p>\n<p>V\u00f5imsal AL-KO HW 3000 h\u00fcdrofooril on roostevabast terasest pumbakorpus.<\/p>\n<p>&nbsp;<\/p>\n","protected":false},"excerpt":{"rendered":"<p>AL-KO HW 3000 Inox Classic on t\u00f6\u00f6kindel ja vaikne veeautomaat, mida on eriti lihtne paigaldada.<\/p>\n<p>V\u00f5imsal AL-KO HW 3000 h\u00fcdrofooril on roostevabast terasest pumbakorpus.<\/p>\n","protected":false},"featured_media":56989,"comment_status":"open","ping_status":"closed","template":"","meta":{"_acf_changed":false,"_et_pb_use_builder":"","_et_pb_old_content":"","_et_gb_content_width":"","inline_featured_image":false},"pwb-brand":[254],"product_brand":[],"product_cat":[150,28],"product_tag":[378,377,379],"class_list":{"0":"post-56980","1":"product","2":"type-product","3":"status-publish","4":"has-post-thumbnail","6":"pwb-brand-al-ko","7":"product_cat-alko","8":"product_cat-puhastustehnika","9":"product_tag-hudrofoor","10":"product_tag-veeautomaat","11":"product_tag-veepump","13":"first","14":"outofstock","15":"sale","16":"shipping-taxable","17":"purchasable","18":"product-type-simple"},"acf":[],"yoast_head":"<!-- This site is optimized with the Yoast SEO plugin v26.6 - https:\/\/yoast.com\/wordpress\/plugins\/seo\/ -->\n<title>Veeautomaat AL-KO HW 3000. Vastupidav h\u00fcdrofoor Reginetist<\/title>\n<meta name=\"description\" content=\"AL-KO HW 3000 Inox Classic on t\u00f6\u00f6kindel ja vaikne veeautomaat, mida on eriti lihtne paigaldada. V\u00f5imsal AL-KO HW 3000 h\u00fcdrofooril on\" \/>\n<meta name=\"robots\" content=\"index, follow, max-snippet:-1, max-image-preview:large, max-video-preview:-1\" \/>\n<link rel=\"canonical\" href=\"https:\/\/reginett.ee\/toode\/veeautomaat-al-ko-hw-3000-inox-classic\/\" \/>\n<meta property=\"og:locale\" content=\"ru_RU\" \/>\n<meta property=\"og:type\" content=\"article\" \/>\n<meta property=\"og:title\" content=\"Veeautomaat AL-KO HW 3000. Vastupidav h\u00fcdrofoor Reginetist\" \/>\n<meta property=\"og:description\" content=\"AL-KO HW 3000 Inox Classic on t\u00f6\u00f6kindel ja vaikne veeautomaat, mida on eriti lihtne paigaldada. V\u00f5imsal AL-KO HW 3000 h\u00fcdrofooril on\" \/>\n<meta property=\"og:url\" content=\"https:\/\/reginett.ee\/toode\/veeautomaat-al-ko-hw-3000-inox-classic\/\" \/>\n<meta property=\"og:site_name\" content=\"Reginett\" \/>\n<meta property=\"article:modified_time\" content=\"2023-01-21T09:38:53+00:00\" \/>\n<meta property=\"og:image\" content=\"https:\/\/reginett.ee\/wp-content\/uploads\/2022\/01\/Veeautomaat-AL-KO-1.jpg\" \/>\n\t<meta property=\"og:image:width\" content=\"680\" \/>\n\t<meta property=\"og:image:height\" content=\"372\" \/>\n\t<meta property=\"og:image:type\" content=\"image\/jpeg\" \/>\n<meta name=\"twitter:card\" content=\"summary_large_image\" \/>\n<meta name=\"twitter:label1\" content=\"\u041f\u0440\u0438\u043c\u0435\u0440\u043d\u043e\u0435 \u0432\u0440\u0435\u043c\u044f \u0434\u043b\u044f \u0447\u0442\u0435\u043d\u0438\u044f\" \/>\n\t<meta name=\"twitter:data1\" content=\"1 \u043c\u0438\u043d\u0443\u0442\u0430\" \/>\n<script type=\"application\/ld+json\" class=\"yoast-schema-graph\">{\"@context\":\"https:\/\/schema.org\",\"@graph\":[{\"@type\":\"WebPage\",\"@id\":\"https:\/\/reginett.ee\/toode\/veeautomaat-al-ko-hw-3000-inox-classic\/\",\"url\":\"https:\/\/reginett.ee\/toode\/veeautomaat-al-ko-hw-3000-inox-classic\/\",\"name\":\"Veeautomaat AL-KO HW 3000. Vastupidav h\u00fcdrofoor Reginetist\",\"isPartOf\":{\"@id\":\"https:\/\/reginett.ee\/#website\"},\"primaryImageOfPage\":{\"@id\":\"https:\/\/reginett.ee\/toode\/veeautomaat-al-ko-hw-3000-inox-classic\/#primaryimage\"},\"image\":{\"@id\":\"https:\/\/reginett.ee\/toode\/veeautomaat-al-ko-hw-3000-inox-classic\/#primaryimage\"},\"thumbnailUrl\":\"https:\/\/reginett.ee\/wp-content\/uploads\/2022\/01\/Veeautomaat-AL-KO-1.jpg\",\"datePublished\":\"2022-01-14T14:45:52+00:00\",\"dateModified\":\"2023-01-21T09:38:53+00:00\",\"description\":\"AL-KO HW 3000 Inox Classic on t\u00f6\u00f6kindel ja vaikne veeautomaat, mida on eriti lihtne paigaldada. V\u00f5imsal AL-KO HW 3000 h\u00fcdrofooril on\",\"breadcrumb\":{\"@id\":\"https:\/\/reginett.ee\/toode\/veeautomaat-al-ko-hw-3000-inox-classic\/#breadcrumb\"},\"inLanguage\":\"ru-RU\",\"potentialAction\":[{\"@type\":\"ReadAction\",\"target\":[\"https:\/\/reginett.ee\/toode\/veeautomaat-al-ko-hw-3000-inox-classic\/\"]}]},{\"@type\":\"ImageObject\",\"inLanguage\":\"ru-RU\",\"@id\":\"https:\/\/reginett.ee\/toode\/veeautomaat-al-ko-hw-3000-inox-classic\/#primaryimage\",\"url\":\"https:\/\/reginett.ee\/wp-content\/uploads\/2022\/01\/Veeautomaat-AL-KO-1.jpg\",\"contentUrl\":\"https:\/\/reginett.ee\/wp-content\/uploads\/2022\/01\/Veeautomaat-AL-KO-1.jpg\",\"width\":680,\"height\":372},{\"@type\":\"BreadcrumbList\",\"@id\":\"https:\/\/reginett.ee\/toode\/veeautomaat-al-ko-hw-3000-inox-classic\/#breadcrumb\",\"itemListElement\":[{\"@type\":\"ListItem\",\"position\":1,\"name\":\"Home\",\"item\":\"https:\/\/reginett.ee\/ru\/\"},{\"@type\":\"ListItem\",\"position\":2,\"name\":\"Tooted\",\"item\":\"https:\/\/reginett.ee\/tooted\/\"},{\"@type\":\"ListItem\",\"position\":3,\"name\":\"Veeautomaat AL-KO HW 3000 Inox Classic\"}]},{\"@type\":\"WebSite\",\"@id\":\"https:\/\/reginett.ee\/#website\",\"url\":\"https:\/\/reginett.ee\/\",\"name\":\"Reginett\",\"description\":\"Parimad robotniidukid\",\"potentialAction\":[{\"@type\":\"SearchAction\",\"target\":{\"@type\":\"EntryPoint\",\"urlTemplate\":\"https:\/\/reginett.ee\/?s={search_term_string}\"},\"query-input\":{\"@type\":\"PropertyValueSpecification\",\"valueRequired\":true,\"valueName\":\"search_term_string\"}}],\"inLanguage\":\"ru-RU\"}]}<\/script>\n<!-- \/ Yoast SEO plugin. -->","yoast_head_json":{"title":"Veeautomaat AL-KO HW 3000. Vastupidav h\u00fcdrofoor Reginetist","description":"AL-KO HW 3000 Inox Classic on t\u00f6\u00f6kindel ja vaikne veeautomaat, mida on eriti lihtne paigaldada. V\u00f5imsal AL-KO HW 3000 h\u00fcdrofooril on","robots":{"index":"index","follow":"follow","max-snippet":"max-snippet:-1","max-image-preview":"max-image-preview:large","max-video-preview":"max-video-preview:-1"},"canonical":"https:\/\/reginett.ee\/toode\/veeautomaat-al-ko-hw-3000-inox-classic\/","og_locale":"ru_RU","og_type":"article","og_title":"Veeautomaat AL-KO HW 3000. Vastupidav h\u00fcdrofoor Reginetist","og_description":"AL-KO HW 3000 Inox Classic on t\u00f6\u00f6kindel ja vaikne veeautomaat, mida on eriti lihtne paigaldada. V\u00f5imsal AL-KO HW 3000 h\u00fcdrofooril on","og_url":"https:\/\/reginett.ee\/toode\/veeautomaat-al-ko-hw-3000-inox-classic\/","og_site_name":"Reginett","article_modified_time":"2023-01-21T09:38:53+00:00","og_image":[{"width":680,"height":372,"url":"https:\/\/reginett.ee\/wp-content\/uploads\/2022\/01\/Veeautomaat-AL-KO-1.jpg","type":"image\/jpeg"}],"twitter_card":"summary_large_image","twitter_misc":{"\u041f\u0440\u0438\u043c\u0435\u0440\u043d\u043e\u0435 \u0432\u0440\u0435\u043c\u044f \u0434\u043b\u044f \u0447\u0442\u0435\u043d\u0438\u044f":"1 \u043c\u0438\u043d\u0443\u0442\u0430"},"schema":{"@context":"https:\/\/schema.org","@graph":[{"@type":"WebPage","@id":"https:\/\/reginett.ee\/toode\/veeautomaat-al-ko-hw-3000-inox-classic\/","url":"https:\/\/reginett.ee\/toode\/veeautomaat-al-ko-hw-3000-inox-classic\/","name":"Veeautomaat AL-KO HW 3000. Vastupidav h\u00fcdrofoor Reginetist","isPartOf":{"@id":"https:\/\/reginett.ee\/#website"},"primaryImageOfPage":{"@id":"https:\/\/reginett.ee\/toode\/veeautomaat-al-ko-hw-3000-inox-classic\/#primaryimage"},"image":{"@id":"https:\/\/reginett.ee\/toode\/veeautomaat-al-ko-hw-3000-inox-classic\/#primaryimage"},"thumbnailUrl":"https:\/\/reginett.ee\/wp-content\/uploads\/2022\/01\/Veeautomaat-AL-KO-1.jpg","datePublished":"2022-01-14T14:45:52+00:00","dateModified":"2023-01-21T09:38:53+00:00","description":"AL-KO HW 3000 Inox Classic on t\u00f6\u00f6kindel ja vaikne veeautomaat, mida on eriti lihtne paigaldada. V\u00f5imsal AL-KO HW 3000 h\u00fcdrofooril on","breadcrumb":{"@id":"https:\/\/reginett.ee\/toode\/veeautomaat-al-ko-hw-3000-inox-classic\/#breadcrumb"},"inLanguage":"ru-RU","potentialAction":[{"@type":"ReadAction","target":["https:\/\/reginett.ee\/toode\/veeautomaat-al-ko-hw-3000-inox-classic\/"]}]},{"@type":"ImageObject","inLanguage":"ru-RU","@id":"https:\/\/reginett.ee\/toode\/veeautomaat-al-ko-hw-3000-inox-classic\/#primaryimage","url":"https:\/\/reginett.ee\/wp-content\/uploads\/2022\/01\/Veeautomaat-AL-KO-1.jpg","contentUrl":"https:\/\/reginett.ee\/wp-content\/uploads\/2022\/01\/Veeautomaat-AL-KO-1.jpg","width":680,"height":372},{"@type":"BreadcrumbList","@id":"https:\/\/reginett.ee\/toode\/veeautomaat-al-ko-hw-3000-inox-classic\/#breadcrumb","itemListElement":[{"@type":"ListItem","position":1,"name":"Home","item":"https:\/\/reginett.ee\/ru\/"},{"@type":"ListItem","position":2,"name":"Tooted","item":"https:\/\/reginett.ee\/tooted\/"},{"@type":"ListItem","position":3,"name":"Veeautomaat AL-KO HW 3000 Inox Classic"}]},{"@type":"WebSite","@id":"https:\/\/reginett.ee\/#website","url":"https:\/\/reginett.ee\/","name":"Reginett","description":"Parimad robotniidukid","potentialAction":[{"@type":"SearchAction","target":{"@type":"EntryPoint","urlTemplate":"https:\/\/reginett.ee\/?s={search_term_string}"},"query-input":{"@type":"PropertyValueSpecification","valueRequired":true,"valueName":"search_term_string"}}],"inLanguage":"ru-RU"}]}},"brands":[{"id":254,"name":"AL-KO","slug":"al-ko"}],"_links":{"self":[{"href":"https:\/\/reginett.ee\/ru\/wp-json\/wp\/v2\/product\/56980","targetHints":{"allow":["GET"]}}],"collection":[{"href":"https:\/\/reginett.ee\/ru\/wp-json\/wp\/v2\/product"}],"about":[{"href":"https:\/\/reginett.ee\/ru\/wp-json\/wp\/v2\/types\/product"}],"replies":[{"embeddable":true,"href":"https:\/\/reginett.ee\/ru\/wp-json\/wp\/v2\/comments?post=56980"}],"wp:featuredmedia":[{"embeddable":true,"href":"https:\/\/reginett.ee\/ru\/wp-json\/wp\/v2\/media\/56989"}],"wp:attachment":[{"href":"https:\/\/reginett.ee\/ru\/wp-json\/wp\/v2\/media?parent=56980"}],"wp:term":[{"taxonomy":"pwb-brand","embeddable":true,"href":"https:\/\/reginett.ee\/ru\/wp-json\/wp\/v2\/pwb-brand?post=56980"},{"taxonomy":"product_brand","embeddable":true,"href":"https:\/\/reginett.ee\/ru\/wp-json\/wp\/v2\/product_brand?post=56980"},{"taxonomy":"product_cat","embeddable":true,"href":"https:\/\/reginett.ee\/ru\/wp-json\/wp\/v2\/product_cat?post=56980"},{"taxonomy":"product_tag","embeddable":true,"href":"https:\/\/reginett.ee\/ru\/wp-json\/wp\/v2\/product_tag?post=56980"}],"curies":[{"name":"wp","href":"https:\/\/api.w.org\/{rel}","templated":true}]}}