{"id":56919,"date":"2021-12-27T19:06:01","date_gmt":"2021-12-27T16:06:01","guid":{"rendered":"https:\/\/reginett.ee\/?post_type=product&#038;p=56919"},"modified":"2025-01-24T15:18:08","modified_gmt":"2025-01-24T12:18:08","slug":"lumepuhur-husqvarna-st230","status":"publish","type":"product","link":"https:\/\/reginett.ee\/ru\/toode\/lumepuhur-husqvarna-st230\/","title":{"rendered":"Lumepuhur Husqvarna ST230"},"content":{"rendered":"<p>Husqvarna ST230 on sobilik majapidamistesse, kus vajatakse suure j\u00f5udlusega lumepuhurit, et puhastada lumest suuremad platsid ja sisses\u00f5idud s\u00f5ltumata pinnasekattest t\u00e4nu reguleeritavatele jalastele. Efektiivne kaheastmeline ST230 lumepuhur saab hakkama ka k\u00f5ige raskemate lumeoludega.<\/p>\n<p>Astmeliselt reguleeritav k\u00e4epide, LED esituled, elektriline stareter ning rooliv\u00f5imendi lisavad kasutusmugavust.<\/p>\n<h3 class=\"h4 description-headline\">Kaheastmeline s\u00fcsteem<\/h3>\n<div class=\"description-text-wrapper\"><span class=\"description-text\">Lund suunab puhurisse p\u00f6\u00f6rlev kruvi. Puhuris on kiiresti p\u00f6\u00f6rlev tiivik, mis paiskab lume soovitud suunas<\/span>.<\/div>\n<div>\n<div class=\"col-sm-3 description\">\n<h3 class=\"h4 description-headline\">Diferentsiaalilukk<\/h3>\n<div class=\"description-text-wrapper\"><span class=\"description-text\">T\u00e4nu diferentsiaalilukule veavad m\u00f5lemad rattad. See tagab s\u00fcgavamustriliste rehvidega \u00fclihea haardumise. <\/span><\/div>\n<div>\n<div class=\"col-sm-3 description\">\n<h3 class=\"h4 description-headline\">LED-esituli\/-tuled<\/h3>\n<div class=\"description-text-wrapper\"><span class=\"description-text\">LED-esituli valgustab pimedal ajal. <\/span><\/div>\n<div>\n<div class=\"col-sm-3 description\">\n<h3 class=\"h4 description-headline\">Rooliv\u00f5imendi<\/h3>\n<div class=\"description-text-wrapper\"><span class=\"description-text\">V\u00f5imalus diferentsiaalilukk v\u00e4lja l\u00fclitada ning ise valida, milline ratas\/sild peaks vedama, teeb Husqvarna ST230 mudeliga man\u00f6\u00f6verdamise ja sellel t\u00f6\u00f6tamise lihtsaks. <\/span><\/div>\n<div><\/div>\n<h3>Tugev rootorikorpus<\/h3>\n<div>Vastupidavus, efektiivne puhastus ja pikk toote eluiga.<\/div>\n<div><\/div>\n<h3>Reguleeritavad jalased<\/h3>\n<div>V\u00f5imaldab reguleerida vahemikku rootorikorpuse ja maapinna vahel, et kaitsta maapinda\/pinnast.<\/div>\n<div><\/div>\n<h3>K\u00e4epideme k\u00f5rguse seadistamine<\/h3>\n<div>K\u00e4epideme k\u00f5rguse reguleerimine lisab lumepuhur Husqvarna ST230 masinale ergonoomilisust.<\/div>\n<div><\/div>\n<\/div>\n<\/div>\n<\/div>\n<\/div>\n<\/div>\n<\/div>\n","protected":false},"excerpt":{"rendered":"<p>Husqvarna ST230 on sobilik majapidamistesse, kus vajatakse suure j\u00f5udlusega lumepuhurit, et puhastada lumest suuremad platsid ja sisses\u00f5idud s\u00f5ltumata pinnasekattest t\u00e4nu reguleeritavatele jalastele. Efektiivne kaheastmeline ST230 lumepuhur saab hakkama ka k\u00f5ige raskemate lumeoludega.<\/p>\n","protected":false},"featured_media":58744,"comment_status":"open","ping_status":"closed","template":"","meta":{"_acf_changed":false,"_et_pb_use_builder":"","_et_pb_old_content":"","_et_gb_content_width":"","inline_featured_image":false},"pwb-brand":[147],"product_brand":[],"product_cat":[37,51],"product_tag":[157,156,106],"class_list":{"0":"post-56919","1":"product","2":"type-product","3":"status-publish","4":"has-post-thumbnail","6":"pwb-brand-husqvarna","7":"product_cat-husqvarna","8":"product_cat-lumepuhurid","9":"product_tag-lumefrees","10":"product_tag-lumepuhur","11":"product_tag-puhur","13":"first","14":"outofstock","15":"shipping-taxable","16":"purchasable","17":"product-type-simple"},"acf":[],"yoast_head":"<!-- This site is optimized with the Yoast SEO plugin v26.6 - https:\/\/yoast.com\/wordpress\/plugins\/seo\/ -->\n<title>Lumepuhur Husqvarna ST230. Parimad lumepuhurid Reginetist<\/title>\n<meta name=\"description\" content=\"Husqvarna ST230 on sobilik majapidamistesse, kus vajatakse suure j\u00f5udlusega lumepuhurit, et puhastada lumest suuremad\" \/>\n<meta name=\"robots\" content=\"index, follow, max-snippet:-1, max-image-preview:large, max-video-preview:-1\" \/>\n<link rel=\"canonical\" href=\"https:\/\/reginett.ee\/toode\/lumepuhur-husqvarna-st230\/\" \/>\n<meta property=\"og:locale\" content=\"ru_RU\" \/>\n<meta property=\"og:type\" content=\"article\" \/>\n<meta property=\"og:title\" content=\"Lumepuhur Husqvarna ST230. Parimad lumepuhurid Reginetist\" \/>\n<meta property=\"og:description\" content=\"Husqvarna ST230 on sobilik majapidamistesse, kus vajatakse suure j\u00f5udlusega lumepuhurit, et puhastada lumest suuremad\" \/>\n<meta property=\"og:url\" content=\"https:\/\/reginett.ee\/toode\/lumepuhur-husqvarna-st230\/\" \/>\n<meta property=\"og:site_name\" content=\"Reginett\" \/>\n<meta property=\"article:modified_time\" content=\"2025-01-24T12:18:08+00:00\" \/>\n<meta property=\"og:image\" content=\"https:\/\/reginett.ee\/wp-content\/uploads\/2021\/12\/Lumepuhur-Husqvarna-ST230-Reginett-1.jpg\" \/>\n\t<meta property=\"og:image:width\" content=\"680\" \/>\n\t<meta property=\"og:image:height\" content=\"372\" \/>\n\t<meta property=\"og:image:type\" content=\"image\/jpeg\" \/>\n<meta name=\"twitter:card\" content=\"summary_large_image\" \/>\n<meta name=\"twitter:label1\" content=\"\u041f\u0440\u0438\u043c\u0435\u0440\u043d\u043e\u0435 \u0432\u0440\u0435\u043c\u044f \u0434\u043b\u044f \u0447\u0442\u0435\u043d\u0438\u044f\" \/>\n\t<meta name=\"twitter:data1\" content=\"1 \u043c\u0438\u043d\u0443\u0442\u0430\" \/>\n<script type=\"application\/ld+json\" class=\"yoast-schema-graph\">{\"@context\":\"https:\/\/schema.org\",\"@graph\":[{\"@type\":\"WebPage\",\"@id\":\"https:\/\/reginett.ee\/toode\/lumepuhur-husqvarna-st230\/\",\"url\":\"https:\/\/reginett.ee\/toode\/lumepuhur-husqvarna-st230\/\",\"name\":\"Lumepuhur Husqvarna ST230. Parimad lumepuhurid Reginetist\",\"isPartOf\":{\"@id\":\"https:\/\/reginett.ee\/#website\"},\"primaryImageOfPage\":{\"@id\":\"https:\/\/reginett.ee\/toode\/lumepuhur-husqvarna-st230\/#primaryimage\"},\"image\":{\"@id\":\"https:\/\/reginett.ee\/toode\/lumepuhur-husqvarna-st230\/#primaryimage\"},\"thumbnailUrl\":\"https:\/\/reginett.ee\/wp-content\/uploads\/2021\/12\/Lumepuhur-Husqvarna-ST230-Reginett-1.jpg\",\"datePublished\":\"2021-12-27T16:06:01+00:00\",\"dateModified\":\"2025-01-24T12:18:08+00:00\",\"description\":\"Husqvarna ST230 on sobilik majapidamistesse, kus vajatakse suure j\u00f5udlusega lumepuhurit, et puhastada lumest suuremad\",\"breadcrumb\":{\"@id\":\"https:\/\/reginett.ee\/toode\/lumepuhur-husqvarna-st230\/#breadcrumb\"},\"inLanguage\":\"ru-RU\",\"potentialAction\":[{\"@type\":\"ReadAction\",\"target\":[\"https:\/\/reginett.ee\/toode\/lumepuhur-husqvarna-st230\/\"]}]},{\"@type\":\"ImageObject\",\"inLanguage\":\"ru-RU\",\"@id\":\"https:\/\/reginett.ee\/toode\/lumepuhur-husqvarna-st230\/#primaryimage\",\"url\":\"https:\/\/reginett.ee\/wp-content\/uploads\/2021\/12\/Lumepuhur-Husqvarna-ST230-Reginett-1.jpg\",\"contentUrl\":\"https:\/\/reginett.ee\/wp-content\/uploads\/2021\/12\/Lumepuhur-Husqvarna-ST230-Reginett-1.jpg\",\"width\":680,\"height\":372},{\"@type\":\"BreadcrumbList\",\"@id\":\"https:\/\/reginett.ee\/toode\/lumepuhur-husqvarna-st230\/#breadcrumb\",\"itemListElement\":[{\"@type\":\"ListItem\",\"position\":1,\"name\":\"Home\",\"item\":\"https:\/\/reginett.ee\/ru\/\"},{\"@type\":\"ListItem\",\"position\":2,\"name\":\"Tooted\",\"item\":\"https:\/\/reginett.ee\/tooted\/\"},{\"@type\":\"ListItem\",\"position\":3,\"name\":\"Lumepuhur Husqvarna ST230\"}]},{\"@type\":\"WebSite\",\"@id\":\"https:\/\/reginett.ee\/#website\",\"url\":\"https:\/\/reginett.ee\/\",\"name\":\"Reginett\",\"description\":\"Parimad robotniidukid\",\"potentialAction\":[{\"@type\":\"SearchAction\",\"target\":{\"@type\":\"EntryPoint\",\"urlTemplate\":\"https:\/\/reginett.ee\/?s={search_term_string}\"},\"query-input\":{\"@type\":\"PropertyValueSpecification\",\"valueRequired\":true,\"valueName\":\"search_term_string\"}}],\"inLanguage\":\"ru-RU\"}]}<\/script>\n<!-- \/ Yoast SEO plugin. -->","yoast_head_json":{"title":"Lumepuhur Husqvarna ST230. Parimad lumepuhurid Reginetist","description":"Husqvarna ST230 on sobilik majapidamistesse, kus vajatakse suure j\u00f5udlusega lumepuhurit, et puhastada lumest suuremad","robots":{"index":"index","follow":"follow","max-snippet":"max-snippet:-1","max-image-preview":"max-image-preview:large","max-video-preview":"max-video-preview:-1"},"canonical":"https:\/\/reginett.ee\/toode\/lumepuhur-husqvarna-st230\/","og_locale":"ru_RU","og_type":"article","og_title":"Lumepuhur Husqvarna ST230. Parimad lumepuhurid Reginetist","og_description":"Husqvarna ST230 on sobilik majapidamistesse, kus vajatakse suure j\u00f5udlusega lumepuhurit, et puhastada lumest suuremad","og_url":"https:\/\/reginett.ee\/toode\/lumepuhur-husqvarna-st230\/","og_site_name":"Reginett","article_modified_time":"2025-01-24T12:18:08+00:00","og_image":[{"width":680,"height":372,"url":"https:\/\/reginett.ee\/wp-content\/uploads\/2021\/12\/Lumepuhur-Husqvarna-ST230-Reginett-1.jpg","type":"image\/jpeg"}],"twitter_card":"summary_large_image","twitter_misc":{"\u041f\u0440\u0438\u043c\u0435\u0440\u043d\u043e\u0435 \u0432\u0440\u0435\u043c\u044f \u0434\u043b\u044f \u0447\u0442\u0435\u043d\u0438\u044f":"1 \u043c\u0438\u043d\u0443\u0442\u0430"},"schema":{"@context":"https:\/\/schema.org","@graph":[{"@type":"WebPage","@id":"https:\/\/reginett.ee\/toode\/lumepuhur-husqvarna-st230\/","url":"https:\/\/reginett.ee\/toode\/lumepuhur-husqvarna-st230\/","name":"Lumepuhur Husqvarna ST230. Parimad lumepuhurid Reginetist","isPartOf":{"@id":"https:\/\/reginett.ee\/#website"},"primaryImageOfPage":{"@id":"https:\/\/reginett.ee\/toode\/lumepuhur-husqvarna-st230\/#primaryimage"},"image":{"@id":"https:\/\/reginett.ee\/toode\/lumepuhur-husqvarna-st230\/#primaryimage"},"thumbnailUrl":"https:\/\/reginett.ee\/wp-content\/uploads\/2021\/12\/Lumepuhur-Husqvarna-ST230-Reginett-1.jpg","datePublished":"2021-12-27T16:06:01+00:00","dateModified":"2025-01-24T12:18:08+00:00","description":"Husqvarna ST230 on sobilik majapidamistesse, kus vajatakse suure j\u00f5udlusega lumepuhurit, et puhastada lumest suuremad","breadcrumb":{"@id":"https:\/\/reginett.ee\/toode\/lumepuhur-husqvarna-st230\/#breadcrumb"},"inLanguage":"ru-RU","potentialAction":[{"@type":"ReadAction","target":["https:\/\/reginett.ee\/toode\/lumepuhur-husqvarna-st230\/"]}]},{"@type":"ImageObject","inLanguage":"ru-RU","@id":"https:\/\/reginett.ee\/toode\/lumepuhur-husqvarna-st230\/#primaryimage","url":"https:\/\/reginett.ee\/wp-content\/uploads\/2021\/12\/Lumepuhur-Husqvarna-ST230-Reginett-1.jpg","contentUrl":"https:\/\/reginett.ee\/wp-content\/uploads\/2021\/12\/Lumepuhur-Husqvarna-ST230-Reginett-1.jpg","width":680,"height":372},{"@type":"BreadcrumbList","@id":"https:\/\/reginett.ee\/toode\/lumepuhur-husqvarna-st230\/#breadcrumb","itemListElement":[{"@type":"ListItem","position":1,"name":"Home","item":"https:\/\/reginett.ee\/ru\/"},{"@type":"ListItem","position":2,"name":"Tooted","item":"https:\/\/reginett.ee\/tooted\/"},{"@type":"ListItem","position":3,"name":"Lumepuhur Husqvarna ST230"}]},{"@type":"WebSite","@id":"https:\/\/reginett.ee\/#website","url":"https:\/\/reginett.ee\/","name":"Reginett","description":"Parimad robotniidukid","potentialAction":[{"@type":"SearchAction","target":{"@type":"EntryPoint","urlTemplate":"https:\/\/reginett.ee\/?s={search_term_string}"},"query-input":{"@type":"PropertyValueSpecification","valueRequired":true,"valueName":"search_term_string"}}],"inLanguage":"ru-RU"}]}},"brands":[{"id":147,"name":"Husqvarna","slug":"husqvarna"}],"_links":{"self":[{"href":"https:\/\/reginett.ee\/ru\/wp-json\/wp\/v2\/product\/56919","targetHints":{"allow":["GET"]}}],"collection":[{"href":"https:\/\/reginett.ee\/ru\/wp-json\/wp\/v2\/product"}],"about":[{"href":"https:\/\/reginett.ee\/ru\/wp-json\/wp\/v2\/types\/product"}],"replies":[{"embeddable":true,"href":"https:\/\/reginett.ee\/ru\/wp-json\/wp\/v2\/comments?post=56919"}],"wp:featuredmedia":[{"embeddable":true,"href":"https:\/\/reginett.ee\/ru\/wp-json\/wp\/v2\/media\/58744"}],"wp:attachment":[{"href":"https:\/\/reginett.ee\/ru\/wp-json\/wp\/v2\/media?parent=56919"}],"wp:term":[{"taxonomy":"pwb-brand","embeddable":true,"href":"https:\/\/reginett.ee\/ru\/wp-json\/wp\/v2\/pwb-brand?post=56919"},{"taxonomy":"product_brand","embeddable":true,"href":"https:\/\/reginett.ee\/ru\/wp-json\/wp\/v2\/product_brand?post=56919"},{"taxonomy":"product_cat","embeddable":true,"href":"https:\/\/reginett.ee\/ru\/wp-json\/wp\/v2\/product_cat?post=56919"},{"taxonomy":"product_tag","embeddable":true,"href":"https:\/\/reginett.ee\/ru\/wp-json\/wp\/v2\/product_tag?post=56919"}],"curies":[{"name":"wp","href":"https:\/\/api.w.org\/{rel}","templated":true}]}}