{"id":56890,"date":"2021-12-15T16:44:15","date_gmt":"2021-12-15T13:44:15","guid":{"rendered":"https:\/\/reginett.ee\/?post_type=product&#038;p=56890"},"modified":"2023-01-10T12:48:21","modified_gmt":"2023-01-10T09:48:21","slug":"overlokmasin-husqvarna-viking-amber-s100","status":"publish","type":"product","link":"https:\/\/reginett.ee\/ru\/toode\/overlokmasin-husqvarna-viking-amber-s100\/","title":{"rendered":"Overlokmasin Husqvarna Viking Amber S100"},"content":{"rendered":"<p><b>Overlokmasin Husqvarna Amber S100 <\/b>mudelil on 16 erinevat \u00f5mblust riide \u00e4\u00e4re viimistluste, dekoratiivsete<br \/>\n\u00f5mbluste ja servade, tagasikeeratud \u00e4\u00e4rte jm \u00f5mblemiseks.<\/p>\n<p>T\u00e4isjuurdep\u00e4\u00e4suga haarajatele &#8212; nii vasak kui ka parem esikaas avanevad, et tagada t\u00e4ielik<br \/>\njuurdep\u00e4\u00e4s haatajatele, muutes niidistamise \u00fclilihtsaks.<\/p>\n<p>Integreeritud \u00f5mblusjuhend &#8212; reguleeritavad pisteseadistused, mis aitab teil \u00f5mmelda ideaalselt<br \/>\nsirgeid \u00f5mblusi ja servi.<\/p>\n<p>Eelniidistatud &#8212; Teie masin on vaevata k\u00e4ivitamiseks karbist v\u00e4lja v\u00f5ttes juba niidistatud.<br \/>\nDiferentsiaals\u00f6\u00f6de &#8212; t\u00e4iesti \u00fchtlased \u00f5mblused ilma moonutusteta.<\/p>\n<p>Paigaldus ja v\u00e4rvikoodiga niidistamine &#8212; disain v\u00f5imaldab h\u00f5lpsat juurdep\u00e4\u00e4su pingutusketaste<br \/>\nniidistamiseks ja niidijuhend on m\u00e4rgitud v\u00e4rvikoodiga, et pakkuda mugavat ja h\u00f5lpsasti<br \/>\nj\u00e4lgitavat abi.<\/p>\n<p>Ohutuslukk &#8212; turvasulgur takistab masinal \u00f5mblemist, kui esikaas on avatud.<br \/>\nLED -valgustus &#8212; LED -valgustus \u00f5mblusala valgustamiseks, pakkudes optimaalset n\u00e4htavust.<br \/>\nReguleeritav pressjala pinge &#8212; tagab sujuva kanga etteandmise igasuguse kangapaksuse jaoks.<\/p>\n<p>1300 pistet minutis &#8212; \u00f5mble kiirusega kuni 1300 pistet minutis, et s\u00e4\u00e4sta aega pikkade \u00f5mbluste<br \/>\nja servade \u00f5mblemisel.<\/p>\n<p>Sisseehitatud tarvikute hoiustamine &#8212; hoidke oma lisan\u00f5elad, konverter, puhastushari ja<br \/>\nkruvikeeraja korralikult overlokmasina esikaane sees ja need on alati kohe k\u00e4ep\u00e4rast v\u00f5tta.<\/p>\n<p><b>Parimad overlokmasinad Reginetist!<\/b><\/p>\n","protected":false},"excerpt":{"rendered":"<p><b>Overlokmasin Husqvarna Amber S100 <\/b>mudelil on 16 erinevat \u00f5mblust riide \u00e4\u00e4re viimistluste, dekoratiivsete<br \/>\n\u00f5mbluste ja servade, tagasikeeratud \u00e4\u00e4rte jm \u00f5mblemiseks.<\/p>\n<p>T\u00e4isjuurdep\u00e4\u00e4suga haarajatele &#8212; nii vasak kui ka parem esikaas avanevad, et tagada t\u00e4ielik<br \/>\njuurdep\u00e4\u00e4s haatajatele, muutes niidistamise \u00fclilihtsaks.<\/p>\n","protected":false},"featured_media":56893,"comment_status":"open","ping_status":"closed","template":"","meta":{"_acf_changed":false,"_et_pb_use_builder":"","_et_pb_old_content":"","_et_gb_content_width":"","inline_featured_image":false},"pwb-brand":[],"product_brand":[],"product_cat":[134,55],"product_tag":[136,358],"class_list":{"0":"post-56890","1":"product","2":"type-product","3":"status-publish","4":"has-post-thumbnail","6":"product_cat-eripakkumised","7":"product_cat-omblusmasinad-ja-tarvikud","8":"product_tag-overlok","9":"product_tag-overlokmasin","11":"first","12":"instock","13":"sale","14":"shipping-taxable","15":"purchasable","16":"product-type-simple"},"acf":[],"yoast_head":"<!-- This site is optimized with the Yoast SEO plugin v26.6 - https:\/\/yoast.com\/wordpress\/plugins\/seo\/ -->\n<title>Overlokmasin Husqvarna Viking Amber S100. Parimad overlokid<\/title>\n<meta name=\"description\" content=\"Overlokmasin Husqvarna Amber S100 mudelil on 16 erinevat \u00f5mblust riide \u00e4\u00e4re viimistluste, dekoratiivsete\u00f5mbluste ja servade\" \/>\n<meta name=\"robots\" content=\"index, follow, max-snippet:-1, max-image-preview:large, max-video-preview:-1\" \/>\n<link rel=\"canonical\" href=\"https:\/\/reginett.ee\/toode\/overlokmasin-husqvarna-viking-amber-s100\/\" \/>\n<meta property=\"og:locale\" content=\"ru_RU\" \/>\n<meta property=\"og:type\" content=\"article\" \/>\n<meta property=\"og:title\" content=\"Overlokmasin Husqvarna Viking Amber S100. Parimad overlokid\" \/>\n<meta property=\"og:description\" content=\"Overlokmasin Husqvarna Amber S100 mudelil on 16 erinevat \u00f5mblust riide \u00e4\u00e4re viimistluste, dekoratiivsete\u00f5mbluste ja servade\" \/>\n<meta property=\"og:url\" content=\"https:\/\/reginett.ee\/toode\/overlokmasin-husqvarna-viking-amber-s100\/\" \/>\n<meta property=\"og:site_name\" content=\"Reginett\" \/>\n<meta property=\"article:modified_time\" content=\"2023-01-10T09:48:21+00:00\" \/>\n<meta property=\"og:image\" content=\"https:\/\/reginett.ee\/wp-content\/uploads\/2021\/12\/husqvarna-amber-s-100.jpg\" \/>\n\t<meta property=\"og:image:width\" content=\"1500\" \/>\n\t<meta property=\"og:image:height\" content=\"1500\" \/>\n\t<meta property=\"og:image:type\" content=\"image\/jpeg\" \/>\n<meta name=\"twitter:card\" content=\"summary_large_image\" \/>\n<meta name=\"twitter:label1\" content=\"\u041f\u0440\u0438\u043c\u0435\u0440\u043d\u043e\u0435 \u0432\u0440\u0435\u043c\u044f \u0434\u043b\u044f \u0447\u0442\u0435\u043d\u0438\u044f\" \/>\n\t<meta name=\"twitter:data1\" content=\"1 \u043c\u0438\u043d\u0443\u0442\u0430\" \/>\n<script type=\"application\/ld+json\" class=\"yoast-schema-graph\">{\"@context\":\"https:\/\/schema.org\",\"@graph\":[{\"@type\":\"WebPage\",\"@id\":\"https:\/\/reginett.ee\/toode\/overlokmasin-husqvarna-viking-amber-s100\/\",\"url\":\"https:\/\/reginett.ee\/toode\/overlokmasin-husqvarna-viking-amber-s100\/\",\"name\":\"Overlokmasin Husqvarna Viking Amber S100. Parimad overlokid\",\"isPartOf\":{\"@id\":\"https:\/\/reginett.ee\/#website\"},\"primaryImageOfPage\":{\"@id\":\"https:\/\/reginett.ee\/toode\/overlokmasin-husqvarna-viking-amber-s100\/#primaryimage\"},\"image\":{\"@id\":\"https:\/\/reginett.ee\/toode\/overlokmasin-husqvarna-viking-amber-s100\/#primaryimage\"},\"thumbnailUrl\":\"https:\/\/reginett.ee\/wp-content\/uploads\/2021\/12\/husqvarna-amber-s-100.jpg\",\"datePublished\":\"2021-12-15T13:44:15+00:00\",\"dateModified\":\"2023-01-10T09:48:21+00:00\",\"description\":\"Overlokmasin Husqvarna Amber S100 mudelil on 16 erinevat \u00f5mblust riide \u00e4\u00e4re viimistluste, dekoratiivsete\u00f5mbluste ja servade\",\"breadcrumb\":{\"@id\":\"https:\/\/reginett.ee\/toode\/overlokmasin-husqvarna-viking-amber-s100\/#breadcrumb\"},\"inLanguage\":\"ru-RU\",\"potentialAction\":[{\"@type\":\"ReadAction\",\"target\":[\"https:\/\/reginett.ee\/toode\/overlokmasin-husqvarna-viking-amber-s100\/\"]}]},{\"@type\":\"ImageObject\",\"inLanguage\":\"ru-RU\",\"@id\":\"https:\/\/reginett.ee\/toode\/overlokmasin-husqvarna-viking-amber-s100\/#primaryimage\",\"url\":\"https:\/\/reginett.ee\/wp-content\/uploads\/2021\/12\/husqvarna-amber-s-100.jpg\",\"contentUrl\":\"https:\/\/reginett.ee\/wp-content\/uploads\/2021\/12\/husqvarna-amber-s-100.jpg\",\"width\":1500,\"height\":1500},{\"@type\":\"BreadcrumbList\",\"@id\":\"https:\/\/reginett.ee\/toode\/overlokmasin-husqvarna-viking-amber-s100\/#breadcrumb\",\"itemListElement\":[{\"@type\":\"ListItem\",\"position\":1,\"name\":\"Home\",\"item\":\"https:\/\/reginett.ee\/ru\/\"},{\"@type\":\"ListItem\",\"position\":2,\"name\":\"Tooted\",\"item\":\"https:\/\/reginett.ee\/tooted\/\"},{\"@type\":\"ListItem\",\"position\":3,\"name\":\"Overlokmasin Husqvarna Viking Amber S100\"}]},{\"@type\":\"WebSite\",\"@id\":\"https:\/\/reginett.ee\/#website\",\"url\":\"https:\/\/reginett.ee\/\",\"name\":\"Reginett\",\"description\":\"Parimad robotniidukid\",\"potentialAction\":[{\"@type\":\"SearchAction\",\"target\":{\"@type\":\"EntryPoint\",\"urlTemplate\":\"https:\/\/reginett.ee\/?s={search_term_string}\"},\"query-input\":{\"@type\":\"PropertyValueSpecification\",\"valueRequired\":true,\"valueName\":\"search_term_string\"}}],\"inLanguage\":\"ru-RU\"}]}<\/script>\n<!-- \/ Yoast SEO plugin. -->","yoast_head_json":{"title":"Overlokmasin Husqvarna Viking Amber S100. Parimad overlokid","description":"Overlokmasin Husqvarna Amber S100 mudelil on 16 erinevat \u00f5mblust riide \u00e4\u00e4re viimistluste, dekoratiivsete\u00f5mbluste ja servade","robots":{"index":"index","follow":"follow","max-snippet":"max-snippet:-1","max-image-preview":"max-image-preview:large","max-video-preview":"max-video-preview:-1"},"canonical":"https:\/\/reginett.ee\/toode\/overlokmasin-husqvarna-viking-amber-s100\/","og_locale":"ru_RU","og_type":"article","og_title":"Overlokmasin Husqvarna Viking Amber S100. Parimad overlokid","og_description":"Overlokmasin Husqvarna Amber S100 mudelil on 16 erinevat \u00f5mblust riide \u00e4\u00e4re viimistluste, dekoratiivsete\u00f5mbluste ja servade","og_url":"https:\/\/reginett.ee\/toode\/overlokmasin-husqvarna-viking-amber-s100\/","og_site_name":"Reginett","article_modified_time":"2023-01-10T09:48:21+00:00","og_image":[{"width":1500,"height":1500,"url":"https:\/\/reginett.ee\/wp-content\/uploads\/2021\/12\/husqvarna-amber-s-100.jpg","type":"image\/jpeg"}],"twitter_card":"summary_large_image","twitter_misc":{"\u041f\u0440\u0438\u043c\u0435\u0440\u043d\u043e\u0435 \u0432\u0440\u0435\u043c\u044f \u0434\u043b\u044f \u0447\u0442\u0435\u043d\u0438\u044f":"1 \u043c\u0438\u043d\u0443\u0442\u0430"},"schema":{"@context":"https:\/\/schema.org","@graph":[{"@type":"WebPage","@id":"https:\/\/reginett.ee\/toode\/overlokmasin-husqvarna-viking-amber-s100\/","url":"https:\/\/reginett.ee\/toode\/overlokmasin-husqvarna-viking-amber-s100\/","name":"Overlokmasin Husqvarna Viking Amber S100. Parimad overlokid","isPartOf":{"@id":"https:\/\/reginett.ee\/#website"},"primaryImageOfPage":{"@id":"https:\/\/reginett.ee\/toode\/overlokmasin-husqvarna-viking-amber-s100\/#primaryimage"},"image":{"@id":"https:\/\/reginett.ee\/toode\/overlokmasin-husqvarna-viking-amber-s100\/#primaryimage"},"thumbnailUrl":"https:\/\/reginett.ee\/wp-content\/uploads\/2021\/12\/husqvarna-amber-s-100.jpg","datePublished":"2021-12-15T13:44:15+00:00","dateModified":"2023-01-10T09:48:21+00:00","description":"Overlokmasin Husqvarna Amber S100 mudelil on 16 erinevat \u00f5mblust riide \u00e4\u00e4re viimistluste, dekoratiivsete\u00f5mbluste ja servade","breadcrumb":{"@id":"https:\/\/reginett.ee\/toode\/overlokmasin-husqvarna-viking-amber-s100\/#breadcrumb"},"inLanguage":"ru-RU","potentialAction":[{"@type":"ReadAction","target":["https:\/\/reginett.ee\/toode\/overlokmasin-husqvarna-viking-amber-s100\/"]}]},{"@type":"ImageObject","inLanguage":"ru-RU","@id":"https:\/\/reginett.ee\/toode\/overlokmasin-husqvarna-viking-amber-s100\/#primaryimage","url":"https:\/\/reginett.ee\/wp-content\/uploads\/2021\/12\/husqvarna-amber-s-100.jpg","contentUrl":"https:\/\/reginett.ee\/wp-content\/uploads\/2021\/12\/husqvarna-amber-s-100.jpg","width":1500,"height":1500},{"@type":"BreadcrumbList","@id":"https:\/\/reginett.ee\/toode\/overlokmasin-husqvarna-viking-amber-s100\/#breadcrumb","itemListElement":[{"@type":"ListItem","position":1,"name":"Home","item":"https:\/\/reginett.ee\/ru\/"},{"@type":"ListItem","position":2,"name":"Tooted","item":"https:\/\/reginett.ee\/tooted\/"},{"@type":"ListItem","position":3,"name":"Overlokmasin Husqvarna Viking Amber S100"}]},{"@type":"WebSite","@id":"https:\/\/reginett.ee\/#website","url":"https:\/\/reginett.ee\/","name":"Reginett","description":"Parimad robotniidukid","potentialAction":[{"@type":"SearchAction","target":{"@type":"EntryPoint","urlTemplate":"https:\/\/reginett.ee\/?s={search_term_string}"},"query-input":{"@type":"PropertyValueSpecification","valueRequired":true,"valueName":"search_term_string"}}],"inLanguage":"ru-RU"}]}},"brands":[],"_links":{"self":[{"href":"https:\/\/reginett.ee\/ru\/wp-json\/wp\/v2\/product\/56890","targetHints":{"allow":["GET"]}}],"collection":[{"href":"https:\/\/reginett.ee\/ru\/wp-json\/wp\/v2\/product"}],"about":[{"href":"https:\/\/reginett.ee\/ru\/wp-json\/wp\/v2\/types\/product"}],"replies":[{"embeddable":true,"href":"https:\/\/reginett.ee\/ru\/wp-json\/wp\/v2\/comments?post=56890"}],"wp:featuredmedia":[{"embeddable":true,"href":"https:\/\/reginett.ee\/ru\/wp-json\/wp\/v2\/media\/56893"}],"wp:attachment":[{"href":"https:\/\/reginett.ee\/ru\/wp-json\/wp\/v2\/media?parent=56890"}],"wp:term":[{"taxonomy":"pwb-brand","embeddable":true,"href":"https:\/\/reginett.ee\/ru\/wp-json\/wp\/v2\/pwb-brand?post=56890"},{"taxonomy":"product_brand","embeddable":true,"href":"https:\/\/reginett.ee\/ru\/wp-json\/wp\/v2\/product_brand?post=56890"},{"taxonomy":"product_cat","embeddable":true,"href":"https:\/\/reginett.ee\/ru\/wp-json\/wp\/v2\/product_cat?post=56890"},{"taxonomy":"product_tag","embeddable":true,"href":"https:\/\/reginett.ee\/ru\/wp-json\/wp\/v2\/product_tag?post=56890"}],"curies":[{"name":"wp","href":"https:\/\/api.w.org\/{rel}","templated":true}]}}