{"id":56832,"date":"2021-12-14T13:40:15","date_gmt":"2021-12-14T10:40:15","guid":{"rendered":"https:\/\/reginett.ee\/?post_type=product&#038;p=56832"},"modified":"2023-03-25T13:24:33","modified_gmt":"2023-03-25T10:24:33","slug":"lumepuhur-toro-power-max-hd-928oae","status":"publish","type":"product","link":"https:\/\/reginett.ee\/ru\/toode\/lumepuhur-toro-power-max-hd-928oae\/","title":{"rendered":"Lumepuhur TORO Power Max HD 928OAE UUS!"},"content":{"rendered":"<p>Lumepuhur <strong>TORO Power Max 928OAE on<\/strong> v\u00e4ga v\u00f5imekas puhur. Iga millimeeter Toro Power Max\u2122 lumepuhurist \u2013 alustades puhastusplaadist l\u00f5petades Quick Stick\u00ae lumerenni juhtimise kangiga \u2013 on hoolega projekteeritud, tulemuseks k\u00f5ige kasutajas\u00f5bralikum ja progressiivseim lumepuhur, mis eales tehtud. Sel mudelil on LED valgustus.<\/p>\n<p>Varustatud TORO 265cc mootoriga<\/p>\n<p>T\u00f6\u00f6laius 71cm<\/p>\n<h3><strong>Elektriline starter standard varustuses<\/strong><\/h3>\n<p>Kerge k\u00e4ivitus ka k\u00f5ige k\u00fclmema ilmaga, Toro lumepuhur on varustatud nii elektrilise- kui ka k\u00e4sistarteriga.<\/p>\n<h3><strong>Lukustatav juhthoob<\/strong><\/h3>\n<p>Mugav hoova lukusti v\u00f5imaldab \u201e\u00fche k\u00e4ega\u201c t\u00f6\u00f6tamist, vabastades teise k\u00e4e lumerenni suunamiseks v\u00f5i k\u00e4igu vahetamiseks, ilma et peakiste masinat peatama.<\/p>\n<h3><strong>Quick Stick\u00ae lumerenni juhtimise hoob<\/strong><\/h3>\n<p>\u00dche lihtsa kombineeritud hoova abil kiirelt ja lihtsalt muudetav lumejoa suund ja kaugus.<\/p>\n<p>&nbsp;<\/p>\n<p>&nbsp;<\/p>\n","protected":false},"excerpt":{"rendered":"<p>Lumepuhur <strong>TORO Power Max 928OAE<\/strong> on v\u00e4ga v\u00f5imekas puhur. Iga millimeeter Toro Power Max\u2122 lumepuhurist \u2013 alustades puhastusplaadist l\u00f5petades Quick Stick\u00ae lumerenni juhtimise kangiga \u2013 on hoolega projekteeritud, tulemuseks k\u00f5ige kasutajas\u00f5bralikum ja progressiivseim lumepuhur, mis eales tehtud. Sel mudelil on LED valgustus. Varustatud TORO 265cc mootoriga. T\u00f6\u00f6laius 71cm<\/p>\n","protected":false},"featured_media":58746,"comment_status":"open","ping_status":"closed","template":"","meta":{"_acf_changed":false,"_et_pb_use_builder":"","_et_pb_old_content":"","_et_gb_content_width":"","inline_featured_image":false},"pwb-brand":[148],"product_brand":[],"product_cat":[51,149],"product_tag":[104,157,156,106],"class_list":{"0":"post-56832","1":"product","2":"type-product","3":"status-publish","4":"has-post-thumbnail","6":"pwb-brand-toro","7":"product_cat-lumepuhurid","8":"product_cat-toro","9":"product_tag-frees","10":"product_tag-lumefrees","11":"product_tag-lumepuhur","12":"product_tag-puhur","14":"first","15":"instock","16":"shipping-taxable","17":"purchasable","18":"product-type-simple"},"acf":[],"yoast_head":"<!-- This site is optimized with the Yoast SEO plugin v26.6 - https:\/\/yoast.com\/wordpress\/plugins\/seo\/ -->\n<title>Lumepuhur TORO Power Max HD 928OAE. Parim TORO puhur<\/title>\n<meta name=\"description\" content=\"Lumepuhur TORO Power Max 928OAE on v\u00e4ga v\u00f5imekas puhur. Iga millimeeter Toro Power Max\u2122 lumepuhurist \u2013alustades mootorist\" \/>\n<meta name=\"robots\" content=\"index, follow, max-snippet:-1, max-image-preview:large, max-video-preview:-1\" \/>\n<link rel=\"canonical\" href=\"https:\/\/reginett.ee\/toode\/lumepuhur-toro-power-max-hd-928oae\/\" \/>\n<meta property=\"og:locale\" content=\"ru_RU\" \/>\n<meta property=\"og:type\" content=\"article\" \/>\n<meta property=\"og:title\" content=\"Lumepuhur TORO Power Max HD 928OAE. Parim TORO puhur\" \/>\n<meta property=\"og:description\" content=\"Lumepuhur TORO Power Max 928OAE on v\u00e4ga v\u00f5imekas puhur. Iga millimeeter Toro Power Max\u2122 lumepuhurist \u2013alustades mootorist\" \/>\n<meta property=\"og:url\" content=\"https:\/\/reginett.ee\/toode\/lumepuhur-toro-power-max-hd-928oae\/\" \/>\n<meta property=\"og:site_name\" content=\"Reginett\" \/>\n<meta property=\"article:modified_time\" content=\"2023-03-25T10:24:33+00:00\" \/>\n<meta property=\"og:image\" content=\"https:\/\/reginett.ee\/wp-content\/uploads\/2021\/12\/Lumepuhur-TORO.jpg\" \/>\n\t<meta property=\"og:image:width\" content=\"680\" \/>\n\t<meta property=\"og:image:height\" content=\"372\" \/>\n\t<meta property=\"og:image:type\" content=\"image\/jpeg\" \/>\n<meta name=\"twitter:card\" content=\"summary_large_image\" \/>\n<meta name=\"twitter:label1\" content=\"\u041f\u0440\u0438\u043c\u0435\u0440\u043d\u043e\u0435 \u0432\u0440\u0435\u043c\u044f \u0434\u043b\u044f \u0447\u0442\u0435\u043d\u0438\u044f\" \/>\n\t<meta name=\"twitter:data1\" content=\"1 \u043c\u0438\u043d\u0443\u0442\u0430\" \/>\n<script type=\"application\/ld+json\" class=\"yoast-schema-graph\">{\"@context\":\"https:\/\/schema.org\",\"@graph\":[{\"@type\":\"WebPage\",\"@id\":\"https:\/\/reginett.ee\/toode\/lumepuhur-toro-power-max-hd-928oae\/\",\"url\":\"https:\/\/reginett.ee\/toode\/lumepuhur-toro-power-max-hd-928oae\/\",\"name\":\"Lumepuhur TORO Power Max HD 928OAE. Parim TORO puhur\",\"isPartOf\":{\"@id\":\"https:\/\/reginett.ee\/#website\"},\"primaryImageOfPage\":{\"@id\":\"https:\/\/reginett.ee\/toode\/lumepuhur-toro-power-max-hd-928oae\/#primaryimage\"},\"image\":{\"@id\":\"https:\/\/reginett.ee\/toode\/lumepuhur-toro-power-max-hd-928oae\/#primaryimage\"},\"thumbnailUrl\":\"https:\/\/reginett.ee\/wp-content\/uploads\/2021\/12\/Lumepuhur-TORO.jpg\",\"datePublished\":\"2021-12-14T10:40:15+00:00\",\"dateModified\":\"2023-03-25T10:24:33+00:00\",\"description\":\"Lumepuhur TORO Power Max 928OAE on v\u00e4ga v\u00f5imekas puhur. Iga millimeeter Toro Power Max\u2122 lumepuhurist \u2013alustades mootorist\",\"breadcrumb\":{\"@id\":\"https:\/\/reginett.ee\/toode\/lumepuhur-toro-power-max-hd-928oae\/#breadcrumb\"},\"inLanguage\":\"ru-RU\",\"potentialAction\":[{\"@type\":\"ReadAction\",\"target\":[\"https:\/\/reginett.ee\/toode\/lumepuhur-toro-power-max-hd-928oae\/\"]}]},{\"@type\":\"ImageObject\",\"inLanguage\":\"ru-RU\",\"@id\":\"https:\/\/reginett.ee\/toode\/lumepuhur-toro-power-max-hd-928oae\/#primaryimage\",\"url\":\"https:\/\/reginett.ee\/wp-content\/uploads\/2021\/12\/Lumepuhur-TORO.jpg\",\"contentUrl\":\"https:\/\/reginett.ee\/wp-content\/uploads\/2021\/12\/Lumepuhur-TORO.jpg\",\"width\":680,\"height\":372},{\"@type\":\"BreadcrumbList\",\"@id\":\"https:\/\/reginett.ee\/toode\/lumepuhur-toro-power-max-hd-928oae\/#breadcrumb\",\"itemListElement\":[{\"@type\":\"ListItem\",\"position\":1,\"name\":\"Home\",\"item\":\"https:\/\/reginett.ee\/ru\/\"},{\"@type\":\"ListItem\",\"position\":2,\"name\":\"Tooted\",\"item\":\"https:\/\/reginett.ee\/tooted\/\"},{\"@type\":\"ListItem\",\"position\":3,\"name\":\"Lumepuhur TORO Power Max HD 928OAE UUS!\"}]},{\"@type\":\"WebSite\",\"@id\":\"https:\/\/reginett.ee\/#website\",\"url\":\"https:\/\/reginett.ee\/\",\"name\":\"Reginett\",\"description\":\"Parimad robotniidukid\",\"potentialAction\":[{\"@type\":\"SearchAction\",\"target\":{\"@type\":\"EntryPoint\",\"urlTemplate\":\"https:\/\/reginett.ee\/?s={search_term_string}\"},\"query-input\":{\"@type\":\"PropertyValueSpecification\",\"valueRequired\":true,\"valueName\":\"search_term_string\"}}],\"inLanguage\":\"ru-RU\"}]}<\/script>\n<!-- \/ Yoast SEO plugin. -->","yoast_head_json":{"title":"Lumepuhur TORO Power Max HD 928OAE. Parim TORO puhur","description":"Lumepuhur TORO Power Max 928OAE on v\u00e4ga v\u00f5imekas puhur. Iga millimeeter Toro Power Max\u2122 lumepuhurist \u2013alustades mootorist","robots":{"index":"index","follow":"follow","max-snippet":"max-snippet:-1","max-image-preview":"max-image-preview:large","max-video-preview":"max-video-preview:-1"},"canonical":"https:\/\/reginett.ee\/toode\/lumepuhur-toro-power-max-hd-928oae\/","og_locale":"ru_RU","og_type":"article","og_title":"Lumepuhur TORO Power Max HD 928OAE. Parim TORO puhur","og_description":"Lumepuhur TORO Power Max 928OAE on v\u00e4ga v\u00f5imekas puhur. Iga millimeeter Toro Power Max\u2122 lumepuhurist \u2013alustades mootorist","og_url":"https:\/\/reginett.ee\/toode\/lumepuhur-toro-power-max-hd-928oae\/","og_site_name":"Reginett","article_modified_time":"2023-03-25T10:24:33+00:00","og_image":[{"width":680,"height":372,"url":"https:\/\/reginett.ee\/wp-content\/uploads\/2021\/12\/Lumepuhur-TORO.jpg","type":"image\/jpeg"}],"twitter_card":"summary_large_image","twitter_misc":{"\u041f\u0440\u0438\u043c\u0435\u0440\u043d\u043e\u0435 \u0432\u0440\u0435\u043c\u044f \u0434\u043b\u044f \u0447\u0442\u0435\u043d\u0438\u044f":"1 \u043c\u0438\u043d\u0443\u0442\u0430"},"schema":{"@context":"https:\/\/schema.org","@graph":[{"@type":"WebPage","@id":"https:\/\/reginett.ee\/toode\/lumepuhur-toro-power-max-hd-928oae\/","url":"https:\/\/reginett.ee\/toode\/lumepuhur-toro-power-max-hd-928oae\/","name":"Lumepuhur TORO Power Max HD 928OAE. Parim TORO puhur","isPartOf":{"@id":"https:\/\/reginett.ee\/#website"},"primaryImageOfPage":{"@id":"https:\/\/reginett.ee\/toode\/lumepuhur-toro-power-max-hd-928oae\/#primaryimage"},"image":{"@id":"https:\/\/reginett.ee\/toode\/lumepuhur-toro-power-max-hd-928oae\/#primaryimage"},"thumbnailUrl":"https:\/\/reginett.ee\/wp-content\/uploads\/2021\/12\/Lumepuhur-TORO.jpg","datePublished":"2021-12-14T10:40:15+00:00","dateModified":"2023-03-25T10:24:33+00:00","description":"Lumepuhur TORO Power Max 928OAE on v\u00e4ga v\u00f5imekas puhur. Iga millimeeter Toro Power Max\u2122 lumepuhurist \u2013alustades mootorist","breadcrumb":{"@id":"https:\/\/reginett.ee\/toode\/lumepuhur-toro-power-max-hd-928oae\/#breadcrumb"},"inLanguage":"ru-RU","potentialAction":[{"@type":"ReadAction","target":["https:\/\/reginett.ee\/toode\/lumepuhur-toro-power-max-hd-928oae\/"]}]},{"@type":"ImageObject","inLanguage":"ru-RU","@id":"https:\/\/reginett.ee\/toode\/lumepuhur-toro-power-max-hd-928oae\/#primaryimage","url":"https:\/\/reginett.ee\/wp-content\/uploads\/2021\/12\/Lumepuhur-TORO.jpg","contentUrl":"https:\/\/reginett.ee\/wp-content\/uploads\/2021\/12\/Lumepuhur-TORO.jpg","width":680,"height":372},{"@type":"BreadcrumbList","@id":"https:\/\/reginett.ee\/toode\/lumepuhur-toro-power-max-hd-928oae\/#breadcrumb","itemListElement":[{"@type":"ListItem","position":1,"name":"Home","item":"https:\/\/reginett.ee\/ru\/"},{"@type":"ListItem","position":2,"name":"Tooted","item":"https:\/\/reginett.ee\/tooted\/"},{"@type":"ListItem","position":3,"name":"Lumepuhur TORO Power Max HD 928OAE UUS!"}]},{"@type":"WebSite","@id":"https:\/\/reginett.ee\/#website","url":"https:\/\/reginett.ee\/","name":"Reginett","description":"Parimad robotniidukid","potentialAction":[{"@type":"SearchAction","target":{"@type":"EntryPoint","urlTemplate":"https:\/\/reginett.ee\/?s={search_term_string}"},"query-input":{"@type":"PropertyValueSpecification","valueRequired":true,"valueName":"search_term_string"}}],"inLanguage":"ru-RU"}]}},"brands":[{"id":148,"name":"Toro","slug":"toro"}],"_links":{"self":[{"href":"https:\/\/reginett.ee\/ru\/wp-json\/wp\/v2\/product\/56832","targetHints":{"allow":["GET"]}}],"collection":[{"href":"https:\/\/reginett.ee\/ru\/wp-json\/wp\/v2\/product"}],"about":[{"href":"https:\/\/reginett.ee\/ru\/wp-json\/wp\/v2\/types\/product"}],"replies":[{"embeddable":true,"href":"https:\/\/reginett.ee\/ru\/wp-json\/wp\/v2\/comments?post=56832"}],"wp:featuredmedia":[{"embeddable":true,"href":"https:\/\/reginett.ee\/ru\/wp-json\/wp\/v2\/media\/58746"}],"wp:attachment":[{"href":"https:\/\/reginett.ee\/ru\/wp-json\/wp\/v2\/media?parent=56832"}],"wp:term":[{"taxonomy":"pwb-brand","embeddable":true,"href":"https:\/\/reginett.ee\/ru\/wp-json\/wp\/v2\/pwb-brand?post=56832"},{"taxonomy":"product_brand","embeddable":true,"href":"https:\/\/reginett.ee\/ru\/wp-json\/wp\/v2\/product_brand?post=56832"},{"taxonomy":"product_cat","embeddable":true,"href":"https:\/\/reginett.ee\/ru\/wp-json\/wp\/v2\/product_cat?post=56832"},{"taxonomy":"product_tag","embeddable":true,"href":"https:\/\/reginett.ee\/ru\/wp-json\/wp\/v2\/product_tag?post=56832"}],"curies":[{"name":"wp","href":"https:\/\/api.w.org\/{rel}","templated":true}]}}