{"id":56783,"date":"2024-07-16T19:27:27","date_gmt":"2024-07-16T16:27:27","guid":{"rendered":"https:\/\/reginett.ee\/?post_type=product&#038;p=56783"},"modified":"2024-07-17T11:56:57","modified_gmt":"2024-07-17T08:56:57","slug":"toidutermos-husqvarna-xplorer","status":"publish","type":"product","link":"https:\/\/reginett.ee\/ru\/toode\/toidutermos-husqvarna-xplorer\/","title":{"rendered":"Toidutermos Husqvarna XPLORER"},"content":{"rendered":"<p>Roostevabast terasest toidutermos Husqvarna Xplorer. See Xplorer sarja kena termos hoiab sisu soojana kuni 6 h ja k\u00fclmana kuni 24 h.<\/p>\n<p>Komplekti kuulub mugav kokkuvolditav lusikas.<\/p>\n<p>Termosel on suur ava, t\u00e4nu millele on lihtne s\u00fc\u00fca ja hiljem ka puhastada.<\/p>\n<p>Matkal olles on toidutermos asendamatu kaaslane.<\/p>\n","protected":false},"excerpt":{"rendered":"<p>Roostevabast terasest toidutermos Husqvarna Xplorer. See Xplorer sarja kena termos hoiab sisu soojana kuni 6 h ja k\u00fclmana kuni 24 h.<\/p>\n<p>Komplekti kuulub mugav kokkuvolditav lusikas.<\/p>\n","protected":false},"featured_media":56840,"comment_status":"open","ping_status":"closed","template":"","meta":{"_acf_changed":false,"_et_pb_use_builder":"","_et_pb_old_content":"","_et_gb_content_width":"","inline_featured_image":false},"pwb-brand":[147],"product_brand":[],"product_cat":[478,134,37,27],"product_tag":[347,348],"class_list":{"0":"post-56783","1":"product","2":"type-product","3":"status-publish","4":"has-post-thumbnail","6":"pwb-brand-husqvarna","7":"product_cat-vaba-aeg","8":"product_cat-eripakkumised","9":"product_cat-husqvarna","10":"product_cat-tooriistad-ja-tarvikud","11":"product_tag-toidutermos","12":"product_tag-xplorer","14":"first","15":"instock","16":"sale","17":"shipping-taxable","18":"purchasable","19":"product-type-simple"},"acf":[],"yoast_head":"<!-- This site is optimized with the Yoast SEO plugin v26.6 - https:\/\/yoast.com\/wordpress\/plugins\/seo\/ -->\n<title>Toidutermos Husqvarna Xplorer. Xplorer seeria tooted Reginetist<\/title>\n<meta name=\"description\" content=\"Roostevabast terasest toidutermos Husqvarna. See Xplorer sarja kena termos hoiab sisu soojana kuni 6 h ja k\u00fclmana kuni 24 h.\" \/>\n<meta name=\"robots\" content=\"index, follow, max-snippet:-1, max-image-preview:large, max-video-preview:-1\" \/>\n<link rel=\"canonical\" href=\"https:\/\/reginett.ee\/toode\/toidutermos-husqvarna-xplorer\/\" \/>\n<meta property=\"og:locale\" content=\"ru_RU\" \/>\n<meta property=\"og:type\" content=\"article\" \/>\n<meta property=\"og:title\" content=\"Toidutermos Husqvarna Xplorer. Xplorer seeria tooted Reginetist\" \/>\n<meta property=\"og:description\" content=\"Roostevabast terasest toidutermos Husqvarna. See Xplorer sarja kena termos hoiab sisu soojana kuni 6 h ja k\u00fclmana kuni 24 h.\" \/>\n<meta property=\"og:url\" content=\"https:\/\/reginett.ee\/toode\/toidutermos-husqvarna-xplorer\/\" \/>\n<meta property=\"og:site_name\" content=\"Reginett\" \/>\n<meta property=\"article:modified_time\" content=\"2024-07-17T08:56:57+00:00\" \/>\n<meta property=\"og:image\" content=\"https:\/\/reginett.ee\/wp-content\/uploads\/2021\/12\/XPLORER-Toidutermos.jpg\" \/>\n\t<meta property=\"og:image:width\" content=\"2000\" \/>\n\t<meta property=\"og:image:height\" content=\"2000\" \/>\n\t<meta property=\"og:image:type\" content=\"image\/jpeg\" \/>\n<meta name=\"twitter:card\" content=\"summary_large_image\" \/>\n<meta name=\"twitter:label1\" content=\"\u041f\u0440\u0438\u043c\u0435\u0440\u043d\u043e\u0435 \u0432\u0440\u0435\u043c\u044f \u0434\u043b\u044f \u0447\u0442\u0435\u043d\u0438\u044f\" \/>\n\t<meta name=\"twitter:data1\" content=\"1 \u043c\u0438\u043d\u0443\u0442\u0430\" \/>\n<script type=\"application\/ld+json\" class=\"yoast-schema-graph\">{\"@context\":\"https:\/\/schema.org\",\"@graph\":[{\"@type\":\"WebPage\",\"@id\":\"https:\/\/reginett.ee\/toode\/toidutermos-husqvarna-xplorer\/\",\"url\":\"https:\/\/reginett.ee\/toode\/toidutermos-husqvarna-xplorer\/\",\"name\":\"Toidutermos Husqvarna Xplorer. Xplorer seeria tooted Reginetist\",\"isPartOf\":{\"@id\":\"https:\/\/reginett.ee\/#website\"},\"primaryImageOfPage\":{\"@id\":\"https:\/\/reginett.ee\/toode\/toidutermos-husqvarna-xplorer\/#primaryimage\"},\"image\":{\"@id\":\"https:\/\/reginett.ee\/toode\/toidutermos-husqvarna-xplorer\/#primaryimage\"},\"thumbnailUrl\":\"https:\/\/reginett.ee\/wp-content\/uploads\/2021\/12\/XPLORER-Toidutermos.jpg\",\"datePublished\":\"2024-07-16T16:27:27+00:00\",\"dateModified\":\"2024-07-17T08:56:57+00:00\",\"description\":\"Roostevabast terasest toidutermos Husqvarna. See Xplorer sarja kena termos hoiab sisu soojana kuni 6 h ja k\u00fclmana kuni 24 h.\",\"breadcrumb\":{\"@id\":\"https:\/\/reginett.ee\/toode\/toidutermos-husqvarna-xplorer\/#breadcrumb\"},\"inLanguage\":\"ru-RU\",\"potentialAction\":[{\"@type\":\"ReadAction\",\"target\":[\"https:\/\/reginett.ee\/toode\/toidutermos-husqvarna-xplorer\/\"]}]},{\"@type\":\"ImageObject\",\"inLanguage\":\"ru-RU\",\"@id\":\"https:\/\/reginett.ee\/toode\/toidutermos-husqvarna-xplorer\/#primaryimage\",\"url\":\"https:\/\/reginett.ee\/wp-content\/uploads\/2021\/12\/XPLORER-Toidutermos.jpg\",\"contentUrl\":\"https:\/\/reginett.ee\/wp-content\/uploads\/2021\/12\/XPLORER-Toidutermos.jpg\",\"width\":2000,\"height\":2000,\"caption\":\"XPLORER Toidutermos\"},{\"@type\":\"BreadcrumbList\",\"@id\":\"https:\/\/reginett.ee\/toode\/toidutermos-husqvarna-xplorer\/#breadcrumb\",\"itemListElement\":[{\"@type\":\"ListItem\",\"position\":1,\"name\":\"Home\",\"item\":\"https:\/\/reginett.ee\/ru\/\"},{\"@type\":\"ListItem\",\"position\":2,\"name\":\"Tooted\",\"item\":\"https:\/\/reginett.ee\/tooted\/\"},{\"@type\":\"ListItem\",\"position\":3,\"name\":\"Toidutermos Husqvarna XPLORER\"}]},{\"@type\":\"WebSite\",\"@id\":\"https:\/\/reginett.ee\/#website\",\"url\":\"https:\/\/reginett.ee\/\",\"name\":\"Reginett\",\"description\":\"Parimad robotniidukid\",\"potentialAction\":[{\"@type\":\"SearchAction\",\"target\":{\"@type\":\"EntryPoint\",\"urlTemplate\":\"https:\/\/reginett.ee\/?s={search_term_string}\"},\"query-input\":{\"@type\":\"PropertyValueSpecification\",\"valueRequired\":true,\"valueName\":\"search_term_string\"}}],\"inLanguage\":\"ru-RU\"}]}<\/script>\n<!-- \/ Yoast SEO plugin. -->","yoast_head_json":{"title":"Toidutermos Husqvarna Xplorer. Xplorer seeria tooted Reginetist","description":"Roostevabast terasest toidutermos Husqvarna. See Xplorer sarja kena termos hoiab sisu soojana kuni 6 h ja k\u00fclmana kuni 24 h.","robots":{"index":"index","follow":"follow","max-snippet":"max-snippet:-1","max-image-preview":"max-image-preview:large","max-video-preview":"max-video-preview:-1"},"canonical":"https:\/\/reginett.ee\/toode\/toidutermos-husqvarna-xplorer\/","og_locale":"ru_RU","og_type":"article","og_title":"Toidutermos Husqvarna Xplorer. Xplorer seeria tooted Reginetist","og_description":"Roostevabast terasest toidutermos Husqvarna. See Xplorer sarja kena termos hoiab sisu soojana kuni 6 h ja k\u00fclmana kuni 24 h.","og_url":"https:\/\/reginett.ee\/toode\/toidutermos-husqvarna-xplorer\/","og_site_name":"Reginett","article_modified_time":"2024-07-17T08:56:57+00:00","og_image":[{"width":2000,"height":2000,"url":"https:\/\/reginett.ee\/wp-content\/uploads\/2021\/12\/XPLORER-Toidutermos.jpg","type":"image\/jpeg"}],"twitter_card":"summary_large_image","twitter_misc":{"\u041f\u0440\u0438\u043c\u0435\u0440\u043d\u043e\u0435 \u0432\u0440\u0435\u043c\u044f \u0434\u043b\u044f \u0447\u0442\u0435\u043d\u0438\u044f":"1 \u043c\u0438\u043d\u0443\u0442\u0430"},"schema":{"@context":"https:\/\/schema.org","@graph":[{"@type":"WebPage","@id":"https:\/\/reginett.ee\/toode\/toidutermos-husqvarna-xplorer\/","url":"https:\/\/reginett.ee\/toode\/toidutermos-husqvarna-xplorer\/","name":"Toidutermos Husqvarna Xplorer. Xplorer seeria tooted Reginetist","isPartOf":{"@id":"https:\/\/reginett.ee\/#website"},"primaryImageOfPage":{"@id":"https:\/\/reginett.ee\/toode\/toidutermos-husqvarna-xplorer\/#primaryimage"},"image":{"@id":"https:\/\/reginett.ee\/toode\/toidutermos-husqvarna-xplorer\/#primaryimage"},"thumbnailUrl":"https:\/\/reginett.ee\/wp-content\/uploads\/2021\/12\/XPLORER-Toidutermos.jpg","datePublished":"2024-07-16T16:27:27+00:00","dateModified":"2024-07-17T08:56:57+00:00","description":"Roostevabast terasest toidutermos Husqvarna. See Xplorer sarja kena termos hoiab sisu soojana kuni 6 h ja k\u00fclmana kuni 24 h.","breadcrumb":{"@id":"https:\/\/reginett.ee\/toode\/toidutermos-husqvarna-xplorer\/#breadcrumb"},"inLanguage":"ru-RU","potentialAction":[{"@type":"ReadAction","target":["https:\/\/reginett.ee\/toode\/toidutermos-husqvarna-xplorer\/"]}]},{"@type":"ImageObject","inLanguage":"ru-RU","@id":"https:\/\/reginett.ee\/toode\/toidutermos-husqvarna-xplorer\/#primaryimage","url":"https:\/\/reginett.ee\/wp-content\/uploads\/2021\/12\/XPLORER-Toidutermos.jpg","contentUrl":"https:\/\/reginett.ee\/wp-content\/uploads\/2021\/12\/XPLORER-Toidutermos.jpg","width":2000,"height":2000,"caption":"XPLORER Toidutermos"},{"@type":"BreadcrumbList","@id":"https:\/\/reginett.ee\/toode\/toidutermos-husqvarna-xplorer\/#breadcrumb","itemListElement":[{"@type":"ListItem","position":1,"name":"Home","item":"https:\/\/reginett.ee\/ru\/"},{"@type":"ListItem","position":2,"name":"Tooted","item":"https:\/\/reginett.ee\/tooted\/"},{"@type":"ListItem","position":3,"name":"Toidutermos Husqvarna XPLORER"}]},{"@type":"WebSite","@id":"https:\/\/reginett.ee\/#website","url":"https:\/\/reginett.ee\/","name":"Reginett","description":"Parimad robotniidukid","potentialAction":[{"@type":"SearchAction","target":{"@type":"EntryPoint","urlTemplate":"https:\/\/reginett.ee\/?s={search_term_string}"},"query-input":{"@type":"PropertyValueSpecification","valueRequired":true,"valueName":"search_term_string"}}],"inLanguage":"ru-RU"}]}},"brands":[{"id":147,"name":"Husqvarna","slug":"husqvarna"}],"_links":{"self":[{"href":"https:\/\/reginett.ee\/ru\/wp-json\/wp\/v2\/product\/56783","targetHints":{"allow":["GET"]}}],"collection":[{"href":"https:\/\/reginett.ee\/ru\/wp-json\/wp\/v2\/product"}],"about":[{"href":"https:\/\/reginett.ee\/ru\/wp-json\/wp\/v2\/types\/product"}],"replies":[{"embeddable":true,"href":"https:\/\/reginett.ee\/ru\/wp-json\/wp\/v2\/comments?post=56783"}],"wp:featuredmedia":[{"embeddable":true,"href":"https:\/\/reginett.ee\/ru\/wp-json\/wp\/v2\/media\/56840"}],"wp:attachment":[{"href":"https:\/\/reginett.ee\/ru\/wp-json\/wp\/v2\/media?parent=56783"}],"wp:term":[{"taxonomy":"pwb-brand","embeddable":true,"href":"https:\/\/reginett.ee\/ru\/wp-json\/wp\/v2\/pwb-brand?post=56783"},{"taxonomy":"product_brand","embeddable":true,"href":"https:\/\/reginett.ee\/ru\/wp-json\/wp\/v2\/product_brand?post=56783"},{"taxonomy":"product_cat","embeddable":true,"href":"https:\/\/reginett.ee\/ru\/wp-json\/wp\/v2\/product_cat?post=56783"},{"taxonomy":"product_tag","embeddable":true,"href":"https:\/\/reginett.ee\/ru\/wp-json\/wp\/v2\/product_tag?post=56783"}],"curies":[{"name":"wp","href":"https:\/\/api.w.org\/{rel}","templated":true}]}}