{"id":56749,"date":"2021-11-15T20:06:06","date_gmt":"2021-11-15T17:06:06","guid":{"rendered":"https:\/\/reginett.ee\/?post_type=product&#038;p=56749"},"modified":"2021-11-15T20:06:06","modified_gmt":"2021-11-15T17:06:06","slug":"vihmajakk-husqvarna-technical-vent-high-viz","status":"publish","type":"product","link":"https:\/\/reginett.ee\/ru\/toode\/vihmajakk-husqvarna-technical-vent-high-viz\/","title":{"rendered":"Vihmajakk Husqvarna Technical Vent High-Viz"},"content":{"rendered":"<p>Vihmajakk Husqvarna Technical Vent High-Viz on k\u00f5rgekvaliteetne vihmajakk. Tugevdused rohkem kuluvatel osadel. Valmistatud vetth\u00fclgavast materjalist, kuid on hingav. Jakil on eemaldatav kapuuts, reguleeritav v\u00f6\u00f6osa ning veekindlad, h\u00e4sti ligip\u00e4\u00e4setavad lukuga taskud. Helkurribad tagavad n\u00e4htavuse ka pimedas.<\/p>\n<p>Vastab standardile EN ISO 20471 Klass 3 ja EN343.<\/p>\n<div class=\"col-sm-3 description\">\n<h3 class=\"h4 description-headline\">High Viz<\/h3>\n<div class=\"description-text-wrapper\"><span class=\"description-text\">K\u00f5rgn\u00e4htavad helkurribad vastavad EN ISO 20471 Klass 3 standardile. <\/span><\/div>\n<div>\n<div class=\"col-sm-3 description\">\n<h3 class=\"h4 description-headline\">Tugevdatud \u00f5la- ja k\u00fc\u00fcnarnukiosa<\/h3>\n<div class=\"description-text-wrapper\"><span class=\"description-text\">Tugevdused rohkem kuluvatel osadel <\/span><\/div>\n<div>\n<div class=\"col-sm-3 description\">\n<h3 class=\"h4 description-headline\">Veekindlad taskud<\/h3>\n<div class=\"description-text-wrapper\"><span class=\"description-text\">Mobiilitasku rinnal ning kaks k\u00fcljetaskut on varustatud lamineeritud t\u00f5mblukuga, mis teeb nad veekindlaks. <\/span><\/div>\n<div>\n<div class=\"col-sm-3 description\">\n<h3 class=\"h4 description-headline\">P\u00fcsi kuivana<\/h3>\n<div class=\"description-text-wrapper\"><span class=\"description-text\">\u00d5hutuslukud ja avatud passeosa seljal tagab suurep\u00e4rase \u00f5hutavuse, samas j\u00e4tab sind kuivaks ka k\u00f5ige suurema vihmaga. <\/span><\/div>\n<div><\/div>\n<h3>Vetth\u00fclgav ent samas hingav materjal<\/h3>\n<div>Materjal on vetth\u00fclgav ent samas on tagatud hea hingavus.<\/div>\n<div><\/div>\n<h3>T\u00f5mblukuga varrukaotsad<\/h3>\n<div>Varrukaotsad on varustatud t\u00f5mblukuga, mis teeb kinnaste k\u00e4tte panemise ja \u00e4ra v\u00f5tmise mugavaks.<\/div>\n<div><\/div>\n<\/div>\n<\/div>\n<\/div>\n<\/div>\n<\/div>\n<\/div>\n<\/div>\n","protected":false},"excerpt":{"rendered":"<p>Vihmajakk Husqvarna Technical Vent High-Viz on k\u00f5rgekvaliteetne vihmajakk. Tugevdused rohkem kuluvatel osadel. Valmistatud vetth\u00fclgavast materjalist, kuid on hingav. Jakil on eemaldatav kapuuts, reguleeritav v\u00f6\u00f6osa ning veekindlad, h\u00e4sti ligip\u00e4\u00e4setavad lukuga taskud. Helkurribad tagavad n\u00e4htavuse ka pimedas.<\/p>\n","protected":false},"featured_media":56750,"comment_status":"open","ping_status":"closed","template":"","meta":{"_acf_changed":false,"_et_pb_use_builder":"","_et_pb_old_content":"","_et_gb_content_width":"","inline_featured_image":false},"pwb-brand":[147],"product_brand":[],"product_cat":[37,32],"product_tag":[],"class_list":{"0":"post-56749","1":"product","2":"type-product","3":"status-publish","4":"has-post-thumbnail","6":"pwb-brand-husqvarna","7":"product_cat-husqvarna","8":"product_cat-riided-ja-kaitsevahendid","10":"first","11":"instock","12":"shipping-taxable","13":"purchasable","14":"product-type-simple"},"acf":[],"yoast_head":"<!-- This site is optimized with the Yoast SEO plugin v26.6 - https:\/\/yoast.com\/wordpress\/plugins\/seo\/ -->\n<title>Vihmajakk Husqvarna Technical Vent High-Viz. Husqvarna kaitseriided<\/title>\n<meta name=\"description\" content=\"Vihmajakk Husqvarna Technical Vent High-Viz on k\u00f5rgekvaliteetne vihmajakk. Tugevdused rohkem kuluvatel osadel. Valmistatud vetth\u00fclgavast\" \/>\n<meta name=\"robots\" content=\"index, follow, max-snippet:-1, max-image-preview:large, max-video-preview:-1\" \/>\n<link rel=\"canonical\" href=\"https:\/\/reginett.ee\/toode\/vihmajakk-husqvarna-technical-vent-high-viz\/\" \/>\n<meta property=\"og:locale\" content=\"ru_RU\" \/>\n<meta property=\"og:type\" content=\"article\" \/>\n<meta property=\"og:title\" content=\"Vihmajakk Husqvarna Technical Vent High-Viz. Husqvarna kaitseriided\" \/>\n<meta property=\"og:description\" content=\"Vihmajakk Husqvarna Technical Vent High-Viz on k\u00f5rgekvaliteetne vihmajakk. Tugevdused rohkem kuluvatel osadel. Valmistatud vetth\u00fclgavast\" \/>\n<meta property=\"og:url\" content=\"https:\/\/reginett.ee\/toode\/vihmajakk-husqvarna-technical-vent-high-viz\/\" \/>\n<meta property=\"og:site_name\" content=\"Reginett\" \/>\n<meta property=\"og:image\" content=\"https:\/\/reginett.ee\/wp-content\/uploads\/2021\/11\/Vihmajakk.png\" \/>\n\t<meta property=\"og:image:width\" content=\"460\" \/>\n\t<meta property=\"og:image:height\" content=\"460\" \/>\n\t<meta property=\"og:image:type\" content=\"image\/png\" \/>\n<meta name=\"twitter:card\" content=\"summary_large_image\" \/>\n<meta name=\"twitter:label1\" content=\"\u041f\u0440\u0438\u043c\u0435\u0440\u043d\u043e\u0435 \u0432\u0440\u0435\u043c\u044f \u0434\u043b\u044f \u0447\u0442\u0435\u043d\u0438\u044f\" \/>\n\t<meta name=\"twitter:data1\" content=\"1 \u043c\u0438\u043d\u0443\u0442\u0430\" \/>\n<script type=\"application\/ld+json\" class=\"yoast-schema-graph\">{\"@context\":\"https:\/\/schema.org\",\"@graph\":[{\"@type\":\"WebPage\",\"@id\":\"https:\/\/reginett.ee\/toode\/vihmajakk-husqvarna-technical-vent-high-viz\/\",\"url\":\"https:\/\/reginett.ee\/toode\/vihmajakk-husqvarna-technical-vent-high-viz\/\",\"name\":\"Vihmajakk Husqvarna Technical Vent High-Viz. Husqvarna kaitseriided\",\"isPartOf\":{\"@id\":\"https:\/\/reginett.ee\/#website\"},\"primaryImageOfPage\":{\"@id\":\"https:\/\/reginett.ee\/toode\/vihmajakk-husqvarna-technical-vent-high-viz\/#primaryimage\"},\"image\":{\"@id\":\"https:\/\/reginett.ee\/toode\/vihmajakk-husqvarna-technical-vent-high-viz\/#primaryimage\"},\"thumbnailUrl\":\"https:\/\/reginett.ee\/wp-content\/uploads\/2021\/11\/Vihmajakk.png\",\"datePublished\":\"2021-11-15T17:06:06+00:00\",\"description\":\"Vihmajakk Husqvarna Technical Vent High-Viz on k\u00f5rgekvaliteetne vihmajakk. Tugevdused rohkem kuluvatel osadel. Valmistatud vetth\u00fclgavast\",\"breadcrumb\":{\"@id\":\"https:\/\/reginett.ee\/toode\/vihmajakk-husqvarna-technical-vent-high-viz\/#breadcrumb\"},\"inLanguage\":\"ru-RU\",\"potentialAction\":[{\"@type\":\"ReadAction\",\"target\":[\"https:\/\/reginett.ee\/toode\/vihmajakk-husqvarna-technical-vent-high-viz\/\"]}]},{\"@type\":\"ImageObject\",\"inLanguage\":\"ru-RU\",\"@id\":\"https:\/\/reginett.ee\/toode\/vihmajakk-husqvarna-technical-vent-high-viz\/#primaryimage\",\"url\":\"https:\/\/reginett.ee\/wp-content\/uploads\/2021\/11\/Vihmajakk.png\",\"contentUrl\":\"https:\/\/reginett.ee\/wp-content\/uploads\/2021\/11\/Vihmajakk.png\",\"width\":460,\"height\":460,\"caption\":\"Vihmajakk\"},{\"@type\":\"BreadcrumbList\",\"@id\":\"https:\/\/reginett.ee\/toode\/vihmajakk-husqvarna-technical-vent-high-viz\/#breadcrumb\",\"itemListElement\":[{\"@type\":\"ListItem\",\"position\":1,\"name\":\"Home\",\"item\":\"https:\/\/reginett.ee\/ru\/\"},{\"@type\":\"ListItem\",\"position\":2,\"name\":\"Tooted\",\"item\":\"https:\/\/reginett.ee\/tooted\/\"},{\"@type\":\"ListItem\",\"position\":3,\"name\":\"Vihmajakk Husqvarna Technical Vent High-Viz\"}]},{\"@type\":\"WebSite\",\"@id\":\"https:\/\/reginett.ee\/#website\",\"url\":\"https:\/\/reginett.ee\/\",\"name\":\"Reginett\",\"description\":\"Parimad robotniidukid\",\"potentialAction\":[{\"@type\":\"SearchAction\",\"target\":{\"@type\":\"EntryPoint\",\"urlTemplate\":\"https:\/\/reginett.ee\/?s={search_term_string}\"},\"query-input\":{\"@type\":\"PropertyValueSpecification\",\"valueRequired\":true,\"valueName\":\"search_term_string\"}}],\"inLanguage\":\"ru-RU\"}]}<\/script>\n<!-- \/ Yoast SEO plugin. -->","yoast_head_json":{"title":"Vihmajakk Husqvarna Technical Vent High-Viz. Husqvarna kaitseriided","description":"Vihmajakk Husqvarna Technical Vent High-Viz on k\u00f5rgekvaliteetne vihmajakk. Tugevdused rohkem kuluvatel osadel. Valmistatud vetth\u00fclgavast","robots":{"index":"index","follow":"follow","max-snippet":"max-snippet:-1","max-image-preview":"max-image-preview:large","max-video-preview":"max-video-preview:-1"},"canonical":"https:\/\/reginett.ee\/toode\/vihmajakk-husqvarna-technical-vent-high-viz\/","og_locale":"ru_RU","og_type":"article","og_title":"Vihmajakk Husqvarna Technical Vent High-Viz. Husqvarna kaitseriided","og_description":"Vihmajakk Husqvarna Technical Vent High-Viz on k\u00f5rgekvaliteetne vihmajakk. Tugevdused rohkem kuluvatel osadel. Valmistatud vetth\u00fclgavast","og_url":"https:\/\/reginett.ee\/toode\/vihmajakk-husqvarna-technical-vent-high-viz\/","og_site_name":"Reginett","og_image":[{"width":460,"height":460,"url":"https:\/\/reginett.ee\/wp-content\/uploads\/2021\/11\/Vihmajakk.png","type":"image\/png"}],"twitter_card":"summary_large_image","twitter_misc":{"\u041f\u0440\u0438\u043c\u0435\u0440\u043d\u043e\u0435 \u0432\u0440\u0435\u043c\u044f \u0434\u043b\u044f \u0447\u0442\u0435\u043d\u0438\u044f":"1 \u043c\u0438\u043d\u0443\u0442\u0430"},"schema":{"@context":"https:\/\/schema.org","@graph":[{"@type":"WebPage","@id":"https:\/\/reginett.ee\/toode\/vihmajakk-husqvarna-technical-vent-high-viz\/","url":"https:\/\/reginett.ee\/toode\/vihmajakk-husqvarna-technical-vent-high-viz\/","name":"Vihmajakk Husqvarna Technical Vent High-Viz. Husqvarna kaitseriided","isPartOf":{"@id":"https:\/\/reginett.ee\/#website"},"primaryImageOfPage":{"@id":"https:\/\/reginett.ee\/toode\/vihmajakk-husqvarna-technical-vent-high-viz\/#primaryimage"},"image":{"@id":"https:\/\/reginett.ee\/toode\/vihmajakk-husqvarna-technical-vent-high-viz\/#primaryimage"},"thumbnailUrl":"https:\/\/reginett.ee\/wp-content\/uploads\/2021\/11\/Vihmajakk.png","datePublished":"2021-11-15T17:06:06+00:00","description":"Vihmajakk Husqvarna Technical Vent High-Viz on k\u00f5rgekvaliteetne vihmajakk. Tugevdused rohkem kuluvatel osadel. Valmistatud vetth\u00fclgavast","breadcrumb":{"@id":"https:\/\/reginett.ee\/toode\/vihmajakk-husqvarna-technical-vent-high-viz\/#breadcrumb"},"inLanguage":"ru-RU","potentialAction":[{"@type":"ReadAction","target":["https:\/\/reginett.ee\/toode\/vihmajakk-husqvarna-technical-vent-high-viz\/"]}]},{"@type":"ImageObject","inLanguage":"ru-RU","@id":"https:\/\/reginett.ee\/toode\/vihmajakk-husqvarna-technical-vent-high-viz\/#primaryimage","url":"https:\/\/reginett.ee\/wp-content\/uploads\/2021\/11\/Vihmajakk.png","contentUrl":"https:\/\/reginett.ee\/wp-content\/uploads\/2021\/11\/Vihmajakk.png","width":460,"height":460,"caption":"Vihmajakk"},{"@type":"BreadcrumbList","@id":"https:\/\/reginett.ee\/toode\/vihmajakk-husqvarna-technical-vent-high-viz\/#breadcrumb","itemListElement":[{"@type":"ListItem","position":1,"name":"Home","item":"https:\/\/reginett.ee\/ru\/"},{"@type":"ListItem","position":2,"name":"Tooted","item":"https:\/\/reginett.ee\/tooted\/"},{"@type":"ListItem","position":3,"name":"Vihmajakk Husqvarna Technical Vent High-Viz"}]},{"@type":"WebSite","@id":"https:\/\/reginett.ee\/#website","url":"https:\/\/reginett.ee\/","name":"Reginett","description":"Parimad robotniidukid","potentialAction":[{"@type":"SearchAction","target":{"@type":"EntryPoint","urlTemplate":"https:\/\/reginett.ee\/?s={search_term_string}"},"query-input":{"@type":"PropertyValueSpecification","valueRequired":true,"valueName":"search_term_string"}}],"inLanguage":"ru-RU"}]}},"brands":[{"id":147,"name":"Husqvarna","slug":"husqvarna"}],"_links":{"self":[{"href":"https:\/\/reginett.ee\/ru\/wp-json\/wp\/v2\/product\/56749","targetHints":{"allow":["GET"]}}],"collection":[{"href":"https:\/\/reginett.ee\/ru\/wp-json\/wp\/v2\/product"}],"about":[{"href":"https:\/\/reginett.ee\/ru\/wp-json\/wp\/v2\/types\/product"}],"replies":[{"embeddable":true,"href":"https:\/\/reginett.ee\/ru\/wp-json\/wp\/v2\/comments?post=56749"}],"wp:featuredmedia":[{"embeddable":true,"href":"https:\/\/reginett.ee\/ru\/wp-json\/wp\/v2\/media\/56750"}],"wp:attachment":[{"href":"https:\/\/reginett.ee\/ru\/wp-json\/wp\/v2\/media?parent=56749"}],"wp:term":[{"taxonomy":"pwb-brand","embeddable":true,"href":"https:\/\/reginett.ee\/ru\/wp-json\/wp\/v2\/pwb-brand?post=56749"},{"taxonomy":"product_brand","embeddable":true,"href":"https:\/\/reginett.ee\/ru\/wp-json\/wp\/v2\/product_brand?post=56749"},{"taxonomy":"product_cat","embeddable":true,"href":"https:\/\/reginett.ee\/ru\/wp-json\/wp\/v2\/product_cat?post=56749"},{"taxonomy":"product_tag","embeddable":true,"href":"https:\/\/reginett.ee\/ru\/wp-json\/wp\/v2\/product_tag?post=56749"}],"curies":[{"name":"wp","href":"https:\/\/api.w.org\/{rel}","templated":true}]}}