{"id":55618,"date":"2022-09-02T15:55:24","date_gmt":"2022-09-02T12:55:24","guid":{"rendered":"https:\/\/reginett.ee\/?post_type=product&#038;p=55618"},"modified":"2022-09-08T10:32:14","modified_gmt":"2022-09-08T07:32:14","slug":"puhkija-koguja-turfmaster-38-96cm","status":"publish","type":"product","link":"https:\/\/reginett.ee\/ru\/toode\/puhkija-koguja-turfmaster-38-96cm\/","title":{"rendered":"P\u00fchkija-koguja Turfmaster 38&#8243; 96cm"},"content":{"rendered":"<p>J\u00e4relveetav p\u00fchkija-koguja, mille t\u00f6\u00f6laius on 96cm. Selle sweeperi abil kogud kokku niidetud muru ja puulehed.<\/p>\n<p>Sobib enamikele murutraktoritele, raideritele, zeroturnidele.<\/p>\n<p>Mugav t\u00fchjendamine juhiistmelt ja reguleeritav t\u00f6\u00f6k\u00f5rgus.<\/p>\n<p>T\u00f6\u00f6laius 38&#8243; ehk 96cm. Koguri maht 300 liitrit.<\/p>\n","protected":false},"excerpt":{"rendered":"<p>J\u00e4relveetav p\u00fchkija-koguja, mille t\u00f6\u00f6laius on 96cm. Selle sweeperi abil kogud kokku niidetud muru ja puulehed.<\/p>\n<p>Sobib enamikele murutraktoritele, raideritele, zeroturnidele.<\/p>\n<p>Mugav t\u00fchjendamine juhiistmelt ja reguleeritav t\u00f6\u00f6k\u00f5rgus.<\/p>\n<p>T\u00f6\u00f6laius 38&#8243; ehk 96cm. Koguri maht 300 liitrit.<\/p>\n","protected":false},"featured_media":55619,"comment_status":"open","ping_status":"closed","template":"","meta":{"_acf_changed":false,"_et_pb_use_builder":"","_et_pb_old_content":"","_et_gb_content_width":"","inline_featured_image":false},"pwb-brand":[],"product_brand":[],"product_cat":[50,28,27],"product_tag":[336,337,335,308],"class_list":{"0":"post-55618","1":"product","2":"type-product","3":"status-publish","4":"has-post-thumbnail","6":"product_cat-lehepuhurid","7":"product_cat-puhastustehnika","8":"product_cat-tooriistad-ja-tarvikud","9":"product_tag-koguja","10":"product_tag-lehekoristus","11":"product_tag-puhkija","12":"product_tag-sweeper","13":"product_shipping_class-rasked-asjad","15":"first","16":"instock","17":"sale","18":"shipping-taxable","19":"purchasable","20":"product-type-simple"},"acf":[],"yoast_head":"<!-- This site is optimized with the Yoast SEO plugin v26.6 - https:\/\/yoast.com\/wordpress\/plugins\/seo\/ -->\n<title>P\u00fchkija-koguga Turmaster 96cm. Sweeperid kohe laos<\/title>\n<meta name=\"description\" content=\"J\u00e4relveetav p\u00fchkija-koguja, mille t\u00f6\u00f6laius on 96cm. Selle sweeperi abil kogud kokku niidetud muru ja puulehed.\" \/>\n<meta name=\"robots\" content=\"index, follow, max-snippet:-1, max-image-preview:large, max-video-preview:-1\" \/>\n<link rel=\"canonical\" href=\"https:\/\/reginett.ee\/toode\/puhkija-koguja-turfmaster-38-96cm\/\" \/>\n<meta property=\"og:locale\" content=\"ru_RU\" \/>\n<meta property=\"og:type\" content=\"article\" \/>\n<meta property=\"og:title\" content=\"P\u00fchkija-koguga Turmaster 96cm. Sweeperid kohe laos\" \/>\n<meta property=\"og:description\" content=\"J\u00e4relveetav p\u00fchkija-koguja, mille t\u00f6\u00f6laius on 96cm. Selle sweeperi abil kogud kokku niidetud muru ja puulehed.\" \/>\n<meta property=\"og:url\" content=\"https:\/\/reginett.ee\/toode\/puhkija-koguja-turfmaster-38-96cm\/\" \/>\n<meta property=\"og:site_name\" content=\"Reginett\" \/>\n<meta property=\"article:modified_time\" content=\"2022-09-08T07:32:14+00:00\" \/>\n<meta property=\"og:image\" content=\"https:\/\/reginett.ee\/wp-content\/uploads\/2021\/09\/Sweeper-Turfmaster.jpg\" \/>\n\t<meta property=\"og:image:width\" content=\"800\" \/>\n\t<meta property=\"og:image:height\" content=\"800\" \/>\n\t<meta property=\"og:image:type\" content=\"image\/jpeg\" \/>\n<meta name=\"twitter:card\" content=\"summary_large_image\" \/>\n<meta name=\"twitter:label1\" content=\"\u041f\u0440\u0438\u043c\u0435\u0440\u043d\u043e\u0435 \u0432\u0440\u0435\u043c\u044f \u0434\u043b\u044f \u0447\u0442\u0435\u043d\u0438\u044f\" \/>\n\t<meta name=\"twitter:data1\" content=\"1 \u043c\u0438\u043d\u0443\u0442\u0430\" \/>\n<script type=\"application\/ld+json\" class=\"yoast-schema-graph\">{\"@context\":\"https:\/\/schema.org\",\"@graph\":[{\"@type\":\"WebPage\",\"@id\":\"https:\/\/reginett.ee\/toode\/puhkija-koguja-turfmaster-38-96cm\/\",\"url\":\"https:\/\/reginett.ee\/toode\/puhkija-koguja-turfmaster-38-96cm\/\",\"name\":\"P\u00fchkija-koguga Turmaster 96cm. Sweeperid kohe laos\",\"isPartOf\":{\"@id\":\"https:\/\/reginett.ee\/#website\"},\"primaryImageOfPage\":{\"@id\":\"https:\/\/reginett.ee\/toode\/puhkija-koguja-turfmaster-38-96cm\/#primaryimage\"},\"image\":{\"@id\":\"https:\/\/reginett.ee\/toode\/puhkija-koguja-turfmaster-38-96cm\/#primaryimage\"},\"thumbnailUrl\":\"https:\/\/reginett.ee\/wp-content\/uploads\/2021\/09\/Sweeper-Turfmaster.jpg\",\"datePublished\":\"2022-09-02T12:55:24+00:00\",\"dateModified\":\"2022-09-08T07:32:14+00:00\",\"description\":\"J\u00e4relveetav p\u00fchkija-koguja, mille t\u00f6\u00f6laius on 96cm. Selle sweeperi abil kogud kokku niidetud muru ja puulehed.\",\"breadcrumb\":{\"@id\":\"https:\/\/reginett.ee\/toode\/puhkija-koguja-turfmaster-38-96cm\/#breadcrumb\"},\"inLanguage\":\"ru-RU\",\"potentialAction\":[{\"@type\":\"ReadAction\",\"target\":[\"https:\/\/reginett.ee\/toode\/puhkija-koguja-turfmaster-38-96cm\/\"]}]},{\"@type\":\"ImageObject\",\"inLanguage\":\"ru-RU\",\"@id\":\"https:\/\/reginett.ee\/toode\/puhkija-koguja-turfmaster-38-96cm\/#primaryimage\",\"url\":\"https:\/\/reginett.ee\/wp-content\/uploads\/2021\/09\/Sweeper-Turfmaster.jpg\",\"contentUrl\":\"https:\/\/reginett.ee\/wp-content\/uploads\/2021\/09\/Sweeper-Turfmaster.jpg\",\"width\":800,\"height\":800,\"caption\":\"Sweeper\"},{\"@type\":\"BreadcrumbList\",\"@id\":\"https:\/\/reginett.ee\/toode\/puhkija-koguja-turfmaster-38-96cm\/#breadcrumb\",\"itemListElement\":[{\"@type\":\"ListItem\",\"position\":1,\"name\":\"Home\",\"item\":\"https:\/\/reginett.ee\/ru\/\"},{\"@type\":\"ListItem\",\"position\":2,\"name\":\"Tooted\",\"item\":\"https:\/\/reginett.ee\/tooted\/\"},{\"@type\":\"ListItem\",\"position\":3,\"name\":\"P\u00fchkija-koguja Turfmaster 38&#8243; 96cm\"}]},{\"@type\":\"WebSite\",\"@id\":\"https:\/\/reginett.ee\/#website\",\"url\":\"https:\/\/reginett.ee\/\",\"name\":\"Reginett\",\"description\":\"Parimad robotniidukid\",\"potentialAction\":[{\"@type\":\"SearchAction\",\"target\":{\"@type\":\"EntryPoint\",\"urlTemplate\":\"https:\/\/reginett.ee\/?s={search_term_string}\"},\"query-input\":{\"@type\":\"PropertyValueSpecification\",\"valueRequired\":true,\"valueName\":\"search_term_string\"}}],\"inLanguage\":\"ru-RU\"}]}<\/script>\n<!-- \/ Yoast SEO plugin. -->","yoast_head_json":{"title":"P\u00fchkija-koguga Turmaster 96cm. Sweeperid kohe laos","description":"J\u00e4relveetav p\u00fchkija-koguja, mille t\u00f6\u00f6laius on 96cm. Selle sweeperi abil kogud kokku niidetud muru ja puulehed.","robots":{"index":"index","follow":"follow","max-snippet":"max-snippet:-1","max-image-preview":"max-image-preview:large","max-video-preview":"max-video-preview:-1"},"canonical":"https:\/\/reginett.ee\/toode\/puhkija-koguja-turfmaster-38-96cm\/","og_locale":"ru_RU","og_type":"article","og_title":"P\u00fchkija-koguga Turmaster 96cm. Sweeperid kohe laos","og_description":"J\u00e4relveetav p\u00fchkija-koguja, mille t\u00f6\u00f6laius on 96cm. Selle sweeperi abil kogud kokku niidetud muru ja puulehed.","og_url":"https:\/\/reginett.ee\/toode\/puhkija-koguja-turfmaster-38-96cm\/","og_site_name":"Reginett","article_modified_time":"2022-09-08T07:32:14+00:00","og_image":[{"width":800,"height":800,"url":"https:\/\/reginett.ee\/wp-content\/uploads\/2021\/09\/Sweeper-Turfmaster.jpg","type":"image\/jpeg"}],"twitter_card":"summary_large_image","twitter_misc":{"\u041f\u0440\u0438\u043c\u0435\u0440\u043d\u043e\u0435 \u0432\u0440\u0435\u043c\u044f \u0434\u043b\u044f \u0447\u0442\u0435\u043d\u0438\u044f":"1 \u043c\u0438\u043d\u0443\u0442\u0430"},"schema":{"@context":"https:\/\/schema.org","@graph":[{"@type":"WebPage","@id":"https:\/\/reginett.ee\/toode\/puhkija-koguja-turfmaster-38-96cm\/","url":"https:\/\/reginett.ee\/toode\/puhkija-koguja-turfmaster-38-96cm\/","name":"P\u00fchkija-koguga Turmaster 96cm. Sweeperid kohe laos","isPartOf":{"@id":"https:\/\/reginett.ee\/#website"},"primaryImageOfPage":{"@id":"https:\/\/reginett.ee\/toode\/puhkija-koguja-turfmaster-38-96cm\/#primaryimage"},"image":{"@id":"https:\/\/reginett.ee\/toode\/puhkija-koguja-turfmaster-38-96cm\/#primaryimage"},"thumbnailUrl":"https:\/\/reginett.ee\/wp-content\/uploads\/2021\/09\/Sweeper-Turfmaster.jpg","datePublished":"2022-09-02T12:55:24+00:00","dateModified":"2022-09-08T07:32:14+00:00","description":"J\u00e4relveetav p\u00fchkija-koguja, mille t\u00f6\u00f6laius on 96cm. Selle sweeperi abil kogud kokku niidetud muru ja puulehed.","breadcrumb":{"@id":"https:\/\/reginett.ee\/toode\/puhkija-koguja-turfmaster-38-96cm\/#breadcrumb"},"inLanguage":"ru-RU","potentialAction":[{"@type":"ReadAction","target":["https:\/\/reginett.ee\/toode\/puhkija-koguja-turfmaster-38-96cm\/"]}]},{"@type":"ImageObject","inLanguage":"ru-RU","@id":"https:\/\/reginett.ee\/toode\/puhkija-koguja-turfmaster-38-96cm\/#primaryimage","url":"https:\/\/reginett.ee\/wp-content\/uploads\/2021\/09\/Sweeper-Turfmaster.jpg","contentUrl":"https:\/\/reginett.ee\/wp-content\/uploads\/2021\/09\/Sweeper-Turfmaster.jpg","width":800,"height":800,"caption":"Sweeper"},{"@type":"BreadcrumbList","@id":"https:\/\/reginett.ee\/toode\/puhkija-koguja-turfmaster-38-96cm\/#breadcrumb","itemListElement":[{"@type":"ListItem","position":1,"name":"Home","item":"https:\/\/reginett.ee\/ru\/"},{"@type":"ListItem","position":2,"name":"Tooted","item":"https:\/\/reginett.ee\/tooted\/"},{"@type":"ListItem","position":3,"name":"P\u00fchkija-koguja Turfmaster 38&#8243; 96cm"}]},{"@type":"WebSite","@id":"https:\/\/reginett.ee\/#website","url":"https:\/\/reginett.ee\/","name":"Reginett","description":"Parimad robotniidukid","potentialAction":[{"@type":"SearchAction","target":{"@type":"EntryPoint","urlTemplate":"https:\/\/reginett.ee\/?s={search_term_string}"},"query-input":{"@type":"PropertyValueSpecification","valueRequired":true,"valueName":"search_term_string"}}],"inLanguage":"ru-RU"}]}},"brands":[],"_links":{"self":[{"href":"https:\/\/reginett.ee\/ru\/wp-json\/wp\/v2\/product\/55618","targetHints":{"allow":["GET"]}}],"collection":[{"href":"https:\/\/reginett.ee\/ru\/wp-json\/wp\/v2\/product"}],"about":[{"href":"https:\/\/reginett.ee\/ru\/wp-json\/wp\/v2\/types\/product"}],"replies":[{"embeddable":true,"href":"https:\/\/reginett.ee\/ru\/wp-json\/wp\/v2\/comments?post=55618"}],"wp:featuredmedia":[{"embeddable":true,"href":"https:\/\/reginett.ee\/ru\/wp-json\/wp\/v2\/media\/55619"}],"wp:attachment":[{"href":"https:\/\/reginett.ee\/ru\/wp-json\/wp\/v2\/media?parent=55618"}],"wp:term":[{"taxonomy":"pwb-brand","embeddable":true,"href":"https:\/\/reginett.ee\/ru\/wp-json\/wp\/v2\/pwb-brand?post=55618"},{"taxonomy":"product_brand","embeddable":true,"href":"https:\/\/reginett.ee\/ru\/wp-json\/wp\/v2\/product_brand?post=55618"},{"taxonomy":"product_cat","embeddable":true,"href":"https:\/\/reginett.ee\/ru\/wp-json\/wp\/v2\/product_cat?post=55618"},{"taxonomy":"product_tag","embeddable":true,"href":"https:\/\/reginett.ee\/ru\/wp-json\/wp\/v2\/product_tag?post=55618"}],"curies":[{"name":"wp","href":"https:\/\/api.w.org\/{rel}","templated":true}]}}