{"id":55568,"date":"2021-09-10T15:15:00","date_gmt":"2021-09-10T12:15:00","guid":{"rendered":"https:\/\/reginett.ee\/?post_type=product&#038;p=55568"},"modified":"2025-07-02T17:44:01","modified_gmt":"2025-07-02T14:44:01","slug":"akuga-lehepuhur-husqvarna-340ibt-uus","status":"publish","type":"product","link":"https:\/\/reginett.ee\/ru\/toode\/akuga-lehepuhur-husqvarna-340ibt-uus\/","title":{"rendered":"Akulehepuhur Husqvarna 340iBT"},"content":{"rendered":"<p>Husqvarna 340iBT on suurep\u00e4rase puhumisj\u00f5udlusega , madala vibratsioonitaseme ning m\u00fcratasemega seljas kantav akupuhur.<\/p>\n<p>Varustatud kahe akupesaga ja lihtsa ning mugava s\u00f5rmistikuga. \u00dche aku t\u00fchjenedes l\u00fclitub masin automaatselt \u00fcle teisele akule.<\/p>\n<p>* Akud ja laadija ei kuulu komplekti.<\/p>\n<p>&nbsp;<\/p>\n<div class=\"col-sm-3 description\">\n<h3 class=\"h4 description-headline\">Kaks akupesa<\/h3>\n<div class=\"description-text-wrapper\"><span class=\"description-text\">Kaks akupesa v\u00f5imaldavad toodet pikemalt kasutada. <\/span><\/div>\n<\/div>\n<div class=\"col-sm-3 description\">\n<h3 class=\"h4 description-headline\">Harjadeta mootor<\/h3>\n<div class=\"description-text-wrapper\"><span class=\"description-text\">Hea kaalu ja v\u00f5imsuse suhe tagab efektiivsema t\u00f6\u00f6, vastupidavuse, madalama m\u00fcrataseme ja pikema toote eluea. <\/span><\/div>\n<div>\n<div class=\"col-sm-3 description\">\n<h3 class=\"h4 description-headline\">Puhumisv\u00f5imsus<\/h3>\n<div class=\"description-text-wrapper\"><span class=\"description-text\">Suur 17N puhumisv\u00f5imsus on v\u00f5rdeline 40 cm<sup>3<\/sup> bensiinimootoriga puhuri puhumisv\u00f5imsusega.<\/span><\/div>\n<div>\n<div class=\"col-sm-3 description\">\n<h3 class=\"h4 description-headline\">Mugav k\u00e4epide koos juhtpaneeliga.<\/h3>\n<div class=\"description-text-wrapper\"><span class=\"description-text\">Uus ja mugav k\u00e4epide koos juhtpaneeliga. Disainitud kasutamiseks vajadusel ka kinnastega. V\u00f5imalik j\u00e4lgida akutaset. <\/span><\/div>\n<\/div>\n<div><\/div>\n<div class=\"col-sm-3 description\">\n<h3>Madal m\u00fcratase<\/h3>\n<div>Madal m\u00fcratase v\u00f5imaldab t\u00f6\u00f6tada hommikuti ja \u00f5htuti, ilma naabreid h\u00e4irimata.<\/div>\n<div><\/div>\n<h3>Sama akus\u00fcsteem k\u00f5igil<\/h3>\n<div>Meie akud on v\u00e4lja t\u00f6\u00f6tatud selliselt, et need sobivad k\u00f5ikidele meie akutoodetele, olgu selleks saag*, trimmer, hekil\u00f5iku jne. Lihtsalt aseta aku oma kohale ja alusta t\u00f6\u00f6d. (*akusaag vajab alati BLi20\/BLi200\/BLi300 akut)<\/div>\n<div><\/div>\n<h3>V\u00e4hene hooldusvajadus<\/h3>\n<p>K\u00fctust ei ole vaja lisada, hooldatavaid varuosi on v\u00e4hem ning elektrooniliselt juhitav ajamis\u00fcsteem t\u00e4hendab l\u00fchemat seisuaega ja madalamaid k\u00e4ituskulusid.<\/p>\n<h3>Li-ion toide<\/h3>\n<p>Husqvarna 340iBTLi-ion-aku kindlustab kauakestva v\u00f5imsuse ja tippklassi j\u00f5udluse.<\/p>\n<p>&nbsp;<\/p>\n<\/div>\n<\/div>\n<\/div>\n<\/div>\n<\/div>\n","protected":false},"excerpt":{"rendered":"<p>Husqvarna 340iBT on suurep\u00e4rase puhumisj\u00f5udlusega , madala vibratsioonitaseme ning m\u00fcratasemega seljas kantav akupuhur.<\/p>\n<p>Varustatud kahe akupesaga ja lihtsa ning mugava s\u00f5rmistikuga. \u00dche aku t\u00fchjenedes l\u00fclitub masin automaatselt \u00fcle teisele akule.<\/p>\n<p>* Akud ja laadija ei kuulu komplekti.<\/p>\n","protected":false},"featured_media":55571,"comment_status":"open","ping_status":"closed","template":"","meta":{"_acf_changed":false,"_et_pb_use_builder":"","_et_pb_old_content":"","_et_gb_content_width":"","inline_featured_image":false},"pwb-brand":[],"product_brand":[],"product_cat":[48,37,50],"product_tag":[142,105],"class_list":{"0":"post-55568","1":"product","2":"type-product","3":"status-publish","4":"has-post-thumbnail","6":"product_cat-akutooted","7":"product_cat-husqvarna","8":"product_cat-lehepuhurid","9":"product_tag-akuga-lehepuhur","10":"product_tag-lehepuhur","11":"product_shipping_class-soodsam-kuller-15-eur","13":"first","14":"instock","15":"shipping-taxable","16":"purchasable","17":"product-type-simple"},"acf":[],"yoast_head":"<!-- This site is optimized with the Yoast SEO plugin v26.6 - https:\/\/yoast.com\/wordpress\/plugins\/seo\/ -->\n<title>Akuga lehepuhur Husqvarna 340iBT. Akupuhurid Reginetist<\/title>\n<meta name=\"description\" content=\"Husqvarna 340iBT on suurep\u00e4rase puhumisj\u00f5udlusega , madala vibratsioonitaseme ning m\u00fcratasemega seljas kantav akupuhur. Varustatud kahe\" \/>\n<meta name=\"robots\" content=\"index, follow, max-snippet:-1, max-image-preview:large, max-video-preview:-1\" \/>\n<link rel=\"canonical\" href=\"https:\/\/reginett.ee\/toode\/akuga-lehepuhur-husqvarna-340ibt-uus\/\" \/>\n<meta property=\"og:locale\" content=\"ru_RU\" \/>\n<meta property=\"og:type\" content=\"article\" \/>\n<meta property=\"og:title\" content=\"Akuga lehepuhur Husqvarna 340iBT. Akupuhurid Reginetist\" \/>\n<meta property=\"og:description\" content=\"Husqvarna 340iBT on suurep\u00e4rase puhumisj\u00f5udlusega , madala vibratsioonitaseme ning m\u00fcratasemega seljas kantav akupuhur. Varustatud kahe\" \/>\n<meta property=\"og:url\" content=\"https:\/\/reginett.ee\/toode\/akuga-lehepuhur-husqvarna-340ibt-uus\/\" \/>\n<meta property=\"og:site_name\" content=\"Reginett\" \/>\n<meta property=\"article:modified_time\" content=\"2025-07-02T14:44:01+00:00\" \/>\n<meta property=\"og:image\" content=\"https:\/\/reginett.ee\/wp-content\/uploads\/2021\/09\/Husqvarna-340IBT.-scaled.jpg\" \/>\n\t<meta property=\"og:image:width\" content=\"2560\" \/>\n\t<meta property=\"og:image:height\" content=\"1883\" \/>\n\t<meta property=\"og:image:type\" content=\"image\/jpeg\" \/>\n<meta name=\"twitter:card\" content=\"summary_large_image\" \/>\n<meta name=\"twitter:label1\" content=\"\u041f\u0440\u0438\u043c\u0435\u0440\u043d\u043e\u0435 \u0432\u0440\u0435\u043c\u044f \u0434\u043b\u044f \u0447\u0442\u0435\u043d\u0438\u044f\" \/>\n\t<meta name=\"twitter:data1\" content=\"1 \u043c\u0438\u043d\u0443\u0442\u0430\" \/>\n<script type=\"application\/ld+json\" class=\"yoast-schema-graph\">{\"@context\":\"https:\/\/schema.org\",\"@graph\":[{\"@type\":\"WebPage\",\"@id\":\"https:\/\/reginett.ee\/toode\/akuga-lehepuhur-husqvarna-340ibt-uus\/\",\"url\":\"https:\/\/reginett.ee\/toode\/akuga-lehepuhur-husqvarna-340ibt-uus\/\",\"name\":\"Akuga lehepuhur Husqvarna 340iBT. Akupuhurid Reginetist\",\"isPartOf\":{\"@id\":\"https:\/\/reginett.ee\/#website\"},\"primaryImageOfPage\":{\"@id\":\"https:\/\/reginett.ee\/toode\/akuga-lehepuhur-husqvarna-340ibt-uus\/#primaryimage\"},\"image\":{\"@id\":\"https:\/\/reginett.ee\/toode\/akuga-lehepuhur-husqvarna-340ibt-uus\/#primaryimage\"},\"thumbnailUrl\":\"https:\/\/reginett.ee\/wp-content\/uploads\/2021\/09\/Husqvarna-340IBT.-scaled.jpg\",\"datePublished\":\"2021-09-10T12:15:00+00:00\",\"dateModified\":\"2025-07-02T14:44:01+00:00\",\"description\":\"Husqvarna 340iBT on suurep\u00e4rase puhumisj\u00f5udlusega , madala vibratsioonitaseme ning m\u00fcratasemega seljas kantav akupuhur. Varustatud kahe\",\"breadcrumb\":{\"@id\":\"https:\/\/reginett.ee\/toode\/akuga-lehepuhur-husqvarna-340ibt-uus\/#breadcrumb\"},\"inLanguage\":\"ru-RU\",\"potentialAction\":[{\"@type\":\"ReadAction\",\"target\":[\"https:\/\/reginett.ee\/toode\/akuga-lehepuhur-husqvarna-340ibt-uus\/\"]}]},{\"@type\":\"ImageObject\",\"inLanguage\":\"ru-RU\",\"@id\":\"https:\/\/reginett.ee\/toode\/akuga-lehepuhur-husqvarna-340ibt-uus\/#primaryimage\",\"url\":\"https:\/\/reginett.ee\/wp-content\/uploads\/2021\/09\/Husqvarna-340IBT.-scaled.jpg\",\"contentUrl\":\"https:\/\/reginett.ee\/wp-content\/uploads\/2021\/09\/Husqvarna-340IBT.-scaled.jpg\",\"width\":2560,\"height\":1883,\"caption\":\"Husqvarna 340iBT\"},{\"@type\":\"BreadcrumbList\",\"@id\":\"https:\/\/reginett.ee\/toode\/akuga-lehepuhur-husqvarna-340ibt-uus\/#breadcrumb\",\"itemListElement\":[{\"@type\":\"ListItem\",\"position\":1,\"name\":\"Home\",\"item\":\"https:\/\/reginett.ee\/ru\/\"},{\"@type\":\"ListItem\",\"position\":2,\"name\":\"Tooted\",\"item\":\"https:\/\/reginett.ee\/tooted\/\"},{\"@type\":\"ListItem\",\"position\":3,\"name\":\"Akulehepuhur Husqvarna 340iBT\"}]},{\"@type\":\"WebSite\",\"@id\":\"https:\/\/reginett.ee\/#website\",\"url\":\"https:\/\/reginett.ee\/\",\"name\":\"Reginett\",\"description\":\"Parimad robotniidukid\",\"potentialAction\":[{\"@type\":\"SearchAction\",\"target\":{\"@type\":\"EntryPoint\",\"urlTemplate\":\"https:\/\/reginett.ee\/?s={search_term_string}\"},\"query-input\":{\"@type\":\"PropertyValueSpecification\",\"valueRequired\":true,\"valueName\":\"search_term_string\"}}],\"inLanguage\":\"ru-RU\"}]}<\/script>\n<!-- \/ Yoast SEO plugin. -->","yoast_head_json":{"title":"Akuga lehepuhur Husqvarna 340iBT. Akupuhurid Reginetist","description":"Husqvarna 340iBT on suurep\u00e4rase puhumisj\u00f5udlusega , madala vibratsioonitaseme ning m\u00fcratasemega seljas kantav akupuhur. Varustatud kahe","robots":{"index":"index","follow":"follow","max-snippet":"max-snippet:-1","max-image-preview":"max-image-preview:large","max-video-preview":"max-video-preview:-1"},"canonical":"https:\/\/reginett.ee\/toode\/akuga-lehepuhur-husqvarna-340ibt-uus\/","og_locale":"ru_RU","og_type":"article","og_title":"Akuga lehepuhur Husqvarna 340iBT. Akupuhurid Reginetist","og_description":"Husqvarna 340iBT on suurep\u00e4rase puhumisj\u00f5udlusega , madala vibratsioonitaseme ning m\u00fcratasemega seljas kantav akupuhur. Varustatud kahe","og_url":"https:\/\/reginett.ee\/toode\/akuga-lehepuhur-husqvarna-340ibt-uus\/","og_site_name":"Reginett","article_modified_time":"2025-07-02T14:44:01+00:00","og_image":[{"width":2560,"height":1883,"url":"https:\/\/reginett.ee\/wp-content\/uploads\/2021\/09\/Husqvarna-340IBT.-scaled.jpg","type":"image\/jpeg"}],"twitter_card":"summary_large_image","twitter_misc":{"\u041f\u0440\u0438\u043c\u0435\u0440\u043d\u043e\u0435 \u0432\u0440\u0435\u043c\u044f \u0434\u043b\u044f \u0447\u0442\u0435\u043d\u0438\u044f":"1 \u043c\u0438\u043d\u0443\u0442\u0430"},"schema":{"@context":"https:\/\/schema.org","@graph":[{"@type":"WebPage","@id":"https:\/\/reginett.ee\/toode\/akuga-lehepuhur-husqvarna-340ibt-uus\/","url":"https:\/\/reginett.ee\/toode\/akuga-lehepuhur-husqvarna-340ibt-uus\/","name":"Akuga lehepuhur Husqvarna 340iBT. Akupuhurid Reginetist","isPartOf":{"@id":"https:\/\/reginett.ee\/#website"},"primaryImageOfPage":{"@id":"https:\/\/reginett.ee\/toode\/akuga-lehepuhur-husqvarna-340ibt-uus\/#primaryimage"},"image":{"@id":"https:\/\/reginett.ee\/toode\/akuga-lehepuhur-husqvarna-340ibt-uus\/#primaryimage"},"thumbnailUrl":"https:\/\/reginett.ee\/wp-content\/uploads\/2021\/09\/Husqvarna-340IBT.-scaled.jpg","datePublished":"2021-09-10T12:15:00+00:00","dateModified":"2025-07-02T14:44:01+00:00","description":"Husqvarna 340iBT on suurep\u00e4rase puhumisj\u00f5udlusega , madala vibratsioonitaseme ning m\u00fcratasemega seljas kantav akupuhur. Varustatud kahe","breadcrumb":{"@id":"https:\/\/reginett.ee\/toode\/akuga-lehepuhur-husqvarna-340ibt-uus\/#breadcrumb"},"inLanguage":"ru-RU","potentialAction":[{"@type":"ReadAction","target":["https:\/\/reginett.ee\/toode\/akuga-lehepuhur-husqvarna-340ibt-uus\/"]}]},{"@type":"ImageObject","inLanguage":"ru-RU","@id":"https:\/\/reginett.ee\/toode\/akuga-lehepuhur-husqvarna-340ibt-uus\/#primaryimage","url":"https:\/\/reginett.ee\/wp-content\/uploads\/2021\/09\/Husqvarna-340IBT.-scaled.jpg","contentUrl":"https:\/\/reginett.ee\/wp-content\/uploads\/2021\/09\/Husqvarna-340IBT.-scaled.jpg","width":2560,"height":1883,"caption":"Husqvarna 340iBT"},{"@type":"BreadcrumbList","@id":"https:\/\/reginett.ee\/toode\/akuga-lehepuhur-husqvarna-340ibt-uus\/#breadcrumb","itemListElement":[{"@type":"ListItem","position":1,"name":"Home","item":"https:\/\/reginett.ee\/ru\/"},{"@type":"ListItem","position":2,"name":"Tooted","item":"https:\/\/reginett.ee\/tooted\/"},{"@type":"ListItem","position":3,"name":"Akulehepuhur Husqvarna 340iBT"}]},{"@type":"WebSite","@id":"https:\/\/reginett.ee\/#website","url":"https:\/\/reginett.ee\/","name":"Reginett","description":"Parimad robotniidukid","potentialAction":[{"@type":"SearchAction","target":{"@type":"EntryPoint","urlTemplate":"https:\/\/reginett.ee\/?s={search_term_string}"},"query-input":{"@type":"PropertyValueSpecification","valueRequired":true,"valueName":"search_term_string"}}],"inLanguage":"ru-RU"}]}},"brands":[],"_links":{"self":[{"href":"https:\/\/reginett.ee\/ru\/wp-json\/wp\/v2\/product\/55568","targetHints":{"allow":["GET"]}}],"collection":[{"href":"https:\/\/reginett.ee\/ru\/wp-json\/wp\/v2\/product"}],"about":[{"href":"https:\/\/reginett.ee\/ru\/wp-json\/wp\/v2\/types\/product"}],"replies":[{"embeddable":true,"href":"https:\/\/reginett.ee\/ru\/wp-json\/wp\/v2\/comments?post=55568"}],"wp:featuredmedia":[{"embeddable":true,"href":"https:\/\/reginett.ee\/ru\/wp-json\/wp\/v2\/media\/55571"}],"wp:attachment":[{"href":"https:\/\/reginett.ee\/ru\/wp-json\/wp\/v2\/media?parent=55568"}],"wp:term":[{"taxonomy":"pwb-brand","embeddable":true,"href":"https:\/\/reginett.ee\/ru\/wp-json\/wp\/v2\/pwb-brand?post=55568"},{"taxonomy":"product_brand","embeddable":true,"href":"https:\/\/reginett.ee\/ru\/wp-json\/wp\/v2\/product_brand?post=55568"},{"taxonomy":"product_cat","embeddable":true,"href":"https:\/\/reginett.ee\/ru\/wp-json\/wp\/v2\/product_cat?post=55568"},{"taxonomy":"product_tag","embeddable":true,"href":"https:\/\/reginett.ee\/ru\/wp-json\/wp\/v2\/product_tag?post=55568"}],"curies":[{"name":"wp","href":"https:\/\/api.w.org\/{rel}","templated":true}]}}