{"id":55557,"date":"2022-05-12T10:15:19","date_gmt":"2022-05-12T07:15:19","guid":{"rendered":"https:\/\/reginett.ee\/?post_type=product&#038;p=55557"},"modified":"2025-06-17T00:10:02","modified_gmt":"2025-06-16T21:10:02","slug":"nullpoorderaadiusega-niiduk-toro-titan-x5450","status":"publish","type":"product","link":"https:\/\/reginett.ee\/ru\/toode\/nullpoorderaadiusega-niiduk-toro-titan-x5450\/","title":{"rendered":"Nullp\u00f6\u00f6rderaadiusega niiduk TORO Titan X5450"},"content":{"rendered":"<p>V\u00f5imas TORO Titan X5450 on just see zeroturn, mida oled otsinud!<\/p>\n<p>Haarake ohjad enda k\u00e4tte masinaga, mis tuleb toime ka k\u00f5ige raskemate t\u00f6\u00f6dega. TORO X5450 Titan, mille puhul on kasutatud meie kommertsklassi tootesarjaga sama tehnoloogiat, pakub professionaalsel tasemel sooritust ja tagab teie aia suurep\u00e4rase v\u00e4ljan\u00e4gemise paljudeks aastateks.<\/p>\n<h3><span style=\"color: #333300;\"><strong>TORO V-Twin Mootor<\/strong><\/span><\/h3>\n<p>708cc TORO V-Twin mootorid on valmistatud silmas pidades professionaalide vajadusi. V\u00f5ite kindlad olla selle vastupidavuses ja kvaliteedis.<\/p>\n<h3><span style=\"color: #333300;\"><strong>137 cm (54\u201c) keevis l\u00f5ikekorpus<\/strong><\/span><\/h3>\n<p>\u00dclitugev l\u00f5ikekorpus on ehitatud hakkama saama karmides tingimustes ja pakkuma t\u00f5eliselt head niidukvaliteeti. 11,4 cm s\u00fcgav, fabritseeritud keeviskorpus on v\u00e4ljakutseteks valmis. L\u00f5ikekorpuse esiserv on tugevdatud Toro \u201eBull-Nose\u201c kommerts t\u00fc\u00fcpi kaitserauaga. Kolm maapinda kopeerivad tugiratast ees ja kaks t\u00f5kist taga aitavad v\u00e4ltida ebatasasel murul pinnasesse l\u00f5ikamist. Loo oma naturaalne v\u00e4etis, lisades Recycling Kit \u00ae mult\u0161ikate v\u00f5i kogu muru kokku lisana saada olevasse Twin Bagging kogumiskotti.<\/p>\n<h3><span style=\"color: #333300;\"><strong>Hydro-Gear HG-ZT2800 k\u00e4igukast<\/strong><\/span><\/h3>\n<p>HG-ZT2800 h\u00fcdrostaatiline j\u00f5u\u00fclekanne on sisemiselt hooldusvaba, varustatud kaitsekattega spin-on h\u00fcdrofiltritega. K\u00e4igukastile on projekteeritud v\u00e4hem v\u00f5imalikke lekkepunkte nii v\u00f5ib kasutaja kindel olla, et masina j\u00f5u\u00fclekanne on praktiliselt kuulikindel.<\/p>\n<h3><span style=\"color: #333300;\"><strong>22\u201cx11\u201c tagumised rehvid<\/strong><\/span><\/h3>\n<p>Need suured ja laiad rehvid v\u00f5imaldavad sujuvamat s\u00f5itu ebatasasel pinnal kui v\u00e4iksema l\u00e4bim\u00f5\u00f5duga rehvid. Rehvi laius aitab v\u00e4hendada survet pinnasele. Spetsiaalne rehvimuster tagab \u00f5ige veoj\u00f5u ja v\u00e4hendab haljasaladel murulapi \u00fcles rebimist.<\/p>\n<h3><span style=\"color: #333300;\"><strong>Jalaga juhitav l\u00f5ikekorpuse t\u00f5stmine<\/strong><\/span><\/h3>\n<p>See s\u00fcsteem v\u00f5imaldab niiduajal kiirelt t\u00f5sta ja langetada l\u00f5ikekorpust ilma k\u00e4si juhtkangidelt eemaldamata. L\u00f5ikek\u00f5rgus on vahemikus 3,8 cm \u2013 11,4 cm ja sel on 13 astet, 0,63 cm intervalliga, hoolitsedes et seadistus on sobilik just teile ja teie murule.<strong><br \/>\n<\/strong><\/p>\n<h3><span style=\"color: #333300;\"><strong>Deluxe iste<\/strong><\/span><\/h3>\n<p>TORO Titan X5450 on varustatud TORO Deluxe istekoha s\u00fcsteemiga, mis on t\u00f5eliselt mugavuse liider. Istme eriti paks vahtkumm on reljeefne ja \u00fcmbritseb mugavalt operaatorit ja aitab juhti istmel paigal hoida, kui liiklemine toimub ebatasasel maastikul. Istumist on veelgi pehmendatud unikaalse seadistatava vedrustusega, v\u00f5imaldades paigaldada istme alla 2-5 vedru. Iste on reguleeritav ette-ja tahapoole, aidates leida teile just sobiv kaugus.\u00a0 Standard varustuses on reguleeritavad k\u00e4etoed<\/p>\n<h3><span style=\"color: #333300;\"><strong>K\u00e4rukonks<\/strong><\/span><\/h3>\n<p>K\u00f5ik TORO Titan mudelid on varustatud k\u00e4rukonksuga.<\/p>\n<p>K\u00f5ige vastupidavamad nullp\u00f6\u00f6rderaadiusega niidukid leiad Reginetist.<\/p>\n","protected":false},"excerpt":{"rendered":"<p>See onTORO Titan X5450- haarake ohjad enda k\u00e4tte masinaga, mis tuleb toime ka k\u00f5ige raskemate t\u00f6\u00f6dega. Toro X5450 Titan, mille puhul on kasutatud meie kommertsklassi tootesarjaga sama tehnoloogiat, pakub professionaalsel tasemel sooritust ja tagab teie aia suurep\u00e4rase v\u00e4ljan\u00e4gemise paljudeks aastateks.<\/p>\n","protected":false},"featured_media":57254,"comment_status":"open","ping_status":"closed","template":"","meta":{"_acf_changed":false,"_et_pb_use_builder":"","_et_pb_old_content":"","_et_gb_content_width":"","inline_featured_image":false},"pwb-brand":[148],"product_brand":[],"product_cat":[149,57],"product_tag":[93,159,94],"class_list":{"0":"post-55557","1":"product","2":"type-product","3":"status-publish","4":"has-post-thumbnail","6":"pwb-brand-toro","7":"product_cat-toro","8":"product_cat-zeroturnid","9":"product_tag-nullpoorderaadiusega","10":"product_tag-toro","11":"product_tag-zeroturn","12":"product_shipping_class-rasked-asjad","14":"first","15":"instock","16":"shipping-taxable","17":"purchasable","18":"product-type-simple"},"acf":[],"yoast_head":"<!-- This site is optimized with the Yoast SEO plugin v26.6 - https:\/\/yoast.com\/wordpress\/plugins\/seo\/ -->\n<title>Nullp\u00f6\u00f6rderaadiusega niiduk TORO Titan X5450. Parimad zeroturn<\/title>\n<meta name=\"description\" content=\"See onTORO Titan X5450- haarake ohjad enda k\u00e4tte masinaga, mis tuleb toime ka k\u00f5ige raskemate t\u00f6\u00f6dega. Toro X5450 Titan, mille puhul\" \/>\n<meta name=\"robots\" content=\"index, follow, max-snippet:-1, max-image-preview:large, max-video-preview:-1\" \/>\n<link rel=\"canonical\" href=\"https:\/\/reginett.ee\/toode\/nullpoorderaadiusega-niiduk-toro-titan-x5450\/\" \/>\n<meta property=\"og:locale\" content=\"ru_RU\" \/>\n<meta property=\"og:type\" content=\"article\" \/>\n<meta property=\"og:title\" content=\"Nullp\u00f6\u00f6rderaadiusega niiduk TORO Titan X5450. Parimad zeroturn\" \/>\n<meta property=\"og:description\" content=\"See onTORO Titan X5450- haarake ohjad enda k\u00e4tte masinaga, mis tuleb toime ka k\u00f5ige raskemate t\u00f6\u00f6dega. Toro X5450 Titan, mille puhul\" \/>\n<meta property=\"og:url\" content=\"https:\/\/reginett.ee\/toode\/nullpoorderaadiusega-niiduk-toro-titan-x5450\/\" \/>\n<meta property=\"og:site_name\" content=\"Reginett\" \/>\n<meta property=\"article:modified_time\" content=\"2025-06-16T21:10:02+00:00\" \/>\n<meta property=\"og:image\" content=\"https:\/\/reginett.ee\/wp-content\/uploads\/2021\/11\/TORO-X5450.jpg\" \/>\n\t<meta property=\"og:image:width\" content=\"680\" \/>\n\t<meta property=\"og:image:height\" content=\"372\" \/>\n\t<meta property=\"og:image:type\" content=\"image\/jpeg\" \/>\n<meta name=\"twitter:card\" content=\"summary_large_image\" \/>\n<meta name=\"twitter:label1\" content=\"\u041f\u0440\u0438\u043c\u0435\u0440\u043d\u043e\u0435 \u0432\u0440\u0435\u043c\u044f \u0434\u043b\u044f \u0447\u0442\u0435\u043d\u0438\u044f\" \/>\n\t<meta name=\"twitter:data1\" content=\"2 \u043c\u0438\u043d\u0443\u0442\u044b\" \/>\n<script type=\"application\/ld+json\" class=\"yoast-schema-graph\">{\"@context\":\"https:\/\/schema.org\",\"@graph\":[{\"@type\":\"WebPage\",\"@id\":\"https:\/\/reginett.ee\/toode\/nullpoorderaadiusega-niiduk-toro-titan-x5450\/\",\"url\":\"https:\/\/reginett.ee\/toode\/nullpoorderaadiusega-niiduk-toro-titan-x5450\/\",\"name\":\"Nullp\u00f6\u00f6rderaadiusega niiduk TORO Titan X5450. Parimad zeroturn\",\"isPartOf\":{\"@id\":\"https:\/\/reginett.ee\/#website\"},\"primaryImageOfPage\":{\"@id\":\"https:\/\/reginett.ee\/toode\/nullpoorderaadiusega-niiduk-toro-titan-x5450\/#primaryimage\"},\"image\":{\"@id\":\"https:\/\/reginett.ee\/toode\/nullpoorderaadiusega-niiduk-toro-titan-x5450\/#primaryimage\"},\"thumbnailUrl\":\"https:\/\/reginett.ee\/wp-content\/uploads\/2021\/11\/TORO-X5450.jpg\",\"datePublished\":\"2022-05-12T07:15:19+00:00\",\"dateModified\":\"2025-06-16T21:10:02+00:00\",\"description\":\"See onTORO Titan X5450- haarake ohjad enda k\u00e4tte masinaga, mis tuleb toime ka k\u00f5ige raskemate t\u00f6\u00f6dega. Toro X5450 Titan, mille puhul\",\"breadcrumb\":{\"@id\":\"https:\/\/reginett.ee\/toode\/nullpoorderaadiusega-niiduk-toro-titan-x5450\/#breadcrumb\"},\"inLanguage\":\"ru-RU\",\"potentialAction\":[{\"@type\":\"ReadAction\",\"target\":[\"https:\/\/reginett.ee\/toode\/nullpoorderaadiusega-niiduk-toro-titan-x5450\/\"]}]},{\"@type\":\"ImageObject\",\"inLanguage\":\"ru-RU\",\"@id\":\"https:\/\/reginett.ee\/toode\/nullpoorderaadiusega-niiduk-toro-titan-x5450\/#primaryimage\",\"url\":\"https:\/\/reginett.ee\/wp-content\/uploads\/2021\/11\/TORO-X5450.jpg\",\"contentUrl\":\"https:\/\/reginett.ee\/wp-content\/uploads\/2021\/11\/TORO-X5450.jpg\",\"width\":680,\"height\":372,\"caption\":\"TORO X5450\"},{\"@type\":\"BreadcrumbList\",\"@id\":\"https:\/\/reginett.ee\/toode\/nullpoorderaadiusega-niiduk-toro-titan-x5450\/#breadcrumb\",\"itemListElement\":[{\"@type\":\"ListItem\",\"position\":1,\"name\":\"Home\",\"item\":\"https:\/\/reginett.ee\/ru\/\"},{\"@type\":\"ListItem\",\"position\":2,\"name\":\"Tooted\",\"item\":\"https:\/\/reginett.ee\/tooted\/\"},{\"@type\":\"ListItem\",\"position\":3,\"name\":\"Nullp\u00f6\u00f6rderaadiusega niiduk TORO Titan X5450\"}]},{\"@type\":\"WebSite\",\"@id\":\"https:\/\/reginett.ee\/#website\",\"url\":\"https:\/\/reginett.ee\/\",\"name\":\"Reginett\",\"description\":\"Parimad robotniidukid\",\"potentialAction\":[{\"@type\":\"SearchAction\",\"target\":{\"@type\":\"EntryPoint\",\"urlTemplate\":\"https:\/\/reginett.ee\/?s={search_term_string}\"},\"query-input\":{\"@type\":\"PropertyValueSpecification\",\"valueRequired\":true,\"valueName\":\"search_term_string\"}}],\"inLanguage\":\"ru-RU\"}]}<\/script>\n<!-- \/ Yoast SEO plugin. -->","yoast_head_json":{"title":"Nullp\u00f6\u00f6rderaadiusega niiduk TORO Titan X5450. Parimad zeroturn","description":"See onTORO Titan X5450- haarake ohjad enda k\u00e4tte masinaga, mis tuleb toime ka k\u00f5ige raskemate t\u00f6\u00f6dega. Toro X5450 Titan, mille puhul","robots":{"index":"index","follow":"follow","max-snippet":"max-snippet:-1","max-image-preview":"max-image-preview:large","max-video-preview":"max-video-preview:-1"},"canonical":"https:\/\/reginett.ee\/toode\/nullpoorderaadiusega-niiduk-toro-titan-x5450\/","og_locale":"ru_RU","og_type":"article","og_title":"Nullp\u00f6\u00f6rderaadiusega niiduk TORO Titan X5450. Parimad zeroturn","og_description":"See onTORO Titan X5450- haarake ohjad enda k\u00e4tte masinaga, mis tuleb toime ka k\u00f5ige raskemate t\u00f6\u00f6dega. Toro X5450 Titan, mille puhul","og_url":"https:\/\/reginett.ee\/toode\/nullpoorderaadiusega-niiduk-toro-titan-x5450\/","og_site_name":"Reginett","article_modified_time":"2025-06-16T21:10:02+00:00","og_image":[{"width":680,"height":372,"url":"https:\/\/reginett.ee\/wp-content\/uploads\/2021\/11\/TORO-X5450.jpg","type":"image\/jpeg"}],"twitter_card":"summary_large_image","twitter_misc":{"\u041f\u0440\u0438\u043c\u0435\u0440\u043d\u043e\u0435 \u0432\u0440\u0435\u043c\u044f \u0434\u043b\u044f \u0447\u0442\u0435\u043d\u0438\u044f":"2 \u043c\u0438\u043d\u0443\u0442\u044b"},"schema":{"@context":"https:\/\/schema.org","@graph":[{"@type":"WebPage","@id":"https:\/\/reginett.ee\/toode\/nullpoorderaadiusega-niiduk-toro-titan-x5450\/","url":"https:\/\/reginett.ee\/toode\/nullpoorderaadiusega-niiduk-toro-titan-x5450\/","name":"Nullp\u00f6\u00f6rderaadiusega niiduk TORO Titan X5450. Parimad zeroturn","isPartOf":{"@id":"https:\/\/reginett.ee\/#website"},"primaryImageOfPage":{"@id":"https:\/\/reginett.ee\/toode\/nullpoorderaadiusega-niiduk-toro-titan-x5450\/#primaryimage"},"image":{"@id":"https:\/\/reginett.ee\/toode\/nullpoorderaadiusega-niiduk-toro-titan-x5450\/#primaryimage"},"thumbnailUrl":"https:\/\/reginett.ee\/wp-content\/uploads\/2021\/11\/TORO-X5450.jpg","datePublished":"2022-05-12T07:15:19+00:00","dateModified":"2025-06-16T21:10:02+00:00","description":"See onTORO Titan X5450- haarake ohjad enda k\u00e4tte masinaga, mis tuleb toime ka k\u00f5ige raskemate t\u00f6\u00f6dega. Toro X5450 Titan, mille puhul","breadcrumb":{"@id":"https:\/\/reginett.ee\/toode\/nullpoorderaadiusega-niiduk-toro-titan-x5450\/#breadcrumb"},"inLanguage":"ru-RU","potentialAction":[{"@type":"ReadAction","target":["https:\/\/reginett.ee\/toode\/nullpoorderaadiusega-niiduk-toro-titan-x5450\/"]}]},{"@type":"ImageObject","inLanguage":"ru-RU","@id":"https:\/\/reginett.ee\/toode\/nullpoorderaadiusega-niiduk-toro-titan-x5450\/#primaryimage","url":"https:\/\/reginett.ee\/wp-content\/uploads\/2021\/11\/TORO-X5450.jpg","contentUrl":"https:\/\/reginett.ee\/wp-content\/uploads\/2021\/11\/TORO-X5450.jpg","width":680,"height":372,"caption":"TORO X5450"},{"@type":"BreadcrumbList","@id":"https:\/\/reginett.ee\/toode\/nullpoorderaadiusega-niiduk-toro-titan-x5450\/#breadcrumb","itemListElement":[{"@type":"ListItem","position":1,"name":"Home","item":"https:\/\/reginett.ee\/ru\/"},{"@type":"ListItem","position":2,"name":"Tooted","item":"https:\/\/reginett.ee\/tooted\/"},{"@type":"ListItem","position":3,"name":"Nullp\u00f6\u00f6rderaadiusega niiduk TORO Titan X5450"}]},{"@type":"WebSite","@id":"https:\/\/reginett.ee\/#website","url":"https:\/\/reginett.ee\/","name":"Reginett","description":"Parimad robotniidukid","potentialAction":[{"@type":"SearchAction","target":{"@type":"EntryPoint","urlTemplate":"https:\/\/reginett.ee\/?s={search_term_string}"},"query-input":{"@type":"PropertyValueSpecification","valueRequired":true,"valueName":"search_term_string"}}],"inLanguage":"ru-RU"}]}},"brands":[{"id":148,"name":"Toro","slug":"toro"}],"_links":{"self":[{"href":"https:\/\/reginett.ee\/ru\/wp-json\/wp\/v2\/product\/55557","targetHints":{"allow":["GET"]}}],"collection":[{"href":"https:\/\/reginett.ee\/ru\/wp-json\/wp\/v2\/product"}],"about":[{"href":"https:\/\/reginett.ee\/ru\/wp-json\/wp\/v2\/types\/product"}],"replies":[{"embeddable":true,"href":"https:\/\/reginett.ee\/ru\/wp-json\/wp\/v2\/comments?post=55557"}],"wp:featuredmedia":[{"embeddable":true,"href":"https:\/\/reginett.ee\/ru\/wp-json\/wp\/v2\/media\/57254"}],"wp:attachment":[{"href":"https:\/\/reginett.ee\/ru\/wp-json\/wp\/v2\/media?parent=55557"}],"wp:term":[{"taxonomy":"pwb-brand","embeddable":true,"href":"https:\/\/reginett.ee\/ru\/wp-json\/wp\/v2\/pwb-brand?post=55557"},{"taxonomy":"product_brand","embeddable":true,"href":"https:\/\/reginett.ee\/ru\/wp-json\/wp\/v2\/product_brand?post=55557"},{"taxonomy":"product_cat","embeddable":true,"href":"https:\/\/reginett.ee\/ru\/wp-json\/wp\/v2\/product_cat?post=55557"},{"taxonomy":"product_tag","embeddable":true,"href":"https:\/\/reginett.ee\/ru\/wp-json\/wp\/v2\/product_tag?post=55557"}],"curies":[{"name":"wp","href":"https:\/\/api.w.org\/{rel}","templated":true}]}}