{"id":55531,"date":"2021-08-27T16:29:11","date_gmt":"2021-08-27T13:29:11","guid":{"rendered":"https:\/\/reginett.ee\/?post_type=product&#038;p=55531"},"modified":"2024-10-21T13:13:46","modified_gmt":"2024-10-21T10:13:46","slug":"overlokmasin-singer-017se-elite-uus","status":"publish","type":"product","link":"https:\/\/reginett.ee\/ru\/toode\/overlokmasin-singer-017se-elite-uus\/","title":{"rendered":"Overlokmasin Singer SE017 Elite"},"content":{"rendered":"<p>Overlokmasin SInger 017SE Elite on uus ja vastupidav overlokmasin<\/p>\n<p>Lisatud lisa LED valgusti alumise haaraja niidistamiseks!<\/p>\n<div>V\u00e4ike ja tubli overlokk &#8212; \u00f5mblustevalik igale materjalile. 15 erinevat pistet. Diferentsiaaletteanne reguleeritav, lihtne niidistus, p\u00f6\u00f6rdpalistus, 4-niidi \u00e4\u00e4restus, 3-niidi piste. Kiirus 1300 pistet\/min.\u00a0 Reguleeritavad piste pikkus, l\u00f5ikelaius ja pressjala surve. Vabavars+prahisahtel + tarvikute karp. Lihtne niidistada<\/div>\n","protected":false},"excerpt":{"rendered":"<p>Overlokmasin SInger 017SE Elite on uus ja vastupidav overlokmasin<\/p>\n<p>Lisatud lisa LED valgusti alumise haaraja niidistamiseks!<\/p>\n","protected":false},"featured_media":55532,"comment_status":"open","ping_status":"closed","template":"","meta":{"_acf_changed":false,"_et_pb_use_builder":"","_et_pb_old_content":"","_et_gb_content_width":"","inline_featured_image":false},"pwb-brand":[588],"product_brand":[],"product_cat":[134,55,152],"product_tag":[],"class_list":{"0":"post-55531","1":"product","2":"type-product","3":"status-publish","4":"has-post-thumbnail","6":"pwb-brand-singer","7":"product_cat-eripakkumised","8":"product_cat-omblusmasinad-ja-tarvikud","9":"product_cat-singer","11":"first","12":"outofstock","13":"sale","14":"shipping-taxable","15":"purchasable","16":"product-type-simple"},"acf":[],"yoast_head":"<!-- This site is optimized with the Yoast SEO plugin v26.6 - https:\/\/yoast.com\/wordpress\/plugins\/seo\/ -->\n<title>Overlokmasin Singer 017SE Elite UUS!. Overlokid Reginetist<\/title>\n<meta name=\"description\" content=\"Overlokmasin SInger 017SE Elite on uus ja vastupidav overlokmasinLisatud lisa LED valgusti alumise haaraja niidistamiseks!\" \/>\n<meta name=\"robots\" content=\"index, follow, max-snippet:-1, max-image-preview:large, max-video-preview:-1\" \/>\n<link rel=\"canonical\" href=\"https:\/\/reginett.ee\/toode\/overlokmasin-singer-017se-elite-uus\/\" \/>\n<meta property=\"og:locale\" content=\"ru_RU\" \/>\n<meta property=\"og:type\" content=\"article\" \/>\n<meta property=\"og:title\" content=\"Overlokmasin Singer 017SE Elite UUS!. Overlokid Reginetist\" \/>\n<meta property=\"og:description\" content=\"Overlokmasin SInger 017SE Elite on uus ja vastupidav overlokmasinLisatud lisa LED valgusti alumise haaraja niidistamiseks!\" \/>\n<meta property=\"og:url\" content=\"https:\/\/reginett.ee\/toode\/overlokmasin-singer-017se-elite-uus\/\" \/>\n<meta property=\"og:site_name\" content=\"Reginett\" \/>\n<meta property=\"article:modified_time\" content=\"2024-10-21T10:13:46+00:00\" \/>\n<meta property=\"og:image\" content=\"https:\/\/reginett.ee\/wp-content\/uploads\/2021\/08\/Singer-017SE-Elite.jpg\" \/>\n\t<meta property=\"og:image:width\" content=\"700\" \/>\n\t<meta property=\"og:image:height\" content=\"656\" \/>\n\t<meta property=\"og:image:type\" content=\"image\/jpeg\" \/>\n<meta name=\"twitter:card\" content=\"summary_large_image\" \/>\n<meta name=\"twitter:label1\" content=\"\u041f\u0440\u0438\u043c\u0435\u0440\u043d\u043e\u0435 \u0432\u0440\u0435\u043c\u044f \u0434\u043b\u044f \u0447\u0442\u0435\u043d\u0438\u044f\" \/>\n\t<meta name=\"twitter:data1\" content=\"1 \u043c\u0438\u043d\u0443\u0442\u0430\" \/>\n<script type=\"application\/ld+json\" class=\"yoast-schema-graph\">{\"@context\":\"https:\/\/schema.org\",\"@graph\":[{\"@type\":\"WebPage\",\"@id\":\"https:\/\/reginett.ee\/toode\/overlokmasin-singer-017se-elite-uus\/\",\"url\":\"https:\/\/reginett.ee\/toode\/overlokmasin-singer-017se-elite-uus\/\",\"name\":\"Overlokmasin Singer 017SE Elite UUS!. Overlokid Reginetist\",\"isPartOf\":{\"@id\":\"https:\/\/reginett.ee\/#website\"},\"primaryImageOfPage\":{\"@id\":\"https:\/\/reginett.ee\/toode\/overlokmasin-singer-017se-elite-uus\/#primaryimage\"},\"image\":{\"@id\":\"https:\/\/reginett.ee\/toode\/overlokmasin-singer-017se-elite-uus\/#primaryimage\"},\"thumbnailUrl\":\"https:\/\/reginett.ee\/wp-content\/uploads\/2021\/08\/Singer-017SE-Elite.jpg\",\"datePublished\":\"2021-08-27T13:29:11+00:00\",\"dateModified\":\"2024-10-21T10:13:46+00:00\",\"description\":\"Overlokmasin SInger 017SE Elite on uus ja vastupidav overlokmasinLisatud lisa LED valgusti alumise haaraja niidistamiseks!\",\"breadcrumb\":{\"@id\":\"https:\/\/reginett.ee\/toode\/overlokmasin-singer-017se-elite-uus\/#breadcrumb\"},\"inLanguage\":\"ru-RU\",\"potentialAction\":[{\"@type\":\"ReadAction\",\"target\":[\"https:\/\/reginett.ee\/toode\/overlokmasin-singer-017se-elite-uus\/\"]}]},{\"@type\":\"ImageObject\",\"inLanguage\":\"ru-RU\",\"@id\":\"https:\/\/reginett.ee\/toode\/overlokmasin-singer-017se-elite-uus\/#primaryimage\",\"url\":\"https:\/\/reginett.ee\/wp-content\/uploads\/2021\/08\/Singer-017SE-Elite.jpg\",\"contentUrl\":\"https:\/\/reginett.ee\/wp-content\/uploads\/2021\/08\/Singer-017SE-Elite.jpg\",\"width\":700,\"height\":656,\"caption\":\"Singer 017SE Elite\"},{\"@type\":\"BreadcrumbList\",\"@id\":\"https:\/\/reginett.ee\/toode\/overlokmasin-singer-017se-elite-uus\/#breadcrumb\",\"itemListElement\":[{\"@type\":\"ListItem\",\"position\":1,\"name\":\"Home\",\"item\":\"https:\/\/reginett.ee\/ru\/\"},{\"@type\":\"ListItem\",\"position\":2,\"name\":\"Tooted\",\"item\":\"https:\/\/reginett.ee\/tooted\/\"},{\"@type\":\"ListItem\",\"position\":3,\"name\":\"Overlokmasin Singer SE017 Elite\"}]},{\"@type\":\"WebSite\",\"@id\":\"https:\/\/reginett.ee\/#website\",\"url\":\"https:\/\/reginett.ee\/\",\"name\":\"Reginett\",\"description\":\"Parimad robotniidukid\",\"potentialAction\":[{\"@type\":\"SearchAction\",\"target\":{\"@type\":\"EntryPoint\",\"urlTemplate\":\"https:\/\/reginett.ee\/?s={search_term_string}\"},\"query-input\":{\"@type\":\"PropertyValueSpecification\",\"valueRequired\":true,\"valueName\":\"search_term_string\"}}],\"inLanguage\":\"ru-RU\"}]}<\/script>\n<!-- \/ Yoast SEO plugin. -->","yoast_head_json":{"title":"Overlokmasin Singer 017SE Elite UUS!. Overlokid Reginetist","description":"Overlokmasin SInger 017SE Elite on uus ja vastupidav overlokmasinLisatud lisa LED valgusti alumise haaraja niidistamiseks!","robots":{"index":"index","follow":"follow","max-snippet":"max-snippet:-1","max-image-preview":"max-image-preview:large","max-video-preview":"max-video-preview:-1"},"canonical":"https:\/\/reginett.ee\/toode\/overlokmasin-singer-017se-elite-uus\/","og_locale":"ru_RU","og_type":"article","og_title":"Overlokmasin Singer 017SE Elite UUS!. Overlokid Reginetist","og_description":"Overlokmasin SInger 017SE Elite on uus ja vastupidav overlokmasinLisatud lisa LED valgusti alumise haaraja niidistamiseks!","og_url":"https:\/\/reginett.ee\/toode\/overlokmasin-singer-017se-elite-uus\/","og_site_name":"Reginett","article_modified_time":"2024-10-21T10:13:46+00:00","og_image":[{"width":700,"height":656,"url":"https:\/\/reginett.ee\/wp-content\/uploads\/2021\/08\/Singer-017SE-Elite.jpg","type":"image\/jpeg"}],"twitter_card":"summary_large_image","twitter_misc":{"\u041f\u0440\u0438\u043c\u0435\u0440\u043d\u043e\u0435 \u0432\u0440\u0435\u043c\u044f \u0434\u043b\u044f \u0447\u0442\u0435\u043d\u0438\u044f":"1 \u043c\u0438\u043d\u0443\u0442\u0430"},"schema":{"@context":"https:\/\/schema.org","@graph":[{"@type":"WebPage","@id":"https:\/\/reginett.ee\/toode\/overlokmasin-singer-017se-elite-uus\/","url":"https:\/\/reginett.ee\/toode\/overlokmasin-singer-017se-elite-uus\/","name":"Overlokmasin Singer 017SE Elite UUS!. Overlokid Reginetist","isPartOf":{"@id":"https:\/\/reginett.ee\/#website"},"primaryImageOfPage":{"@id":"https:\/\/reginett.ee\/toode\/overlokmasin-singer-017se-elite-uus\/#primaryimage"},"image":{"@id":"https:\/\/reginett.ee\/toode\/overlokmasin-singer-017se-elite-uus\/#primaryimage"},"thumbnailUrl":"https:\/\/reginett.ee\/wp-content\/uploads\/2021\/08\/Singer-017SE-Elite.jpg","datePublished":"2021-08-27T13:29:11+00:00","dateModified":"2024-10-21T10:13:46+00:00","description":"Overlokmasin SInger 017SE Elite on uus ja vastupidav overlokmasinLisatud lisa LED valgusti alumise haaraja niidistamiseks!","breadcrumb":{"@id":"https:\/\/reginett.ee\/toode\/overlokmasin-singer-017se-elite-uus\/#breadcrumb"},"inLanguage":"ru-RU","potentialAction":[{"@type":"ReadAction","target":["https:\/\/reginett.ee\/toode\/overlokmasin-singer-017se-elite-uus\/"]}]},{"@type":"ImageObject","inLanguage":"ru-RU","@id":"https:\/\/reginett.ee\/toode\/overlokmasin-singer-017se-elite-uus\/#primaryimage","url":"https:\/\/reginett.ee\/wp-content\/uploads\/2021\/08\/Singer-017SE-Elite.jpg","contentUrl":"https:\/\/reginett.ee\/wp-content\/uploads\/2021\/08\/Singer-017SE-Elite.jpg","width":700,"height":656,"caption":"Singer 017SE Elite"},{"@type":"BreadcrumbList","@id":"https:\/\/reginett.ee\/toode\/overlokmasin-singer-017se-elite-uus\/#breadcrumb","itemListElement":[{"@type":"ListItem","position":1,"name":"Home","item":"https:\/\/reginett.ee\/ru\/"},{"@type":"ListItem","position":2,"name":"Tooted","item":"https:\/\/reginett.ee\/tooted\/"},{"@type":"ListItem","position":3,"name":"Overlokmasin Singer SE017 Elite"}]},{"@type":"WebSite","@id":"https:\/\/reginett.ee\/#website","url":"https:\/\/reginett.ee\/","name":"Reginett","description":"Parimad robotniidukid","potentialAction":[{"@type":"SearchAction","target":{"@type":"EntryPoint","urlTemplate":"https:\/\/reginett.ee\/?s={search_term_string}"},"query-input":{"@type":"PropertyValueSpecification","valueRequired":true,"valueName":"search_term_string"}}],"inLanguage":"ru-RU"}]}},"brands":[{"id":588,"name":"Singer","slug":"singer"}],"_links":{"self":[{"href":"https:\/\/reginett.ee\/ru\/wp-json\/wp\/v2\/product\/55531","targetHints":{"allow":["GET"]}}],"collection":[{"href":"https:\/\/reginett.ee\/ru\/wp-json\/wp\/v2\/product"}],"about":[{"href":"https:\/\/reginett.ee\/ru\/wp-json\/wp\/v2\/types\/product"}],"replies":[{"embeddable":true,"href":"https:\/\/reginett.ee\/ru\/wp-json\/wp\/v2\/comments?post=55531"}],"wp:featuredmedia":[{"embeddable":true,"href":"https:\/\/reginett.ee\/ru\/wp-json\/wp\/v2\/media\/55532"}],"wp:attachment":[{"href":"https:\/\/reginett.ee\/ru\/wp-json\/wp\/v2\/media?parent=55531"}],"wp:term":[{"taxonomy":"pwb-brand","embeddable":true,"href":"https:\/\/reginett.ee\/ru\/wp-json\/wp\/v2\/pwb-brand?post=55531"},{"taxonomy":"product_brand","embeddable":true,"href":"https:\/\/reginett.ee\/ru\/wp-json\/wp\/v2\/product_brand?post=55531"},{"taxonomy":"product_cat","embeddable":true,"href":"https:\/\/reginett.ee\/ru\/wp-json\/wp\/v2\/product_cat?post=55531"},{"taxonomy":"product_tag","embeddable":true,"href":"https:\/\/reginett.ee\/ru\/wp-json\/wp\/v2\/product_tag?post=55531"}],"curies":[{"name":"wp","href":"https:\/\/api.w.org\/{rel}","templated":true}]}}