{"id":54892,"date":"2025-07-31T19:17:48","date_gmt":"2025-07-31T16:17:48","guid":{"rendered":"https:\/\/reginett.ee\/?post_type=product&#038;p=54892"},"modified":"2025-08-01T10:59:44","modified_gmt":"2025-08-01T07:59:44","slug":"vesivikat-weed-razer-pro-uus","status":"publish","type":"product","link":"https:\/\/reginett.ee\/ru\/toode\/vesivikat-weed-razer-pro-uus\/","title":{"rendered":"Vesivikat Weed Razer PRO"},"content":{"rendered":"<p>Vesivikat on uudne ja v\u00e4ga populaarne t\u00f6\u00f6riist.<\/p>\n<p>Selle nutika ja looduss\u00f5braliku t\u00f6\u00f6riistaga puhastad vaevata tiigi, j\u00f5ep\u00f5hja v\u00f5i j\u00e4rveranna t\u00fc\u00fctutest veetaimedest.<\/p>\n<p>Weed Razer Pro vesivikat on v\u00e4ga t\u00f6\u00f6kindel ja efektiivne t\u00f6\u00f6riist.<\/p>\n<p>Kliendid kiidavad!<\/p>\n<p>L\u00f5ikelaius: 7 positsiooni, vahemik 77-153 cm<\/p>\n<p>Kaal: 4,8kg<\/p>\n<p>Materjal: tsingitud teras<\/p>\n<p>T\u00f5mbek\u00f6ie pikkus: 7,5 m<\/p>\n<p>M\u00f5\u00f5dud: 245 cm x 158 cm x 8 cm<\/p>\n","protected":false},"excerpt":{"rendered":"<p>Selle uudse, nutika t\u00f6\u00f6riistaga puhastad vaevata tiigi, j\u00f5ep\u00f5hja v\u00f5i j\u00e4rveranna t\u00fc\u00fctutest veetaimedest.<\/p>\n<p>Weed Razer Pro vesivikat on v\u00e4ga t\u00f6\u00f6kindel ja efektiivne t\u00f6\u00f6riist.<\/p>\n<p>Kliendid kiidavad!<\/p>\n","protected":false},"featured_media":54899,"comment_status":"open","ping_status":"closed","template":"","meta":{"_acf_changed":false,"_et_pb_use_builder":"","_et_pb_old_content":"","_et_gb_content_width":"","inline_featured_image":false},"pwb-brand":[],"product_brand":[],"product_cat":[480,134,231,27],"product_tag":[307,306,305],"class_list":{"0":"post-54892","1":"product","2":"type-product","3":"status-publish","4":"has-post-thumbnail","6":"product_cat-aiatoo","7":"product_cat-eripakkumised","8":"product_cat-kingiideed","9":"product_cat-tooriistad-ja-tarvikud","10":"product_tag-jarve-puhastamine","11":"product_tag-tiigipohja-puhastamine","12":"product_tag-vesivikat","13":"product_shipping_class-rasked-asjad","15":"first","16":"instock","17":"sale","18":"shipping-taxable","19":"purchasable","20":"product-type-simple"},"acf":[],"yoast_head":"<!-- This site is optimized with the Yoast SEO plugin v26.6 - https:\/\/yoast.com\/wordpress\/plugins\/seo\/ -->\n<title>Vesivikat Weed Razer Reginetist. Puhasta veekogud efektiivselt<\/title>\n<meta name=\"description\" content=\"Selle uudse, nutika t\u00f6\u00f6riistaga puhastad vaevata tiigi, j\u00f5ep\u00f5hja v\u00f5i j\u00e4rveranna t\u00fc\u00fctutest veetaimedest.Weed Razer Pro vesivikat\" \/>\n<meta name=\"robots\" content=\"index, follow, max-snippet:-1, max-image-preview:large, max-video-preview:-1\" \/>\n<link rel=\"canonical\" href=\"https:\/\/reginett.ee\/toode\/vesivikat-weed-razer-pro-uus\/\" \/>\n<meta property=\"og:locale\" content=\"ru_RU\" \/>\n<meta property=\"og:type\" content=\"article\" \/>\n<meta property=\"og:title\" content=\"Vesivikat Weed Razer Reginetist. Puhasta veekogud efektiivselt\" \/>\n<meta property=\"og:description\" content=\"Selle uudse, nutika t\u00f6\u00f6riistaga puhastad vaevata tiigi, j\u00f5ep\u00f5hja v\u00f5i j\u00e4rveranna t\u00fc\u00fctutest veetaimedest.Weed Razer Pro vesivikat\" \/>\n<meta property=\"og:url\" content=\"https:\/\/reginett.ee\/toode\/vesivikat-weed-razer-pro-uus\/\" \/>\n<meta property=\"og:site_name\" content=\"Reginett\" \/>\n<meta property=\"article:modified_time\" content=\"2025-08-01T07:59:44+00:00\" \/>\n<meta property=\"og:image\" content=\"https:\/\/reginett.ee\/wp-content\/uploads\/2021\/08\/Vesivikat-WeedRazerPro_mo\u0303o\u0303tudega-Reginett.png\" \/>\n\t<meta property=\"og:image:width\" content=\"720\" \/>\n\t<meta property=\"og:image:height\" content=\"1040\" \/>\n\t<meta property=\"og:image:type\" content=\"image\/png\" \/>\n<meta name=\"twitter:card\" content=\"summary_large_image\" \/>\n<meta name=\"twitter:label1\" content=\"\u041f\u0440\u0438\u043c\u0435\u0440\u043d\u043e\u0435 \u0432\u0440\u0435\u043c\u044f \u0434\u043b\u044f \u0447\u0442\u0435\u043d\u0438\u044f\" \/>\n\t<meta name=\"twitter:data1\" content=\"1 \u043c\u0438\u043d\u0443\u0442\u0430\" \/>\n<script type=\"application\/ld+json\" class=\"yoast-schema-graph\">{\"@context\":\"https:\/\/schema.org\",\"@graph\":[{\"@type\":\"WebPage\",\"@id\":\"https:\/\/reginett.ee\/toode\/vesivikat-weed-razer-pro-uus\/\",\"url\":\"https:\/\/reginett.ee\/toode\/vesivikat-weed-razer-pro-uus\/\",\"name\":\"Vesivikat Weed Razer Reginetist. Puhasta veekogud efektiivselt\",\"isPartOf\":{\"@id\":\"https:\/\/reginett.ee\/#website\"},\"primaryImageOfPage\":{\"@id\":\"https:\/\/reginett.ee\/toode\/vesivikat-weed-razer-pro-uus\/#primaryimage\"},\"image\":{\"@id\":\"https:\/\/reginett.ee\/toode\/vesivikat-weed-razer-pro-uus\/#primaryimage\"},\"thumbnailUrl\":\"https:\/\/reginett.ee\/wp-content\/uploads\/2021\/08\/Vesivikat-WeedRazerPro_mo\u0303o\u0303tudega-Reginett.png\",\"datePublished\":\"2025-07-31T16:17:48+00:00\",\"dateModified\":\"2025-08-01T07:59:44+00:00\",\"description\":\"Selle uudse, nutika t\u00f6\u00f6riistaga puhastad vaevata tiigi, j\u00f5ep\u00f5hja v\u00f5i j\u00e4rveranna t\u00fc\u00fctutest veetaimedest.Weed Razer Pro vesivikat\",\"breadcrumb\":{\"@id\":\"https:\/\/reginett.ee\/toode\/vesivikat-weed-razer-pro-uus\/#breadcrumb\"},\"inLanguage\":\"ru-RU\",\"potentialAction\":[{\"@type\":\"ReadAction\",\"target\":[\"https:\/\/reginett.ee\/toode\/vesivikat-weed-razer-pro-uus\/\"]}]},{\"@type\":\"ImageObject\",\"inLanguage\":\"ru-RU\",\"@id\":\"https:\/\/reginett.ee\/toode\/vesivikat-weed-razer-pro-uus\/#primaryimage\",\"url\":\"https:\/\/reginett.ee\/wp-content\/uploads\/2021\/08\/Vesivikat-WeedRazerPro_mo\u0303o\u0303tudega-Reginett.png\",\"contentUrl\":\"https:\/\/reginett.ee\/wp-content\/uploads\/2021\/08\/Vesivikat-WeedRazerPro_mo\u0303o\u0303tudega-Reginett.png\",\"width\":720,\"height\":1040},{\"@type\":\"BreadcrumbList\",\"@id\":\"https:\/\/reginett.ee\/toode\/vesivikat-weed-razer-pro-uus\/#breadcrumb\",\"itemListElement\":[{\"@type\":\"ListItem\",\"position\":1,\"name\":\"Home\",\"item\":\"https:\/\/reginett.ee\/ru\/\"},{\"@type\":\"ListItem\",\"position\":2,\"name\":\"Tooted\",\"item\":\"https:\/\/reginett.ee\/tooted\/\"},{\"@type\":\"ListItem\",\"position\":3,\"name\":\"Vesivikat Weed Razer PRO\"}]},{\"@type\":\"WebSite\",\"@id\":\"https:\/\/reginett.ee\/#website\",\"url\":\"https:\/\/reginett.ee\/\",\"name\":\"Reginett\",\"description\":\"Parimad robotniidukid\",\"potentialAction\":[{\"@type\":\"SearchAction\",\"target\":{\"@type\":\"EntryPoint\",\"urlTemplate\":\"https:\/\/reginett.ee\/?s={search_term_string}\"},\"query-input\":{\"@type\":\"PropertyValueSpecification\",\"valueRequired\":true,\"valueName\":\"search_term_string\"}}],\"inLanguage\":\"ru-RU\"}]}<\/script>\n<!-- \/ Yoast SEO plugin. -->","yoast_head_json":{"title":"Vesivikat Weed Razer Reginetist. Puhasta veekogud efektiivselt","description":"Selle uudse, nutika t\u00f6\u00f6riistaga puhastad vaevata tiigi, j\u00f5ep\u00f5hja v\u00f5i j\u00e4rveranna t\u00fc\u00fctutest veetaimedest.Weed Razer Pro vesivikat","robots":{"index":"index","follow":"follow","max-snippet":"max-snippet:-1","max-image-preview":"max-image-preview:large","max-video-preview":"max-video-preview:-1"},"canonical":"https:\/\/reginett.ee\/toode\/vesivikat-weed-razer-pro-uus\/","og_locale":"ru_RU","og_type":"article","og_title":"Vesivikat Weed Razer Reginetist. Puhasta veekogud efektiivselt","og_description":"Selle uudse, nutika t\u00f6\u00f6riistaga puhastad vaevata tiigi, j\u00f5ep\u00f5hja v\u00f5i j\u00e4rveranna t\u00fc\u00fctutest veetaimedest.Weed Razer Pro vesivikat","og_url":"https:\/\/reginett.ee\/toode\/vesivikat-weed-razer-pro-uus\/","og_site_name":"Reginett","article_modified_time":"2025-08-01T07:59:44+00:00","og_image":[{"width":720,"height":1040,"url":"https:\/\/reginett.ee\/wp-content\/uploads\/2021\/08\/Vesivikat-WeedRazerPro_mo\u0303o\u0303tudega-Reginett.png","type":"image\/png"}],"twitter_card":"summary_large_image","twitter_misc":{"\u041f\u0440\u0438\u043c\u0435\u0440\u043d\u043e\u0435 \u0432\u0440\u0435\u043c\u044f \u0434\u043b\u044f \u0447\u0442\u0435\u043d\u0438\u044f":"1 \u043c\u0438\u043d\u0443\u0442\u0430"},"schema":{"@context":"https:\/\/schema.org","@graph":[{"@type":"WebPage","@id":"https:\/\/reginett.ee\/toode\/vesivikat-weed-razer-pro-uus\/","url":"https:\/\/reginett.ee\/toode\/vesivikat-weed-razer-pro-uus\/","name":"Vesivikat Weed Razer Reginetist. Puhasta veekogud efektiivselt","isPartOf":{"@id":"https:\/\/reginett.ee\/#website"},"primaryImageOfPage":{"@id":"https:\/\/reginett.ee\/toode\/vesivikat-weed-razer-pro-uus\/#primaryimage"},"image":{"@id":"https:\/\/reginett.ee\/toode\/vesivikat-weed-razer-pro-uus\/#primaryimage"},"thumbnailUrl":"https:\/\/reginett.ee\/wp-content\/uploads\/2021\/08\/Vesivikat-WeedRazerPro_mo\u0303o\u0303tudega-Reginett.png","datePublished":"2025-07-31T16:17:48+00:00","dateModified":"2025-08-01T07:59:44+00:00","description":"Selle uudse, nutika t\u00f6\u00f6riistaga puhastad vaevata tiigi, j\u00f5ep\u00f5hja v\u00f5i j\u00e4rveranna t\u00fc\u00fctutest veetaimedest.Weed Razer Pro vesivikat","breadcrumb":{"@id":"https:\/\/reginett.ee\/toode\/vesivikat-weed-razer-pro-uus\/#breadcrumb"},"inLanguage":"ru-RU","potentialAction":[{"@type":"ReadAction","target":["https:\/\/reginett.ee\/toode\/vesivikat-weed-razer-pro-uus\/"]}]},{"@type":"ImageObject","inLanguage":"ru-RU","@id":"https:\/\/reginett.ee\/toode\/vesivikat-weed-razer-pro-uus\/#primaryimage","url":"https:\/\/reginett.ee\/wp-content\/uploads\/2021\/08\/Vesivikat-WeedRazerPro_mo\u0303o\u0303tudega-Reginett.png","contentUrl":"https:\/\/reginett.ee\/wp-content\/uploads\/2021\/08\/Vesivikat-WeedRazerPro_mo\u0303o\u0303tudega-Reginett.png","width":720,"height":1040},{"@type":"BreadcrumbList","@id":"https:\/\/reginett.ee\/toode\/vesivikat-weed-razer-pro-uus\/#breadcrumb","itemListElement":[{"@type":"ListItem","position":1,"name":"Home","item":"https:\/\/reginett.ee\/ru\/"},{"@type":"ListItem","position":2,"name":"Tooted","item":"https:\/\/reginett.ee\/tooted\/"},{"@type":"ListItem","position":3,"name":"Vesivikat Weed Razer PRO"}]},{"@type":"WebSite","@id":"https:\/\/reginett.ee\/#website","url":"https:\/\/reginett.ee\/","name":"Reginett","description":"Parimad robotniidukid","potentialAction":[{"@type":"SearchAction","target":{"@type":"EntryPoint","urlTemplate":"https:\/\/reginett.ee\/?s={search_term_string}"},"query-input":{"@type":"PropertyValueSpecification","valueRequired":true,"valueName":"search_term_string"}}],"inLanguage":"ru-RU"}]}},"brands":[],"_links":{"self":[{"href":"https:\/\/reginett.ee\/ru\/wp-json\/wp\/v2\/product\/54892","targetHints":{"allow":["GET"]}}],"collection":[{"href":"https:\/\/reginett.ee\/ru\/wp-json\/wp\/v2\/product"}],"about":[{"href":"https:\/\/reginett.ee\/ru\/wp-json\/wp\/v2\/types\/product"}],"replies":[{"embeddable":true,"href":"https:\/\/reginett.ee\/ru\/wp-json\/wp\/v2\/comments?post=54892"}],"wp:featuredmedia":[{"embeddable":true,"href":"https:\/\/reginett.ee\/ru\/wp-json\/wp\/v2\/media\/54899"}],"wp:attachment":[{"href":"https:\/\/reginett.ee\/ru\/wp-json\/wp\/v2\/media?parent=54892"}],"wp:term":[{"taxonomy":"pwb-brand","embeddable":true,"href":"https:\/\/reginett.ee\/ru\/wp-json\/wp\/v2\/pwb-brand?post=54892"},{"taxonomy":"product_brand","embeddable":true,"href":"https:\/\/reginett.ee\/ru\/wp-json\/wp\/v2\/product_brand?post=54892"},{"taxonomy":"product_cat","embeddable":true,"href":"https:\/\/reginett.ee\/ru\/wp-json\/wp\/v2\/product_cat?post=54892"},{"taxonomy":"product_tag","embeddable":true,"href":"https:\/\/reginett.ee\/ru\/wp-json\/wp\/v2\/product_tag?post=54892"}],"curies":[{"name":"wp","href":"https:\/\/api.w.org\/{rel}","templated":true}]}}