{"id":54833,"date":"2025-10-16T19:30:18","date_gmt":"2025-10-16T16:30:18","guid":{"rendered":"https:\/\/reginett.ee\/?post_type=product&#038;p=54833"},"modified":"2025-10-17T12:51:11","modified_gmt":"2025-10-17T09:51:11","slug":"leheimur-al-ko-750b","status":"publish","type":"product","link":"https:\/\/reginett.ee\/ru\/toode\/leheimur-al-ko-750b\/","title":{"rendered":"Leheimur AL-KO 750B"},"content":{"rendered":"<p>See efektiivne AL-KO 750B lehekoguja k\u00f5rvaldab h\u00f5lpsalt s\u00fcgisesed lehed. Bensiinimootoriga leheimuriga saab lehti ja aiaj\u00e4\u00e4tmeid vaevata sisse imeda ning t\u00e4nu sisseehitatud purustajale samal ajal peenestada. Patenteeritud eelseparaator suurtele j\u00e4\u00e4tmetele takistab sealjuures kuusek\u00e4bide ja kastanite kinnij\u00e4\u00e4mist turbiinis ning kindlustab nii p\u00fcsiva kasutamise.<\/p>\n<p><strong>\u00c4\u00e4rmiselt stabiilse asendiga lehekoguja, imeb ka m\u00e4rgi lehti!<\/strong><\/p>\n<p>*Kogumiskott mahuga 200 liitrit<\/p>\n<p>75 cm imemislaius<\/p>\n<p>mootor \u2013 B&amp;S Series 500 E<\/p>\n<p>kaal 36kg<\/p>\n","protected":false},"excerpt":{"rendered":"<ol>\n<li>See efektiivne AL-KO 750B lehekoguja k\u00f5rvaldab h\u00f5lpsalt s\u00fcgisesed lehed. Bensiinimootoriga leheimuriga saab lehti ja aiaj\u00e4\u00e4tmeid vaevata sisse imeda ning t\u00e4nu sisseehitatud purustajale samal ajal peenestada. Patenteeritud eelseparaator suurtele j\u00e4\u00e4tmetele takistab sealjuures kuusek\u00e4bide ja kastanite kinnij\u00e4\u00e4mist turbiinis ning kindlustab nii p\u00fcsiva kasutamise.<\/li>\n<\/ol>\n<p><strong>\u00c4\u00e4rmiselt stabiilse asendiga lehekoguja, imeb ka m\u00e4rgi lehti!<\/strong><\/p>\n","protected":false},"featured_media":54877,"comment_status":"open","ping_status":"closed","template":"","meta":{"_acf_changed":false,"_et_pb_use_builder":"","_et_pb_old_content":"","_et_gb_content_width":"","inline_featured_image":false},"pwb-brand":[254],"product_brand":[],"product_cat":[150,134,50],"product_tag":[304,237],"class_list":{"0":"post-54833","1":"product","2":"type-product","3":"status-publish","4":"has-post-thumbnail","6":"pwb-brand-al-ko","7":"product_cat-alko","8":"product_cat-eripakkumised","9":"product_cat-lehepuhurid","10":"product_tag-leheimur","11":"product_tag-lehekogur","12":"product_shipping_class-soodsam-kuller-15-eur","14":"first","15":"instock","16":"sale","17":"shipping-taxable","18":"purchasable","19":"product-type-simple"},"acf":[],"yoast_head":"<!-- This site is optimized with the Yoast SEO plugin v26.6 - https:\/\/yoast.com\/wordpress\/plugins\/seo\/ -->\n<title>Leheimur AL-KO 750B. Lehepuhurid ja leheimurid Reginetist<\/title>\n<meta name=\"description\" content=\"See efektiivne AL-KO 750B lehekoguja k\u00f5rvaldab h\u00f5lpsalt s\u00fcgisesed lehed. Bensiinimootoriga leheimuriga saab lehed kokku koguda\" \/>\n<meta name=\"robots\" content=\"index, follow, max-snippet:-1, max-image-preview:large, max-video-preview:-1\" \/>\n<link rel=\"canonical\" href=\"https:\/\/reginett.ee\/toode\/leheimur-al-ko-750b\/\" \/>\n<meta property=\"og:locale\" content=\"ru_RU\" \/>\n<meta property=\"og:type\" content=\"article\" \/>\n<meta property=\"og:title\" content=\"Leheimur AL-KO 750B. Lehepuhurid ja leheimurid Reginetist\" \/>\n<meta property=\"og:description\" content=\"See efektiivne AL-KO 750B lehekoguja k\u00f5rvaldab h\u00f5lpsalt s\u00fcgisesed lehed. Bensiinimootoriga leheimuriga saab lehed kokku koguda\" \/>\n<meta property=\"og:url\" content=\"https:\/\/reginett.ee\/toode\/leheimur-al-ko-750b\/\" \/>\n<meta property=\"og:site_name\" content=\"Reginett\" \/>\n<meta property=\"article:modified_time\" content=\"2025-10-17T09:51:11+00:00\" \/>\n<meta property=\"og:image\" content=\"https:\/\/reginett.ee\/wp-content\/uploads\/2021\/08\/Solo-by-AL-KO-750B.-scaled.jpg\" \/>\n\t<meta property=\"og:image:width\" content=\"2560\" \/>\n\t<meta property=\"og:image:height\" content=\"2387\" \/>\n\t<meta property=\"og:image:type\" content=\"image\/jpeg\" \/>\n<meta name=\"twitter:card\" content=\"summary_large_image\" \/>\n<meta name=\"twitter:label1\" content=\"\u041f\u0440\u0438\u043c\u0435\u0440\u043d\u043e\u0435 \u0432\u0440\u0435\u043c\u044f \u0434\u043b\u044f \u0447\u0442\u0435\u043d\u0438\u044f\" \/>\n\t<meta name=\"twitter:data1\" content=\"1 \u043c\u0438\u043d\u0443\u0442\u0430\" \/>\n<script type=\"application\/ld+json\" class=\"yoast-schema-graph\">{\"@context\":\"https:\/\/schema.org\",\"@graph\":[{\"@type\":\"WebPage\",\"@id\":\"https:\/\/reginett.ee\/toode\/leheimur-al-ko-750b\/\",\"url\":\"https:\/\/reginett.ee\/toode\/leheimur-al-ko-750b\/\",\"name\":\"Leheimur AL-KO 750B. Lehepuhurid ja leheimurid Reginetist\",\"isPartOf\":{\"@id\":\"https:\/\/reginett.ee\/#website\"},\"primaryImageOfPage\":{\"@id\":\"https:\/\/reginett.ee\/toode\/leheimur-al-ko-750b\/#primaryimage\"},\"image\":{\"@id\":\"https:\/\/reginett.ee\/toode\/leheimur-al-ko-750b\/#primaryimage\"},\"thumbnailUrl\":\"https:\/\/reginett.ee\/wp-content\/uploads\/2021\/08\/Solo-by-AL-KO-750B.-scaled.jpg\",\"datePublished\":\"2025-10-16T16:30:18+00:00\",\"dateModified\":\"2025-10-17T09:51:11+00:00\",\"description\":\"See efektiivne AL-KO 750B lehekoguja k\u00f5rvaldab h\u00f5lpsalt s\u00fcgisesed lehed. Bensiinimootoriga leheimuriga saab lehed kokku koguda\",\"breadcrumb\":{\"@id\":\"https:\/\/reginett.ee\/toode\/leheimur-al-ko-750b\/#breadcrumb\"},\"inLanguage\":\"ru-RU\",\"potentialAction\":[{\"@type\":\"ReadAction\",\"target\":[\"https:\/\/reginett.ee\/toode\/leheimur-al-ko-750b\/\"]}]},{\"@type\":\"ImageObject\",\"inLanguage\":\"ru-RU\",\"@id\":\"https:\/\/reginett.ee\/toode\/leheimur-al-ko-750b\/#primaryimage\",\"url\":\"https:\/\/reginett.ee\/wp-content\/uploads\/2021\/08\/Solo-by-AL-KO-750B.-scaled.jpg\",\"contentUrl\":\"https:\/\/reginett.ee\/wp-content\/uploads\/2021\/08\/Solo-by-AL-KO-750B.-scaled.jpg\",\"width\":2560,\"height\":2387,\"caption\":\"leheimur AL-KO\"},{\"@type\":\"BreadcrumbList\",\"@id\":\"https:\/\/reginett.ee\/toode\/leheimur-al-ko-750b\/#breadcrumb\",\"itemListElement\":[{\"@type\":\"ListItem\",\"position\":1,\"name\":\"Home\",\"item\":\"https:\/\/reginett.ee\/ru\/\"},{\"@type\":\"ListItem\",\"position\":2,\"name\":\"Tooted\",\"item\":\"https:\/\/reginett.ee\/tooted\/\"},{\"@type\":\"ListItem\",\"position\":3,\"name\":\"Leheimur AL-KO 750B\"}]},{\"@type\":\"WebSite\",\"@id\":\"https:\/\/reginett.ee\/#website\",\"url\":\"https:\/\/reginett.ee\/\",\"name\":\"Reginett\",\"description\":\"Parimad robotniidukid\",\"potentialAction\":[{\"@type\":\"SearchAction\",\"target\":{\"@type\":\"EntryPoint\",\"urlTemplate\":\"https:\/\/reginett.ee\/?s={search_term_string}\"},\"query-input\":{\"@type\":\"PropertyValueSpecification\",\"valueRequired\":true,\"valueName\":\"search_term_string\"}}],\"inLanguage\":\"ru-RU\"}]}<\/script>\n<!-- \/ Yoast SEO plugin. -->","yoast_head_json":{"title":"Leheimur AL-KO 750B. Lehepuhurid ja leheimurid Reginetist","description":"See efektiivne AL-KO 750B lehekoguja k\u00f5rvaldab h\u00f5lpsalt s\u00fcgisesed lehed. Bensiinimootoriga leheimuriga saab lehed kokku koguda","robots":{"index":"index","follow":"follow","max-snippet":"max-snippet:-1","max-image-preview":"max-image-preview:large","max-video-preview":"max-video-preview:-1"},"canonical":"https:\/\/reginett.ee\/toode\/leheimur-al-ko-750b\/","og_locale":"ru_RU","og_type":"article","og_title":"Leheimur AL-KO 750B. Lehepuhurid ja leheimurid Reginetist","og_description":"See efektiivne AL-KO 750B lehekoguja k\u00f5rvaldab h\u00f5lpsalt s\u00fcgisesed lehed. Bensiinimootoriga leheimuriga saab lehed kokku koguda","og_url":"https:\/\/reginett.ee\/toode\/leheimur-al-ko-750b\/","og_site_name":"Reginett","article_modified_time":"2025-10-17T09:51:11+00:00","og_image":[{"width":2560,"height":2387,"url":"https:\/\/reginett.ee\/wp-content\/uploads\/2021\/08\/Solo-by-AL-KO-750B.-scaled.jpg","type":"image\/jpeg"}],"twitter_card":"summary_large_image","twitter_misc":{"\u041f\u0440\u0438\u043c\u0435\u0440\u043d\u043e\u0435 \u0432\u0440\u0435\u043c\u044f \u0434\u043b\u044f \u0447\u0442\u0435\u043d\u0438\u044f":"1 \u043c\u0438\u043d\u0443\u0442\u0430"},"schema":{"@context":"https:\/\/schema.org","@graph":[{"@type":"WebPage","@id":"https:\/\/reginett.ee\/toode\/leheimur-al-ko-750b\/","url":"https:\/\/reginett.ee\/toode\/leheimur-al-ko-750b\/","name":"Leheimur AL-KO 750B. Lehepuhurid ja leheimurid Reginetist","isPartOf":{"@id":"https:\/\/reginett.ee\/#website"},"primaryImageOfPage":{"@id":"https:\/\/reginett.ee\/toode\/leheimur-al-ko-750b\/#primaryimage"},"image":{"@id":"https:\/\/reginett.ee\/toode\/leheimur-al-ko-750b\/#primaryimage"},"thumbnailUrl":"https:\/\/reginett.ee\/wp-content\/uploads\/2021\/08\/Solo-by-AL-KO-750B.-scaled.jpg","datePublished":"2025-10-16T16:30:18+00:00","dateModified":"2025-10-17T09:51:11+00:00","description":"See efektiivne AL-KO 750B lehekoguja k\u00f5rvaldab h\u00f5lpsalt s\u00fcgisesed lehed. Bensiinimootoriga leheimuriga saab lehed kokku koguda","breadcrumb":{"@id":"https:\/\/reginett.ee\/toode\/leheimur-al-ko-750b\/#breadcrumb"},"inLanguage":"ru-RU","potentialAction":[{"@type":"ReadAction","target":["https:\/\/reginett.ee\/toode\/leheimur-al-ko-750b\/"]}]},{"@type":"ImageObject","inLanguage":"ru-RU","@id":"https:\/\/reginett.ee\/toode\/leheimur-al-ko-750b\/#primaryimage","url":"https:\/\/reginett.ee\/wp-content\/uploads\/2021\/08\/Solo-by-AL-KO-750B.-scaled.jpg","contentUrl":"https:\/\/reginett.ee\/wp-content\/uploads\/2021\/08\/Solo-by-AL-KO-750B.-scaled.jpg","width":2560,"height":2387,"caption":"leheimur AL-KO"},{"@type":"BreadcrumbList","@id":"https:\/\/reginett.ee\/toode\/leheimur-al-ko-750b\/#breadcrumb","itemListElement":[{"@type":"ListItem","position":1,"name":"Home","item":"https:\/\/reginett.ee\/ru\/"},{"@type":"ListItem","position":2,"name":"Tooted","item":"https:\/\/reginett.ee\/tooted\/"},{"@type":"ListItem","position":3,"name":"Leheimur AL-KO 750B"}]},{"@type":"WebSite","@id":"https:\/\/reginett.ee\/#website","url":"https:\/\/reginett.ee\/","name":"Reginett","description":"Parimad robotniidukid","potentialAction":[{"@type":"SearchAction","target":{"@type":"EntryPoint","urlTemplate":"https:\/\/reginett.ee\/?s={search_term_string}"},"query-input":{"@type":"PropertyValueSpecification","valueRequired":true,"valueName":"search_term_string"}}],"inLanguage":"ru-RU"}]}},"brands":[{"id":254,"name":"AL-KO","slug":"al-ko"}],"_links":{"self":[{"href":"https:\/\/reginett.ee\/ru\/wp-json\/wp\/v2\/product\/54833","targetHints":{"allow":["GET"]}}],"collection":[{"href":"https:\/\/reginett.ee\/ru\/wp-json\/wp\/v2\/product"}],"about":[{"href":"https:\/\/reginett.ee\/ru\/wp-json\/wp\/v2\/types\/product"}],"replies":[{"embeddable":true,"href":"https:\/\/reginett.ee\/ru\/wp-json\/wp\/v2\/comments?post=54833"}],"wp:featuredmedia":[{"embeddable":true,"href":"https:\/\/reginett.ee\/ru\/wp-json\/wp\/v2\/media\/54877"}],"wp:attachment":[{"href":"https:\/\/reginett.ee\/ru\/wp-json\/wp\/v2\/media?parent=54833"}],"wp:term":[{"taxonomy":"pwb-brand","embeddable":true,"href":"https:\/\/reginett.ee\/ru\/wp-json\/wp\/v2\/pwb-brand?post=54833"},{"taxonomy":"product_brand","embeddable":true,"href":"https:\/\/reginett.ee\/ru\/wp-json\/wp\/v2\/product_brand?post=54833"},{"taxonomy":"product_cat","embeddable":true,"href":"https:\/\/reginett.ee\/ru\/wp-json\/wp\/v2\/product_cat?post=54833"},{"taxonomy":"product_tag","embeddable":true,"href":"https:\/\/reginett.ee\/ru\/wp-json\/wp\/v2\/product_tag?post=54833"}],"curies":[{"name":"wp","href":"https:\/\/api.w.org\/{rel}","templated":true}]}}