{"id":54668,"date":"2022-06-24T10:54:40","date_gmt":"2022-06-24T07:54:40","guid":{"rendered":"https:\/\/reginett.ee\/?post_type=product&#038;p=54668"},"modified":"2026-01-07T10:13:23","modified_gmt":"2026-01-07T07:13:23","slug":"muruniiduk-husqvarna-lc151","status":"publish","type":"product","link":"https:\/\/reginett.ee\/ru\/toode\/muruniiduk-husqvarna-lc151\/","title":{"rendered":"Muruniiduk Husqvarna LC151"},"content":{"rendered":"<p>Muruniiduk Husqvarna LC151 on kolmes\u00fcsteemne lihtsasti kasutatav l\u00fckatav muruniiduk. Kerge, ilma edasiveota LC151 niiduk v\u00f5imaldab nii koguda, multsida kui ka kasutada k\u00fclgv\u00e4ljaviset. Lihtsasti kokkuvolditav ning reguleeritav pehmendusega k\u00e4epide.<\/p>\n<p>Niidulaius 51 cm.<\/p>\n<h3 class=\"h4 description-headline\">Kolm-\u00fches l\u00f5ikes\u00fcsteem<\/h3>\n<div class=\"description-text-wrapper desc-cut\"><span class=\"description-text\">See niiduk pakub mitmeid niitmisv\u00f5imalusi. Vali niitmisviis mis sobib antud tingimustele sobivaima tulemuse saavutamsieks; BioClip\u00ae peenestamine muru v\u00e4etamiseks, v\u00e4ljavise harvemini niidetavatel<\/span><\/div>\n<div><\/div>\n<div>\n<div class=\"col-sm-3 description\">\n<h3 class=\"h4 description-headline\">Lihtsalt seadistatava k\u00e4epideme k\u00f5rgus<\/h3>\n<div class=\"description-text-wrapper\"><span class=\"description-text\">Lihtsalt seadistatav k\u00e4epideme k\u00f5rgus kahe erineva astme vahel. <\/span><\/div>\n<\/div>\n<div>\n<div class=\"col-sm-3 description\">\n<h3 class=\"h4 description-headline\">Ergonoomiline k\u00e4epide<\/h3>\n<div class=\"description-text-wrapper\"><span class=\"description-text\">Ergonoomiline nurga all olev k\u00e4epide koos veo-ja pidurihoovaga teeb kasutamise mugavaks. <\/span><\/div>\n<h3><\/h3>\n<\/div>\n<h3>L\u00f5ikek\u00f5rguse tsentraalne reguleerimine<\/h3>\n<p>Muru l\u00f5ikek\u00f5rguse kiire ja lihtne reguleerimine. \u00dche hoovaga juhitakse kogu l\u00f5ikekorpust.<\/p>\n<\/div>\n<\/div>\n","protected":false},"excerpt":{"rendered":"<p>Muruniiduk Husqvarna LC151 on kolmes\u00fcsteemne lihtsasti kasutatav l\u00fckatav muruniiduk. Kerge, ilma edasiveota LC151 niiduk v\u00f5imaldab nii koguda, multsida kui ka kasutada k\u00fclgv\u00e4ljaviset. Lihtsasti kokkuvolditav ning reguleeritav pehmendusega k\u00e4epide.<\/p>\n<p>Niidulaius 51 cm.<\/p>\n","protected":false},"featured_media":54669,"comment_status":"open","ping_status":"closed","template":"","meta":{"_acf_changed":false,"_et_pb_use_builder":"","_et_pb_old_content":"","_et_gb_content_width":"","inline_featured_image":false},"pwb-brand":[],"product_brand":[],"product_cat":[37,25],"product_tag":[113,277],"class_list":{"0":"post-54668","1":"product","2":"type-product","3":"status-publish","4":"has-post-thumbnail","6":"product_cat-husqvarna","7":"product_cat-muruniidukid","8":"product_tag-muruniiduk","9":"product_tag-niiduk","10":"product_shipping_class-soodsam-kuller-15-eur","12":"first","13":"instock","14":"shipping-taxable","15":"purchasable","16":"product-type-simple"},"acf":[],"yoast_head":"<!-- This site is optimized with the Yoast SEO plugin v26.6 - https:\/\/yoast.com\/wordpress\/plugins\/seo\/ -->\n<title>Muruniiduk Husqvarna LC151. Parimad muruniidukid Reginetist<\/title>\n<meta name=\"description\" content=\"Muruniiduk Husqvarna LC151 on kolmes\u00fcsteemne lihtsasti kasutatav l\u00fckatav muruniiduk. Kerge, ilma edasiveota LC151 niiduk v\u00f5imaldab\" \/>\n<meta name=\"robots\" content=\"index, follow, max-snippet:-1, max-image-preview:large, max-video-preview:-1\" \/>\n<link rel=\"canonical\" href=\"https:\/\/reginett.ee\/toode\/muruniiduk-husqvarna-lc151\/\" \/>\n<meta property=\"og:locale\" content=\"ru_RU\" \/>\n<meta property=\"og:type\" content=\"article\" \/>\n<meta property=\"og:title\" content=\"Muruniiduk Husqvarna LC151. Parimad muruniidukid Reginetist\" \/>\n<meta property=\"og:description\" content=\"Muruniiduk Husqvarna LC151 on kolmes\u00fcsteemne lihtsasti kasutatav l\u00fckatav muruniiduk. Kerge, ilma edasiveota LC151 niiduk v\u00f5imaldab\" \/>\n<meta property=\"og:url\" content=\"https:\/\/reginett.ee\/toode\/muruniiduk-husqvarna-lc151\/\" \/>\n<meta property=\"og:site_name\" content=\"Reginett\" \/>\n<meta property=\"article:modified_time\" content=\"2026-01-07T07:13:23+00:00\" \/>\n<meta property=\"og:image\" content=\"https:\/\/reginett.ee\/wp-content\/uploads\/2021\/06\/Niiduk-Husqvarna-LC151-scaled.jpg\" \/>\n\t<meta property=\"og:image:width\" content=\"2560\" \/>\n\t<meta property=\"og:image:height\" content=\"1980\" \/>\n\t<meta property=\"og:image:type\" content=\"image\/jpeg\" \/>\n<meta name=\"twitter:card\" content=\"summary_large_image\" \/>\n<meta name=\"twitter:label1\" content=\"\u041f\u0440\u0438\u043c\u0435\u0440\u043d\u043e\u0435 \u0432\u0440\u0435\u043c\u044f \u0434\u043b\u044f \u0447\u0442\u0435\u043d\u0438\u044f\" \/>\n\t<meta name=\"twitter:data1\" content=\"1 \u043c\u0438\u043d\u0443\u0442\u0430\" \/>\n<script type=\"application\/ld+json\" class=\"yoast-schema-graph\">{\"@context\":\"https:\/\/schema.org\",\"@graph\":[{\"@type\":\"WebPage\",\"@id\":\"https:\/\/reginett.ee\/toode\/muruniiduk-husqvarna-lc151\/\",\"url\":\"https:\/\/reginett.ee\/toode\/muruniiduk-husqvarna-lc151\/\",\"name\":\"Muruniiduk Husqvarna LC151. Parimad muruniidukid Reginetist\",\"isPartOf\":{\"@id\":\"https:\/\/reginett.ee\/#website\"},\"primaryImageOfPage\":{\"@id\":\"https:\/\/reginett.ee\/toode\/muruniiduk-husqvarna-lc151\/#primaryimage\"},\"image\":{\"@id\":\"https:\/\/reginett.ee\/toode\/muruniiduk-husqvarna-lc151\/#primaryimage\"},\"thumbnailUrl\":\"https:\/\/reginett.ee\/wp-content\/uploads\/2021\/06\/Niiduk-Husqvarna-LC151-scaled.jpg\",\"datePublished\":\"2022-06-24T07:54:40+00:00\",\"dateModified\":\"2026-01-07T07:13:23+00:00\",\"description\":\"Muruniiduk Husqvarna LC151 on kolmes\u00fcsteemne lihtsasti kasutatav l\u00fckatav muruniiduk. Kerge, ilma edasiveota LC151 niiduk v\u00f5imaldab\",\"breadcrumb\":{\"@id\":\"https:\/\/reginett.ee\/toode\/muruniiduk-husqvarna-lc151\/#breadcrumb\"},\"inLanguage\":\"ru-RU\",\"potentialAction\":[{\"@type\":\"ReadAction\",\"target\":[\"https:\/\/reginett.ee\/toode\/muruniiduk-husqvarna-lc151\/\"]}]},{\"@type\":\"ImageObject\",\"inLanguage\":\"ru-RU\",\"@id\":\"https:\/\/reginett.ee\/toode\/muruniiduk-husqvarna-lc151\/#primaryimage\",\"url\":\"https:\/\/reginett.ee\/wp-content\/uploads\/2021\/06\/Niiduk-Husqvarna-LC151-scaled.jpg\",\"contentUrl\":\"https:\/\/reginett.ee\/wp-content\/uploads\/2021\/06\/Niiduk-Husqvarna-LC151-scaled.jpg\",\"width\":2560,\"height\":1980,\"caption\":\"Husqvarna LC151\"},{\"@type\":\"BreadcrumbList\",\"@id\":\"https:\/\/reginett.ee\/toode\/muruniiduk-husqvarna-lc151\/#breadcrumb\",\"itemListElement\":[{\"@type\":\"ListItem\",\"position\":1,\"name\":\"Home\",\"item\":\"https:\/\/reginett.ee\/ru\/\"},{\"@type\":\"ListItem\",\"position\":2,\"name\":\"Tooted\",\"item\":\"https:\/\/reginett.ee\/tooted\/\"},{\"@type\":\"ListItem\",\"position\":3,\"name\":\"Muruniiduk Husqvarna LC151\"}]},{\"@type\":\"WebSite\",\"@id\":\"https:\/\/reginett.ee\/#website\",\"url\":\"https:\/\/reginett.ee\/\",\"name\":\"Reginett\",\"description\":\"Parimad robotniidukid\",\"potentialAction\":[{\"@type\":\"SearchAction\",\"target\":{\"@type\":\"EntryPoint\",\"urlTemplate\":\"https:\/\/reginett.ee\/?s={search_term_string}\"},\"query-input\":{\"@type\":\"PropertyValueSpecification\",\"valueRequired\":true,\"valueName\":\"search_term_string\"}}],\"inLanguage\":\"ru-RU\"}]}<\/script>\n<!-- \/ Yoast SEO plugin. -->","yoast_head_json":{"title":"Muruniiduk Husqvarna LC151. Parimad muruniidukid Reginetist","description":"Muruniiduk Husqvarna LC151 on kolmes\u00fcsteemne lihtsasti kasutatav l\u00fckatav muruniiduk. Kerge, ilma edasiveota LC151 niiduk v\u00f5imaldab","robots":{"index":"index","follow":"follow","max-snippet":"max-snippet:-1","max-image-preview":"max-image-preview:large","max-video-preview":"max-video-preview:-1"},"canonical":"https:\/\/reginett.ee\/toode\/muruniiduk-husqvarna-lc151\/","og_locale":"ru_RU","og_type":"article","og_title":"Muruniiduk Husqvarna LC151. Parimad muruniidukid Reginetist","og_description":"Muruniiduk Husqvarna LC151 on kolmes\u00fcsteemne lihtsasti kasutatav l\u00fckatav muruniiduk. Kerge, ilma edasiveota LC151 niiduk v\u00f5imaldab","og_url":"https:\/\/reginett.ee\/toode\/muruniiduk-husqvarna-lc151\/","og_site_name":"Reginett","article_modified_time":"2026-01-07T07:13:23+00:00","og_image":[{"width":2560,"height":1980,"url":"https:\/\/reginett.ee\/wp-content\/uploads\/2021\/06\/Niiduk-Husqvarna-LC151-scaled.jpg","type":"image\/jpeg"}],"twitter_card":"summary_large_image","twitter_misc":{"\u041f\u0440\u0438\u043c\u0435\u0440\u043d\u043e\u0435 \u0432\u0440\u0435\u043c\u044f \u0434\u043b\u044f \u0447\u0442\u0435\u043d\u0438\u044f":"1 \u043c\u0438\u043d\u0443\u0442\u0430"},"schema":{"@context":"https:\/\/schema.org","@graph":[{"@type":"WebPage","@id":"https:\/\/reginett.ee\/toode\/muruniiduk-husqvarna-lc151\/","url":"https:\/\/reginett.ee\/toode\/muruniiduk-husqvarna-lc151\/","name":"Muruniiduk Husqvarna LC151. Parimad muruniidukid Reginetist","isPartOf":{"@id":"https:\/\/reginett.ee\/#website"},"primaryImageOfPage":{"@id":"https:\/\/reginett.ee\/toode\/muruniiduk-husqvarna-lc151\/#primaryimage"},"image":{"@id":"https:\/\/reginett.ee\/toode\/muruniiduk-husqvarna-lc151\/#primaryimage"},"thumbnailUrl":"https:\/\/reginett.ee\/wp-content\/uploads\/2021\/06\/Niiduk-Husqvarna-LC151-scaled.jpg","datePublished":"2022-06-24T07:54:40+00:00","dateModified":"2026-01-07T07:13:23+00:00","description":"Muruniiduk Husqvarna LC151 on kolmes\u00fcsteemne lihtsasti kasutatav l\u00fckatav muruniiduk. Kerge, ilma edasiveota LC151 niiduk v\u00f5imaldab","breadcrumb":{"@id":"https:\/\/reginett.ee\/toode\/muruniiduk-husqvarna-lc151\/#breadcrumb"},"inLanguage":"ru-RU","potentialAction":[{"@type":"ReadAction","target":["https:\/\/reginett.ee\/toode\/muruniiduk-husqvarna-lc151\/"]}]},{"@type":"ImageObject","inLanguage":"ru-RU","@id":"https:\/\/reginett.ee\/toode\/muruniiduk-husqvarna-lc151\/#primaryimage","url":"https:\/\/reginett.ee\/wp-content\/uploads\/2021\/06\/Niiduk-Husqvarna-LC151-scaled.jpg","contentUrl":"https:\/\/reginett.ee\/wp-content\/uploads\/2021\/06\/Niiduk-Husqvarna-LC151-scaled.jpg","width":2560,"height":1980,"caption":"Husqvarna LC151"},{"@type":"BreadcrumbList","@id":"https:\/\/reginett.ee\/toode\/muruniiduk-husqvarna-lc151\/#breadcrumb","itemListElement":[{"@type":"ListItem","position":1,"name":"Home","item":"https:\/\/reginett.ee\/ru\/"},{"@type":"ListItem","position":2,"name":"Tooted","item":"https:\/\/reginett.ee\/tooted\/"},{"@type":"ListItem","position":3,"name":"Muruniiduk Husqvarna LC151"}]},{"@type":"WebSite","@id":"https:\/\/reginett.ee\/#website","url":"https:\/\/reginett.ee\/","name":"Reginett","description":"Parimad robotniidukid","potentialAction":[{"@type":"SearchAction","target":{"@type":"EntryPoint","urlTemplate":"https:\/\/reginett.ee\/?s={search_term_string}"},"query-input":{"@type":"PropertyValueSpecification","valueRequired":true,"valueName":"search_term_string"}}],"inLanguage":"ru-RU"}]}},"brands":[],"_links":{"self":[{"href":"https:\/\/reginett.ee\/ru\/wp-json\/wp\/v2\/product\/54668","targetHints":{"allow":["GET"]}}],"collection":[{"href":"https:\/\/reginett.ee\/ru\/wp-json\/wp\/v2\/product"}],"about":[{"href":"https:\/\/reginett.ee\/ru\/wp-json\/wp\/v2\/types\/product"}],"replies":[{"embeddable":true,"href":"https:\/\/reginett.ee\/ru\/wp-json\/wp\/v2\/comments?post=54668"}],"wp:featuredmedia":[{"embeddable":true,"href":"https:\/\/reginett.ee\/ru\/wp-json\/wp\/v2\/media\/54669"}],"wp:attachment":[{"href":"https:\/\/reginett.ee\/ru\/wp-json\/wp\/v2\/media?parent=54668"}],"wp:term":[{"taxonomy":"pwb-brand","embeddable":true,"href":"https:\/\/reginett.ee\/ru\/wp-json\/wp\/v2\/pwb-brand?post=54668"},{"taxonomy":"product_brand","embeddable":true,"href":"https:\/\/reginett.ee\/ru\/wp-json\/wp\/v2\/product_brand?post=54668"},{"taxonomy":"product_cat","embeddable":true,"href":"https:\/\/reginett.ee\/ru\/wp-json\/wp\/v2\/product_cat?post=54668"},{"taxonomy":"product_tag","embeddable":true,"href":"https:\/\/reginett.ee\/ru\/wp-json\/wp\/v2\/product_tag?post=54668"}],"curies":[{"name":"wp","href":"https:\/\/api.w.org\/{rel}","templated":true}]}}