{"id":54551,"date":"2025-05-10T05:40:58","date_gmt":"2025-05-10T02:40:58","guid":{"rendered":"https:\/\/reginett.ee\/?post_type=product&#038;p=54551"},"modified":"2025-06-20T13:47:27","modified_gmt":"2025-06-20T10:47:27","slug":"saasepeletaja-thermacell-akutoitel-uus","status":"publish","type":"product","link":"https:\/\/reginett.ee\/ru\/toode\/saasepeletaja-thermacell-akutoitel-uus\/","title":{"rendered":"S\u00e4\u00e4sepeletaja Thermacell akutoitel E55"},"content":{"rendered":"<p class=\"p1\">Akutoitel Thermacelli s\u00e4\u00e4sepeletaja t\u00f5rjub s\u00e4\u00e4ski t\u00f5husalt, tekitades enda \u00fcmber 21 m\u00b2 suuruse s\u00e4\u00e4sekaitsev\u00f6\u00f6ndi. Laetavat E55 saab v\u00f5tta kaasa peaaegu k\u00f5ikjale, et t\u00fc\u00fctuid s\u00e4\u00e4ski eemale peletada, peatades nad enne, kui nad teid hammustama v\u00f5i h\u00e4irima j\u00f5uavad tulla. Erinevalt gaasitoitel s\u00e4\u00e4sepeletajatest on E55 lennuk\u00f5lbulik ja nii saab selle ka reisile kaasa v\u00f5tta.<\/p>\n<p>Naudi suve!<\/p>\n<ul>\n<li>Laetav telefoni laadijaga<\/li>\n<li>Ei mingeid pihusteid ega segadust. L\u00f5hnatu ega sisalda DEET-i.<\/li>\n<li>Ei mingit avatud leeki ega suitsevaid k\u00fc\u00fcnlaid<\/li>\n<li>Parim ja efektiivseim s\u00e4\u00e4sepeletaja<\/li>\n<\/ul>\n","protected":false},"excerpt":{"rendered":"<p>Akutoitel Thermacelli s\u00e4\u00e4sepeletaja t\u00f5rjub s\u00e4\u00e4ski t\u00f5husalt, tekitades enda \u00fcmber 21 m\u00b2 suuruse s\u00e4\u00e4sekaitsev\u00f6\u00f6ndi. E55 saab v\u00f5tta kaasa peaaegu k\u00f5ikjale, et t\u00fc\u00fctuid s\u00e4\u00e4ski eemale peletada, peatades nad enne, kui nad teid hammustama v\u00f5i h\u00e4irima j\u00f5uavad tulla. Erinevalt gaasitoitel s\u00e4\u00e4sepeletajatest on E55 lennuk\u00f5lbulik ja nii saab selle ka reisile kaasa v\u00f5tta.<\/p>\n<p>Naudi suve!<\/p>\n","protected":false},"featured_media":54554,"comment_status":"open","ping_status":"closed","template":"","meta":{"_acf_changed":false,"_et_pb_use_builder":"","_et_pb_old_content":"","_et_gb_content_width":"","inline_featured_image":false},"pwb-brand":[],"product_brand":[],"product_cat":[48,27],"product_tag":[286,292,293],"class_list":{"0":"post-54551","1":"product","2":"type-product","3":"status-publish","4":"has-post-thumbnail","6":"product_cat-akutooted","7":"product_cat-tooriistad-ja-tarvikud","8":"product_tag-saasepeletaja","9":"product_tag-saasepeleti","10":"product_tag-thermacell","12":"first","13":"instock","14":"shipping-taxable","15":"purchasable","16":"product-type-simple"},"acf":[],"yoast_head":"<!-- This site is optimized with the Yoast SEO plugin v26.6 - https:\/\/yoast.com\/wordpress\/plugins\/seo\/ -->\n<title>Efektiivseim s\u00e4\u00e4sepeletaja Thermacell. S\u00e4\u00e4set\u00f5rje Reginetist<\/title>\n<meta name=\"description\" content=\"Akutoitel Thermacelli s\u00e4\u00e4sepeletaja t\u00f5rjub s\u00e4\u00e4ski t\u00f5husalt, tekitades enda \u00fcmber 21 m\u00b2 suuruse s\u00e4\u00e4sekaitsev\u00f6\u00f6ndi. E55 saab v\u00f5tta kaasa\" \/>\n<meta name=\"robots\" content=\"index, follow, max-snippet:-1, max-image-preview:large, max-video-preview:-1\" \/>\n<link rel=\"canonical\" href=\"https:\/\/reginett.ee\/toode\/saasepeletaja-thermacell-akutoitel-uus\/\" \/>\n<meta property=\"og:locale\" content=\"ru_RU\" \/>\n<meta property=\"og:type\" content=\"article\" \/>\n<meta property=\"og:title\" content=\"Efektiivseim s\u00e4\u00e4sepeletaja Thermacell. S\u00e4\u00e4set\u00f5rje Reginetist\" \/>\n<meta property=\"og:description\" content=\"Akutoitel Thermacelli s\u00e4\u00e4sepeletaja t\u00f5rjub s\u00e4\u00e4ski t\u00f5husalt, tekitades enda \u00fcmber 21 m\u00b2 suuruse s\u00e4\u00e4sekaitsev\u00f6\u00f6ndi. E55 saab v\u00f5tta kaasa\" \/>\n<meta property=\"og:url\" content=\"https:\/\/reginett.ee\/toode\/saasepeletaja-thermacell-akutoitel-uus\/\" \/>\n<meta property=\"og:site_name\" content=\"Reginett\" \/>\n<meta property=\"article:modified_time\" content=\"2025-06-20T10:47:27+00:00\" \/>\n<meta property=\"og:image\" content=\"https:\/\/reginett.ee\/wp-content\/uploads\/2021\/06\/9ab7f3a1-cc85-4c8a-8fe5-aef9f2494a0d.a0c325c599c671177e3c3906ef1a8778.jpeg\" \/>\n\t<meta property=\"og:image:width\" content=\"1400\" \/>\n\t<meta property=\"og:image:height\" content=\"1318\" \/>\n\t<meta property=\"og:image:type\" content=\"image\/jpeg\" \/>\n<meta name=\"twitter:card\" content=\"summary_large_image\" \/>\n<meta name=\"twitter:label1\" content=\"\u041f\u0440\u0438\u043c\u0435\u0440\u043d\u043e\u0435 \u0432\u0440\u0435\u043c\u044f \u0434\u043b\u044f \u0447\u0442\u0435\u043d\u0438\u044f\" \/>\n\t<meta name=\"twitter:data1\" content=\"1 \u043c\u0438\u043d\u0443\u0442\u0430\" \/>\n<script type=\"application\/ld+json\" class=\"yoast-schema-graph\">{\"@context\":\"https:\/\/schema.org\",\"@graph\":[{\"@type\":\"WebPage\",\"@id\":\"https:\/\/reginett.ee\/toode\/saasepeletaja-thermacell-akutoitel-uus\/\",\"url\":\"https:\/\/reginett.ee\/toode\/saasepeletaja-thermacell-akutoitel-uus\/\",\"name\":\"Efektiivseim s\u00e4\u00e4sepeletaja Thermacell. S\u00e4\u00e4set\u00f5rje Reginetist\",\"isPartOf\":{\"@id\":\"https:\/\/reginett.ee\/#website\"},\"primaryImageOfPage\":{\"@id\":\"https:\/\/reginett.ee\/toode\/saasepeletaja-thermacell-akutoitel-uus\/#primaryimage\"},\"image\":{\"@id\":\"https:\/\/reginett.ee\/toode\/saasepeletaja-thermacell-akutoitel-uus\/#primaryimage\"},\"thumbnailUrl\":\"https:\/\/reginett.ee\/wp-content\/uploads\/2021\/06\/9ab7f3a1-cc85-4c8a-8fe5-aef9f2494a0d.a0c325c599c671177e3c3906ef1a8778.jpeg\",\"datePublished\":\"2025-05-10T02:40:58+00:00\",\"dateModified\":\"2025-06-20T10:47:27+00:00\",\"description\":\"Akutoitel Thermacelli s\u00e4\u00e4sepeletaja t\u00f5rjub s\u00e4\u00e4ski t\u00f5husalt, tekitades enda \u00fcmber 21 m\u00b2 suuruse s\u00e4\u00e4sekaitsev\u00f6\u00f6ndi. E55 saab v\u00f5tta kaasa\",\"breadcrumb\":{\"@id\":\"https:\/\/reginett.ee\/toode\/saasepeletaja-thermacell-akutoitel-uus\/#breadcrumb\"},\"inLanguage\":\"ru-RU\",\"potentialAction\":[{\"@type\":\"ReadAction\",\"target\":[\"https:\/\/reginett.ee\/toode\/saasepeletaja-thermacell-akutoitel-uus\/\"]}]},{\"@type\":\"ImageObject\",\"inLanguage\":\"ru-RU\",\"@id\":\"https:\/\/reginett.ee\/toode\/saasepeletaja-thermacell-akutoitel-uus\/#primaryimage\",\"url\":\"https:\/\/reginett.ee\/wp-content\/uploads\/2021\/06\/9ab7f3a1-cc85-4c8a-8fe5-aef9f2494a0d.a0c325c599c671177e3c3906ef1a8778.jpeg\",\"contentUrl\":\"https:\/\/reginett.ee\/wp-content\/uploads\/2021\/06\/9ab7f3a1-cc85-4c8a-8fe5-aef9f2494a0d.a0c325c599c671177e3c3906ef1a8778.jpeg\",\"width\":1400,\"height\":1318,\"caption\":\"s\u00e4\u00e4sepeletaja Thermacell\"},{\"@type\":\"BreadcrumbList\",\"@id\":\"https:\/\/reginett.ee\/toode\/saasepeletaja-thermacell-akutoitel-uus\/#breadcrumb\",\"itemListElement\":[{\"@type\":\"ListItem\",\"position\":1,\"name\":\"Home\",\"item\":\"https:\/\/reginett.ee\/ru\/\"},{\"@type\":\"ListItem\",\"position\":2,\"name\":\"Tooted\",\"item\":\"https:\/\/reginett.ee\/tooted\/\"},{\"@type\":\"ListItem\",\"position\":3,\"name\":\"S\u00e4\u00e4sepeletaja Thermacell akutoitel E55\"}]},{\"@type\":\"WebSite\",\"@id\":\"https:\/\/reginett.ee\/#website\",\"url\":\"https:\/\/reginett.ee\/\",\"name\":\"Reginett\",\"description\":\"Parimad robotniidukid\",\"potentialAction\":[{\"@type\":\"SearchAction\",\"target\":{\"@type\":\"EntryPoint\",\"urlTemplate\":\"https:\/\/reginett.ee\/?s={search_term_string}\"},\"query-input\":{\"@type\":\"PropertyValueSpecification\",\"valueRequired\":true,\"valueName\":\"search_term_string\"}}],\"inLanguage\":\"ru-RU\"}]}<\/script>\n<!-- \/ Yoast SEO plugin. -->","yoast_head_json":{"title":"Efektiivseim s\u00e4\u00e4sepeletaja Thermacell. S\u00e4\u00e4set\u00f5rje Reginetist","description":"Akutoitel Thermacelli s\u00e4\u00e4sepeletaja t\u00f5rjub s\u00e4\u00e4ski t\u00f5husalt, tekitades enda \u00fcmber 21 m\u00b2 suuruse s\u00e4\u00e4sekaitsev\u00f6\u00f6ndi. E55 saab v\u00f5tta kaasa","robots":{"index":"index","follow":"follow","max-snippet":"max-snippet:-1","max-image-preview":"max-image-preview:large","max-video-preview":"max-video-preview:-1"},"canonical":"https:\/\/reginett.ee\/toode\/saasepeletaja-thermacell-akutoitel-uus\/","og_locale":"ru_RU","og_type":"article","og_title":"Efektiivseim s\u00e4\u00e4sepeletaja Thermacell. S\u00e4\u00e4set\u00f5rje Reginetist","og_description":"Akutoitel Thermacelli s\u00e4\u00e4sepeletaja t\u00f5rjub s\u00e4\u00e4ski t\u00f5husalt, tekitades enda \u00fcmber 21 m\u00b2 suuruse s\u00e4\u00e4sekaitsev\u00f6\u00f6ndi. E55 saab v\u00f5tta kaasa","og_url":"https:\/\/reginett.ee\/toode\/saasepeletaja-thermacell-akutoitel-uus\/","og_site_name":"Reginett","article_modified_time":"2025-06-20T10:47:27+00:00","og_image":[{"width":1400,"height":1318,"url":"https:\/\/reginett.ee\/wp-content\/uploads\/2021\/06\/9ab7f3a1-cc85-4c8a-8fe5-aef9f2494a0d.a0c325c599c671177e3c3906ef1a8778.jpeg","type":"image\/jpeg"}],"twitter_card":"summary_large_image","twitter_misc":{"\u041f\u0440\u0438\u043c\u0435\u0440\u043d\u043e\u0435 \u0432\u0440\u0435\u043c\u044f \u0434\u043b\u044f \u0447\u0442\u0435\u043d\u0438\u044f":"1 \u043c\u0438\u043d\u0443\u0442\u0430"},"schema":{"@context":"https:\/\/schema.org","@graph":[{"@type":"WebPage","@id":"https:\/\/reginett.ee\/toode\/saasepeletaja-thermacell-akutoitel-uus\/","url":"https:\/\/reginett.ee\/toode\/saasepeletaja-thermacell-akutoitel-uus\/","name":"Efektiivseim s\u00e4\u00e4sepeletaja Thermacell. S\u00e4\u00e4set\u00f5rje Reginetist","isPartOf":{"@id":"https:\/\/reginett.ee\/#website"},"primaryImageOfPage":{"@id":"https:\/\/reginett.ee\/toode\/saasepeletaja-thermacell-akutoitel-uus\/#primaryimage"},"image":{"@id":"https:\/\/reginett.ee\/toode\/saasepeletaja-thermacell-akutoitel-uus\/#primaryimage"},"thumbnailUrl":"https:\/\/reginett.ee\/wp-content\/uploads\/2021\/06\/9ab7f3a1-cc85-4c8a-8fe5-aef9f2494a0d.a0c325c599c671177e3c3906ef1a8778.jpeg","datePublished":"2025-05-10T02:40:58+00:00","dateModified":"2025-06-20T10:47:27+00:00","description":"Akutoitel Thermacelli s\u00e4\u00e4sepeletaja t\u00f5rjub s\u00e4\u00e4ski t\u00f5husalt, tekitades enda \u00fcmber 21 m\u00b2 suuruse s\u00e4\u00e4sekaitsev\u00f6\u00f6ndi. E55 saab v\u00f5tta kaasa","breadcrumb":{"@id":"https:\/\/reginett.ee\/toode\/saasepeletaja-thermacell-akutoitel-uus\/#breadcrumb"},"inLanguage":"ru-RU","potentialAction":[{"@type":"ReadAction","target":["https:\/\/reginett.ee\/toode\/saasepeletaja-thermacell-akutoitel-uus\/"]}]},{"@type":"ImageObject","inLanguage":"ru-RU","@id":"https:\/\/reginett.ee\/toode\/saasepeletaja-thermacell-akutoitel-uus\/#primaryimage","url":"https:\/\/reginett.ee\/wp-content\/uploads\/2021\/06\/9ab7f3a1-cc85-4c8a-8fe5-aef9f2494a0d.a0c325c599c671177e3c3906ef1a8778.jpeg","contentUrl":"https:\/\/reginett.ee\/wp-content\/uploads\/2021\/06\/9ab7f3a1-cc85-4c8a-8fe5-aef9f2494a0d.a0c325c599c671177e3c3906ef1a8778.jpeg","width":1400,"height":1318,"caption":"s\u00e4\u00e4sepeletaja Thermacell"},{"@type":"BreadcrumbList","@id":"https:\/\/reginett.ee\/toode\/saasepeletaja-thermacell-akutoitel-uus\/#breadcrumb","itemListElement":[{"@type":"ListItem","position":1,"name":"Home","item":"https:\/\/reginett.ee\/ru\/"},{"@type":"ListItem","position":2,"name":"Tooted","item":"https:\/\/reginett.ee\/tooted\/"},{"@type":"ListItem","position":3,"name":"S\u00e4\u00e4sepeletaja Thermacell akutoitel E55"}]},{"@type":"WebSite","@id":"https:\/\/reginett.ee\/#website","url":"https:\/\/reginett.ee\/","name":"Reginett","description":"Parimad robotniidukid","potentialAction":[{"@type":"SearchAction","target":{"@type":"EntryPoint","urlTemplate":"https:\/\/reginett.ee\/?s={search_term_string}"},"query-input":{"@type":"PropertyValueSpecification","valueRequired":true,"valueName":"search_term_string"}}],"inLanguage":"ru-RU"}]}},"brands":[],"_links":{"self":[{"href":"https:\/\/reginett.ee\/ru\/wp-json\/wp\/v2\/product\/54551","targetHints":{"allow":["GET"]}}],"collection":[{"href":"https:\/\/reginett.ee\/ru\/wp-json\/wp\/v2\/product"}],"about":[{"href":"https:\/\/reginett.ee\/ru\/wp-json\/wp\/v2\/types\/product"}],"replies":[{"embeddable":true,"href":"https:\/\/reginett.ee\/ru\/wp-json\/wp\/v2\/comments?post=54551"}],"wp:featuredmedia":[{"embeddable":true,"href":"https:\/\/reginett.ee\/ru\/wp-json\/wp\/v2\/media\/54554"}],"wp:attachment":[{"href":"https:\/\/reginett.ee\/ru\/wp-json\/wp\/v2\/media?parent=54551"}],"wp:term":[{"taxonomy":"pwb-brand","embeddable":true,"href":"https:\/\/reginett.ee\/ru\/wp-json\/wp\/v2\/pwb-brand?post=54551"},{"taxonomy":"product_brand","embeddable":true,"href":"https:\/\/reginett.ee\/ru\/wp-json\/wp\/v2\/product_brand?post=54551"},{"taxonomy":"product_cat","embeddable":true,"href":"https:\/\/reginett.ee\/ru\/wp-json\/wp\/v2\/product_cat?post=54551"},{"taxonomy":"product_tag","embeddable":true,"href":"https:\/\/reginett.ee\/ru\/wp-json\/wp\/v2\/product_tag?post=54551"}],"curies":[{"name":"wp","href":"https:\/\/api.w.org\/{rel}","templated":true}]}}