{"id":54346,"date":"2021-04-25T09:18:03","date_gmt":"2021-04-25T06:18:03","guid":{"rendered":"https:\/\/reginett.ee\/?post_type=product&#038;p=54346"},"modified":"2023-02-06T18:13:58","modified_gmt":"2023-02-06T15:13:58","slug":"trimmijohv-husqvarna-core-cut-27mm-12m","status":"publish","type":"product","link":"https:\/\/reginett.ee\/ru\/toode\/trimmijohv-husqvarna-core-cut-27mm-12m\/","title":{"rendered":"Trimmij\u00f5hv Husqvarna Core Cut 2,7mm 12m"},"content":{"rendered":"<div class=\"et_pb_module et_pb_wc_description et_pb_wc_description_0_tb_body et_pb_bg_layout_light et_pb_text_align_left\">\n<div class=\"et_pb_module_inner\">\n<p>Trimmij\u00f5hv Husqvarna Core Cut on viienurkse kujuga kahekihiline vastupidav trimmij\u00f5hv professionaalseks kasutuseks. Tugev pealmine kiht on kulumisele vastupidavam ja sisemine kiud tagab j\u00f5hvi hea painduvuse.<\/p>\n<p>Trimmij\u00f5hv Husqvarna Core Cut 2,7mm 12m<\/p>\n<\/div>\n<\/div>\n","protected":false},"excerpt":{"rendered":"<p>Trimmij\u00f5hv Husqvarna Core Cut on viienurkse kujuga kahekihiline vastupidav trimmij\u00f5hv professionaalseks kasutuseks. Tugev pealmine kiht on kulumisele vastupidavam ja sisemine kiud tagab j\u00f5hvi hea painduvuse.<\/p>\n<p>Trimmij\u00f5hv Husqvarna Core Cut 2,7mm 12m<\/p>\n","protected":false},"featured_media":54341,"comment_status":"open","ping_status":"closed","template":"","meta":{"_acf_changed":false,"_et_pb_use_builder":"","_et_pb_old_content":"","_et_gb_content_width":"","inline_featured_image":false},"pwb-brand":[],"product_brand":[],"product_cat":[37,27,54],"product_tag":[289,290,291,288],"class_list":{"0":"post-54346","1":"product","2":"type-product","3":"status-publish","4":"has-post-thumbnail","6":"product_cat-husqvarna","7":"product_cat-tooriistad-ja-tarvikud","8":"product_cat-trimmerid-ja-vosaloikurid","9":"product_tag-johv","10":"product_tag-tamiil","11":"product_tag-trimmeri-johv","12":"product_tag-trimmijohv","14":"first","15":"instock","16":"shipping-taxable","17":"purchasable","18":"product-type-simple"},"acf":[],"yoast_head":"<!-- This site is optimized with the Yoast SEO plugin v26.6 - https:\/\/yoast.com\/wordpress\/plugins\/seo\/ -->\n<title>Trimmij\u00f5hv Husqvarna Core Cut 2,7mm 12m. K\u00f5ige paremad j\u00f5hvid<\/title>\n<meta name=\"description\" content=\"Trimmij\u00f5hv Husqvarna Core Cut on viienurkse kujuga kahekihiline vastupidav trimmij\u00f5hv professionaalseks kasutuseks.\" \/>\n<meta name=\"robots\" content=\"index, follow, max-snippet:-1, max-image-preview:large, max-video-preview:-1\" \/>\n<link rel=\"canonical\" href=\"https:\/\/reginett.ee\/toode\/trimmijohv-husqvarna-core-cut-27mm-12m\/\" \/>\n<meta property=\"og:locale\" content=\"ru_RU\" \/>\n<meta property=\"og:type\" content=\"article\" \/>\n<meta property=\"og:title\" content=\"Trimmij\u00f5hv Husqvarna Core Cut 2,7mm 12m. K\u00f5ige paremad j\u00f5hvid\" \/>\n<meta property=\"og:description\" content=\"Trimmij\u00f5hv Husqvarna Core Cut on viienurkse kujuga kahekihiline vastupidav trimmij\u00f5hv professionaalseks kasutuseks.\" \/>\n<meta property=\"og:url\" content=\"https:\/\/reginett.ee\/toode\/trimmijohv-husqvarna-core-cut-27mm-12m\/\" \/>\n<meta property=\"og:site_name\" content=\"Reginett\" \/>\n<meta property=\"article:modified_time\" content=\"2023-02-06T15:13:58+00:00\" \/>\n<meta property=\"og:image\" content=\"https:\/\/reginett.ee\/wp-content\/uploads\/2021\/04\/Johv-Husqvarna-Core-Cut-scaled.jpg\" \/>\n\t<meta property=\"og:image:width\" content=\"2560\" \/>\n\t<meta property=\"og:image:height\" content=\"1573\" \/>\n\t<meta property=\"og:image:type\" content=\"image\/jpeg\" \/>\n<meta name=\"twitter:card\" content=\"summary_large_image\" \/>\n<meta name=\"twitter:label1\" content=\"\u041f\u0440\u0438\u043c\u0435\u0440\u043d\u043e\u0435 \u0432\u0440\u0435\u043c\u044f \u0434\u043b\u044f \u0447\u0442\u0435\u043d\u0438\u044f\" \/>\n\t<meta name=\"twitter:data1\" content=\"1 \u043c\u0438\u043d\u0443\u0442\u0430\" \/>\n<script type=\"application\/ld+json\" class=\"yoast-schema-graph\">{\"@context\":\"https:\/\/schema.org\",\"@graph\":[{\"@type\":\"WebPage\",\"@id\":\"https:\/\/reginett.ee\/toode\/trimmijohv-husqvarna-core-cut-27mm-12m\/\",\"url\":\"https:\/\/reginett.ee\/toode\/trimmijohv-husqvarna-core-cut-27mm-12m\/\",\"name\":\"Trimmij\u00f5hv Husqvarna Core Cut 2,7mm 12m. K\u00f5ige paremad j\u00f5hvid\",\"isPartOf\":{\"@id\":\"https:\/\/reginett.ee\/#website\"},\"primaryImageOfPage\":{\"@id\":\"https:\/\/reginett.ee\/toode\/trimmijohv-husqvarna-core-cut-27mm-12m\/#primaryimage\"},\"image\":{\"@id\":\"https:\/\/reginett.ee\/toode\/trimmijohv-husqvarna-core-cut-27mm-12m\/#primaryimage\"},\"thumbnailUrl\":\"https:\/\/reginett.ee\/wp-content\/uploads\/2021\/04\/Johv-Husqvarna-Core-Cut-scaled.jpg\",\"datePublished\":\"2021-04-25T06:18:03+00:00\",\"dateModified\":\"2023-02-06T15:13:58+00:00\",\"description\":\"Trimmij\u00f5hv Husqvarna Core Cut on viienurkse kujuga kahekihiline vastupidav trimmij\u00f5hv professionaalseks kasutuseks.\",\"breadcrumb\":{\"@id\":\"https:\/\/reginett.ee\/toode\/trimmijohv-husqvarna-core-cut-27mm-12m\/#breadcrumb\"},\"inLanguage\":\"ru-RU\",\"potentialAction\":[{\"@type\":\"ReadAction\",\"target\":[\"https:\/\/reginett.ee\/toode\/trimmijohv-husqvarna-core-cut-27mm-12m\/\"]}]},{\"@type\":\"ImageObject\",\"inLanguage\":\"ru-RU\",\"@id\":\"https:\/\/reginett.ee\/toode\/trimmijohv-husqvarna-core-cut-27mm-12m\/#primaryimage\",\"url\":\"https:\/\/reginett.ee\/wp-content\/uploads\/2021\/04\/Johv-Husqvarna-Core-Cut-scaled.jpg\",\"contentUrl\":\"https:\/\/reginett.ee\/wp-content\/uploads\/2021\/04\/Johv-Husqvarna-Core-Cut-scaled.jpg\",\"width\":2560,\"height\":1573,\"caption\":\"Trimmij\u00f5hv Core Cut\"},{\"@type\":\"BreadcrumbList\",\"@id\":\"https:\/\/reginett.ee\/toode\/trimmijohv-husqvarna-core-cut-27mm-12m\/#breadcrumb\",\"itemListElement\":[{\"@type\":\"ListItem\",\"position\":1,\"name\":\"Home\",\"item\":\"https:\/\/reginett.ee\/ru\/\"},{\"@type\":\"ListItem\",\"position\":2,\"name\":\"Tooted\",\"item\":\"https:\/\/reginett.ee\/tooted\/\"},{\"@type\":\"ListItem\",\"position\":3,\"name\":\"Trimmij\u00f5hv Husqvarna Core Cut 2,7mm 12m\"}]},{\"@type\":\"WebSite\",\"@id\":\"https:\/\/reginett.ee\/#website\",\"url\":\"https:\/\/reginett.ee\/\",\"name\":\"Reginett\",\"description\":\"Parimad robotniidukid\",\"potentialAction\":[{\"@type\":\"SearchAction\",\"target\":{\"@type\":\"EntryPoint\",\"urlTemplate\":\"https:\/\/reginett.ee\/?s={search_term_string}\"},\"query-input\":{\"@type\":\"PropertyValueSpecification\",\"valueRequired\":true,\"valueName\":\"search_term_string\"}}],\"inLanguage\":\"ru-RU\"}]}<\/script>\n<!-- \/ Yoast SEO plugin. -->","yoast_head_json":{"title":"Trimmij\u00f5hv Husqvarna Core Cut 2,7mm 12m. K\u00f5ige paremad j\u00f5hvid","description":"Trimmij\u00f5hv Husqvarna Core Cut on viienurkse kujuga kahekihiline vastupidav trimmij\u00f5hv professionaalseks kasutuseks.","robots":{"index":"index","follow":"follow","max-snippet":"max-snippet:-1","max-image-preview":"max-image-preview:large","max-video-preview":"max-video-preview:-1"},"canonical":"https:\/\/reginett.ee\/toode\/trimmijohv-husqvarna-core-cut-27mm-12m\/","og_locale":"ru_RU","og_type":"article","og_title":"Trimmij\u00f5hv Husqvarna Core Cut 2,7mm 12m. K\u00f5ige paremad j\u00f5hvid","og_description":"Trimmij\u00f5hv Husqvarna Core Cut on viienurkse kujuga kahekihiline vastupidav trimmij\u00f5hv professionaalseks kasutuseks.","og_url":"https:\/\/reginett.ee\/toode\/trimmijohv-husqvarna-core-cut-27mm-12m\/","og_site_name":"Reginett","article_modified_time":"2023-02-06T15:13:58+00:00","og_image":[{"width":2560,"height":1573,"url":"https:\/\/reginett.ee\/wp-content\/uploads\/2021\/04\/Johv-Husqvarna-Core-Cut-scaled.jpg","type":"image\/jpeg"}],"twitter_card":"summary_large_image","twitter_misc":{"\u041f\u0440\u0438\u043c\u0435\u0440\u043d\u043e\u0435 \u0432\u0440\u0435\u043c\u044f \u0434\u043b\u044f \u0447\u0442\u0435\u043d\u0438\u044f":"1 \u043c\u0438\u043d\u0443\u0442\u0430"},"schema":{"@context":"https:\/\/schema.org","@graph":[{"@type":"WebPage","@id":"https:\/\/reginett.ee\/toode\/trimmijohv-husqvarna-core-cut-27mm-12m\/","url":"https:\/\/reginett.ee\/toode\/trimmijohv-husqvarna-core-cut-27mm-12m\/","name":"Trimmij\u00f5hv Husqvarna Core Cut 2,7mm 12m. K\u00f5ige paremad j\u00f5hvid","isPartOf":{"@id":"https:\/\/reginett.ee\/#website"},"primaryImageOfPage":{"@id":"https:\/\/reginett.ee\/toode\/trimmijohv-husqvarna-core-cut-27mm-12m\/#primaryimage"},"image":{"@id":"https:\/\/reginett.ee\/toode\/trimmijohv-husqvarna-core-cut-27mm-12m\/#primaryimage"},"thumbnailUrl":"https:\/\/reginett.ee\/wp-content\/uploads\/2021\/04\/Johv-Husqvarna-Core-Cut-scaled.jpg","datePublished":"2021-04-25T06:18:03+00:00","dateModified":"2023-02-06T15:13:58+00:00","description":"Trimmij\u00f5hv Husqvarna Core Cut on viienurkse kujuga kahekihiline vastupidav trimmij\u00f5hv professionaalseks kasutuseks.","breadcrumb":{"@id":"https:\/\/reginett.ee\/toode\/trimmijohv-husqvarna-core-cut-27mm-12m\/#breadcrumb"},"inLanguage":"ru-RU","potentialAction":[{"@type":"ReadAction","target":["https:\/\/reginett.ee\/toode\/trimmijohv-husqvarna-core-cut-27mm-12m\/"]}]},{"@type":"ImageObject","inLanguage":"ru-RU","@id":"https:\/\/reginett.ee\/toode\/trimmijohv-husqvarna-core-cut-27mm-12m\/#primaryimage","url":"https:\/\/reginett.ee\/wp-content\/uploads\/2021\/04\/Johv-Husqvarna-Core-Cut-scaled.jpg","contentUrl":"https:\/\/reginett.ee\/wp-content\/uploads\/2021\/04\/Johv-Husqvarna-Core-Cut-scaled.jpg","width":2560,"height":1573,"caption":"Trimmij\u00f5hv Core Cut"},{"@type":"BreadcrumbList","@id":"https:\/\/reginett.ee\/toode\/trimmijohv-husqvarna-core-cut-27mm-12m\/#breadcrumb","itemListElement":[{"@type":"ListItem","position":1,"name":"Home","item":"https:\/\/reginett.ee\/ru\/"},{"@type":"ListItem","position":2,"name":"Tooted","item":"https:\/\/reginett.ee\/tooted\/"},{"@type":"ListItem","position":3,"name":"Trimmij\u00f5hv Husqvarna Core Cut 2,7mm 12m"}]},{"@type":"WebSite","@id":"https:\/\/reginett.ee\/#website","url":"https:\/\/reginett.ee\/","name":"Reginett","description":"Parimad robotniidukid","potentialAction":[{"@type":"SearchAction","target":{"@type":"EntryPoint","urlTemplate":"https:\/\/reginett.ee\/?s={search_term_string}"},"query-input":{"@type":"PropertyValueSpecification","valueRequired":true,"valueName":"search_term_string"}}],"inLanguage":"ru-RU"}]}},"brands":[],"_links":{"self":[{"href":"https:\/\/reginett.ee\/ru\/wp-json\/wp\/v2\/product\/54346","targetHints":{"allow":["GET"]}}],"collection":[{"href":"https:\/\/reginett.ee\/ru\/wp-json\/wp\/v2\/product"}],"about":[{"href":"https:\/\/reginett.ee\/ru\/wp-json\/wp\/v2\/types\/product"}],"replies":[{"embeddable":true,"href":"https:\/\/reginett.ee\/ru\/wp-json\/wp\/v2\/comments?post=54346"}],"wp:featuredmedia":[{"embeddable":true,"href":"https:\/\/reginett.ee\/ru\/wp-json\/wp\/v2\/media\/54341"}],"wp:attachment":[{"href":"https:\/\/reginett.ee\/ru\/wp-json\/wp\/v2\/media?parent=54346"}],"wp:term":[{"taxonomy":"pwb-brand","embeddable":true,"href":"https:\/\/reginett.ee\/ru\/wp-json\/wp\/v2\/pwb-brand?post=54346"},{"taxonomy":"product_brand","embeddable":true,"href":"https:\/\/reginett.ee\/ru\/wp-json\/wp\/v2\/product_brand?post=54346"},{"taxonomy":"product_cat","embeddable":true,"href":"https:\/\/reginett.ee\/ru\/wp-json\/wp\/v2\/product_cat?post=54346"},{"taxonomy":"product_tag","embeddable":true,"href":"https:\/\/reginett.ee\/ru\/wp-json\/wp\/v2\/product_tag?post=54346"}],"curies":[{"name":"wp","href":"https:\/\/api.w.org\/{rel}","templated":true}]}}