{"id":54290,"date":"2025-06-17T07:13:24","date_gmt":"2025-06-17T04:13:24","guid":{"rendered":"https:\/\/reginett.ee\/?post_type=product&#038;p=54290"},"modified":"2025-06-20T13:47:01","modified_gmt":"2025-06-20T10:47:01","slug":"saasepeletaja-thermacell-mr300","status":"publish","type":"product","link":"https:\/\/reginett.ee\/ru\/toode\/saasepeletaja-thermacell-mr300\/","title":{"rendered":"S\u00e4\u00e4sepeletaja Thermacell MR300"},"content":{"rendered":"<p class=\"p1\"><strong>Parim s\u00e4\u00e4sepeletaja<\/strong> on kaasaskantav <strong>Thermacell MR300,<\/strong> mis t\u00f5rjub s\u00e4\u00e4ski t\u00f5husalt, tekitades enda \u00fcmber 21 m\u00b2 suuruse s\u00e4\u00e4sekaitsev\u00f6\u00f6ndi.\u00a0 S\u00e4\u00e4sepeletaja MR300 saab v\u00f5tta kaasa peaaegu k\u00f5ikjale, et t\u00fc\u00fctuid s\u00e4\u00e4ski eemale peletada, peatades nad enne, kui nad teid hammustama v\u00f5i h\u00e4irima j\u00f5uavad tulla. Kaasaskantav MR300 on Thermacelli uusim efektiivne s\u00e4\u00e4sepeletaja, mida on t\u00e4iustatud uute funktsioonidega.<\/p>\n<ul>\n<li>Uued funktsioonid Vaikne s\u00fc\u00fcde, uue kujundusega rest ja l\u00fcliti, parem ergonoomika ning v\u00f6\u00f6 k\u00fclge kinnitamise s\u00fcsteem<\/li>\n<li>Ideaalne s\u00e4\u00e4skede t\u00f5rjumiseks nii aias-hoovis kui ka metsikus looduses<\/li>\n<li>Kaasaskantav ja kerge s\u00e4\u00e4set\u00f5rje<\/li>\n<li>Ei mingeid pihusteid ega segadust. L\u00f5hnatu ega sisalda DEET-i.<\/li>\n<li>Ei mingit avatud leeki ega suitsevaid k\u00fc\u00fcnlaid<\/li>\n<\/ul>\n","protected":false},"excerpt":{"rendered":"<p>Parim s\u00e4\u00e4sepeletaja on kaasaskantav Thermacell MR300, mis t\u00f5rjub s\u00e4\u00e4ski t\u00f5husalt, tekitades enda \u00fcmber 21 m\u00b2 suuruse s\u00e4\u00e4sekaitsev\u00f6\u00f6ndi.<\/p>\n","protected":false},"featured_media":54297,"comment_status":"open","ping_status":"closed","template":"","meta":{"_acf_changed":false,"_et_pb_use_builder":"","_et_pb_old_content":"","_et_gb_content_width":"","inline_featured_image":false},"pwb-brand":[],"product_brand":[],"product_cat":[134,231,27],"product_tag":[286,287],"class_list":{"0":"post-54290","1":"product","2":"type-product","3":"status-publish","4":"has-post-thumbnail","6":"product_cat-eripakkumised","7":"product_cat-kingiideed","8":"product_cat-tooriistad-ja-tarvikud","9":"product_tag-saasepeletaja","10":"product_tag-saasetorje","12":"first","13":"instock","14":"sale","15":"shipping-taxable","16":"purchasable","17":"product-type-simple"},"acf":[],"yoast_head":"<!-- This site is optimized with the Yoast SEO plugin v26.6 - https:\/\/yoast.com\/wordpress\/plugins\/seo\/ -->\n<title>S\u00e4\u00e4sepeletaja Thermacell MR300. Parim s\u00e4\u00e4sepeleti Reginetist<\/title>\n<meta name=\"description\" content=\"Parim s\u00e4\u00e4sepeletaja on kaasaskantav Thermacelli MR300, mis t\u00f5rjub s\u00e4\u00e4ski t\u00f5husalt, tekitades enda \u00fcmber 21 m\u00b2 suuruse s\u00e4\u00e4sekaitsev\u00f6\u00f6ndi.\u00a0\" \/>\n<meta name=\"robots\" content=\"index, follow, max-snippet:-1, max-image-preview:large, max-video-preview:-1\" \/>\n<link rel=\"canonical\" href=\"https:\/\/reginett.ee\/toode\/saasepeletaja-thermacell-mr300\/\" \/>\n<meta property=\"og:locale\" content=\"ru_RU\" \/>\n<meta property=\"og:type\" content=\"article\" \/>\n<meta property=\"og:title\" content=\"S\u00e4\u00e4sepeletaja Thermacell MR300. Parim s\u00e4\u00e4sepeleti Reginetist\" \/>\n<meta property=\"og:description\" content=\"Parim s\u00e4\u00e4sepeletaja on kaasaskantav Thermacelli MR300, mis t\u00f5rjub s\u00e4\u00e4ski t\u00f5husalt, tekitades enda \u00fcmber 21 m\u00b2 suuruse s\u00e4\u00e4sekaitsev\u00f6\u00f6ndi.\u00a0\" \/>\n<meta property=\"og:url\" content=\"https:\/\/reginett.ee\/toode\/saasepeletaja-thermacell-mr300\/\" \/>\n<meta property=\"og:site_name\" content=\"Reginett\" \/>\n<meta property=\"article:modified_time\" content=\"2025-06-20T10:47:01+00:00\" \/>\n<meta property=\"og:image\" content=\"https:\/\/reginett.ee\/wp-content\/uploads\/2021\/04\/Saasepeletaja-Thermacell-uus-Reginett.jpg\" \/>\n\t<meta property=\"og:image:width\" content=\"1120\" \/>\n\t<meta property=\"og:image:height\" content=\"800\" \/>\n\t<meta property=\"og:image:type\" content=\"image\/jpeg\" \/>\n<meta name=\"twitter:card\" content=\"summary_large_image\" \/>\n<meta name=\"twitter:label1\" content=\"\u041f\u0440\u0438\u043c\u0435\u0440\u043d\u043e\u0435 \u0432\u0440\u0435\u043c\u044f \u0434\u043b\u044f \u0447\u0442\u0435\u043d\u0438\u044f\" \/>\n\t<meta name=\"twitter:data1\" content=\"1 \u043c\u0438\u043d\u0443\u0442\u0430\" \/>\n<script type=\"application\/ld+json\" class=\"yoast-schema-graph\">{\"@context\":\"https:\/\/schema.org\",\"@graph\":[{\"@type\":\"WebPage\",\"@id\":\"https:\/\/reginett.ee\/toode\/saasepeletaja-thermacell-mr300\/\",\"url\":\"https:\/\/reginett.ee\/toode\/saasepeletaja-thermacell-mr300\/\",\"name\":\"S\u00e4\u00e4sepeletaja Thermacell MR300. Parim s\u00e4\u00e4sepeleti Reginetist\",\"isPartOf\":{\"@id\":\"https:\/\/reginett.ee\/#website\"},\"primaryImageOfPage\":{\"@id\":\"https:\/\/reginett.ee\/toode\/saasepeletaja-thermacell-mr300\/#primaryimage\"},\"image\":{\"@id\":\"https:\/\/reginett.ee\/toode\/saasepeletaja-thermacell-mr300\/#primaryimage\"},\"thumbnailUrl\":\"https:\/\/reginett.ee\/wp-content\/uploads\/2021\/04\/Saasepeletaja-Thermacell-uus-Reginett.jpg\",\"datePublished\":\"2025-06-17T04:13:24+00:00\",\"dateModified\":\"2025-06-20T10:47:01+00:00\",\"description\":\"Parim s\u00e4\u00e4sepeletaja on kaasaskantav Thermacelli MR300, mis t\u00f5rjub s\u00e4\u00e4ski t\u00f5husalt, tekitades enda \u00fcmber 21 m\u00b2 suuruse s\u00e4\u00e4sekaitsev\u00f6\u00f6ndi.\u00a0\",\"breadcrumb\":{\"@id\":\"https:\/\/reginett.ee\/toode\/saasepeletaja-thermacell-mr300\/#breadcrumb\"},\"inLanguage\":\"ru-RU\",\"potentialAction\":[{\"@type\":\"ReadAction\",\"target\":[\"https:\/\/reginett.ee\/toode\/saasepeletaja-thermacell-mr300\/\"]}]},{\"@type\":\"ImageObject\",\"inLanguage\":\"ru-RU\",\"@id\":\"https:\/\/reginett.ee\/toode\/saasepeletaja-thermacell-mr300\/#primaryimage\",\"url\":\"https:\/\/reginett.ee\/wp-content\/uploads\/2021\/04\/Saasepeletaja-Thermacell-uus-Reginett.jpg\",\"contentUrl\":\"https:\/\/reginett.ee\/wp-content\/uploads\/2021\/04\/Saasepeletaja-Thermacell-uus-Reginett.jpg\",\"width\":1120,\"height\":800,\"caption\":\"s\u00e4\u00e4sepeletaja Thermacell\"},{\"@type\":\"BreadcrumbList\",\"@id\":\"https:\/\/reginett.ee\/toode\/saasepeletaja-thermacell-mr300\/#breadcrumb\",\"itemListElement\":[{\"@type\":\"ListItem\",\"position\":1,\"name\":\"Home\",\"item\":\"https:\/\/reginett.ee\/ru\/\"},{\"@type\":\"ListItem\",\"position\":2,\"name\":\"Tooted\",\"item\":\"https:\/\/reginett.ee\/tooted\/\"},{\"@type\":\"ListItem\",\"position\":3,\"name\":\"S\u00e4\u00e4sepeletaja Thermacell MR300\"}]},{\"@type\":\"WebSite\",\"@id\":\"https:\/\/reginett.ee\/#website\",\"url\":\"https:\/\/reginett.ee\/\",\"name\":\"Reginett\",\"description\":\"Parimad robotniidukid\",\"potentialAction\":[{\"@type\":\"SearchAction\",\"target\":{\"@type\":\"EntryPoint\",\"urlTemplate\":\"https:\/\/reginett.ee\/?s={search_term_string}\"},\"query-input\":{\"@type\":\"PropertyValueSpecification\",\"valueRequired\":true,\"valueName\":\"search_term_string\"}}],\"inLanguage\":\"ru-RU\"}]}<\/script>\n<!-- \/ Yoast SEO plugin. -->","yoast_head_json":{"title":"S\u00e4\u00e4sepeletaja Thermacell MR300. Parim s\u00e4\u00e4sepeleti Reginetist","description":"Parim s\u00e4\u00e4sepeletaja on kaasaskantav Thermacelli MR300, mis t\u00f5rjub s\u00e4\u00e4ski t\u00f5husalt, tekitades enda \u00fcmber 21 m\u00b2 suuruse s\u00e4\u00e4sekaitsev\u00f6\u00f6ndi.\u00a0","robots":{"index":"index","follow":"follow","max-snippet":"max-snippet:-1","max-image-preview":"max-image-preview:large","max-video-preview":"max-video-preview:-1"},"canonical":"https:\/\/reginett.ee\/toode\/saasepeletaja-thermacell-mr300\/","og_locale":"ru_RU","og_type":"article","og_title":"S\u00e4\u00e4sepeletaja Thermacell MR300. Parim s\u00e4\u00e4sepeleti Reginetist","og_description":"Parim s\u00e4\u00e4sepeletaja on kaasaskantav Thermacelli MR300, mis t\u00f5rjub s\u00e4\u00e4ski t\u00f5husalt, tekitades enda \u00fcmber 21 m\u00b2 suuruse s\u00e4\u00e4sekaitsev\u00f6\u00f6ndi.\u00a0","og_url":"https:\/\/reginett.ee\/toode\/saasepeletaja-thermacell-mr300\/","og_site_name":"Reginett","article_modified_time":"2025-06-20T10:47:01+00:00","og_image":[{"width":1120,"height":800,"url":"https:\/\/reginett.ee\/wp-content\/uploads\/2021\/04\/Saasepeletaja-Thermacell-uus-Reginett.jpg","type":"image\/jpeg"}],"twitter_card":"summary_large_image","twitter_misc":{"\u041f\u0440\u0438\u043c\u0435\u0440\u043d\u043e\u0435 \u0432\u0440\u0435\u043c\u044f \u0434\u043b\u044f \u0447\u0442\u0435\u043d\u0438\u044f":"1 \u043c\u0438\u043d\u0443\u0442\u0430"},"schema":{"@context":"https:\/\/schema.org","@graph":[{"@type":"WebPage","@id":"https:\/\/reginett.ee\/toode\/saasepeletaja-thermacell-mr300\/","url":"https:\/\/reginett.ee\/toode\/saasepeletaja-thermacell-mr300\/","name":"S\u00e4\u00e4sepeletaja Thermacell MR300. Parim s\u00e4\u00e4sepeleti Reginetist","isPartOf":{"@id":"https:\/\/reginett.ee\/#website"},"primaryImageOfPage":{"@id":"https:\/\/reginett.ee\/toode\/saasepeletaja-thermacell-mr300\/#primaryimage"},"image":{"@id":"https:\/\/reginett.ee\/toode\/saasepeletaja-thermacell-mr300\/#primaryimage"},"thumbnailUrl":"https:\/\/reginett.ee\/wp-content\/uploads\/2021\/04\/Saasepeletaja-Thermacell-uus-Reginett.jpg","datePublished":"2025-06-17T04:13:24+00:00","dateModified":"2025-06-20T10:47:01+00:00","description":"Parim s\u00e4\u00e4sepeletaja on kaasaskantav Thermacelli MR300, mis t\u00f5rjub s\u00e4\u00e4ski t\u00f5husalt, tekitades enda \u00fcmber 21 m\u00b2 suuruse s\u00e4\u00e4sekaitsev\u00f6\u00f6ndi.\u00a0","breadcrumb":{"@id":"https:\/\/reginett.ee\/toode\/saasepeletaja-thermacell-mr300\/#breadcrumb"},"inLanguage":"ru-RU","potentialAction":[{"@type":"ReadAction","target":["https:\/\/reginett.ee\/toode\/saasepeletaja-thermacell-mr300\/"]}]},{"@type":"ImageObject","inLanguage":"ru-RU","@id":"https:\/\/reginett.ee\/toode\/saasepeletaja-thermacell-mr300\/#primaryimage","url":"https:\/\/reginett.ee\/wp-content\/uploads\/2021\/04\/Saasepeletaja-Thermacell-uus-Reginett.jpg","contentUrl":"https:\/\/reginett.ee\/wp-content\/uploads\/2021\/04\/Saasepeletaja-Thermacell-uus-Reginett.jpg","width":1120,"height":800,"caption":"s\u00e4\u00e4sepeletaja Thermacell"},{"@type":"BreadcrumbList","@id":"https:\/\/reginett.ee\/toode\/saasepeletaja-thermacell-mr300\/#breadcrumb","itemListElement":[{"@type":"ListItem","position":1,"name":"Home","item":"https:\/\/reginett.ee\/ru\/"},{"@type":"ListItem","position":2,"name":"Tooted","item":"https:\/\/reginett.ee\/tooted\/"},{"@type":"ListItem","position":3,"name":"S\u00e4\u00e4sepeletaja Thermacell MR300"}]},{"@type":"WebSite","@id":"https:\/\/reginett.ee\/#website","url":"https:\/\/reginett.ee\/","name":"Reginett","description":"Parimad robotniidukid","potentialAction":[{"@type":"SearchAction","target":{"@type":"EntryPoint","urlTemplate":"https:\/\/reginett.ee\/?s={search_term_string}"},"query-input":{"@type":"PropertyValueSpecification","valueRequired":true,"valueName":"search_term_string"}}],"inLanguage":"ru-RU"}]}},"brands":[],"_links":{"self":[{"href":"https:\/\/reginett.ee\/ru\/wp-json\/wp\/v2\/product\/54290","targetHints":{"allow":["GET"]}}],"collection":[{"href":"https:\/\/reginett.ee\/ru\/wp-json\/wp\/v2\/product"}],"about":[{"href":"https:\/\/reginett.ee\/ru\/wp-json\/wp\/v2\/types\/product"}],"replies":[{"embeddable":true,"href":"https:\/\/reginett.ee\/ru\/wp-json\/wp\/v2\/comments?post=54290"}],"wp:featuredmedia":[{"embeddable":true,"href":"https:\/\/reginett.ee\/ru\/wp-json\/wp\/v2\/media\/54297"}],"wp:attachment":[{"href":"https:\/\/reginett.ee\/ru\/wp-json\/wp\/v2\/media?parent=54290"}],"wp:term":[{"taxonomy":"pwb-brand","embeddable":true,"href":"https:\/\/reginett.ee\/ru\/wp-json\/wp\/v2\/pwb-brand?post=54290"},{"taxonomy":"product_brand","embeddable":true,"href":"https:\/\/reginett.ee\/ru\/wp-json\/wp\/v2\/product_brand?post=54290"},{"taxonomy":"product_cat","embeddable":true,"href":"https:\/\/reginett.ee\/ru\/wp-json\/wp\/v2\/product_cat?post=54290"},{"taxonomy":"product_tag","embeddable":true,"href":"https:\/\/reginett.ee\/ru\/wp-json\/wp\/v2\/product_tag?post=54290"}],"curies":[{"name":"wp","href":"https:\/\/api.w.org\/{rel}","templated":true}]}}