{"id":54281,"date":"2022-05-15T07:13:46","date_gmt":"2022-05-15T04:13:46","guid":{"rendered":"https:\/\/reginett.ee\/?post_type=product&#038;p=54281"},"modified":"2023-03-17T17:28:43","modified_gmt":"2023-03-17T14:28:43","slug":"robotniiduki-kaabliparanduskomplekt","status":"publish","type":"product","link":"https:\/\/reginett.ee\/ru\/toode\/robotniiduki-kaabliparanduskomplekt\/","title":{"rendered":"Robotniiduki kaabliparanduskomplekt"},"content":{"rendered":"<p>Robotniiduki <strong>kaabliparanduskomplekt<\/strong> sisaldab 5m piirdekaablit, 10tk kaablivaia, 6tk j\u00e4tkuklemmi ja 3tk \u00fchendusklemmi (laadimisjaama k\u00fclge).<\/p>\n<p>Lihtne ja k\u00e4ep\u00e4rane paranduskomplekt.<\/p>\n","protected":false},"excerpt":{"rendered":"<p>Robotniiduki <strong>kaabliparanduskomplekt<\/strong> sisaldab 5m piirdekaablit, 10tk kaabliavaia, 6tk j\u00e4tkuklemmi ja 3tk \u00fchendusklemmi (laadimisjaama k\u00fclge).<\/p>\n<p>Lihtne ja k\u00e4ep\u00e4rane paranduskomplekt.<\/p>\n","protected":false},"featured_media":54282,"comment_status":"open","ping_status":"closed","template":"","meta":{"_acf_changed":false,"_et_pb_use_builder":"","_et_pb_old_content":"","_et_gb_content_width":"","inline_featured_image":false},"pwb-brand":[],"product_brand":[],"product_cat":[134,120,27],"product_tag":[],"class_list":{"0":"post-54281","1":"product","2":"type-product","3":"status-publish","4":"has-post-thumbnail","6":"product_cat-eripakkumised","7":"product_cat-robotniidukite-lisatarvikud","8":"product_cat-tooriistad-ja-tarvikud","10":"first","11":"instock","12":"sale","13":"shipping-taxable","14":"purchasable","15":"product-type-simple"},"acf":[],"yoast_head":"<!-- This site is optimized with the Yoast SEO plugin v26.6 - https:\/\/yoast.com\/wordpress\/plugins\/seo\/ -->\n<title>Robotniiduki kaabliparanduskomplekt. Mururoboti tarvikud Reginetist<\/title>\n<meta name=\"description\" content=\"Robotniiduki kaabliparanduskomplekt sisaldab 5m piirdekaablit, 10tk kaabliavaia, 6tk j\u00e4tkuklemmi ja 3tk \u00fchendusklemmi (laadimisjaama k\u00fclge)\" \/>\n<meta name=\"robots\" content=\"index, follow, max-snippet:-1, max-image-preview:large, max-video-preview:-1\" \/>\n<link rel=\"canonical\" href=\"https:\/\/reginett.ee\/ru\/toode\/robotniiduki-kaabliparanduskomplekt\/\" \/>\n<meta property=\"og:locale\" content=\"ru_RU\" \/>\n<meta property=\"og:type\" content=\"article\" \/>\n<meta property=\"og:title\" content=\"Robotniiduki kaabliparanduskomplekt. Mururoboti tarvikud Reginetist\" \/>\n<meta property=\"og:description\" content=\"Robotniiduki kaabliparanduskomplekt sisaldab 5m piirdekaablit, 10tk kaabliavaia, 6tk j\u00e4tkuklemmi ja 3tk \u00fchendusklemmi (laadimisjaama k\u00fclge)\" \/>\n<meta property=\"og:url\" content=\"https:\/\/reginett.ee\/ru\/toode\/robotniiduki-kaabliparanduskomplekt\/\" \/>\n<meta property=\"og:site_name\" content=\"Reginett\" \/>\n<meta property=\"article:modified_time\" content=\"2023-03-17T14:28:43+00:00\" \/>\n<meta property=\"og:image\" content=\"https:\/\/reginett.ee\/wp-content\/uploads\/2021\/04\/Piirdekaabli-paranduskomplekt.jpg\" \/>\n\t<meta property=\"og:image:width\" content=\"1000\" \/>\n\t<meta property=\"og:image:height\" content=\"1000\" \/>\n\t<meta property=\"og:image:type\" content=\"image\/jpeg\" \/>\n<meta name=\"twitter:card\" content=\"summary_large_image\" \/>\n<meta name=\"twitter:label1\" content=\"\u041f\u0440\u0438\u043c\u0435\u0440\u043d\u043e\u0435 \u0432\u0440\u0435\u043c\u044f \u0434\u043b\u044f \u0447\u0442\u0435\u043d\u0438\u044f\" \/>\n\t<meta name=\"twitter:data1\" content=\"1 \u043c\u0438\u043d\u0443\u0442\u0430\" \/>\n<script type=\"application\/ld+json\" class=\"yoast-schema-graph\">{\"@context\":\"https:\/\/schema.org\",\"@graph\":[{\"@type\":\"WebPage\",\"@id\":\"https:\/\/reginett.ee\/ru\/toode\/robotniiduki-kaabliparanduskomplekt\/\",\"url\":\"https:\/\/reginett.ee\/ru\/toode\/robotniiduki-kaabliparanduskomplekt\/\",\"name\":\"Robotniiduki kaabliparanduskomplekt. Mururoboti tarvikud Reginetist\",\"isPartOf\":{\"@id\":\"https:\/\/reginett.ee\/#website\"},\"primaryImageOfPage\":{\"@id\":\"https:\/\/reginett.ee\/ru\/toode\/robotniiduki-kaabliparanduskomplekt\/#primaryimage\"},\"image\":{\"@id\":\"https:\/\/reginett.ee\/ru\/toode\/robotniiduki-kaabliparanduskomplekt\/#primaryimage\"},\"thumbnailUrl\":\"https:\/\/reginett.ee\/wp-content\/uploads\/2021\/04\/Piirdekaabli-paranduskomplekt.jpg\",\"datePublished\":\"2022-05-15T04:13:46+00:00\",\"dateModified\":\"2023-03-17T14:28:43+00:00\",\"description\":\"Robotniiduki kaabliparanduskomplekt sisaldab 5m piirdekaablit, 10tk kaabliavaia, 6tk j\u00e4tkuklemmi ja 3tk \u00fchendusklemmi (laadimisjaama k\u00fclge)\",\"breadcrumb\":{\"@id\":\"https:\/\/reginett.ee\/ru\/toode\/robotniiduki-kaabliparanduskomplekt\/#breadcrumb\"},\"inLanguage\":\"ru-RU\",\"potentialAction\":[{\"@type\":\"ReadAction\",\"target\":[\"https:\/\/reginett.ee\/ru\/toode\/robotniiduki-kaabliparanduskomplekt\/\"]}]},{\"@type\":\"ImageObject\",\"inLanguage\":\"ru-RU\",\"@id\":\"https:\/\/reginett.ee\/ru\/toode\/robotniiduki-kaabliparanduskomplekt\/#primaryimage\",\"url\":\"https:\/\/reginett.ee\/wp-content\/uploads\/2021\/04\/Piirdekaabli-paranduskomplekt.jpg\",\"contentUrl\":\"https:\/\/reginett.ee\/wp-content\/uploads\/2021\/04\/Piirdekaabli-paranduskomplekt.jpg\",\"width\":1000,\"height\":1000,\"caption\":\"Piirdekaabli paranduskomplekt\"},{\"@type\":\"BreadcrumbList\",\"@id\":\"https:\/\/reginett.ee\/ru\/toode\/robotniiduki-kaabliparanduskomplekt\/#breadcrumb\",\"itemListElement\":[{\"@type\":\"ListItem\",\"position\":1,\"name\":\"Home\",\"item\":\"https:\/\/reginett.ee\/ru\/\"},{\"@type\":\"ListItem\",\"position\":2,\"name\":\"Tooted\",\"item\":\"https:\/\/reginett.ee\/tooted\/\"},{\"@type\":\"ListItem\",\"position\":3,\"name\":\"Robotniiduki kaabliparanduskomplekt\"}]},{\"@type\":\"WebSite\",\"@id\":\"https:\/\/reginett.ee\/#website\",\"url\":\"https:\/\/reginett.ee\/\",\"name\":\"Reginett\",\"description\":\"Parimad robotniidukid\",\"potentialAction\":[{\"@type\":\"SearchAction\",\"target\":{\"@type\":\"EntryPoint\",\"urlTemplate\":\"https:\/\/reginett.ee\/?s={search_term_string}\"},\"query-input\":{\"@type\":\"PropertyValueSpecification\",\"valueRequired\":true,\"valueName\":\"search_term_string\"}}],\"inLanguage\":\"ru-RU\"}]}<\/script>\n<!-- \/ Yoast SEO plugin. -->","yoast_head_json":{"title":"Robotniiduki kaabliparanduskomplekt. Mururoboti tarvikud Reginetist","description":"Robotniiduki kaabliparanduskomplekt sisaldab 5m piirdekaablit, 10tk kaabliavaia, 6tk j\u00e4tkuklemmi ja 3tk \u00fchendusklemmi (laadimisjaama k\u00fclge)","robots":{"index":"index","follow":"follow","max-snippet":"max-snippet:-1","max-image-preview":"max-image-preview:large","max-video-preview":"max-video-preview:-1"},"canonical":"https:\/\/reginett.ee\/ru\/toode\/robotniiduki-kaabliparanduskomplekt\/","og_locale":"ru_RU","og_type":"article","og_title":"Robotniiduki kaabliparanduskomplekt. Mururoboti tarvikud Reginetist","og_description":"Robotniiduki kaabliparanduskomplekt sisaldab 5m piirdekaablit, 10tk kaabliavaia, 6tk j\u00e4tkuklemmi ja 3tk \u00fchendusklemmi (laadimisjaama k\u00fclge)","og_url":"https:\/\/reginett.ee\/ru\/toode\/robotniiduki-kaabliparanduskomplekt\/","og_site_name":"Reginett","article_modified_time":"2023-03-17T14:28:43+00:00","og_image":[{"width":1000,"height":1000,"url":"https:\/\/reginett.ee\/wp-content\/uploads\/2021\/04\/Piirdekaabli-paranduskomplekt.jpg","type":"image\/jpeg"}],"twitter_card":"summary_large_image","twitter_misc":{"\u041f\u0440\u0438\u043c\u0435\u0440\u043d\u043e\u0435 \u0432\u0440\u0435\u043c\u044f \u0434\u043b\u044f \u0447\u0442\u0435\u043d\u0438\u044f":"1 \u043c\u0438\u043d\u0443\u0442\u0430"},"schema":{"@context":"https:\/\/schema.org","@graph":[{"@type":"WebPage","@id":"https:\/\/reginett.ee\/ru\/toode\/robotniiduki-kaabliparanduskomplekt\/","url":"https:\/\/reginett.ee\/ru\/toode\/robotniiduki-kaabliparanduskomplekt\/","name":"Robotniiduki kaabliparanduskomplekt. Mururoboti tarvikud Reginetist","isPartOf":{"@id":"https:\/\/reginett.ee\/#website"},"primaryImageOfPage":{"@id":"https:\/\/reginett.ee\/ru\/toode\/robotniiduki-kaabliparanduskomplekt\/#primaryimage"},"image":{"@id":"https:\/\/reginett.ee\/ru\/toode\/robotniiduki-kaabliparanduskomplekt\/#primaryimage"},"thumbnailUrl":"https:\/\/reginett.ee\/wp-content\/uploads\/2021\/04\/Piirdekaabli-paranduskomplekt.jpg","datePublished":"2022-05-15T04:13:46+00:00","dateModified":"2023-03-17T14:28:43+00:00","description":"Robotniiduki kaabliparanduskomplekt sisaldab 5m piirdekaablit, 10tk kaabliavaia, 6tk j\u00e4tkuklemmi ja 3tk \u00fchendusklemmi (laadimisjaama k\u00fclge)","breadcrumb":{"@id":"https:\/\/reginett.ee\/ru\/toode\/robotniiduki-kaabliparanduskomplekt\/#breadcrumb"},"inLanguage":"ru-RU","potentialAction":[{"@type":"ReadAction","target":["https:\/\/reginett.ee\/ru\/toode\/robotniiduki-kaabliparanduskomplekt\/"]}]},{"@type":"ImageObject","inLanguage":"ru-RU","@id":"https:\/\/reginett.ee\/ru\/toode\/robotniiduki-kaabliparanduskomplekt\/#primaryimage","url":"https:\/\/reginett.ee\/wp-content\/uploads\/2021\/04\/Piirdekaabli-paranduskomplekt.jpg","contentUrl":"https:\/\/reginett.ee\/wp-content\/uploads\/2021\/04\/Piirdekaabli-paranduskomplekt.jpg","width":1000,"height":1000,"caption":"Piirdekaabli paranduskomplekt"},{"@type":"BreadcrumbList","@id":"https:\/\/reginett.ee\/ru\/toode\/robotniiduki-kaabliparanduskomplekt\/#breadcrumb","itemListElement":[{"@type":"ListItem","position":1,"name":"Home","item":"https:\/\/reginett.ee\/ru\/"},{"@type":"ListItem","position":2,"name":"Tooted","item":"https:\/\/reginett.ee\/tooted\/"},{"@type":"ListItem","position":3,"name":"Robotniiduki kaabliparanduskomplekt"}]},{"@type":"WebSite","@id":"https:\/\/reginett.ee\/#website","url":"https:\/\/reginett.ee\/","name":"Reginett","description":"Parimad robotniidukid","potentialAction":[{"@type":"SearchAction","target":{"@type":"EntryPoint","urlTemplate":"https:\/\/reginett.ee\/?s={search_term_string}"},"query-input":{"@type":"PropertyValueSpecification","valueRequired":true,"valueName":"search_term_string"}}],"inLanguage":"ru-RU"}]}},"brands":[],"_links":{"self":[{"href":"https:\/\/reginett.ee\/ru\/wp-json\/wp\/v2\/product\/54281","targetHints":{"allow":["GET"]}}],"collection":[{"href":"https:\/\/reginett.ee\/ru\/wp-json\/wp\/v2\/product"}],"about":[{"href":"https:\/\/reginett.ee\/ru\/wp-json\/wp\/v2\/types\/product"}],"replies":[{"embeddable":true,"href":"https:\/\/reginett.ee\/ru\/wp-json\/wp\/v2\/comments?post=54281"}],"wp:featuredmedia":[{"embeddable":true,"href":"https:\/\/reginett.ee\/ru\/wp-json\/wp\/v2\/media\/54282"}],"wp:attachment":[{"href":"https:\/\/reginett.ee\/ru\/wp-json\/wp\/v2\/media?parent=54281"}],"wp:term":[{"taxonomy":"pwb-brand","embeddable":true,"href":"https:\/\/reginett.ee\/ru\/wp-json\/wp\/v2\/pwb-brand?post=54281"},{"taxonomy":"product_brand","embeddable":true,"href":"https:\/\/reginett.ee\/ru\/wp-json\/wp\/v2\/product_brand?post=54281"},{"taxonomy":"product_cat","embeddable":true,"href":"https:\/\/reginett.ee\/ru\/wp-json\/wp\/v2\/product_cat?post=54281"},{"taxonomy":"product_tag","embeddable":true,"href":"https:\/\/reginett.ee\/ru\/wp-json\/wp\/v2\/product_tag?post=54281"}],"curies":[{"name":"wp","href":"https:\/\/api.w.org\/{rel}","templated":true}]}}