{"id":54142,"date":"2021-04-07T19:19:34","date_gmt":"2021-04-07T16:19:34","guid":{"rendered":"https:\/\/reginett.ee\/?post_type=product&#038;p=54142"},"modified":"2025-07-02T09:25:28","modified_gmt":"2025-07-02T06:25:28","slug":"akuga-muruniiduk-husqvarna-lc353ivx","status":"publish","type":"product","link":"https:\/\/reginett.ee\/ru\/toode\/akuga-muruniiduk-husqvarna-lc353ivx\/","title":{"rendered":"Akuga muruniiduk Husqvarna LC353iVX"},"content":{"rendered":"<p>Husqvarna LC353iVX on akutoite ja laia l\u00f5ikeosaga muruniiduk <strong>kahe akupesaga<\/strong>, mis \u00fchilduvad k\u00f5igi Husqvarna akudega, tagamaks kasutusmugavuse, kulut\u00f5hususe ja pika talitlusaja. Vaikne, t\u00f5hus ning otseste heitmeteta t\u00f6\u00f6. Ergonoomilise disaini ja arusaadava klahvistikuga niiduki k\u00f5rgust on lihtne seadistada ning seda on h\u00f5lbus man\u00f6\u00f6verdada. Iseliikuvus h\u00f5lbustab keskmise suurusega muru niitmist. Husqvarna akuniidukite tippmudel pakub uskumatut t\u00f6\u00f6r\u00f5\u00f5mu!<\/p>\n<ul>\n<li>Aku ja laadija ei kuulu komplekti!<\/li>\n<\/ul>\n<p>Bluetooth-\u00fchenduvus v\u00f5imaldab kasutajatel n\u00e4ha toote andmeid ja teavet ning toodet t\u00f5husalt hooldada. Bluetooth \u00fchendus v\u00f5imaldab leida masinale sobivaid lisatarvikuid, saada \u00fclevaadet masina kasutusest ning j\u00e4lgida hooldusintervalle. BioClip\u00ae komplekt saadaval lisavarustusena.<\/p>\n<div class=\"col-sm-3 description\">\n<h3 class=\"h4 description-headline\">Muudetav kiirus<\/h3>\n<div class=\"description-text-wrapper\"><span class=\"description-text\">Iseliikuv niiduk, mille kiirust on v\u00f5imalik reguleerida. <\/span><\/div>\n<div>\n<div class=\"col-sm-3 description\">\n<h3 class=\"h4 description-headline\">Lihtsalt seadistatava k\u00e4epideme k\u00f5rgus<\/h3>\n<div class=\"description-text-wrapper\"><span class=\"description-text\">Lihtsalt seadistatav k\u00e4epideme k\u00f5rgus kahe erineva astme vahel. <\/span><\/div>\n<div><\/div>\n<h3>Kaks akupesa<\/h3>\n<div>Kaks akut annavad pika, katkematu talitlusaja ja t\u00f5husama niitmistulemuse<\/div>\n<div><\/div>\n<h3>Tsentraalne k\u00f5rguse reguleerimine<\/h3>\n<div>Kiire ja lihtne niiduk\u00f5rguse reguleerimine \u00fchest hoovast.<\/div>\n<div><\/div>\n<h3>Power Boost<\/h3>\n<div>Automaatne tera t\u00f6\u00f6kiiruse reguleerimine vastavalt muru tihedusele<\/div>\n<div><\/div>\n<h3>savE\u2122<\/h3>\n<div>Vali kas tavare\u017eiimi v\u00f5i s\u00e4\u00e4sture\u017eiimi savE\u2122 vahel,olenevalt t\u00f6\u00f6tingimustest, kas masimaalse v\u00f5imsuse v\u00f5i pikema t\u00f6\u00f6aja saavutamiseks. T\u00e4iuslik tulemus m\u00f5lema re\u017eiimi puhul.<\/div>\n<\/div>\n<\/div>\n<\/div>\n","protected":false},"excerpt":{"rendered":"<p>Husqvarna LC353iVX on akutoite ja laia l\u00f5ikeosaga muruniiduk kahe akupesaga, mis \u00fchilduvad k\u00f5igi Husqvarna akudega, tagamaks kasutusmugavuse, kulut\u00f5hususe ja pika talitlusaja. Vaikne, t\u00f5hus ning otseste heitmeteta t\u00f6\u00f6. Ergonoomilise disaini ja arusaadava klahvistikuga niiduki k\u00f5rgust on lihtne seadistada ning seda on h\u00f5lbus man\u00f6\u00f6verdada. Iseliikuvus h\u00f5lbustab keskmise suurusega muru niitmist. Husqvarna akuniidukite tippmudel pakub uskumatut t\u00f6\u00f6r\u00f5\u00f5mu!<\/p>\n<ul>\n<li>Aku ja laadija ei kuulu komplekti!<\/li>\n<\/ul>\n","protected":false},"featured_media":54143,"comment_status":"open","ping_status":"closed","template":"","meta":{"_acf_changed":false,"_et_pb_use_builder":"","_et_pb_old_content":"","_et_gb_content_width":"","inline_featured_image":false},"pwb-brand":[],"product_brand":[],"product_cat":[48,37,25],"product_tag":[140,90,113],"class_list":{"0":"post-54142","1":"product","2":"type-product","3":"status-publish","4":"has-post-thumbnail","6":"product_cat-akutooted","7":"product_cat-husqvarna","8":"product_cat-muruniidukid","9":"product_tag-akuga-muruniiduk","10":"product_tag-akuniiduk","11":"product_tag-muruniiduk","12":"product_shipping_class-soodsam-kuller-15-eur","14":"first","15":"instock","16":"shipping-taxable","17":"purchasable","18":"product-type-simple"},"acf":[],"yoast_head":"<!-- This site is optimized with the Yoast SEO plugin v26.6 - https:\/\/yoast.com\/wordpress\/plugins\/seo\/ -->\n<title>Akuga muruniiduk Husqvarna LC353iVX. Husqvarna akumasinad Reginett<\/title>\n<meta name=\"description\" content=\"Husqvarna LC353iVX on akutoite ja laia l\u00f5ikeosaga muruniiduk kahe akupesaga, mis \u00fchilduvad k\u00f5igi Husqvarna akudega, tagamaks kasutusmugavuse\" \/>\n<meta name=\"robots\" content=\"index, follow, max-snippet:-1, max-image-preview:large, max-video-preview:-1\" \/>\n<link rel=\"canonical\" href=\"https:\/\/reginett.ee\/toode\/akuga-muruniiduk-husqvarna-lc353ivx\/\" \/>\n<meta property=\"og:locale\" content=\"ru_RU\" \/>\n<meta property=\"og:type\" content=\"article\" \/>\n<meta property=\"og:title\" content=\"Akuga muruniiduk Husqvarna LC353iVX. Husqvarna akumasinad Reginett\" \/>\n<meta property=\"og:description\" content=\"Husqvarna LC353iVX on akutoite ja laia l\u00f5ikeosaga muruniiduk kahe akupesaga, mis \u00fchilduvad k\u00f5igi Husqvarna akudega, tagamaks kasutusmugavuse\" \/>\n<meta property=\"og:url\" content=\"https:\/\/reginett.ee\/toode\/akuga-muruniiduk-husqvarna-lc353ivx\/\" \/>\n<meta property=\"og:site_name\" content=\"Reginett\" \/>\n<meta property=\"article:modified_time\" content=\"2025-07-02T06:25:28+00:00\" \/>\n<meta property=\"og:image\" content=\"https:\/\/reginett.ee\/wp-content\/uploads\/2021\/04\/Husqvarna-LC353iVX-niiduk.jpg\" \/>\n\t<meta property=\"og:image:width\" content=\"680\" \/>\n\t<meta property=\"og:image:height\" content=\"372\" \/>\n\t<meta property=\"og:image:type\" content=\"image\/jpeg\" \/>\n<meta name=\"twitter:card\" content=\"summary_large_image\" \/>\n<meta name=\"twitter:label1\" content=\"\u041f\u0440\u0438\u043c\u0435\u0440\u043d\u043e\u0435 \u0432\u0440\u0435\u043c\u044f \u0434\u043b\u044f \u0447\u0442\u0435\u043d\u0438\u044f\" \/>\n\t<meta name=\"twitter:data1\" content=\"1 \u043c\u0438\u043d\u0443\u0442\u0430\" \/>\n<script type=\"application\/ld+json\" class=\"yoast-schema-graph\">{\"@context\":\"https:\/\/schema.org\",\"@graph\":[{\"@type\":\"WebPage\",\"@id\":\"https:\/\/reginett.ee\/toode\/akuga-muruniiduk-husqvarna-lc353ivx\/\",\"url\":\"https:\/\/reginett.ee\/toode\/akuga-muruniiduk-husqvarna-lc353ivx\/\",\"name\":\"Akuga muruniiduk Husqvarna LC353iVX. Husqvarna akumasinad Reginett\",\"isPartOf\":{\"@id\":\"https:\/\/reginett.ee\/#website\"},\"primaryImageOfPage\":{\"@id\":\"https:\/\/reginett.ee\/toode\/akuga-muruniiduk-husqvarna-lc353ivx\/#primaryimage\"},\"image\":{\"@id\":\"https:\/\/reginett.ee\/toode\/akuga-muruniiduk-husqvarna-lc353ivx\/#primaryimage\"},\"thumbnailUrl\":\"https:\/\/reginett.ee\/wp-content\/uploads\/2021\/04\/Husqvarna-LC353iVX-niiduk.jpg\",\"datePublished\":\"2021-04-07T16:19:34+00:00\",\"dateModified\":\"2025-07-02T06:25:28+00:00\",\"description\":\"Husqvarna LC353iVX on akutoite ja laia l\u00f5ikeosaga muruniiduk kahe akupesaga, mis \u00fchilduvad k\u00f5igi Husqvarna akudega, tagamaks kasutusmugavuse\",\"breadcrumb\":{\"@id\":\"https:\/\/reginett.ee\/toode\/akuga-muruniiduk-husqvarna-lc353ivx\/#breadcrumb\"},\"inLanguage\":\"ru-RU\",\"potentialAction\":[{\"@type\":\"ReadAction\",\"target\":[\"https:\/\/reginett.ee\/toode\/akuga-muruniiduk-husqvarna-lc353ivx\/\"]}]},{\"@type\":\"ImageObject\",\"inLanguage\":\"ru-RU\",\"@id\":\"https:\/\/reginett.ee\/toode\/akuga-muruniiduk-husqvarna-lc353ivx\/#primaryimage\",\"url\":\"https:\/\/reginett.ee\/wp-content\/uploads\/2021\/04\/Husqvarna-LC353iVX-niiduk.jpg\",\"contentUrl\":\"https:\/\/reginett.ee\/wp-content\/uploads\/2021\/04\/Husqvarna-LC353iVX-niiduk.jpg\",\"width\":680,\"height\":372,\"caption\":\"Husqvarna LC353iVX\"},{\"@type\":\"BreadcrumbList\",\"@id\":\"https:\/\/reginett.ee\/toode\/akuga-muruniiduk-husqvarna-lc353ivx\/#breadcrumb\",\"itemListElement\":[{\"@type\":\"ListItem\",\"position\":1,\"name\":\"Home\",\"item\":\"https:\/\/reginett.ee\/ru\/\"},{\"@type\":\"ListItem\",\"position\":2,\"name\":\"Tooted\",\"item\":\"https:\/\/reginett.ee\/tooted\/\"},{\"@type\":\"ListItem\",\"position\":3,\"name\":\"Akuga muruniiduk Husqvarna LC353iVX\"}]},{\"@type\":\"WebSite\",\"@id\":\"https:\/\/reginett.ee\/#website\",\"url\":\"https:\/\/reginett.ee\/\",\"name\":\"Reginett\",\"description\":\"Parimad robotniidukid\",\"potentialAction\":[{\"@type\":\"SearchAction\",\"target\":{\"@type\":\"EntryPoint\",\"urlTemplate\":\"https:\/\/reginett.ee\/?s={search_term_string}\"},\"query-input\":{\"@type\":\"PropertyValueSpecification\",\"valueRequired\":true,\"valueName\":\"search_term_string\"}}],\"inLanguage\":\"ru-RU\"}]}<\/script>\n<!-- \/ Yoast SEO plugin. -->","yoast_head_json":{"title":"Akuga muruniiduk Husqvarna LC353iVX. Husqvarna akumasinad Reginett","description":"Husqvarna LC353iVX on akutoite ja laia l\u00f5ikeosaga muruniiduk kahe akupesaga, mis \u00fchilduvad k\u00f5igi Husqvarna akudega, tagamaks kasutusmugavuse","robots":{"index":"index","follow":"follow","max-snippet":"max-snippet:-1","max-image-preview":"max-image-preview:large","max-video-preview":"max-video-preview:-1"},"canonical":"https:\/\/reginett.ee\/toode\/akuga-muruniiduk-husqvarna-lc353ivx\/","og_locale":"ru_RU","og_type":"article","og_title":"Akuga muruniiduk Husqvarna LC353iVX. Husqvarna akumasinad Reginett","og_description":"Husqvarna LC353iVX on akutoite ja laia l\u00f5ikeosaga muruniiduk kahe akupesaga, mis \u00fchilduvad k\u00f5igi Husqvarna akudega, tagamaks kasutusmugavuse","og_url":"https:\/\/reginett.ee\/toode\/akuga-muruniiduk-husqvarna-lc353ivx\/","og_site_name":"Reginett","article_modified_time":"2025-07-02T06:25:28+00:00","og_image":[{"width":680,"height":372,"url":"https:\/\/reginett.ee\/wp-content\/uploads\/2021\/04\/Husqvarna-LC353iVX-niiduk.jpg","type":"image\/jpeg"}],"twitter_card":"summary_large_image","twitter_misc":{"\u041f\u0440\u0438\u043c\u0435\u0440\u043d\u043e\u0435 \u0432\u0440\u0435\u043c\u044f \u0434\u043b\u044f \u0447\u0442\u0435\u043d\u0438\u044f":"1 \u043c\u0438\u043d\u0443\u0442\u0430"},"schema":{"@context":"https:\/\/schema.org","@graph":[{"@type":"WebPage","@id":"https:\/\/reginett.ee\/toode\/akuga-muruniiduk-husqvarna-lc353ivx\/","url":"https:\/\/reginett.ee\/toode\/akuga-muruniiduk-husqvarna-lc353ivx\/","name":"Akuga muruniiduk Husqvarna LC353iVX. Husqvarna akumasinad Reginett","isPartOf":{"@id":"https:\/\/reginett.ee\/#website"},"primaryImageOfPage":{"@id":"https:\/\/reginett.ee\/toode\/akuga-muruniiduk-husqvarna-lc353ivx\/#primaryimage"},"image":{"@id":"https:\/\/reginett.ee\/toode\/akuga-muruniiduk-husqvarna-lc353ivx\/#primaryimage"},"thumbnailUrl":"https:\/\/reginett.ee\/wp-content\/uploads\/2021\/04\/Husqvarna-LC353iVX-niiduk.jpg","datePublished":"2021-04-07T16:19:34+00:00","dateModified":"2025-07-02T06:25:28+00:00","description":"Husqvarna LC353iVX on akutoite ja laia l\u00f5ikeosaga muruniiduk kahe akupesaga, mis \u00fchilduvad k\u00f5igi Husqvarna akudega, tagamaks kasutusmugavuse","breadcrumb":{"@id":"https:\/\/reginett.ee\/toode\/akuga-muruniiduk-husqvarna-lc353ivx\/#breadcrumb"},"inLanguage":"ru-RU","potentialAction":[{"@type":"ReadAction","target":["https:\/\/reginett.ee\/toode\/akuga-muruniiduk-husqvarna-lc353ivx\/"]}]},{"@type":"ImageObject","inLanguage":"ru-RU","@id":"https:\/\/reginett.ee\/toode\/akuga-muruniiduk-husqvarna-lc353ivx\/#primaryimage","url":"https:\/\/reginett.ee\/wp-content\/uploads\/2021\/04\/Husqvarna-LC353iVX-niiduk.jpg","contentUrl":"https:\/\/reginett.ee\/wp-content\/uploads\/2021\/04\/Husqvarna-LC353iVX-niiduk.jpg","width":680,"height":372,"caption":"Husqvarna LC353iVX"},{"@type":"BreadcrumbList","@id":"https:\/\/reginett.ee\/toode\/akuga-muruniiduk-husqvarna-lc353ivx\/#breadcrumb","itemListElement":[{"@type":"ListItem","position":1,"name":"Home","item":"https:\/\/reginett.ee\/ru\/"},{"@type":"ListItem","position":2,"name":"Tooted","item":"https:\/\/reginett.ee\/tooted\/"},{"@type":"ListItem","position":3,"name":"Akuga muruniiduk Husqvarna LC353iVX"}]},{"@type":"WebSite","@id":"https:\/\/reginett.ee\/#website","url":"https:\/\/reginett.ee\/","name":"Reginett","description":"Parimad robotniidukid","potentialAction":[{"@type":"SearchAction","target":{"@type":"EntryPoint","urlTemplate":"https:\/\/reginett.ee\/?s={search_term_string}"},"query-input":{"@type":"PropertyValueSpecification","valueRequired":true,"valueName":"search_term_string"}}],"inLanguage":"ru-RU"}]}},"brands":[],"_links":{"self":[{"href":"https:\/\/reginett.ee\/ru\/wp-json\/wp\/v2\/product\/54142","targetHints":{"allow":["GET"]}}],"collection":[{"href":"https:\/\/reginett.ee\/ru\/wp-json\/wp\/v2\/product"}],"about":[{"href":"https:\/\/reginett.ee\/ru\/wp-json\/wp\/v2\/types\/product"}],"replies":[{"embeddable":true,"href":"https:\/\/reginett.ee\/ru\/wp-json\/wp\/v2\/comments?post=54142"}],"wp:featuredmedia":[{"embeddable":true,"href":"https:\/\/reginett.ee\/ru\/wp-json\/wp\/v2\/media\/54143"}],"wp:attachment":[{"href":"https:\/\/reginett.ee\/ru\/wp-json\/wp\/v2\/media?parent=54142"}],"wp:term":[{"taxonomy":"pwb-brand","embeddable":true,"href":"https:\/\/reginett.ee\/ru\/wp-json\/wp\/v2\/pwb-brand?post=54142"},{"taxonomy":"product_brand","embeddable":true,"href":"https:\/\/reginett.ee\/ru\/wp-json\/wp\/v2\/product_brand?post=54142"},{"taxonomy":"product_cat","embeddable":true,"href":"https:\/\/reginett.ee\/ru\/wp-json\/wp\/v2\/product_cat?post=54142"},{"taxonomy":"product_tag","embeddable":true,"href":"https:\/\/reginett.ee\/ru\/wp-json\/wp\/v2\/product_tag?post=54142"}],"curies":[{"name":"wp","href":"https:\/\/api.w.org\/{rel}","templated":true}]}}