{"id":54131,"date":"2022-05-24T18:44:43","date_gmt":"2022-05-24T15:44:43","guid":{"rendered":"https:\/\/reginett.ee\/?post_type=product&#038;p=54131"},"modified":"2025-07-02T09:14:47","modified_gmt":"2025-07-02T06:14:47","slug":"muruniiduk-husqvarna-lc356vp","status":"publish","type":"product","link":"https:\/\/reginett.ee\/ru\/toode\/muruniiduk-husqvarna-lc356vp\/","title":{"rendered":"Muruniiduk Husqvarna LC356VP"},"content":{"rendered":"<p>Husqvarna LC356VP on v\u00f5imsa <strong>Honda mootori<\/strong> ja\u00a0 <strong>tagarattaveoga<\/strong> ning suure niidulaiusega muruniiduk suuremasse koduaeda. V\u00f5imalik mult\u0161ida, k\u00fcljepeale v\u00e4ljaviset kasutada v\u00f5i koguda. T\u00e4nu suurele kogujale on seda harvem vaja t\u00fchjendada. BioClip\u00ae komplekt saadaval lisavarustusena.<\/p>\n<p>&nbsp;<\/p>\n<div class=\"col-sm-3 description\">\n<h3 class=\"h4 description-headline\">Lihtsalt seadistatava k\u00e4epideme k\u00f5rgus<\/h3>\n<div class=\"description-text-wrapper\"><span class=\"description-text\">Husqvarna LC3456VP masinal on lihtsalt seadistatav k\u00e4epideme k\u00f5rgus kahe erineva astme vahel. <\/span><\/div>\n<div><\/div>\n<div>\n<h3 class=\"h4 description-headline\">Kolm-\u00fches l\u00f5ikes\u00fcsteem<\/h3>\n<div class=\"description-text-wrapper desc-cut\"><span class=\"description-text\">See niiduk pakub mitmeid niitmisv\u00f5imalusi. Vali niitmisviis mis sobib antud tingimustele sobivaima tulemuse saavutamsieks; BioClip\u00ae peenestamine muru v\u00e4etamiseks, v\u00e4ljavise harvemini niidetavatele aladele. <\/span><\/div>\n<\/div>\n<div>\n<div class=\"col-sm-3 description\">\n<h3 class=\"h4 description-headline\">Muudetav kiirus<\/h3>\n<div class=\"description-text-wrapper\"><span class=\"description-text\">Iseliikuv niiduk, mille kiirust on v\u00f5imalik reguleerida. <\/span><\/div>\n<div><\/div>\n<h3>L\u00f5ikek\u00f5rguse tsentraalne reguleerimine<\/h3>\n<div>Muru l\u00f5ikek\u00f5rguse kiire ja lihtne reguleerimine. \u00dche hoovaga juhitakse kogu l\u00f5ikekorpust.<\/div>\n<h3><\/h3>\n<h3>Lihtsalt kokkuk\u00e4iv k\u00e4epide<\/h3>\n<div>Kokkuk\u00e4iv k\u00e4epide lihtsustab transportimist ja v\u00f5tab v\u00e4hem ruumi hoiustamisel.<\/div>\n<div><\/div>\n<\/div>\n<\/div>\n<div>\n<div><\/div>\n<\/div>\n<div><\/div>\n<\/div>\n","protected":false},"excerpt":{"rendered":"<p>Husqvarna LC356VP on v\u00f5imsa <strong>Honda mootori<\/strong> ja\u00a0 <strong>tagarattaveoga<\/strong> ning suure niidulaiusega muruniiduk suuremasse koduaeda. V\u00f5imalik mult\u0161ida, k\u00fcljepeale v\u00e4ljaviset kasutada v\u00f5i koguda. T\u00e4nu suurele kogujale on seda harvem vaja t\u00fchjendada. BioClip\u00ae komplekt saadaval lisavarustusena.<\/p>\n","protected":false},"featured_media":54138,"comment_status":"open","ping_status":"closed","template":"","meta":{"_acf_changed":false,"_et_pb_use_builder":"","_et_pb_old_content":"","_et_gb_content_width":"","inline_featured_image":false},"pwb-brand":[147],"product_brand":[],"product_cat":[37,25],"product_tag":[113,277],"class_list":{"0":"post-54131","1":"product","2":"type-product","3":"status-publish","4":"has-post-thumbnail","6":"pwb-brand-husqvarna","7":"product_cat-husqvarna","8":"product_cat-muruniidukid","9":"product_tag-muruniiduk","10":"product_tag-niiduk","12":"first","13":"instock","14":"shipping-taxable","15":"purchasable","16":"product-type-simple"},"acf":[],"yoast_head":"<!-- This site is optimized with the Yoast SEO plugin v26.6 - https:\/\/yoast.com\/wordpress\/plugins\/seo\/ -->\n<title>Muruniiduk Husqvarna LC356VP. Parimad muruniidukid Reginetist<\/title>\n<meta name=\"description\" content=\"Husqvarna LC356VP on tagarattaveoga ning suure niidulaiusega muruniiduk suuremasse koduaeda. V\u00f5imal mult\u0161ida\" \/>\n<meta name=\"robots\" content=\"index, follow, max-snippet:-1, max-image-preview:large, max-video-preview:-1\" \/>\n<link rel=\"canonical\" href=\"https:\/\/reginett.ee\/toode\/muruniiduk-husqvarna-lc356vp\/\" \/>\n<meta property=\"og:locale\" content=\"ru_RU\" \/>\n<meta property=\"og:type\" content=\"article\" \/>\n<meta property=\"og:title\" content=\"Muruniiduk Husqvarna LC356VP. Parimad muruniidukid Reginetist\" \/>\n<meta property=\"og:description\" content=\"Husqvarna LC356VP on tagarattaveoga ning suure niidulaiusega muruniiduk suuremasse koduaeda. V\u00f5imal mult\u0161ida\" \/>\n<meta property=\"og:url\" content=\"https:\/\/reginett.ee\/toode\/muruniiduk-husqvarna-lc356vp\/\" \/>\n<meta property=\"og:site_name\" content=\"Reginett\" \/>\n<meta property=\"article:modified_time\" content=\"2025-07-02T06:14:47+00:00\" \/>\n<meta property=\"og:image\" content=\"https:\/\/reginett.ee\/wp-content\/uploads\/2021\/04\/Muruniiduk-Husqvarna-LC356VP...jpg\" \/>\n\t<meta property=\"og:image:width\" content=\"680\" \/>\n\t<meta property=\"og:image:height\" content=\"372\" \/>\n\t<meta property=\"og:image:type\" content=\"image\/jpeg\" \/>\n<meta name=\"twitter:card\" content=\"summary_large_image\" \/>\n<meta name=\"twitter:label1\" content=\"\u041f\u0440\u0438\u043c\u0435\u0440\u043d\u043e\u0435 \u0432\u0440\u0435\u043c\u044f \u0434\u043b\u044f \u0447\u0442\u0435\u043d\u0438\u044f\" \/>\n\t<meta name=\"twitter:data1\" content=\"1 \u043c\u0438\u043d\u0443\u0442\u0430\" \/>\n<script type=\"application\/ld+json\" class=\"yoast-schema-graph\">{\"@context\":\"https:\/\/schema.org\",\"@graph\":[{\"@type\":\"WebPage\",\"@id\":\"https:\/\/reginett.ee\/toode\/muruniiduk-husqvarna-lc356vp\/\",\"url\":\"https:\/\/reginett.ee\/toode\/muruniiduk-husqvarna-lc356vp\/\",\"name\":\"Muruniiduk Husqvarna LC356VP. Parimad muruniidukid Reginetist\",\"isPartOf\":{\"@id\":\"https:\/\/reginett.ee\/#website\"},\"primaryImageOfPage\":{\"@id\":\"https:\/\/reginett.ee\/toode\/muruniiduk-husqvarna-lc356vp\/#primaryimage\"},\"image\":{\"@id\":\"https:\/\/reginett.ee\/toode\/muruniiduk-husqvarna-lc356vp\/#primaryimage\"},\"thumbnailUrl\":\"https:\/\/reginett.ee\/wp-content\/uploads\/2021\/04\/Muruniiduk-Husqvarna-LC356VP...jpg\",\"datePublished\":\"2022-05-24T15:44:43+00:00\",\"dateModified\":\"2025-07-02T06:14:47+00:00\",\"description\":\"Husqvarna LC356VP on tagarattaveoga ning suure niidulaiusega muruniiduk suuremasse koduaeda. V\u00f5imal mult\u0161ida\",\"breadcrumb\":{\"@id\":\"https:\/\/reginett.ee\/toode\/muruniiduk-husqvarna-lc356vp\/#breadcrumb\"},\"inLanguage\":\"ru-RU\",\"potentialAction\":[{\"@type\":\"ReadAction\",\"target\":[\"https:\/\/reginett.ee\/toode\/muruniiduk-husqvarna-lc356vp\/\"]}]},{\"@type\":\"ImageObject\",\"inLanguage\":\"ru-RU\",\"@id\":\"https:\/\/reginett.ee\/toode\/muruniiduk-husqvarna-lc356vp\/#primaryimage\",\"url\":\"https:\/\/reginett.ee\/wp-content\/uploads\/2021\/04\/Muruniiduk-Husqvarna-LC356VP...jpg\",\"contentUrl\":\"https:\/\/reginett.ee\/wp-content\/uploads\/2021\/04\/Muruniiduk-Husqvarna-LC356VP...jpg\",\"width\":680,\"height\":372,\"caption\":\"Muruniiduk Husqvarna LC356VP\"},{\"@type\":\"BreadcrumbList\",\"@id\":\"https:\/\/reginett.ee\/toode\/muruniiduk-husqvarna-lc356vp\/#breadcrumb\",\"itemListElement\":[{\"@type\":\"ListItem\",\"position\":1,\"name\":\"Home\",\"item\":\"https:\/\/reginett.ee\/ru\/\"},{\"@type\":\"ListItem\",\"position\":2,\"name\":\"Tooted\",\"item\":\"https:\/\/reginett.ee\/tooted\/\"},{\"@type\":\"ListItem\",\"position\":3,\"name\":\"Muruniiduk Husqvarna LC356VP\"}]},{\"@type\":\"WebSite\",\"@id\":\"https:\/\/reginett.ee\/#website\",\"url\":\"https:\/\/reginett.ee\/\",\"name\":\"Reginett\",\"description\":\"Parimad robotniidukid\",\"potentialAction\":[{\"@type\":\"SearchAction\",\"target\":{\"@type\":\"EntryPoint\",\"urlTemplate\":\"https:\/\/reginett.ee\/?s={search_term_string}\"},\"query-input\":{\"@type\":\"PropertyValueSpecification\",\"valueRequired\":true,\"valueName\":\"search_term_string\"}}],\"inLanguage\":\"ru-RU\"}]}<\/script>\n<!-- \/ Yoast SEO plugin. -->","yoast_head_json":{"title":"Muruniiduk Husqvarna LC356VP. Parimad muruniidukid Reginetist","description":"Husqvarna LC356VP on tagarattaveoga ning suure niidulaiusega muruniiduk suuremasse koduaeda. V\u00f5imal mult\u0161ida","robots":{"index":"index","follow":"follow","max-snippet":"max-snippet:-1","max-image-preview":"max-image-preview:large","max-video-preview":"max-video-preview:-1"},"canonical":"https:\/\/reginett.ee\/toode\/muruniiduk-husqvarna-lc356vp\/","og_locale":"ru_RU","og_type":"article","og_title":"Muruniiduk Husqvarna LC356VP. Parimad muruniidukid Reginetist","og_description":"Husqvarna LC356VP on tagarattaveoga ning suure niidulaiusega muruniiduk suuremasse koduaeda. V\u00f5imal mult\u0161ida","og_url":"https:\/\/reginett.ee\/toode\/muruniiduk-husqvarna-lc356vp\/","og_site_name":"Reginett","article_modified_time":"2025-07-02T06:14:47+00:00","og_image":[{"width":680,"height":372,"url":"https:\/\/reginett.ee\/wp-content\/uploads\/2021\/04\/Muruniiduk-Husqvarna-LC356VP...jpg","type":"image\/jpeg"}],"twitter_card":"summary_large_image","twitter_misc":{"\u041f\u0440\u0438\u043c\u0435\u0440\u043d\u043e\u0435 \u0432\u0440\u0435\u043c\u044f \u0434\u043b\u044f \u0447\u0442\u0435\u043d\u0438\u044f":"1 \u043c\u0438\u043d\u0443\u0442\u0430"},"schema":{"@context":"https:\/\/schema.org","@graph":[{"@type":"WebPage","@id":"https:\/\/reginett.ee\/toode\/muruniiduk-husqvarna-lc356vp\/","url":"https:\/\/reginett.ee\/toode\/muruniiduk-husqvarna-lc356vp\/","name":"Muruniiduk Husqvarna LC356VP. Parimad muruniidukid Reginetist","isPartOf":{"@id":"https:\/\/reginett.ee\/#website"},"primaryImageOfPage":{"@id":"https:\/\/reginett.ee\/toode\/muruniiduk-husqvarna-lc356vp\/#primaryimage"},"image":{"@id":"https:\/\/reginett.ee\/toode\/muruniiduk-husqvarna-lc356vp\/#primaryimage"},"thumbnailUrl":"https:\/\/reginett.ee\/wp-content\/uploads\/2021\/04\/Muruniiduk-Husqvarna-LC356VP...jpg","datePublished":"2022-05-24T15:44:43+00:00","dateModified":"2025-07-02T06:14:47+00:00","description":"Husqvarna LC356VP on tagarattaveoga ning suure niidulaiusega muruniiduk suuremasse koduaeda. V\u00f5imal mult\u0161ida","breadcrumb":{"@id":"https:\/\/reginett.ee\/toode\/muruniiduk-husqvarna-lc356vp\/#breadcrumb"},"inLanguage":"ru-RU","potentialAction":[{"@type":"ReadAction","target":["https:\/\/reginett.ee\/toode\/muruniiduk-husqvarna-lc356vp\/"]}]},{"@type":"ImageObject","inLanguage":"ru-RU","@id":"https:\/\/reginett.ee\/toode\/muruniiduk-husqvarna-lc356vp\/#primaryimage","url":"https:\/\/reginett.ee\/wp-content\/uploads\/2021\/04\/Muruniiduk-Husqvarna-LC356VP...jpg","contentUrl":"https:\/\/reginett.ee\/wp-content\/uploads\/2021\/04\/Muruniiduk-Husqvarna-LC356VP...jpg","width":680,"height":372,"caption":"Muruniiduk Husqvarna LC356VP"},{"@type":"BreadcrumbList","@id":"https:\/\/reginett.ee\/toode\/muruniiduk-husqvarna-lc356vp\/#breadcrumb","itemListElement":[{"@type":"ListItem","position":1,"name":"Home","item":"https:\/\/reginett.ee\/ru\/"},{"@type":"ListItem","position":2,"name":"Tooted","item":"https:\/\/reginett.ee\/tooted\/"},{"@type":"ListItem","position":3,"name":"Muruniiduk Husqvarna LC356VP"}]},{"@type":"WebSite","@id":"https:\/\/reginett.ee\/#website","url":"https:\/\/reginett.ee\/","name":"Reginett","description":"Parimad robotniidukid","potentialAction":[{"@type":"SearchAction","target":{"@type":"EntryPoint","urlTemplate":"https:\/\/reginett.ee\/?s={search_term_string}"},"query-input":{"@type":"PropertyValueSpecification","valueRequired":true,"valueName":"search_term_string"}}],"inLanguage":"ru-RU"}]}},"brands":[{"id":147,"name":"Husqvarna","slug":"husqvarna"}],"_links":{"self":[{"href":"https:\/\/reginett.ee\/ru\/wp-json\/wp\/v2\/product\/54131","targetHints":{"allow":["GET"]}}],"collection":[{"href":"https:\/\/reginett.ee\/ru\/wp-json\/wp\/v2\/product"}],"about":[{"href":"https:\/\/reginett.ee\/ru\/wp-json\/wp\/v2\/types\/product"}],"replies":[{"embeddable":true,"href":"https:\/\/reginett.ee\/ru\/wp-json\/wp\/v2\/comments?post=54131"}],"wp:featuredmedia":[{"embeddable":true,"href":"https:\/\/reginett.ee\/ru\/wp-json\/wp\/v2\/media\/54138"}],"wp:attachment":[{"href":"https:\/\/reginett.ee\/ru\/wp-json\/wp\/v2\/media?parent=54131"}],"wp:term":[{"taxonomy":"pwb-brand","embeddable":true,"href":"https:\/\/reginett.ee\/ru\/wp-json\/wp\/v2\/pwb-brand?post=54131"},{"taxonomy":"product_brand","embeddable":true,"href":"https:\/\/reginett.ee\/ru\/wp-json\/wp\/v2\/product_brand?post=54131"},{"taxonomy":"product_cat","embeddable":true,"href":"https:\/\/reginett.ee\/ru\/wp-json\/wp\/v2\/product_cat?post=54131"},{"taxonomy":"product_tag","embeddable":true,"href":"https:\/\/reginett.ee\/ru\/wp-json\/wp\/v2\/product_tag?post=54131"}],"curies":[{"name":"wp","href":"https:\/\/api.w.org\/{rel}","templated":true}]}}