{"id":54039,"date":"2021-05-04T20:09:05","date_gmt":"2021-05-04T17:09:05","guid":{"rendered":"https:\/\/reginett.ee\/?post_type=product&#038;p=54039"},"modified":"2026-03-17T13:34:40","modified_gmt":"2026-03-17T10:34:40","slug":"muruohutaja-toro-54610-uus","status":"publish","type":"product","link":"https:\/\/reginett.ee\/ru\/toode\/muruohutaja-toro-54610-uus\/","title":{"rendered":"Muru\u00f5hutaja TORO 54610 40cm"},"content":{"rendered":"<p><span lang=\"EN-GB\"><strong>TORO 40cm<\/strong> t\u00f6\u00f6laiusega muru\u00f5hutaja aitab sul saavutada tervisliku ja lopsaka muru.<\/span><\/p>\n<p><span lang=\"EN-GB\"> Kevadine ja hilissuvine \u00f5hutamine v\u00f5imaldab tugevamat juurtetsooni, kuna see tagab oluliste toitainete nagu vesi, v\u00e4etis ja hapnik imendumise. <\/span><\/p>\n<p><span lang=\"EN-GB\">Standardvarustuses kahe rootoriga &#8212; terasvedrustusega piid on ideaalsed kuivanud muru aluspinna rutiinseks kergeks eemaldamiseks; vertikaalsed l\u00f5iketerad on m\u00f5eldud tugevama aluskihi ja pinnase l\u00f5ikamiseks, parandades \u00f5hutamist juuretsooni \u00fcmbruses, samuti lihtsustades kuivanud muru ja umbrohu eemaldamist. <\/span><\/p>\n<p><span lang=\"EN-GB\">Uuel TORO \u00f5hutajal on ka vastupidav terasest korpus ning v\u00f5imas Briggs&amp;Strattoni XR750 163 cc mootor. V\u00e4ga ergonoomiline ja mugav k\u00e4epide.<br \/>\n<\/span><\/p>\n<p>TORO muru\u00f5hutaja on varustatud mahuka 50 liitrise kogumiskotiga.<\/p>\n<p>&nbsp;<\/p>\n<p>&nbsp;<\/p>\n<p>&nbsp;<\/p>\n","protected":false},"excerpt":{"rendered":"<p><span lang=\"EN-GB\">Uus <strong>TORO 40cm<\/strong> t\u00f6\u00f6laiusega muru\u00f5hutaja aitab sul saavutada tervisliku ja lopsaka muru.<\/span><\/p>\n<p><span lang=\"EN-GB\"> Kevadine ja hilissuvine \u00f5hutamine v\u00f5imaldab tugevamat juurtetsooni, kuna see tagab oluliste toitainete nagu vesi, v\u00e4etis ja hapnik imendumise. <\/span><\/p>\n","protected":false},"featured_media":54111,"comment_status":"open","ping_status":"closed","template":"","meta":{"_acf_changed":false,"_et_pb_use_builder":"","_et_pb_old_content":"","_et_gb_content_width":"","inline_featured_image":false},"pwb-brand":[],"product_brand":[],"product_cat":[53,149],"product_tag":[],"class_list":{"0":"post-54039","1":"product","2":"type-product","3":"status-publish","4":"has-post-thumbnail","6":"product_cat-muruohutajad","7":"product_cat-toro","9":"first","10":"instock","11":"sale","12":"shipping-taxable","13":"purchasable","14":"product-type-simple"},"acf":[],"yoast_head":"<!-- This site is optimized with the Yoast SEO plugin v26.6 - https:\/\/yoast.com\/wordpress\/plugins\/seo\/ -->\n<title>Muru\u00f5hutaja TORO. Suur valik TORO masinaid koheselt Regineti laos<\/title>\n<meta name=\"description\" content=\"Uus TORO 40cm t\u00f6\u00f6laiusega muru\u00f5hutaja aitab sul saavutada tervisliku ja lopsaka muru.Kevadine ja hilissuvine \u00f5hutamine v\u00f5imaldab tugevamat\" \/>\n<meta name=\"robots\" content=\"index, follow, max-snippet:-1, max-image-preview:large, max-video-preview:-1\" \/>\n<link rel=\"canonical\" href=\"https:\/\/reginett.ee\/toode\/muruohutaja-toro-54610-uus\/\" \/>\n<meta property=\"og:locale\" content=\"ru_RU\" \/>\n<meta property=\"og:type\" content=\"article\" \/>\n<meta property=\"og:title\" content=\"Muru\u00f5hutaja TORO. Suur valik TORO masinaid koheselt Regineti laos\" \/>\n<meta property=\"og:description\" content=\"Uus TORO 40cm t\u00f6\u00f6laiusega muru\u00f5hutaja aitab sul saavutada tervisliku ja lopsaka muru.Kevadine ja hilissuvine \u00f5hutamine v\u00f5imaldab tugevamat\" \/>\n<meta property=\"og:url\" content=\"https:\/\/reginett.ee\/toode\/muruohutaja-toro-54610-uus\/\" \/>\n<meta property=\"og:site_name\" content=\"Reginett\" \/>\n<meta property=\"article:modified_time\" content=\"2026-03-17T10:34:40+00:00\" \/>\n<meta property=\"og:image\" content=\"https:\/\/reginett.ee\/wp-content\/uploads\/2021\/04\/TORO-muruohutaja-...jpg\" \/>\n\t<meta property=\"og:image:width\" content=\"680\" \/>\n\t<meta property=\"og:image:height\" content=\"372\" \/>\n\t<meta property=\"og:image:type\" content=\"image\/jpeg\" \/>\n<meta name=\"twitter:card\" content=\"summary_large_image\" \/>\n<meta name=\"twitter:label1\" content=\"\u041f\u0440\u0438\u043c\u0435\u0440\u043d\u043e\u0435 \u0432\u0440\u0435\u043c\u044f \u0434\u043b\u044f \u0447\u0442\u0435\u043d\u0438\u044f\" \/>\n\t<meta name=\"twitter:data1\" content=\"1 \u043c\u0438\u043d\u0443\u0442\u0430\" \/>\n<script type=\"application\/ld+json\" class=\"yoast-schema-graph\">{\"@context\":\"https:\/\/schema.org\",\"@graph\":[{\"@type\":\"WebPage\",\"@id\":\"https:\/\/reginett.ee\/toode\/muruohutaja-toro-54610-uus\/\",\"url\":\"https:\/\/reginett.ee\/toode\/muruohutaja-toro-54610-uus\/\",\"name\":\"Muru\u00f5hutaja TORO. Suur valik TORO masinaid koheselt Regineti laos\",\"isPartOf\":{\"@id\":\"https:\/\/reginett.ee\/#website\"},\"primaryImageOfPage\":{\"@id\":\"https:\/\/reginett.ee\/toode\/muruohutaja-toro-54610-uus\/#primaryimage\"},\"image\":{\"@id\":\"https:\/\/reginett.ee\/toode\/muruohutaja-toro-54610-uus\/#primaryimage\"},\"thumbnailUrl\":\"https:\/\/reginett.ee\/wp-content\/uploads\/2021\/04\/TORO-muruohutaja-...jpg\",\"datePublished\":\"2021-05-04T17:09:05+00:00\",\"dateModified\":\"2026-03-17T10:34:40+00:00\",\"description\":\"Uus TORO 40cm t\u00f6\u00f6laiusega muru\u00f5hutaja aitab sul saavutada tervisliku ja lopsaka muru.Kevadine ja hilissuvine \u00f5hutamine v\u00f5imaldab tugevamat\",\"breadcrumb\":{\"@id\":\"https:\/\/reginett.ee\/toode\/muruohutaja-toro-54610-uus\/#breadcrumb\"},\"inLanguage\":\"ru-RU\",\"potentialAction\":[{\"@type\":\"ReadAction\",\"target\":[\"https:\/\/reginett.ee\/toode\/muruohutaja-toro-54610-uus\/\"]}]},{\"@type\":\"ImageObject\",\"inLanguage\":\"ru-RU\",\"@id\":\"https:\/\/reginett.ee\/toode\/muruohutaja-toro-54610-uus\/#primaryimage\",\"url\":\"https:\/\/reginett.ee\/wp-content\/uploads\/2021\/04\/TORO-muruohutaja-...jpg\",\"contentUrl\":\"https:\/\/reginett.ee\/wp-content\/uploads\/2021\/04\/TORO-muruohutaja-...jpg\",\"width\":680,\"height\":372,\"caption\":\"TORO muru\u00f5hutaja\"},{\"@type\":\"BreadcrumbList\",\"@id\":\"https:\/\/reginett.ee\/toode\/muruohutaja-toro-54610-uus\/#breadcrumb\",\"itemListElement\":[{\"@type\":\"ListItem\",\"position\":1,\"name\":\"Home\",\"item\":\"https:\/\/reginett.ee\/ru\/\"},{\"@type\":\"ListItem\",\"position\":2,\"name\":\"Tooted\",\"item\":\"https:\/\/reginett.ee\/tooted\/\"},{\"@type\":\"ListItem\",\"position\":3,\"name\":\"Muru\u00f5hutaja TORO 54610 40cm\"}]},{\"@type\":\"WebSite\",\"@id\":\"https:\/\/reginett.ee\/#website\",\"url\":\"https:\/\/reginett.ee\/\",\"name\":\"Reginett\",\"description\":\"Parimad robotniidukid\",\"potentialAction\":[{\"@type\":\"SearchAction\",\"target\":{\"@type\":\"EntryPoint\",\"urlTemplate\":\"https:\/\/reginett.ee\/?s={search_term_string}\"},\"query-input\":{\"@type\":\"PropertyValueSpecification\",\"valueRequired\":true,\"valueName\":\"search_term_string\"}}],\"inLanguage\":\"ru-RU\"}]}<\/script>\n<!-- \/ Yoast SEO plugin. -->","yoast_head_json":{"title":"Muru\u00f5hutaja TORO. Suur valik TORO masinaid koheselt Regineti laos","description":"Uus TORO 40cm t\u00f6\u00f6laiusega muru\u00f5hutaja aitab sul saavutada tervisliku ja lopsaka muru.Kevadine ja hilissuvine \u00f5hutamine v\u00f5imaldab tugevamat","robots":{"index":"index","follow":"follow","max-snippet":"max-snippet:-1","max-image-preview":"max-image-preview:large","max-video-preview":"max-video-preview:-1"},"canonical":"https:\/\/reginett.ee\/toode\/muruohutaja-toro-54610-uus\/","og_locale":"ru_RU","og_type":"article","og_title":"Muru\u00f5hutaja TORO. Suur valik TORO masinaid koheselt Regineti laos","og_description":"Uus TORO 40cm t\u00f6\u00f6laiusega muru\u00f5hutaja aitab sul saavutada tervisliku ja lopsaka muru.Kevadine ja hilissuvine \u00f5hutamine v\u00f5imaldab tugevamat","og_url":"https:\/\/reginett.ee\/toode\/muruohutaja-toro-54610-uus\/","og_site_name":"Reginett","article_modified_time":"2026-03-17T10:34:40+00:00","og_image":[{"width":680,"height":372,"url":"https:\/\/reginett.ee\/wp-content\/uploads\/2021\/04\/TORO-muruohutaja-...jpg","type":"image\/jpeg"}],"twitter_card":"summary_large_image","twitter_misc":{"\u041f\u0440\u0438\u043c\u0435\u0440\u043d\u043e\u0435 \u0432\u0440\u0435\u043c\u044f \u0434\u043b\u044f \u0447\u0442\u0435\u043d\u0438\u044f":"1 \u043c\u0438\u043d\u0443\u0442\u0430"},"schema":{"@context":"https:\/\/schema.org","@graph":[{"@type":"WebPage","@id":"https:\/\/reginett.ee\/toode\/muruohutaja-toro-54610-uus\/","url":"https:\/\/reginett.ee\/toode\/muruohutaja-toro-54610-uus\/","name":"Muru\u00f5hutaja TORO. Suur valik TORO masinaid koheselt Regineti laos","isPartOf":{"@id":"https:\/\/reginett.ee\/#website"},"primaryImageOfPage":{"@id":"https:\/\/reginett.ee\/toode\/muruohutaja-toro-54610-uus\/#primaryimage"},"image":{"@id":"https:\/\/reginett.ee\/toode\/muruohutaja-toro-54610-uus\/#primaryimage"},"thumbnailUrl":"https:\/\/reginett.ee\/wp-content\/uploads\/2021\/04\/TORO-muruohutaja-...jpg","datePublished":"2021-05-04T17:09:05+00:00","dateModified":"2026-03-17T10:34:40+00:00","description":"Uus TORO 40cm t\u00f6\u00f6laiusega muru\u00f5hutaja aitab sul saavutada tervisliku ja lopsaka muru.Kevadine ja hilissuvine \u00f5hutamine v\u00f5imaldab tugevamat","breadcrumb":{"@id":"https:\/\/reginett.ee\/toode\/muruohutaja-toro-54610-uus\/#breadcrumb"},"inLanguage":"ru-RU","potentialAction":[{"@type":"ReadAction","target":["https:\/\/reginett.ee\/toode\/muruohutaja-toro-54610-uus\/"]}]},{"@type":"ImageObject","inLanguage":"ru-RU","@id":"https:\/\/reginett.ee\/toode\/muruohutaja-toro-54610-uus\/#primaryimage","url":"https:\/\/reginett.ee\/wp-content\/uploads\/2021\/04\/TORO-muruohutaja-...jpg","contentUrl":"https:\/\/reginett.ee\/wp-content\/uploads\/2021\/04\/TORO-muruohutaja-...jpg","width":680,"height":372,"caption":"TORO muru\u00f5hutaja"},{"@type":"BreadcrumbList","@id":"https:\/\/reginett.ee\/toode\/muruohutaja-toro-54610-uus\/#breadcrumb","itemListElement":[{"@type":"ListItem","position":1,"name":"Home","item":"https:\/\/reginett.ee\/ru\/"},{"@type":"ListItem","position":2,"name":"Tooted","item":"https:\/\/reginett.ee\/tooted\/"},{"@type":"ListItem","position":3,"name":"Muru\u00f5hutaja TORO 54610 40cm"}]},{"@type":"WebSite","@id":"https:\/\/reginett.ee\/#website","url":"https:\/\/reginett.ee\/","name":"Reginett","description":"Parimad robotniidukid","potentialAction":[{"@type":"SearchAction","target":{"@type":"EntryPoint","urlTemplate":"https:\/\/reginett.ee\/?s={search_term_string}"},"query-input":{"@type":"PropertyValueSpecification","valueRequired":true,"valueName":"search_term_string"}}],"inLanguage":"ru-RU"}]}},"brands":[],"_links":{"self":[{"href":"https:\/\/reginett.ee\/ru\/wp-json\/wp\/v2\/product\/54039","targetHints":{"allow":["GET"]}}],"collection":[{"href":"https:\/\/reginett.ee\/ru\/wp-json\/wp\/v2\/product"}],"about":[{"href":"https:\/\/reginett.ee\/ru\/wp-json\/wp\/v2\/types\/product"}],"replies":[{"embeddable":true,"href":"https:\/\/reginett.ee\/ru\/wp-json\/wp\/v2\/comments?post=54039"}],"wp:featuredmedia":[{"embeddable":true,"href":"https:\/\/reginett.ee\/ru\/wp-json\/wp\/v2\/media\/54111"}],"wp:attachment":[{"href":"https:\/\/reginett.ee\/ru\/wp-json\/wp\/v2\/media?parent=54039"}],"wp:term":[{"taxonomy":"pwb-brand","embeddable":true,"href":"https:\/\/reginett.ee\/ru\/wp-json\/wp\/v2\/pwb-brand?post=54039"},{"taxonomy":"product_brand","embeddable":true,"href":"https:\/\/reginett.ee\/ru\/wp-json\/wp\/v2\/product_brand?post=54039"},{"taxonomy":"product_cat","embeddable":true,"href":"https:\/\/reginett.ee\/ru\/wp-json\/wp\/v2\/product_cat?post=54039"},{"taxonomy":"product_tag","embeddable":true,"href":"https:\/\/reginett.ee\/ru\/wp-json\/wp\/v2\/product_tag?post=54039"}],"curies":[{"name":"wp","href":"https:\/\/api.w.org\/{rel}","templated":true}]}}