{"id":54029,"date":"2021-03-30T09:57:51","date_gmt":"2021-03-30T06:57:51","guid":{"rendered":"https:\/\/reginett.ee\/?post_type=product&#038;p=54029"},"modified":"2022-10-31T18:46:55","modified_gmt":"2022-10-31T15:46:55","slug":"murutraktori-aku-intact-garden-power-24ah","status":"publish","type":"product","link":"https:\/\/reginett.ee\/ru\/toode\/murutraktori-aku-intact-garden-power-24ah\/","title":{"rendered":"Murutraktori aku Intact Garden Power 24Ah"},"content":{"rendered":"<p>Kvaliteetne ja vastupidav aku murutraktorile. Sobib paljudele mudelitele.<\/p>\n<p>Aku mahutavus 24Ah, pinge 12V ja k\u00e4ivitusvool 300A.<\/p>\n<p>Murutraktori aku m\u00f5\u00f5dud: pikkus 196mm, laius 130mm, k\u00f5rgus 184mm<\/p>\n<p>Saadaval nii +\/- kui ka -\/+ variant!<\/p>\n<p>&nbsp;<\/p>\n<p>&nbsp;<\/p>\n","protected":false},"excerpt":{"rendered":"<p>Kvaliteetne ja vastupidav aku murutraktorile. Sobib paljudele mudelitele.<\/p>\n<p>Aku mahutavus 24Ah, pinge 12V ja k\u00e4ivitusvool 300A.<\/p>\n<p>Murutraktori aku m\u00f5\u00f5dud: pikkus 196mm, laius 130mm, k\u00f5rgus 184mm<\/p>\n","protected":false},"featured_media":54030,"comment_status":"open","ping_status":"closed","template":"","meta":{"_acf_changed":false,"_et_pb_use_builder":"","_et_pb_old_content":"","_et_gb_content_width":"","inline_featured_image":false},"pwb-brand":[],"product_brand":[],"product_cat":[26,27],"product_tag":[73,283,284],"class_list":{"0":"post-54029","1":"product","2":"type-product","3":"status-publish","4":"has-post-thumbnail","6":"product_cat-murutraktorid","7":"product_cat-tooriistad-ja-tarvikud","8":"product_tag-aku","9":"product_tag-murutraktori-aku","10":"product_tag-traktori-aku","12":"first","13":"outofstock","14":"sale","15":"shipping-taxable","16":"purchasable","17":"product-type-simple"},"acf":[],"yoast_head":"<!-- This site is optimized with the Yoast SEO plugin v26.6 - https:\/\/yoast.com\/wordpress\/plugins\/seo\/ -->\n<title>Murutraktori aku Intact Garden Power. Akud koheselt olemas!<\/title>\n<meta name=\"description\" content=\"Kvaliteetne ja vastupidav aku murutraktorile. Sobib paljudele mudelitele. Aku mahutavus 24Ah, pinge 12V ja k\u00e4ivitusvool 300A.\" \/>\n<meta name=\"robots\" content=\"index, follow, max-snippet:-1, max-image-preview:large, max-video-preview:-1\" \/>\n<link rel=\"canonical\" href=\"https:\/\/reginett.ee\/toode\/murutraktori-aku-intact-garden-power-24ah\/\" \/>\n<meta property=\"og:locale\" content=\"ru_RU\" \/>\n<meta property=\"og:type\" content=\"article\" \/>\n<meta property=\"og:title\" content=\"Murutraktori aku Intact Garden Power. Akud koheselt olemas!\" \/>\n<meta property=\"og:description\" content=\"Kvaliteetne ja vastupidav aku murutraktorile. Sobib paljudele mudelitele. Aku mahutavus 24Ah, pinge 12V ja k\u00e4ivitusvool 300A.\" \/>\n<meta property=\"og:url\" content=\"https:\/\/reginett.ee\/toode\/murutraktori-aku-intact-garden-power-24ah\/\" \/>\n<meta property=\"og:site_name\" content=\"Reginett\" \/>\n<meta property=\"article:modified_time\" content=\"2022-10-31T15:46:55+00:00\" \/>\n<meta property=\"og:image\" content=\"https:\/\/reginett.ee\/wp-content\/uploads\/2021\/04\/Intact-Garden-Power-aku.jpg\" \/>\n\t<meta property=\"og:image:width\" content=\"900\" \/>\n\t<meta property=\"og:image:height\" content=\"900\" \/>\n\t<meta property=\"og:image:type\" content=\"image\/jpeg\" \/>\n<meta name=\"twitter:card\" content=\"summary_large_image\" \/>\n<meta name=\"twitter:label1\" content=\"\u041f\u0440\u0438\u043c\u0435\u0440\u043d\u043e\u0435 \u0432\u0440\u0435\u043c\u044f \u0434\u043b\u044f \u0447\u0442\u0435\u043d\u0438\u044f\" \/>\n\t<meta name=\"twitter:data1\" content=\"1 \u043c\u0438\u043d\u0443\u0442\u0430\" \/>\n<script type=\"application\/ld+json\" class=\"yoast-schema-graph\">{\"@context\":\"https:\/\/schema.org\",\"@graph\":[{\"@type\":\"WebPage\",\"@id\":\"https:\/\/reginett.ee\/toode\/murutraktori-aku-intact-garden-power-24ah\/\",\"url\":\"https:\/\/reginett.ee\/toode\/murutraktori-aku-intact-garden-power-24ah\/\",\"name\":\"Murutraktori aku Intact Garden Power. Akud koheselt olemas!\",\"isPartOf\":{\"@id\":\"https:\/\/reginett.ee\/#website\"},\"primaryImageOfPage\":{\"@id\":\"https:\/\/reginett.ee\/toode\/murutraktori-aku-intact-garden-power-24ah\/#primaryimage\"},\"image\":{\"@id\":\"https:\/\/reginett.ee\/toode\/murutraktori-aku-intact-garden-power-24ah\/#primaryimage\"},\"thumbnailUrl\":\"https:\/\/reginett.ee\/wp-content\/uploads\/2021\/04\/Intact-Garden-Power-aku.jpg\",\"datePublished\":\"2021-03-30T06:57:51+00:00\",\"dateModified\":\"2022-10-31T15:46:55+00:00\",\"description\":\"Kvaliteetne ja vastupidav aku murutraktorile. Sobib paljudele mudelitele. Aku mahutavus 24Ah, pinge 12V ja k\u00e4ivitusvool 300A.\",\"breadcrumb\":{\"@id\":\"https:\/\/reginett.ee\/toode\/murutraktori-aku-intact-garden-power-24ah\/#breadcrumb\"},\"inLanguage\":\"ru-RU\",\"potentialAction\":[{\"@type\":\"ReadAction\",\"target\":[\"https:\/\/reginett.ee\/toode\/murutraktori-aku-intact-garden-power-24ah\/\"]}]},{\"@type\":\"ImageObject\",\"inLanguage\":\"ru-RU\",\"@id\":\"https:\/\/reginett.ee\/toode\/murutraktori-aku-intact-garden-power-24ah\/#primaryimage\",\"url\":\"https:\/\/reginett.ee\/wp-content\/uploads\/2021\/04\/Intact-Garden-Power-aku.jpg\",\"contentUrl\":\"https:\/\/reginett.ee\/wp-content\/uploads\/2021\/04\/Intact-Garden-Power-aku.jpg\",\"width\":900,\"height\":900,\"caption\":\"Aku Intact Garden Power\"},{\"@type\":\"BreadcrumbList\",\"@id\":\"https:\/\/reginett.ee\/toode\/murutraktori-aku-intact-garden-power-24ah\/#breadcrumb\",\"itemListElement\":[{\"@type\":\"ListItem\",\"position\":1,\"name\":\"Home\",\"item\":\"https:\/\/reginett.ee\/ru\/\"},{\"@type\":\"ListItem\",\"position\":2,\"name\":\"Tooted\",\"item\":\"https:\/\/reginett.ee\/tooted\/\"},{\"@type\":\"ListItem\",\"position\":3,\"name\":\"Murutraktori aku Intact Garden Power 24Ah\"}]},{\"@type\":\"WebSite\",\"@id\":\"https:\/\/reginett.ee\/#website\",\"url\":\"https:\/\/reginett.ee\/\",\"name\":\"Reginett\",\"description\":\"Parimad robotniidukid\",\"potentialAction\":[{\"@type\":\"SearchAction\",\"target\":{\"@type\":\"EntryPoint\",\"urlTemplate\":\"https:\/\/reginett.ee\/?s={search_term_string}\"},\"query-input\":{\"@type\":\"PropertyValueSpecification\",\"valueRequired\":true,\"valueName\":\"search_term_string\"}}],\"inLanguage\":\"ru-RU\"}]}<\/script>\n<!-- \/ Yoast SEO plugin. -->","yoast_head_json":{"title":"Murutraktori aku Intact Garden Power. Akud koheselt olemas!","description":"Kvaliteetne ja vastupidav aku murutraktorile. Sobib paljudele mudelitele. Aku mahutavus 24Ah, pinge 12V ja k\u00e4ivitusvool 300A.","robots":{"index":"index","follow":"follow","max-snippet":"max-snippet:-1","max-image-preview":"max-image-preview:large","max-video-preview":"max-video-preview:-1"},"canonical":"https:\/\/reginett.ee\/toode\/murutraktori-aku-intact-garden-power-24ah\/","og_locale":"ru_RU","og_type":"article","og_title":"Murutraktori aku Intact Garden Power. Akud koheselt olemas!","og_description":"Kvaliteetne ja vastupidav aku murutraktorile. Sobib paljudele mudelitele. Aku mahutavus 24Ah, pinge 12V ja k\u00e4ivitusvool 300A.","og_url":"https:\/\/reginett.ee\/toode\/murutraktori-aku-intact-garden-power-24ah\/","og_site_name":"Reginett","article_modified_time":"2022-10-31T15:46:55+00:00","og_image":[{"width":900,"height":900,"url":"https:\/\/reginett.ee\/wp-content\/uploads\/2021\/04\/Intact-Garden-Power-aku.jpg","type":"image\/jpeg"}],"twitter_card":"summary_large_image","twitter_misc":{"\u041f\u0440\u0438\u043c\u0435\u0440\u043d\u043e\u0435 \u0432\u0440\u0435\u043c\u044f \u0434\u043b\u044f \u0447\u0442\u0435\u043d\u0438\u044f":"1 \u043c\u0438\u043d\u0443\u0442\u0430"},"schema":{"@context":"https:\/\/schema.org","@graph":[{"@type":"WebPage","@id":"https:\/\/reginett.ee\/toode\/murutraktori-aku-intact-garden-power-24ah\/","url":"https:\/\/reginett.ee\/toode\/murutraktori-aku-intact-garden-power-24ah\/","name":"Murutraktori aku Intact Garden Power. Akud koheselt olemas!","isPartOf":{"@id":"https:\/\/reginett.ee\/#website"},"primaryImageOfPage":{"@id":"https:\/\/reginett.ee\/toode\/murutraktori-aku-intact-garden-power-24ah\/#primaryimage"},"image":{"@id":"https:\/\/reginett.ee\/toode\/murutraktori-aku-intact-garden-power-24ah\/#primaryimage"},"thumbnailUrl":"https:\/\/reginett.ee\/wp-content\/uploads\/2021\/04\/Intact-Garden-Power-aku.jpg","datePublished":"2021-03-30T06:57:51+00:00","dateModified":"2022-10-31T15:46:55+00:00","description":"Kvaliteetne ja vastupidav aku murutraktorile. Sobib paljudele mudelitele. Aku mahutavus 24Ah, pinge 12V ja k\u00e4ivitusvool 300A.","breadcrumb":{"@id":"https:\/\/reginett.ee\/toode\/murutraktori-aku-intact-garden-power-24ah\/#breadcrumb"},"inLanguage":"ru-RU","potentialAction":[{"@type":"ReadAction","target":["https:\/\/reginett.ee\/toode\/murutraktori-aku-intact-garden-power-24ah\/"]}]},{"@type":"ImageObject","inLanguage":"ru-RU","@id":"https:\/\/reginett.ee\/toode\/murutraktori-aku-intact-garden-power-24ah\/#primaryimage","url":"https:\/\/reginett.ee\/wp-content\/uploads\/2021\/04\/Intact-Garden-Power-aku.jpg","contentUrl":"https:\/\/reginett.ee\/wp-content\/uploads\/2021\/04\/Intact-Garden-Power-aku.jpg","width":900,"height":900,"caption":"Aku Intact Garden Power"},{"@type":"BreadcrumbList","@id":"https:\/\/reginett.ee\/toode\/murutraktori-aku-intact-garden-power-24ah\/#breadcrumb","itemListElement":[{"@type":"ListItem","position":1,"name":"Home","item":"https:\/\/reginett.ee\/ru\/"},{"@type":"ListItem","position":2,"name":"Tooted","item":"https:\/\/reginett.ee\/tooted\/"},{"@type":"ListItem","position":3,"name":"Murutraktori aku Intact Garden Power 24Ah"}]},{"@type":"WebSite","@id":"https:\/\/reginett.ee\/#website","url":"https:\/\/reginett.ee\/","name":"Reginett","description":"Parimad robotniidukid","potentialAction":[{"@type":"SearchAction","target":{"@type":"EntryPoint","urlTemplate":"https:\/\/reginett.ee\/?s={search_term_string}"},"query-input":{"@type":"PropertyValueSpecification","valueRequired":true,"valueName":"search_term_string"}}],"inLanguage":"ru-RU"}]}},"brands":[],"_links":{"self":[{"href":"https:\/\/reginett.ee\/ru\/wp-json\/wp\/v2\/product\/54029","targetHints":{"allow":["GET"]}}],"collection":[{"href":"https:\/\/reginett.ee\/ru\/wp-json\/wp\/v2\/product"}],"about":[{"href":"https:\/\/reginett.ee\/ru\/wp-json\/wp\/v2\/types\/product"}],"replies":[{"embeddable":true,"href":"https:\/\/reginett.ee\/ru\/wp-json\/wp\/v2\/comments?post=54029"}],"wp:featuredmedia":[{"embeddable":true,"href":"https:\/\/reginett.ee\/ru\/wp-json\/wp\/v2\/media\/54030"}],"wp:attachment":[{"href":"https:\/\/reginett.ee\/ru\/wp-json\/wp\/v2\/media?parent=54029"}],"wp:term":[{"taxonomy":"pwb-brand","embeddable":true,"href":"https:\/\/reginett.ee\/ru\/wp-json\/wp\/v2\/pwb-brand?post=54029"},{"taxonomy":"product_brand","embeddable":true,"href":"https:\/\/reginett.ee\/ru\/wp-json\/wp\/v2\/product_brand?post=54029"},{"taxonomy":"product_cat","embeddable":true,"href":"https:\/\/reginett.ee\/ru\/wp-json\/wp\/v2\/product_cat?post=54029"},{"taxonomy":"product_tag","embeddable":true,"href":"https:\/\/reginett.ee\/ru\/wp-json\/wp\/v2\/product_tag?post=54029"}],"curies":[{"name":"wp","href":"https:\/\/api.w.org\/{rel}","templated":true}]}}