{"id":54000,"date":"2025-06-02T18:13:17","date_gmt":"2025-06-02T15:13:17","guid":{"rendered":"https:\/\/reginett.ee\/?post_type=product&#038;p=54000"},"modified":"2025-06-03T11:30:38","modified_gmt":"2025-06-03T08:30:38","slug":"akuga-muruniiduk-ego-lm1701e","status":"publish","type":"product","link":"https:\/\/reginett.ee\/ru\/toode\/akuga-muruniiduk-ego-lm1701e\/","title":{"rendered":"Akuga muruniiduk EGO LM1701E"},"content":{"rendered":"<p><strong>EGO LM1701E on v\u00e4ga mugav akuniiduk.<\/strong> V\u00e4iksematel pindadel ja suurema t\u00e4psusega takistuste \u00fcmber on see v\u00e4iksema niitmisv\u00f5imega niiduk ideaalne t\u00e4nu oma palju madalamatele teeninduskuludele ja kasutamisel tekkivatele heitekogustele. Kerge pol\u00fcprop\u00fcleenkorpusega on niiduaeg \u00fche laadimisega muljetavaldavad 400 m\u00b2. T\u00f6\u00f6laius 42cm.<\/p>\n<p>Komplekt koos 2,5Ah aku ja standardlaadijaga!<\/p>\n<p>Ligikaudsed t\u00f6\u00f6ajad:<\/p>\n<p>2,5 Ah aku \u2013 20 minutit<\/p>\n<p>5Ah aku \u2013 40 minutit<\/p>\n<p>7,5 Ah aku \u2013 60 minutit<\/p>\n<p>BENSIINIMOOTORI V\u00d5IMSUS ILMA BENSIINITA<\/p>\n<p>Vaheta fossiilk\u00fctused puhtama, rohelisema energia vastu. EGO Power+ pakub bensiinimootorile v\u00f5rdelist v\u00f5imsust, ilma sellega kaasneva m\u00fcra, sekelduste ja m\u00fcrgiste heitgaasideta.<\/p>\n<p>EGO unikaalne patenteeritud Arc liitiumaku on ehitatud nagu ei \u00fckski teine aku. Seet\u00f5ttu toimib ta ka nagu ei \u00fckski teine aku. Disainitud algusest peale nii, et see oleks v\u00f5rdne bensiinimootori poolt pakutava v\u00f5imsusega, on EGO Power+ 56V Arc liitiumakul uuenduslik disain aku jahutamise maksimeerimiseks. Erinevalt tavap\u00e4rastest tellisekujulistest akudest, kus akuelemendid on kokku pakitud, kuumenevad \u00fcle ja l\u00fclituvad v\u00e4lja, hajutab EGO unikaalne Arc disain kuumust t\u00f5husamalt.<\/p>\n<p>K\u00f5ik akuelemendid on \u00fcmbritsetud unikaalse Keep Cool\u2122 materjaliga, mis neelab soojusenergiat ja hoiab elemente kauem nende optimaalsel temperatuuril.<\/p>\n<p>EGO Power+ Arc 56V liitiumaku kasutab intelligentset energiahaldust, et iga akuelementi pidevalt j\u00e4lgida ja optimeerida, et saaksite alati parima v\u00f5imsuse, j\u00f5udluse ja t\u00f6\u00f6aja.<\/p>\n<p>Erinevalt teistest tootjatest, paigaldatakse meie akud jahutamise tagamiseks t\u00f6\u00f6riistadest v\u00e4ljapoole, mitte nende sisse. Tolmu ja niiskuse eest kaitseb neid vaikkate ning l\u00f6\u00f6ke ja vibratsiooni neelav korpus.<\/p>\n<p>Kui tuleb aeg akut laadida, on EGO Power+ Arc Lithium 56V liitiumaku k\u00f5ige kiiremini laetav aku.<\/p>\n<p>\u00dcks ja sama Arc liitiumaku sobib kasutamiseks k\u00f5ikide EGO Power+ tootesarja t\u00f6\u00f6riistadega. Kl\u00f5psake aku k\u00fclge ja olete t\u00f6\u00f6tamiseks valmis.<\/p>\n<p>K\u00f5ikidel EGO Power+ toodetel on kodukasutajatele 5-aastane garantii t\u00f6\u00f6riistade ja 3-aastane garantii akude puhul. Profikasutajatele kehtib garantii 12 kuud.<\/p>\n<p>LEEBEM TEIE K\u00c4TELE, K\u00d5RVADELE, RAHAKOTILE JA KESKKONNALE. EGO Power+ s\u00fcsteem pakub bensiinimootoriga v\u00f5rdelist v\u00f5imsust, ilma selle negatiivsete k\u00fclgedeta. See on lihtsam, puhtam, vaiksem ja v\u00e4iksema vibratsiooni t\u00f5ttu on seda mugavam kasutada. V\u00e4iksemad k\u00e4itus- ja hoolduskulud t\u00e4hendavad \u00fcleminekul EGO Power+ s\u00fcsteemile pikaajalist s\u00e4\u00e4stmist. Lisaks, kuna kasutamisel ei teki heitgaase, saate anda oma panuse keskkonnam\u00f5jude v\u00e4hendamisele.<\/p>\n<p>&nbsp;<\/p>\n","protected":false},"excerpt":{"rendered":"<p>EGO LM1701E on v\u00e4ga mugav akuniiduk. V\u00e4iksematel pindadel ja suurema t\u00e4psusega takistuste \u00fcmber on see v\u00e4iksema niitmisv\u00f5imega niiduk ideaalne t\u00e4nu oma palju madalamatele teeninduskuludele ja kasutamisel tekkivatele heitekogustele. Kerge pol\u00fcprop\u00fcleenkorpusega on niiduaeg \u00fche laadimisega muljetavaldavad 400 m\u00b2. T\u00f6\u00f6laius 42cm.<\/p>\n<p>Komplekt koos 2,5Ah aku ja standardlaadijaga!<\/p>\n","protected":false},"featured_media":54009,"comment_status":"open","ping_status":"closed","template":"","meta":{"_acf_changed":false,"_et_pb_use_builder":"","_et_pb_old_content":"","_et_gb_content_width":"","inline_featured_image":false},"pwb-brand":[],"product_brand":[],"product_cat":[48,153,134,25],"product_tag":[140,90],"class_list":{"0":"post-54000","1":"product","2":"type-product","3":"status-publish","4":"has-post-thumbnail","6":"product_cat-akutooted","7":"product_cat-ego","8":"product_cat-eripakkumised","9":"product_cat-muruniidukid","10":"product_tag-akuga-muruniiduk","11":"product_tag-akuniiduk","13":"first","14":"instock","15":"sale","16":"shipping-taxable","17":"purchasable","18":"product-type-simple"},"acf":[],"yoast_head":"<!-- This site is optimized with the Yoast SEO plugin v26.6 - https:\/\/yoast.com\/wordpress\/plugins\/seo\/ -->\n<title>Akuga muruniiduk EGO LM1701E. EGO akutooted Reginetist<\/title>\n<meta name=\"description\" content=\"EGO LM1701E on v\u00e4ga mugav akuniiduk. V\u00e4iksematel pindadel ja suurema t\u00e4psusega takistuste \u00fcmber on see v\u00e4iksema niitmisv\u00f5imega niiduk.\" \/>\n<meta name=\"robots\" content=\"index, follow, max-snippet:-1, max-image-preview:large, max-video-preview:-1\" \/>\n<link rel=\"canonical\" href=\"https:\/\/reginett.ee\/toode\/akuga-muruniiduk-ego-lm1701e\/\" \/>\n<meta property=\"og:locale\" content=\"ru_RU\" \/>\n<meta property=\"og:type\" content=\"article\" \/>\n<meta property=\"og:title\" content=\"Akuga muruniiduk EGO LM1701E. EGO akutooted Reginetist\" \/>\n<meta property=\"og:description\" content=\"EGO LM1701E on v\u00e4ga mugav akuniiduk. V\u00e4iksematel pindadel ja suurema t\u00e4psusega takistuste \u00fcmber on see v\u00e4iksema niitmisv\u00f5imega niiduk.\" \/>\n<meta property=\"og:url\" content=\"https:\/\/reginett.ee\/toode\/akuga-muruniiduk-ego-lm1701e\/\" \/>\n<meta property=\"og:site_name\" content=\"Reginett\" \/>\n<meta property=\"article:modified_time\" content=\"2025-06-03T08:30:38+00:00\" \/>\n<meta property=\"og:image\" content=\"https:\/\/reginett.ee\/wp-content\/uploads\/2021\/03\/Akuniiduk-EGO-LM1701E.jpg\" \/>\n\t<meta property=\"og:image:width\" content=\"680\" \/>\n\t<meta property=\"og:image:height\" content=\"372\" \/>\n\t<meta property=\"og:image:type\" content=\"image\/jpeg\" \/>\n<meta name=\"twitter:card\" content=\"summary_large_image\" \/>\n<meta name=\"twitter:label1\" content=\"\u041f\u0440\u0438\u043c\u0435\u0440\u043d\u043e\u0435 \u0432\u0440\u0435\u043c\u044f \u0434\u043b\u044f \u0447\u0442\u0435\u043d\u0438\u044f\" \/>\n\t<meta name=\"twitter:data1\" content=\"2 \u043c\u0438\u043d\u0443\u0442\u044b\" \/>\n<script type=\"application\/ld+json\" class=\"yoast-schema-graph\">{\"@context\":\"https:\/\/schema.org\",\"@graph\":[{\"@type\":\"WebPage\",\"@id\":\"https:\/\/reginett.ee\/toode\/akuga-muruniiduk-ego-lm1701e\/\",\"url\":\"https:\/\/reginett.ee\/toode\/akuga-muruniiduk-ego-lm1701e\/\",\"name\":\"Akuga muruniiduk EGO LM1701E. EGO akutooted Reginetist\",\"isPartOf\":{\"@id\":\"https:\/\/reginett.ee\/#website\"},\"primaryImageOfPage\":{\"@id\":\"https:\/\/reginett.ee\/toode\/akuga-muruniiduk-ego-lm1701e\/#primaryimage\"},\"image\":{\"@id\":\"https:\/\/reginett.ee\/toode\/akuga-muruniiduk-ego-lm1701e\/#primaryimage\"},\"thumbnailUrl\":\"https:\/\/reginett.ee\/wp-content\/uploads\/2021\/03\/Akuniiduk-EGO-LM1701E.jpg\",\"datePublished\":\"2025-06-02T15:13:17+00:00\",\"dateModified\":\"2025-06-03T08:30:38+00:00\",\"description\":\"EGO LM1701E on v\u00e4ga mugav akuniiduk. V\u00e4iksematel pindadel ja suurema t\u00e4psusega takistuste \u00fcmber on see v\u00e4iksema niitmisv\u00f5imega niiduk.\",\"breadcrumb\":{\"@id\":\"https:\/\/reginett.ee\/toode\/akuga-muruniiduk-ego-lm1701e\/#breadcrumb\"},\"inLanguage\":\"ru-RU\",\"potentialAction\":[{\"@type\":\"ReadAction\",\"target\":[\"https:\/\/reginett.ee\/toode\/akuga-muruniiduk-ego-lm1701e\/\"]}]},{\"@type\":\"ImageObject\",\"inLanguage\":\"ru-RU\",\"@id\":\"https:\/\/reginett.ee\/toode\/akuga-muruniiduk-ego-lm1701e\/#primaryimage\",\"url\":\"https:\/\/reginett.ee\/wp-content\/uploads\/2021\/03\/Akuniiduk-EGO-LM1701E.jpg\",\"contentUrl\":\"https:\/\/reginett.ee\/wp-content\/uploads\/2021\/03\/Akuniiduk-EGO-LM1701E.jpg\",\"width\":680,\"height\":372},{\"@type\":\"BreadcrumbList\",\"@id\":\"https:\/\/reginett.ee\/toode\/akuga-muruniiduk-ego-lm1701e\/#breadcrumb\",\"itemListElement\":[{\"@type\":\"ListItem\",\"position\":1,\"name\":\"Home\",\"item\":\"https:\/\/reginett.ee\/ru\/\"},{\"@type\":\"ListItem\",\"position\":2,\"name\":\"Tooted\",\"item\":\"https:\/\/reginett.ee\/tooted\/\"},{\"@type\":\"ListItem\",\"position\":3,\"name\":\"Akuga muruniiduk EGO LM1701E\"}]},{\"@type\":\"WebSite\",\"@id\":\"https:\/\/reginett.ee\/#website\",\"url\":\"https:\/\/reginett.ee\/\",\"name\":\"Reginett\",\"description\":\"Parimad robotniidukid\",\"potentialAction\":[{\"@type\":\"SearchAction\",\"target\":{\"@type\":\"EntryPoint\",\"urlTemplate\":\"https:\/\/reginett.ee\/?s={search_term_string}\"},\"query-input\":{\"@type\":\"PropertyValueSpecification\",\"valueRequired\":true,\"valueName\":\"search_term_string\"}}],\"inLanguage\":\"ru-RU\"}]}<\/script>\n<!-- \/ Yoast SEO plugin. -->","yoast_head_json":{"title":"Akuga muruniiduk EGO LM1701E. EGO akutooted Reginetist","description":"EGO LM1701E on v\u00e4ga mugav akuniiduk. V\u00e4iksematel pindadel ja suurema t\u00e4psusega takistuste \u00fcmber on see v\u00e4iksema niitmisv\u00f5imega niiduk.","robots":{"index":"index","follow":"follow","max-snippet":"max-snippet:-1","max-image-preview":"max-image-preview:large","max-video-preview":"max-video-preview:-1"},"canonical":"https:\/\/reginett.ee\/toode\/akuga-muruniiduk-ego-lm1701e\/","og_locale":"ru_RU","og_type":"article","og_title":"Akuga muruniiduk EGO LM1701E. EGO akutooted Reginetist","og_description":"EGO LM1701E on v\u00e4ga mugav akuniiduk. V\u00e4iksematel pindadel ja suurema t\u00e4psusega takistuste \u00fcmber on see v\u00e4iksema niitmisv\u00f5imega niiduk.","og_url":"https:\/\/reginett.ee\/toode\/akuga-muruniiduk-ego-lm1701e\/","og_site_name":"Reginett","article_modified_time":"2025-06-03T08:30:38+00:00","og_image":[{"width":680,"height":372,"url":"https:\/\/reginett.ee\/wp-content\/uploads\/2021\/03\/Akuniiduk-EGO-LM1701E.jpg","type":"image\/jpeg"}],"twitter_card":"summary_large_image","twitter_misc":{"\u041f\u0440\u0438\u043c\u0435\u0440\u043d\u043e\u0435 \u0432\u0440\u0435\u043c\u044f \u0434\u043b\u044f \u0447\u0442\u0435\u043d\u0438\u044f":"2 \u043c\u0438\u043d\u0443\u0442\u044b"},"schema":{"@context":"https:\/\/schema.org","@graph":[{"@type":"WebPage","@id":"https:\/\/reginett.ee\/toode\/akuga-muruniiduk-ego-lm1701e\/","url":"https:\/\/reginett.ee\/toode\/akuga-muruniiduk-ego-lm1701e\/","name":"Akuga muruniiduk EGO LM1701E. EGO akutooted Reginetist","isPartOf":{"@id":"https:\/\/reginett.ee\/#website"},"primaryImageOfPage":{"@id":"https:\/\/reginett.ee\/toode\/akuga-muruniiduk-ego-lm1701e\/#primaryimage"},"image":{"@id":"https:\/\/reginett.ee\/toode\/akuga-muruniiduk-ego-lm1701e\/#primaryimage"},"thumbnailUrl":"https:\/\/reginett.ee\/wp-content\/uploads\/2021\/03\/Akuniiduk-EGO-LM1701E.jpg","datePublished":"2025-06-02T15:13:17+00:00","dateModified":"2025-06-03T08:30:38+00:00","description":"EGO LM1701E on v\u00e4ga mugav akuniiduk. V\u00e4iksematel pindadel ja suurema t\u00e4psusega takistuste \u00fcmber on see v\u00e4iksema niitmisv\u00f5imega niiduk.","breadcrumb":{"@id":"https:\/\/reginett.ee\/toode\/akuga-muruniiduk-ego-lm1701e\/#breadcrumb"},"inLanguage":"ru-RU","potentialAction":[{"@type":"ReadAction","target":["https:\/\/reginett.ee\/toode\/akuga-muruniiduk-ego-lm1701e\/"]}]},{"@type":"ImageObject","inLanguage":"ru-RU","@id":"https:\/\/reginett.ee\/toode\/akuga-muruniiduk-ego-lm1701e\/#primaryimage","url":"https:\/\/reginett.ee\/wp-content\/uploads\/2021\/03\/Akuniiduk-EGO-LM1701E.jpg","contentUrl":"https:\/\/reginett.ee\/wp-content\/uploads\/2021\/03\/Akuniiduk-EGO-LM1701E.jpg","width":680,"height":372},{"@type":"BreadcrumbList","@id":"https:\/\/reginett.ee\/toode\/akuga-muruniiduk-ego-lm1701e\/#breadcrumb","itemListElement":[{"@type":"ListItem","position":1,"name":"Home","item":"https:\/\/reginett.ee\/ru\/"},{"@type":"ListItem","position":2,"name":"Tooted","item":"https:\/\/reginett.ee\/tooted\/"},{"@type":"ListItem","position":3,"name":"Akuga muruniiduk EGO LM1701E"}]},{"@type":"WebSite","@id":"https:\/\/reginett.ee\/#website","url":"https:\/\/reginett.ee\/","name":"Reginett","description":"Parimad robotniidukid","potentialAction":[{"@type":"SearchAction","target":{"@type":"EntryPoint","urlTemplate":"https:\/\/reginett.ee\/?s={search_term_string}"},"query-input":{"@type":"PropertyValueSpecification","valueRequired":true,"valueName":"search_term_string"}}],"inLanguage":"ru-RU"}]}},"brands":[],"_links":{"self":[{"href":"https:\/\/reginett.ee\/ru\/wp-json\/wp\/v2\/product\/54000","targetHints":{"allow":["GET"]}}],"collection":[{"href":"https:\/\/reginett.ee\/ru\/wp-json\/wp\/v2\/product"}],"about":[{"href":"https:\/\/reginett.ee\/ru\/wp-json\/wp\/v2\/types\/product"}],"replies":[{"embeddable":true,"href":"https:\/\/reginett.ee\/ru\/wp-json\/wp\/v2\/comments?post=54000"}],"wp:featuredmedia":[{"embeddable":true,"href":"https:\/\/reginett.ee\/ru\/wp-json\/wp\/v2\/media\/54009"}],"wp:attachment":[{"href":"https:\/\/reginett.ee\/ru\/wp-json\/wp\/v2\/media?parent=54000"}],"wp:term":[{"taxonomy":"pwb-brand","embeddable":true,"href":"https:\/\/reginett.ee\/ru\/wp-json\/wp\/v2\/pwb-brand?post=54000"},{"taxonomy":"product_brand","embeddable":true,"href":"https:\/\/reginett.ee\/ru\/wp-json\/wp\/v2\/product_brand?post=54000"},{"taxonomy":"product_cat","embeddable":true,"href":"https:\/\/reginett.ee\/ru\/wp-json\/wp\/v2\/product_cat?post=54000"},{"taxonomy":"product_tag","embeddable":true,"href":"https:\/\/reginett.ee\/ru\/wp-json\/wp\/v2\/product_tag?post=54000"}],"curies":[{"name":"wp","href":"https:\/\/api.w.org\/{rel}","templated":true}]}}