{"id":53971,"date":"2024-03-30T17:27:29","date_gmt":"2024-03-30T14:27:29","guid":{"rendered":"https:\/\/reginett.ee\/?post_type=product&#038;p=53971"},"modified":"2025-07-04T09:44:41","modified_gmt":"2025-07-04T06:44:41","slug":"nullpoorderaadiusega-niiduk-toro-titan-xxm4875-myride","status":"publish","type":"product","link":"https:\/\/reginett.ee\/ru\/toode\/nullpoorderaadiusega-niiduk-toro-titan-xxm4875-myride\/","title":{"rendered":"Nullp\u00f6\u00f6rderaadiusega niiduk TORO Titan ZXM4875 MyRide"},"content":{"rendered":"<p>Nullp\u00f6\u00f6rderaadiusega TORO Titan XZM4875 MyRide on v\u00f5imas ja v\u00e4ga vastupidav niidumasin. See zeroturn on m\u00f5eldud suurtele ja keerukatele pindadele.<\/p>\n<p>Haarake ohjad enda k\u00e4tte masinaga, mis tuleb toime ka k\u00f5ige raskemate t\u00f6\u00f6dega. TORO Titan, mille puhul on kasutatud meie kommertsklassi tootesarjaga sama tehnoloogiat, pakub professionaalsel tasemel sooritust ja tagab teie aia suurep\u00e4rase v\u00e4ljan\u00e4gemise paljudeks aastateks.<\/p>\n<p><strong>L\u00f5pp konarlikel s\u00f5itudel.<\/strong>\u00a0Kaitske oma keha karmi maastiku eest ja v\u00e4ltige aeglast niitmist, kasutades MyRIDE vedrustuss\u00fcsteemi. T\u00e4nu MyRIDE\u2019ile on teil tegevusest hea \u00fclevaade ja niiduk summutab k\u00f5ik maastiku ebatasasustest tingitud p\u00f5rutused, ilma et need teid m\u00f5jutaksid.<\/p>\n<p>TORO- k\u00f5ige kiirem niidutehnika!<\/p>\n<h3>Kohler V-Twin mootor<\/h3>\n<p>Kohler V-Twin mootorid on valmistatud silmas pidades professionaalide vajadusi. V\u00f5ite kindlad olla selle vastupidavuses ja kvaliteedis.<\/p>\n<h3>MyRide vedrustuss\u00fcsteemi<\/h3>\n<p>Kaitske oma keha karmi maastiku eest ja v\u00e4ltige aeglast niitmist, kasutades MyRIDE vedrustuss\u00fcsteemi. T\u00e4nu MyRIDE\u2019ile on teil tegevusest hea \u00fclevaade ja niiduk summutab k\u00f5ik maastiku ebatasasustest tingitud p\u00f5rutused, ilma et need teid m\u00f5jutaksid.<\/p>\n<h3>122 cm (48\u201c) keevis l\u00f5ikekorpus<\/h3>\n<p>\u00dclitugev zeroturni l\u00f5ikekorpus on ehitatud hakkama saama karmides tingimustes ja pakkuma t\u00f5eliselt head niidukvaliteeti. 11,4 cm s\u00fcgav, fabritseeritud keeviskorpus on v\u00e4ljakutseteks valmis. L\u00f5ikekorpuse esiserv on tugevdatud Toro \u201eBull-Nose\u201c kommerts t\u00fc\u00fcpi kaitserauaga. Kolm maapinda kopeerivad tugiratast ees aitavad v\u00e4ltida ebatasasel murul pinnasesse l\u00f5ikamist. Loo oma naturaalne v\u00e4etis, lisades Recycling Kit \u00ae mult\u0161ikate v\u00f5i kogu muru kokku lisana saada olevasse Twin Bagging kogumiskotti.<\/p>\n<h3>Hydro-Gear HG-ZT2800 k\u00e4igukast<\/h3>\n<p>HG-ZT2800 h\u00fcdrostaatiline j\u00f5u\u00fclekanne on sisemiselt hooldusvaba, varustatud kaitsekattega spin-on h\u00fcdrofiltritega. K\u00e4igukastile on projekteeritud v\u00e4hem v\u00f5imalikke lekkepunkte nii v\u00f5ib kasutaja kindel olla, et masina j\u00f5u\u00fclekanne on praktiliselt kuulikindel.<\/p>\n<h3>22\u201c x 11\u2033 tagumised rehvid<\/h3>\n<p>Need suured ja laiad rehvid v\u00f5imaldavad sujuvamat s\u00f5itu ebatasasel pinnal kui v\u00e4iksema l\u00e4bim\u00f5\u00f5duga rehvid. Rehvi laius aitab v\u00e4hendada nullp\u00f6\u00f6rderaadiusega niiduki survet pinnasele. Spetsiaalne rehvimuster tagab \u00f5ige veoj\u00f5u ja v\u00e4hendab haljasaladel murulapi \u00fcles rebimist.<\/p>\n<h3>Jalaga juhitav l\u00f5ikekorpuse t\u00f5stmine<\/h3>\n<p>See s\u00fcsteem v\u00f5imaldab niiduajal kiirelt t\u00f5sta ja langetada l\u00f5ikekorpust ilma k\u00e4si juhtkangidelt eemaldamata. L\u00f5ikek\u00f5rgus on vahemikus 3,8 cm \u2013 11,4 cm ja sel on 13 astet, 0,63 cm intervalliga, hoolitsedes et seadistus on sobilik just teile ja teie murule.<strong><br \/>\n<\/strong><\/p>\n<h3>Professionaali veri<\/h3>\n<p>Nende muruniidukite veenides voolab l\u00e4binisti meie kommertsniidukite veri, pakkudes teile sama tehnoloogiat ja vastupidavust, mida ootavad professionaalid, et saada t\u00f6\u00f6 iga kord korralikult tehtud juba esimese katsega.<\/p>\n<p>&nbsp;<\/p>\n","protected":false},"excerpt":{"rendered":"<p>Nullp\u00f6\u00f6rderaadiusega TORO Titan XZM4875 MyRide on v\u00f5imas ja v\u00e4ga vastupidav niidumasin. See zeroturn on m\u00f5eldud suurtele ja keerukatele pindadele.<\/p>\n<p>Haarake ohjad enda k\u00e4tte masinaga, mis tuleb toime ka k\u00f5ige raskemate t\u00f6\u00f6dega. TORO Titan, mille puhul on kasutatud meie kommertsklassi tootesarjaga sama tehnoloogiat, pakub professionaalsel tasemel sooritust ja tagab teie aia suurep\u00e4rase v\u00e4ljan\u00e4gemise paljudeks aastateks.<\/p>\n","protected":false},"featured_media":53976,"comment_status":"open","ping_status":"closed","template":"","meta":{"_acf_changed":false,"_et_pb_use_builder":"","_et_pb_old_content":"","_et_gb_content_width":"","inline_featured_image":false},"pwb-brand":[148],"product_brand":[],"product_cat":[26,149,57],"product_tag":[93,159,94],"class_list":{"0":"post-53971","1":"product","2":"type-product","3":"status-publish","4":"has-post-thumbnail","6":"pwb-brand-toro","7":"product_cat-murutraktorid","8":"product_cat-toro","9":"product_cat-zeroturnid","10":"product_tag-nullpoorderaadiusega","11":"product_tag-toro","12":"product_tag-zeroturn","13":"product_shipping_class-rasked-asjad","15":"first","16":"instock","17":"shipping-taxable","18":"purchasable","19":"product-type-simple"},"acf":[],"yoast_head":"<!-- This site is optimized with the Yoast SEO plugin v26.6 - https:\/\/yoast.com\/wordpress\/plugins\/seo\/ -->\n<title>Nullp\u00f6\u00f6rderaadiusega niiduk TORO Titan ZXM4875 MyRide<\/title>\n<meta name=\"description\" content=\"Nullp\u00f6\u00f6rderaadiusega TORO Titan XZM4875 MyRide on v\u00f5imas ja v\u00e4ga vastupidav niidumasin. See zeroturn on m\u00f5eldud suurtele ja keerukatele\" \/>\n<meta name=\"robots\" content=\"index, follow, max-snippet:-1, max-image-preview:large, max-video-preview:-1\" \/>\n<link rel=\"canonical\" href=\"https:\/\/reginett.ee\/toode\/nullpoorderaadiusega-niiduk-toro-titan-xxm4875-myride\/\" \/>\n<meta property=\"og:locale\" content=\"ru_RU\" \/>\n<meta property=\"og:type\" content=\"article\" \/>\n<meta property=\"og:title\" content=\"Nullp\u00f6\u00f6rderaadiusega niiduk TORO Titan ZXM4875 MyRide\" \/>\n<meta property=\"og:description\" content=\"Nullp\u00f6\u00f6rderaadiusega TORO Titan XZM4875 MyRide on v\u00f5imas ja v\u00e4ga vastupidav niidumasin. See zeroturn on m\u00f5eldud suurtele ja keerukatele\" \/>\n<meta property=\"og:url\" content=\"https:\/\/reginett.ee\/toode\/nullpoorderaadiusega-niiduk-toro-titan-xxm4875-myride\/\" \/>\n<meta property=\"og:site_name\" content=\"Reginett\" \/>\n<meta property=\"article:modified_time\" content=\"2025-07-04T06:44:41+00:00\" \/>\n<meta property=\"og:image\" content=\"https:\/\/reginett.ee\/wp-content\/uploads\/2021\/03\/TORO-Titan-MyRide-..jpg\" \/>\n\t<meta property=\"og:image:width\" content=\"680\" \/>\n\t<meta property=\"og:image:height\" content=\"372\" \/>\n\t<meta property=\"og:image:type\" content=\"image\/jpeg\" \/>\n<meta name=\"twitter:card\" content=\"summary_large_image\" \/>\n<meta name=\"twitter:label1\" content=\"\u041f\u0440\u0438\u043c\u0435\u0440\u043d\u043e\u0435 \u0432\u0440\u0435\u043c\u044f \u0434\u043b\u044f \u0447\u0442\u0435\u043d\u0438\u044f\" \/>\n\t<meta name=\"twitter:data1\" content=\"3 \u043c\u0438\u043d\u0443\u0442\u044b\" \/>\n<script type=\"application\/ld+json\" class=\"yoast-schema-graph\">{\"@context\":\"https:\/\/schema.org\",\"@graph\":[{\"@type\":\"WebPage\",\"@id\":\"https:\/\/reginett.ee\/toode\/nullpoorderaadiusega-niiduk-toro-titan-xxm4875-myride\/\",\"url\":\"https:\/\/reginett.ee\/toode\/nullpoorderaadiusega-niiduk-toro-titan-xxm4875-myride\/\",\"name\":\"Nullp\u00f6\u00f6rderaadiusega niiduk TORO Titan ZXM4875 MyRide\",\"isPartOf\":{\"@id\":\"https:\/\/reginett.ee\/#website\"},\"primaryImageOfPage\":{\"@id\":\"https:\/\/reginett.ee\/toode\/nullpoorderaadiusega-niiduk-toro-titan-xxm4875-myride\/#primaryimage\"},\"image\":{\"@id\":\"https:\/\/reginett.ee\/toode\/nullpoorderaadiusega-niiduk-toro-titan-xxm4875-myride\/#primaryimage\"},\"thumbnailUrl\":\"https:\/\/reginett.ee\/wp-content\/uploads\/2021\/03\/TORO-Titan-MyRide-..jpg\",\"datePublished\":\"2024-03-30T14:27:29+00:00\",\"dateModified\":\"2025-07-04T06:44:41+00:00\",\"description\":\"Nullp\u00f6\u00f6rderaadiusega TORO Titan XZM4875 MyRide on v\u00f5imas ja v\u00e4ga vastupidav niidumasin. See zeroturn on m\u00f5eldud suurtele ja keerukatele\",\"breadcrumb\":{\"@id\":\"https:\/\/reginett.ee\/toode\/nullpoorderaadiusega-niiduk-toro-titan-xxm4875-myride\/#breadcrumb\"},\"inLanguage\":\"ru-RU\",\"potentialAction\":[{\"@type\":\"ReadAction\",\"target\":[\"https:\/\/reginett.ee\/toode\/nullpoorderaadiusega-niiduk-toro-titan-xxm4875-myride\/\"]}]},{\"@type\":\"ImageObject\",\"inLanguage\":\"ru-RU\",\"@id\":\"https:\/\/reginett.ee\/toode\/nullpoorderaadiusega-niiduk-toro-titan-xxm4875-myride\/#primaryimage\",\"url\":\"https:\/\/reginett.ee\/wp-content\/uploads\/2021\/03\/TORO-Titan-MyRide-..jpg\",\"contentUrl\":\"https:\/\/reginett.ee\/wp-content\/uploads\/2021\/03\/TORO-Titan-MyRide-..jpg\",\"width\":680,\"height\":372,\"caption\":\"TORO Titan MyRide..\"},{\"@type\":\"BreadcrumbList\",\"@id\":\"https:\/\/reginett.ee\/toode\/nullpoorderaadiusega-niiduk-toro-titan-xxm4875-myride\/#breadcrumb\",\"itemListElement\":[{\"@type\":\"ListItem\",\"position\":1,\"name\":\"Home\",\"item\":\"https:\/\/reginett.ee\/ru\/\"},{\"@type\":\"ListItem\",\"position\":2,\"name\":\"Tooted\",\"item\":\"https:\/\/reginett.ee\/tooted\/\"},{\"@type\":\"ListItem\",\"position\":3,\"name\":\"Nullp\u00f6\u00f6rderaadiusega niiduk TORO Titan ZXM4875 MyRide\"}]},{\"@type\":\"WebSite\",\"@id\":\"https:\/\/reginett.ee\/#website\",\"url\":\"https:\/\/reginett.ee\/\",\"name\":\"Reginett\",\"description\":\"Parimad robotniidukid\",\"potentialAction\":[{\"@type\":\"SearchAction\",\"target\":{\"@type\":\"EntryPoint\",\"urlTemplate\":\"https:\/\/reginett.ee\/?s={search_term_string}\"},\"query-input\":{\"@type\":\"PropertyValueSpecification\",\"valueRequired\":true,\"valueName\":\"search_term_string\"}}],\"inLanguage\":\"ru-RU\"}]}<\/script>\n<!-- \/ Yoast SEO plugin. -->","yoast_head_json":{"title":"Nullp\u00f6\u00f6rderaadiusega niiduk TORO Titan ZXM4875 MyRide","description":"Nullp\u00f6\u00f6rderaadiusega TORO Titan XZM4875 MyRide on v\u00f5imas ja v\u00e4ga vastupidav niidumasin. See zeroturn on m\u00f5eldud suurtele ja keerukatele","robots":{"index":"index","follow":"follow","max-snippet":"max-snippet:-1","max-image-preview":"max-image-preview:large","max-video-preview":"max-video-preview:-1"},"canonical":"https:\/\/reginett.ee\/toode\/nullpoorderaadiusega-niiduk-toro-titan-xxm4875-myride\/","og_locale":"ru_RU","og_type":"article","og_title":"Nullp\u00f6\u00f6rderaadiusega niiduk TORO Titan ZXM4875 MyRide","og_description":"Nullp\u00f6\u00f6rderaadiusega TORO Titan XZM4875 MyRide on v\u00f5imas ja v\u00e4ga vastupidav niidumasin. See zeroturn on m\u00f5eldud suurtele ja keerukatele","og_url":"https:\/\/reginett.ee\/toode\/nullpoorderaadiusega-niiduk-toro-titan-xxm4875-myride\/","og_site_name":"Reginett","article_modified_time":"2025-07-04T06:44:41+00:00","og_image":[{"width":680,"height":372,"url":"https:\/\/reginett.ee\/wp-content\/uploads\/2021\/03\/TORO-Titan-MyRide-..jpg","type":"image\/jpeg"}],"twitter_card":"summary_large_image","twitter_misc":{"\u041f\u0440\u0438\u043c\u0435\u0440\u043d\u043e\u0435 \u0432\u0440\u0435\u043c\u044f \u0434\u043b\u044f \u0447\u0442\u0435\u043d\u0438\u044f":"3 \u043c\u0438\u043d\u0443\u0442\u044b"},"schema":{"@context":"https:\/\/schema.org","@graph":[{"@type":"WebPage","@id":"https:\/\/reginett.ee\/toode\/nullpoorderaadiusega-niiduk-toro-titan-xxm4875-myride\/","url":"https:\/\/reginett.ee\/toode\/nullpoorderaadiusega-niiduk-toro-titan-xxm4875-myride\/","name":"Nullp\u00f6\u00f6rderaadiusega niiduk TORO Titan ZXM4875 MyRide","isPartOf":{"@id":"https:\/\/reginett.ee\/#website"},"primaryImageOfPage":{"@id":"https:\/\/reginett.ee\/toode\/nullpoorderaadiusega-niiduk-toro-titan-xxm4875-myride\/#primaryimage"},"image":{"@id":"https:\/\/reginett.ee\/toode\/nullpoorderaadiusega-niiduk-toro-titan-xxm4875-myride\/#primaryimage"},"thumbnailUrl":"https:\/\/reginett.ee\/wp-content\/uploads\/2021\/03\/TORO-Titan-MyRide-..jpg","datePublished":"2024-03-30T14:27:29+00:00","dateModified":"2025-07-04T06:44:41+00:00","description":"Nullp\u00f6\u00f6rderaadiusega TORO Titan XZM4875 MyRide on v\u00f5imas ja v\u00e4ga vastupidav niidumasin. See zeroturn on m\u00f5eldud suurtele ja keerukatele","breadcrumb":{"@id":"https:\/\/reginett.ee\/toode\/nullpoorderaadiusega-niiduk-toro-titan-xxm4875-myride\/#breadcrumb"},"inLanguage":"ru-RU","potentialAction":[{"@type":"ReadAction","target":["https:\/\/reginett.ee\/toode\/nullpoorderaadiusega-niiduk-toro-titan-xxm4875-myride\/"]}]},{"@type":"ImageObject","inLanguage":"ru-RU","@id":"https:\/\/reginett.ee\/toode\/nullpoorderaadiusega-niiduk-toro-titan-xxm4875-myride\/#primaryimage","url":"https:\/\/reginett.ee\/wp-content\/uploads\/2021\/03\/TORO-Titan-MyRide-..jpg","contentUrl":"https:\/\/reginett.ee\/wp-content\/uploads\/2021\/03\/TORO-Titan-MyRide-..jpg","width":680,"height":372,"caption":"TORO Titan MyRide.."},{"@type":"BreadcrumbList","@id":"https:\/\/reginett.ee\/toode\/nullpoorderaadiusega-niiduk-toro-titan-xxm4875-myride\/#breadcrumb","itemListElement":[{"@type":"ListItem","position":1,"name":"Home","item":"https:\/\/reginett.ee\/ru\/"},{"@type":"ListItem","position":2,"name":"Tooted","item":"https:\/\/reginett.ee\/tooted\/"},{"@type":"ListItem","position":3,"name":"Nullp\u00f6\u00f6rderaadiusega niiduk TORO Titan ZXM4875 MyRide"}]},{"@type":"WebSite","@id":"https:\/\/reginett.ee\/#website","url":"https:\/\/reginett.ee\/","name":"Reginett","description":"Parimad robotniidukid","potentialAction":[{"@type":"SearchAction","target":{"@type":"EntryPoint","urlTemplate":"https:\/\/reginett.ee\/?s={search_term_string}"},"query-input":{"@type":"PropertyValueSpecification","valueRequired":true,"valueName":"search_term_string"}}],"inLanguage":"ru-RU"}]}},"brands":[{"id":148,"name":"Toro","slug":"toro"}],"_links":{"self":[{"href":"https:\/\/reginett.ee\/ru\/wp-json\/wp\/v2\/product\/53971","targetHints":{"allow":["GET"]}}],"collection":[{"href":"https:\/\/reginett.ee\/ru\/wp-json\/wp\/v2\/product"}],"about":[{"href":"https:\/\/reginett.ee\/ru\/wp-json\/wp\/v2\/types\/product"}],"replies":[{"embeddable":true,"href":"https:\/\/reginett.ee\/ru\/wp-json\/wp\/v2\/comments?post=53971"}],"wp:featuredmedia":[{"embeddable":true,"href":"https:\/\/reginett.ee\/ru\/wp-json\/wp\/v2\/media\/53976"}],"wp:attachment":[{"href":"https:\/\/reginett.ee\/ru\/wp-json\/wp\/v2\/media?parent=53971"}],"wp:term":[{"taxonomy":"pwb-brand","embeddable":true,"href":"https:\/\/reginett.ee\/ru\/wp-json\/wp\/v2\/pwb-brand?post=53971"},{"taxonomy":"product_brand","embeddable":true,"href":"https:\/\/reginett.ee\/ru\/wp-json\/wp\/v2\/product_brand?post=53971"},{"taxonomy":"product_cat","embeddable":true,"href":"https:\/\/reginett.ee\/ru\/wp-json\/wp\/v2\/product_cat?post=53971"},{"taxonomy":"product_tag","embeddable":true,"href":"https:\/\/reginett.ee\/ru\/wp-json\/wp\/v2\/product_tag?post=53971"}],"curies":[{"name":"wp","href":"https:\/\/api.w.org\/{rel}","templated":true}]}}