{"id":53964,"date":"2021-11-04T10:34:28","date_gmt":"2021-11-04T07:34:28","guid":{"rendered":"https:\/\/reginett.ee\/?post_type=product&#038;p=53964"},"modified":"2021-11-05T10:51:44","modified_gmt":"2021-11-05T07:51:44","slug":"olifilter-briggsstratton","status":"publish","type":"product","link":"https:\/\/reginett.ee\/ru\/toode\/olifilter-briggsstratton\/","title":{"rendered":"\u00d5lifilter Briggs&#038;Stratton"},"content":{"rendered":"<table id=\"product-attribute-specs-table\" class=\"data-table\">\n<tbody>\n<tr class=\"even\">\n<th class=\"label\">Sobivus<\/th>\n<td class=\"data last\">Briggs&amp;Stratton ; Kawasaki; Tecumseh OHV130,135\/150\/155\/165\/175\/180, TFT691<\/td>\n<\/tr>\n<tr class=\"odd\">\n<th class=\"label\">M\u00f5\u00f5dud<\/th>\n<td class=\"data last\">\u00d8 74,6mm x K57,2mm<\/td>\n<\/tr>\n<tr class=\"even\">\n<th class=\"label\">Keere<\/th>\n<td class=\"data last\">3\/4-16<\/td>\n<\/tr>\n<tr class=\"odd\">\n<th class=\"label\">Orig. kood<\/th>\n<td class=\"data last\">492932, 691041, 695396, 696854, 842921 ; 49065-7007 , 49065-7002 ; 36563 ; 531 30 73-89 , 531 30 70-43 ; 28 050 01<\/td>\n<\/tr>\n<tr class=\"even\">\n<th class=\"label\">Kaubam\u00e4rk<\/th>\n<td class=\"data last\">RATIOPARTS<\/td>\n<\/tr>\n<\/tbody>\n<\/table>\n<p>&nbsp;<\/p>\n","protected":false},"excerpt":{"rendered":"<p>\u00d5lifilter, mis sobib paljudele masinatele.<\/p>\n<table id=\"product-attribute-specs-table\" class=\"data-table\">\n<tbody>\n<tr class=\"even\">\n<td class=\"data last\">Briggs&amp;Stratton ; Kawasaki; Tecumseh OHV130,135\/150\/155\/165\/175\/180, TFT691<\/td>\n<\/tr>\n<\/tbody>\n<\/table>\n","protected":false},"featured_media":53965,"comment_status":"open","ping_status":"closed","template":"","meta":{"_acf_changed":false,"_et_pb_use_builder":"","_et_pb_old_content":"","_et_gb_content_width":"","inline_featured_image":false},"pwb-brand":[],"product_brand":[],"product_cat":[27],"product_tag":[278,279],"class_list":{"0":"post-53964","1":"product","2":"type-product","3":"status-publish","4":"has-post-thumbnail","6":"product_cat-tooriistad-ja-tarvikud","7":"product_tag-olifilter","8":"product_tag-varuosad","10":"first","11":"instock","12":"shipping-taxable","13":"purchasable","14":"product-type-simple"},"acf":[],"yoast_head":"<!-- This site is optimized with the Yoast SEO plugin v26.6 - https:\/\/yoast.com\/wordpress\/plugins\/seo\/ -->\n<title>\u00d5lifilter Briggs&amp;Stratton. Tarvikud ja varuosad Reginetist.<\/title>\n<meta name=\"description\" content=\"Briggs&amp;Stratton ; Kawasaki; Tecumseh OHV130,135\/150\/155\/165\/175\/180, TFT691. M\u00f5\u00f5dud \u00d8 74,6mm x K57,2mm keere\" \/>\n<meta name=\"robots\" content=\"index, follow, max-snippet:-1, max-image-preview:large, max-video-preview:-1\" \/>\n<link rel=\"canonical\" href=\"https:\/\/reginett.ee\/toode\/olifilter-briggsstratton\/\" \/>\n<meta property=\"og:locale\" content=\"ru_RU\" \/>\n<meta property=\"og:type\" content=\"article\" \/>\n<meta property=\"og:title\" content=\"\u00d5lifilter Briggs&amp;Stratton. Tarvikud ja varuosad Reginetist.\" \/>\n<meta property=\"og:description\" content=\"Briggs&amp;Stratton ; Kawasaki; Tecumseh OHV130,135\/150\/155\/165\/175\/180, TFT691. M\u00f5\u00f5dud \u00d8 74,6mm x K57,2mm keere\" \/>\n<meta property=\"og:url\" content=\"https:\/\/reginett.ee\/toode\/olifilter-briggsstratton\/\" \/>\n<meta property=\"og:site_name\" content=\"Reginett\" \/>\n<meta property=\"article:modified_time\" content=\"2021-11-05T07:51:44+00:00\" \/>\n<meta property=\"og:image\" content=\"https:\/\/reginett.ee\/wp-content\/uploads\/2021\/03\/Olifilter-BS-3-367.jpg\" \/>\n\t<meta property=\"og:image:width\" content=\"800\" \/>\n\t<meta property=\"og:image:height\" content=\"800\" \/>\n\t<meta property=\"og:image:type\" content=\"image\/jpeg\" \/>\n<meta name=\"twitter:card\" content=\"summary_large_image\" \/>\n<meta name=\"twitter:label1\" content=\"\u041f\u0440\u0438\u043c\u0435\u0440\u043d\u043e\u0435 \u0432\u0440\u0435\u043c\u044f \u0434\u043b\u044f \u0447\u0442\u0435\u043d\u0438\u044f\" \/>\n\t<meta name=\"twitter:data1\" content=\"1 \u043c\u0438\u043d\u0443\u0442\u0430\" \/>\n<script type=\"application\/ld+json\" class=\"yoast-schema-graph\">{\"@context\":\"https:\/\/schema.org\",\"@graph\":[{\"@type\":\"WebPage\",\"@id\":\"https:\/\/reginett.ee\/toode\/olifilter-briggsstratton\/\",\"url\":\"https:\/\/reginett.ee\/toode\/olifilter-briggsstratton\/\",\"name\":\"\u00d5lifilter Briggs&Stratton. Tarvikud ja varuosad Reginetist.\",\"isPartOf\":{\"@id\":\"https:\/\/reginett.ee\/#website\"},\"primaryImageOfPage\":{\"@id\":\"https:\/\/reginett.ee\/toode\/olifilter-briggsstratton\/#primaryimage\"},\"image\":{\"@id\":\"https:\/\/reginett.ee\/toode\/olifilter-briggsstratton\/#primaryimage\"},\"thumbnailUrl\":\"https:\/\/reginett.ee\/wp-content\/uploads\/2021\/03\/Olifilter-BS-3-367.jpg\",\"datePublished\":\"2021-11-04T07:34:28+00:00\",\"dateModified\":\"2021-11-05T07:51:44+00:00\",\"description\":\"Briggs&Stratton ; Kawasaki; Tecumseh OHV130,135\/150\/155\/165\/175\/180, TFT691. M\u00f5\u00f5dud \u00d8 74,6mm x K57,2mm keere\",\"breadcrumb\":{\"@id\":\"https:\/\/reginett.ee\/toode\/olifilter-briggsstratton\/#breadcrumb\"},\"inLanguage\":\"ru-RU\",\"potentialAction\":[{\"@type\":\"ReadAction\",\"target\":[\"https:\/\/reginett.ee\/toode\/olifilter-briggsstratton\/\"]}]},{\"@type\":\"ImageObject\",\"inLanguage\":\"ru-RU\",\"@id\":\"https:\/\/reginett.ee\/toode\/olifilter-briggsstratton\/#primaryimage\",\"url\":\"https:\/\/reginett.ee\/wp-content\/uploads\/2021\/03\/Olifilter-BS-3-367.jpg\",\"contentUrl\":\"https:\/\/reginett.ee\/wp-content\/uploads\/2021\/03\/Olifilter-BS-3-367.jpg\",\"width\":800,\"height\":800,\"caption\":\"\u00d5lifilter B&S\"},{\"@type\":\"BreadcrumbList\",\"@id\":\"https:\/\/reginett.ee\/toode\/olifilter-briggsstratton\/#breadcrumb\",\"itemListElement\":[{\"@type\":\"ListItem\",\"position\":1,\"name\":\"Home\",\"item\":\"https:\/\/reginett.ee\/ru\/\"},{\"@type\":\"ListItem\",\"position\":2,\"name\":\"Tooted\",\"item\":\"https:\/\/reginett.ee\/tooted\/\"},{\"@type\":\"ListItem\",\"position\":3,\"name\":\"\u00d5lifilter Briggs&#038;Stratton\"}]},{\"@type\":\"WebSite\",\"@id\":\"https:\/\/reginett.ee\/#website\",\"url\":\"https:\/\/reginett.ee\/\",\"name\":\"Reginett\",\"description\":\"Parimad robotniidukid\",\"potentialAction\":[{\"@type\":\"SearchAction\",\"target\":{\"@type\":\"EntryPoint\",\"urlTemplate\":\"https:\/\/reginett.ee\/?s={search_term_string}\"},\"query-input\":{\"@type\":\"PropertyValueSpecification\",\"valueRequired\":true,\"valueName\":\"search_term_string\"}}],\"inLanguage\":\"ru-RU\"}]}<\/script>\n<!-- \/ Yoast SEO plugin. -->","yoast_head_json":{"title":"\u00d5lifilter Briggs&Stratton. Tarvikud ja varuosad Reginetist.","description":"Briggs&Stratton ; Kawasaki; Tecumseh OHV130,135\/150\/155\/165\/175\/180, TFT691. M\u00f5\u00f5dud \u00d8 74,6mm x K57,2mm keere","robots":{"index":"index","follow":"follow","max-snippet":"max-snippet:-1","max-image-preview":"max-image-preview:large","max-video-preview":"max-video-preview:-1"},"canonical":"https:\/\/reginett.ee\/toode\/olifilter-briggsstratton\/","og_locale":"ru_RU","og_type":"article","og_title":"\u00d5lifilter Briggs&Stratton. Tarvikud ja varuosad Reginetist.","og_description":"Briggs&Stratton ; Kawasaki; Tecumseh OHV130,135\/150\/155\/165\/175\/180, TFT691. M\u00f5\u00f5dud \u00d8 74,6mm x K57,2mm keere","og_url":"https:\/\/reginett.ee\/toode\/olifilter-briggsstratton\/","og_site_name":"Reginett","article_modified_time":"2021-11-05T07:51:44+00:00","og_image":[{"width":800,"height":800,"url":"https:\/\/reginett.ee\/wp-content\/uploads\/2021\/03\/Olifilter-BS-3-367.jpg","type":"image\/jpeg"}],"twitter_card":"summary_large_image","twitter_misc":{"\u041f\u0440\u0438\u043c\u0435\u0440\u043d\u043e\u0435 \u0432\u0440\u0435\u043c\u044f \u0434\u043b\u044f \u0447\u0442\u0435\u043d\u0438\u044f":"1 \u043c\u0438\u043d\u0443\u0442\u0430"},"schema":{"@context":"https:\/\/schema.org","@graph":[{"@type":"WebPage","@id":"https:\/\/reginett.ee\/toode\/olifilter-briggsstratton\/","url":"https:\/\/reginett.ee\/toode\/olifilter-briggsstratton\/","name":"\u00d5lifilter Briggs&Stratton. Tarvikud ja varuosad Reginetist.","isPartOf":{"@id":"https:\/\/reginett.ee\/#website"},"primaryImageOfPage":{"@id":"https:\/\/reginett.ee\/toode\/olifilter-briggsstratton\/#primaryimage"},"image":{"@id":"https:\/\/reginett.ee\/toode\/olifilter-briggsstratton\/#primaryimage"},"thumbnailUrl":"https:\/\/reginett.ee\/wp-content\/uploads\/2021\/03\/Olifilter-BS-3-367.jpg","datePublished":"2021-11-04T07:34:28+00:00","dateModified":"2021-11-05T07:51:44+00:00","description":"Briggs&Stratton ; Kawasaki; Tecumseh OHV130,135\/150\/155\/165\/175\/180, TFT691. M\u00f5\u00f5dud \u00d8 74,6mm x K57,2mm keere","breadcrumb":{"@id":"https:\/\/reginett.ee\/toode\/olifilter-briggsstratton\/#breadcrumb"},"inLanguage":"ru-RU","potentialAction":[{"@type":"ReadAction","target":["https:\/\/reginett.ee\/toode\/olifilter-briggsstratton\/"]}]},{"@type":"ImageObject","inLanguage":"ru-RU","@id":"https:\/\/reginett.ee\/toode\/olifilter-briggsstratton\/#primaryimage","url":"https:\/\/reginett.ee\/wp-content\/uploads\/2021\/03\/Olifilter-BS-3-367.jpg","contentUrl":"https:\/\/reginett.ee\/wp-content\/uploads\/2021\/03\/Olifilter-BS-3-367.jpg","width":800,"height":800,"caption":"\u00d5lifilter B&S"},{"@type":"BreadcrumbList","@id":"https:\/\/reginett.ee\/toode\/olifilter-briggsstratton\/#breadcrumb","itemListElement":[{"@type":"ListItem","position":1,"name":"Home","item":"https:\/\/reginett.ee\/ru\/"},{"@type":"ListItem","position":2,"name":"Tooted","item":"https:\/\/reginett.ee\/tooted\/"},{"@type":"ListItem","position":3,"name":"\u00d5lifilter Briggs&#038;Stratton"}]},{"@type":"WebSite","@id":"https:\/\/reginett.ee\/#website","url":"https:\/\/reginett.ee\/","name":"Reginett","description":"Parimad robotniidukid","potentialAction":[{"@type":"SearchAction","target":{"@type":"EntryPoint","urlTemplate":"https:\/\/reginett.ee\/?s={search_term_string}"},"query-input":{"@type":"PropertyValueSpecification","valueRequired":true,"valueName":"search_term_string"}}],"inLanguage":"ru-RU"}]}},"brands":[],"_links":{"self":[{"href":"https:\/\/reginett.ee\/ru\/wp-json\/wp\/v2\/product\/53964","targetHints":{"allow":["GET"]}}],"collection":[{"href":"https:\/\/reginett.ee\/ru\/wp-json\/wp\/v2\/product"}],"about":[{"href":"https:\/\/reginett.ee\/ru\/wp-json\/wp\/v2\/types\/product"}],"replies":[{"embeddable":true,"href":"https:\/\/reginett.ee\/ru\/wp-json\/wp\/v2\/comments?post=53964"}],"wp:featuredmedia":[{"embeddable":true,"href":"https:\/\/reginett.ee\/ru\/wp-json\/wp\/v2\/media\/53965"}],"wp:attachment":[{"href":"https:\/\/reginett.ee\/ru\/wp-json\/wp\/v2\/media?parent=53964"}],"wp:term":[{"taxonomy":"pwb-brand","embeddable":true,"href":"https:\/\/reginett.ee\/ru\/wp-json\/wp\/v2\/pwb-brand?post=53964"},{"taxonomy":"product_brand","embeddable":true,"href":"https:\/\/reginett.ee\/ru\/wp-json\/wp\/v2\/product_brand?post=53964"},{"taxonomy":"product_cat","embeddable":true,"href":"https:\/\/reginett.ee\/ru\/wp-json\/wp\/v2\/product_cat?post=53964"},{"taxonomy":"product_tag","embeddable":true,"href":"https:\/\/reginett.ee\/ru\/wp-json\/wp\/v2\/product_tag?post=53964"}],"curies":[{"name":"wp","href":"https:\/\/api.w.org\/{rel}","templated":true}]}}