{"id":53929,"date":"2021-03-25T19:57:14","date_gmt":"2021-03-25T16:57:14","guid":{"rendered":"https:\/\/reginett.ee\/?post_type=product&#038;p=53929"},"modified":"2025-07-04T09:52:56","modified_gmt":"2025-07-04T06:52:56","slug":"survepesur-husqvarna-pw480-uus","status":"publish","type":"product","link":"https:\/\/reginett.ee\/ru\/toode\/survepesur-husqvarna-pw480-uus\/","title":{"rendered":"Survepesur Husqvarna PW480"},"content":{"rendered":"<p>Husqvarna PW480 on v\u00f5imas ning vastupidava induktsioonmootoriga k\u00f5rgsurvepesur, mis on etten\u00e4htud k\u00f5ige keerukamateks puhastust\u00f6\u00f6deks v\u00e4litingimustes. Keraamiliste kolvidega messingpump on \u00fclimalt vastupidav. Surveregulaatori abil saate veevoolu ja survet reguleerida. Pesuril on sisseehitatud pesuainemahuti, mille t\u00f6\u00f6d saab reguleerida esipaneelilt. Messingist pumbapea tagab pika ja tulemusliku t\u00f6\u00f6ea.<\/p>\n<p>Husqvarna PW480 komplektis on terastugevdusega k\u00f5rgsurvevoolik. Mugav k\u00e4ivitusnupp on tundlik ja k\u00e4ep\u00e4rane ning seda ei pea tugevasti vajutama. Toodet t\u00e4iendab kiirliitmikuga voolik, suured ja tugevad ning hea haarduvusega rattad ja pikk pihustivars.T\u00e4nu sisseehitatud voolikupoolile ning tarvikute ja toitejuhtme hoiukohale l\u00e4heb t\u00f6\u00f6 ladusalt. Komplektis on kaks otsikut.<\/p>\n<div class=\"col-sm-3 description\">\n<h3 class=\"h4 description-headline\">Messingist pumbapea<\/h3>\n<div class=\"description-text-wrapper\"><span class=\"description-text\">Messingist pumbapea on v\u00e4ga tugev ja purunemise suhtes vastupidav ning tagab pika ja tulemusliku t\u00f6\u00f6ea. <\/span><\/div>\n<div>\n<div class=\"col-sm-3 description\">\n<h3 class=\"h4 description-headline\">Induktsioonimootor<\/h3>\n<div class=\"description-text-wrapper\"><span class=\"description-text\">V\u00e4ga vastupidaval induktsioonimootoril on suur j\u00f5udlus ja pikk t\u00f6\u00f6iga. <\/span><\/div>\n<div>\n<div class=\"col-sm-3 description\">\n<h3 class=\"h4 description-headline\">Terastugevdusega k\u00f5rgsurvevoolik<\/h3>\n<div class=\"description-text-wrapper\"><span class=\"description-text\">Paindlik terastugevdusega k\u00f5rgsurvevoolik annab vastupidavust, kasutusmugavust ja pikendab toote t\u00f6\u00f6iga. <\/span><\/div>\n<div>\n<div class=\"col-sm-3 description\">\n<h3 class=\"h4 description-headline\">Sisseehitatud hoiukoht<\/h3>\n<div class=\"description-text-wrapper\"><span class=\"description-text\">Komplekti kuuluvad tarvikud saab panna masinasse sisseehitatud hoiukohta, kust neid on t\u00f5husa t\u00f6\u00f6 alustamiseks hea v\u00f5tta. <\/span><\/div>\n<div><\/div>\n<h3>Voolikupool<\/h3>\n<div>Mugav voolikut hoiustada. Kasutamisel on vajalik lahti kerida ainult nii palju voolikut, kui just tarvis.<\/div>\n<div><\/div>\n<h3>Surveregulaator<\/h3>\n<div>Surveregulaatori abil saab veevoolu ja -survet suurep\u00e4raselt reguleerida, et \u00e4ra hoida liigset veekasutust. Surveregulaatoril on funktsioon, mis p\u00fcsib eri otsikute ja tarvikute kasutamisel muutumatuna.<\/div>\n<\/div>\n<\/div>\n<\/div>\n<\/div>\n<\/div>\n<\/div>\n<div><\/div>\n<\/div>\n<p>&nbsp;<\/p>\n","protected":false},"excerpt":{"rendered":"<p>Husqvarna PW480 on v\u00f5imas ning vastupidava induktsioonmootoriga k\u00f5rgsurvepesur, mis on etten\u00e4htud k\u00f5ige keerukamateks puhastust\u00f6\u00f6deks v\u00e4litingimustes. Keraamiliste kolvidega messingpump on \u00fclimalt vastupidav. Surveregulaatori abil saate veevoolu ja survet reguleerida. Pesuril on sisseehitatud pesuainemahuti, mille t\u00f6\u00f6d saab reguleerida esipaneelilt. Messingist pumbapea tagab pika ja tulemusliku t\u00f6\u00f6ea.<\/p>\n","protected":false},"featured_media":53934,"comment_status":"open","ping_status":"closed","template":"","meta":{"_acf_changed":false,"_et_pb_use_builder":"","_et_pb_old_content":"","_et_gb_content_width":"","inline_featured_image":false},"pwb-brand":[],"product_brand":[],"product_cat":[37,28],"product_tag":[99,98],"class_list":{"0":"post-53929","1":"product","2":"type-product","3":"status-publish","4":"has-post-thumbnail","6":"product_cat-husqvarna","7":"product_cat-puhastustehnika","8":"product_tag-pesur","9":"product_tag-survepesur","10":"product_shipping_class-soodsam-kuller-15-eur","12":"first","13":"instock","14":"shipping-taxable","15":"purchasable","16":"product-type-simple"},"acf":[],"yoast_head":"<!-- This site is optimized with the Yoast SEO plugin v26.6 - https:\/\/yoast.com\/wordpress\/plugins\/seo\/ -->\n<title>Survepesur Husqvarna PW480 UUS!. Efektiivsed survepesurid Reginetist<\/title>\n<meta name=\"description\" content=\"Husqvarna PW480 on v\u00f5imas ning vastupidava induktsioonmootoriga k\u00f5rgsurvepesur, mis on etten\u00e4htud k\u00f5ige keerukamateks puhastust\u00f6\u00f6deks.\" \/>\n<meta name=\"robots\" content=\"index, follow, max-snippet:-1, max-image-preview:large, max-video-preview:-1\" \/>\n<link rel=\"canonical\" href=\"https:\/\/reginett.ee\/toode\/survepesur-husqvarna-pw480-uus\/\" \/>\n<meta property=\"og:locale\" content=\"ru_RU\" \/>\n<meta property=\"og:type\" content=\"article\" \/>\n<meta property=\"og:title\" content=\"Survepesur Husqvarna PW480 UUS!. Efektiivsed survepesurid Reginetist\" \/>\n<meta property=\"og:description\" content=\"Husqvarna PW480 on v\u00f5imas ning vastupidava induktsioonmootoriga k\u00f5rgsurvepesur, mis on etten\u00e4htud k\u00f5ige keerukamateks puhastust\u00f6\u00f6deks.\" \/>\n<meta property=\"og:url\" content=\"https:\/\/reginett.ee\/toode\/survepesur-husqvarna-pw480-uus\/\" \/>\n<meta property=\"og:site_name\" content=\"Reginett\" \/>\n<meta property=\"article:modified_time\" content=\"2025-07-04T06:52:56+00:00\" \/>\n<meta property=\"og:image\" content=\"https:\/\/reginett.ee\/wp-content\/uploads\/2021\/03\/Husqvarna-PW480..jpg\" \/>\n\t<meta property=\"og:image:width\" content=\"680\" \/>\n\t<meta property=\"og:image:height\" content=\"372\" \/>\n\t<meta property=\"og:image:type\" content=\"image\/jpeg\" \/>\n<meta name=\"twitter:card\" content=\"summary_large_image\" \/>\n<meta name=\"twitter:label1\" content=\"\u041f\u0440\u0438\u043c\u0435\u0440\u043d\u043e\u0435 \u0432\u0440\u0435\u043c\u044f \u0434\u043b\u044f \u0447\u0442\u0435\u043d\u0438\u044f\" \/>\n\t<meta name=\"twitter:data1\" content=\"1 \u043c\u0438\u043d\u0443\u0442\u0430\" \/>\n<script type=\"application\/ld+json\" class=\"yoast-schema-graph\">{\"@context\":\"https:\/\/schema.org\",\"@graph\":[{\"@type\":\"WebPage\",\"@id\":\"https:\/\/reginett.ee\/toode\/survepesur-husqvarna-pw480-uus\/\",\"url\":\"https:\/\/reginett.ee\/toode\/survepesur-husqvarna-pw480-uus\/\",\"name\":\"Survepesur Husqvarna PW480 UUS!. Efektiivsed survepesurid Reginetist\",\"isPartOf\":{\"@id\":\"https:\/\/reginett.ee\/#website\"},\"primaryImageOfPage\":{\"@id\":\"https:\/\/reginett.ee\/toode\/survepesur-husqvarna-pw480-uus\/#primaryimage\"},\"image\":{\"@id\":\"https:\/\/reginett.ee\/toode\/survepesur-husqvarna-pw480-uus\/#primaryimage\"},\"thumbnailUrl\":\"https:\/\/reginett.ee\/wp-content\/uploads\/2021\/03\/Husqvarna-PW480..jpg\",\"datePublished\":\"2021-03-25T16:57:14+00:00\",\"dateModified\":\"2025-07-04T06:52:56+00:00\",\"description\":\"Husqvarna PW480 on v\u00f5imas ning vastupidava induktsioonmootoriga k\u00f5rgsurvepesur, mis on etten\u00e4htud k\u00f5ige keerukamateks puhastust\u00f6\u00f6deks.\",\"breadcrumb\":{\"@id\":\"https:\/\/reginett.ee\/toode\/survepesur-husqvarna-pw480-uus\/#breadcrumb\"},\"inLanguage\":\"ru-RU\",\"potentialAction\":[{\"@type\":\"ReadAction\",\"target\":[\"https:\/\/reginett.ee\/toode\/survepesur-husqvarna-pw480-uus\/\"]}]},{\"@type\":\"ImageObject\",\"inLanguage\":\"ru-RU\",\"@id\":\"https:\/\/reginett.ee\/toode\/survepesur-husqvarna-pw480-uus\/#primaryimage\",\"url\":\"https:\/\/reginett.ee\/wp-content\/uploads\/2021\/03\/Husqvarna-PW480..jpg\",\"contentUrl\":\"https:\/\/reginett.ee\/wp-content\/uploads\/2021\/03\/Husqvarna-PW480..jpg\",\"width\":680,\"height\":372,\"caption\":\"Husqvarna PW480\"},{\"@type\":\"BreadcrumbList\",\"@id\":\"https:\/\/reginett.ee\/toode\/survepesur-husqvarna-pw480-uus\/#breadcrumb\",\"itemListElement\":[{\"@type\":\"ListItem\",\"position\":1,\"name\":\"Home\",\"item\":\"https:\/\/reginett.ee\/ru\/\"},{\"@type\":\"ListItem\",\"position\":2,\"name\":\"Tooted\",\"item\":\"https:\/\/reginett.ee\/tooted\/\"},{\"@type\":\"ListItem\",\"position\":3,\"name\":\"Survepesur Husqvarna PW480\"}]},{\"@type\":\"WebSite\",\"@id\":\"https:\/\/reginett.ee\/#website\",\"url\":\"https:\/\/reginett.ee\/\",\"name\":\"Reginett\",\"description\":\"Parimad robotniidukid\",\"potentialAction\":[{\"@type\":\"SearchAction\",\"target\":{\"@type\":\"EntryPoint\",\"urlTemplate\":\"https:\/\/reginett.ee\/?s={search_term_string}\"},\"query-input\":{\"@type\":\"PropertyValueSpecification\",\"valueRequired\":true,\"valueName\":\"search_term_string\"}}],\"inLanguage\":\"ru-RU\"}]}<\/script>\n<!-- \/ Yoast SEO plugin. -->","yoast_head_json":{"title":"Survepesur Husqvarna PW480 UUS!. Efektiivsed survepesurid Reginetist","description":"Husqvarna PW480 on v\u00f5imas ning vastupidava induktsioonmootoriga k\u00f5rgsurvepesur, mis on etten\u00e4htud k\u00f5ige keerukamateks puhastust\u00f6\u00f6deks.","robots":{"index":"index","follow":"follow","max-snippet":"max-snippet:-1","max-image-preview":"max-image-preview:large","max-video-preview":"max-video-preview:-1"},"canonical":"https:\/\/reginett.ee\/toode\/survepesur-husqvarna-pw480-uus\/","og_locale":"ru_RU","og_type":"article","og_title":"Survepesur Husqvarna PW480 UUS!. Efektiivsed survepesurid Reginetist","og_description":"Husqvarna PW480 on v\u00f5imas ning vastupidava induktsioonmootoriga k\u00f5rgsurvepesur, mis on etten\u00e4htud k\u00f5ige keerukamateks puhastust\u00f6\u00f6deks.","og_url":"https:\/\/reginett.ee\/toode\/survepesur-husqvarna-pw480-uus\/","og_site_name":"Reginett","article_modified_time":"2025-07-04T06:52:56+00:00","og_image":[{"width":680,"height":372,"url":"https:\/\/reginett.ee\/wp-content\/uploads\/2021\/03\/Husqvarna-PW480..jpg","type":"image\/jpeg"}],"twitter_card":"summary_large_image","twitter_misc":{"\u041f\u0440\u0438\u043c\u0435\u0440\u043d\u043e\u0435 \u0432\u0440\u0435\u043c\u044f \u0434\u043b\u044f \u0447\u0442\u0435\u043d\u0438\u044f":"1 \u043c\u0438\u043d\u0443\u0442\u0430"},"schema":{"@context":"https:\/\/schema.org","@graph":[{"@type":"WebPage","@id":"https:\/\/reginett.ee\/toode\/survepesur-husqvarna-pw480-uus\/","url":"https:\/\/reginett.ee\/toode\/survepesur-husqvarna-pw480-uus\/","name":"Survepesur Husqvarna PW480 UUS!. Efektiivsed survepesurid Reginetist","isPartOf":{"@id":"https:\/\/reginett.ee\/#website"},"primaryImageOfPage":{"@id":"https:\/\/reginett.ee\/toode\/survepesur-husqvarna-pw480-uus\/#primaryimage"},"image":{"@id":"https:\/\/reginett.ee\/toode\/survepesur-husqvarna-pw480-uus\/#primaryimage"},"thumbnailUrl":"https:\/\/reginett.ee\/wp-content\/uploads\/2021\/03\/Husqvarna-PW480..jpg","datePublished":"2021-03-25T16:57:14+00:00","dateModified":"2025-07-04T06:52:56+00:00","description":"Husqvarna PW480 on v\u00f5imas ning vastupidava induktsioonmootoriga k\u00f5rgsurvepesur, mis on etten\u00e4htud k\u00f5ige keerukamateks puhastust\u00f6\u00f6deks.","breadcrumb":{"@id":"https:\/\/reginett.ee\/toode\/survepesur-husqvarna-pw480-uus\/#breadcrumb"},"inLanguage":"ru-RU","potentialAction":[{"@type":"ReadAction","target":["https:\/\/reginett.ee\/toode\/survepesur-husqvarna-pw480-uus\/"]}]},{"@type":"ImageObject","inLanguage":"ru-RU","@id":"https:\/\/reginett.ee\/toode\/survepesur-husqvarna-pw480-uus\/#primaryimage","url":"https:\/\/reginett.ee\/wp-content\/uploads\/2021\/03\/Husqvarna-PW480..jpg","contentUrl":"https:\/\/reginett.ee\/wp-content\/uploads\/2021\/03\/Husqvarna-PW480..jpg","width":680,"height":372,"caption":"Husqvarna PW480"},{"@type":"BreadcrumbList","@id":"https:\/\/reginett.ee\/toode\/survepesur-husqvarna-pw480-uus\/#breadcrumb","itemListElement":[{"@type":"ListItem","position":1,"name":"Home","item":"https:\/\/reginett.ee\/ru\/"},{"@type":"ListItem","position":2,"name":"Tooted","item":"https:\/\/reginett.ee\/tooted\/"},{"@type":"ListItem","position":3,"name":"Survepesur Husqvarna PW480"}]},{"@type":"WebSite","@id":"https:\/\/reginett.ee\/#website","url":"https:\/\/reginett.ee\/","name":"Reginett","description":"Parimad robotniidukid","potentialAction":[{"@type":"SearchAction","target":{"@type":"EntryPoint","urlTemplate":"https:\/\/reginett.ee\/?s={search_term_string}"},"query-input":{"@type":"PropertyValueSpecification","valueRequired":true,"valueName":"search_term_string"}}],"inLanguage":"ru-RU"}]}},"brands":[],"_links":{"self":[{"href":"https:\/\/reginett.ee\/ru\/wp-json\/wp\/v2\/product\/53929","targetHints":{"allow":["GET"]}}],"collection":[{"href":"https:\/\/reginett.ee\/ru\/wp-json\/wp\/v2\/product"}],"about":[{"href":"https:\/\/reginett.ee\/ru\/wp-json\/wp\/v2\/types\/product"}],"replies":[{"embeddable":true,"href":"https:\/\/reginett.ee\/ru\/wp-json\/wp\/v2\/comments?post=53929"}],"wp:featuredmedia":[{"embeddable":true,"href":"https:\/\/reginett.ee\/ru\/wp-json\/wp\/v2\/media\/53934"}],"wp:attachment":[{"href":"https:\/\/reginett.ee\/ru\/wp-json\/wp\/v2\/media?parent=53929"}],"wp:term":[{"taxonomy":"pwb-brand","embeddable":true,"href":"https:\/\/reginett.ee\/ru\/wp-json\/wp\/v2\/pwb-brand?post=53929"},{"taxonomy":"product_brand","embeddable":true,"href":"https:\/\/reginett.ee\/ru\/wp-json\/wp\/v2\/product_brand?post=53929"},{"taxonomy":"product_cat","embeddable":true,"href":"https:\/\/reginett.ee\/ru\/wp-json\/wp\/v2\/product_cat?post=53929"},{"taxonomy":"product_tag","embeddable":true,"href":"https:\/\/reginett.ee\/ru\/wp-json\/wp\/v2\/product_tag?post=53929"}],"curies":[{"name":"wp","href":"https:\/\/api.w.org\/{rel}","templated":true}]}}