{"id":53915,"date":"2024-08-20T10:16:48","date_gmt":"2024-08-20T07:16:48","guid":{"rendered":"https:\/\/reginett.ee\/?post_type=product&#038;p=53915"},"modified":"2025-09-01T11:01:00","modified_gmt":"2025-09-01T08:01:00","slug":"robotniiduk-husqvarna-automower-435x-awd","status":"publish","type":"product","link":"https:\/\/reginett.ee\/ru\/toode\/robotniiduk-husqvarna-automower-435x-awd\/","title":{"rendered":"Robotniiduk Husqvarna Automower\u00ae 435X AWD"},"content":{"rendered":"<p>Husqvarna Automower\u00ae 435X AWD on robotmuruniidukite turuliider. Uus neljarattaveoline robotniiduk t\u00f6\u00f6tab raskusteta keerulistel, kuni 3500 m<sup>2<\/sup> muruplatsidel ja navigeerib vaevata kitsastes k\u00e4ikudes, raskel maastikul ja muljetavaldavatel kuni 70% kallakuga n\u00f5lvadel. X-Line varustuses on LED esituled, takistuste tuvastamine distantsilt ja nutikas juhtimine Automower\u00ae Access abil. Varustatud Automower\u00ae Connectiga, sealhulgas sisaldab ka GPS asukoha p\u00f5hist vargaj\u00e4litust.<\/p>\n<div class=\"col-sm-3 description\">\n<h3 class=\"h4 description-headline\">Neljarattavedu<\/h3>\n<div class=\"description-text-wrapper\"><span class=\"description-text\">Automower\u00ae AWD kontrollib k\u00f5iki nelja ratast eraldi, tagamaks suurep\u00e4rast haaret ka k\u00f5ige \u00e4\u00e4rmuslikematel pindadel. Suurep\u00e4rane kallakuv\u00f5imekus kuni 70% (35\u00b0) kallakutel. <\/span><\/div>\n<div>\n<div class=\"col-sm-3 description\">\n<h3 class=\"h4 description-headline\">GPS s\u00fcsteem<\/h3>\n<div class=\"description-text-wrapper\"><span class=\"description-text\">T\u00e4nu sisseehitatud GPS s\u00fcsteemile kaardistab niiduk aia ning korrigeerib oma niitmismustrit vastavalt vajadusele, tagamaks parima niidutulemuse. <\/span><\/div>\n<div>\n<div class=\"col-sm-3 description\">\n<h3 class=\"h4 description-headline\">Automower\u00ae Access<\/h3>\n<div class=\"description-text-wrapper\"><span class=\"description-text\">Uus ja lihtsustatud p\u00f6\u00f6rdnupu ja suure eraldusv\u00f5imega ekraaniga kasutajaliides, mis v\u00f5imaldab niidukit kergesti seadistada. Ikoonidel p\u00f5hinev men\u00fc\u00fc. <\/span><\/div>\n<div><\/div>\n<h3>Automower\u00ae Connect<\/h3>\n<div>Automower\u00ae Connect annab teile t\u00e4ieliku kontrolli oma Automower 435 AWD robotniiduki \u00fcle l\u00e4bi nutitelefoni. Saate anda k\u00e4ivitamis-, peatumis- ja parkimisk\u00e4ske, reguleerida seadeid, teateid vastu v\u00f5tta ning varguse korral k\u00f5ikjalt niiduki asukohta j\u00e4litada.<\/div>\n<div><\/div>\n<h3>Kallakuv\u00f5imekus kuni 70%<\/h3>\n<div>Suure mustriga rattad tagavad Automower 435AWD suurep\u00e4rase haarduvuse ka libedal pinnal ja kuni 70% kallakutel.<\/div>\n<div><\/div>\n<h3>Unikaalne l\u00f5ikes\u00fcsteem<\/h3>\n<div>Husqvarna Automower\u00ae l\u00f5ikab iga korraga ainult veidi, niidetud muru j\u00e4\u00e4b murupinnale v\u00e4etiseks. T\u00e4nu \u017eiletilaadsetele teradele v\u00e4heneb oluliselt ka energiakulu.<\/div>\n<div><\/div>\n<\/div>\n<h3>LED esituled<\/h3>\n<div>Energias\u00e4\u00e4stlikud LED esituled aitavad Automower 435 AWD niidukit pimedas paremini leida. Lisaks hakkavad tuled vilkuma, kui niidukil esineb m\u00f5ni t\u00f5rge.<\/div>\n<\/div>\n<\/div>\n<\/div>\n<\/div>\n","protected":false},"excerpt":{"rendered":"<p><strong>Husqvarna Automower\u00ae 435X AWD<\/strong> on robotmuruniidukite turuliider!<\/p>\n<p>Neljarattaveoline robotniiduk t\u00f6\u00f6tab raskusteta keerulistel, kuni 3500 m<sup>2<\/sup> muruplatsidel ja navigeerib vaevata kitsastes k\u00e4ikudes, raskel maastikul ja muljetavaldavatel kuni 70% kallakuga n\u00f5lvadel. X-Line varustuses on LED esituled, takistuste tuvastamine distantsilt ja nutikas juhtimine Automower\u00ae Access abil. Varustatud Automower\u00ae Connectiga, sealhulgas sisaldab ka GPS asukoha p\u00f5hist vargaj\u00e4litust.<\/p>\n","protected":false},"featured_media":53916,"comment_status":"open","ping_status":"closed","template":"","meta":{"_acf_changed":false,"_et_pb_use_builder":"","_et_pb_old_content":"","_et_gb_content_width":"","inline_featured_image":false},"pwb-brand":[147],"product_brand":[],"product_cat":[37,19],"product_tag":[259,44,81],"class_list":{"0":"post-53915","1":"product","2":"type-product","3":"status-publish","4":"has-post-thumbnail","6":"pwb-brand-husqvarna","7":"product_cat-husqvarna","8":"product_cat-robotniidukid","9":"product_tag-husqvarna-robotniiduk","10":"product_tag-robotniiduk","11":"product_tag-robotniidukid","12":"product_shipping_class-soodsam-kuller-15-eur","14":"first","15":"outofstock","16":"shipping-taxable","17":"purchasable","18":"product-type-simple"},"acf":[],"yoast_head":"<!-- This site is optimized with the Yoast SEO plugin v26.6 - https:\/\/yoast.com\/wordpress\/plugins\/seo\/ -->\n<title>Robotniiduk Husqvarna Automower\u00ae 435X AWD. Parim robotniiduk<\/title>\n<meta name=\"description\" content=\"Husqvarna Automower\u00ae 435X AWD on robotmuruniidukite turuliider. Uus neljarattaveoline robotniiduk t\u00f6\u00f6tab raskusteta keerulistel aladel\" \/>\n<meta name=\"robots\" content=\"index, follow, max-snippet:-1, max-image-preview:large, max-video-preview:-1\" \/>\n<link rel=\"canonical\" href=\"https:\/\/reginett.ee\/toode\/robotniiduk-husqvarna-automower-435x-awd\/\" \/>\n<meta property=\"og:locale\" content=\"ru_RU\" \/>\n<meta property=\"og:type\" content=\"article\" \/>\n<meta property=\"og:title\" content=\"Robotniiduk Husqvarna Automower\u00ae 435X AWD. Parim robotniiduk\" \/>\n<meta property=\"og:description\" content=\"Husqvarna Automower\u00ae 435X AWD on robotmuruniidukite turuliider. Uus neljarattaveoline robotniiduk t\u00f6\u00f6tab raskusteta keerulistel aladel\" \/>\n<meta property=\"og:url\" content=\"https:\/\/reginett.ee\/toode\/robotniiduk-husqvarna-automower-435x-awd\/\" \/>\n<meta property=\"og:site_name\" content=\"Reginett\" \/>\n<meta property=\"article:modified_time\" content=\"2025-09-01T08:01:00+00:00\" \/>\n<meta property=\"og:image\" content=\"https:\/\/reginett.ee\/wp-content\/uploads\/2021\/03\/Husqvarna-Automower-435AWD-scaled.jpg\" \/>\n\t<meta property=\"og:image:width\" content=\"2560\" \/>\n\t<meta property=\"og:image:height\" content=\"1229\" \/>\n\t<meta property=\"og:image:type\" content=\"image\/jpeg\" \/>\n<meta name=\"twitter:card\" content=\"summary_large_image\" \/>\n<meta name=\"twitter:label1\" content=\"\u041f\u0440\u0438\u043c\u0435\u0440\u043d\u043e\u0435 \u0432\u0440\u0435\u043c\u044f \u0434\u043b\u044f \u0447\u0442\u0435\u043d\u0438\u044f\" \/>\n\t<meta name=\"twitter:data1\" content=\"2 \u043c\u0438\u043d\u0443\u0442\u044b\" \/>\n<script type=\"application\/ld+json\" class=\"yoast-schema-graph\">{\"@context\":\"https:\/\/schema.org\",\"@graph\":[{\"@type\":\"WebPage\",\"@id\":\"https:\/\/reginett.ee\/toode\/robotniiduk-husqvarna-automower-435x-awd\/\",\"url\":\"https:\/\/reginett.ee\/toode\/robotniiduk-husqvarna-automower-435x-awd\/\",\"name\":\"Robotniiduk Husqvarna Automower\u00ae 435X AWD. Parim robotniiduk\",\"isPartOf\":{\"@id\":\"https:\/\/reginett.ee\/#website\"},\"primaryImageOfPage\":{\"@id\":\"https:\/\/reginett.ee\/toode\/robotniiduk-husqvarna-automower-435x-awd\/#primaryimage\"},\"image\":{\"@id\":\"https:\/\/reginett.ee\/toode\/robotniiduk-husqvarna-automower-435x-awd\/#primaryimage\"},\"thumbnailUrl\":\"https:\/\/reginett.ee\/wp-content\/uploads\/2021\/03\/Husqvarna-Automower-435AWD-scaled.jpg\",\"datePublished\":\"2024-08-20T07:16:48+00:00\",\"dateModified\":\"2025-09-01T08:01:00+00:00\",\"description\":\"Husqvarna Automower\u00ae 435X AWD on robotmuruniidukite turuliider. Uus neljarattaveoline robotniiduk t\u00f6\u00f6tab raskusteta keerulistel aladel\",\"breadcrumb\":{\"@id\":\"https:\/\/reginett.ee\/toode\/robotniiduk-husqvarna-automower-435x-awd\/#breadcrumb\"},\"inLanguage\":\"ru-RU\",\"potentialAction\":[{\"@type\":\"ReadAction\",\"target\":[\"https:\/\/reginett.ee\/toode\/robotniiduk-husqvarna-automower-435x-awd\/\"]}]},{\"@type\":\"ImageObject\",\"inLanguage\":\"ru-RU\",\"@id\":\"https:\/\/reginett.ee\/toode\/robotniiduk-husqvarna-automower-435x-awd\/#primaryimage\",\"url\":\"https:\/\/reginett.ee\/wp-content\/uploads\/2021\/03\/Husqvarna-Automower-435AWD-scaled.jpg\",\"contentUrl\":\"https:\/\/reginett.ee\/wp-content\/uploads\/2021\/03\/Husqvarna-Automower-435AWD-scaled.jpg\",\"width\":2560,\"height\":1229,\"caption\":\"Husqvarna Automower 435 AWD\"},{\"@type\":\"BreadcrumbList\",\"@id\":\"https:\/\/reginett.ee\/toode\/robotniiduk-husqvarna-automower-435x-awd\/#breadcrumb\",\"itemListElement\":[{\"@type\":\"ListItem\",\"position\":1,\"name\":\"Home\",\"item\":\"https:\/\/reginett.ee\/ru\/\"},{\"@type\":\"ListItem\",\"position\":2,\"name\":\"Tooted\",\"item\":\"https:\/\/reginett.ee\/tooted\/\"},{\"@type\":\"ListItem\",\"position\":3,\"name\":\"Robotniiduk Husqvarna Automower\u00ae 435X AWD\"}]},{\"@type\":\"WebSite\",\"@id\":\"https:\/\/reginett.ee\/#website\",\"url\":\"https:\/\/reginett.ee\/\",\"name\":\"Reginett\",\"description\":\"Parimad robotniidukid\",\"potentialAction\":[{\"@type\":\"SearchAction\",\"target\":{\"@type\":\"EntryPoint\",\"urlTemplate\":\"https:\/\/reginett.ee\/?s={search_term_string}\"},\"query-input\":{\"@type\":\"PropertyValueSpecification\",\"valueRequired\":true,\"valueName\":\"search_term_string\"}}],\"inLanguage\":\"ru-RU\"}]}<\/script>\n<!-- \/ Yoast SEO plugin. -->","yoast_head_json":{"title":"Robotniiduk Husqvarna Automower\u00ae 435X AWD. Parim robotniiduk","description":"Husqvarna Automower\u00ae 435X AWD on robotmuruniidukite turuliider. Uus neljarattaveoline robotniiduk t\u00f6\u00f6tab raskusteta keerulistel aladel","robots":{"index":"index","follow":"follow","max-snippet":"max-snippet:-1","max-image-preview":"max-image-preview:large","max-video-preview":"max-video-preview:-1"},"canonical":"https:\/\/reginett.ee\/toode\/robotniiduk-husqvarna-automower-435x-awd\/","og_locale":"ru_RU","og_type":"article","og_title":"Robotniiduk Husqvarna Automower\u00ae 435X AWD. Parim robotniiduk","og_description":"Husqvarna Automower\u00ae 435X AWD on robotmuruniidukite turuliider. Uus neljarattaveoline robotniiduk t\u00f6\u00f6tab raskusteta keerulistel aladel","og_url":"https:\/\/reginett.ee\/toode\/robotniiduk-husqvarna-automower-435x-awd\/","og_site_name":"Reginett","article_modified_time":"2025-09-01T08:01:00+00:00","og_image":[{"width":2560,"height":1229,"url":"https:\/\/reginett.ee\/wp-content\/uploads\/2021\/03\/Husqvarna-Automower-435AWD-scaled.jpg","type":"image\/jpeg"}],"twitter_card":"summary_large_image","twitter_misc":{"\u041f\u0440\u0438\u043c\u0435\u0440\u043d\u043e\u0435 \u0432\u0440\u0435\u043c\u044f \u0434\u043b\u044f \u0447\u0442\u0435\u043d\u0438\u044f":"2 \u043c\u0438\u043d\u0443\u0442\u044b"},"schema":{"@context":"https:\/\/schema.org","@graph":[{"@type":"WebPage","@id":"https:\/\/reginett.ee\/toode\/robotniiduk-husqvarna-automower-435x-awd\/","url":"https:\/\/reginett.ee\/toode\/robotniiduk-husqvarna-automower-435x-awd\/","name":"Robotniiduk Husqvarna Automower\u00ae 435X AWD. Parim robotniiduk","isPartOf":{"@id":"https:\/\/reginett.ee\/#website"},"primaryImageOfPage":{"@id":"https:\/\/reginett.ee\/toode\/robotniiduk-husqvarna-automower-435x-awd\/#primaryimage"},"image":{"@id":"https:\/\/reginett.ee\/toode\/robotniiduk-husqvarna-automower-435x-awd\/#primaryimage"},"thumbnailUrl":"https:\/\/reginett.ee\/wp-content\/uploads\/2021\/03\/Husqvarna-Automower-435AWD-scaled.jpg","datePublished":"2024-08-20T07:16:48+00:00","dateModified":"2025-09-01T08:01:00+00:00","description":"Husqvarna Automower\u00ae 435X AWD on robotmuruniidukite turuliider. Uus neljarattaveoline robotniiduk t\u00f6\u00f6tab raskusteta keerulistel aladel","breadcrumb":{"@id":"https:\/\/reginett.ee\/toode\/robotniiduk-husqvarna-automower-435x-awd\/#breadcrumb"},"inLanguage":"ru-RU","potentialAction":[{"@type":"ReadAction","target":["https:\/\/reginett.ee\/toode\/robotniiduk-husqvarna-automower-435x-awd\/"]}]},{"@type":"ImageObject","inLanguage":"ru-RU","@id":"https:\/\/reginett.ee\/toode\/robotniiduk-husqvarna-automower-435x-awd\/#primaryimage","url":"https:\/\/reginett.ee\/wp-content\/uploads\/2021\/03\/Husqvarna-Automower-435AWD-scaled.jpg","contentUrl":"https:\/\/reginett.ee\/wp-content\/uploads\/2021\/03\/Husqvarna-Automower-435AWD-scaled.jpg","width":2560,"height":1229,"caption":"Husqvarna Automower 435 AWD"},{"@type":"BreadcrumbList","@id":"https:\/\/reginett.ee\/toode\/robotniiduk-husqvarna-automower-435x-awd\/#breadcrumb","itemListElement":[{"@type":"ListItem","position":1,"name":"Home","item":"https:\/\/reginett.ee\/ru\/"},{"@type":"ListItem","position":2,"name":"Tooted","item":"https:\/\/reginett.ee\/tooted\/"},{"@type":"ListItem","position":3,"name":"Robotniiduk Husqvarna Automower\u00ae 435X AWD"}]},{"@type":"WebSite","@id":"https:\/\/reginett.ee\/#website","url":"https:\/\/reginett.ee\/","name":"Reginett","description":"Parimad robotniidukid","potentialAction":[{"@type":"SearchAction","target":{"@type":"EntryPoint","urlTemplate":"https:\/\/reginett.ee\/?s={search_term_string}"},"query-input":{"@type":"PropertyValueSpecification","valueRequired":true,"valueName":"search_term_string"}}],"inLanguage":"ru-RU"}]}},"brands":[{"id":147,"name":"Husqvarna","slug":"husqvarna"}],"_links":{"self":[{"href":"https:\/\/reginett.ee\/ru\/wp-json\/wp\/v2\/product\/53915","targetHints":{"allow":["GET"]}}],"collection":[{"href":"https:\/\/reginett.ee\/ru\/wp-json\/wp\/v2\/product"}],"about":[{"href":"https:\/\/reginett.ee\/ru\/wp-json\/wp\/v2\/types\/product"}],"replies":[{"embeddable":true,"href":"https:\/\/reginett.ee\/ru\/wp-json\/wp\/v2\/comments?post=53915"}],"wp:featuredmedia":[{"embeddable":true,"href":"https:\/\/reginett.ee\/ru\/wp-json\/wp\/v2\/media\/53916"}],"wp:attachment":[{"href":"https:\/\/reginett.ee\/ru\/wp-json\/wp\/v2\/media?parent=53915"}],"wp:term":[{"taxonomy":"pwb-brand","embeddable":true,"href":"https:\/\/reginett.ee\/ru\/wp-json\/wp\/v2\/pwb-brand?post=53915"},{"taxonomy":"product_brand","embeddable":true,"href":"https:\/\/reginett.ee\/ru\/wp-json\/wp\/v2\/product_brand?post=53915"},{"taxonomy":"product_cat","embeddable":true,"href":"https:\/\/reginett.ee\/ru\/wp-json\/wp\/v2\/product_cat?post=53915"},{"taxonomy":"product_tag","embeddable":true,"href":"https:\/\/reginett.ee\/ru\/wp-json\/wp\/v2\/product_tag?post=53915"}],"curies":[{"name":"wp","href":"https:\/\/api.w.org\/{rel}","templated":true}]}}