{"id":53795,"date":"2026-01-06T11:43:04","date_gmt":"2026-01-06T08:43:04","guid":{"rendered":"https:\/\/reginett.ee\/?post_type=product&#038;p=53795"},"modified":"2026-01-07T10:26:49","modified_gmt":"2026-01-07T07:26:49","slug":"raider-husqvarna-316tx-awd","status":"publish","type":"product","link":"https:\/\/reginett.ee\/ru\/toode\/raider-husqvarna-316tx-awd\/","title":{"rendered":"Raider Husqvarna 316TX AWD"},"content":{"rendered":"<p><strong>Husqvarna 316TX AWD<\/strong> on v\u00f5imsa kahesilindrilise Kawasaki mootoriga raider, mis pakub esmaklassilist BioClip\u00ae funktisooniga niitmist ja taha v\u00e4ljaviset. Pedaaljuhtimisega h\u00fcdrostaatiline \u00fclekanne, mugav n\u00e4idikublokk, topelt LED esituled ning lihtne l\u00f5ikekorpuse hooldusasendisse t\u00f5stmine tagavad mugava t\u00f6\u00f6tamise ja masina hooldamise.<\/p>\n<p>&nbsp;<\/p>\n<p>Niiduorgan ei kuulu komplekti!<\/p>\n<h3>Keskliigendiga roolimehhanism<\/h3>\n<div class=\"col-sm-3 description\">\n<div class=\"description-text-wrapper\"><span class=\"description-text\">Unikaalne keskliigendiga roolimehhanism, v\u00f5imaldab Husqvarna 316TX raideri tagumisi rattaid keerata masina all, mis annab masinale suurep\u00e4rase man\u00f6\u00f6verdusv\u00f5ime, j\u00e4ttes nii v\u00e4ikseima niitmata ala. <\/span><\/div>\n<div>\n<div class=\"col-sm-3 description\">\n<h3 class=\"h4 description-headline\">Ees asetsev l\u00f5ikekorpus<\/h3>\n<div class=\"description-text-wrapper\"><span class=\"description-text\">Eesasetsev l\u00f5ikekorpus v\u00f5imaldab mugavalt raideriga niita nii aianurkadest kui p\u00f5\u00f5saste alt. <\/span><\/div>\n<div>\n<div class=\"col-sm-3 description\">\n<h3 class=\"h4 description-headline\">N\u00e4idikute paneel<\/h3>\n<div class=\"description-text-wrapper\"><span class=\"description-text\">Intuitiivne n\u00e4idikute paneel annab Husqvarna 316TX kasutajale infot masina kohta ning vajadusel ka hoiatab, kui midagi on valesti. <\/span><\/div>\n<div><\/div>\n<h3>Topelt LED esituld tagavad parema n\u00e4htavuse.<\/h3>\n<div>Topelt LED esituled v\u00f5imaldavad efektiivsemalt t\u00f6\u00f6tada ka pimedamal ajal. Valgustavad nii l\u00e4hedale, kui ka kaugele.<\/div>\n<div><\/div>\n<\/div>\n<h3>Pedaaljuhtimisega h\u00fcdrostaatiline \u00fclekanne<\/h3>\n<div>S\u00f5idusuunda ja -kiirust reguleeritakse pedaalidega, t\u00e4nu millele on m\u00f5lemad k\u00e4ed vabad rooli keeramiseks.<\/div>\n<div><\/div>\n<h3>P\u00f6\u00f6ratavad tugirattad<\/h3>\n<div>L\u00f5ikekorpus on varustatud p\u00f6\u00f6ratavate tugiratastega, mis tagavad eriti sujuva p\u00f6\u00f6ramise. Rattad v\u00e4hendavad ka murupinnale tekkivat kahju.<\/div>\n<div><\/div>\n<h3>Kiirkinnitus<\/h3>\n<div>L\u00f5ikekorpuse ning lisatarvikute &#8212; hari, vasarniiduk, lumesahk ning lumepuhur &#8212; vahetamine k\u00e4ib kiiresti.<\/div>\n<div><\/div>\n<\/div>\n<div><a href=\"https:\/\/www.husqvarna.com\/ee\/tooted\/raiderid\/r-316tx\/967847401\/\">https:\/\/www.husqvarna.com\/ee\/tooted\/raiderid\/r-316tx\/967847401\/<\/a><\/div>\n<\/div>\n<\/div>\n<\/div>\n<p>&nbsp;<\/p>\n","protected":false},"excerpt":{"rendered":"<p><strong>Husqvarna 316TX AWD<\/strong> on v\u00f5imsa kahesilindrilise Kawasaki mootoriga raider, mis pakub esmaklassilist BioClip\u00ae funktisooniga niitmist ja taha v\u00e4ljaviset. Pedaaljuhtimisega h\u00fcdrostaatiline \u00fclekanne, mugav n\u00e4idikublokk, topelt LED esituled ning lihtne l\u00f5ikekorpuse hooldusasendisse t\u00f5stmine tagavad mugava t\u00f6\u00f6tamise ja masina hooldamise.<\/p>\n<p>&nbsp;<\/p>\n","protected":false},"featured_media":53796,"comment_status":"open","ping_status":"closed","template":"","meta":{"_acf_changed":false,"_et_pb_use_builder":"","_et_pb_old_content":"","_et_gb_content_width":"","inline_featured_image":false},"pwb-brand":[],"product_brand":[],"product_cat":[134,37,56],"product_tag":[91,272],"class_list":{"0":"post-53795","1":"product","2":"type-product","3":"status-publish","4":"has-post-thumbnail","6":"product_cat-eripakkumised","7":"product_cat-husqvarna","8":"product_cat-raiderid","9":"product_tag-raider","10":"product_tag-raiderid","11":"product_shipping_class-rasked-asjad","13":"first","14":"instock","15":"sale","16":"shipping-taxable","17":"purchasable","18":"product-type-simple"},"acf":[],"yoast_head":"<!-- This site is optimized with the Yoast SEO plugin v26.6 - https:\/\/yoast.com\/wordpress\/plugins\/seo\/ -->\n<title>Raider Husqvarna 316TX AWD. V\u00f5imsad Husqvarna raiderid<\/title>\n<meta name=\"description\" content=\"Husqvarna 316TX AWD on v\u00f5imsa kahesilindrilise Kawasaki mootoriga raider, mis pakub esmaklassilist BioClip\u00ae funktisooniga niitmist.\" \/>\n<meta name=\"robots\" content=\"index, follow, max-snippet:-1, max-image-preview:large, max-video-preview:-1\" \/>\n<link rel=\"canonical\" href=\"https:\/\/reginett.ee\/toode\/raider-husqvarna-316tx-awd\/\" \/>\n<meta property=\"og:locale\" content=\"ru_RU\" \/>\n<meta property=\"og:type\" content=\"article\" \/>\n<meta property=\"og:title\" content=\"Raider Husqvarna 316TX AWD. V\u00f5imsad Husqvarna raiderid\" \/>\n<meta property=\"og:description\" content=\"Husqvarna 316TX AWD on v\u00f5imsa kahesilindrilise Kawasaki mootoriga raider, mis pakub esmaklassilist BioClip\u00ae funktisooniga niitmist.\" \/>\n<meta property=\"og:url\" content=\"https:\/\/reginett.ee\/toode\/raider-husqvarna-316tx-awd\/\" \/>\n<meta property=\"og:site_name\" content=\"Reginett\" \/>\n<meta property=\"article:modified_time\" content=\"2026-01-07T07:26:49+00:00\" \/>\n<meta property=\"og:image\" content=\"https:\/\/reginett.ee\/wp-content\/uploads\/2021\/03\/Husqvarna-316TX-scaled.jpg\" \/>\n\t<meta property=\"og:image:width\" content=\"2560\" \/>\n\t<meta property=\"og:image:height\" content=\"1720\" \/>\n\t<meta property=\"og:image:type\" content=\"image\/jpeg\" \/>\n<meta name=\"twitter:card\" content=\"summary_large_image\" \/>\n<meta name=\"twitter:label1\" content=\"\u041f\u0440\u0438\u043c\u0435\u0440\u043d\u043e\u0435 \u0432\u0440\u0435\u043c\u044f \u0434\u043b\u044f \u0447\u0442\u0435\u043d\u0438\u044f\" \/>\n\t<meta name=\"twitter:data1\" content=\"1 \u043c\u0438\u043d\u0443\u0442\u0430\" \/>\n<script type=\"application\/ld+json\" class=\"yoast-schema-graph\">{\"@context\":\"https:\/\/schema.org\",\"@graph\":[{\"@type\":\"WebPage\",\"@id\":\"https:\/\/reginett.ee\/toode\/raider-husqvarna-316tx-awd\/\",\"url\":\"https:\/\/reginett.ee\/toode\/raider-husqvarna-316tx-awd\/\",\"name\":\"Raider Husqvarna 316TX AWD. V\u00f5imsad Husqvarna raiderid\",\"isPartOf\":{\"@id\":\"https:\/\/reginett.ee\/#website\"},\"primaryImageOfPage\":{\"@id\":\"https:\/\/reginett.ee\/toode\/raider-husqvarna-316tx-awd\/#primaryimage\"},\"image\":{\"@id\":\"https:\/\/reginett.ee\/toode\/raider-husqvarna-316tx-awd\/#primaryimage\"},\"thumbnailUrl\":\"https:\/\/reginett.ee\/wp-content\/uploads\/2021\/03\/Husqvarna-316TX-scaled.jpg\",\"datePublished\":\"2026-01-06T08:43:04+00:00\",\"dateModified\":\"2026-01-07T07:26:49+00:00\",\"description\":\"Husqvarna 316TX AWD on v\u00f5imsa kahesilindrilise Kawasaki mootoriga raider, mis pakub esmaklassilist BioClip\u00ae funktisooniga niitmist.\",\"breadcrumb\":{\"@id\":\"https:\/\/reginett.ee\/toode\/raider-husqvarna-316tx-awd\/#breadcrumb\"},\"inLanguage\":\"ru-RU\",\"potentialAction\":[{\"@type\":\"ReadAction\",\"target\":[\"https:\/\/reginett.ee\/toode\/raider-husqvarna-316tx-awd\/\"]}]},{\"@type\":\"ImageObject\",\"inLanguage\":\"ru-RU\",\"@id\":\"https:\/\/reginett.ee\/toode\/raider-husqvarna-316tx-awd\/#primaryimage\",\"url\":\"https:\/\/reginett.ee\/wp-content\/uploads\/2021\/03\/Husqvarna-316TX-scaled.jpg\",\"contentUrl\":\"https:\/\/reginett.ee\/wp-content\/uploads\/2021\/03\/Husqvarna-316TX-scaled.jpg\",\"width\":2560,\"height\":1720,\"caption\":\"Husqvarna 316TX\"},{\"@type\":\"BreadcrumbList\",\"@id\":\"https:\/\/reginett.ee\/toode\/raider-husqvarna-316tx-awd\/#breadcrumb\",\"itemListElement\":[{\"@type\":\"ListItem\",\"position\":1,\"name\":\"Home\",\"item\":\"https:\/\/reginett.ee\/ru\/\"},{\"@type\":\"ListItem\",\"position\":2,\"name\":\"Tooted\",\"item\":\"https:\/\/reginett.ee\/tooted\/\"},{\"@type\":\"ListItem\",\"position\":3,\"name\":\"Raider Husqvarna 316TX AWD\"}]},{\"@type\":\"WebSite\",\"@id\":\"https:\/\/reginett.ee\/#website\",\"url\":\"https:\/\/reginett.ee\/\",\"name\":\"Reginett\",\"description\":\"Parimad robotniidukid\",\"potentialAction\":[{\"@type\":\"SearchAction\",\"target\":{\"@type\":\"EntryPoint\",\"urlTemplate\":\"https:\/\/reginett.ee\/?s={search_term_string}\"},\"query-input\":{\"@type\":\"PropertyValueSpecification\",\"valueRequired\":true,\"valueName\":\"search_term_string\"}}],\"inLanguage\":\"ru-RU\"}]}<\/script>\n<!-- \/ Yoast SEO plugin. -->","yoast_head_json":{"title":"Raider Husqvarna 316TX AWD. V\u00f5imsad Husqvarna raiderid","description":"Husqvarna 316TX AWD on v\u00f5imsa kahesilindrilise Kawasaki mootoriga raider, mis pakub esmaklassilist BioClip\u00ae funktisooniga niitmist.","robots":{"index":"index","follow":"follow","max-snippet":"max-snippet:-1","max-image-preview":"max-image-preview:large","max-video-preview":"max-video-preview:-1"},"canonical":"https:\/\/reginett.ee\/toode\/raider-husqvarna-316tx-awd\/","og_locale":"ru_RU","og_type":"article","og_title":"Raider Husqvarna 316TX AWD. V\u00f5imsad Husqvarna raiderid","og_description":"Husqvarna 316TX AWD on v\u00f5imsa kahesilindrilise Kawasaki mootoriga raider, mis pakub esmaklassilist BioClip\u00ae funktisooniga niitmist.","og_url":"https:\/\/reginett.ee\/toode\/raider-husqvarna-316tx-awd\/","og_site_name":"Reginett","article_modified_time":"2026-01-07T07:26:49+00:00","og_image":[{"width":2560,"height":1720,"url":"https:\/\/reginett.ee\/wp-content\/uploads\/2021\/03\/Husqvarna-316TX-scaled.jpg","type":"image\/jpeg"}],"twitter_card":"summary_large_image","twitter_misc":{"\u041f\u0440\u0438\u043c\u0435\u0440\u043d\u043e\u0435 \u0432\u0440\u0435\u043c\u044f \u0434\u043b\u044f \u0447\u0442\u0435\u043d\u0438\u044f":"1 \u043c\u0438\u043d\u0443\u0442\u0430"},"schema":{"@context":"https:\/\/schema.org","@graph":[{"@type":"WebPage","@id":"https:\/\/reginett.ee\/toode\/raider-husqvarna-316tx-awd\/","url":"https:\/\/reginett.ee\/toode\/raider-husqvarna-316tx-awd\/","name":"Raider Husqvarna 316TX AWD. V\u00f5imsad Husqvarna raiderid","isPartOf":{"@id":"https:\/\/reginett.ee\/#website"},"primaryImageOfPage":{"@id":"https:\/\/reginett.ee\/toode\/raider-husqvarna-316tx-awd\/#primaryimage"},"image":{"@id":"https:\/\/reginett.ee\/toode\/raider-husqvarna-316tx-awd\/#primaryimage"},"thumbnailUrl":"https:\/\/reginett.ee\/wp-content\/uploads\/2021\/03\/Husqvarna-316TX-scaled.jpg","datePublished":"2026-01-06T08:43:04+00:00","dateModified":"2026-01-07T07:26:49+00:00","description":"Husqvarna 316TX AWD on v\u00f5imsa kahesilindrilise Kawasaki mootoriga raider, mis pakub esmaklassilist BioClip\u00ae funktisooniga niitmist.","breadcrumb":{"@id":"https:\/\/reginett.ee\/toode\/raider-husqvarna-316tx-awd\/#breadcrumb"},"inLanguage":"ru-RU","potentialAction":[{"@type":"ReadAction","target":["https:\/\/reginett.ee\/toode\/raider-husqvarna-316tx-awd\/"]}]},{"@type":"ImageObject","inLanguage":"ru-RU","@id":"https:\/\/reginett.ee\/toode\/raider-husqvarna-316tx-awd\/#primaryimage","url":"https:\/\/reginett.ee\/wp-content\/uploads\/2021\/03\/Husqvarna-316TX-scaled.jpg","contentUrl":"https:\/\/reginett.ee\/wp-content\/uploads\/2021\/03\/Husqvarna-316TX-scaled.jpg","width":2560,"height":1720,"caption":"Husqvarna 316TX"},{"@type":"BreadcrumbList","@id":"https:\/\/reginett.ee\/toode\/raider-husqvarna-316tx-awd\/#breadcrumb","itemListElement":[{"@type":"ListItem","position":1,"name":"Home","item":"https:\/\/reginett.ee\/ru\/"},{"@type":"ListItem","position":2,"name":"Tooted","item":"https:\/\/reginett.ee\/tooted\/"},{"@type":"ListItem","position":3,"name":"Raider Husqvarna 316TX AWD"}]},{"@type":"WebSite","@id":"https:\/\/reginett.ee\/#website","url":"https:\/\/reginett.ee\/","name":"Reginett","description":"Parimad robotniidukid","potentialAction":[{"@type":"SearchAction","target":{"@type":"EntryPoint","urlTemplate":"https:\/\/reginett.ee\/?s={search_term_string}"},"query-input":{"@type":"PropertyValueSpecification","valueRequired":true,"valueName":"search_term_string"}}],"inLanguage":"ru-RU"}]}},"brands":[],"_links":{"self":[{"href":"https:\/\/reginett.ee\/ru\/wp-json\/wp\/v2\/product\/53795","targetHints":{"allow":["GET"]}}],"collection":[{"href":"https:\/\/reginett.ee\/ru\/wp-json\/wp\/v2\/product"}],"about":[{"href":"https:\/\/reginett.ee\/ru\/wp-json\/wp\/v2\/types\/product"}],"replies":[{"embeddable":true,"href":"https:\/\/reginett.ee\/ru\/wp-json\/wp\/v2\/comments?post=53795"}],"wp:featuredmedia":[{"embeddable":true,"href":"https:\/\/reginett.ee\/ru\/wp-json\/wp\/v2\/media\/53796"}],"wp:attachment":[{"href":"https:\/\/reginett.ee\/ru\/wp-json\/wp\/v2\/media?parent=53795"}],"wp:term":[{"taxonomy":"pwb-brand","embeddable":true,"href":"https:\/\/reginett.ee\/ru\/wp-json\/wp\/v2\/pwb-brand?post=53795"},{"taxonomy":"product_brand","embeddable":true,"href":"https:\/\/reginett.ee\/ru\/wp-json\/wp\/v2\/product_brand?post=53795"},{"taxonomy":"product_cat","embeddable":true,"href":"https:\/\/reginett.ee\/ru\/wp-json\/wp\/v2\/product_cat?post=53795"},{"taxonomy":"product_tag","embeddable":true,"href":"https:\/\/reginett.ee\/ru\/wp-json\/wp\/v2\/product_tag?post=53795"}],"curies":[{"name":"wp","href":"https:\/\/api.w.org\/{rel}","templated":true}]}}