{"id":53792,"date":"2026-01-03T10:54:21","date_gmt":"2026-01-03T07:54:21","guid":{"rendered":"https:\/\/reginett.ee\/?post_type=product&#038;p=53792"},"modified":"2026-01-07T10:24:39","modified_gmt":"2026-01-07T07:24:39","slug":"raider-husqvarna-214c-uus","status":"publish","type":"product","link":"https:\/\/reginett.ee\/ru\/toode\/raider-husqvarna-214c-uus\/","title":{"rendered":"Raider Husqvarna 214C"},"content":{"rendered":"<p>Husqvarna 214C raider pakub esmaklassilist niidutulemust.<\/p>\n<p><strong>Komplektis Combi 94cm l\u00f5ikeorgan!<\/strong><\/p>\n<p>V\u00f5imalik on niidetav muru peenestada v\u00f5i taha v\u00e4lja visata. Mudel sobib kodukasutuseks inimestele, kes hindavad suurep\u00e4rast niidutulemust, juhitavust ning man\u00f6\u00f6verdusv\u00f5imet. Eesasetsev l\u00f5ikeorgan tagab suurep\u00e4rase \u00fclevaate niidetavast pinnast ning v\u00e4ga hea ligip\u00e4\u00e4setavuse. Lisamugavust annavad raiderile ka pedaalidega juhitav h\u00fcdrostaatiline k\u00e4igukast, uus ja mugav iste ning rool, lihtsasti ligip\u00e4\u00e4setavad juhikud ning automaatne teradel\u00fclitus. L\u00f5ikekorpuse hooldusasend v\u00f5imaldab mugavat l\u00f5ikekorpuse hooldamist. T\u00e4nu lisatarvikutele nagu j\u00e4relk\u00e4ru, samblareha, puistur on raider suurep\u00e4rane abiline sinu aias aastaringselt.<\/p>\n<div class=\"col-sm-3 description\">\n<h3 class=\"h4 description-headline\">BioClip\u00ae<\/h3>\n<div class=\"description-text-wrapper\"><span class=\"description-text\">Husqvarna 214C kasutatav BioClip\u00ae (mult\u0161imine) annab suurep\u00e4rase tulemuse sagedaselt niidetavatel murualadel. Rohulibled purustatakse peeneks haljasmassiks, mis laguneb kiiresti ning m\u00f5jub loodusliku v\u00e4etisena. <\/span><\/div>\n<div>\n<div class=\"col-sm-3 description\">\n<h3 class=\"h4 description-headline\">Hooldusasend<\/h3>\n<div class=\"description-text-wrapper\"><span class=\"description-text\">Hooldusasend Husqvarna 214C raideri l\u00f5ikekorpuse puhastamiseks ja hoolduseks. <\/span><\/div>\n<div>\n<div class=\"col-sm-3 description\">\n<h3 class=\"h4 description-headline\">Turn key start &#8212; tooreklapita k\u00e4ivitamine<\/h3>\n<div class=\"description-text-wrapper\"><span class=\"description-text\"> Mugav ja lihtne raideri k\u00e4ivitamine t\u00e4nu tooreklapita mootorile. Lihtsalt keera v\u00f5tit!<\/span><\/div>\n<div><\/div>\n<h3>P\u00f6\u00f6rdteljel tagasild<\/h3>\n<div>P\u00f6\u00f6rdteljel tagasild tagab parimad s\u00f5iduomadused ka ebatasasel pinnal.<\/div>\n<div><\/div>\n<h3>Pedaaljuhtimisega h\u00fcdrostaatiline \u00fclekanne<\/h3>\n<div>S\u00f5idusuunda ja -kiirust reguleeritakse pedaalidega, t\u00e4nu millele on m\u00f5lemad k\u00e4ed vabad rooli keeramiseks.<\/div>\n<div><\/div>\n<div><a href=\"https:\/\/www.husqvarna.com\/ee\/tooted\/raiderid\/r-214c\/970519401\/\">https:\/\/www.husqvarna.com\/ee\/tooted\/raiderid\/r-214c\/970519401\/<\/a><\/div>\n<div><\/div>\n<\/div>\n<\/div>\n<\/div>\n<\/div>\n<\/div>\n","protected":false},"excerpt":{"rendered":"<p><strong>\u00a0<\/strong>Husqvarna 214C raider pakub esmaklassilist niidutulemust.<\/p>\n<p><strong>Komplektis Combi 94cm l\u00f5ikeorgan!<\/strong><\/p>\n<p>V\u00f5imalik on niidetav muru peenestada v\u00f5i taha v\u00e4lja visata. Mudel sobib kodukasutuseks inimestele, kes hindavad suurep\u00e4rast niidutulemust, juhitavust ning man\u00f6\u00f6verdusv\u00f5imet.<\/p>\n","protected":false},"featured_media":53793,"comment_status":"open","ping_status":"closed","template":"","meta":{"_acf_changed":false,"_et_pb_use_builder":"on","_et_pb_old_content":"Husqvarna 214C raider pakub esmaklassilist niidutulemust.\r\n\r\n<strong>Komplektis Combi 94cm l\u00f5ikeorgan!<\/strong>\r\n\r\nV\u00f5imalik on niidetav muru peenestada v\u00f5i taha v\u00e4lja visata. Mudel sobib kodukasutuseks inimestele, kes hindavad suurep\u00e4rast niidutulemust, juhitavust ning man\u00f6\u00f6verdusv\u00f5imet. Eesasetsev l\u00f5ikeorgan tagab suurep\u00e4rase \u00fclevaate niidetavast pinnast ning v\u00e4ga hea ligip\u00e4\u00e4setavuse. Lisamugavust annavad raiderile ka pedaalidega juhitav h\u00fcdrostaatiline k\u00e4igukast, uus ja mugav iste ning rool, lihtsasti ligip\u00e4\u00e4setavad juhikud ning automaatne teradel\u00fclitus. L\u00f5ikekorpuse hooldusasend v\u00f5imaldab mugavat l\u00f5ikekorpuse hooldamist. T\u00e4nu lisatarvikutele nagu j\u00e4relk\u00e4ru, samblareha, puistur on raider suurep\u00e4rane abiline sinu aias aastaringselt.\r\n<div class=\"col-sm-3 description\">\r\n<h3 class=\"h4 description-headline\">BioClip\u00ae<\/h3>\r\n<div class=\"description-text-wrapper\"><span class=\"description-text\">Husqvarna 214C kasutatav BioClip\u00ae (mult\u0161imine) annab suurep\u00e4rase tulemuse sagedaselt niidetavatel murualadel. Rohulibled purustatakse peeneks haljasmassiks, mis laguneb kiiresti ning m\u00f5jub loodusliku v\u00e4etisena. <\/span><\/div>\r\n<div>\r\n<div class=\"col-sm-3 description\">\r\n<h3 class=\"h4 description-headline\">Hooldusasend<\/h3>\r\n<div class=\"description-text-wrapper\"><span class=\"description-text\">Hooldusasend Husqvarna 214C raideri l\u00f5ikekorpuse puhastamiseks ja hoolduseks. <\/span><\/div>\r\n<div>\r\n<div class=\"col-sm-3 description\">\r\n<h3 class=\"h4 description-headline\">Turn key start - tooreklapita k\u00e4ivitamine<\/h3>\r\n<div class=\"description-text-wrapper\"><span class=\"description-text\"> Mugav ja lihtne raideri k\u00e4ivitamine t\u00e4nu tooreklapita mootorile. Lihtsalt keera v\u00f5tit!<\/span><\/div>\r\n<div><\/div>\r\n<h3>P\u00f6\u00f6rdteljel tagasild<\/h3>\r\n<div>P\u00f6\u00f6rdteljel tagasild tagab parimad s\u00f5iduomadused ka ebatasasel pinnal.<\/div>\r\n<div><\/div>\r\n<h3>Pedaaljuhtimisega h\u00fcdrostaatiline \u00fclekanne<\/h3>\r\n<div>S\u00f5idusuunda ja -kiirust reguleeritakse pedaalidega, t\u00e4nu millele on m\u00f5lemad k\u00e4ed vabad rooli keeramiseks.<\/div>\r\n<div><\/div>\r\n<div><a href=\"https:\/\/www.husqvarna.com\/ee\/tooted\/raiderid\/r-214c\/970519401\/\">https:\/\/www.husqvarna.com\/ee\/tooted\/raiderid\/r-214c\/970519401\/<\/a><\/div>\r\n<div><\/div>\r\n<\/div>\r\n<\/div>\r\n<\/div>\r\n<\/div>\r\n<\/div>","_et_gb_content_width":"","inline_featured_image":false},"pwb-brand":[147],"product_brand":[],"product_cat":[134,37,56],"product_tag":[91,272],"class_list":{"0":"post-53792","1":"product","2":"type-product","3":"status-publish","4":"has-post-thumbnail","6":"pwb-brand-husqvarna","7":"product_cat-eripakkumised","8":"product_cat-husqvarna","9":"product_cat-raiderid","10":"product_tag-raider","11":"product_tag-raiderid","12":"product_shipping_class-rasked-asjad","14":"first","15":"instock","16":"sale","17":"shipping-taxable","18":"purchasable","19":"product-type-simple"},"acf":[],"yoast_head":"<!-- This site is optimized with the Yoast SEO plugin v26.6 - https:\/\/yoast.com\/wordpress\/plugins\/seo\/ -->\n<title>Raider Husqvarna 214C. Uued Husqvarna raiderid Reginetis<\/title>\n<meta name=\"description\" content=\"Husqvarna 214C raider pakub esmaklassilist niidutulemust.Komplektis Combi 94cm l\u00f5ikeorgan!V\u00f5imalik on niidetav muru peenestada\" \/>\n<meta name=\"robots\" content=\"index, follow, max-snippet:-1, max-image-preview:large, max-video-preview:-1\" \/>\n<link rel=\"canonical\" href=\"https:\/\/reginett.ee\/toode\/raider-husqvarna-214c-uus\/\" \/>\n<meta property=\"og:locale\" content=\"ru_RU\" \/>\n<meta property=\"og:type\" content=\"article\" \/>\n<meta property=\"og:title\" content=\"Raider Husqvarna 214C. Uued Husqvarna raiderid Reginetis\" \/>\n<meta property=\"og:description\" content=\"Husqvarna 214C raider pakub esmaklassilist niidutulemust.Komplektis Combi 94cm l\u00f5ikeorgan!V\u00f5imalik on niidetav muru peenestada\" \/>\n<meta property=\"og:url\" content=\"https:\/\/reginett.ee\/toode\/raider-husqvarna-214c-uus\/\" \/>\n<meta property=\"og:site_name\" content=\"Reginett\" \/>\n<meta property=\"article:modified_time\" content=\"2026-01-07T07:24:39+00:00\" \/>\n<meta property=\"og:image\" content=\"https:\/\/reginett.ee\/wp-content\/uploads\/2021\/03\/raider-Husqvarna-214C-scaled.jpg\" \/>\n\t<meta property=\"og:image:width\" content=\"2560\" \/>\n\t<meta property=\"og:image:height\" content=\"1638\" \/>\n\t<meta property=\"og:image:type\" content=\"image\/jpeg\" \/>\n<meta name=\"twitter:card\" content=\"summary_large_image\" \/>\n<meta name=\"twitter:label1\" content=\"\u041f\u0440\u0438\u043c\u0435\u0440\u043d\u043e\u0435 \u0432\u0440\u0435\u043c\u044f \u0434\u043b\u044f \u0447\u0442\u0435\u043d\u0438\u044f\" \/>\n\t<meta name=\"twitter:data1\" content=\"1 \u043c\u0438\u043d\u0443\u0442\u0430\" \/>\n<script type=\"application\/ld+json\" class=\"yoast-schema-graph\">{\"@context\":\"https:\/\/schema.org\",\"@graph\":[{\"@type\":\"WebPage\",\"@id\":\"https:\/\/reginett.ee\/toode\/raider-husqvarna-214c-uus\/\",\"url\":\"https:\/\/reginett.ee\/toode\/raider-husqvarna-214c-uus\/\",\"name\":\"Raider Husqvarna 214C. Uued Husqvarna raiderid Reginetis\",\"isPartOf\":{\"@id\":\"https:\/\/reginett.ee\/#website\"},\"primaryImageOfPage\":{\"@id\":\"https:\/\/reginett.ee\/toode\/raider-husqvarna-214c-uus\/#primaryimage\"},\"image\":{\"@id\":\"https:\/\/reginett.ee\/toode\/raider-husqvarna-214c-uus\/#primaryimage\"},\"thumbnailUrl\":\"https:\/\/reginett.ee\/wp-content\/uploads\/2021\/03\/raider-Husqvarna-214C-scaled.jpg\",\"datePublished\":\"2026-01-03T07:54:21+00:00\",\"dateModified\":\"2026-01-07T07:24:39+00:00\",\"description\":\"Husqvarna 214C raider pakub esmaklassilist niidutulemust.Komplektis Combi 94cm l\u00f5ikeorgan!V\u00f5imalik on niidetav muru peenestada\",\"breadcrumb\":{\"@id\":\"https:\/\/reginett.ee\/toode\/raider-husqvarna-214c-uus\/#breadcrumb\"},\"inLanguage\":\"ru-RU\",\"potentialAction\":[{\"@type\":\"ReadAction\",\"target\":[\"https:\/\/reginett.ee\/toode\/raider-husqvarna-214c-uus\/\"]}]},{\"@type\":\"ImageObject\",\"inLanguage\":\"ru-RU\",\"@id\":\"https:\/\/reginett.ee\/toode\/raider-husqvarna-214c-uus\/#primaryimage\",\"url\":\"https:\/\/reginett.ee\/wp-content\/uploads\/2021\/03\/raider-Husqvarna-214C-scaled.jpg\",\"contentUrl\":\"https:\/\/reginett.ee\/wp-content\/uploads\/2021\/03\/raider-Husqvarna-214C-scaled.jpg\",\"width\":2560,\"height\":1638,\"caption\":\"raider Husqvarna 214C\"},{\"@type\":\"BreadcrumbList\",\"@id\":\"https:\/\/reginett.ee\/toode\/raider-husqvarna-214c-uus\/#breadcrumb\",\"itemListElement\":[{\"@type\":\"ListItem\",\"position\":1,\"name\":\"Home\",\"item\":\"https:\/\/reginett.ee\/ru\/\"},{\"@type\":\"ListItem\",\"position\":2,\"name\":\"Tooted\",\"item\":\"https:\/\/reginett.ee\/tooted\/\"},{\"@type\":\"ListItem\",\"position\":3,\"name\":\"Raider Husqvarna 214C\"}]},{\"@type\":\"WebSite\",\"@id\":\"https:\/\/reginett.ee\/#website\",\"url\":\"https:\/\/reginett.ee\/\",\"name\":\"Reginett\",\"description\":\"Parimad robotniidukid\",\"potentialAction\":[{\"@type\":\"SearchAction\",\"target\":{\"@type\":\"EntryPoint\",\"urlTemplate\":\"https:\/\/reginett.ee\/?s={search_term_string}\"},\"query-input\":{\"@type\":\"PropertyValueSpecification\",\"valueRequired\":true,\"valueName\":\"search_term_string\"}}],\"inLanguage\":\"ru-RU\"}]}<\/script>\n<!-- \/ Yoast SEO plugin. -->","yoast_head_json":{"title":"Raider Husqvarna 214C. Uued Husqvarna raiderid Reginetis","description":"Husqvarna 214C raider pakub esmaklassilist niidutulemust.Komplektis Combi 94cm l\u00f5ikeorgan!V\u00f5imalik on niidetav muru peenestada","robots":{"index":"index","follow":"follow","max-snippet":"max-snippet:-1","max-image-preview":"max-image-preview:large","max-video-preview":"max-video-preview:-1"},"canonical":"https:\/\/reginett.ee\/toode\/raider-husqvarna-214c-uus\/","og_locale":"ru_RU","og_type":"article","og_title":"Raider Husqvarna 214C. Uued Husqvarna raiderid Reginetis","og_description":"Husqvarna 214C raider pakub esmaklassilist niidutulemust.Komplektis Combi 94cm l\u00f5ikeorgan!V\u00f5imalik on niidetav muru peenestada","og_url":"https:\/\/reginett.ee\/toode\/raider-husqvarna-214c-uus\/","og_site_name":"Reginett","article_modified_time":"2026-01-07T07:24:39+00:00","og_image":[{"width":2560,"height":1638,"url":"https:\/\/reginett.ee\/wp-content\/uploads\/2021\/03\/raider-Husqvarna-214C-scaled.jpg","type":"image\/jpeg"}],"twitter_card":"summary_large_image","twitter_misc":{"\u041f\u0440\u0438\u043c\u0435\u0440\u043d\u043e\u0435 \u0432\u0440\u0435\u043c\u044f \u0434\u043b\u044f \u0447\u0442\u0435\u043d\u0438\u044f":"1 \u043c\u0438\u043d\u0443\u0442\u0430"},"schema":{"@context":"https:\/\/schema.org","@graph":[{"@type":"WebPage","@id":"https:\/\/reginett.ee\/toode\/raider-husqvarna-214c-uus\/","url":"https:\/\/reginett.ee\/toode\/raider-husqvarna-214c-uus\/","name":"Raider Husqvarna 214C. Uued Husqvarna raiderid Reginetis","isPartOf":{"@id":"https:\/\/reginett.ee\/#website"},"primaryImageOfPage":{"@id":"https:\/\/reginett.ee\/toode\/raider-husqvarna-214c-uus\/#primaryimage"},"image":{"@id":"https:\/\/reginett.ee\/toode\/raider-husqvarna-214c-uus\/#primaryimage"},"thumbnailUrl":"https:\/\/reginett.ee\/wp-content\/uploads\/2021\/03\/raider-Husqvarna-214C-scaled.jpg","datePublished":"2026-01-03T07:54:21+00:00","dateModified":"2026-01-07T07:24:39+00:00","description":"Husqvarna 214C raider pakub esmaklassilist niidutulemust.Komplektis Combi 94cm l\u00f5ikeorgan!V\u00f5imalik on niidetav muru peenestada","breadcrumb":{"@id":"https:\/\/reginett.ee\/toode\/raider-husqvarna-214c-uus\/#breadcrumb"},"inLanguage":"ru-RU","potentialAction":[{"@type":"ReadAction","target":["https:\/\/reginett.ee\/toode\/raider-husqvarna-214c-uus\/"]}]},{"@type":"ImageObject","inLanguage":"ru-RU","@id":"https:\/\/reginett.ee\/toode\/raider-husqvarna-214c-uus\/#primaryimage","url":"https:\/\/reginett.ee\/wp-content\/uploads\/2021\/03\/raider-Husqvarna-214C-scaled.jpg","contentUrl":"https:\/\/reginett.ee\/wp-content\/uploads\/2021\/03\/raider-Husqvarna-214C-scaled.jpg","width":2560,"height":1638,"caption":"raider Husqvarna 214C"},{"@type":"BreadcrumbList","@id":"https:\/\/reginett.ee\/toode\/raider-husqvarna-214c-uus\/#breadcrumb","itemListElement":[{"@type":"ListItem","position":1,"name":"Home","item":"https:\/\/reginett.ee\/ru\/"},{"@type":"ListItem","position":2,"name":"Tooted","item":"https:\/\/reginett.ee\/tooted\/"},{"@type":"ListItem","position":3,"name":"Raider Husqvarna 214C"}]},{"@type":"WebSite","@id":"https:\/\/reginett.ee\/#website","url":"https:\/\/reginett.ee\/","name":"Reginett","description":"Parimad robotniidukid","potentialAction":[{"@type":"SearchAction","target":{"@type":"EntryPoint","urlTemplate":"https:\/\/reginett.ee\/?s={search_term_string}"},"query-input":{"@type":"PropertyValueSpecification","valueRequired":true,"valueName":"search_term_string"}}],"inLanguage":"ru-RU"}]}},"brands":[{"id":147,"name":"Husqvarna","slug":"husqvarna"}],"_links":{"self":[{"href":"https:\/\/reginett.ee\/ru\/wp-json\/wp\/v2\/product\/53792","targetHints":{"allow":["GET"]}}],"collection":[{"href":"https:\/\/reginett.ee\/ru\/wp-json\/wp\/v2\/product"}],"about":[{"href":"https:\/\/reginett.ee\/ru\/wp-json\/wp\/v2\/types\/product"}],"replies":[{"embeddable":true,"href":"https:\/\/reginett.ee\/ru\/wp-json\/wp\/v2\/comments?post=53792"}],"wp:featuredmedia":[{"embeddable":true,"href":"https:\/\/reginett.ee\/ru\/wp-json\/wp\/v2\/media\/53793"}],"wp:attachment":[{"href":"https:\/\/reginett.ee\/ru\/wp-json\/wp\/v2\/media?parent=53792"}],"wp:term":[{"taxonomy":"pwb-brand","embeddable":true,"href":"https:\/\/reginett.ee\/ru\/wp-json\/wp\/v2\/pwb-brand?post=53792"},{"taxonomy":"product_brand","embeddable":true,"href":"https:\/\/reginett.ee\/ru\/wp-json\/wp\/v2\/product_brand?post=53792"},{"taxonomy":"product_cat","embeddable":true,"href":"https:\/\/reginett.ee\/ru\/wp-json\/wp\/v2\/product_cat?post=53792"},{"taxonomy":"product_tag","embeddable":true,"href":"https:\/\/reginett.ee\/ru\/wp-json\/wp\/v2\/product_tag?post=53792"}],"curies":[{"name":"wp","href":"https:\/\/api.w.org\/{rel}","templated":true}]}}