{"id":53785,"date":"2025-11-09T10:30:39","date_gmt":"2025-11-09T07:30:39","guid":{"rendered":"https:\/\/reginett.ee\/?post_type=product&#038;p=53785"},"modified":"2026-04-15T10:02:48","modified_gmt":"2026-04-15T07:02:48","slug":"raider-husqvarna-216t-awd-2","status":"publish","type":"product","link":"https:\/\/reginett.ee\/ru\/toode\/raider-husqvarna-216t-awd-2\/","title":{"rendered":"Raider Husqvarna 216T AWD"},"content":{"rendered":"<p>Husqvarna 216T AWD sobib suurep\u00e4raselt majaomanikele, kes soovivad ideaalset l\u00f5iketulemust ka aia keerukates kohtades.<\/p>\n<p><strong>PS! L\u00f5ikeorgan ei kuulu komplekti, osta juurde! V\u00f5imalik valida Combi 94cm v\u00f5i Combi 103cm l\u00f5ikeorgani vahel.<\/strong><\/p>\n<p><strong>Nelikvedu<\/strong> annab k\u00f5igis tingimustes t\u00e4iendava veoj\u00f5u ja mitmek\u00fclgsuse. Keskliigendiga roolis\u00fcsteem v\u00f5imaldab suurep\u00e4rast man\u00f6\u00f6verdamist ning ette paigaldatud l\u00f5ikeosa on lihtne hooldada ja puhastada. \u00d5huklapita k\u00e4ivitatava v\u00f5imsa ja t\u00f5husa V2-mootoriga raider tagab muretu niitmise mitmeks aastaks. See mitmek\u00fclgne raider on aastaringselt kasutatav t\u00f6\u00f6vahend. Esituled annavad v\u00f5imaluse t\u00f6\u00f6tada ka pimedal ajal.<\/p>\n<div class=\"col-sm-3 description\">\n<h3 class=\"h4 description-headline\">Nelivedu (AWD)<\/h3>\n<div class=\"description-text-wrapper\"><span class=\"description-text\">Nelivedu (AWD) kindlustab Husqvarna 216T AWD raideri s\u00f5idumugavuse ka ebatasasel, m\u00e4rjal ja libedal pinnasel v\u00f5i n\u00f5lvadel. AWD-funktsioon k\u00e4ivitub automaatselt k\u00f5igil neljal rattal s\u00f5ltuvalt olukorrast ja pinnase tingimustest. <\/span><\/div>\n<div>\n<div class=\"col-sm-3 description\">\n<h3 class=\"h4 description-headline\">Keskliigendiga roolimehhanism<\/h3>\n<div class=\"description-text-wrapper\"><span class=\"description-text\">Unikaalne keskliigendiga roolimehhanism, v\u00f5imaldab tagumisi rattaid keerata masina all, mis annab masinale suurep\u00e4rase man\u00f6\u00f6verdusv\u00f5ime, j\u00e4ttes nii v\u00e4ikseima niitmata ala. <\/span><\/div>\n<div>\n<div class=\"col-sm-3 description\">\n<h3 class=\"h4 description-headline\">Turn key start &#8212; tooreklapita k\u00e4ivitamine<\/h3>\n<div class=\"description-text-wrapper\"><span class=\"description-text\"> Mugav ja lihtne k\u00e4ivitamine t\u00e4nu tooreklapita mootorile. Lihtsalt keera v\u00f5tit. <\/span><\/div>\n<div>\n<div class=\"col-sm-3 description\">\n<h3 class=\"h4 description-headline\">Reguleeritav rool<\/h3>\n<div class=\"description-text-wrapper\"><span class=\"description-text\">Teleskoopiline roolisammas tagab mugavima juhiasendi. <\/span><\/div>\n<div><\/div>\n<h3>Esituled<\/h3>\n<div>Mugavam ja turvalisem t\u00f6\u00f6tada pimedates oludes.<\/div>\n<div><\/div>\n<h3>Kolme teraga l\u00f5ikekorpus<\/h3>\n<p>Kolme teraga l\u00f5ikekorpus pakub esmaklassilisi l\u00f5ikeomadusi nii vasakul kui ka paremal k\u00fcljel ning tagab sama niitmata osa l\u00e4bim\u00f5\u00f5du<\/p>\n<\/div>\n<\/div>\n<\/div>\n<p>&nbsp;<\/p>\n<\/div>\n<\/div>\n<\/div>\n<div><\/div>\n<\/div>\n","protected":false},"excerpt":{"rendered":"<h3><span style=\"color: #ff0000;\"><strong>KEVADKAMPAANIA!<\/strong><\/span><\/h3>\n<p><span style=\"color: #ff0000;\"><strong>KAASA TASUTA L\u00d5IKEKORPUS COMBI 103 (v\u00e4\u00e4rtus 1279.-)!<\/strong><\/span><\/p>\n<p><strong>Husqvarna 216T AWD<\/strong> sobib suurep\u00e4raselt majaomanikele, kes soovivad ideaalset l\u00f5iketulemust ka aia keerukates kohtades. <strong>Nelikvedu<\/strong> annab k\u00f5igis tingimustes t\u00e4iendava veoj\u00f5u ja mitmek\u00fclgsuse. Keskliigendiga roolis\u00fcsteem v\u00f5imaldab suurep\u00e4rast man\u00f6\u00f6verdamist ning ette paigaldatud l\u00f5ikeosa on lihtne hooldada ja puhastada.<\/p>\n","protected":false},"featured_media":53786,"comment_status":"open","ping_status":"closed","template":"","meta":{"_acf_changed":false,"_et_pb_use_builder":"","_et_pb_old_content":"","_et_gb_content_width":"","inline_featured_image":false},"pwb-brand":[147],"product_brand":[],"product_cat":[134,37,56],"product_tag":[91,272],"class_list":{"0":"post-53785","1":"product","2":"type-product","3":"status-publish","4":"has-post-thumbnail","6":"pwb-brand-husqvarna","7":"product_cat-eripakkumised","8":"product_cat-husqvarna","9":"product_cat-raiderid","10":"product_tag-raider","11":"product_tag-raiderid","12":"product_shipping_class-rasked-asjad","14":"first","15":"instock","16":"shipping-taxable","17":"purchasable","18":"product-type-simple"},"acf":[],"yoast_head":"<!-- This site is optimized with the Yoast SEO plugin v26.6 - https:\/\/yoast.com\/wordpress\/plugins\/seo\/ -->\n<title>Raider Husqvarna 216T AWD. Suur valik Husqvarna raidereid<\/title>\n<meta name=\"description\" content=\"Husqvarna 216T AWD sobib suurep\u00e4raselt majaomanikele, kes soovivad ideaalset l\u00f5iketulemust ka aia keerukates kohtades. Parimad raiderid\" \/>\n<meta name=\"robots\" content=\"index, follow, max-snippet:-1, max-image-preview:large, max-video-preview:-1\" \/>\n<link rel=\"canonical\" href=\"https:\/\/reginett.ee\/toode\/raider-husqvarna-216t-awd-2\/\" \/>\n<meta property=\"og:locale\" content=\"ru_RU\" \/>\n<meta property=\"og:type\" content=\"article\" \/>\n<meta property=\"og:title\" content=\"Raider Husqvarna 216T AWD. Suur valik Husqvarna raidereid\" \/>\n<meta property=\"og:description\" content=\"Husqvarna 216T AWD sobib suurep\u00e4raselt majaomanikele, kes soovivad ideaalset l\u00f5iketulemust ka aia keerukates kohtades. Parimad raiderid\" \/>\n<meta property=\"og:url\" content=\"https:\/\/reginett.ee\/toode\/raider-husqvarna-216t-awd-2\/\" \/>\n<meta property=\"og:site_name\" content=\"Reginett\" \/>\n<meta property=\"article:modified_time\" content=\"2026-04-15T07:02:48+00:00\" \/>\n<meta property=\"og:image\" content=\"https:\/\/reginett.ee\/wp-content\/uploads\/2021\/03\/raider-Husqvarna-216T-AWD-scaled.jpg\" \/>\n\t<meta property=\"og:image:width\" content=\"2560\" \/>\n\t<meta property=\"og:image:height\" content=\"1727\" \/>\n\t<meta property=\"og:image:type\" content=\"image\/jpeg\" \/>\n<meta name=\"twitter:card\" content=\"summary_large_image\" \/>\n<meta name=\"twitter:label1\" content=\"\u041f\u0440\u0438\u043c\u0435\u0440\u043d\u043e\u0435 \u0432\u0440\u0435\u043c\u044f \u0434\u043b\u044f \u0447\u0442\u0435\u043d\u0438\u044f\" \/>\n\t<meta name=\"twitter:data1\" content=\"2 \u043c\u0438\u043d\u0443\u0442\u044b\" \/>\n<script type=\"application\/ld+json\" class=\"yoast-schema-graph\">{\"@context\":\"https:\/\/schema.org\",\"@graph\":[{\"@type\":\"WebPage\",\"@id\":\"https:\/\/reginett.ee\/toode\/raider-husqvarna-216t-awd-2\/\",\"url\":\"https:\/\/reginett.ee\/toode\/raider-husqvarna-216t-awd-2\/\",\"name\":\"Raider Husqvarna 216T AWD. Suur valik Husqvarna raidereid\",\"isPartOf\":{\"@id\":\"https:\/\/reginett.ee\/#website\"},\"primaryImageOfPage\":{\"@id\":\"https:\/\/reginett.ee\/toode\/raider-husqvarna-216t-awd-2\/#primaryimage\"},\"image\":{\"@id\":\"https:\/\/reginett.ee\/toode\/raider-husqvarna-216t-awd-2\/#primaryimage\"},\"thumbnailUrl\":\"https:\/\/reginett.ee\/wp-content\/uploads\/2021\/03\/raider-Husqvarna-216T-AWD-scaled.jpg\",\"datePublished\":\"2025-11-09T07:30:39+00:00\",\"dateModified\":\"2026-04-15T07:02:48+00:00\",\"description\":\"Husqvarna 216T AWD sobib suurep\u00e4raselt majaomanikele, kes soovivad ideaalset l\u00f5iketulemust ka aia keerukates kohtades. Parimad raiderid\",\"breadcrumb\":{\"@id\":\"https:\/\/reginett.ee\/toode\/raider-husqvarna-216t-awd-2\/#breadcrumb\"},\"inLanguage\":\"ru-RU\",\"potentialAction\":[{\"@type\":\"ReadAction\",\"target\":[\"https:\/\/reginett.ee\/toode\/raider-husqvarna-216t-awd-2\/\"]}]},{\"@type\":\"ImageObject\",\"inLanguage\":\"ru-RU\",\"@id\":\"https:\/\/reginett.ee\/toode\/raider-husqvarna-216t-awd-2\/#primaryimage\",\"url\":\"https:\/\/reginett.ee\/wp-content\/uploads\/2021\/03\/raider-Husqvarna-216T-AWD-scaled.jpg\",\"contentUrl\":\"https:\/\/reginett.ee\/wp-content\/uploads\/2021\/03\/raider-Husqvarna-216T-AWD-scaled.jpg\",\"width\":2560,\"height\":1727,\"caption\":\"raider Husqvarna 216T AWD\"},{\"@type\":\"BreadcrumbList\",\"@id\":\"https:\/\/reginett.ee\/toode\/raider-husqvarna-216t-awd-2\/#breadcrumb\",\"itemListElement\":[{\"@type\":\"ListItem\",\"position\":1,\"name\":\"Home\",\"item\":\"https:\/\/reginett.ee\/ru\/\"},{\"@type\":\"ListItem\",\"position\":2,\"name\":\"Tooted\",\"item\":\"https:\/\/reginett.ee\/tooted\/\"},{\"@type\":\"ListItem\",\"position\":3,\"name\":\"Raider Husqvarna 216T AWD\"}]},{\"@type\":\"WebSite\",\"@id\":\"https:\/\/reginett.ee\/#website\",\"url\":\"https:\/\/reginett.ee\/\",\"name\":\"Reginett\",\"description\":\"Parimad robotniidukid\",\"potentialAction\":[{\"@type\":\"SearchAction\",\"target\":{\"@type\":\"EntryPoint\",\"urlTemplate\":\"https:\/\/reginett.ee\/?s={search_term_string}\"},\"query-input\":{\"@type\":\"PropertyValueSpecification\",\"valueRequired\":true,\"valueName\":\"search_term_string\"}}],\"inLanguage\":\"ru-RU\"}]}<\/script>\n<!-- \/ Yoast SEO plugin. -->","yoast_head_json":{"title":"Raider Husqvarna 216T AWD. Suur valik Husqvarna raidereid","description":"Husqvarna 216T AWD sobib suurep\u00e4raselt majaomanikele, kes soovivad ideaalset l\u00f5iketulemust ka aia keerukates kohtades. Parimad raiderid","robots":{"index":"index","follow":"follow","max-snippet":"max-snippet:-1","max-image-preview":"max-image-preview:large","max-video-preview":"max-video-preview:-1"},"canonical":"https:\/\/reginett.ee\/toode\/raider-husqvarna-216t-awd-2\/","og_locale":"ru_RU","og_type":"article","og_title":"Raider Husqvarna 216T AWD. Suur valik Husqvarna raidereid","og_description":"Husqvarna 216T AWD sobib suurep\u00e4raselt majaomanikele, kes soovivad ideaalset l\u00f5iketulemust ka aia keerukates kohtades. Parimad raiderid","og_url":"https:\/\/reginett.ee\/toode\/raider-husqvarna-216t-awd-2\/","og_site_name":"Reginett","article_modified_time":"2026-04-15T07:02:48+00:00","og_image":[{"width":2560,"height":1727,"url":"https:\/\/reginett.ee\/wp-content\/uploads\/2021\/03\/raider-Husqvarna-216T-AWD-scaled.jpg","type":"image\/jpeg"}],"twitter_card":"summary_large_image","twitter_misc":{"\u041f\u0440\u0438\u043c\u0435\u0440\u043d\u043e\u0435 \u0432\u0440\u0435\u043c\u044f \u0434\u043b\u044f \u0447\u0442\u0435\u043d\u0438\u044f":"2 \u043c\u0438\u043d\u0443\u0442\u044b"},"schema":{"@context":"https:\/\/schema.org","@graph":[{"@type":"WebPage","@id":"https:\/\/reginett.ee\/toode\/raider-husqvarna-216t-awd-2\/","url":"https:\/\/reginett.ee\/toode\/raider-husqvarna-216t-awd-2\/","name":"Raider Husqvarna 216T AWD. Suur valik Husqvarna raidereid","isPartOf":{"@id":"https:\/\/reginett.ee\/#website"},"primaryImageOfPage":{"@id":"https:\/\/reginett.ee\/toode\/raider-husqvarna-216t-awd-2\/#primaryimage"},"image":{"@id":"https:\/\/reginett.ee\/toode\/raider-husqvarna-216t-awd-2\/#primaryimage"},"thumbnailUrl":"https:\/\/reginett.ee\/wp-content\/uploads\/2021\/03\/raider-Husqvarna-216T-AWD-scaled.jpg","datePublished":"2025-11-09T07:30:39+00:00","dateModified":"2026-04-15T07:02:48+00:00","description":"Husqvarna 216T AWD sobib suurep\u00e4raselt majaomanikele, kes soovivad ideaalset l\u00f5iketulemust ka aia keerukates kohtades. Parimad raiderid","breadcrumb":{"@id":"https:\/\/reginett.ee\/toode\/raider-husqvarna-216t-awd-2\/#breadcrumb"},"inLanguage":"ru-RU","potentialAction":[{"@type":"ReadAction","target":["https:\/\/reginett.ee\/toode\/raider-husqvarna-216t-awd-2\/"]}]},{"@type":"ImageObject","inLanguage":"ru-RU","@id":"https:\/\/reginett.ee\/toode\/raider-husqvarna-216t-awd-2\/#primaryimage","url":"https:\/\/reginett.ee\/wp-content\/uploads\/2021\/03\/raider-Husqvarna-216T-AWD-scaled.jpg","contentUrl":"https:\/\/reginett.ee\/wp-content\/uploads\/2021\/03\/raider-Husqvarna-216T-AWD-scaled.jpg","width":2560,"height":1727,"caption":"raider Husqvarna 216T AWD"},{"@type":"BreadcrumbList","@id":"https:\/\/reginett.ee\/toode\/raider-husqvarna-216t-awd-2\/#breadcrumb","itemListElement":[{"@type":"ListItem","position":1,"name":"Home","item":"https:\/\/reginett.ee\/ru\/"},{"@type":"ListItem","position":2,"name":"Tooted","item":"https:\/\/reginett.ee\/tooted\/"},{"@type":"ListItem","position":3,"name":"Raider Husqvarna 216T AWD"}]},{"@type":"WebSite","@id":"https:\/\/reginett.ee\/#website","url":"https:\/\/reginett.ee\/","name":"Reginett","description":"Parimad robotniidukid","potentialAction":[{"@type":"SearchAction","target":{"@type":"EntryPoint","urlTemplate":"https:\/\/reginett.ee\/?s={search_term_string}"},"query-input":{"@type":"PropertyValueSpecification","valueRequired":true,"valueName":"search_term_string"}}],"inLanguage":"ru-RU"}]}},"brands":[{"id":147,"name":"Husqvarna","slug":"husqvarna"}],"_links":{"self":[{"href":"https:\/\/reginett.ee\/ru\/wp-json\/wp\/v2\/product\/53785","targetHints":{"allow":["GET"]}}],"collection":[{"href":"https:\/\/reginett.ee\/ru\/wp-json\/wp\/v2\/product"}],"about":[{"href":"https:\/\/reginett.ee\/ru\/wp-json\/wp\/v2\/types\/product"}],"replies":[{"embeddable":true,"href":"https:\/\/reginett.ee\/ru\/wp-json\/wp\/v2\/comments?post=53785"}],"wp:featuredmedia":[{"embeddable":true,"href":"https:\/\/reginett.ee\/ru\/wp-json\/wp\/v2\/media\/53786"}],"wp:attachment":[{"href":"https:\/\/reginett.ee\/ru\/wp-json\/wp\/v2\/media?parent=53785"}],"wp:term":[{"taxonomy":"pwb-brand","embeddable":true,"href":"https:\/\/reginett.ee\/ru\/wp-json\/wp\/v2\/pwb-brand?post=53785"},{"taxonomy":"product_brand","embeddable":true,"href":"https:\/\/reginett.ee\/ru\/wp-json\/wp\/v2\/product_brand?post=53785"},{"taxonomy":"product_cat","embeddable":true,"href":"https:\/\/reginett.ee\/ru\/wp-json\/wp\/v2\/product_cat?post=53785"},{"taxonomy":"product_tag","embeddable":true,"href":"https:\/\/reginett.ee\/ru\/wp-json\/wp\/v2\/product_tag?post=53785"}],"curies":[{"name":"wp","href":"https:\/\/api.w.org\/{rel}","templated":true}]}}