{"id":53757,"date":"2022-08-25T08:27:52","date_gmt":"2022-08-25T05:27:52","guid":{"rendered":"https:\/\/reginett.ee\/?post_type=product&#038;p=53757"},"modified":"2023-05-30T06:43:21","modified_gmt":"2023-05-30T03:43:21","slug":"robotniiduk-gardena-smart-sileno-life-750-m%c2%b2","status":"publish","type":"product","link":"https:\/\/reginett.ee\/ru\/toode\/robotniiduk-gardena-smart-sileno-life-750-m%c2%b2\/","title":{"rendered":"Robotniiduk Gardena smart SILENO life 750 m\u00b2"},"content":{"rendered":"<h4 class=\"description-tagline\">Gardena Smart robotniiduk aedadele kuni 750 m\u00b2<\/h4>\n<div class=\"description-wrapper\">\n<div class=\"description-text\">Avastage oma smart robotniidukiga aianduslikud uuendused ja muruniitmise mugavus: GARDENA smart SILENO life 750 m\u00b2 komplekt! T\u00e4nu GARDENA smart s\u00fcsteemile on teie muruniiduk t\u00e4ielikult \u00fchendatud. Nutikas EasyApp Control annab teile vabaduse oma keskmise suurusega aia eest hoolitseda k\u00f5ikjalt. See t\u00f5hus aiaabiline on eriti vaikne, pakkudes uhkusega oma klassi parima m\u00fcrataset (vaid 57 db (A)), saate teie ja teie naabrid nautida oma aia rahu, kui see teeb rasket t\u00f6\u00f6d.<\/div>\n<div>\n<div class=\"feature-description\">\n<h4 class=\"feature-item-headline \">Sobilik keskmise suurusega murualadele<\/h4>\n<p class=\"feature-item-text\">GARDENA smart SILENO life niidab murupindu suurusega kuni 750 ruutmeetrit automaatselt, t\u00f6\u00f6kindlalt, triipudeta ja \u00fchtlaselt. See saab probleemideta hakkama kitsastes koridorides ja vahek\u00e4ikudes. Laadimisjaama saab samuti peaaegu piiranguteta seadistada.<\/p>\n<\/div>\n<\/div>\n<div>\n<div class=\"feature-description\">\n<h4 class=\"feature-item-headline \">T\u00e4ielik \u00fchilduvus<\/h4>\n<p class=\"feature-item-text\">Smart SILENO life on t\u00e4ielikult \u00fchendatud GARDENA smart s\u00fcsteemiga. Oma aia eest saate hoolitseda k\u00f5ikjalt.<\/p>\n<div class=\"feature-description\">\n<h4 class=\"feature-item-headline \">Pro-silent<\/h4>\n<p class=\"feature-item-text\">L\u00f5dvestuge oma aias, kuni smart SILENO life hakkab vaikselt t\u00f6\u00f6le. Klassi parim madala m\u00fcratasemega, (57 db A), ei h\u00e4iri see teid \u00fcldse.<\/p>\n<div class=\"feature-description\">\n<h4 class=\"feature-item-headline \">Auto Weather &amp; Terrain<\/h4>\n<p class=\"feature-item-text\">Smart SILENO life on abivalmis aiaabiline, kes asub t\u00f6\u00f6le iga ilmaga, sadagu vihma v\u00f5i paisku p\u00e4ike. See muruniiduk l\u00f5ikab igasuguse muru alates lihtsast kuni keeruliseni ning tuleb toime kuni 35% kallakutega.<\/p>\n<div class=\"feature-description\">\n<h4 class=\"feature-item-headline \">Avastage GARDENA smart rakendus<\/h4>\n<p class=\"feature-item-text\">Nautige k\u00f5iki GARDENA smart s\u00fcsteemi eeliseid. Smart SILENO life robotniiduki paigaldamine ja kasutamine on t\u00e4nu EasyConfig, Auto Schedule ja Smart Home funktsioonidele vaevatu. K\u00f5ike juhitakse \u00fche nupuvajutusega GARDENA smart rakenduse kaudu.<\/p>\n<div class=\"feature-description\">\n<h4 class=\"feature-item-headline \">K\u00fclmaandur<\/h4>\n<p class=\"feature-item-text\">Nutikas k\u00fclmaandur tuvastab k\u00fclmumispunktile l\u00e4henevad temperatuurid ja peatab niitmisgraafiku, et teie muru kaitsta. Lisaks saate selle kohta teavet ka GARDENA nutirakenduses.<\/p>\n<div class=\"feature-description\">\n<h4 class=\"feature-item-headline \">Ohutu ja usaldusv\u00e4\u00e4rne<\/h4>\n<p class=\"feature-item-text\">Piirdekaabel paneb paindlikult, kuid usaldusv\u00e4\u00e4rselt paika niitmisala, tagades et robotniiduk niidab ainult m\u00e4\u00e4ratletud alasid. \u00c4\u00e4rmiselt tundlikud kokkup\u00f5rkeandurid ei lase robotniidukil aias olevate takistuste taha pidama j\u00e4\u00e4da. Kui seade on osaliselt t\u00f5stetud, peatavad teised andurid kohe l\u00f5iketerade t\u00f6\u00f6, et ennetada vigastusi.<\/p>\n<div class=\"feature-description\">\n<h4 class=\"feature-item-headline \">Lihtne puhastada<\/h4>\n<p class=\"feature-item-text\">GARDENA smart SILENO life on konstrueeritud viisil, mis v\u00f5imaldab eemaldada korpuselt, l\u00f5iketeradelt ja ratastelt t\u00e4ielikult mulla, mustuse ja muruj\u00e4\u00e4gid, aiavoolikuga pestes.<\/p>\n<p>Avastage oma smart robotniidukiga aianduslikud uuendused ja muruniitmise mugavus: GARDENA smart SILENO life 750 m\u00b2 komplekt! T\u00e4nu GARDENA smart s\u00fcsteemile on teie muruniiduk t\u00e4ielikult \u00fchendatud. Nutikas EasyApp Control annab teile vabaduse oma keskmise suurusega aia eest hoolitseda k\u00f5ikjalt. See t\u00f5hus aiaabiline on eriti vaikne, pakkudes uhkusega oma klassi parima m\u00fcrataset (vaid 57 db (A)), saate teie ja teie naabrid nautida oma aia rahu, kui see teeb rasket t\u00f6\u00f6d.<\/p>\n<p>Keerukas CorridorCut juhib robotniidukit, kui see l\u00f5ikab kitsastes kohtades ja kitsastes nurkades, mille laius on vaid 60 sentimeetrit. CorridorCut navigeerib teie robotniidukil tupikpunktidest v\u00e4lja. Te ei pea pingutama alade k\u00e4sitsi \u00fcle vaatamise nimel, teie robo-aednik teeb teie jaoks isegi keerulised otsad.<\/p>\n<p>GARDENA smart rakenduses on ajakava abistaja, mis aitab teil oma aeda \u00f5igena hoida. Teie ajakavast kinni pidades, kuid SensorControli juhtimisel t\u00f6\u00f6tab robot ise v\u00e4lja, kui sageli teie muru vajab niitmist. L\u00e4heb teele just rohu kasvu j\u00e4rgi parimal sagedusel, see t\u00f5hus v\u00e4ike aednik k\u00e4ib t\u00f6\u00f6l vaid vajadusel. Uuenduslik punktl\u00f5ikamise funktsioon, spiraalne niitmisfunktsioon, v\u00f5imaldab teie smart SILENO-lifel t\u00f6\u00f6tada ka teistes raskesti ligip\u00e4\u00e4setavates piirkondades. Kui t\u00f6\u00f6 on tehtud, naaseb smart SILENO life automaatselt koju laadimisjaama.<\/p>\n<p>See karm muruniiduk on m\u00f5eldud k\u00f5ikidele aastaaegadele. Robotniiduk tuvastab, kui maa on k\u00fclmunud, ja peatab oma programmi, kuni maa on sulanud. Sellega saab hakkama isegi n\u00f5lvade ja t\u00f5usudega kuni 35%. Selles smart SILENO lifes on palju kasulikke funktsioone, mida saate GARDENA smart rakenduse kaudu avastada.<\/p>\n<p>EasyConfig juhendab teid installimisel, automaatne ajakava t\u00e4hendab, et saate usaldada smart SILENO life, mis teab, millal ja kuidas muru niita ning SmartHome&#8217;i abil saate oma smart SILENO life h\u00e4\u00e4ljuhtimisega kasutada, kasutades oma Alexa virtuaalset assistenti. Lisaks v\u00f5imaldab taimeraamatukogu teil avastada k\u00f5ike, mida vajate taimemaailma kohta. Meie GARDENA smart s\u00fcsteemi ja smart SILENO-life abil saate t\u00f5eliselt t\u00e4ieliku nutikogemuse: intelligentsest robotniidukist. SILENO.<\/p>\n<\/div>\n<\/div>\n<\/div>\n<p><a href=\"https:\/\/www.gardena.com\/ee\/tooted\/muruhooldus\/robotniiduk\/robotniiduk-smart-sileno-life-750-m2-komplekt\/967845708\/\">https:\/\/www.gardena.com\/ee\/tooted\/muruhooldus\/robotniiduk\/robotniiduk-smart-sileno-life-750-m2-komplekt\/967845708\/<\/a><\/p>\n<\/div>\n<\/div>\n<\/div>\n<\/div>\n<\/div>\n<\/div>\n","protected":false},"excerpt":{"rendered":"<h4 class=\"description-tagline\">Gardena Smart robotniiduk aedadele kuni 750 m\u00b2<\/h4>\n<div class=\"description-wrapper\">\n<div class=\"description-text\">Avastage oma smart robotniidukiga aianduslikud uuendused ja muruniitmise mugavus: GARDENA smart SILENO life 750 m\u00b2 komplekt! T\u00e4nu GARDENA smart s\u00fcsteemile on teie muruniiduk t\u00e4ielikult \u00fchendatud. Nutikas EasyApp Control annab teile vabaduse oma keskmise suurusega aia eest hoolitseda k\u00f5ikjalt. See t\u00f5hus aiaabiline on eriti vaikne, pakkudes uhkusega oma klassi parima m\u00fcrataset (vaid 57 db (A)), saate teie ja teie naabrid nautida oma aia rahu, kui see teeb rasket t\u00f6\u00f6d.<\/div>\n<\/div>\n","protected":false},"featured_media":53759,"comment_status":"open","ping_status":"closed","template":"","meta":{"_acf_changed":false,"_et_pb_use_builder":"","_et_pb_old_content":"","_et_gb_content_width":"","inline_featured_image":false},"pwb-brand":[],"product_brand":[],"product_cat":[19],"product_tag":[239,271,44,81],"class_list":{"0":"post-53757","1":"product","2":"type-product","3":"status-publish","4":"has-post-thumbnail","6":"product_cat-robotniidukid","7":"product_tag-gardena","8":"product_tag-mururobot","9":"product_tag-robotniiduk","10":"product_tag-robotniidukid","11":"product_shipping_class-rasked-asjad","13":"first","14":"instock","15":"shipping-taxable","16":"purchasable","17":"product-type-simple"},"acf":[],"yoast_head":"<!-- This site is optimized with the Yoast SEO plugin v26.6 - https:\/\/yoast.com\/wordpress\/plugins\/seo\/ -->\n<title>Robotniiduk Gardena smart SILENO life 750 m\u00b2. Gardena robotniidukid.<\/title>\n<meta name=\"description\" content=\"Gardena Smart robotniiduk aedadele kuni 750 m\u00b2Avastage oma smart robotniidukiga aianduslikud uuendused ja muruniitmise mugavus: GARDENA\" \/>\n<meta name=\"robots\" content=\"index, follow, max-snippet:-1, max-image-preview:large, max-video-preview:-1\" \/>\n<link rel=\"canonical\" href=\"https:\/\/reginett.ee\/toode\/robotniiduk-gardena-smart-sileno-life-750-m\u00b2\/\" \/>\n<meta property=\"og:locale\" content=\"ru_RU\" \/>\n<meta property=\"og:type\" content=\"article\" \/>\n<meta property=\"og:title\" content=\"Robotniiduk Gardena smart SILENO life 750 m\u00b2. Gardena robotniidukid.\" \/>\n<meta property=\"og:description\" content=\"Gardena Smart robotniiduk aedadele kuni 750 m\u00b2Avastage oma smart robotniidukiga aianduslikud uuendused ja muruniitmise mugavus: GARDENA\" \/>\n<meta property=\"og:url\" content=\"https:\/\/reginett.ee\/toode\/robotniiduk-gardena-smart-sileno-life-750-m\u00b2\/\" \/>\n<meta property=\"og:site_name\" content=\"Reginett\" \/>\n<meta property=\"article:modified_time\" content=\"2023-05-30T03:43:21+00:00\" \/>\n<meta property=\"og:image\" content=\"https:\/\/reginett.ee\/wp-content\/uploads\/2021\/03\/Gardena-Sileno-life-750m2.jpg\" \/>\n\t<meta property=\"og:image:width\" content=\"800\" \/>\n\t<meta property=\"og:image:height\" content=\"800\" \/>\n\t<meta property=\"og:image:type\" content=\"image\/jpeg\" \/>\n<meta name=\"twitter:card\" content=\"summary_large_image\" \/>\n<meta name=\"twitter:label1\" content=\"\u041f\u0440\u0438\u043c\u0435\u0440\u043d\u043e\u0435 \u0432\u0440\u0435\u043c\u044f \u0434\u043b\u044f \u0447\u0442\u0435\u043d\u0438\u044f\" \/>\n\t<meta name=\"twitter:data1\" content=\"4 \u043c\u0438\u043d\u0443\u0442\u044b\" \/>\n<script type=\"application\/ld+json\" class=\"yoast-schema-graph\">{\"@context\":\"https:\/\/schema.org\",\"@graph\":[{\"@type\":\"WebPage\",\"@id\":\"https:\/\/reginett.ee\/toode\/robotniiduk-gardena-smart-sileno-life-750-m%c2%b2\/\",\"url\":\"https:\/\/reginett.ee\/toode\/robotniiduk-gardena-smart-sileno-life-750-m%c2%b2\/\",\"name\":\"Robotniiduk Gardena smart SILENO life 750 m\u00b2. Gardena robotniidukid.\",\"isPartOf\":{\"@id\":\"https:\/\/reginett.ee\/#website\"},\"primaryImageOfPage\":{\"@id\":\"https:\/\/reginett.ee\/toode\/robotniiduk-gardena-smart-sileno-life-750-m%c2%b2\/#primaryimage\"},\"image\":{\"@id\":\"https:\/\/reginett.ee\/toode\/robotniiduk-gardena-smart-sileno-life-750-m%c2%b2\/#primaryimage\"},\"thumbnailUrl\":\"https:\/\/reginett.ee\/wp-content\/uploads\/2021\/03\/Gardena-Sileno-life-750m2.jpg\",\"datePublished\":\"2022-08-25T05:27:52+00:00\",\"dateModified\":\"2023-05-30T03:43:21+00:00\",\"description\":\"Gardena Smart robotniiduk aedadele kuni 750 m\u00b2Avastage oma smart robotniidukiga aianduslikud uuendused ja muruniitmise mugavus: GARDENA\",\"breadcrumb\":{\"@id\":\"https:\/\/reginett.ee\/toode\/robotniiduk-gardena-smart-sileno-life-750-m%c2%b2\/#breadcrumb\"},\"inLanguage\":\"ru-RU\",\"potentialAction\":[{\"@type\":\"ReadAction\",\"target\":[\"https:\/\/reginett.ee\/toode\/robotniiduk-gardena-smart-sileno-life-750-m%c2%b2\/\"]}]},{\"@type\":\"ImageObject\",\"inLanguage\":\"ru-RU\",\"@id\":\"https:\/\/reginett.ee\/toode\/robotniiduk-gardena-smart-sileno-life-750-m%c2%b2\/#primaryimage\",\"url\":\"https:\/\/reginett.ee\/wp-content\/uploads\/2021\/03\/Gardena-Sileno-life-750m2.jpg\",\"contentUrl\":\"https:\/\/reginett.ee\/wp-content\/uploads\/2021\/03\/Gardena-Sileno-life-750m2.jpg\",\"width\":800,\"height\":800,\"caption\":\"Gardena sileno life 750m2\"},{\"@type\":\"BreadcrumbList\",\"@id\":\"https:\/\/reginett.ee\/toode\/robotniiduk-gardena-smart-sileno-life-750-m%c2%b2\/#breadcrumb\",\"itemListElement\":[{\"@type\":\"ListItem\",\"position\":1,\"name\":\"Home\",\"item\":\"https:\/\/reginett.ee\/ru\/\"},{\"@type\":\"ListItem\",\"position\":2,\"name\":\"Tooted\",\"item\":\"https:\/\/reginett.ee\/tooted\/\"},{\"@type\":\"ListItem\",\"position\":3,\"name\":\"Robotniiduk Gardena smart SILENO life 750 m\u00b2\"}]},{\"@type\":\"WebSite\",\"@id\":\"https:\/\/reginett.ee\/#website\",\"url\":\"https:\/\/reginett.ee\/\",\"name\":\"Reginett\",\"description\":\"Parimad robotniidukid\",\"potentialAction\":[{\"@type\":\"SearchAction\",\"target\":{\"@type\":\"EntryPoint\",\"urlTemplate\":\"https:\/\/reginett.ee\/?s={search_term_string}\"},\"query-input\":{\"@type\":\"PropertyValueSpecification\",\"valueRequired\":true,\"valueName\":\"search_term_string\"}}],\"inLanguage\":\"ru-RU\"}]}<\/script>\n<!-- \/ Yoast SEO plugin. -->","yoast_head_json":{"title":"Robotniiduk Gardena smart SILENO life 750 m\u00b2. Gardena robotniidukid.","description":"Gardena Smart robotniiduk aedadele kuni 750 m\u00b2Avastage oma smart robotniidukiga aianduslikud uuendused ja muruniitmise mugavus: GARDENA","robots":{"index":"index","follow":"follow","max-snippet":"max-snippet:-1","max-image-preview":"max-image-preview:large","max-video-preview":"max-video-preview:-1"},"canonical":"https:\/\/reginett.ee\/toode\/robotniiduk-gardena-smart-sileno-life-750-m\u00b2\/","og_locale":"ru_RU","og_type":"article","og_title":"Robotniiduk Gardena smart SILENO life 750 m\u00b2. Gardena robotniidukid.","og_description":"Gardena Smart robotniiduk aedadele kuni 750 m\u00b2Avastage oma smart robotniidukiga aianduslikud uuendused ja muruniitmise mugavus: GARDENA","og_url":"https:\/\/reginett.ee\/toode\/robotniiduk-gardena-smart-sileno-life-750-m\u00b2\/","og_site_name":"Reginett","article_modified_time":"2023-05-30T03:43:21+00:00","og_image":[{"width":800,"height":800,"url":"https:\/\/reginett.ee\/wp-content\/uploads\/2021\/03\/Gardena-Sileno-life-750m2.jpg","type":"image\/jpeg"}],"twitter_card":"summary_large_image","twitter_misc":{"\u041f\u0440\u0438\u043c\u0435\u0440\u043d\u043e\u0435 \u0432\u0440\u0435\u043c\u044f \u0434\u043b\u044f \u0447\u0442\u0435\u043d\u0438\u044f":"4 \u043c\u0438\u043d\u0443\u0442\u044b"},"schema":{"@context":"https:\/\/schema.org","@graph":[{"@type":"WebPage","@id":"https:\/\/reginett.ee\/toode\/robotniiduk-gardena-smart-sileno-life-750-m%c2%b2\/","url":"https:\/\/reginett.ee\/toode\/robotniiduk-gardena-smart-sileno-life-750-m%c2%b2\/","name":"Robotniiduk Gardena smart SILENO life 750 m\u00b2. Gardena robotniidukid.","isPartOf":{"@id":"https:\/\/reginett.ee\/#website"},"primaryImageOfPage":{"@id":"https:\/\/reginett.ee\/toode\/robotniiduk-gardena-smart-sileno-life-750-m%c2%b2\/#primaryimage"},"image":{"@id":"https:\/\/reginett.ee\/toode\/robotniiduk-gardena-smart-sileno-life-750-m%c2%b2\/#primaryimage"},"thumbnailUrl":"https:\/\/reginett.ee\/wp-content\/uploads\/2021\/03\/Gardena-Sileno-life-750m2.jpg","datePublished":"2022-08-25T05:27:52+00:00","dateModified":"2023-05-30T03:43:21+00:00","description":"Gardena Smart robotniiduk aedadele kuni 750 m\u00b2Avastage oma smart robotniidukiga aianduslikud uuendused ja muruniitmise mugavus: GARDENA","breadcrumb":{"@id":"https:\/\/reginett.ee\/toode\/robotniiduk-gardena-smart-sileno-life-750-m%c2%b2\/#breadcrumb"},"inLanguage":"ru-RU","potentialAction":[{"@type":"ReadAction","target":["https:\/\/reginett.ee\/toode\/robotniiduk-gardena-smart-sileno-life-750-m%c2%b2\/"]}]},{"@type":"ImageObject","inLanguage":"ru-RU","@id":"https:\/\/reginett.ee\/toode\/robotniiduk-gardena-smart-sileno-life-750-m%c2%b2\/#primaryimage","url":"https:\/\/reginett.ee\/wp-content\/uploads\/2021\/03\/Gardena-Sileno-life-750m2.jpg","contentUrl":"https:\/\/reginett.ee\/wp-content\/uploads\/2021\/03\/Gardena-Sileno-life-750m2.jpg","width":800,"height":800,"caption":"Gardena sileno life 750m2"},{"@type":"BreadcrumbList","@id":"https:\/\/reginett.ee\/toode\/robotniiduk-gardena-smart-sileno-life-750-m%c2%b2\/#breadcrumb","itemListElement":[{"@type":"ListItem","position":1,"name":"Home","item":"https:\/\/reginett.ee\/ru\/"},{"@type":"ListItem","position":2,"name":"Tooted","item":"https:\/\/reginett.ee\/tooted\/"},{"@type":"ListItem","position":3,"name":"Robotniiduk Gardena smart SILENO life 750 m\u00b2"}]},{"@type":"WebSite","@id":"https:\/\/reginett.ee\/#website","url":"https:\/\/reginett.ee\/","name":"Reginett","description":"Parimad robotniidukid","potentialAction":[{"@type":"SearchAction","target":{"@type":"EntryPoint","urlTemplate":"https:\/\/reginett.ee\/?s={search_term_string}"},"query-input":{"@type":"PropertyValueSpecification","valueRequired":true,"valueName":"search_term_string"}}],"inLanguage":"ru-RU"}]}},"brands":[],"_links":{"self":[{"href":"https:\/\/reginett.ee\/ru\/wp-json\/wp\/v2\/product\/53757","targetHints":{"allow":["GET"]}}],"collection":[{"href":"https:\/\/reginett.ee\/ru\/wp-json\/wp\/v2\/product"}],"about":[{"href":"https:\/\/reginett.ee\/ru\/wp-json\/wp\/v2\/types\/product"}],"replies":[{"embeddable":true,"href":"https:\/\/reginett.ee\/ru\/wp-json\/wp\/v2\/comments?post=53757"}],"wp:featuredmedia":[{"embeddable":true,"href":"https:\/\/reginett.ee\/ru\/wp-json\/wp\/v2\/media\/53759"}],"wp:attachment":[{"href":"https:\/\/reginett.ee\/ru\/wp-json\/wp\/v2\/media?parent=53757"}],"wp:term":[{"taxonomy":"pwb-brand","embeddable":true,"href":"https:\/\/reginett.ee\/ru\/wp-json\/wp\/v2\/pwb-brand?post=53757"},{"taxonomy":"product_brand","embeddable":true,"href":"https:\/\/reginett.ee\/ru\/wp-json\/wp\/v2\/product_brand?post=53757"},{"taxonomy":"product_cat","embeddable":true,"href":"https:\/\/reginett.ee\/ru\/wp-json\/wp\/v2\/product_cat?post=53757"},{"taxonomy":"product_tag","embeddable":true,"href":"https:\/\/reginett.ee\/ru\/wp-json\/wp\/v2\/product_tag?post=53757"}],"curies":[{"name":"wp","href":"https:\/\/api.w.org\/{rel}","templated":true}]}}