{"id":53620,"date":"2021-02-23T08:50:19","date_gmt":"2021-02-23T05:50:19","guid":{"rendered":"https:\/\/reginett.ee\/?post_type=product&#038;p=53620"},"modified":"2024-10-01T11:50:05","modified_gmt":"2024-10-01T08:50:05","slug":"omblusmasin-carina-power-and-stretch-ii","status":"publish","type":"product","link":"https:\/\/reginett.ee\/ru\/toode\/omblusmasin-carina-power-and-stretch-ii\/","title":{"rendered":"\u00d5mblusmasin CARINA POWER and STRETCH II"},"content":{"rendered":"<p>CARINA Power and Stretch II mudelil on 23 tava- ja dekoratiivpistet sh 4-etapiline n\u00f6\u00f6pauk.<\/p>\n<p>Eriti sobilik masin kergete ja venivate materjalide \u00f5mblemiseks, kuid \u00f5mbleb kergelt ka paksemaid kangaid. Max pistepikkus 4mm. Max pistelaius 4.6mm. LED valgusti. V\u00f5imas 70w mootor. Ergonoomiline disain. Elektrooniline j\u00f5u \u00fclekanne. N\u00f5ela niidistaja. Automaatne niidipinge. Tagurpidi \u00f5mblus. Vertikaalne poolipesa. Vabavars ja tarvikute sahtel. Kaasas: siksakjalg, t\u00f5mblukujalg, n\u00f6\u00f6paugujalg, n\u00f6\u00f6bijalg, \u00e4\u00e4ristusjalg. Kruvikeeraja,puhastushari,\u00a0 n\u00f6\u00f6paugunuga, \u00e4\u00e4rejuhik, n\u00f5elad, poolid, \u00f5litaja, distantsjalg<\/p>\n","protected":false},"excerpt":{"rendered":"<p>CARINA Power and Stretch II mudelil on 23 tava- ja dekoratiivpistet sh 4-etapiline n\u00f6\u00f6pauk. Eriti sobilik masin kergete ja venivate materjalide \u00f5mblemiseks<\/p>\n","protected":false},"featured_media":53621,"comment_status":"open","ping_status":"closed","template":"","meta":{"_acf_changed":false,"_et_pb_use_builder":"","_et_pb_old_content":"","_et_gb_content_width":"","inline_featured_image":false},"pwb-brand":[],"product_brand":[],"product_cat":[55],"product_tag":[102],"class_list":{"0":"post-53620","1":"product","2":"type-product","3":"status-publish","4":"has-post-thumbnail","6":"product_cat-omblusmasinad-ja-tarvikud","7":"product_tag-omblusmasin","9":"first","10":"instock","11":"sale","12":"shipping-taxable","13":"purchasable","14":"product-type-simple"},"acf":[],"yoast_head":"<!-- This site is optimized with the Yoast SEO plugin v26.6 - https:\/\/yoast.com\/wordpress\/plugins\/seo\/ -->\n<title>CARINA POWER and STRETCH II. Parimad \u00f5mblusmasinad Reginetist<\/title>\n<meta name=\"description\" content=\"CARINA Power and Stretch II mudelil on 23 tava- ja dekoratiivpistet sh 4-etapiline n\u00f6\u00f6pauk. Eriti sobilik masin kergete ja venivate\" \/>\n<meta name=\"robots\" content=\"index, follow, max-snippet:-1, max-image-preview:large, max-video-preview:-1\" \/>\n<link rel=\"canonical\" href=\"https:\/\/reginett.ee\/toode\/omblusmasin-carina-power-and-stretch-ii\/\" \/>\n<meta property=\"og:locale\" content=\"ru_RU\" \/>\n<meta property=\"og:type\" content=\"article\" \/>\n<meta property=\"og:title\" content=\"CARINA POWER and STRETCH II. Parimad \u00f5mblusmasinad Reginetist\" \/>\n<meta property=\"og:description\" content=\"CARINA Power and Stretch II mudelil on 23 tava- ja dekoratiivpistet sh 4-etapiline n\u00f6\u00f6pauk. Eriti sobilik masin kergete ja venivate\" \/>\n<meta property=\"og:url\" content=\"https:\/\/reginett.ee\/toode\/omblusmasin-carina-power-and-stretch-ii\/\" \/>\n<meta property=\"og:site_name\" content=\"Reginett\" \/>\n<meta property=\"article:modified_time\" content=\"2024-10-01T08:50:05+00:00\" \/>\n<meta property=\"og:image\" content=\"https:\/\/reginett.ee\/wp-content\/uploads\/2021\/02\/Carina-Power-and-Stretch-II.jpg\" \/>\n\t<meta property=\"og:image:width\" content=\"719\" \/>\n\t<meta property=\"og:image:height\" content=\"520\" \/>\n\t<meta property=\"og:image:type\" content=\"image\/jpeg\" \/>\n<meta name=\"twitter:card\" content=\"summary_large_image\" \/>\n<meta name=\"twitter:label1\" content=\"\u041f\u0440\u0438\u043c\u0435\u0440\u043d\u043e\u0435 \u0432\u0440\u0435\u043c\u044f \u0434\u043b\u044f \u0447\u0442\u0435\u043d\u0438\u044f\" \/>\n\t<meta name=\"twitter:data1\" content=\"1 \u043c\u0438\u043d\u0443\u0442\u0430\" \/>\n<script type=\"application\/ld+json\" class=\"yoast-schema-graph\">{\"@context\":\"https:\/\/schema.org\",\"@graph\":[{\"@type\":\"WebPage\",\"@id\":\"https:\/\/reginett.ee\/toode\/omblusmasin-carina-power-and-stretch-ii\/\",\"url\":\"https:\/\/reginett.ee\/toode\/omblusmasin-carina-power-and-stretch-ii\/\",\"name\":\"CARINA POWER and STRETCH II. Parimad \u00f5mblusmasinad Reginetist\",\"isPartOf\":{\"@id\":\"https:\/\/reginett.ee\/#website\"},\"primaryImageOfPage\":{\"@id\":\"https:\/\/reginett.ee\/toode\/omblusmasin-carina-power-and-stretch-ii\/#primaryimage\"},\"image\":{\"@id\":\"https:\/\/reginett.ee\/toode\/omblusmasin-carina-power-and-stretch-ii\/#primaryimage\"},\"thumbnailUrl\":\"https:\/\/reginett.ee\/wp-content\/uploads\/2021\/02\/Carina-Power-and-Stretch-II.jpg\",\"datePublished\":\"2021-02-23T05:50:19+00:00\",\"dateModified\":\"2024-10-01T08:50:05+00:00\",\"description\":\"CARINA Power and Stretch II mudelil on 23 tava- ja dekoratiivpistet sh 4-etapiline n\u00f6\u00f6pauk. Eriti sobilik masin kergete ja venivate\",\"breadcrumb\":{\"@id\":\"https:\/\/reginett.ee\/toode\/omblusmasin-carina-power-and-stretch-ii\/#breadcrumb\"},\"inLanguage\":\"ru-RU\",\"potentialAction\":[{\"@type\":\"ReadAction\",\"target\":[\"https:\/\/reginett.ee\/toode\/omblusmasin-carina-power-and-stretch-ii\/\"]}]},{\"@type\":\"ImageObject\",\"inLanguage\":\"ru-RU\",\"@id\":\"https:\/\/reginett.ee\/toode\/omblusmasin-carina-power-and-stretch-ii\/#primaryimage\",\"url\":\"https:\/\/reginett.ee\/wp-content\/uploads\/2021\/02\/Carina-Power-and-Stretch-II.jpg\",\"contentUrl\":\"https:\/\/reginett.ee\/wp-content\/uploads\/2021\/02\/Carina-Power-and-Stretch-II.jpg\",\"width\":719,\"height\":520,\"caption\":\"20H0120fcdd4b7e8ca40\"},{\"@type\":\"BreadcrumbList\",\"@id\":\"https:\/\/reginett.ee\/toode\/omblusmasin-carina-power-and-stretch-ii\/#breadcrumb\",\"itemListElement\":[{\"@type\":\"ListItem\",\"position\":1,\"name\":\"Home\",\"item\":\"https:\/\/reginett.ee\/ru\/\"},{\"@type\":\"ListItem\",\"position\":2,\"name\":\"Tooted\",\"item\":\"https:\/\/reginett.ee\/tooted\/\"},{\"@type\":\"ListItem\",\"position\":3,\"name\":\"\u00d5mblusmasin CARINA POWER and STRETCH II\"}]},{\"@type\":\"WebSite\",\"@id\":\"https:\/\/reginett.ee\/#website\",\"url\":\"https:\/\/reginett.ee\/\",\"name\":\"Reginett\",\"description\":\"Parimad robotniidukid\",\"potentialAction\":[{\"@type\":\"SearchAction\",\"target\":{\"@type\":\"EntryPoint\",\"urlTemplate\":\"https:\/\/reginett.ee\/?s={search_term_string}\"},\"query-input\":{\"@type\":\"PropertyValueSpecification\",\"valueRequired\":true,\"valueName\":\"search_term_string\"}}],\"inLanguage\":\"ru-RU\"}]}<\/script>\n<!-- \/ Yoast SEO plugin. -->","yoast_head_json":{"title":"CARINA POWER and STRETCH II. Parimad \u00f5mblusmasinad Reginetist","description":"CARINA Power and Stretch II mudelil on 23 tava- ja dekoratiivpistet sh 4-etapiline n\u00f6\u00f6pauk. Eriti sobilik masin kergete ja venivate","robots":{"index":"index","follow":"follow","max-snippet":"max-snippet:-1","max-image-preview":"max-image-preview:large","max-video-preview":"max-video-preview:-1"},"canonical":"https:\/\/reginett.ee\/toode\/omblusmasin-carina-power-and-stretch-ii\/","og_locale":"ru_RU","og_type":"article","og_title":"CARINA POWER and STRETCH II. Parimad \u00f5mblusmasinad Reginetist","og_description":"CARINA Power and Stretch II mudelil on 23 tava- ja dekoratiivpistet sh 4-etapiline n\u00f6\u00f6pauk. Eriti sobilik masin kergete ja venivate","og_url":"https:\/\/reginett.ee\/toode\/omblusmasin-carina-power-and-stretch-ii\/","og_site_name":"Reginett","article_modified_time":"2024-10-01T08:50:05+00:00","og_image":[{"width":719,"height":520,"url":"https:\/\/reginett.ee\/wp-content\/uploads\/2021\/02\/Carina-Power-and-Stretch-II.jpg","type":"image\/jpeg"}],"twitter_card":"summary_large_image","twitter_misc":{"\u041f\u0440\u0438\u043c\u0435\u0440\u043d\u043e\u0435 \u0432\u0440\u0435\u043c\u044f \u0434\u043b\u044f \u0447\u0442\u0435\u043d\u0438\u044f":"1 \u043c\u0438\u043d\u0443\u0442\u0430"},"schema":{"@context":"https:\/\/schema.org","@graph":[{"@type":"WebPage","@id":"https:\/\/reginett.ee\/toode\/omblusmasin-carina-power-and-stretch-ii\/","url":"https:\/\/reginett.ee\/toode\/omblusmasin-carina-power-and-stretch-ii\/","name":"CARINA POWER and STRETCH II. Parimad \u00f5mblusmasinad Reginetist","isPartOf":{"@id":"https:\/\/reginett.ee\/#website"},"primaryImageOfPage":{"@id":"https:\/\/reginett.ee\/toode\/omblusmasin-carina-power-and-stretch-ii\/#primaryimage"},"image":{"@id":"https:\/\/reginett.ee\/toode\/omblusmasin-carina-power-and-stretch-ii\/#primaryimage"},"thumbnailUrl":"https:\/\/reginett.ee\/wp-content\/uploads\/2021\/02\/Carina-Power-and-Stretch-II.jpg","datePublished":"2021-02-23T05:50:19+00:00","dateModified":"2024-10-01T08:50:05+00:00","description":"CARINA Power and Stretch II mudelil on 23 tava- ja dekoratiivpistet sh 4-etapiline n\u00f6\u00f6pauk. Eriti sobilik masin kergete ja venivate","breadcrumb":{"@id":"https:\/\/reginett.ee\/toode\/omblusmasin-carina-power-and-stretch-ii\/#breadcrumb"},"inLanguage":"ru-RU","potentialAction":[{"@type":"ReadAction","target":["https:\/\/reginett.ee\/toode\/omblusmasin-carina-power-and-stretch-ii\/"]}]},{"@type":"ImageObject","inLanguage":"ru-RU","@id":"https:\/\/reginett.ee\/toode\/omblusmasin-carina-power-and-stretch-ii\/#primaryimage","url":"https:\/\/reginett.ee\/wp-content\/uploads\/2021\/02\/Carina-Power-and-Stretch-II.jpg","contentUrl":"https:\/\/reginett.ee\/wp-content\/uploads\/2021\/02\/Carina-Power-and-Stretch-II.jpg","width":719,"height":520,"caption":"20H0120fcdd4b7e8ca40"},{"@type":"BreadcrumbList","@id":"https:\/\/reginett.ee\/toode\/omblusmasin-carina-power-and-stretch-ii\/#breadcrumb","itemListElement":[{"@type":"ListItem","position":1,"name":"Home","item":"https:\/\/reginett.ee\/ru\/"},{"@type":"ListItem","position":2,"name":"Tooted","item":"https:\/\/reginett.ee\/tooted\/"},{"@type":"ListItem","position":3,"name":"\u00d5mblusmasin CARINA POWER and STRETCH II"}]},{"@type":"WebSite","@id":"https:\/\/reginett.ee\/#website","url":"https:\/\/reginett.ee\/","name":"Reginett","description":"Parimad robotniidukid","potentialAction":[{"@type":"SearchAction","target":{"@type":"EntryPoint","urlTemplate":"https:\/\/reginett.ee\/?s={search_term_string}"},"query-input":{"@type":"PropertyValueSpecification","valueRequired":true,"valueName":"search_term_string"}}],"inLanguage":"ru-RU"}]}},"brands":[],"_links":{"self":[{"href":"https:\/\/reginett.ee\/ru\/wp-json\/wp\/v2\/product\/53620","targetHints":{"allow":["GET"]}}],"collection":[{"href":"https:\/\/reginett.ee\/ru\/wp-json\/wp\/v2\/product"}],"about":[{"href":"https:\/\/reginett.ee\/ru\/wp-json\/wp\/v2\/types\/product"}],"replies":[{"embeddable":true,"href":"https:\/\/reginett.ee\/ru\/wp-json\/wp\/v2\/comments?post=53620"}],"wp:featuredmedia":[{"embeddable":true,"href":"https:\/\/reginett.ee\/ru\/wp-json\/wp\/v2\/media\/53621"}],"wp:attachment":[{"href":"https:\/\/reginett.ee\/ru\/wp-json\/wp\/v2\/media?parent=53620"}],"wp:term":[{"taxonomy":"pwb-brand","embeddable":true,"href":"https:\/\/reginett.ee\/ru\/wp-json\/wp\/v2\/pwb-brand?post=53620"},{"taxonomy":"product_brand","embeddable":true,"href":"https:\/\/reginett.ee\/ru\/wp-json\/wp\/v2\/product_brand?post=53620"},{"taxonomy":"product_cat","embeddable":true,"href":"https:\/\/reginett.ee\/ru\/wp-json\/wp\/v2\/product_cat?post=53620"},{"taxonomy":"product_tag","embeddable":true,"href":"https:\/\/reginett.ee\/ru\/wp-json\/wp\/v2\/product_tag?post=53620"}],"curies":[{"name":"wp","href":"https:\/\/api.w.org\/{rel}","templated":true}]}}