{"id":53353,"date":"2025-10-17T16:01:17","date_gmt":"2025-10-17T13:01:17","guid":{"rendered":"https:\/\/reginett.ee\/?post_type=product&#038;p=53353"},"modified":"2025-10-17T16:43:30","modified_gmt":"2025-10-17T13:43:30","slug":"robotniiduk-husqvarna-automower-415x-uus","status":"publish","type":"product","link":"https:\/\/reginett.ee\/ru\/toode\/robotniiduk-husqvarna-automower-415x-uus\/","title":{"rendered":"Robotniiduk Husqvarna Automower\u00ae 415X"},"content":{"rendered":"<p>Husqvarna Automower\u00ae 415X on kompaktse disainiga robotniiduk keskmise suurusega keerukama aia niitmiseks. Maksimaalne niidetav ala 1500 m2. Maksimaalne kalle 40%.<\/p>\n<p>See robotniiduk on v\u00f5imeline l\u00e4bima kitsaid vahek\u00e4ike t\u00e4nu s\u00fcsteemsele vahek\u00e4ikude niitmisele ning t\u00f6\u00f6tab kuni 40% kallakutel. Kasutamise teeb mugavaks elektriline niiduk\u00f5rguse reguleerimine, murukasvusensor ning k\u00fclmakaitse. Lihtne puhastada voolava veega. Nagu k\u00f5ikidel X-Line mudelitel on ka see mudel varustatud Automower\u00ae Connect rakendusega, LED esituledega, kummist p\u00f5rkerauaga ning oran\u017eide rattakatetega.<\/p>\n<h3 class=\"h3 feature-headline\">Sobiv robotniiduk t\u00f6\u00f6tamaks kuni 40% kallakutel<\/h3>\n<p class=\"h3 feature-headline\">Suured s\u00fcgavamustrilised rattad tagavad suurep\u00e4rased veoomadused ka libedal pinnal. Niiduk suudab liikuda kuni 40% kaldel.<\/p>\n<h3 class=\"h3 feature-headline\">S\u00fcsteemne koridori niitmine<\/h3>\n<div class=\"feature-description\">Niiduk muudab vastavalt koridori laiusele niitmiss\u00fcsteemi.<\/div>\n<div>\n<h3 class=\"h3 feature-headline\">GPS s\u00fcsteem<\/h3>\n<div class=\"feature-description\">T\u00e4nu sisseehitatud GPS s\u00fcsteemile kaardistab Husqvarna robotniiduk aia ning korrigeerib oma niitmismustrit vastavalt vajadusele, tagamaks parima niidutulemuse.<\/div>\n<div>\n<div id=\"MainContentPlaceHolder_pmain_0_ctl00_ProductFeatures_rpFeatures_featureContainer_0\" class=\"col-xs-12 col-sm-6 col-md-4 feature-container\">\n<h3 class=\"h3 feature-headline\">Automower\u00ae Connect<\/h3>\n<div class=\"feature-description\">Automower\u00ae Connect annab teile t\u00e4ieliku kontrolli robotniiduki \u00fcle l\u00e4bi nutitelefoni. Saate anda k\u00e4ivitamis-, peatumis- ja parkimisk\u00e4ske, reguleerida seadeid, teateid vastu v\u00f5tta ning varguse korral k\u00f5ikjalt niiduki asukohta j\u00e4litada.<\/div>\n<div>\n<h3 class=\"h3 feature-headline\">Kitsad l\u00e4bik\u00e4igud<\/h3>\n<div class=\"feature-description\">Husqvarna Automower\u00ae 415X tunnetab t\u00e4nu anduritele isegi kitsaimad koridorid ning l\u00e4bib need t\u00f5rgeteta. Tallamisj\u00e4lgede v\u00e4ltimiseks varieerib ta oma liikumisteed l\u00e4bi koridori.<\/div>\n<div>\n<h3 class=\"h3 feature-headline\">Suurep\u00e4rane niitmistulemus<\/h3>\n<div class=\"feature-description\">Automower\u00ae 415X niidab juhusliku mustri j\u00e4rgi, saavutades nii ilusa vaibasarnase tulemuse. \u017diletiteri meenutavad terad l\u00f5ikavad igast suunast, murulibled j\u00e4\u00e4vad l\u00fchemad, mis omakorda t\u00e4hendab paremat v\u00e4etist ja samblavaba muru.<\/div>\n<div><\/div>\n<\/div>\n<\/div>\n<\/div>\n<\/div>\n<\/div>\n","protected":false},"excerpt":{"rendered":"<p><strong>Husqvarna Automower\u00ae 415X<\/strong> on kompaktse disainiga robotniiduk keskmise suurusega keerukama aia niitmiseks. Maksimaalne niidetav ala 1500 m2. Maksimaalne kalle 40%.See robotniiduk on v\u00f5imeline l\u00e4bima kitsaid vahek\u00e4ike t\u00e4nu s\u00fcsteemsele vahek\u00e4ikude niitmisele ning t\u00f6\u00f6tab kuni 40% kallakutel. Kasutamise teeb mugavaks elektriline niiduk\u00f5rguse reguleerimine, murukasvusensor ning k\u00fclmakaitse. Lihtne puhastada voolava veega. Nagu k\u00f5ikidel X-Line mudelitel on ka see mudel varustatud Automower\u00ae Connect rakendusega, LED esituledega, kummist p\u00f5rkerauaga ning oran\u017eide rattakatetega.<\/p>\n","protected":false},"featured_media":53354,"comment_status":"open","ping_status":"closed","template":"","meta":{"_acf_changed":false,"_et_pb_use_builder":"","_et_pb_old_content":"","_et_gb_content_width":"","inline_featured_image":false},"pwb-brand":[147],"product_brand":[],"product_cat":[134,37,19],"product_tag":[46,259,44],"class_list":{"0":"post-53353","1":"product","2":"type-product","3":"status-publish","4":"has-post-thumbnail","6":"pwb-brand-husqvarna","7":"product_cat-eripakkumised","8":"product_cat-husqvarna","9":"product_cat-robotniidukid","10":"product_tag-automower","11":"product_tag-husqvarna-robotniiduk","12":"product_tag-robotniiduk","13":"product_shipping_class-soodsam-kuller-15-eur","15":"first","16":"instock","17":"sale","18":"shipping-taxable","19":"purchasable","20":"product-type-simple"},"acf":[],"yoast_head":"<!-- This site is optimized with the Yoast SEO plugin v26.6 - https:\/\/yoast.com\/wordpress\/plugins\/seo\/ -->\n<title>Uus robotniiduk Husqvarna Automower\u00ae 415X. Parimad robotid<\/title>\n<meta name=\"description\" content=\"Husqvarna Automower\u00ae 415X on kompaktse disainiga robotniiduk keskmise suurusega keerukama aia niitmiseks. Maksimaalne niidetav ala 1500 m2\" \/>\n<meta name=\"robots\" content=\"index, follow, max-snippet:-1, max-image-preview:large, max-video-preview:-1\" \/>\n<link rel=\"canonical\" href=\"https:\/\/reginett.ee\/toode\/robotniiduk-husqvarna-automower-415x-uus\/\" \/>\n<meta property=\"og:locale\" content=\"ru_RU\" \/>\n<meta property=\"og:type\" content=\"article\" \/>\n<meta property=\"og:title\" content=\"Uus robotniiduk Husqvarna Automower\u00ae 415X. Parimad robotid\" \/>\n<meta property=\"og:description\" content=\"Husqvarna Automower\u00ae 415X on kompaktse disainiga robotniiduk keskmise suurusega keerukama aia niitmiseks. Maksimaalne niidetav ala 1500 m2\" \/>\n<meta property=\"og:url\" content=\"https:\/\/reginett.ee\/toode\/robotniiduk-husqvarna-automower-415x-uus\/\" \/>\n<meta property=\"og:site_name\" content=\"Reginett\" \/>\n<meta property=\"article:modified_time\" content=\"2025-10-17T13:43:30+00:00\" \/>\n<meta property=\"og:image\" content=\"https:\/\/reginett.ee\/wp-content\/uploads\/2021\/01\/Automower-415X-Reginett-scaled.jpg\" \/>\n\t<meta property=\"og:image:width\" content=\"2560\" \/>\n\t<meta property=\"og:image:height\" content=\"1254\" \/>\n\t<meta property=\"og:image:type\" content=\"image\/jpeg\" \/>\n<meta name=\"twitter:card\" content=\"summary_large_image\" \/>\n<meta name=\"twitter:label1\" content=\"\u041f\u0440\u0438\u043c\u0435\u0440\u043d\u043e\u0435 \u0432\u0440\u0435\u043c\u044f \u0434\u043b\u044f \u0447\u0442\u0435\u043d\u0438\u044f\" \/>\n\t<meta name=\"twitter:data1\" content=\"2 \u043c\u0438\u043d\u0443\u0442\u044b\" \/>\n<script type=\"application\/ld+json\" class=\"yoast-schema-graph\">{\"@context\":\"https:\/\/schema.org\",\"@graph\":[{\"@type\":\"WebPage\",\"@id\":\"https:\/\/reginett.ee\/toode\/robotniiduk-husqvarna-automower-415x-uus\/\",\"url\":\"https:\/\/reginett.ee\/toode\/robotniiduk-husqvarna-automower-415x-uus\/\",\"name\":\"Uus robotniiduk Husqvarna Automower\u00ae 415X. Parimad robotid\",\"isPartOf\":{\"@id\":\"https:\/\/reginett.ee\/#website\"},\"primaryImageOfPage\":{\"@id\":\"https:\/\/reginett.ee\/toode\/robotniiduk-husqvarna-automower-415x-uus\/#primaryimage\"},\"image\":{\"@id\":\"https:\/\/reginett.ee\/toode\/robotniiduk-husqvarna-automower-415x-uus\/#primaryimage\"},\"thumbnailUrl\":\"https:\/\/reginett.ee\/wp-content\/uploads\/2021\/01\/Automower-415X-Reginett-scaled.jpg\",\"datePublished\":\"2025-10-17T13:01:17+00:00\",\"dateModified\":\"2025-10-17T13:43:30+00:00\",\"description\":\"Husqvarna Automower\u00ae 415X on kompaktse disainiga robotniiduk keskmise suurusega keerukama aia niitmiseks. Maksimaalne niidetav ala 1500 m2\",\"breadcrumb\":{\"@id\":\"https:\/\/reginett.ee\/toode\/robotniiduk-husqvarna-automower-415x-uus\/#breadcrumb\"},\"inLanguage\":\"ru-RU\",\"potentialAction\":[{\"@type\":\"ReadAction\",\"target\":[\"https:\/\/reginett.ee\/toode\/robotniiduk-husqvarna-automower-415x-uus\/\"]}]},{\"@type\":\"ImageObject\",\"inLanguage\":\"ru-RU\",\"@id\":\"https:\/\/reginett.ee\/toode\/robotniiduk-husqvarna-automower-415x-uus\/#primaryimage\",\"url\":\"https:\/\/reginett.ee\/wp-content\/uploads\/2021\/01\/Automower-415X-Reginett-scaled.jpg\",\"contentUrl\":\"https:\/\/reginett.ee\/wp-content\/uploads\/2021\/01\/Automower-415X-Reginett-scaled.jpg\",\"width\":2560,\"height\":1254,\"caption\":\"Automowetr 415X Reginett\"},{\"@type\":\"BreadcrumbList\",\"@id\":\"https:\/\/reginett.ee\/toode\/robotniiduk-husqvarna-automower-415x-uus\/#breadcrumb\",\"itemListElement\":[{\"@type\":\"ListItem\",\"position\":1,\"name\":\"Home\",\"item\":\"https:\/\/reginett.ee\/ru\/\"},{\"@type\":\"ListItem\",\"position\":2,\"name\":\"Tooted\",\"item\":\"https:\/\/reginett.ee\/tooted\/\"},{\"@type\":\"ListItem\",\"position\":3,\"name\":\"Robotniiduk Husqvarna Automower\u00ae 415X\"}]},{\"@type\":\"WebSite\",\"@id\":\"https:\/\/reginett.ee\/#website\",\"url\":\"https:\/\/reginett.ee\/\",\"name\":\"Reginett\",\"description\":\"Parimad robotniidukid\",\"potentialAction\":[{\"@type\":\"SearchAction\",\"target\":{\"@type\":\"EntryPoint\",\"urlTemplate\":\"https:\/\/reginett.ee\/?s={search_term_string}\"},\"query-input\":{\"@type\":\"PropertyValueSpecification\",\"valueRequired\":true,\"valueName\":\"search_term_string\"}}],\"inLanguage\":\"ru-RU\"}]}<\/script>\n<!-- \/ Yoast SEO plugin. -->","yoast_head_json":{"title":"Uus robotniiduk Husqvarna Automower\u00ae 415X. Parimad robotid","description":"Husqvarna Automower\u00ae 415X on kompaktse disainiga robotniiduk keskmise suurusega keerukama aia niitmiseks. Maksimaalne niidetav ala 1500 m2","robots":{"index":"index","follow":"follow","max-snippet":"max-snippet:-1","max-image-preview":"max-image-preview:large","max-video-preview":"max-video-preview:-1"},"canonical":"https:\/\/reginett.ee\/toode\/robotniiduk-husqvarna-automower-415x-uus\/","og_locale":"ru_RU","og_type":"article","og_title":"Uus robotniiduk Husqvarna Automower\u00ae 415X. Parimad robotid","og_description":"Husqvarna Automower\u00ae 415X on kompaktse disainiga robotniiduk keskmise suurusega keerukama aia niitmiseks. Maksimaalne niidetav ala 1500 m2","og_url":"https:\/\/reginett.ee\/toode\/robotniiduk-husqvarna-automower-415x-uus\/","og_site_name":"Reginett","article_modified_time":"2025-10-17T13:43:30+00:00","og_image":[{"width":2560,"height":1254,"url":"https:\/\/reginett.ee\/wp-content\/uploads\/2021\/01\/Automower-415X-Reginett-scaled.jpg","type":"image\/jpeg"}],"twitter_card":"summary_large_image","twitter_misc":{"\u041f\u0440\u0438\u043c\u0435\u0440\u043d\u043e\u0435 \u0432\u0440\u0435\u043c\u044f \u0434\u043b\u044f \u0447\u0442\u0435\u043d\u0438\u044f":"2 \u043c\u0438\u043d\u0443\u0442\u044b"},"schema":{"@context":"https:\/\/schema.org","@graph":[{"@type":"WebPage","@id":"https:\/\/reginett.ee\/toode\/robotniiduk-husqvarna-automower-415x-uus\/","url":"https:\/\/reginett.ee\/toode\/robotniiduk-husqvarna-automower-415x-uus\/","name":"Uus robotniiduk Husqvarna Automower\u00ae 415X. Parimad robotid","isPartOf":{"@id":"https:\/\/reginett.ee\/#website"},"primaryImageOfPage":{"@id":"https:\/\/reginett.ee\/toode\/robotniiduk-husqvarna-automower-415x-uus\/#primaryimage"},"image":{"@id":"https:\/\/reginett.ee\/toode\/robotniiduk-husqvarna-automower-415x-uus\/#primaryimage"},"thumbnailUrl":"https:\/\/reginett.ee\/wp-content\/uploads\/2021\/01\/Automower-415X-Reginett-scaled.jpg","datePublished":"2025-10-17T13:01:17+00:00","dateModified":"2025-10-17T13:43:30+00:00","description":"Husqvarna Automower\u00ae 415X on kompaktse disainiga robotniiduk keskmise suurusega keerukama aia niitmiseks. Maksimaalne niidetav ala 1500 m2","breadcrumb":{"@id":"https:\/\/reginett.ee\/toode\/robotniiduk-husqvarna-automower-415x-uus\/#breadcrumb"},"inLanguage":"ru-RU","potentialAction":[{"@type":"ReadAction","target":["https:\/\/reginett.ee\/toode\/robotniiduk-husqvarna-automower-415x-uus\/"]}]},{"@type":"ImageObject","inLanguage":"ru-RU","@id":"https:\/\/reginett.ee\/toode\/robotniiduk-husqvarna-automower-415x-uus\/#primaryimage","url":"https:\/\/reginett.ee\/wp-content\/uploads\/2021\/01\/Automower-415X-Reginett-scaled.jpg","contentUrl":"https:\/\/reginett.ee\/wp-content\/uploads\/2021\/01\/Automower-415X-Reginett-scaled.jpg","width":2560,"height":1254,"caption":"Automowetr 415X Reginett"},{"@type":"BreadcrumbList","@id":"https:\/\/reginett.ee\/toode\/robotniiduk-husqvarna-automower-415x-uus\/#breadcrumb","itemListElement":[{"@type":"ListItem","position":1,"name":"Home","item":"https:\/\/reginett.ee\/ru\/"},{"@type":"ListItem","position":2,"name":"Tooted","item":"https:\/\/reginett.ee\/tooted\/"},{"@type":"ListItem","position":3,"name":"Robotniiduk Husqvarna Automower\u00ae 415X"}]},{"@type":"WebSite","@id":"https:\/\/reginett.ee\/#website","url":"https:\/\/reginett.ee\/","name":"Reginett","description":"Parimad robotniidukid","potentialAction":[{"@type":"SearchAction","target":{"@type":"EntryPoint","urlTemplate":"https:\/\/reginett.ee\/?s={search_term_string}"},"query-input":{"@type":"PropertyValueSpecification","valueRequired":true,"valueName":"search_term_string"}}],"inLanguage":"ru-RU"}]}},"brands":[{"id":147,"name":"Husqvarna","slug":"husqvarna"}],"_links":{"self":[{"href":"https:\/\/reginett.ee\/ru\/wp-json\/wp\/v2\/product\/53353","targetHints":{"allow":["GET"]}}],"collection":[{"href":"https:\/\/reginett.ee\/ru\/wp-json\/wp\/v2\/product"}],"about":[{"href":"https:\/\/reginett.ee\/ru\/wp-json\/wp\/v2\/types\/product"}],"replies":[{"embeddable":true,"href":"https:\/\/reginett.ee\/ru\/wp-json\/wp\/v2\/comments?post=53353"}],"wp:featuredmedia":[{"embeddable":true,"href":"https:\/\/reginett.ee\/ru\/wp-json\/wp\/v2\/media\/53354"}],"wp:attachment":[{"href":"https:\/\/reginett.ee\/ru\/wp-json\/wp\/v2\/media?parent=53353"}],"wp:term":[{"taxonomy":"pwb-brand","embeddable":true,"href":"https:\/\/reginett.ee\/ru\/wp-json\/wp\/v2\/pwb-brand?post=53353"},{"taxonomy":"product_brand","embeddable":true,"href":"https:\/\/reginett.ee\/ru\/wp-json\/wp\/v2\/product_brand?post=53353"},{"taxonomy":"product_cat","embeddable":true,"href":"https:\/\/reginett.ee\/ru\/wp-json\/wp\/v2\/product_cat?post=53353"},{"taxonomy":"product_tag","embeddable":true,"href":"https:\/\/reginett.ee\/ru\/wp-json\/wp\/v2\/product_tag?post=53353"}],"curies":[{"name":"wp","href":"https:\/\/api.w.org\/{rel}","templated":true}]}}