{"id":53351,"date":"2023-11-10T15:22:30","date_gmt":"2023-11-10T12:22:30","guid":{"rendered":"https:\/\/reginett.ee\/?post_type=product&#038;p=53351"},"modified":"2025-07-04T10:07:33","modified_gmt":"2025-07-04T07:07:33","slug":"kettsaag-husqvarna-560xp-g","status":"publish","type":"product","link":"https:\/\/reginett.ee\/ru\/toode\/kettsaag-husqvarna-560xp-g\/","title":{"rendered":"Kettsaag Husqvarna 560XP\u00ae G"},"content":{"rendered":"<p>Husqvarna 560 XP\u00ae G on m\u00f5eldud professionaalsetele metsat\u00f6\u00f6listele ning kogenud erametsaomanikele. Murranguline disain ning mitmed uuenduslikud tehnilised lahendused teevad t\u00f6\u00f6tamise t\u00f5husaks ning mugavaks. Ainulaadne X-Torq\u00ae mootor tagab vajaliku v\u00f5imsuse, on kuni 20% k\u00fctuses\u00e4\u00e4stlikum ja tekitab 75% v\u00e4hem kahjulikke heitmeid. RevBoost\u2122 tagab laasimisel vajamineva suurema ketikiiruse. Soojendusega k\u00e4epidemed teevad k\u00fclmades ja niisketes tingimustes t\u00f6\u00f6tamise m\u00f5nusamaks.<\/p>\n<h3 class=\"h4 description-headline\">Soojendusega k\u00e4epidemed<\/h3>\n<div class=\"description-text-wrapper\"><span class=\"description-text\">T\u00f5hus k\u00e4epideme soojendus esi- ja tagak\u00e4epidemes teeb mugavaks saega t\u00f6\u00f6tamise k\u00fclmaa ja niiske ilmaga. <\/span><\/div>\n<div class=\"col-sm-3 description\">\n<h3 class=\"h4 description-headline\">AutoTune<\/h3>\n<div class=\"description-text-wrapper\"><span class=\"description-text\">Auto Tune tagab t\u00e4nu automaatsele mootori seadistamisele optimaalse suutlikkuse. See korvab eri k\u00fctuset\u00fc\u00fcpide kasutamisel tekkivatest erisustest, k\u00f5rgusest, niiskusest, temperatuurist ja ummistunud \u00f5hufiltrist tuleneva mootori t\u00f6\u00f6v\u00f5ime languse. <\/span><\/div>\n<div>\n<div class=\"col-sm-3 description\">\n<h3 class=\"h4 description-headline\">X-Torq\u00ae<\/h3>\n<div class=\"description-text-wrapper\"><span class=\"description-text\">V\u00e4iksem k\u00fctusekulu ja heitgaaside hulk, mis vastavad maailma karmimatele keskkonnan\u00f5uetele. <\/span><\/div>\n<div>\n<div class=\"col-sm-3 description\">\n<h3 class=\"h4 description-headline\">Air Injection<\/h3>\n<div class=\"description-text-wrapper\"><span class=\"description-text\">\u00d5hu eelpuhastus. T\u00e4nu tsentrifugaalsele \u00f5hupuhastusele vajab filter harvem puhastamist. <\/span><\/div>\n<div><\/div>\n<h3>Reguleeritav \u00f5lipump<\/h3>\n<div>Seadistatav \u00f5lipump tagab keti \u00f5litamise vastavalt teie soovile.<\/div>\n<div>\n<div class=\"col-sm-3 description\">\n<div><\/div>\n<div><\/div>\n<\/div>\n<\/div>\n<\/div>\n<\/div>\n<\/div>\n<\/div>\n<\/div>\n","protected":false},"excerpt":{"rendered":"<p>Husqvarna 560 XP\u00ae G on m\u00f5eldud professionaalsetele metsat\u00f6\u00f6listele ning kogenud erametsaomanikele. Murranguline disain ning mitmed uuenduslikud tehnilised lahendused teevad t\u00f6\u00f6tamise t\u00f5husaks ning mugavaks. Ainulaadne X-Torq\u00ae mootor tagab vajaliku v\u00f5imsuse, on kuni 20% k\u00fctuses\u00e4\u00e4stlikum ja tekitab 75% v\u00e4hem kahjulikke heitmeid. RevBoost\u2122 tagab laasimisel vajamineva suurema ketikiiruse. Soojendusega k\u00e4epidemed teevad k\u00fclmades ja niisketes tingimustes t\u00f6\u00f6tamise m\u00f5nusamaks.<\/p>\n","protected":false},"featured_media":50765,"comment_status":"open","ping_status":"closed","template":"","meta":{"_acf_changed":false,"_et_pb_use_builder":"","_et_pb_old_content":"","_et_gb_content_width":"","inline_featured_image":false},"pwb-brand":[],"product_brand":[],"product_cat":[134,37,42,43],"product_tag":[],"class_list":{"0":"post-53351","1":"product","2":"type-product","3":"status-publish","4":"has-post-thumbnail","6":"product_cat-eripakkumised","7":"product_cat-husqvarna","8":"product_cat-kettsaed","9":"product_cat-mootorsaed","11":"first","12":"instock","13":"shipping-taxable","14":"purchasable","15":"product-type-simple"},"acf":[],"yoast_head":"<!-- This site is optimized with the Yoast SEO plugin v26.6 - https:\/\/yoast.com\/wordpress\/plugins\/seo\/ -->\n<title>Kettsaag Husqvarna 560XP\u00ae G - Reginett<\/title>\n<meta name=\"robots\" content=\"index, follow, max-snippet:-1, max-image-preview:large, max-video-preview:-1\" \/>\n<link rel=\"canonical\" href=\"https:\/\/reginett.ee\/toode\/kettsaag-husqvarna-560xp-g\/\" \/>\n<meta property=\"og:locale\" content=\"ru_RU\" \/>\n<meta property=\"og:type\" content=\"article\" \/>\n<meta property=\"og:title\" content=\"Kettsaag Husqvarna 560XP\u00ae G - Reginett\" \/>\n<meta property=\"og:description\" content=\"Husqvarna 560 XP\u00ae G on m\u00f5eldud professionaalsetele metsat\u00f6\u00f6listele ning kogenud erametsaomanikele. Murranguline disain ning mitmed uuenduslikud tehnilised lahendused teevad t\u00f6\u00f6tamise t\u00f5husaks ning mugavaks. Ainulaadne X-Torq\u00ae mootor tagab vajaliku v\u00f5imsuse, on kuni 20% k\u00fctuses\u00e4\u00e4stlikum ja tekitab 75% v\u00e4hem kahjulikke heitmeid. RevBoost\u2122 tagab laasimisel vajamineva suurema ketikiiruse. Soojendusega k\u00e4epidemed teevad k\u00fclmades ja niisketes tingimustes t\u00f6\u00f6tamise m\u00f5nusamaks.\" \/>\n<meta property=\"og:url\" content=\"https:\/\/reginett.ee\/toode\/kettsaag-husqvarna-560xp-g\/\" \/>\n<meta property=\"og:site_name\" content=\"Reginett\" \/>\n<meta property=\"article:modified_time\" content=\"2025-07-04T07:07:33+00:00\" \/>\n<meta property=\"og:image\" content=\"https:\/\/reginett.ee\/wp-content\/uploads\/2020\/03\/Husqvarna-560-XP-1-scaled.jpg\" \/>\n\t<meta property=\"og:image:width\" content=\"2560\" \/>\n\t<meta property=\"og:image:height\" content=\"1123\" \/>\n\t<meta property=\"og:image:type\" content=\"image\/jpeg\" \/>\n<meta name=\"twitter:card\" content=\"summary_large_image\" \/>\n<meta name=\"twitter:label1\" content=\"\u041f\u0440\u0438\u043c\u0435\u0440\u043d\u043e\u0435 \u0432\u0440\u0435\u043c\u044f \u0434\u043b\u044f \u0447\u0442\u0435\u043d\u0438\u044f\" \/>\n\t<meta name=\"twitter:data1\" content=\"1 \u043c\u0438\u043d\u0443\u0442\u0430\" \/>\n<script type=\"application\/ld+json\" class=\"yoast-schema-graph\">{\"@context\":\"https:\/\/schema.org\",\"@graph\":[{\"@type\":\"WebPage\",\"@id\":\"https:\/\/reginett.ee\/toode\/kettsaag-husqvarna-560xp-g\/\",\"url\":\"https:\/\/reginett.ee\/toode\/kettsaag-husqvarna-560xp-g\/\",\"name\":\"Kettsaag Husqvarna 560XP\u00ae G - Reginett\",\"isPartOf\":{\"@id\":\"https:\/\/reginett.ee\/#website\"},\"primaryImageOfPage\":{\"@id\":\"https:\/\/reginett.ee\/toode\/kettsaag-husqvarna-560xp-g\/#primaryimage\"},\"image\":{\"@id\":\"https:\/\/reginett.ee\/toode\/kettsaag-husqvarna-560xp-g\/#primaryimage\"},\"thumbnailUrl\":\"https:\/\/reginett.ee\/wp-content\/uploads\/2020\/03\/Husqvarna-560-XP-1-scaled.jpg\",\"datePublished\":\"2023-11-10T12:22:30+00:00\",\"dateModified\":\"2025-07-04T07:07:33+00:00\",\"breadcrumb\":{\"@id\":\"https:\/\/reginett.ee\/toode\/kettsaag-husqvarna-560xp-g\/#breadcrumb\"},\"inLanguage\":\"ru-RU\",\"potentialAction\":[{\"@type\":\"ReadAction\",\"target\":[\"https:\/\/reginett.ee\/toode\/kettsaag-husqvarna-560xp-g\/\"]}]},{\"@type\":\"ImageObject\",\"inLanguage\":\"ru-RU\",\"@id\":\"https:\/\/reginett.ee\/toode\/kettsaag-husqvarna-560xp-g\/#primaryimage\",\"url\":\"https:\/\/reginett.ee\/wp-content\/uploads\/2020\/03\/Husqvarna-560-XP-1-scaled.jpg\",\"contentUrl\":\"https:\/\/reginett.ee\/wp-content\/uploads\/2020\/03\/Husqvarna-560-XP-1-scaled.jpg\",\"width\":2560,\"height\":1123,\"caption\":\"Husqvarna 560XP\"},{\"@type\":\"BreadcrumbList\",\"@id\":\"https:\/\/reginett.ee\/toode\/kettsaag-husqvarna-560xp-g\/#breadcrumb\",\"itemListElement\":[{\"@type\":\"ListItem\",\"position\":1,\"name\":\"Home\",\"item\":\"https:\/\/reginett.ee\/ru\/\"},{\"@type\":\"ListItem\",\"position\":2,\"name\":\"Tooted\",\"item\":\"https:\/\/reginett.ee\/tooted\/\"},{\"@type\":\"ListItem\",\"position\":3,\"name\":\"Kettsaag Husqvarna 560XP\u00ae G\"}]},{\"@type\":\"WebSite\",\"@id\":\"https:\/\/reginett.ee\/#website\",\"url\":\"https:\/\/reginett.ee\/\",\"name\":\"Reginett\",\"description\":\"Parimad robotniidukid\",\"potentialAction\":[{\"@type\":\"SearchAction\",\"target\":{\"@type\":\"EntryPoint\",\"urlTemplate\":\"https:\/\/reginett.ee\/?s={search_term_string}\"},\"query-input\":{\"@type\":\"PropertyValueSpecification\",\"valueRequired\":true,\"valueName\":\"search_term_string\"}}],\"inLanguage\":\"ru-RU\"}]}<\/script>\n<!-- \/ Yoast SEO plugin. -->","yoast_head_json":{"title":"Kettsaag Husqvarna 560XP\u00ae G - Reginett","robots":{"index":"index","follow":"follow","max-snippet":"max-snippet:-1","max-image-preview":"max-image-preview:large","max-video-preview":"max-video-preview:-1"},"canonical":"https:\/\/reginett.ee\/toode\/kettsaag-husqvarna-560xp-g\/","og_locale":"ru_RU","og_type":"article","og_title":"Kettsaag Husqvarna 560XP\u00ae G - Reginett","og_description":"Husqvarna 560 XP\u00ae G on m\u00f5eldud professionaalsetele metsat\u00f6\u00f6listele ning kogenud erametsaomanikele. Murranguline disain ning mitmed uuenduslikud tehnilised lahendused teevad t\u00f6\u00f6tamise t\u00f5husaks ning mugavaks. Ainulaadne X-Torq\u00ae mootor tagab vajaliku v\u00f5imsuse, on kuni 20% k\u00fctuses\u00e4\u00e4stlikum ja tekitab 75% v\u00e4hem kahjulikke heitmeid. RevBoost\u2122 tagab laasimisel vajamineva suurema ketikiiruse. Soojendusega k\u00e4epidemed teevad k\u00fclmades ja niisketes tingimustes t\u00f6\u00f6tamise m\u00f5nusamaks.","og_url":"https:\/\/reginett.ee\/toode\/kettsaag-husqvarna-560xp-g\/","og_site_name":"Reginett","article_modified_time":"2025-07-04T07:07:33+00:00","og_image":[{"width":2560,"height":1123,"url":"https:\/\/reginett.ee\/wp-content\/uploads\/2020\/03\/Husqvarna-560-XP-1-scaled.jpg","type":"image\/jpeg"}],"twitter_card":"summary_large_image","twitter_misc":{"\u041f\u0440\u0438\u043c\u0435\u0440\u043d\u043e\u0435 \u0432\u0440\u0435\u043c\u044f \u0434\u043b\u044f \u0447\u0442\u0435\u043d\u0438\u044f":"1 \u043c\u0438\u043d\u0443\u0442\u0430"},"schema":{"@context":"https:\/\/schema.org","@graph":[{"@type":"WebPage","@id":"https:\/\/reginett.ee\/toode\/kettsaag-husqvarna-560xp-g\/","url":"https:\/\/reginett.ee\/toode\/kettsaag-husqvarna-560xp-g\/","name":"Kettsaag Husqvarna 560XP\u00ae G - Reginett","isPartOf":{"@id":"https:\/\/reginett.ee\/#website"},"primaryImageOfPage":{"@id":"https:\/\/reginett.ee\/toode\/kettsaag-husqvarna-560xp-g\/#primaryimage"},"image":{"@id":"https:\/\/reginett.ee\/toode\/kettsaag-husqvarna-560xp-g\/#primaryimage"},"thumbnailUrl":"https:\/\/reginett.ee\/wp-content\/uploads\/2020\/03\/Husqvarna-560-XP-1-scaled.jpg","datePublished":"2023-11-10T12:22:30+00:00","dateModified":"2025-07-04T07:07:33+00:00","breadcrumb":{"@id":"https:\/\/reginett.ee\/toode\/kettsaag-husqvarna-560xp-g\/#breadcrumb"},"inLanguage":"ru-RU","potentialAction":[{"@type":"ReadAction","target":["https:\/\/reginett.ee\/toode\/kettsaag-husqvarna-560xp-g\/"]}]},{"@type":"ImageObject","inLanguage":"ru-RU","@id":"https:\/\/reginett.ee\/toode\/kettsaag-husqvarna-560xp-g\/#primaryimage","url":"https:\/\/reginett.ee\/wp-content\/uploads\/2020\/03\/Husqvarna-560-XP-1-scaled.jpg","contentUrl":"https:\/\/reginett.ee\/wp-content\/uploads\/2020\/03\/Husqvarna-560-XP-1-scaled.jpg","width":2560,"height":1123,"caption":"Husqvarna 560XP"},{"@type":"BreadcrumbList","@id":"https:\/\/reginett.ee\/toode\/kettsaag-husqvarna-560xp-g\/#breadcrumb","itemListElement":[{"@type":"ListItem","position":1,"name":"Home","item":"https:\/\/reginett.ee\/ru\/"},{"@type":"ListItem","position":2,"name":"Tooted","item":"https:\/\/reginett.ee\/tooted\/"},{"@type":"ListItem","position":3,"name":"Kettsaag Husqvarna 560XP\u00ae G"}]},{"@type":"WebSite","@id":"https:\/\/reginett.ee\/#website","url":"https:\/\/reginett.ee\/","name":"Reginett","description":"Parimad robotniidukid","potentialAction":[{"@type":"SearchAction","target":{"@type":"EntryPoint","urlTemplate":"https:\/\/reginett.ee\/?s={search_term_string}"},"query-input":{"@type":"PropertyValueSpecification","valueRequired":true,"valueName":"search_term_string"}}],"inLanguage":"ru-RU"}]}},"brands":[],"_links":{"self":[{"href":"https:\/\/reginett.ee\/ru\/wp-json\/wp\/v2\/product\/53351","targetHints":{"allow":["GET"]}}],"collection":[{"href":"https:\/\/reginett.ee\/ru\/wp-json\/wp\/v2\/product"}],"about":[{"href":"https:\/\/reginett.ee\/ru\/wp-json\/wp\/v2\/types\/product"}],"replies":[{"embeddable":true,"href":"https:\/\/reginett.ee\/ru\/wp-json\/wp\/v2\/comments?post=53351"}],"wp:featuredmedia":[{"embeddable":true,"href":"https:\/\/reginett.ee\/ru\/wp-json\/wp\/v2\/media\/50765"}],"wp:attachment":[{"href":"https:\/\/reginett.ee\/ru\/wp-json\/wp\/v2\/media?parent=53351"}],"wp:term":[{"taxonomy":"pwb-brand","embeddable":true,"href":"https:\/\/reginett.ee\/ru\/wp-json\/wp\/v2\/pwb-brand?post=53351"},{"taxonomy":"product_brand","embeddable":true,"href":"https:\/\/reginett.ee\/ru\/wp-json\/wp\/v2\/product_brand?post=53351"},{"taxonomy":"product_cat","embeddable":true,"href":"https:\/\/reginett.ee\/ru\/wp-json\/wp\/v2\/product_cat?post=53351"},{"taxonomy":"product_tag","embeddable":true,"href":"https:\/\/reginett.ee\/ru\/wp-json\/wp\/v2\/product_tag?post=53351"}],"curies":[{"name":"wp","href":"https:\/\/api.w.org\/{rel}","templated":true}]}}