{"id":53309,"date":"2021-01-17T11:07:04","date_gmt":"2021-01-17T11:07:04","guid":{"rendered":"https:\/\/reginett.ee\/?post_type=product&#038;p=53309"},"modified":"2024-06-26T16:36:13","modified_gmt":"2024-06-26T13:36:13","slug":"akuga-rohuloikur-husqvarna-535irx","status":"publish","type":"product","link":"https:\/\/reginett.ee\/ru\/toode\/akuga-rohuloikur-husqvarna-535irx\/","title":{"rendered":"Akuga rohul\u00f5ikur Husqvarna 535iRX"},"content":{"rendered":"<p>Husqvarna 535iRX on professionaalseks kasutamiseks m\u00f5eldud akurohul\u00f5ikur. T\u00f6\u00f6j\u00f5udlus on v\u00f5rreldav 35 cm<sup>3 <\/sup> bensiinimootori j\u00f5udlusega. Kerge kaal ning hea tasakaalustatus teevad rohul\u00f5ikuri kasutamise mugavaks. Kaepide on vibratsioonisummutsega ning valmistatud magneesiumist. T\u00f6\u00f6laius 45 cm. Komplektis trimmipea ja rohutera.<\/p>\n<p>*Aku ja laadija ei ole komplektis.<\/p>\n<div class=\"col-sm-3 description\">\n<h3 class=\"h4 description-headline\">Juhtmevaba<\/h3>\n<div class=\"description-text-wrapper\"><span class=\"description-text\">Masinat on v\u00f5imalik kasutada nii v\u00e4iksema, kui ka seljakottakuga, olenevalt kasutaja vajadustest <\/span><\/div>\n<div>\n<div class=\"col-sm-3 description\">\n<h3 class=\"h4 description-headline\">Suur t\u00f6\u00f6j\u00f5udlus<\/h3>\n<div class=\"description-text-wrapper\"><span class=\"description-text\">Unikaalne Husqvarna poolt va\u00e4lja t\u00f6\u00f6tatud mootor ning suur l\u00f5ikelaius <\/span><\/div>\n<div>\n<div class=\"col-sm-3 description\">\n<h3 class=\"h4 description-headline\">Tap &#8216;n Go<\/h3>\n<div class=\"description-text-wrapper\"><span class=\"description-text\">Kahe j\u00f5hviga, kiirelt laetav ja vastupidav Tap &#8216;n Go trimmipea. <\/span><\/div>\n<div>\n<div class=\"col-sm-3 description\">\n<h3 class=\"h4 description-headline\">3-kiirust<\/h3>\n<div class=\"description-text-wrapper\"><span class=\"description-text\">Trimmipea p\u00f6\u00f6rlemiskiirust on vastavalt oludele v\u00f5imalik muuta <\/span><\/div>\n<div><\/div>\n<h3>E-TORQ mootor<\/h3>\n<div>Husqvarna poolt arendatud harjavaba E-TORQ on hooldusvaba ning pika elueaga.<\/div>\n<div><\/div>\n<div>https:\/\/www.husqvarna.com\/ee\/tooted\/rohuloikurid\/535irx\/967850603\/<\/div>\n<\/div>\n<\/div>\n<\/div>\n<\/div>\n<\/div>\n<\/div>\n<\/div>\n","protected":false},"excerpt":{"rendered":"<p>Husqvarna 535iRX on professionaalseks kasutamiseks m\u00f5eldud akurohul\u00f5ikur. T\u00f6\u00f6j\u00f5udlus on v\u00f5rreldav 35 cm<sup>3 <\/sup> bensiinimootori j\u00f5udlusega. Kerge kaal ning hea tasakaalustatus teevad rohul\u00f5ikuri kasutamise mugavaks. Kaepide on vibratsioonisummutsega ning valmistatud magneesiumist. T\u00f6\u00f6laius 45 cm. Komplektis trimmipea ja rohutera.<\/p>\n<p>*Aku ja laadija ei ole komplektis.<\/p>\n","protected":false},"featured_media":53314,"comment_status":"open","ping_status":"closed","template":"","meta":{"_acf_changed":false,"_et_pb_use_builder":"","_et_pb_old_content":"","_et_gb_content_width":"","inline_featured_image":false},"pwb-brand":[147],"product_brand":[],"product_cat":[48,37],"product_tag":[258,85,74],"class_list":{"0":"post-53309","1":"product","2":"type-product","3":"status-publish","4":"has-post-thumbnail","6":"pwb-brand-husqvarna","7":"product_cat-akutooted","8":"product_cat-husqvarna","9":"product_tag-akuga-rohuloikur","10":"product_tag-akurohuloikur","11":"product_tag-akutooriistad","13":"first","14":"outofstock","15":"shipping-taxable","16":"purchasable","17":"product-type-simple"},"acf":[],"yoast_head":"<!-- This site is optimized with the Yoast SEO plugin v26.6 - https:\/\/yoast.com\/wordpress\/plugins\/seo\/ -->\n<title>Akuga rohul\u00f5ikur Husqvarna 535iRX. Husqvarna akut\u00f6\u00f6riistad Reginetist<\/title>\n<meta name=\"description\" content=\"Husqvarna 535iRX on professionaalseks kasutamiseks m\u00f5eldud akurohul\u00f5ikur. T\u00f6\u00f6j\u00f5udlus on v\u00f5rreldav 35 cm3 bensiinimootori j\u00f5udlusega.\" \/>\n<meta name=\"robots\" content=\"index, follow, max-snippet:-1, max-image-preview:large, max-video-preview:-1\" \/>\n<link rel=\"canonical\" href=\"https:\/\/reginett.ee\/toode\/akuga-rohuloikur-husqvarna-535irx\/\" \/>\n<meta property=\"og:locale\" content=\"ru_RU\" \/>\n<meta property=\"og:type\" content=\"article\" \/>\n<meta property=\"og:title\" content=\"Akuga rohul\u00f5ikur Husqvarna 535iRX. Husqvarna akut\u00f6\u00f6riistad Reginetist\" \/>\n<meta property=\"og:description\" content=\"Husqvarna 535iRX on professionaalseks kasutamiseks m\u00f5eldud akurohul\u00f5ikur. T\u00f6\u00f6j\u00f5udlus on v\u00f5rreldav 35 cm3 bensiinimootori j\u00f5udlusega.\" \/>\n<meta property=\"og:url\" content=\"https:\/\/reginett.ee\/toode\/akuga-rohuloikur-husqvarna-535irx\/\" \/>\n<meta property=\"og:site_name\" content=\"Reginett\" \/>\n<meta property=\"article:modified_time\" content=\"2024-06-26T13:36:13+00:00\" \/>\n<meta property=\"og:image\" content=\"https:\/\/reginett.ee\/wp-content\/uploads\/2021\/01\/Husqvarna-535iRX.jpg\" \/>\n\t<meta property=\"og:image:width\" content=\"680\" \/>\n\t<meta property=\"og:image:height\" content=\"372\" \/>\n\t<meta property=\"og:image:type\" content=\"image\/jpeg\" \/>\n<meta name=\"twitter:card\" content=\"summary_large_image\" \/>\n<meta name=\"twitter:label1\" content=\"\u041f\u0440\u0438\u043c\u0435\u0440\u043d\u043e\u0435 \u0432\u0440\u0435\u043c\u044f \u0434\u043b\u044f \u0447\u0442\u0435\u043d\u0438\u044f\" \/>\n\t<meta name=\"twitter:data1\" content=\"1 \u043c\u0438\u043d\u0443\u0442\u0430\" \/>\n<script type=\"application\/ld+json\" class=\"yoast-schema-graph\">{\"@context\":\"https:\/\/schema.org\",\"@graph\":[{\"@type\":\"WebPage\",\"@id\":\"https:\/\/reginett.ee\/toode\/akuga-rohuloikur-husqvarna-535irx\/\",\"url\":\"https:\/\/reginett.ee\/toode\/akuga-rohuloikur-husqvarna-535irx\/\",\"name\":\"Akuga rohul\u00f5ikur Husqvarna 535iRX. Husqvarna akut\u00f6\u00f6riistad Reginetist\",\"isPartOf\":{\"@id\":\"https:\/\/reginett.ee\/#website\"},\"primaryImageOfPage\":{\"@id\":\"https:\/\/reginett.ee\/toode\/akuga-rohuloikur-husqvarna-535irx\/#primaryimage\"},\"image\":{\"@id\":\"https:\/\/reginett.ee\/toode\/akuga-rohuloikur-husqvarna-535irx\/#primaryimage\"},\"thumbnailUrl\":\"https:\/\/reginett.ee\/wp-content\/uploads\/2021\/01\/Husqvarna-535iRX.jpg\",\"datePublished\":\"2021-01-17T11:07:04+00:00\",\"dateModified\":\"2024-06-26T13:36:13+00:00\",\"description\":\"Husqvarna 535iRX on professionaalseks kasutamiseks m\u00f5eldud akurohul\u00f5ikur. T\u00f6\u00f6j\u00f5udlus on v\u00f5rreldav 35 cm3 bensiinimootori j\u00f5udlusega.\",\"breadcrumb\":{\"@id\":\"https:\/\/reginett.ee\/toode\/akuga-rohuloikur-husqvarna-535irx\/#breadcrumb\"},\"inLanguage\":\"ru-RU\",\"potentialAction\":[{\"@type\":\"ReadAction\",\"target\":[\"https:\/\/reginett.ee\/toode\/akuga-rohuloikur-husqvarna-535irx\/\"]}]},{\"@type\":\"ImageObject\",\"inLanguage\":\"ru-RU\",\"@id\":\"https:\/\/reginett.ee\/toode\/akuga-rohuloikur-husqvarna-535irx\/#primaryimage\",\"url\":\"https:\/\/reginett.ee\/wp-content\/uploads\/2021\/01\/Husqvarna-535iRX.jpg\",\"contentUrl\":\"https:\/\/reginett.ee\/wp-content\/uploads\/2021\/01\/Husqvarna-535iRX.jpg\",\"width\":680,\"height\":372},{\"@type\":\"BreadcrumbList\",\"@id\":\"https:\/\/reginett.ee\/toode\/akuga-rohuloikur-husqvarna-535irx\/#breadcrumb\",\"itemListElement\":[{\"@type\":\"ListItem\",\"position\":1,\"name\":\"Home\",\"item\":\"https:\/\/reginett.ee\/ru\/\"},{\"@type\":\"ListItem\",\"position\":2,\"name\":\"Tooted\",\"item\":\"https:\/\/reginett.ee\/tooted\/\"},{\"@type\":\"ListItem\",\"position\":3,\"name\":\"Akuga rohul\u00f5ikur Husqvarna 535iRX\"}]},{\"@type\":\"WebSite\",\"@id\":\"https:\/\/reginett.ee\/#website\",\"url\":\"https:\/\/reginett.ee\/\",\"name\":\"Reginett\",\"description\":\"Parimad robotniidukid\",\"potentialAction\":[{\"@type\":\"SearchAction\",\"target\":{\"@type\":\"EntryPoint\",\"urlTemplate\":\"https:\/\/reginett.ee\/?s={search_term_string}\"},\"query-input\":{\"@type\":\"PropertyValueSpecification\",\"valueRequired\":true,\"valueName\":\"search_term_string\"}}],\"inLanguage\":\"ru-RU\"}]}<\/script>\n<!-- \/ Yoast SEO plugin. -->","yoast_head_json":{"title":"Akuga rohul\u00f5ikur Husqvarna 535iRX. Husqvarna akut\u00f6\u00f6riistad Reginetist","description":"Husqvarna 535iRX on professionaalseks kasutamiseks m\u00f5eldud akurohul\u00f5ikur. T\u00f6\u00f6j\u00f5udlus on v\u00f5rreldav 35 cm3 bensiinimootori j\u00f5udlusega.","robots":{"index":"index","follow":"follow","max-snippet":"max-snippet:-1","max-image-preview":"max-image-preview:large","max-video-preview":"max-video-preview:-1"},"canonical":"https:\/\/reginett.ee\/toode\/akuga-rohuloikur-husqvarna-535irx\/","og_locale":"ru_RU","og_type":"article","og_title":"Akuga rohul\u00f5ikur Husqvarna 535iRX. Husqvarna akut\u00f6\u00f6riistad Reginetist","og_description":"Husqvarna 535iRX on professionaalseks kasutamiseks m\u00f5eldud akurohul\u00f5ikur. T\u00f6\u00f6j\u00f5udlus on v\u00f5rreldav 35 cm3 bensiinimootori j\u00f5udlusega.","og_url":"https:\/\/reginett.ee\/toode\/akuga-rohuloikur-husqvarna-535irx\/","og_site_name":"Reginett","article_modified_time":"2024-06-26T13:36:13+00:00","og_image":[{"width":680,"height":372,"url":"https:\/\/reginett.ee\/wp-content\/uploads\/2021\/01\/Husqvarna-535iRX.jpg","type":"image\/jpeg"}],"twitter_card":"summary_large_image","twitter_misc":{"\u041f\u0440\u0438\u043c\u0435\u0440\u043d\u043e\u0435 \u0432\u0440\u0435\u043c\u044f \u0434\u043b\u044f \u0447\u0442\u0435\u043d\u0438\u044f":"1 \u043c\u0438\u043d\u0443\u0442\u0430"},"schema":{"@context":"https:\/\/schema.org","@graph":[{"@type":"WebPage","@id":"https:\/\/reginett.ee\/toode\/akuga-rohuloikur-husqvarna-535irx\/","url":"https:\/\/reginett.ee\/toode\/akuga-rohuloikur-husqvarna-535irx\/","name":"Akuga rohul\u00f5ikur Husqvarna 535iRX. Husqvarna akut\u00f6\u00f6riistad Reginetist","isPartOf":{"@id":"https:\/\/reginett.ee\/#website"},"primaryImageOfPage":{"@id":"https:\/\/reginett.ee\/toode\/akuga-rohuloikur-husqvarna-535irx\/#primaryimage"},"image":{"@id":"https:\/\/reginett.ee\/toode\/akuga-rohuloikur-husqvarna-535irx\/#primaryimage"},"thumbnailUrl":"https:\/\/reginett.ee\/wp-content\/uploads\/2021\/01\/Husqvarna-535iRX.jpg","datePublished":"2021-01-17T11:07:04+00:00","dateModified":"2024-06-26T13:36:13+00:00","description":"Husqvarna 535iRX on professionaalseks kasutamiseks m\u00f5eldud akurohul\u00f5ikur. T\u00f6\u00f6j\u00f5udlus on v\u00f5rreldav 35 cm3 bensiinimootori j\u00f5udlusega.","breadcrumb":{"@id":"https:\/\/reginett.ee\/toode\/akuga-rohuloikur-husqvarna-535irx\/#breadcrumb"},"inLanguage":"ru-RU","potentialAction":[{"@type":"ReadAction","target":["https:\/\/reginett.ee\/toode\/akuga-rohuloikur-husqvarna-535irx\/"]}]},{"@type":"ImageObject","inLanguage":"ru-RU","@id":"https:\/\/reginett.ee\/toode\/akuga-rohuloikur-husqvarna-535irx\/#primaryimage","url":"https:\/\/reginett.ee\/wp-content\/uploads\/2021\/01\/Husqvarna-535iRX.jpg","contentUrl":"https:\/\/reginett.ee\/wp-content\/uploads\/2021\/01\/Husqvarna-535iRX.jpg","width":680,"height":372},{"@type":"BreadcrumbList","@id":"https:\/\/reginett.ee\/toode\/akuga-rohuloikur-husqvarna-535irx\/#breadcrumb","itemListElement":[{"@type":"ListItem","position":1,"name":"Home","item":"https:\/\/reginett.ee\/ru\/"},{"@type":"ListItem","position":2,"name":"Tooted","item":"https:\/\/reginett.ee\/tooted\/"},{"@type":"ListItem","position":3,"name":"Akuga rohul\u00f5ikur Husqvarna 535iRX"}]},{"@type":"WebSite","@id":"https:\/\/reginett.ee\/#website","url":"https:\/\/reginett.ee\/","name":"Reginett","description":"Parimad robotniidukid","potentialAction":[{"@type":"SearchAction","target":{"@type":"EntryPoint","urlTemplate":"https:\/\/reginett.ee\/?s={search_term_string}"},"query-input":{"@type":"PropertyValueSpecification","valueRequired":true,"valueName":"search_term_string"}}],"inLanguage":"ru-RU"}]}},"brands":[{"id":147,"name":"Husqvarna","slug":"husqvarna"}],"_links":{"self":[{"href":"https:\/\/reginett.ee\/ru\/wp-json\/wp\/v2\/product\/53309","targetHints":{"allow":["GET"]}}],"collection":[{"href":"https:\/\/reginett.ee\/ru\/wp-json\/wp\/v2\/product"}],"about":[{"href":"https:\/\/reginett.ee\/ru\/wp-json\/wp\/v2\/types\/product"}],"replies":[{"embeddable":true,"href":"https:\/\/reginett.ee\/ru\/wp-json\/wp\/v2\/comments?post=53309"}],"wp:featuredmedia":[{"embeddable":true,"href":"https:\/\/reginett.ee\/ru\/wp-json\/wp\/v2\/media\/53314"}],"wp:attachment":[{"href":"https:\/\/reginett.ee\/ru\/wp-json\/wp\/v2\/media?parent=53309"}],"wp:term":[{"taxonomy":"pwb-brand","embeddable":true,"href":"https:\/\/reginett.ee\/ru\/wp-json\/wp\/v2\/pwb-brand?post=53309"},{"taxonomy":"product_brand","embeddable":true,"href":"https:\/\/reginett.ee\/ru\/wp-json\/wp\/v2\/product_brand?post=53309"},{"taxonomy":"product_cat","embeddable":true,"href":"https:\/\/reginett.ee\/ru\/wp-json\/wp\/v2\/product_cat?post=53309"},{"taxonomy":"product_tag","embeddable":true,"href":"https:\/\/reginett.ee\/ru\/wp-json\/wp\/v2\/product_tag?post=53309"}],"curies":[{"name":"wp","href":"https:\/\/api.w.org\/{rel}","templated":true}]}}