{"id":53285,"date":"2022-03-25T08:07:06","date_gmt":"2022-03-25T05:07:06","guid":{"rendered":"https:\/\/reginett.ee\/?post_type=product&#038;p=53285"},"modified":"2025-03-11T14:03:59","modified_gmt":"2025-03-11T11:03:59","slug":"muruohutaja-al-ko-combi-care-38e","status":"publish","type":"product","link":"https:\/\/reginett.ee\/ru\/toode\/muruohutaja-al-ko-combi-care-38e\/","title":{"rendered":"Muru\u00f5hutaja AL-KO 38.4E Combi Care UUS!"},"content":{"rendered":"<div><strong>Muru\u00f5hutaja AL-KO 38.4E Combi Care<\/strong>\u00a0kolm \u00fches funktsiooniga kindlustab terveks aastaks rohelise ja hooldatud muru. Vertikuteerimisterad eemaldavad p\u00f5hjalikult muru- v\u00f5i mullapinnalt sambla, l\u00f5igatud rohu, umbrohu ja taimej\u00e4\u00e4tmed. \u00d5hutamise k\u00e4igus kobestatakse rohukamar terasvedrust pii abil, et juured saaksid rohkem vett, \u00f5hku ja toitaineid. Rohukogur s\u00e4\u00e4stab aega ning vaeva hilisemast prahi ja muruvildi riisumisest.<\/div>\n<div>Elektriline \u00f5hutaja AL-KO sobib kasutamiseks suurematel pindadel ja kohas, kus vooluv\u00f5rk on l\u00e4hedal.<\/div>\n<div>Elektrimootoriga aeraatori peamiseks eeliseks on vaikne t\u00f6\u00f6 ning puudub k\u00fctuse ja \u00f5li vajadus seadmega t\u00f6\u00f6ks.<\/div>\n<div><\/div>\n<div>\n<div>T\u00f6\u00f6s\u00fcgavuse saab seadistada \u00fchele viiest astmest k\u00f5igest \u00fche k\u00e4eliigutusega. See on oluline, sest terad peavad vertikuteerimise k\u00e4igus pinnast t\u00e4pselt puudutama, et mitte kiirelt n\u00fcristuda ega rohujuuri vigastada.<\/div>\n<div>Kolmeastmelise verikuteerimisvaltsi saab AL-KO 38.4E Combi Care \u00f5hutaja puhul lihtsalt ja t\u00f6\u00f6riistu kasutamata vahetada terasvedrustusega \u00f5hutamisvaltsiks &#8212; seega \u00fches seadmes on t\u00e4ielik muruhoolitsus.<\/div>\n<div>Reguleeritava k\u00f5rgusega, ergonoomilise kujuga k\u00e4epide v\u00e4sitab t\u00f6\u00f6tades v\u00e4hem ja muudab seadme k\u00e4sitsemise lihtsamaks. Lisaks saab seadme ruumis\u00e4\u00e4stlikult hoiule panna.<\/div>\n<\/div>\n<div><\/div>\n","protected":false},"excerpt":{"rendered":"<div><strong>Muru\u00f5hutaja AL-KO 38.4E Combi Care on uus\u00a0<\/strong> kolm \u00fches funktsiooniga kindlustab terveks aastaks rohelise ja hooldatud muru. Vertikuteerimisterad eemaldavad p\u00f5hjalikult muru- v\u00f5i mullapinnalt sambla, l\u00f5igatud rohu, umbrohu ja taimej\u00e4\u00e4tmed. \u00d5hutamise k\u00e4igus kobestatakse rohukamar terasvedrust pii abil, et juured saaksid rohkem vett, \u00f5hku ja toitaineid. Rohukogur s\u00e4\u00e4stab aega ning vaeva hilisemast prahi ja muruvildi riisumisest.<\/div>\n<div>Elektriline \u00f5hutaja AL-KO sobib kasutamiseks suurematel pindadel ja kohas, kus vooluv\u00f5rk on l\u00e4hedal.<\/div>\n","protected":false},"featured_media":61044,"comment_status":"open","ping_status":"closed","template":"","meta":{"_acf_changed":false,"_et_pb_use_builder":"","_et_pb_old_content":"","_et_gb_content_width":"","inline_featured_image":false},"pwb-brand":[254],"product_brand":[],"product_cat":[53],"product_tag":[255,84,83],"class_list":{"0":"post-53285","1":"product","2":"type-product","3":"status-publish","4":"has-post-thumbnail","6":"pwb-brand-al-ko","7":"product_cat-muruohutajad","8":"product_tag-aeraator","9":"product_tag-muruohutaja","10":"product_tag-ohutaja","11":"product_shipping_class-soodsam-kuller-15-eur","13":"first","14":"instock","15":"sale","16":"shipping-taxable","17":"purchasable","18":"product-type-simple"},"acf":[],"yoast_head":"<!-- This site is optimized with the Yoast SEO plugin v26.6 - https:\/\/yoast.com\/wordpress\/plugins\/seo\/ -->\n<title>Muru\u00f5hutaja AL-KO 38.4E Combi Care. Muru\u00f5hutajad Reginetist<\/title>\n<meta name=\"description\" content=\"Muru\u00f5hutaja AL-KO 38.4E Combi Care kolm \u00fches funktsiooniga kindlustab terveks aastaks rohelise ja hooldatud muru. Vertikuteerimisterad.\" \/>\n<meta name=\"robots\" content=\"index, follow, max-snippet:-1, max-image-preview:large, max-video-preview:-1\" \/>\n<link rel=\"canonical\" href=\"https:\/\/reginett.ee\/toode\/muruohutaja-al-ko-combi-care-38e\/\" \/>\n<meta property=\"og:locale\" content=\"ru_RU\" \/>\n<meta property=\"og:type\" content=\"article\" \/>\n<meta property=\"og:title\" content=\"Muru\u00f5hutaja AL-KO 38.4E Combi Care. Muru\u00f5hutajad Reginetist\" \/>\n<meta property=\"og:description\" content=\"Muru\u00f5hutaja AL-KO 38.4E Combi Care kolm \u00fches funktsiooniga kindlustab terveks aastaks rohelise ja hooldatud muru. Vertikuteerimisterad.\" \/>\n<meta property=\"og:url\" content=\"https:\/\/reginett.ee\/toode\/muruohutaja-al-ko-combi-care-38e\/\" \/>\n<meta property=\"og:site_name\" content=\"Reginett\" \/>\n<meta property=\"article:modified_time\" content=\"2025-03-11T11:03:59+00:00\" \/>\n<meta property=\"og:image\" content=\"https:\/\/reginett.ee\/wp-content\/uploads\/2022\/03\/Muruohutaja-AL-KO.jpg\" \/>\n\t<meta property=\"og:image:width\" content=\"680\" \/>\n\t<meta property=\"og:image:height\" content=\"372\" \/>\n\t<meta property=\"og:image:type\" content=\"image\/jpeg\" \/>\n<meta name=\"twitter:card\" content=\"summary_large_image\" \/>\n<meta name=\"twitter:label1\" content=\"\u041f\u0440\u0438\u043c\u0435\u0440\u043d\u043e\u0435 \u0432\u0440\u0435\u043c\u044f \u0434\u043b\u044f \u0447\u0442\u0435\u043d\u0438\u044f\" \/>\n\t<meta name=\"twitter:data1\" content=\"1 \u043c\u0438\u043d\u0443\u0442\u0430\" \/>\n<script type=\"application\/ld+json\" class=\"yoast-schema-graph\">{\"@context\":\"https:\/\/schema.org\",\"@graph\":[{\"@type\":\"WebPage\",\"@id\":\"https:\/\/reginett.ee\/toode\/muruohutaja-al-ko-combi-care-38e\/\",\"url\":\"https:\/\/reginett.ee\/toode\/muruohutaja-al-ko-combi-care-38e\/\",\"name\":\"Muru\u00f5hutaja AL-KO 38.4E Combi Care. Muru\u00f5hutajad Reginetist\",\"isPartOf\":{\"@id\":\"https:\/\/reginett.ee\/#website\"},\"primaryImageOfPage\":{\"@id\":\"https:\/\/reginett.ee\/toode\/muruohutaja-al-ko-combi-care-38e\/#primaryimage\"},\"image\":{\"@id\":\"https:\/\/reginett.ee\/toode\/muruohutaja-al-ko-combi-care-38e\/#primaryimage\"},\"thumbnailUrl\":\"https:\/\/reginett.ee\/wp-content\/uploads\/2022\/03\/Muruohutaja-AL-KO.jpg\",\"datePublished\":\"2022-03-25T05:07:06+00:00\",\"dateModified\":\"2025-03-11T11:03:59+00:00\",\"description\":\"Muru\u00f5hutaja AL-KO 38.4E Combi Care kolm \u00fches funktsiooniga kindlustab terveks aastaks rohelise ja hooldatud muru. Vertikuteerimisterad.\",\"breadcrumb\":{\"@id\":\"https:\/\/reginett.ee\/toode\/muruohutaja-al-ko-combi-care-38e\/#breadcrumb\"},\"inLanguage\":\"ru-RU\",\"potentialAction\":[{\"@type\":\"ReadAction\",\"target\":[\"https:\/\/reginett.ee\/toode\/muruohutaja-al-ko-combi-care-38e\/\"]}]},{\"@type\":\"ImageObject\",\"inLanguage\":\"ru-RU\",\"@id\":\"https:\/\/reginett.ee\/toode\/muruohutaja-al-ko-combi-care-38e\/#primaryimage\",\"url\":\"https:\/\/reginett.ee\/wp-content\/uploads\/2022\/03\/Muruohutaja-AL-KO.jpg\",\"contentUrl\":\"https:\/\/reginett.ee\/wp-content\/uploads\/2022\/03\/Muruohutaja-AL-KO.jpg\",\"width\":680,\"height\":372,\"caption\":\"Muru\u00f5hutaja AL-KO elektriline\"},{\"@type\":\"BreadcrumbList\",\"@id\":\"https:\/\/reginett.ee\/toode\/muruohutaja-al-ko-combi-care-38e\/#breadcrumb\",\"itemListElement\":[{\"@type\":\"ListItem\",\"position\":1,\"name\":\"Home\",\"item\":\"https:\/\/reginett.ee\/ru\/\"},{\"@type\":\"ListItem\",\"position\":2,\"name\":\"Tooted\",\"item\":\"https:\/\/reginett.ee\/tooted\/\"},{\"@type\":\"ListItem\",\"position\":3,\"name\":\"Muru\u00f5hutaja AL-KO 38.4E Combi Care UUS!\"}]},{\"@type\":\"WebSite\",\"@id\":\"https:\/\/reginett.ee\/#website\",\"url\":\"https:\/\/reginett.ee\/\",\"name\":\"Reginett\",\"description\":\"Parimad robotniidukid\",\"potentialAction\":[{\"@type\":\"SearchAction\",\"target\":{\"@type\":\"EntryPoint\",\"urlTemplate\":\"https:\/\/reginett.ee\/?s={search_term_string}\"},\"query-input\":{\"@type\":\"PropertyValueSpecification\",\"valueRequired\":true,\"valueName\":\"search_term_string\"}}],\"inLanguage\":\"ru-RU\"}]}<\/script>\n<!-- \/ Yoast SEO plugin. -->","yoast_head_json":{"title":"Muru\u00f5hutaja AL-KO 38.4E Combi Care. Muru\u00f5hutajad Reginetist","description":"Muru\u00f5hutaja AL-KO 38.4E Combi Care kolm \u00fches funktsiooniga kindlustab terveks aastaks rohelise ja hooldatud muru. Vertikuteerimisterad.","robots":{"index":"index","follow":"follow","max-snippet":"max-snippet:-1","max-image-preview":"max-image-preview:large","max-video-preview":"max-video-preview:-1"},"canonical":"https:\/\/reginett.ee\/toode\/muruohutaja-al-ko-combi-care-38e\/","og_locale":"ru_RU","og_type":"article","og_title":"Muru\u00f5hutaja AL-KO 38.4E Combi Care. Muru\u00f5hutajad Reginetist","og_description":"Muru\u00f5hutaja AL-KO 38.4E Combi Care kolm \u00fches funktsiooniga kindlustab terveks aastaks rohelise ja hooldatud muru. Vertikuteerimisterad.","og_url":"https:\/\/reginett.ee\/toode\/muruohutaja-al-ko-combi-care-38e\/","og_site_name":"Reginett","article_modified_time":"2025-03-11T11:03:59+00:00","og_image":[{"width":680,"height":372,"url":"https:\/\/reginett.ee\/wp-content\/uploads\/2022\/03\/Muruohutaja-AL-KO.jpg","type":"image\/jpeg"}],"twitter_card":"summary_large_image","twitter_misc":{"\u041f\u0440\u0438\u043c\u0435\u0440\u043d\u043e\u0435 \u0432\u0440\u0435\u043c\u044f \u0434\u043b\u044f \u0447\u0442\u0435\u043d\u0438\u044f":"1 \u043c\u0438\u043d\u0443\u0442\u0430"},"schema":{"@context":"https:\/\/schema.org","@graph":[{"@type":"WebPage","@id":"https:\/\/reginett.ee\/toode\/muruohutaja-al-ko-combi-care-38e\/","url":"https:\/\/reginett.ee\/toode\/muruohutaja-al-ko-combi-care-38e\/","name":"Muru\u00f5hutaja AL-KO 38.4E Combi Care. Muru\u00f5hutajad Reginetist","isPartOf":{"@id":"https:\/\/reginett.ee\/#website"},"primaryImageOfPage":{"@id":"https:\/\/reginett.ee\/toode\/muruohutaja-al-ko-combi-care-38e\/#primaryimage"},"image":{"@id":"https:\/\/reginett.ee\/toode\/muruohutaja-al-ko-combi-care-38e\/#primaryimage"},"thumbnailUrl":"https:\/\/reginett.ee\/wp-content\/uploads\/2022\/03\/Muruohutaja-AL-KO.jpg","datePublished":"2022-03-25T05:07:06+00:00","dateModified":"2025-03-11T11:03:59+00:00","description":"Muru\u00f5hutaja AL-KO 38.4E Combi Care kolm \u00fches funktsiooniga kindlustab terveks aastaks rohelise ja hooldatud muru. Vertikuteerimisterad.","breadcrumb":{"@id":"https:\/\/reginett.ee\/toode\/muruohutaja-al-ko-combi-care-38e\/#breadcrumb"},"inLanguage":"ru-RU","potentialAction":[{"@type":"ReadAction","target":["https:\/\/reginett.ee\/toode\/muruohutaja-al-ko-combi-care-38e\/"]}]},{"@type":"ImageObject","inLanguage":"ru-RU","@id":"https:\/\/reginett.ee\/toode\/muruohutaja-al-ko-combi-care-38e\/#primaryimage","url":"https:\/\/reginett.ee\/wp-content\/uploads\/2022\/03\/Muruohutaja-AL-KO.jpg","contentUrl":"https:\/\/reginett.ee\/wp-content\/uploads\/2022\/03\/Muruohutaja-AL-KO.jpg","width":680,"height":372,"caption":"Muru\u00f5hutaja AL-KO elektriline"},{"@type":"BreadcrumbList","@id":"https:\/\/reginett.ee\/toode\/muruohutaja-al-ko-combi-care-38e\/#breadcrumb","itemListElement":[{"@type":"ListItem","position":1,"name":"Home","item":"https:\/\/reginett.ee\/ru\/"},{"@type":"ListItem","position":2,"name":"Tooted","item":"https:\/\/reginett.ee\/tooted\/"},{"@type":"ListItem","position":3,"name":"Muru\u00f5hutaja AL-KO 38.4E Combi Care UUS!"}]},{"@type":"WebSite","@id":"https:\/\/reginett.ee\/#website","url":"https:\/\/reginett.ee\/","name":"Reginett","description":"Parimad robotniidukid","potentialAction":[{"@type":"SearchAction","target":{"@type":"EntryPoint","urlTemplate":"https:\/\/reginett.ee\/?s={search_term_string}"},"query-input":{"@type":"PropertyValueSpecification","valueRequired":true,"valueName":"search_term_string"}}],"inLanguage":"ru-RU"}]}},"brands":[{"id":254,"name":"AL-KO","slug":"al-ko"}],"_links":{"self":[{"href":"https:\/\/reginett.ee\/ru\/wp-json\/wp\/v2\/product\/53285","targetHints":{"allow":["GET"]}}],"collection":[{"href":"https:\/\/reginett.ee\/ru\/wp-json\/wp\/v2\/product"}],"about":[{"href":"https:\/\/reginett.ee\/ru\/wp-json\/wp\/v2\/types\/product"}],"replies":[{"embeddable":true,"href":"https:\/\/reginett.ee\/ru\/wp-json\/wp\/v2\/comments?post=53285"}],"wp:featuredmedia":[{"embeddable":true,"href":"https:\/\/reginett.ee\/ru\/wp-json\/wp\/v2\/media\/61044"}],"wp:attachment":[{"href":"https:\/\/reginett.ee\/ru\/wp-json\/wp\/v2\/media?parent=53285"}],"wp:term":[{"taxonomy":"pwb-brand","embeddable":true,"href":"https:\/\/reginett.ee\/ru\/wp-json\/wp\/v2\/pwb-brand?post=53285"},{"taxonomy":"product_brand","embeddable":true,"href":"https:\/\/reginett.ee\/ru\/wp-json\/wp\/v2\/product_brand?post=53285"},{"taxonomy":"product_cat","embeddable":true,"href":"https:\/\/reginett.ee\/ru\/wp-json\/wp\/v2\/product_cat?post=53285"},{"taxonomy":"product_tag","embeddable":true,"href":"https:\/\/reginett.ee\/ru\/wp-json\/wp\/v2\/product_tag?post=53285"}],"curies":[{"name":"wp","href":"https:\/\/api.w.org\/{rel}","templated":true}]}}