{"id":53150,"date":"2020-10-03T08:44:07","date_gmt":"2020-10-03T05:44:07","guid":{"rendered":"https:\/\/reginett.ee\/?post_type=product&#038;p=53150"},"modified":"2022-04-01T16:43:00","modified_gmt":"2022-04-01T13:43:00","slug":"elektriline-kettsaag-stiga-sev2416q","status":"publish","type":"product","link":"https:\/\/reginett.ee\/ru\/toode\/elektriline-kettsaag-stiga-sev2416q\/","title":{"rendered":"Elektriline kettsaag STIGA SEV2416Q"},"content":{"rendered":"<p>STIGA SEV2416Q on kerge, h\u00f5lpsasti kasutatav ja ergonoomiline elektriline kettsaag, mis \u00fchendab endas elektrilise mootorsae eelised bensiinimootoriga seadme j\u00f5udlusega. SEV2416Q toiteallikaks on 2400 W mootor. See tagab ka kettsae t\u00e4iusliku l\u00f5ike ilma heitgaasideta ja vibratsiooniga.<\/p>\n<p>Mootori kaal on h\u00e4sti tasakaalustatud, et tagada kasutaja mugavus pikaajaliste t\u00f6\u00f6seansside jaoks.<\/p>\n<p>Sael on 40 cm (16 \u201c 57DL) juhtplaat ja kerge pingutamine kiireks ja lihtsaks hooldamiseks.<\/p>\n","protected":false},"excerpt":{"rendered":"<p>STIGA SEV 2416 Q on kerge, h\u00f5lpsasti kasutatav ja ergonoomiline ning \u00fchendab endas elektrilise mootorsae eelised bensiinimootoriga seadme j\u00f5udlusega.<\/p>\n","protected":false},"featured_media":53158,"comment_status":"open","ping_status":"closed","template":"","meta":{"_acf_changed":false,"_et_pb_use_builder":"","_et_pb_old_content":"","_et_gb_content_width":"","inline_featured_image":false},"pwb-brand":[],"product_brand":[],"product_cat":[154],"product_tag":[230,61],"class_list":{"0":"post-53150","1":"product","2":"type-product","3":"status-publish","4":"has-post-thumbnail","6":"product_cat-stiga","7":"product_tag-elektrisaag","8":"product_tag-kettsaag","10":"first","11":"outofstock","12":"shipping-taxable","13":"purchasable","14":"product-type-simple"},"acf":[],"yoast_head":"<!-- This site is optimized with the Yoast SEO plugin v26.6 - https:\/\/yoast.com\/wordpress\/plugins\/seo\/ -->\n<title>Elektriline kettsaag STIGA SEV2416Q - Reginett<\/title>\n<meta name=\"robots\" content=\"index, follow, max-snippet:-1, max-image-preview:large, max-video-preview:-1\" \/>\n<link rel=\"canonical\" href=\"https:\/\/reginett.ee\/toode\/elektriline-kettsaag-stiga-sev2416q\/\" \/>\n<meta property=\"og:locale\" content=\"ru_RU\" \/>\n<meta property=\"og:type\" content=\"article\" \/>\n<meta property=\"og:title\" content=\"Elektriline kettsaag STIGA SEV2416Q - Reginett\" \/>\n<meta property=\"og:description\" content=\"STIGA SEV 2416 Q on kerge, h\u00f5lpsasti kasutatav ja ergonoomiline ning \u00fchendab endas elektrilise mootorsae eelised bensiinimootoriga seadme j\u00f5udlusega.\" \/>\n<meta property=\"og:url\" content=\"https:\/\/reginett.ee\/toode\/elektriline-kettsaag-stiga-sev2416q\/\" \/>\n<meta property=\"og:site_name\" content=\"Reginett\" \/>\n<meta property=\"article:modified_time\" content=\"2022-04-01T13:43:00+00:00\" \/>\n<meta property=\"og:image\" content=\"https:\/\/reginett.ee\/wp-content\/uploads\/2021\/01\/Kettsaag-Stiga-SEV2416Q.jpg\" \/>\n\t<meta property=\"og:image:width\" content=\"444\" \/>\n\t<meta property=\"og:image:height\" content=\"299\" \/>\n\t<meta property=\"og:image:type\" content=\"image\/jpeg\" \/>\n<meta name=\"twitter:card\" content=\"summary_large_image\" \/>\n<script type=\"application\/ld+json\" class=\"yoast-schema-graph\">{\"@context\":\"https:\/\/schema.org\",\"@graph\":[{\"@type\":\"WebPage\",\"@id\":\"https:\/\/reginett.ee\/toode\/elektriline-kettsaag-stiga-sev2416q\/\",\"url\":\"https:\/\/reginett.ee\/toode\/elektriline-kettsaag-stiga-sev2416q\/\",\"name\":\"Elektriline kettsaag STIGA SEV2416Q - Reginett\",\"isPartOf\":{\"@id\":\"https:\/\/reginett.ee\/#website\"},\"primaryImageOfPage\":{\"@id\":\"https:\/\/reginett.ee\/toode\/elektriline-kettsaag-stiga-sev2416q\/#primaryimage\"},\"image\":{\"@id\":\"https:\/\/reginett.ee\/toode\/elektriline-kettsaag-stiga-sev2416q\/#primaryimage\"},\"thumbnailUrl\":\"https:\/\/reginett.ee\/wp-content\/uploads\/2021\/01\/Kettsaag-Stiga-SEV2416Q.jpg\",\"datePublished\":\"2020-10-03T05:44:07+00:00\",\"dateModified\":\"2022-04-01T13:43:00+00:00\",\"breadcrumb\":{\"@id\":\"https:\/\/reginett.ee\/toode\/elektriline-kettsaag-stiga-sev2416q\/#breadcrumb\"},\"inLanguage\":\"ru-RU\",\"potentialAction\":[{\"@type\":\"ReadAction\",\"target\":[\"https:\/\/reginett.ee\/toode\/elektriline-kettsaag-stiga-sev2416q\/\"]}]},{\"@type\":\"ImageObject\",\"inLanguage\":\"ru-RU\",\"@id\":\"https:\/\/reginett.ee\/toode\/elektriline-kettsaag-stiga-sev2416q\/#primaryimage\",\"url\":\"https:\/\/reginett.ee\/wp-content\/uploads\/2021\/01\/Kettsaag-Stiga-SEV2416Q.jpg\",\"contentUrl\":\"https:\/\/reginett.ee\/wp-content\/uploads\/2021\/01\/Kettsaag-Stiga-SEV2416Q.jpg\",\"width\":444,\"height\":299,\"caption\":\"Elektrisaag Stiga SEV2416Q\"},{\"@type\":\"BreadcrumbList\",\"@id\":\"https:\/\/reginett.ee\/toode\/elektriline-kettsaag-stiga-sev2416q\/#breadcrumb\",\"itemListElement\":[{\"@type\":\"ListItem\",\"position\":1,\"name\":\"Home\",\"item\":\"https:\/\/reginett.ee\/ru\/\"},{\"@type\":\"ListItem\",\"position\":2,\"name\":\"Tooted\",\"item\":\"https:\/\/reginett.ee\/tooted\/\"},{\"@type\":\"ListItem\",\"position\":3,\"name\":\"Elektriline kettsaag STIGA SEV2416Q\"}]},{\"@type\":\"WebSite\",\"@id\":\"https:\/\/reginett.ee\/#website\",\"url\":\"https:\/\/reginett.ee\/\",\"name\":\"Reginett\",\"description\":\"Parimad robotniidukid\",\"potentialAction\":[{\"@type\":\"SearchAction\",\"target\":{\"@type\":\"EntryPoint\",\"urlTemplate\":\"https:\/\/reginett.ee\/?s={search_term_string}\"},\"query-input\":{\"@type\":\"PropertyValueSpecification\",\"valueRequired\":true,\"valueName\":\"search_term_string\"}}],\"inLanguage\":\"ru-RU\"}]}<\/script>\n<!-- \/ Yoast SEO plugin. -->","yoast_head_json":{"title":"Elektriline kettsaag STIGA SEV2416Q - Reginett","robots":{"index":"index","follow":"follow","max-snippet":"max-snippet:-1","max-image-preview":"max-image-preview:large","max-video-preview":"max-video-preview:-1"},"canonical":"https:\/\/reginett.ee\/toode\/elektriline-kettsaag-stiga-sev2416q\/","og_locale":"ru_RU","og_type":"article","og_title":"Elektriline kettsaag STIGA SEV2416Q - Reginett","og_description":"STIGA SEV 2416 Q on kerge, h\u00f5lpsasti kasutatav ja ergonoomiline ning \u00fchendab endas elektrilise mootorsae eelised bensiinimootoriga seadme j\u00f5udlusega.","og_url":"https:\/\/reginett.ee\/toode\/elektriline-kettsaag-stiga-sev2416q\/","og_site_name":"Reginett","article_modified_time":"2022-04-01T13:43:00+00:00","og_image":[{"width":444,"height":299,"url":"https:\/\/reginett.ee\/wp-content\/uploads\/2021\/01\/Kettsaag-Stiga-SEV2416Q.jpg","type":"image\/jpeg"}],"twitter_card":"summary_large_image","schema":{"@context":"https:\/\/schema.org","@graph":[{"@type":"WebPage","@id":"https:\/\/reginett.ee\/toode\/elektriline-kettsaag-stiga-sev2416q\/","url":"https:\/\/reginett.ee\/toode\/elektriline-kettsaag-stiga-sev2416q\/","name":"Elektriline kettsaag STIGA SEV2416Q - Reginett","isPartOf":{"@id":"https:\/\/reginett.ee\/#website"},"primaryImageOfPage":{"@id":"https:\/\/reginett.ee\/toode\/elektriline-kettsaag-stiga-sev2416q\/#primaryimage"},"image":{"@id":"https:\/\/reginett.ee\/toode\/elektriline-kettsaag-stiga-sev2416q\/#primaryimage"},"thumbnailUrl":"https:\/\/reginett.ee\/wp-content\/uploads\/2021\/01\/Kettsaag-Stiga-SEV2416Q.jpg","datePublished":"2020-10-03T05:44:07+00:00","dateModified":"2022-04-01T13:43:00+00:00","breadcrumb":{"@id":"https:\/\/reginett.ee\/toode\/elektriline-kettsaag-stiga-sev2416q\/#breadcrumb"},"inLanguage":"ru-RU","potentialAction":[{"@type":"ReadAction","target":["https:\/\/reginett.ee\/toode\/elektriline-kettsaag-stiga-sev2416q\/"]}]},{"@type":"ImageObject","inLanguage":"ru-RU","@id":"https:\/\/reginett.ee\/toode\/elektriline-kettsaag-stiga-sev2416q\/#primaryimage","url":"https:\/\/reginett.ee\/wp-content\/uploads\/2021\/01\/Kettsaag-Stiga-SEV2416Q.jpg","contentUrl":"https:\/\/reginett.ee\/wp-content\/uploads\/2021\/01\/Kettsaag-Stiga-SEV2416Q.jpg","width":444,"height":299,"caption":"Elektrisaag Stiga SEV2416Q"},{"@type":"BreadcrumbList","@id":"https:\/\/reginett.ee\/toode\/elektriline-kettsaag-stiga-sev2416q\/#breadcrumb","itemListElement":[{"@type":"ListItem","position":1,"name":"Home","item":"https:\/\/reginett.ee\/ru\/"},{"@type":"ListItem","position":2,"name":"Tooted","item":"https:\/\/reginett.ee\/tooted\/"},{"@type":"ListItem","position":3,"name":"Elektriline kettsaag STIGA SEV2416Q"}]},{"@type":"WebSite","@id":"https:\/\/reginett.ee\/#website","url":"https:\/\/reginett.ee\/","name":"Reginett","description":"Parimad robotniidukid","potentialAction":[{"@type":"SearchAction","target":{"@type":"EntryPoint","urlTemplate":"https:\/\/reginett.ee\/?s={search_term_string}"},"query-input":{"@type":"PropertyValueSpecification","valueRequired":true,"valueName":"search_term_string"}}],"inLanguage":"ru-RU"}]}},"brands":[],"_links":{"self":[{"href":"https:\/\/reginett.ee\/ru\/wp-json\/wp\/v2\/product\/53150","targetHints":{"allow":["GET"]}}],"collection":[{"href":"https:\/\/reginett.ee\/ru\/wp-json\/wp\/v2\/product"}],"about":[{"href":"https:\/\/reginett.ee\/ru\/wp-json\/wp\/v2\/types\/product"}],"replies":[{"embeddable":true,"href":"https:\/\/reginett.ee\/ru\/wp-json\/wp\/v2\/comments?post=53150"}],"wp:featuredmedia":[{"embeddable":true,"href":"https:\/\/reginett.ee\/ru\/wp-json\/wp\/v2\/media\/53158"}],"wp:attachment":[{"href":"https:\/\/reginett.ee\/ru\/wp-json\/wp\/v2\/media?parent=53150"}],"wp:term":[{"taxonomy":"pwb-brand","embeddable":true,"href":"https:\/\/reginett.ee\/ru\/wp-json\/wp\/v2\/pwb-brand?post=53150"},{"taxonomy":"product_brand","embeddable":true,"href":"https:\/\/reginett.ee\/ru\/wp-json\/wp\/v2\/product_brand?post=53150"},{"taxonomy":"product_cat","embeddable":true,"href":"https:\/\/reginett.ee\/ru\/wp-json\/wp\/v2\/product_cat?post=53150"},{"taxonomy":"product_tag","embeddable":true,"href":"https:\/\/reginett.ee\/ru\/wp-json\/wp\/v2\/product_tag?post=53150"}],"curies":[{"name":"wp","href":"https:\/\/api.w.org\/{rel}","templated":true}]}}