{"id":53123,"date":"2020-09-01T10:10:45","date_gmt":"2020-09-01T10:10:45","guid":{"rendered":"https:\/\/reginett.ee\/?post_type=product&#038;p=53123"},"modified":"2022-11-17T12:29:46","modified_gmt":"2022-11-17T09:29:46","slug":"saunalina-husqvarna-rwya","status":"publish","type":"product","link":"https:\/\/reginett.ee\/ru\/toode\/saunalina-husqvarna-rwya\/","title":{"rendered":"Saunalina Husqvarna RWYA"},"content":{"rendered":"<p>Husqvarna saunar\u00e4tik on praktiline kink iga\u00fchele!<\/p>\n<p>Saunalina m\u00f5\u00f5dud 70 x 140. Materjal 100% puuvill. Masinpesu 40 kraadi juures.<\/p>\n<p>Husqvarna saunalina on tumesinine, \u00fcle kolmandiku osas suur kiri valgega READY WHEN YOU ARE, allosas suur Husqvarna logo.<\/p>\n<p>Teine r\u00e4tiku k\u00fclg samasugune, kuid v\u00e4rvid vastupidised \u2013 valge p\u00f5hi, sinised kirjad.<\/p>\n<p>Valge poole kolmel k\u00fcljel ora\u017eid riputusaasad.<\/p>\n","protected":false},"excerpt":{"rendered":"<p>Husqvarna saunar\u00e4tik on praktiline kink iga\u00fchele!<\/p>\n<p>Saunalina m\u00f5\u00f5dud 70 x 140. Materjal 100% puuvill. Masinpesu 40 kraadi juures.<\/p>\n","protected":false},"featured_media":53126,"comment_status":"open","ping_status":"closed","template":"","meta":{"_acf_changed":false,"_et_pb_use_builder":"","_et_pb_old_content":"","_et_gb_content_width":"","inline_featured_image":false},"pwb-brand":[147],"product_brand":[],"product_cat":[478,134,37,231,27],"product_tag":[220,218,221,219],"class_list":{"0":"post-53123","1":"product","2":"type-product","3":"status-publish","4":"has-post-thumbnail","6":"pwb-brand-husqvarna","7":"product_cat-vaba-aeg","8":"product_cat-eripakkumised","9":"product_cat-husqvarna","10":"product_cat-kingiideed","11":"product_cat-tooriistad-ja-tarvikud","12":"product_tag-saunalina","13":"product_tag-saunalina-husqvarna","14":"product_tag-saunaratik","15":"product_tag-saunaratik-husqvarna","17":"first","18":"instock","19":"sale","20":"shipping-taxable","21":"purchasable","22":"product-type-simple"},"acf":[],"yoast_head":"<!-- This site is optimized with the Yoast SEO plugin v26.6 - https:\/\/yoast.com\/wordpress\/plugins\/seo\/ -->\n<title>Saunalina Husqvarna RWYA - Reginett<\/title>\n<meta name=\"robots\" content=\"index, follow, max-snippet:-1, max-image-preview:large, max-video-preview:-1\" \/>\n<link rel=\"canonical\" href=\"https:\/\/reginett.ee\/toode\/saunalina-husqvarna-rwya\/\" \/>\n<meta property=\"og:locale\" content=\"ru_RU\" \/>\n<meta property=\"og:type\" content=\"article\" \/>\n<meta property=\"og:title\" content=\"Saunalina Husqvarna RWYA - Reginett\" \/>\n<meta property=\"og:description\" content=\"Husqvarna saunar\u00e4tik on praktiline kink iga\u00fchele!  Saunalina m\u00f5\u00f5dud 70 x 140. Materjal 100% puuvill. Masinpesu 40 kraadi juures.\" \/>\n<meta property=\"og:url\" content=\"https:\/\/reginett.ee\/toode\/saunalina-husqvarna-rwya\/\" \/>\n<meta property=\"og:site_name\" content=\"Reginett\" \/>\n<meta property=\"article:modified_time\" content=\"2022-11-17T09:29:46+00:00\" \/>\n<meta property=\"og:image\" content=\"https:\/\/reginett.ee\/wp-content\/uploads\/2021\/01\/Saunalina-Husqvarna-RWYA.jpg\" \/>\n\t<meta property=\"og:image:width\" content=\"212\" \/>\n\t<meta property=\"og:image:height\" content=\"300\" \/>\n\t<meta property=\"og:image:type\" content=\"image\/jpeg\" \/>\n<meta name=\"twitter:card\" content=\"summary_large_image\" \/>\n<meta name=\"twitter:label1\" content=\"\u041f\u0440\u0438\u043c\u0435\u0440\u043d\u043e\u0435 \u0432\u0440\u0435\u043c\u044f \u0434\u043b\u044f \u0447\u0442\u0435\u043d\u0438\u044f\" \/>\n\t<meta name=\"twitter:data1\" content=\"1 \u043c\u0438\u043d\u0443\u0442\u0430\" \/>\n<script type=\"application\/ld+json\" class=\"yoast-schema-graph\">{\"@context\":\"https:\/\/schema.org\",\"@graph\":[{\"@type\":\"WebPage\",\"@id\":\"https:\/\/reginett.ee\/toode\/saunalina-husqvarna-rwya\/\",\"url\":\"https:\/\/reginett.ee\/toode\/saunalina-husqvarna-rwya\/\",\"name\":\"Saunalina Husqvarna RWYA - Reginett\",\"isPartOf\":{\"@id\":\"https:\/\/reginett.ee\/#website\"},\"primaryImageOfPage\":{\"@id\":\"https:\/\/reginett.ee\/toode\/saunalina-husqvarna-rwya\/#primaryimage\"},\"image\":{\"@id\":\"https:\/\/reginett.ee\/toode\/saunalina-husqvarna-rwya\/#primaryimage\"},\"thumbnailUrl\":\"https:\/\/reginett.ee\/wp-content\/uploads\/2021\/01\/Saunalina-Husqvarna-RWYA.jpg\",\"datePublished\":\"2020-09-01T10:10:45+00:00\",\"dateModified\":\"2022-11-17T09:29:46+00:00\",\"breadcrumb\":{\"@id\":\"https:\/\/reginett.ee\/toode\/saunalina-husqvarna-rwya\/#breadcrumb\"},\"inLanguage\":\"ru-RU\",\"potentialAction\":[{\"@type\":\"ReadAction\",\"target\":[\"https:\/\/reginett.ee\/toode\/saunalina-husqvarna-rwya\/\"]}]},{\"@type\":\"ImageObject\",\"inLanguage\":\"ru-RU\",\"@id\":\"https:\/\/reginett.ee\/toode\/saunalina-husqvarna-rwya\/#primaryimage\",\"url\":\"https:\/\/reginett.ee\/wp-content\/uploads\/2021\/01\/Saunalina-Husqvarna-RWYA.jpg\",\"contentUrl\":\"https:\/\/reginett.ee\/wp-content\/uploads\/2021\/01\/Saunalina-Husqvarna-RWYA.jpg\",\"width\":212,\"height\":300,\"caption\":\"Saunalina Husqvarna\"},{\"@type\":\"BreadcrumbList\",\"@id\":\"https:\/\/reginett.ee\/toode\/saunalina-husqvarna-rwya\/#breadcrumb\",\"itemListElement\":[{\"@type\":\"ListItem\",\"position\":1,\"name\":\"Home\",\"item\":\"https:\/\/reginett.ee\/ru\/\"},{\"@type\":\"ListItem\",\"position\":2,\"name\":\"Tooted\",\"item\":\"https:\/\/reginett.ee\/tooted\/\"},{\"@type\":\"ListItem\",\"position\":3,\"name\":\"Saunalina Husqvarna RWYA\"}]},{\"@type\":\"WebSite\",\"@id\":\"https:\/\/reginett.ee\/#website\",\"url\":\"https:\/\/reginett.ee\/\",\"name\":\"Reginett\",\"description\":\"Parimad robotniidukid\",\"potentialAction\":[{\"@type\":\"SearchAction\",\"target\":{\"@type\":\"EntryPoint\",\"urlTemplate\":\"https:\/\/reginett.ee\/?s={search_term_string}\"},\"query-input\":{\"@type\":\"PropertyValueSpecification\",\"valueRequired\":true,\"valueName\":\"search_term_string\"}}],\"inLanguage\":\"ru-RU\"}]}<\/script>\n<!-- \/ Yoast SEO plugin. -->","yoast_head_json":{"title":"Saunalina Husqvarna RWYA - Reginett","robots":{"index":"index","follow":"follow","max-snippet":"max-snippet:-1","max-image-preview":"max-image-preview:large","max-video-preview":"max-video-preview:-1"},"canonical":"https:\/\/reginett.ee\/toode\/saunalina-husqvarna-rwya\/","og_locale":"ru_RU","og_type":"article","og_title":"Saunalina Husqvarna RWYA - Reginett","og_description":"Husqvarna saunar\u00e4tik on praktiline kink iga\u00fchele!  Saunalina m\u00f5\u00f5dud 70 x 140. Materjal 100% puuvill. Masinpesu 40 kraadi juures.","og_url":"https:\/\/reginett.ee\/toode\/saunalina-husqvarna-rwya\/","og_site_name":"Reginett","article_modified_time":"2022-11-17T09:29:46+00:00","og_image":[{"width":212,"height":300,"url":"https:\/\/reginett.ee\/wp-content\/uploads\/2021\/01\/Saunalina-Husqvarna-RWYA.jpg","type":"image\/jpeg"}],"twitter_card":"summary_large_image","twitter_misc":{"\u041f\u0440\u0438\u043c\u0435\u0440\u043d\u043e\u0435 \u0432\u0440\u0435\u043c\u044f \u0434\u043b\u044f \u0447\u0442\u0435\u043d\u0438\u044f":"1 \u043c\u0438\u043d\u0443\u0442\u0430"},"schema":{"@context":"https:\/\/schema.org","@graph":[{"@type":"WebPage","@id":"https:\/\/reginett.ee\/toode\/saunalina-husqvarna-rwya\/","url":"https:\/\/reginett.ee\/toode\/saunalina-husqvarna-rwya\/","name":"Saunalina Husqvarna RWYA - Reginett","isPartOf":{"@id":"https:\/\/reginett.ee\/#website"},"primaryImageOfPage":{"@id":"https:\/\/reginett.ee\/toode\/saunalina-husqvarna-rwya\/#primaryimage"},"image":{"@id":"https:\/\/reginett.ee\/toode\/saunalina-husqvarna-rwya\/#primaryimage"},"thumbnailUrl":"https:\/\/reginett.ee\/wp-content\/uploads\/2021\/01\/Saunalina-Husqvarna-RWYA.jpg","datePublished":"2020-09-01T10:10:45+00:00","dateModified":"2022-11-17T09:29:46+00:00","breadcrumb":{"@id":"https:\/\/reginett.ee\/toode\/saunalina-husqvarna-rwya\/#breadcrumb"},"inLanguage":"ru-RU","potentialAction":[{"@type":"ReadAction","target":["https:\/\/reginett.ee\/toode\/saunalina-husqvarna-rwya\/"]}]},{"@type":"ImageObject","inLanguage":"ru-RU","@id":"https:\/\/reginett.ee\/toode\/saunalina-husqvarna-rwya\/#primaryimage","url":"https:\/\/reginett.ee\/wp-content\/uploads\/2021\/01\/Saunalina-Husqvarna-RWYA.jpg","contentUrl":"https:\/\/reginett.ee\/wp-content\/uploads\/2021\/01\/Saunalina-Husqvarna-RWYA.jpg","width":212,"height":300,"caption":"Saunalina Husqvarna"},{"@type":"BreadcrumbList","@id":"https:\/\/reginett.ee\/toode\/saunalina-husqvarna-rwya\/#breadcrumb","itemListElement":[{"@type":"ListItem","position":1,"name":"Home","item":"https:\/\/reginett.ee\/ru\/"},{"@type":"ListItem","position":2,"name":"Tooted","item":"https:\/\/reginett.ee\/tooted\/"},{"@type":"ListItem","position":3,"name":"Saunalina Husqvarna RWYA"}]},{"@type":"WebSite","@id":"https:\/\/reginett.ee\/#website","url":"https:\/\/reginett.ee\/","name":"Reginett","description":"Parimad robotniidukid","potentialAction":[{"@type":"SearchAction","target":{"@type":"EntryPoint","urlTemplate":"https:\/\/reginett.ee\/?s={search_term_string}"},"query-input":{"@type":"PropertyValueSpecification","valueRequired":true,"valueName":"search_term_string"}}],"inLanguage":"ru-RU"}]}},"brands":[{"id":147,"name":"Husqvarna","slug":"husqvarna"}],"_links":{"self":[{"href":"https:\/\/reginett.ee\/ru\/wp-json\/wp\/v2\/product\/53123","targetHints":{"allow":["GET"]}}],"collection":[{"href":"https:\/\/reginett.ee\/ru\/wp-json\/wp\/v2\/product"}],"about":[{"href":"https:\/\/reginett.ee\/ru\/wp-json\/wp\/v2\/types\/product"}],"replies":[{"embeddable":true,"href":"https:\/\/reginett.ee\/ru\/wp-json\/wp\/v2\/comments?post=53123"}],"wp:featuredmedia":[{"embeddable":true,"href":"https:\/\/reginett.ee\/ru\/wp-json\/wp\/v2\/media\/53126"}],"wp:attachment":[{"href":"https:\/\/reginett.ee\/ru\/wp-json\/wp\/v2\/media?parent=53123"}],"wp:term":[{"taxonomy":"pwb-brand","embeddable":true,"href":"https:\/\/reginett.ee\/ru\/wp-json\/wp\/v2\/pwb-brand?post=53123"},{"taxonomy":"product_brand","embeddable":true,"href":"https:\/\/reginett.ee\/ru\/wp-json\/wp\/v2\/product_brand?post=53123"},{"taxonomy":"product_cat","embeddable":true,"href":"https:\/\/reginett.ee\/ru\/wp-json\/wp\/v2\/product_cat?post=53123"},{"taxonomy":"product_tag","embeddable":true,"href":"https:\/\/reginett.ee\/ru\/wp-json\/wp\/v2\/product_tag?post=53123"}],"curies":[{"name":"wp","href":"https:\/\/api.w.org\/{rel}","templated":true}]}}