{"id":52958,"date":"2020-10-18T12:42:15","date_gmt":"2020-10-18T12:42:15","guid":{"rendered":"https:\/\/reginett.ee\/?post_type=product&#038;p=52958"},"modified":"2021-01-12T12:36:06","modified_gmt":"2021-01-12T12:36:06","slug":"omblusmasin-singer-simple-3210","status":"publish","type":"product","link":"https:\/\/reginett.ee\/ru\/toode\/omblusmasin-singer-simple-3210\/","title":{"rendered":"\u00d5mblusmasin Singer Simple 3210"},"content":{"rendered":"<p>Singer Simple 3210 on lihtne \u00f5mblusmasin kodukasutusse, millel on olemas k\u00f5ik vajalikud p\u00f5hifunktsioonid.<\/p>\n<ul>\n<li>Kerge pistete valik<\/li>\n<li>Keera\u00a0ratas oma t\u00f6\u00f6 jaoks sobiva\u00a0piste peale<\/li>\n<li><strong class=\"redtxt\">Reguleeritav piste pikkus<\/strong><br \/>\n<strong class=\"redtxt\">10 valmis\u00a0\u00f5mbluspistet<\/strong><\/li>\n<li>7 tava\u00f5mblust, 2 dekoratiivpistet ja 4-etapiline n\u00f6\u00f6pauk<\/li>\n<li>4-etapiline n\u00f6\u00f6pauk<br \/>\nKerge niidistus<\/li>\n<li>Niidistusskeem masina esik\u00fcljel<\/li>\n<li>4 kiirkinnitusega\u00a0pressjalga<br \/>\n<strong class=\"redtxt\">\u00d5mblusmasinal on automaatne\u00a0pooli poolimine<\/strong><\/li>\n<li><strong class=\"redtxt\">Raske, metallist raamile ehitatud\u00a0\u00f5mblusmasin\u00a0<\/strong><\/li>\n<li><strong class=\"redtxt\">\u00d5mblusmasina pressjalga\u00a0on v\u00f5imalik viia\u00a0vajutusega ekstrak\u00f5rgusesse paksemate\u00a0t\u00f6\u00f6de alla asetamiseks.\u00a0<\/strong><\/li>\n<li><strong class=\"redtxt\">Nelja-segmendiga\u00a0riides\u00f6\u00f6te s\u00fcsteem\u00a0<\/strong><\/li>\n<li>Toetab\u00a0h\u00e4sti pressjala all kangast\u00a0ja\u00a0annab\u00a0hea\u00a0riides\u00f6\u00f6te<\/li>\n<li><strong class=\"redtxt\">Vabavars, mille\u00a0\u00fcmber asetseb\u00a0tarvikute\u00a0karp<\/strong><br \/>\n<strong class=\"redtxt\">Reguleeritav niidi\u00a0pinge<\/strong><\/li>\n<li>V\u00f5imaldab kasutada erineva paksusega\u00a0niite.<\/li>\n<li><strong class=\"redtxt\">Kaasaskantav\u00a0<\/strong><br \/>\n\u00d5mblusmasina pealmisel k\u00fcljel on kandesang<\/li>\n<li><strong class=\"redtxt\">Kaasas olevad\u00a0tarvikud<\/strong><br \/>\nStandartjalg, lukujalg, n\u00f6\u00f6paugujalg, n\u00f6\u00f6bi ette\u00f5mblemise jalg, niidirulli taldrikud (2), kruvikeeraja, riides\u00f6\u00f6tja hammastiku katteplaat, \u00e4\u00e4ristusjuhik, poolid (Class 15), pakk n\u00f5elu, harutaja\/puhastusharjake, tolmukate, jalapedaal, voolujuhe, kasutusjuhend.<\/li>\n<\/ul>\n","protected":false},"excerpt":{"rendered":"<p>Singer Simple 3210 on lihtne \u00f5mblusmasin kodukasutusse, millel on olemas k\u00f5ik vajalikud p\u00f5hifunktsioonid.<\/p>\n<ul>\n<li>Kerge pistete valik<\/li>\n<li>Keera\u00a0ratas oma t\u00f6\u00f6 jaoks sobiva\u00a0piste peale<\/li>\n<li><strong class=\"redtxt\">Reguleeritav piste pikkus<\/strong><br \/>\n<strong class=\"redtxt\">10 valmis\u00a0\u00f5mbluspistet<\/strong><\/li>\n<li>7 tava\u00f5mblust, 2 dekoratiivpistet ja 4-etapiline n\u00f6\u00f6pauk<\/li>\n<li>4-etapiline n\u00f6\u00f6pauk<br \/>\nKerge niidistus<\/li>\n<\/ul>\n","protected":false},"featured_media":52959,"comment_status":"open","ping_status":"closed","template":"","meta":{"_acf_changed":false,"_et_pb_use_builder":"on","_et_pb_old_content":"Singer Simple 3210 on lihtne \u00f5mblusmasin kodukasutusse, millel on olemas k\u00f5ik vajalikud p\u00f5hifunktsioonid.\r\n<ul>\r\n \t<li>Kerge pistete valik<\/li>\r\n \t<li>Keera\u00a0ratas oma t\u00f6\u00f6 jaoks sobiva\u00a0piste peale<\/li>\r\n \t<li><strong class=\"redtxt\">Reguleeritav piste pikkus<\/strong>\r\n<strong class=\"redtxt\">10 valmis\u00a0\u00f5mbluspistet<\/strong><\/li>\r\n \t<li>7 tava\u00f5mblust, 2 dekoratiivpistet ja 4-etapiline n\u00f6\u00f6pauk<\/li>\r\n \t<li>4-etapiline n\u00f6\u00f6pauk\r\nKerge niidistus<\/li>\r\n \t<li>Niidistusskeem masina esik\u00fcljel<\/li>\r\n \t<li>4 kiirkinnitusega\u00a0pressjalga\r\n<strong class=\"redtxt\">\u00d5mblusmasinal on automaatne\u00a0pooli poolimine<\/strong><\/li>\r\n \t<li><strong class=\"redtxt\">Raske, metallist raamile ehitatud\u00a0\u00f5mblusmasin\u00a0<\/strong><\/li>\r\n \t<li><strong class=\"redtxt\">\u00d5mblusmasina pressjalga\u00a0on v\u00f5imalik viia\u00a0vajutusega ekstrak\u00f5rgusesse paksemate\u00a0t\u00f6\u00f6de alla asetamiseks.\u00a0<\/strong><\/li>\r\n \t<li><strong class=\"redtxt\">Nelja-segmendiga\u00a0riides\u00f6\u00f6te s\u00fcsteem\u00a0<\/strong><\/li>\r\n \t<li>Toetab\u00a0h\u00e4sti pressjala all kangast\u00a0ja\u00a0annab\u00a0hea\u00a0riides\u00f6\u00f6te<\/li>\r\n \t<li><strong class=\"redtxt\">Vabavars, mille\u00a0\u00fcmber asetseb\u00a0tarvikute\u00a0karp<\/strong>\r\n<strong class=\"redtxt\">Reguleeritav niidi\u00a0pinge<\/strong><\/li>\r\n \t<li>V\u00f5imaldab kasutada erineva paksusega\u00a0niite.<\/li>\r\n \t<li><strong class=\"redtxt\">Kaasaskantav\u00a0<\/strong>\r\n\u00d5mblusmasina pealmisel k\u00fcljel on kandesang<\/li>\r\n \t<li><strong class=\"redtxt\">Kaasas olevad\u00a0tarvikud<\/strong>\r\nStandartjalg, lukujalg, n\u00f6\u00f6paugujalg, n\u00f6\u00f6bi ette\u00f5mblemise jalg, niidirulli taldrikud (2), kruvikeeraja, riides\u00f6\u00f6tja hammastiku katteplaat, \u00e4\u00e4ristusjuhik, poolid (Class 15), pakk n\u00f5elu, harutaja\/puhastusharjake, tolmukate, jalapedaal, voolujuhe, kasutusjuhend.<\/li>\r\n<\/ul>","_et_gb_content_width":"","inline_featured_image":false},"pwb-brand":[],"product_brand":[],"product_cat":[55,152],"product_tag":[102,195],"class_list":{"0":"post-52958","1":"product","2":"type-product","3":"status-publish","4":"has-post-thumbnail","6":"product_cat-omblusmasinad-ja-tarvikud","7":"product_cat-singer","8":"product_tag-omblusmasin","9":"product_tag-soodne-omblusmasin","11":"first","12":"outofstock","13":"sale","14":"shipping-taxable","15":"purchasable","16":"product-type-simple"},"acf":[],"yoast_head":"<!-- This site is optimized with the Yoast SEO plugin v26.6 - https:\/\/yoast.com\/wordpress\/plugins\/seo\/ -->\n<title>\u00d5mblusmasin Singer Simple 3210 - Reginett<\/title>\n<meta name=\"robots\" content=\"index, follow, max-snippet:-1, max-image-preview:large, max-video-preview:-1\" \/>\n<link rel=\"canonical\" href=\"https:\/\/reginett.ee\/toode\/omblusmasin-singer-simple-3210\/\" \/>\n<meta property=\"og:locale\" content=\"ru_RU\" \/>\n<meta property=\"og:type\" content=\"article\" \/>\n<meta property=\"og:title\" content=\"\u00d5mblusmasin Singer Simple 3210 - Reginett\" \/>\n<meta property=\"og:description\" content=\"Singer Simple 3210 on lihtne \u00f5mblusmasin kodukasutusse, millel on olemas k\u00f5ik vajalikud p\u00f5hifunktsioonid.   Kerge pistete valik  Keera\u00a0ratas oma t\u00f6\u00f6 jaoks sobiva\u00a0piste peale  Reguleeritav piste pikkus 10 valmis\u00a0\u00f5mbluspistet  7 tava\u00f5mblust, 2 dekoratiivpistet ja 4-etapiline n\u00f6\u00f6pauk  4-etapiline n\u00f6\u00f6pauk Kerge niidistus\" \/>\n<meta property=\"og:url\" content=\"https:\/\/reginett.ee\/toode\/omblusmasin-singer-simple-3210\/\" \/>\n<meta property=\"og:site_name\" content=\"Reginett\" \/>\n<meta property=\"article:modified_time\" content=\"2021-01-12T12:36:06+00:00\" \/>\n<meta property=\"og:image\" content=\"https:\/\/reginett.ee\/wp-content\/uploads\/2020\/12\/Singer-Simple-3210.jpg\" \/>\n\t<meta property=\"og:image:width\" content=\"360\" \/>\n\t<meta property=\"og:image:height\" content=\"298\" \/>\n\t<meta property=\"og:image:type\" content=\"image\/jpeg\" \/>\n<meta name=\"twitter:card\" content=\"summary_large_image\" \/>\n<meta name=\"twitter:label1\" content=\"\u041f\u0440\u0438\u043c\u0435\u0440\u043d\u043e\u0435 \u0432\u0440\u0435\u043c\u044f \u0434\u043b\u044f \u0447\u0442\u0435\u043d\u0438\u044f\" \/>\n\t<meta name=\"twitter:data1\" content=\"1 \u043c\u0438\u043d\u0443\u0442\u0430\" \/>\n<script type=\"application\/ld+json\" class=\"yoast-schema-graph\">{\"@context\":\"https:\/\/schema.org\",\"@graph\":[{\"@type\":\"WebPage\",\"@id\":\"https:\/\/reginett.ee\/toode\/omblusmasin-singer-simple-3210\/\",\"url\":\"https:\/\/reginett.ee\/toode\/omblusmasin-singer-simple-3210\/\",\"name\":\"\u00d5mblusmasin Singer Simple 3210 - Reginett\",\"isPartOf\":{\"@id\":\"https:\/\/reginett.ee\/#website\"},\"primaryImageOfPage\":{\"@id\":\"https:\/\/reginett.ee\/toode\/omblusmasin-singer-simple-3210\/#primaryimage\"},\"image\":{\"@id\":\"https:\/\/reginett.ee\/toode\/omblusmasin-singer-simple-3210\/#primaryimage\"},\"thumbnailUrl\":\"https:\/\/reginett.ee\/wp-content\/uploads\/2020\/12\/Singer-Simple-3210.jpg\",\"datePublished\":\"2020-10-18T12:42:15+00:00\",\"dateModified\":\"2021-01-12T12:36:06+00:00\",\"breadcrumb\":{\"@id\":\"https:\/\/reginett.ee\/toode\/omblusmasin-singer-simple-3210\/#breadcrumb\"},\"inLanguage\":\"ru-RU\",\"potentialAction\":[{\"@type\":\"ReadAction\",\"target\":[\"https:\/\/reginett.ee\/toode\/omblusmasin-singer-simple-3210\/\"]}]},{\"@type\":\"ImageObject\",\"inLanguage\":\"ru-RU\",\"@id\":\"https:\/\/reginett.ee\/toode\/omblusmasin-singer-simple-3210\/#primaryimage\",\"url\":\"https:\/\/reginett.ee\/wp-content\/uploads\/2020\/12\/Singer-Simple-3210.jpg\",\"contentUrl\":\"https:\/\/reginett.ee\/wp-content\/uploads\/2020\/12\/Singer-Simple-3210.jpg\",\"width\":360,\"height\":298,\"caption\":\"Singer Simple 3210\"},{\"@type\":\"BreadcrumbList\",\"@id\":\"https:\/\/reginett.ee\/toode\/omblusmasin-singer-simple-3210\/#breadcrumb\",\"itemListElement\":[{\"@type\":\"ListItem\",\"position\":1,\"name\":\"Home\",\"item\":\"https:\/\/reginett.ee\/ru\/\"},{\"@type\":\"ListItem\",\"position\":2,\"name\":\"Tooted\",\"item\":\"https:\/\/reginett.ee\/tooted\/\"},{\"@type\":\"ListItem\",\"position\":3,\"name\":\"\u00d5mblusmasin Singer Simple 3210\"}]},{\"@type\":\"WebSite\",\"@id\":\"https:\/\/reginett.ee\/#website\",\"url\":\"https:\/\/reginett.ee\/\",\"name\":\"Reginett\",\"description\":\"Parimad robotniidukid\",\"potentialAction\":[{\"@type\":\"SearchAction\",\"target\":{\"@type\":\"EntryPoint\",\"urlTemplate\":\"https:\/\/reginett.ee\/?s={search_term_string}\"},\"query-input\":{\"@type\":\"PropertyValueSpecification\",\"valueRequired\":true,\"valueName\":\"search_term_string\"}}],\"inLanguage\":\"ru-RU\"}]}<\/script>\n<!-- \/ Yoast SEO plugin. -->","yoast_head_json":{"title":"\u00d5mblusmasin Singer Simple 3210 - Reginett","robots":{"index":"index","follow":"follow","max-snippet":"max-snippet:-1","max-image-preview":"max-image-preview:large","max-video-preview":"max-video-preview:-1"},"canonical":"https:\/\/reginett.ee\/toode\/omblusmasin-singer-simple-3210\/","og_locale":"ru_RU","og_type":"article","og_title":"\u00d5mblusmasin Singer Simple 3210 - Reginett","og_description":"Singer Simple 3210 on lihtne \u00f5mblusmasin kodukasutusse, millel on olemas k\u00f5ik vajalikud p\u00f5hifunktsioonid.   Kerge pistete valik  Keera\u00a0ratas oma t\u00f6\u00f6 jaoks sobiva\u00a0piste peale  Reguleeritav piste pikkus 10 valmis\u00a0\u00f5mbluspistet  7 tava\u00f5mblust, 2 dekoratiivpistet ja 4-etapiline n\u00f6\u00f6pauk  4-etapiline n\u00f6\u00f6pauk Kerge niidistus","og_url":"https:\/\/reginett.ee\/toode\/omblusmasin-singer-simple-3210\/","og_site_name":"Reginett","article_modified_time":"2021-01-12T12:36:06+00:00","og_image":[{"width":360,"height":298,"url":"https:\/\/reginett.ee\/wp-content\/uploads\/2020\/12\/Singer-Simple-3210.jpg","type":"image\/jpeg"}],"twitter_card":"summary_large_image","twitter_misc":{"\u041f\u0440\u0438\u043c\u0435\u0440\u043d\u043e\u0435 \u0432\u0440\u0435\u043c\u044f \u0434\u043b\u044f \u0447\u0442\u0435\u043d\u0438\u044f":"1 \u043c\u0438\u043d\u0443\u0442\u0430"},"schema":{"@context":"https:\/\/schema.org","@graph":[{"@type":"WebPage","@id":"https:\/\/reginett.ee\/toode\/omblusmasin-singer-simple-3210\/","url":"https:\/\/reginett.ee\/toode\/omblusmasin-singer-simple-3210\/","name":"\u00d5mblusmasin Singer Simple 3210 - Reginett","isPartOf":{"@id":"https:\/\/reginett.ee\/#website"},"primaryImageOfPage":{"@id":"https:\/\/reginett.ee\/toode\/omblusmasin-singer-simple-3210\/#primaryimage"},"image":{"@id":"https:\/\/reginett.ee\/toode\/omblusmasin-singer-simple-3210\/#primaryimage"},"thumbnailUrl":"https:\/\/reginett.ee\/wp-content\/uploads\/2020\/12\/Singer-Simple-3210.jpg","datePublished":"2020-10-18T12:42:15+00:00","dateModified":"2021-01-12T12:36:06+00:00","breadcrumb":{"@id":"https:\/\/reginett.ee\/toode\/omblusmasin-singer-simple-3210\/#breadcrumb"},"inLanguage":"ru-RU","potentialAction":[{"@type":"ReadAction","target":["https:\/\/reginett.ee\/toode\/omblusmasin-singer-simple-3210\/"]}]},{"@type":"ImageObject","inLanguage":"ru-RU","@id":"https:\/\/reginett.ee\/toode\/omblusmasin-singer-simple-3210\/#primaryimage","url":"https:\/\/reginett.ee\/wp-content\/uploads\/2020\/12\/Singer-Simple-3210.jpg","contentUrl":"https:\/\/reginett.ee\/wp-content\/uploads\/2020\/12\/Singer-Simple-3210.jpg","width":360,"height":298,"caption":"Singer Simple 3210"},{"@type":"BreadcrumbList","@id":"https:\/\/reginett.ee\/toode\/omblusmasin-singer-simple-3210\/#breadcrumb","itemListElement":[{"@type":"ListItem","position":1,"name":"Home","item":"https:\/\/reginett.ee\/ru\/"},{"@type":"ListItem","position":2,"name":"Tooted","item":"https:\/\/reginett.ee\/tooted\/"},{"@type":"ListItem","position":3,"name":"\u00d5mblusmasin Singer Simple 3210"}]},{"@type":"WebSite","@id":"https:\/\/reginett.ee\/#website","url":"https:\/\/reginett.ee\/","name":"Reginett","description":"Parimad robotniidukid","potentialAction":[{"@type":"SearchAction","target":{"@type":"EntryPoint","urlTemplate":"https:\/\/reginett.ee\/?s={search_term_string}"},"query-input":{"@type":"PropertyValueSpecification","valueRequired":true,"valueName":"search_term_string"}}],"inLanguage":"ru-RU"}]}},"brands":[],"_links":{"self":[{"href":"https:\/\/reginett.ee\/ru\/wp-json\/wp\/v2\/product\/52958","targetHints":{"allow":["GET"]}}],"collection":[{"href":"https:\/\/reginett.ee\/ru\/wp-json\/wp\/v2\/product"}],"about":[{"href":"https:\/\/reginett.ee\/ru\/wp-json\/wp\/v2\/types\/product"}],"replies":[{"embeddable":true,"href":"https:\/\/reginett.ee\/ru\/wp-json\/wp\/v2\/comments?post=52958"}],"wp:featuredmedia":[{"embeddable":true,"href":"https:\/\/reginett.ee\/ru\/wp-json\/wp\/v2\/media\/52959"}],"wp:attachment":[{"href":"https:\/\/reginett.ee\/ru\/wp-json\/wp\/v2\/media?parent=52958"}],"wp:term":[{"taxonomy":"pwb-brand","embeddable":true,"href":"https:\/\/reginett.ee\/ru\/wp-json\/wp\/v2\/pwb-brand?post=52958"},{"taxonomy":"product_brand","embeddable":true,"href":"https:\/\/reginett.ee\/ru\/wp-json\/wp\/v2\/product_brand?post=52958"},{"taxonomy":"product_cat","embeddable":true,"href":"https:\/\/reginett.ee\/ru\/wp-json\/wp\/v2\/product_cat?post=52958"},{"taxonomy":"product_tag","embeddable":true,"href":"https:\/\/reginett.ee\/ru\/wp-json\/wp\/v2\/product_tag?post=52958"}],"curies":[{"name":"wp","href":"https:\/\/api.w.org\/{rel}","templated":true}]}}