{"id":52879,"date":"2023-11-23T10:10:31","date_gmt":"2023-11-23T07:10:31","guid":{"rendered":"https:\/\/reginett.ee\/?post_type=product&#038;p=52879"},"modified":"2026-02-27T11:46:49","modified_gmt":"2026-02-27T08:46:49","slug":"robotniiduk-al-ko-robolinho-550","status":"publish","type":"product","link":"https:\/\/reginett.ee\/ru\/toode\/robotniiduk-al-ko-robolinho-550\/","title":{"rendered":"Robotniiduk AL-KO Robolinho 550"},"content":{"rendered":"<p>AL-KO Robolinho 550- sobiv robotniiduk kuni 500 m2 koduaia jaoks. See on automaatniiduk, mis \u00fchendab endas Austria kvaliteedi ja Saksa t\u00e4psuse. T\u00e4isautomaatne, iset\u00f6\u00f6tav ja vaikne\u2013 just selline on muruniidukite uue p\u00f5lvkonna esindaja. Sobib v\u00e4ikesesse ja lihtsasse koduaeda.<\/p>\n<p>Komplektis 100m piirdekaablit.<\/p>\n<p><img loading=\"lazy\" decoding=\"async\" class=\"alignnone size-full wp-image-10674\" src=\"https:\/\/reginett.ee\/wp-content\/uploads\/2018\/11\/SaksaAustria.jpg\" alt=\"\" width=\"150\" height=\"100\" \/><\/p>\n","protected":false},"excerpt":{"rendered":"<p>AL-KO Robolinho 550- sobiv robotniiduk kuni 500 m2 koduaia jaoks. See on automaatniiduk, mis \u00fchendab endas Austria kvaliteedi ja Saksa t\u00e4psuse. T\u00e4isautomaatne, iset\u00f6\u00f6tav ja vaikne\u2013 just selline on muruniidukite uue p\u00f5lvkonna esindaja.<\/p>\n","protected":false},"featured_media":63239,"comment_status":"open","ping_status":"closed","template":"","meta":{"_acf_changed":false,"_et_pb_use_builder":"","_et_pb_old_content":"","_et_gb_content_width":"","inline_featured_image":false},"pwb-brand":[254],"product_brand":[],"product_cat":[150,134,19],"product_tag":[243,244,44],"class_list":{"0":"post-52879","1":"product","2":"type-product","3":"status-publish","4":"has-post-thumbnail","6":"pwb-brand-al-ko","7":"product_cat-alko","8":"product_cat-eripakkumised","9":"product_cat-robotniidukid","10":"product_tag-automaatniiduk","11":"product_tag-robot","12":"product_tag-robotniiduk","14":"first","15":"outofstock","16":"sale","17":"shipping-taxable","18":"purchasable","19":"product-type-simple"},"acf":[],"yoast_head":"<!-- This site is optimized with the Yoast SEO plugin v26.6 - https:\/\/yoast.com\/wordpress\/plugins\/seo\/ -->\n<title>Robotniiduk AL-KO Robolinho 500E. Soodne robotniiduk Reginetist<\/title>\n<meta name=\"description\" content=\"AL-KO Robolinho 550- sobiv robotniiduk kuni 500 m2 koduaia jaoks. See on automaatniiduk, mis \u00fchendab endas Austria kvaliteedi\" \/>\n<meta name=\"robots\" content=\"index, follow, max-snippet:-1, max-image-preview:large, max-video-preview:-1\" \/>\n<link rel=\"canonical\" href=\"https:\/\/reginett.ee\/toode\/robotniiduk-al-ko-robolinho-550\/\" \/>\n<meta property=\"og:locale\" content=\"ru_RU\" \/>\n<meta property=\"og:type\" content=\"article\" \/>\n<meta property=\"og:title\" content=\"Robotniiduk AL-KO Robolinho 500E. Soodne robotniiduk Reginetist\" \/>\n<meta property=\"og:description\" content=\"AL-KO Robolinho 550- sobiv robotniiduk kuni 500 m2 koduaia jaoks. See on automaatniiduk, mis \u00fchendab endas Austria kvaliteedi\" \/>\n<meta property=\"og:url\" content=\"https:\/\/reginett.ee\/toode\/robotniiduk-al-ko-robolinho-550\/\" \/>\n<meta property=\"og:site_name\" content=\"Reginett\" \/>\n<meta property=\"article:modified_time\" content=\"2026-02-27T08:46:49+00:00\" \/>\n<meta property=\"og:image\" content=\"https:\/\/reginett.ee\/wp-content\/uploads\/2023\/07\/Robotniiduk-AL-KO-Robolinho-550-Reginett.jpg\" \/>\n\t<meta property=\"og:image:width\" content=\"800\" \/>\n\t<meta property=\"og:image:height\" content=\"800\" \/>\n\t<meta property=\"og:image:type\" content=\"image\/jpeg\" \/>\n<meta name=\"twitter:card\" content=\"summary_large_image\" \/>\n<meta name=\"twitter:label1\" content=\"\u041f\u0440\u0438\u043c\u0435\u0440\u043d\u043e\u0435 \u0432\u0440\u0435\u043c\u044f \u0434\u043b\u044f \u0447\u0442\u0435\u043d\u0438\u044f\" \/>\n\t<meta name=\"twitter:data1\" content=\"1 \u043c\u0438\u043d\u0443\u0442\u0430\" \/>\n<script type=\"application\/ld+json\" class=\"yoast-schema-graph\">{\"@context\":\"https:\/\/schema.org\",\"@graph\":[{\"@type\":\"WebPage\",\"@id\":\"https:\/\/reginett.ee\/toode\/robotniiduk-al-ko-robolinho-550\/\",\"url\":\"https:\/\/reginett.ee\/toode\/robotniiduk-al-ko-robolinho-550\/\",\"name\":\"Robotniiduk AL-KO Robolinho 500E. Soodne robotniiduk Reginetist\",\"isPartOf\":{\"@id\":\"https:\/\/reginett.ee\/#website\"},\"primaryImageOfPage\":{\"@id\":\"https:\/\/reginett.ee\/toode\/robotniiduk-al-ko-robolinho-550\/#primaryimage\"},\"image\":{\"@id\":\"https:\/\/reginett.ee\/toode\/robotniiduk-al-ko-robolinho-550\/#primaryimage\"},\"thumbnailUrl\":\"https:\/\/reginett.ee\/wp-content\/uploads\/2023\/07\/Robotniiduk-AL-KO-Robolinho-550-Reginett.jpg\",\"datePublished\":\"2023-11-23T07:10:31+00:00\",\"dateModified\":\"2026-02-27T08:46:49+00:00\",\"description\":\"AL-KO Robolinho 550- sobiv robotniiduk kuni 500 m2 koduaia jaoks. See on automaatniiduk, mis \u00fchendab endas Austria kvaliteedi\",\"breadcrumb\":{\"@id\":\"https:\/\/reginett.ee\/toode\/robotniiduk-al-ko-robolinho-550\/#breadcrumb\"},\"inLanguage\":\"ru-RU\",\"potentialAction\":[{\"@type\":\"ReadAction\",\"target\":[\"https:\/\/reginett.ee\/toode\/robotniiduk-al-ko-robolinho-550\/\"]}]},{\"@type\":\"ImageObject\",\"inLanguage\":\"ru-RU\",\"@id\":\"https:\/\/reginett.ee\/toode\/robotniiduk-al-ko-robolinho-550\/#primaryimage\",\"url\":\"https:\/\/reginett.ee\/wp-content\/uploads\/2023\/07\/Robotniiduk-AL-KO-Robolinho-550-Reginett.jpg\",\"contentUrl\":\"https:\/\/reginett.ee\/wp-content\/uploads\/2023\/07\/Robotniiduk-AL-KO-Robolinho-550-Reginett.jpg\",\"width\":800,\"height\":800},{\"@type\":\"BreadcrumbList\",\"@id\":\"https:\/\/reginett.ee\/toode\/robotniiduk-al-ko-robolinho-550\/#breadcrumb\",\"itemListElement\":[{\"@type\":\"ListItem\",\"position\":1,\"name\":\"Home\",\"item\":\"https:\/\/reginett.ee\/ru\/\"},{\"@type\":\"ListItem\",\"position\":2,\"name\":\"Tooted\",\"item\":\"https:\/\/reginett.ee\/tooted\/\"},{\"@type\":\"ListItem\",\"position\":3,\"name\":\"Robotniiduk AL-KO Robolinho 550\"}]},{\"@type\":\"WebSite\",\"@id\":\"https:\/\/reginett.ee\/#website\",\"url\":\"https:\/\/reginett.ee\/\",\"name\":\"Reginett\",\"description\":\"Parimad robotniidukid\",\"potentialAction\":[{\"@type\":\"SearchAction\",\"target\":{\"@type\":\"EntryPoint\",\"urlTemplate\":\"https:\/\/reginett.ee\/?s={search_term_string}\"},\"query-input\":{\"@type\":\"PropertyValueSpecification\",\"valueRequired\":true,\"valueName\":\"search_term_string\"}}],\"inLanguage\":\"ru-RU\"}]}<\/script>\n<!-- \/ Yoast SEO plugin. -->","yoast_head_json":{"title":"Robotniiduk AL-KO Robolinho 500E. Soodne robotniiduk Reginetist","description":"AL-KO Robolinho 550- sobiv robotniiduk kuni 500 m2 koduaia jaoks. See on automaatniiduk, mis \u00fchendab endas Austria kvaliteedi","robots":{"index":"index","follow":"follow","max-snippet":"max-snippet:-1","max-image-preview":"max-image-preview:large","max-video-preview":"max-video-preview:-1"},"canonical":"https:\/\/reginett.ee\/toode\/robotniiduk-al-ko-robolinho-550\/","og_locale":"ru_RU","og_type":"article","og_title":"Robotniiduk AL-KO Robolinho 500E. Soodne robotniiduk Reginetist","og_description":"AL-KO Robolinho 550- sobiv robotniiduk kuni 500 m2 koduaia jaoks. See on automaatniiduk, mis \u00fchendab endas Austria kvaliteedi","og_url":"https:\/\/reginett.ee\/toode\/robotniiduk-al-ko-robolinho-550\/","og_site_name":"Reginett","article_modified_time":"2026-02-27T08:46:49+00:00","og_image":[{"width":800,"height":800,"url":"https:\/\/reginett.ee\/wp-content\/uploads\/2023\/07\/Robotniiduk-AL-KO-Robolinho-550-Reginett.jpg","type":"image\/jpeg"}],"twitter_card":"summary_large_image","twitter_misc":{"\u041f\u0440\u0438\u043c\u0435\u0440\u043d\u043e\u0435 \u0432\u0440\u0435\u043c\u044f \u0434\u043b\u044f \u0447\u0442\u0435\u043d\u0438\u044f":"1 \u043c\u0438\u043d\u0443\u0442\u0430"},"schema":{"@context":"https:\/\/schema.org","@graph":[{"@type":"WebPage","@id":"https:\/\/reginett.ee\/toode\/robotniiduk-al-ko-robolinho-550\/","url":"https:\/\/reginett.ee\/toode\/robotniiduk-al-ko-robolinho-550\/","name":"Robotniiduk AL-KO Robolinho 500E. Soodne robotniiduk Reginetist","isPartOf":{"@id":"https:\/\/reginett.ee\/#website"},"primaryImageOfPage":{"@id":"https:\/\/reginett.ee\/toode\/robotniiduk-al-ko-robolinho-550\/#primaryimage"},"image":{"@id":"https:\/\/reginett.ee\/toode\/robotniiduk-al-ko-robolinho-550\/#primaryimage"},"thumbnailUrl":"https:\/\/reginett.ee\/wp-content\/uploads\/2023\/07\/Robotniiduk-AL-KO-Robolinho-550-Reginett.jpg","datePublished":"2023-11-23T07:10:31+00:00","dateModified":"2026-02-27T08:46:49+00:00","description":"AL-KO Robolinho 550- sobiv robotniiduk kuni 500 m2 koduaia jaoks. See on automaatniiduk, mis \u00fchendab endas Austria kvaliteedi","breadcrumb":{"@id":"https:\/\/reginett.ee\/toode\/robotniiduk-al-ko-robolinho-550\/#breadcrumb"},"inLanguage":"ru-RU","potentialAction":[{"@type":"ReadAction","target":["https:\/\/reginett.ee\/toode\/robotniiduk-al-ko-robolinho-550\/"]}]},{"@type":"ImageObject","inLanguage":"ru-RU","@id":"https:\/\/reginett.ee\/toode\/robotniiduk-al-ko-robolinho-550\/#primaryimage","url":"https:\/\/reginett.ee\/wp-content\/uploads\/2023\/07\/Robotniiduk-AL-KO-Robolinho-550-Reginett.jpg","contentUrl":"https:\/\/reginett.ee\/wp-content\/uploads\/2023\/07\/Robotniiduk-AL-KO-Robolinho-550-Reginett.jpg","width":800,"height":800},{"@type":"BreadcrumbList","@id":"https:\/\/reginett.ee\/toode\/robotniiduk-al-ko-robolinho-550\/#breadcrumb","itemListElement":[{"@type":"ListItem","position":1,"name":"Home","item":"https:\/\/reginett.ee\/ru\/"},{"@type":"ListItem","position":2,"name":"Tooted","item":"https:\/\/reginett.ee\/tooted\/"},{"@type":"ListItem","position":3,"name":"Robotniiduk AL-KO Robolinho 550"}]},{"@type":"WebSite","@id":"https:\/\/reginett.ee\/#website","url":"https:\/\/reginett.ee\/","name":"Reginett","description":"Parimad robotniidukid","potentialAction":[{"@type":"SearchAction","target":{"@type":"EntryPoint","urlTemplate":"https:\/\/reginett.ee\/?s={search_term_string}"},"query-input":{"@type":"PropertyValueSpecification","valueRequired":true,"valueName":"search_term_string"}}],"inLanguage":"ru-RU"}]}},"brands":[{"id":254,"name":"AL-KO","slug":"al-ko"}],"_links":{"self":[{"href":"https:\/\/reginett.ee\/ru\/wp-json\/wp\/v2\/product\/52879","targetHints":{"allow":["GET"]}}],"collection":[{"href":"https:\/\/reginett.ee\/ru\/wp-json\/wp\/v2\/product"}],"about":[{"href":"https:\/\/reginett.ee\/ru\/wp-json\/wp\/v2\/types\/product"}],"replies":[{"embeddable":true,"href":"https:\/\/reginett.ee\/ru\/wp-json\/wp\/v2\/comments?post=52879"}],"wp:featuredmedia":[{"embeddable":true,"href":"https:\/\/reginett.ee\/ru\/wp-json\/wp\/v2\/media\/63239"}],"wp:attachment":[{"href":"https:\/\/reginett.ee\/ru\/wp-json\/wp\/v2\/media?parent=52879"}],"wp:term":[{"taxonomy":"pwb-brand","embeddable":true,"href":"https:\/\/reginett.ee\/ru\/wp-json\/wp\/v2\/pwb-brand?post=52879"},{"taxonomy":"product_brand","embeddable":true,"href":"https:\/\/reginett.ee\/ru\/wp-json\/wp\/v2\/product_brand?post=52879"},{"taxonomy":"product_cat","embeddable":true,"href":"https:\/\/reginett.ee\/ru\/wp-json\/wp\/v2\/product_cat?post=52879"},{"taxonomy":"product_tag","embeddable":true,"href":"https:\/\/reginett.ee\/ru\/wp-json\/wp\/v2\/product_tag?post=52879"}],"curies":[{"name":"wp","href":"https:\/\/api.w.org\/{rel}","templated":true}]}}