{"id":52861,"date":"2021-11-04T07:53:44","date_gmt":"2021-11-04T04:53:44","guid":{"rendered":"https:\/\/reginett.ee\/?post_type=product&#038;p=52861"},"modified":"2025-01-28T10:38:34","modified_gmt":"2025-01-28T07:38:34","slug":"keti-ja-plaadi-komplekt-husqvarna-13-325-13","status":"publish","type":"product","link":"https:\/\/reginett.ee\/ru\/toode\/keti-ja-plaadi-komplekt-husqvarna-13-325-13\/","title":{"rendered":"Keti ja plaadi komplekt Husqvarna 13&#8243; .325 1,3"},"content":{"rendered":"<p>Komplektis juhtplaat X-force\u00a0 ja kaks X-cut saeketti.<\/p>\n<p>Suurem vastupidavus, kergem kaal ja suurep\u00e4rased l\u00f5ikeomadused \u2013 uued Husqvarna X-Force juhtplaadid on v\u00e4lja t\u00f6\u00f6tatud just X-CUT ketiga t\u00f6\u00f6tamiseks, et tagada parim v\u00f5imalik j\u00f5udlus.<\/p>\n<p>X-CUT SP33G on Husqvarna enda poolt toodetud esimene saekett, mida toodetakse Rootsis, Huskvarna linnas asuvas uhiuues tehases.<\/p>\n<p>593 14 05-01<\/p>\n<p>&nbsp;<\/p>\n","protected":false},"excerpt":{"rendered":"<p>Komplektis juhtplaat X-force\u00a0 ja kaks X-cut saeketti.<\/p>\n","protected":false},"featured_media":52869,"comment_status":"open","ping_status":"closed","template":"","meta":{"_acf_changed":false,"_et_pb_use_builder":"","_et_pb_old_content":"","_et_gb_content_width":"","inline_featured_image":false},"pwb-brand":[147],"product_brand":[],"product_cat":[37,27],"product_tag":[184,180,183,181,61,186,185],"class_list":{"0":"post-52861","1":"product","2":"type-product","3":"status-publish","4":"has-post-thumbnail","6":"pwb-brand-husqvarna","7":"product_cat-husqvarna","8":"product_cat-tooriistad-ja-tarvikud","9":"product_tag-husqvarna-kett","10":"product_tag-juhtplaat","11":"product_tag-kett","12":"product_tag-kett-ja-plaat","13":"product_tag-kettsaag","14":"product_tag-x-cut","15":"product_tag-xcut","17":"first","18":"outofstock","19":"sale","20":"shipping-taxable","21":"purchasable","22":"product-type-simple"},"acf":[],"yoast_head":"<!-- This site is optimized with the Yoast SEO plugin v26.6 - https:\/\/yoast.com\/wordpress\/plugins\/seo\/ -->\n<title>Keti ja plaadi komplekt Husqvarna 13&quot; 325 1,3. Husqvarna saeketid<\/title>\n<meta name=\"description\" content=\"Komplektis juhtplaat X-force\u00a0 ja kaks X-cut saeketti.Suurem vastupidavus, kergem kaal ja suurep\u00e4rased l\u00f5ikeomadused \u2013 uued Husqvarna X-Force\" \/>\n<meta name=\"robots\" content=\"index, follow, max-snippet:-1, max-image-preview:large, max-video-preview:-1\" \/>\n<link rel=\"canonical\" href=\"https:\/\/reginett.ee\/toode\/keti-ja-plaadi-komplekt-husqvarna-13-325-13\/\" \/>\n<meta property=\"og:locale\" content=\"ru_RU\" \/>\n<meta property=\"og:type\" content=\"article\" \/>\n<meta property=\"og:title\" content=\"Keti ja plaadi komplekt Husqvarna 13&quot; 325 1,3. Husqvarna saeketid\" \/>\n<meta property=\"og:description\" content=\"Komplektis juhtplaat X-force\u00a0 ja kaks X-cut saeketti.Suurem vastupidavus, kergem kaal ja suurep\u00e4rased l\u00f5ikeomadused \u2013 uued Husqvarna X-Force\" \/>\n<meta property=\"og:url\" content=\"https:\/\/reginett.ee\/toode\/keti-ja-plaadi-komplekt-husqvarna-13-325-13\/\" \/>\n<meta property=\"og:site_name\" content=\"Reginett\" \/>\n<meta property=\"article:modified_time\" content=\"2025-01-28T07:38:34+00:00\" \/>\n<meta property=\"og:image\" content=\"https:\/\/reginett.ee\/wp-content\/uploads\/2020\/11\/Juhtplaat-ja-ketid.jpg\" \/>\n\t<meta property=\"og:image:width\" content=\"680\" \/>\n\t<meta property=\"og:image:height\" content=\"372\" \/>\n\t<meta property=\"og:image:type\" content=\"image\/jpeg\" \/>\n<meta name=\"twitter:card\" content=\"summary_large_image\" \/>\n<meta name=\"twitter:label1\" content=\"\u041f\u0440\u0438\u043c\u0435\u0440\u043d\u043e\u0435 \u0432\u0440\u0435\u043c\u044f \u0434\u043b\u044f \u0447\u0442\u0435\u043d\u0438\u044f\" \/>\n\t<meta name=\"twitter:data1\" content=\"1 \u043c\u0438\u043d\u0443\u0442\u0430\" \/>\n<script type=\"application\/ld+json\" class=\"yoast-schema-graph\">{\"@context\":\"https:\/\/schema.org\",\"@graph\":[{\"@type\":\"WebPage\",\"@id\":\"https:\/\/reginett.ee\/toode\/keti-ja-plaadi-komplekt-husqvarna-13-325-13\/\",\"url\":\"https:\/\/reginett.ee\/toode\/keti-ja-plaadi-komplekt-husqvarna-13-325-13\/\",\"name\":\"Keti ja plaadi komplekt Husqvarna 13\\\" 325 1,3. Husqvarna saeketid\",\"isPartOf\":{\"@id\":\"https:\/\/reginett.ee\/#website\"},\"primaryImageOfPage\":{\"@id\":\"https:\/\/reginett.ee\/toode\/keti-ja-plaadi-komplekt-husqvarna-13-325-13\/#primaryimage\"},\"image\":{\"@id\":\"https:\/\/reginett.ee\/toode\/keti-ja-plaadi-komplekt-husqvarna-13-325-13\/#primaryimage\"},\"thumbnailUrl\":\"https:\/\/reginett.ee\/wp-content\/uploads\/2020\/11\/Juhtplaat-ja-ketid.jpg\",\"datePublished\":\"2021-11-04T04:53:44+00:00\",\"dateModified\":\"2025-01-28T07:38:34+00:00\",\"description\":\"Komplektis juhtplaat X-force\u00a0 ja kaks X-cut saeketti.Suurem vastupidavus, kergem kaal ja suurep\u00e4rased l\u00f5ikeomadused \u2013 uued Husqvarna X-Force\",\"breadcrumb\":{\"@id\":\"https:\/\/reginett.ee\/toode\/keti-ja-plaadi-komplekt-husqvarna-13-325-13\/#breadcrumb\"},\"inLanguage\":\"ru-RU\",\"potentialAction\":[{\"@type\":\"ReadAction\",\"target\":[\"https:\/\/reginett.ee\/toode\/keti-ja-plaadi-komplekt-husqvarna-13-325-13\/\"]}]},{\"@type\":\"ImageObject\",\"inLanguage\":\"ru-RU\",\"@id\":\"https:\/\/reginett.ee\/toode\/keti-ja-plaadi-komplekt-husqvarna-13-325-13\/#primaryimage\",\"url\":\"https:\/\/reginett.ee\/wp-content\/uploads\/2020\/11\/Juhtplaat-ja-ketid.jpg\",\"contentUrl\":\"https:\/\/reginett.ee\/wp-content\/uploads\/2020\/11\/Juhtplaat-ja-ketid.jpg\",\"width\":680,\"height\":372},{\"@type\":\"BreadcrumbList\",\"@id\":\"https:\/\/reginett.ee\/toode\/keti-ja-plaadi-komplekt-husqvarna-13-325-13\/#breadcrumb\",\"itemListElement\":[{\"@type\":\"ListItem\",\"position\":1,\"name\":\"Home\",\"item\":\"https:\/\/reginett.ee\/ru\/\"},{\"@type\":\"ListItem\",\"position\":2,\"name\":\"Tooted\",\"item\":\"https:\/\/reginett.ee\/tooted\/\"},{\"@type\":\"ListItem\",\"position\":3,\"name\":\"Keti ja plaadi komplekt Husqvarna 13&#8243; .325 1,3\"}]},{\"@type\":\"WebSite\",\"@id\":\"https:\/\/reginett.ee\/#website\",\"url\":\"https:\/\/reginett.ee\/\",\"name\":\"Reginett\",\"description\":\"Parimad robotniidukid\",\"potentialAction\":[{\"@type\":\"SearchAction\",\"target\":{\"@type\":\"EntryPoint\",\"urlTemplate\":\"https:\/\/reginett.ee\/?s={search_term_string}\"},\"query-input\":{\"@type\":\"PropertyValueSpecification\",\"valueRequired\":true,\"valueName\":\"search_term_string\"}}],\"inLanguage\":\"ru-RU\"}]}<\/script>\n<!-- \/ Yoast SEO plugin. -->","yoast_head_json":{"title":"Keti ja plaadi komplekt Husqvarna 13\" 325 1,3. Husqvarna saeketid","description":"Komplektis juhtplaat X-force\u00a0 ja kaks X-cut saeketti.Suurem vastupidavus, kergem kaal ja suurep\u00e4rased l\u00f5ikeomadused \u2013 uued Husqvarna X-Force","robots":{"index":"index","follow":"follow","max-snippet":"max-snippet:-1","max-image-preview":"max-image-preview:large","max-video-preview":"max-video-preview:-1"},"canonical":"https:\/\/reginett.ee\/toode\/keti-ja-plaadi-komplekt-husqvarna-13-325-13\/","og_locale":"ru_RU","og_type":"article","og_title":"Keti ja plaadi komplekt Husqvarna 13\" 325 1,3. Husqvarna saeketid","og_description":"Komplektis juhtplaat X-force\u00a0 ja kaks X-cut saeketti.Suurem vastupidavus, kergem kaal ja suurep\u00e4rased l\u00f5ikeomadused \u2013 uued Husqvarna X-Force","og_url":"https:\/\/reginett.ee\/toode\/keti-ja-plaadi-komplekt-husqvarna-13-325-13\/","og_site_name":"Reginett","article_modified_time":"2025-01-28T07:38:34+00:00","og_image":[{"width":680,"height":372,"url":"https:\/\/reginett.ee\/wp-content\/uploads\/2020\/11\/Juhtplaat-ja-ketid.jpg","type":"image\/jpeg"}],"twitter_card":"summary_large_image","twitter_misc":{"\u041f\u0440\u0438\u043c\u0435\u0440\u043d\u043e\u0435 \u0432\u0440\u0435\u043c\u044f \u0434\u043b\u044f \u0447\u0442\u0435\u043d\u0438\u044f":"1 \u043c\u0438\u043d\u0443\u0442\u0430"},"schema":{"@context":"https:\/\/schema.org","@graph":[{"@type":"WebPage","@id":"https:\/\/reginett.ee\/toode\/keti-ja-plaadi-komplekt-husqvarna-13-325-13\/","url":"https:\/\/reginett.ee\/toode\/keti-ja-plaadi-komplekt-husqvarna-13-325-13\/","name":"Keti ja plaadi komplekt Husqvarna 13\" 325 1,3. Husqvarna saeketid","isPartOf":{"@id":"https:\/\/reginett.ee\/#website"},"primaryImageOfPage":{"@id":"https:\/\/reginett.ee\/toode\/keti-ja-plaadi-komplekt-husqvarna-13-325-13\/#primaryimage"},"image":{"@id":"https:\/\/reginett.ee\/toode\/keti-ja-plaadi-komplekt-husqvarna-13-325-13\/#primaryimage"},"thumbnailUrl":"https:\/\/reginett.ee\/wp-content\/uploads\/2020\/11\/Juhtplaat-ja-ketid.jpg","datePublished":"2021-11-04T04:53:44+00:00","dateModified":"2025-01-28T07:38:34+00:00","description":"Komplektis juhtplaat X-force\u00a0 ja kaks X-cut saeketti.Suurem vastupidavus, kergem kaal ja suurep\u00e4rased l\u00f5ikeomadused \u2013 uued Husqvarna X-Force","breadcrumb":{"@id":"https:\/\/reginett.ee\/toode\/keti-ja-plaadi-komplekt-husqvarna-13-325-13\/#breadcrumb"},"inLanguage":"ru-RU","potentialAction":[{"@type":"ReadAction","target":["https:\/\/reginett.ee\/toode\/keti-ja-plaadi-komplekt-husqvarna-13-325-13\/"]}]},{"@type":"ImageObject","inLanguage":"ru-RU","@id":"https:\/\/reginett.ee\/toode\/keti-ja-plaadi-komplekt-husqvarna-13-325-13\/#primaryimage","url":"https:\/\/reginett.ee\/wp-content\/uploads\/2020\/11\/Juhtplaat-ja-ketid.jpg","contentUrl":"https:\/\/reginett.ee\/wp-content\/uploads\/2020\/11\/Juhtplaat-ja-ketid.jpg","width":680,"height":372},{"@type":"BreadcrumbList","@id":"https:\/\/reginett.ee\/toode\/keti-ja-plaadi-komplekt-husqvarna-13-325-13\/#breadcrumb","itemListElement":[{"@type":"ListItem","position":1,"name":"Home","item":"https:\/\/reginett.ee\/ru\/"},{"@type":"ListItem","position":2,"name":"Tooted","item":"https:\/\/reginett.ee\/tooted\/"},{"@type":"ListItem","position":3,"name":"Keti ja plaadi komplekt Husqvarna 13&#8243; .325 1,3"}]},{"@type":"WebSite","@id":"https:\/\/reginett.ee\/#website","url":"https:\/\/reginett.ee\/","name":"Reginett","description":"Parimad robotniidukid","potentialAction":[{"@type":"SearchAction","target":{"@type":"EntryPoint","urlTemplate":"https:\/\/reginett.ee\/?s={search_term_string}"},"query-input":{"@type":"PropertyValueSpecification","valueRequired":true,"valueName":"search_term_string"}}],"inLanguage":"ru-RU"}]}},"brands":[{"id":147,"name":"Husqvarna","slug":"husqvarna"}],"_links":{"self":[{"href":"https:\/\/reginett.ee\/ru\/wp-json\/wp\/v2\/product\/52861","targetHints":{"allow":["GET"]}}],"collection":[{"href":"https:\/\/reginett.ee\/ru\/wp-json\/wp\/v2\/product"}],"about":[{"href":"https:\/\/reginett.ee\/ru\/wp-json\/wp\/v2\/types\/product"}],"replies":[{"embeddable":true,"href":"https:\/\/reginett.ee\/ru\/wp-json\/wp\/v2\/comments?post=52861"}],"wp:featuredmedia":[{"embeddable":true,"href":"https:\/\/reginett.ee\/ru\/wp-json\/wp\/v2\/media\/52869"}],"wp:attachment":[{"href":"https:\/\/reginett.ee\/ru\/wp-json\/wp\/v2\/media?parent=52861"}],"wp:term":[{"taxonomy":"pwb-brand","embeddable":true,"href":"https:\/\/reginett.ee\/ru\/wp-json\/wp\/v2\/pwb-brand?post=52861"},{"taxonomy":"product_brand","embeddable":true,"href":"https:\/\/reginett.ee\/ru\/wp-json\/wp\/v2\/product_brand?post=52861"},{"taxonomy":"product_cat","embeddable":true,"href":"https:\/\/reginett.ee\/ru\/wp-json\/wp\/v2\/product_cat?post=52861"},{"taxonomy":"product_tag","embeddable":true,"href":"https:\/\/reginett.ee\/ru\/wp-json\/wp\/v2\/product_tag?post=52861"}],"curies":[{"name":"wp","href":"https:\/\/api.w.org\/{rel}","templated":true}]}}